{"id":127002,"date":"2018-07-10T15:51:00","date_gmt":"2018-07-10T15:51:00","guid":{"rendered":"https:\/\/www.trustedtranslations.com\/?page_id=127002"},"modified":"2023-05-09T23:49:00","modified_gmt":"2023-05-10T02:49:00","slug":"clientes","status":"publish","type":"page","link":"https:\/\/www.trustedtranslations.com\/es\/acerca-de-nosotros\/clientes","title":{"rendered":"Clientes"},"content":{"rendered":"\t\t<div data-elementor-type=\"wp-page\" data-elementor-id=\"127002\" class=\"elementor elementor-127002 elementor-630\" data-elementor-post-type=\"page\">\n\t\t\t\t\t\t<section class=\"elementor-section elementor-top-section elementor-element elementor-element-48e6f6fd elementor-section-boxed elementor-section-height-default elementor-section-height-default\" data-id=\"48e6f6fd\" data-element_type=\"section\" data-e-type=\"section\">\n\t\t\t\t\t\t<div class=\"elementor-container elementor-column-gap-default\">\n\t\t\t\t\t<div class=\"elementor-column elementor-col-100 elementor-top-column elementor-element elementor-element-6c3e0b1d\" data-id=\"6c3e0b1d\" data-element_type=\"column\" data-e-type=\"column\">\n\t\t\t<div class=\"elementor-widget-wrap elementor-element-populated\">\n\t\t\t\t\t\t<div class=\"elementor-element elementor-element-5b8bb9a9 elementor-widget elementor-widget-text-editor\" data-id=\"5b8bb9a9\" data-element_type=\"widget\" data-e-type=\"widget\" data-widget_type=\"text-editor.default\">\n\t\t\t\t\t\t\t\t\t<h1>Clientes<\/h1><p>Desde peque\u00f1as empresas hasta grandes multinacionales, <em><em><em><em>Trusted Translations<\/em><\/em><\/em>, Inc.<\/em> le ofrece a su organizaci\u00f3n una vasta experiencia. Estos son algunos de los clientes con los cuales trabaj\u00f3 nuestro equipo.<\/p><h2>Tiendas, Hoteler\u00eda y otros Servicios<\/h2><ul><li>A|X Armani Exchange<\/li><li>Airbus<\/li><li>Avon<\/li><li>Blue Parallel<\/li><li>Coca-Cola Enterprises<\/li><li>Delta Airlines<\/li><li>FedEx<\/li><li>Hilton Hotels<\/li><li>Kraft<\/li><li>Pizza Hut<\/li><li>Quiksilver<\/li><li>Sears Holdings<\/li><li>Ticketmaster<\/li><li>Toys R Us<\/li><li>Tristar Hotel<\/li><li>Wendy&#8217;s<\/li><\/ul><h2>Educaci\u00f3n \/ Ense\u00f1anza<\/h2><ul><li>Career Currency<\/li><li>Cornell University<\/li><li>Dartmouth University<\/li><li>Fordham University<\/li><li>Michigan State University<\/li><li>Northern Arizona University<\/li><li>The United Nations University<\/li><li>University Of Alabama<\/li><li>University Of Kansas<\/li><li>University Of Maryland<\/li><li>University Of Miami<\/li><li>University Of Michigan<\/li><li>University Of Mississippi<\/li><li>University Of New Mexico<\/li><li>University Of Oklahoma<\/li><li>University Of Rochester<\/li><li>Virginia Commonwealth University<\/li><\/ul><h2>Gobierno Federal, Estatal y Local<\/h2><ul><li>Federal Emergency Management Agency (FEMA)<\/li><li>National Aeronautics And Space Administration (NASA)<\/li><li>Miami-Dade County<\/li><li>State Of California<\/li><li>State Of Florida<\/li><li>State Of Nebraska<\/li><li>State Of New York<\/li><li>United States Army<\/li><li>United States Marine Corp<\/li><\/ul><h2>Servicios Financieros \/ Consultor\u00edas<\/h2><ul><li>ABN AMRO<\/li><li>Accenture<\/li><li>AIG<\/li><li>Bank Of America<\/li><li>Banco Santander Central Hispano<\/li><li>Citibank (Banamex USA)<\/li><li>Executive Financial Credit Services<\/li><li>John Hancock Financial Services<\/li><li>PricewaterhouseCoopers<\/li><li>Merrill Lynch<\/li><li>Metlife<\/li><li>Morgan Stanley<\/li><li>SunTrust Banks<\/li><li>Wells Fargo Insurance Services<\/li><\/ul><h2>Legal<\/h2><ul><li>Akin Gump Strauss Hauer &amp; Feld<\/li><li>Baker &amp; McKenzie<\/li><li>Crowell &amp; Moring<\/li><li>Fletcher, Heald &amp; Hildreth<\/li><li>Florida Department Of Law Enforcement<\/li><li>Gannon &amp; Cottrell<\/li><li>Gavin Law Offices<\/li><li>Greenberg Traurig<\/li><li>Habeas Corpus Resource Center<\/li><li>Hunton &amp; Williams<\/li><li>Lewis Tein<\/li><li>RM Attorneys At Law<\/li><\/ul><h2>Ciencias Biol\u00f3gicas, Salud y Seguro M\u00e9dico<\/h2><ul><li>American Society Of Plastic Surgeons<\/li><li>BASF<\/li><li>Baxter<\/li><li>CareFirst Of Maryland (Blue Cross\/Blue Shield)<\/li><li>Gen-Probe<\/li><li>Herbalife<\/li><li>Humana<\/li><li>Journal Of Bone And Joint Surgery<\/li><li>Massachusetts General Hospital<\/li><li>Pfizer<\/li><li>Synthon Pharmaceuticals<\/li><\/ul><h2>Medios de Comunicaci\u00f3n y Entretenimiento<\/h2><ul><li>ESPN<\/li><li>FIFA &#8211; F\u00e9d\u00e9ration Internationale De Football Association<\/li><li>FOX Video<\/li><li>Gen-Probe<\/li><li>Hispanic Communications Network<\/li><li>MGM Mirage<\/li><li>Sony Pictures<\/li><li>MGM Mirage<\/li><li>Time Warner<\/li><li>The Washington Post<\/li><li>Yahoo!<\/li><\/ul><h2>Industria Manufacturera \/ Software \/ Tecnolog\u00eda<\/h2><ul><li>Autodesk<\/li><li>BP<\/li><li>Chamco Industries<\/li><li>Evolvian<\/li><li>Fenner Dunlop Americas<\/li><li>GE Appliances<\/li><li>Goodman Global<\/li><li>GoPro<\/li><li>Huawei Technologies<\/li><li>International Business Machines (IBM)<\/li><li>Kyocera Mita America<\/li><li>L3 &#8211; Communications<\/li><li>Lockheed Martin<\/li><li>Siemens<\/li><li>SkyOnline<\/li><li>Sony Electronics<\/li><li>Toyota<\/li><li>Tucows<\/li><\/ul><h2>Organizaciones Sin Fines de Lucro<\/h2><ul><li>American Trucking Association<\/li><li>American Health Assistance Foundation<\/li><li>Catholic Charities Adoption Services<\/li><li>Children&#8217;s Neuroblastoma Cancer Foundation<\/li><li>Global Fund For Children<\/li><li>Girl Scouts &#8211; Great Valley Council<\/li><li>Higher Education For Development<\/li><li>International House Of Blues Foundation<\/li><li>National 4-H Council<\/li><li>National MS Society<\/li><li>Pan American Development Foundation<\/li><li>Prevent Blindness America<\/li><li>Salvation Army<\/li><li>Smithsonian<\/li><li>The GreenTeam Environmental Group<\/li><\/ul>\t\t\t\t\t\t\t\t<\/div>\n\t\t\t\t\t<\/div>\n\t\t<\/div>\n\t\t\t\t\t<\/div>\n\t\t<\/section>\n\t\t\t\t<\/div>\n\t\t","protected":false},"excerpt":{"rendered":"Clientes Desde peque\u00f1as empresas hasta grandes multinacionales, Trusted Translations le ofrece a su organizaci\u00f3n una vasta experiencia. Estos son algunos de los clientes con los cuales trabaj\u00f3 nuestro equipo. Tiendas,\u2026\n","protected":false},"author":1,"featured_media":139634,"parent":127176,"menu_order":0,"comment_status":"closed","ping_status":"closed","template":"","meta":{"site-sidebar-layout":"default","site-content-layout":"default","ast-site-content-layout":"default","site-content-style":"default","site-sidebar-style":"default","ast-global-header-display":"","ast-banner-title-visibility":"","ast-main-header-display":"","ast-hfb-above-header-display":"","ast-hfb-below-header-display":"","ast-hfb-mobile-header-display":"","site-post-title":"disabled","ast-breadcrumbs-content":"","ast-featured-img":"","footer-sml-layout":"","ast-disable-related-posts":"","theme-transparent-header-meta":"","adv-header-id-meta":null,"stick-header-meta":null,"header-above-stick-meta":null,"header-main-stick-meta":null,"header-below-stick-meta":null,"astra-migrate-meta-layouts":"default","ast-page-background-enabled":"default","ast-page-background-meta":{"desktop":{"background-color":"var(--ast-global-color-4)","background-image":"","background-repeat":"repeat","background-position":"center center","background-size":"auto","background-attachment":"scroll","background-type":"","background-media":"","overlay-type":"","overlay-color":"","overlay-opacity":"","overlay-gradient":""},"tablet":{"background-color":"","background-image":"","background-repeat":"repeat","background-position":"center center","background-size":"auto","background-attachment":"scroll","background-type":"","background-media":"","overlay-type":"","overlay-color":"","overlay-opacity":"","overlay-gradient":""},"mobile":{"background-color":"","background-image":"","background-repeat":"repeat","background-position":"center center","background-size":"auto","background-attachment":"scroll","background-type":"","background-media":"","overlay-type":"","overlay-color":"","overlay-opacity":"","overlay-gradient":""}},"ast-content-background-meta":{"desktop":{"background-color":"var(--ast-global-color-5)","background-image":"","background-repeat":"repeat","background-position":"center center","background-size":"auto","background-attachment":"scroll","background-type":"","background-media":"","overlay-type":"","overlay-color":"","overlay-opacity":"","overlay-gradient":""},"tablet":{"background-color":"var(--ast-global-color-5)","background-image":"","background-repeat":"repeat","background-position":"center center","background-size":"auto","background-attachment":"scroll","background-type":"","background-media":"","overlay-type":"","overlay-color":"","overlay-opacity":"","overlay-gradient":""},"mobile":{"background-color":"var(--ast-global-color-5)","background-image":"","background-repeat":"repeat","background-position":"center center","background-size":"auto","background-attachment":"scroll","background-type":"","background-media":"","overlay-type":"","overlay-color":"","overlay-opacity":"","overlay-gradient":""}},"footnotes":""},"class_list":["post-127002","page","type-page","status-publish","has-post-thumbnail","hentry"],"yoast_head":"<!-- This site is optimized with the Yoast SEO plugin v27.5 - https:\/\/yoast.com\/product\/yoast-seo-wordpress\/ -->\n<title>Clientes que Conf\u00edan en Trusted Translations<\/title>\n<meta name=\"description\" content=\"A continuaci\u00f3n, se detallan algunos de los clientes que conf\u00edan en Trusted Translations Presupuesto o consulta sin cargo.\" \/>\n<meta name=\"robots\" content=\"index, follow, max-snippet:-1, max-image-preview:large, max-video-preview:-1\" \/>\n<link rel=\"canonical\" href=\"https:\/\/www.trustedtranslations.com\/es\/acerca-de-nosotros\/clientes\" \/>\n<meta property=\"og:locale\" content=\"es_ES\" \/>\n<meta property=\"og:type\" content=\"article\" \/>\n<meta property=\"og:title\" content=\"Clientes que Conf\u00edan en Trusted Translations\" \/>\n<meta property=\"og:description\" content=\"A continuaci\u00f3n, se detallan algunos de los clientes que conf\u00edan en Trusted Translations Presupuesto o consulta sin cargo.\" \/>\n<meta property=\"og:url\" content=\"https:\/\/www.trustedtranslations.com\/es\/acerca-de-nosotros\/clientes\" \/>\n<meta property=\"og:site_name\" content=\"Trusted Translations\" \/>\n<meta property=\"article:publisher\" content=\"https:\/\/www.facebook.com\/Trusted.Translations\" \/>\n<meta property=\"article:modified_time\" content=\"2023-05-10T02:49:00+00:00\" \/>\n<meta property=\"og:image\" content=\"https:\/\/static.trustedtranslations.com\/wp-content\/uploads\/2022\/03\/TT_NEW_FB-1.png\" \/>\n\t<meta property=\"og:image:width\" content=\"1038\" \/>\n\t<meta property=\"og:image:height\" content=\"1038\" \/>\n\t<meta property=\"og:image:type\" content=\"image\/png\" \/>\n<meta name=\"twitter:card\" content=\"summary_large_image\" \/>\n<meta name=\"twitter:site\" content=\"@TrustedT9ns\" \/>\n<script type=\"application\/ld+json\" class=\"yoast-schema-graph\">{\"@context\":\"https:\\\/\\\/schema.org\",\"@graph\":[{\"@type\":\"WebPage\",\"@id\":\"https:\\\/\\\/www.trustedtranslations.com\\\/es\\\/acerca-de-nosotros\\\/clientes\",\"url\":\"https:\\\/\\\/www.trustedtranslations.com\\\/es\\\/acerca-de-nosotros\\\/clientes\",\"name\":\"Clientes que Conf\u00edan en Trusted Translations\",\"isPartOf\":{\"@id\":\"https:\\\/\\\/www.trustedtranslations.com\\\/es\\\/#website\"},\"primaryImageOfPage\":{\"@id\":\"https:\\\/\\\/www.trustedtranslations.com\\\/es\\\/acerca-de-nosotros\\\/clientes#primaryimage\"},\"image\":{\"@id\":\"https:\\\/\\\/www.trustedtranslations.com\\\/es\\\/acerca-de-nosotros\\\/clientes#primaryimage\"},\"thumbnailUrl\":\"https:\\\/\\\/www.trustedtranslations.com\\\/wp-content\\\/uploads\\\/2022\\\/03\\\/TT_NEW_FB-1.png\",\"description\":\"A continuaci\u00f3n, se detallan algunos de los clientes que conf\u00edan en Trusted Translations Presupuesto o consulta sin cargo.\",\"breadcrumb\":{\"@id\":\"https:\\\/\\\/www.trustedtranslations.com\\\/es\\\/acerca-de-nosotros\\\/clientes#breadcrumb\"},\"inLanguage\":\"es\",\"potentialAction\":[{\"@type\":\"ReadAction\",\"target\":[\"https:\\\/\\\/www.trustedtranslations.com\\\/es\\\/acerca-de-nosotros\\\/clientes\"]}]},{\"@type\":\"ImageObject\",\"inLanguage\":\"es\",\"@id\":\"https:\\\/\\\/www.trustedtranslations.com\\\/es\\\/acerca-de-nosotros\\\/clientes#primaryimage\",\"url\":\"https:\\\/\\\/www.trustedtranslations.com\\\/wp-content\\\/uploads\\\/2022\\\/03\\\/TT_NEW_FB-1.png\",\"contentUrl\":\"https:\\\/\\\/www.trustedtranslations.com\\\/wp-content\\\/uploads\\\/2022\\\/03\\\/TT_NEW_FB-1.png\",\"width\":1038,\"height\":1038,\"caption\":\"TT NEW FB 1\"},{\"@type\":\"BreadcrumbList\",\"@id\":\"https:\\\/\\\/www.trustedtranslations.com\\\/es\\\/acerca-de-nosotros\\\/clientes#breadcrumb\",\"itemListElement\":[{\"@type\":\"ListItem\",\"position\":1,\"name\":\"Home\",\"item\":\"https:\\\/\\\/www.trustedtranslations.com\\\/es\"},{\"@type\":\"ListItem\",\"position\":2,\"name\":\"Acerca de Nosotros\",\"item\":\"https:\\\/\\\/www.trustedtranslations.com\\\/es\\\/acerca-de-nosotros\"},{\"@type\":\"ListItem\",\"position\":3,\"name\":\"Clientes\"}]},{\"@type\":\"WebSite\",\"@id\":\"https:\\\/\\\/www.trustedtranslations.com\\\/es\\\/#website\",\"url\":\"https:\\\/\\\/www.trustedtranslations.com\\\/es\\\/\",\"name\":\"Trusted Translations, Inc.\",\"description\":\"Leader in translation and interpretation services.\",\"publisher\":{\"@id\":\"https:\\\/\\\/www.trustedtranslations.com\\\/es\\\/#organization\"},\"alternateName\":\"Trusted Translations\",\"potentialAction\":[{\"@type\":\"SearchAction\",\"target\":{\"@type\":\"EntryPoint\",\"urlTemplate\":\"https:\\\/\\\/www.trustedtranslations.com\\\/es\\\/?s={search_term_string}\"},\"query-input\":{\"@type\":\"PropertyValueSpecification\",\"valueRequired\":true,\"valueName\":\"search_term_string\"}}],\"inLanguage\":\"es\"},{\"@type\":\"Organization\",\"@id\":\"https:\\\/\\\/www.trustedtranslations.com\\\/es\\\/#organization\",\"name\":\"Trusted Translations\",\"alternateName\":\"Trusted Translations, Inc.\",\"url\":\"https:\\\/\\\/www.trustedtranslations.com\\\/es\\\/\",\"logo\":{\"@type\":\"ImageObject\",\"inLanguage\":\"es\",\"@id\":\"https:\\\/\\\/www.trustedtranslations.com\\\/es\\\/#\\\/schema\\\/logo\\\/image\\\/\",\"url\":\"https:\\\/\\\/static.trustedtranslations.com\\\/wp-content\\\/uploads\\\/2022\\\/01\\\/TT_logo_WSIColors-2.png\",\"contentUrl\":\"https:\\\/\\\/static.trustedtranslations.com\\\/wp-content\\\/uploads\\\/2022\\\/01\\\/TT_logo_WSIColors-2.png\",\"width\":500,\"height\":196,\"caption\":\"Trusted Translations\"},\"image\":{\"@id\":\"https:\\\/\\\/www.trustedtranslations.com\\\/es\\\/#\\\/schema\\\/logo\\\/image\\\/\"},\"sameAs\":[\"https:\\\/\\\/www.facebook.com\\\/Trusted.Translations\",\"https:\\\/\\\/x.com\\\/TrustedT9ns\",\"https:\\\/\\\/www.linkedin.com\\\/company\\\/trusted-translations\"]}]}<\/script>\n<!-- \/ Yoast SEO plugin. -->","yoast_head_json":{"title":"Clientes que Conf\u00edan en Trusted Translations","description":"A continuaci\u00f3n, se detallan algunos de los clientes que conf\u00edan en Trusted Translations Presupuesto o consulta sin cargo.","robots":{"index":"index","follow":"follow","max-snippet":"max-snippet:-1","max-image-preview":"max-image-preview:large","max-video-preview":"max-video-preview:-1"},"canonical":"https:\/\/www.trustedtranslations.com\/es\/acerca-de-nosotros\/clientes","og_locale":"es_ES","og_type":"article","og_title":"Clientes que Conf\u00edan en Trusted Translations","og_description":"A continuaci\u00f3n, se detallan algunos de los clientes que conf\u00edan en Trusted Translations Presupuesto o consulta sin cargo.","og_url":"https:\/\/www.trustedtranslations.com\/es\/acerca-de-nosotros\/clientes","og_site_name":"Trusted Translations","article_publisher":"https:\/\/www.facebook.com\/Trusted.Translations","article_modified_time":"2023-05-10T02:49:00+00:00","og_image":[{"width":1038,"height":1038,"url":"https:\/\/static.trustedtranslations.com\/wp-content\/uploads\/2022\/03\/TT_NEW_FB-1.png","type":"image\/png"}],"twitter_card":"summary_large_image","twitter_site":"@TrustedT9ns","schema":{"@context":"https:\/\/schema.org","@graph":[{"@type":"WebPage","@id":"https:\/\/www.trustedtranslations.com\/es\/acerca-de-nosotros\/clientes","url":"https:\/\/www.trustedtranslations.com\/es\/acerca-de-nosotros\/clientes","name":"Clientes que Conf\u00edan en Trusted Translations","isPartOf":{"@id":"https:\/\/www.trustedtranslations.com\/es\/#website"},"primaryImageOfPage":{"@id":"https:\/\/www.trustedtranslations.com\/es\/acerca-de-nosotros\/clientes#primaryimage"},"image":{"@id":"https:\/\/www.trustedtranslations.com\/es\/acerca-de-nosotros\/clientes#primaryimage"},"thumbnailUrl":"https:\/\/www.trustedtranslations.com\/wp-content\/uploads\/2022\/03\/TT_NEW_FB-1.png","description":"A continuaci\u00f3n, se detallan algunos de los clientes que conf\u00edan en Trusted Translations Presupuesto o consulta sin cargo.","breadcrumb":{"@id":"https:\/\/www.trustedtranslations.com\/es\/acerca-de-nosotros\/clientes#breadcrumb"},"inLanguage":"es","potentialAction":[{"@type":"ReadAction","target":["https:\/\/www.trustedtranslations.com\/es\/acerca-de-nosotros\/clientes"]}]},{"@type":"ImageObject","inLanguage":"es","@id":"https:\/\/www.trustedtranslations.com\/es\/acerca-de-nosotros\/clientes#primaryimage","url":"https:\/\/www.trustedtranslations.com\/wp-content\/uploads\/2022\/03\/TT_NEW_FB-1.png","contentUrl":"https:\/\/www.trustedtranslations.com\/wp-content\/uploads\/2022\/03\/TT_NEW_FB-1.png","width":1038,"height":1038,"caption":"TT NEW FB 1"},{"@type":"BreadcrumbList","@id":"https:\/\/www.trustedtranslations.com\/es\/acerca-de-nosotros\/clientes#breadcrumb","itemListElement":[{"@type":"ListItem","position":1,"name":"Home","item":"https:\/\/www.trustedtranslations.com\/es"},{"@type":"ListItem","position":2,"name":"Acerca de Nosotros","item":"https:\/\/www.trustedtranslations.com\/es\/acerca-de-nosotros"},{"@type":"ListItem","position":3,"name":"Clientes"}]},{"@type":"WebSite","@id":"https:\/\/www.trustedtranslations.com\/es\/#website","url":"https:\/\/www.trustedtranslations.com\/es\/","name":"Trusted Translations, Inc.","description":"Leader in translation and interpretation services.","publisher":{"@id":"https:\/\/www.trustedtranslations.com\/es\/#organization"},"alternateName":"Trusted Translations","potentialAction":[{"@type":"SearchAction","target":{"@type":"EntryPoint","urlTemplate":"https:\/\/www.trustedtranslations.com\/es\/?s={search_term_string}"},"query-input":{"@type":"PropertyValueSpecification","valueRequired":true,"valueName":"search_term_string"}}],"inLanguage":"es"},{"@type":"Organization","@id":"https:\/\/www.trustedtranslations.com\/es\/#organization","name":"Trusted Translations","alternateName":"Trusted Translations, Inc.","url":"https:\/\/www.trustedtranslations.com\/es\/","logo":{"@type":"ImageObject","inLanguage":"es","@id":"https:\/\/www.trustedtranslations.com\/es\/#\/schema\/logo\/image\/","url":"https:\/\/static.trustedtranslations.com\/wp-content\/uploads\/2022\/01\/TT_logo_WSIColors-2.png","contentUrl":"https:\/\/static.trustedtranslations.com\/wp-content\/uploads\/2022\/01\/TT_logo_WSIColors-2.png","width":500,"height":196,"caption":"Trusted Translations"},"image":{"@id":"https:\/\/www.trustedtranslations.com\/es\/#\/schema\/logo\/image\/"},"sameAs":["https:\/\/www.facebook.com\/Trusted.Translations","https:\/\/x.com\/TrustedT9ns","https:\/\/www.linkedin.com\/company\/trusted-translations"]}]}},"toolset-meta":{"dyk":{"mensaje-1":{"type":"textfield","raw":""},"mensaje-2":{"type":"textfield","raw":""},"mensaje-3":{"type":"textfield","raw":""},"mensaje-4":{"type":"textfield","raw":""},"mensaje-5":{"type":"textfield","raw":""},"mensaje-6":{"type":"textfield","raw":""}},"single-page-template-fields":{"imgs-temp":{"type":"image","raw":[],"repeatable":[]},"imgs-temp-cel":{"type":"image","raw":[],"repeatable":[]},"img-temp-one-cel":{"type":"image","raw":"","attachment_id":null},"quotes":{"type":"textarea","raw":""},"text-1":{"type":"textarea","raw":""},"shortcode-map":{"type":"textfield","raw":""},"dyk-shortcode":{"type":"textfield","raw":""},"text-2":{"type":"textarea","raw":""},"state":{"type":"textfield","raw":""},"city":{"type":"textarea","raw":[]}}},"_links":{"self":[{"href":"https:\/\/www.trustedtranslations.com\/es\/wp-json\/wp\/v2\/pages\/127002","targetHints":{"allow":["GET"]}}],"collection":[{"href":"https:\/\/www.trustedtranslations.com\/es\/wp-json\/wp\/v2\/pages"}],"about":[{"href":"https:\/\/www.trustedtranslations.com\/es\/wp-json\/wp\/v2\/types\/page"}],"author":[{"embeddable":true,"href":"https:\/\/www.trustedtranslations.com\/es\/wp-json\/wp\/v2\/users\/1"}],"replies":[{"embeddable":true,"href":"https:\/\/www.trustedtranslations.com\/es\/wp-json\/wp\/v2\/comments?post=127002"}],"version-history":[{"count":0,"href":"https:\/\/www.trustedtranslations.com\/es\/wp-json\/wp\/v2\/pages\/127002\/revisions"}],"up":[{"embeddable":true,"href":"https:\/\/www.trustedtranslations.com\/es\/wp-json\/wp\/v2\/pages\/127176"}],"wp:featuredmedia":[{"embeddable":true,"href":"https:\/\/www.trustedtranslations.com\/es\/wp-json\/wp\/v2\/media\/139634"}],"wp:attachment":[{"href":"https:\/\/www.trustedtranslations.com\/es\/wp-json\/wp\/v2\/media?parent=127002"}],"curies":[{"name":"wp","href":"https:\/\/api.w.org\/{rel}","templated":true}]}}