{"id":127004,"date":"2018-07-10T15:50:55","date_gmt":"2018-07-10T15:50:55","guid":{"rendered":"https:\/\/www.trustedtranslations.com\/?page_id=127004"},"modified":"2024-09-23T16:44:34","modified_gmt":"2024-09-23T19:44:34","slug":"agencia-de-traducciones-de-espanol","status":"publish","type":"page","link":"https:\/\/www.trustedtranslations.com\/es\/acerca-de-nosotros\/agencia-de-traducciones-de-espanol","title":{"rendered":"Agencia de Espa\u00f1ol"},"content":{"rendered":"","protected":false},"excerpt":{"rendered":"","protected":false},"author":1,"featured_media":139634,"parent":127176,"menu_order":0,"comment_status":"closed","ping_status":"closed","template":"","meta":{"site-sidebar-layout":"default","site-content-layout":"default","ast-site-content-layout":"default","site-content-style":"default","site-sidebar-style":"default","ast-global-header-display":"","ast-banner-title-visibility":"","ast-main-header-display":"","ast-hfb-above-header-display":"","ast-hfb-below-header-display":"","ast-hfb-mobile-header-display":"","site-post-title":"disabled","ast-breadcrumbs-content":"","ast-featured-img":"","footer-sml-layout":"","theme-transparent-header-meta":"default","adv-header-id-meta":"","stick-header-meta":"","header-above-stick-meta":"","header-main-stick-meta":"","header-below-stick-meta":"","astra-migrate-meta-layouts":"set","ast-page-background-enabled":"default","ast-page-background-meta":{"desktop":{"background-color":"var(--ast-global-color-4)","background-image":"","background-repeat":"repeat","background-position":"center center","background-size":"auto","background-attachment":"scroll","background-type":"","background-media":"","overlay-type":"","overlay-color":"","overlay-opacity":"","overlay-gradient":""},"tablet":{"background-color":"","background-image":"","background-repeat":"repeat","background-position":"center center","background-size":"auto","background-attachment":"scroll","background-type":"","background-media":"","overlay-type":"","overlay-color":"","overlay-opacity":"","overlay-gradient":""},"mobile":{"background-color":"","background-image":"","background-repeat":"repeat","background-position":"center center","background-size":"auto","background-attachment":"scroll","background-type":"","background-media":"","overlay-type":"","overlay-color":"","overlay-opacity":"","overlay-gradient":""}},"ast-content-background-meta":{"desktop":{"background-color":"var(--ast-global-color-5)","background-image":"","background-repeat":"repeat","background-position":"center center","background-size":"auto","background-attachment":"scroll","background-type":"","background-media":"","overlay-type":"","overlay-color":"","overlay-opacity":"","overlay-gradient":""},"tablet":{"background-color":"var(--ast-global-color-5)","background-image":"","background-repeat":"repeat","background-position":"center center","background-size":"auto","background-attachment":"scroll","background-type":"","background-media":"","overlay-type":"","overlay-color":"","overlay-opacity":"","overlay-gradient":""},"mobile":{"background-color":"var(--ast-global-color-5)","background-image":"","background-repeat":"repeat","background-position":"center center","background-size":"auto","background-attachment":"scroll","background-type":"","background-media":"","overlay-type":"","overlay-color":"","overlay-opacity":"","overlay-gradient":""}},"footnotes":""},"class_list":["post-127004","page","type-page","status-publish","has-post-thumbnail","hentry"],"yoast_head":"<!-- This site is optimized with the Yoast SEO plugin v27.5 - https:\/\/yoast.com\/product\/yoast-seo-wordpress\/ -->\n<title>Descubra Trusted Translations: Traducci\u00f3n Experta al Espa\u00f1ol con Garant\u00eda de Calidad. Solicite un presupuesto sin cargo.<\/title>\n<meta name=\"description\" content=\"Descubra Trusted Translations: Traducci\u00f3n Experta al Espa\u00f1ol con Garant\u00eda de Calidad. Solicite un presupuesto sin cargo.\" \/>\n<meta name=\"robots\" content=\"index, follow, max-snippet:-1, max-image-preview:large, max-video-preview:-1\" \/>\n<link rel=\"canonical\" href=\"https:\/\/www.trustedtranslations.com\/es\/acerca-de-nosotros\/agencia-de-traducciones-de-espanol\" \/>\n<meta property=\"og:locale\" content=\"es_ES\" \/>\n<meta property=\"og:type\" content=\"article\" \/>\n<meta property=\"og:title\" content=\"Descubra Trusted Translations: Traducci\u00f3n Experta al Espa\u00f1ol con Garant\u00eda de Calidad. Solicite un presupuesto sin cargo.\" \/>\n<meta property=\"og:description\" content=\"Descubra Trusted Translations: Traducci\u00f3n Experta al Espa\u00f1ol con Garant\u00eda de Calidad. Solicite un presupuesto sin cargo.\" \/>\n<meta property=\"og:url\" content=\"https:\/\/www.trustedtranslations.com\/es\/acerca-de-nosotros\/agencia-de-traducciones-de-espanol\" \/>\n<meta property=\"og:site_name\" content=\"Trusted Translations\" \/>\n<meta property=\"article:publisher\" content=\"https:\/\/www.facebook.com\/Trusted.Translations\" \/>\n<meta property=\"article:modified_time\" content=\"2024-09-23T19:44:34+00:00\" \/>\n<meta property=\"og:image\" content=\"https:\/\/static.trustedtranslations.com\/wp-content\/uploads\/2022\/03\/TT_NEW_FB-1.png\" \/>\n\t<meta property=\"og:image:width\" content=\"1038\" \/>\n\t<meta property=\"og:image:height\" content=\"1038\" \/>\n\t<meta property=\"og:image:type\" content=\"image\/png\" \/>\n<meta name=\"twitter:card\" content=\"summary_large_image\" \/>\n<meta name=\"twitter:site\" content=\"@TrustedT9ns\" \/>\n<script type=\"application\/ld+json\" class=\"yoast-schema-graph\">{\"@context\":\"https:\\\/\\\/schema.org\",\"@graph\":[{\"@type\":\"WebPage\",\"@id\":\"https:\\\/\\\/www.trustedtranslations.com\\\/es\\\/acerca-de-nosotros\\\/agencia-de-traducciones-de-espanol\",\"url\":\"https:\\\/\\\/www.trustedtranslations.com\\\/es\\\/acerca-de-nosotros\\\/agencia-de-traducciones-de-espanol\",\"name\":\"Descubra Trusted Translations: Traducci\u00f3n Experta al Espa\u00f1ol con Garant\u00eda de Calidad. Solicite un presupuesto sin cargo.\",\"isPartOf\":{\"@id\":\"https:\\\/\\\/www.trustedtranslations.com\\\/es\\\/#website\"},\"primaryImageOfPage\":{\"@id\":\"https:\\\/\\\/www.trustedtranslations.com\\\/es\\\/acerca-de-nosotros\\\/agencia-de-traducciones-de-espanol#primaryimage\"},\"image\":{\"@id\":\"https:\\\/\\\/www.trustedtranslations.com\\\/es\\\/acerca-de-nosotros\\\/agencia-de-traducciones-de-espanol#primaryimage\"},\"thumbnailUrl\":\"https:\\\/\\\/www.trustedtranslations.com\\\/wp-content\\\/uploads\\\/2022\\\/03\\\/TT_NEW_FB-1.png\",\"description\":\"Descubra Trusted Translations: Traducci\u00f3n Experta al Espa\u00f1ol con Garant\u00eda de Calidad. Solicite un presupuesto sin cargo.\",\"breadcrumb\":{\"@id\":\"https:\\\/\\\/www.trustedtranslations.com\\\/es\\\/acerca-de-nosotros\\\/agencia-de-traducciones-de-espanol#breadcrumb\"},\"inLanguage\":\"es\",\"potentialAction\":[{\"@type\":\"ReadAction\",\"target\":[\"https:\\\/\\\/www.trustedtranslations.com\\\/es\\\/acerca-de-nosotros\\\/agencia-de-traducciones-de-espanol\"]}]},{\"@type\":\"ImageObject\",\"inLanguage\":\"es\",\"@id\":\"https:\\\/\\\/www.trustedtranslations.com\\\/es\\\/acerca-de-nosotros\\\/agencia-de-traducciones-de-espanol#primaryimage\",\"url\":\"https:\\\/\\\/www.trustedtranslations.com\\\/wp-content\\\/uploads\\\/2022\\\/03\\\/TT_NEW_FB-1.png\",\"contentUrl\":\"https:\\\/\\\/www.trustedtranslations.com\\\/wp-content\\\/uploads\\\/2022\\\/03\\\/TT_NEW_FB-1.png\",\"width\":1038,\"height\":1038,\"caption\":\"TT NEW FB 1\"},{\"@type\":\"BreadcrumbList\",\"@id\":\"https:\\\/\\\/www.trustedtranslations.com\\\/es\\\/acerca-de-nosotros\\\/agencia-de-traducciones-de-espanol#breadcrumb\",\"itemListElement\":[{\"@type\":\"ListItem\",\"position\":1,\"name\":\"Home\",\"item\":\"https:\\\/\\\/www.trustedtranslations.com\\\/es\"},{\"@type\":\"ListItem\",\"position\":2,\"name\":\"Acerca de Nosotros\",\"item\":\"https:\\\/\\\/www.trustedtranslations.com\\\/es\\\/acerca-de-nosotros\"},{\"@type\":\"ListItem\",\"position\":3,\"name\":\"Agencia de Espa\u00f1ol\"}]},{\"@type\":\"WebSite\",\"@id\":\"https:\\\/\\\/www.trustedtranslations.com\\\/es\\\/#website\",\"url\":\"https:\\\/\\\/www.trustedtranslations.com\\\/es\\\/\",\"name\":\"Trusted Translations, Inc.\",\"description\":\"Leader in translation and interpretation services.\",\"publisher\":{\"@id\":\"https:\\\/\\\/www.trustedtranslations.com\\\/es\\\/#organization\"},\"alternateName\":\"Trusted Translations\",\"potentialAction\":[{\"@type\":\"SearchAction\",\"target\":{\"@type\":\"EntryPoint\",\"urlTemplate\":\"https:\\\/\\\/www.trustedtranslations.com\\\/es\\\/?s={search_term_string}\"},\"query-input\":{\"@type\":\"PropertyValueSpecification\",\"valueRequired\":true,\"valueName\":\"search_term_string\"}}],\"inLanguage\":\"es\"},{\"@type\":\"Organization\",\"@id\":\"https:\\\/\\\/www.trustedtranslations.com\\\/es\\\/#organization\",\"name\":\"Trusted Translations\",\"alternateName\":\"Trusted Translations, Inc.\",\"url\":\"https:\\\/\\\/www.trustedtranslations.com\\\/es\\\/\",\"logo\":{\"@type\":\"ImageObject\",\"inLanguage\":\"es\",\"@id\":\"https:\\\/\\\/www.trustedtranslations.com\\\/es\\\/#\\\/schema\\\/logo\\\/image\\\/\",\"url\":\"https:\\\/\\\/static.trustedtranslations.com\\\/wp-content\\\/uploads\\\/2022\\\/01\\\/TT_logo_WSIColors-2.png\",\"contentUrl\":\"https:\\\/\\\/static.trustedtranslations.com\\\/wp-content\\\/uploads\\\/2022\\\/01\\\/TT_logo_WSIColors-2.png\",\"width\":500,\"height\":196,\"caption\":\"Trusted Translations\"},\"image\":{\"@id\":\"https:\\\/\\\/www.trustedtranslations.com\\\/es\\\/#\\\/schema\\\/logo\\\/image\\\/\"},\"sameAs\":[\"https:\\\/\\\/www.facebook.com\\\/Trusted.Translations\",\"https:\\\/\\\/x.com\\\/TrustedT9ns\",\"https:\\\/\\\/www.linkedin.com\\\/company\\\/trusted-translations\"]}]}<\/script>\n<!-- \/ Yoast SEO plugin. -->","yoast_head_json":{"title":"Descubra Trusted Translations: Traducci\u00f3n Experta al Espa\u00f1ol con Garant\u00eda de Calidad. Solicite un presupuesto sin cargo.","description":"Descubra Trusted Translations: Traducci\u00f3n Experta al Espa\u00f1ol con Garant\u00eda de Calidad. Solicite un presupuesto sin cargo.","robots":{"index":"index","follow":"follow","max-snippet":"max-snippet:-1","max-image-preview":"max-image-preview:large","max-video-preview":"max-video-preview:-1"},"canonical":"https:\/\/www.trustedtranslations.com\/es\/acerca-de-nosotros\/agencia-de-traducciones-de-espanol","og_locale":"es_ES","og_type":"article","og_title":"Descubra Trusted Translations: Traducci\u00f3n Experta al Espa\u00f1ol con Garant\u00eda de Calidad. Solicite un presupuesto sin cargo.","og_description":"Descubra Trusted Translations: Traducci\u00f3n Experta al Espa\u00f1ol con Garant\u00eda de Calidad. Solicite un presupuesto sin cargo.","og_url":"https:\/\/www.trustedtranslations.com\/es\/acerca-de-nosotros\/agencia-de-traducciones-de-espanol","og_site_name":"Trusted Translations","article_publisher":"https:\/\/www.facebook.com\/Trusted.Translations","article_modified_time":"2024-09-23T19:44:34+00:00","og_image":[{"width":1038,"height":1038,"url":"https:\/\/static.trustedtranslations.com\/wp-content\/uploads\/2022\/03\/TT_NEW_FB-1.png","type":"image\/png"}],"twitter_card":"summary_large_image","twitter_site":"@TrustedT9ns","schema":{"@context":"https:\/\/schema.org","@graph":[{"@type":"WebPage","@id":"https:\/\/www.trustedtranslations.com\/es\/acerca-de-nosotros\/agencia-de-traducciones-de-espanol","url":"https:\/\/www.trustedtranslations.com\/es\/acerca-de-nosotros\/agencia-de-traducciones-de-espanol","name":"Descubra Trusted Translations: Traducci\u00f3n Experta al Espa\u00f1ol con Garant\u00eda de Calidad. Solicite un presupuesto sin cargo.","isPartOf":{"@id":"https:\/\/www.trustedtranslations.com\/es\/#website"},"primaryImageOfPage":{"@id":"https:\/\/www.trustedtranslations.com\/es\/acerca-de-nosotros\/agencia-de-traducciones-de-espanol#primaryimage"},"image":{"@id":"https:\/\/www.trustedtranslations.com\/es\/acerca-de-nosotros\/agencia-de-traducciones-de-espanol#primaryimage"},"thumbnailUrl":"https:\/\/www.trustedtranslations.com\/wp-content\/uploads\/2022\/03\/TT_NEW_FB-1.png","description":"Descubra Trusted Translations: Traducci\u00f3n Experta al Espa\u00f1ol con Garant\u00eda de Calidad. Solicite un presupuesto sin cargo.","breadcrumb":{"@id":"https:\/\/www.trustedtranslations.com\/es\/acerca-de-nosotros\/agencia-de-traducciones-de-espanol#breadcrumb"},"inLanguage":"es","potentialAction":[{"@type":"ReadAction","target":["https:\/\/www.trustedtranslations.com\/es\/acerca-de-nosotros\/agencia-de-traducciones-de-espanol"]}]},{"@type":"ImageObject","inLanguage":"es","@id":"https:\/\/www.trustedtranslations.com\/es\/acerca-de-nosotros\/agencia-de-traducciones-de-espanol#primaryimage","url":"https:\/\/www.trustedtranslations.com\/wp-content\/uploads\/2022\/03\/TT_NEW_FB-1.png","contentUrl":"https:\/\/www.trustedtranslations.com\/wp-content\/uploads\/2022\/03\/TT_NEW_FB-1.png","width":1038,"height":1038,"caption":"TT NEW FB 1"},{"@type":"BreadcrumbList","@id":"https:\/\/www.trustedtranslations.com\/es\/acerca-de-nosotros\/agencia-de-traducciones-de-espanol#breadcrumb","itemListElement":[{"@type":"ListItem","position":1,"name":"Home","item":"https:\/\/www.trustedtranslations.com\/es"},{"@type":"ListItem","position":2,"name":"Acerca de Nosotros","item":"https:\/\/www.trustedtranslations.com\/es\/acerca-de-nosotros"},{"@type":"ListItem","position":3,"name":"Agencia de Espa\u00f1ol"}]},{"@type":"WebSite","@id":"https:\/\/www.trustedtranslations.com\/es\/#website","url":"https:\/\/www.trustedtranslations.com\/es\/","name":"Trusted Translations, Inc.","description":"Leader in translation and interpretation services.","publisher":{"@id":"https:\/\/www.trustedtranslations.com\/es\/#organization"},"alternateName":"Trusted Translations","potentialAction":[{"@type":"SearchAction","target":{"@type":"EntryPoint","urlTemplate":"https:\/\/www.trustedtranslations.com\/es\/?s={search_term_string}"},"query-input":{"@type":"PropertyValueSpecification","valueRequired":true,"valueName":"search_term_string"}}],"inLanguage":"es"},{"@type":"Organization","@id":"https:\/\/www.trustedtranslations.com\/es\/#organization","name":"Trusted Translations","alternateName":"Trusted Translations, Inc.","url":"https:\/\/www.trustedtranslations.com\/es\/","logo":{"@type":"ImageObject","inLanguage":"es","@id":"https:\/\/www.trustedtranslations.com\/es\/#\/schema\/logo\/image\/","url":"https:\/\/static.trustedtranslations.com\/wp-content\/uploads\/2022\/01\/TT_logo_WSIColors-2.png","contentUrl":"https:\/\/static.trustedtranslations.com\/wp-content\/uploads\/2022\/01\/TT_logo_WSIColors-2.png","width":500,"height":196,"caption":"Trusted Translations"},"image":{"@id":"https:\/\/www.trustedtranslations.com\/es\/#\/schema\/logo\/image\/"},"sameAs":["https:\/\/www.facebook.com\/Trusted.Translations","https:\/\/x.com\/TrustedT9ns","https:\/\/www.linkedin.com\/company\/trusted-translations"]}]}},"toolset-meta":{"dyk":{"mensaje-1":{"type":"textfield","raw":"<em>Trusted Translations<\/em> es la empresa de traducciones de espa\u00f1ol de m\u00e1s bajo costo de Estados Unidos."},"mensaje-2":{"type":"textfield","raw":""},"mensaje-3":{"type":"textfield","raw":""},"mensaje-4":{"type":"textfield","raw":"Cada mes, m\u00e1s de 500,000 personas visitan nuestros sitios web en busca de asesoramiento en espa\u00f1ol."},"mensaje-5":{"type":"textfield","raw":""},"mensaje-6":{"type":"textfield","raw":""}},"single-page-template-fields":{"imgs-temp":{"type":"image","raw":["https:\/\/static.trustedtranslations.com\/wp-content\/uploads\/2024\/06\/language-spanish-1.webp","https:\/\/static.trustedtranslations.com\/wp-content\/uploads\/2024\/07\/Group-113-1.webp"],"repeatable":[{"raw":"https:\/\/static.trustedtranslations.com\/wp-content\/uploads\/2024\/06\/language-spanish-1.webp"},{"raw":"https:\/\/static.trustedtranslations.com\/wp-content\/uploads\/2024\/07\/Group-113-1.webp"}]},"imgs-temp-cel":{"type":"image","raw":[""],"repeatable":[{"raw":""}]},"img-temp-one-cel":{"type":"image","raw":"https:\/\/static.trustedtranslations.com\/wp-content\/uploads\/2024\/07\/AdobeStock_94103906-1-1.webp","attachment_id":null},"quotes":{"type":"textarea","raw":"<h1 style=\"margin-bottom: 12px;\">Agencia L\u00edder de Traducciones de Espa\u00f1ol<\/h1>\r\n<em>Trusted Translations<\/em> es una agencia de traducci\u00f3n con vasta experiencia que se especializa en traducciones complejas y de gran volumen de ingl\u00e9s a espa\u00f1ol. Fundada en el \u00e1rea metropolitana de Washington DC, y con oficinas en EE. UU., Europa y Am\u00e9rica Latina, brindamos servicios de traducci\u00f3n al espa\u00f1ol de excelente calidad realizados por equipos selectos de traductores.\r\n<div style=\"margin-top: 2.5vw;\"><a class=\"tt-btn-main-cta\" href=\"https:\/\/www.trustedtranslations.com\/es\/presupuesto-sin-cargo\">Solicite un presupuesto sin cargo<\/a><\/div>"},"text-1":{"type":"textarea","raw":"<h2>Traducci\u00f3n Experta del Ingl\u00e9s al Espa\u00f1ol con Precios Competitivos y Entrega R\u00e1pida<\/h2>Los propietarios del negocio son hispanos y la empresa es proveedora l\u00edder de servicios de traducci\u00f3n de ingl\u00e9s a espa\u00f1ol de gran volumen. <em>Trusted Translations<\/em> ofrece algunos de los precios m\u00e1s competitivos y los plazos de entrega m\u00e1s breves en el rubro. Aunque proporcionamos un amplio espectro de servicios de traducci\u00f3n y localizaci\u00f3n a las principales industrias y en m\u00e1s de 150 idiomas, gozamos de reconocimiento internacional por nuestras capacidades en espa\u00f1ol, con m\u00e1s de 15 a\u00f1os de experiencia comprobada en traducci\u00f3n al espa\u00f1ol.\r\n\r\nNuestros traductores de ingl\u00e9s a espa\u00f1ol procesan millones de palabras al mes desde y hacia el espa\u00f1ol: atendemos a clientes de todo el mundo, incluidas empresas Fortune 500, gobiernos y organizaciones sin fines de lucro de casi todas las principales \u00e1reas de negocios.\r\n<h2>Por Qu\u00e9 Elegir <em>Trusted Translations<\/em><\/h2>\r\nLos clientes eligen nuestros servicios de traducci\u00f3n de espa\u00f1ol debido a nuestra precisi\u00f3n superior, velocidad y precios competitivos. Como socio de <em>Trusted Translations<\/em>, puede estar seguro de que sus traducciones de espa\u00f1ol se asignar\u00e1n a algunos de los ling\u00fcistas m\u00e1s acreditados del sector. Cada componente de su proyecto lo manejar\u00e1n con profesionalismo y confidencialidad traductores seleccionados con esmero por su agudeza ling\u00fc\u00edstica a nivel de nativos adem\u00e1s de su dominio cultural.\r\n\r\nTambi\u00e9n puede confiar en nosotros para manejar con minuciosidad el flujo de trabajo de su proyecto. Nuestros gerentes de proyecto y editores supervisan los proyectos de traducci\u00f3n y aplican nuestro proceso de control de calidad exclusivo, en el que cada traducci\u00f3n se revisa tres veces. Nuestras pol\u00edticas y procedimientos exhaustivos nos permiten superar los est\u00e1ndares de calidad ISO 9001:2000 en cuanto a precisi\u00f3n.\r\n\r\nEn <em>Trusted Translations<\/em> no creemos en sacrificar la precisi\u00f3n en aras de la velocidad. Desde nuestros inicios, hemos entregado en forma sistem\u00e1tica resultados de la m\u00e1s alta calidad con tiempos de entrega que las agencias competidoras consideraban imposibles. Sin importar la complejidad de su proyecto, podemos entregar sus traducciones a tiempo, dentro del presupuesto y con un nivel excepcional de calidad."},"shortcode-map":{"type":"textfield","raw":""},"dyk-shortcode":{"type":"textfield","raw":"[elementor-template id=\"139368\"]"},"text-2":{"type":"textarea","raw":"<h2>Por qu\u00e9 Somos la Empresa L\u00edder en Traducciones de Espa\u00f1ol<\/h2>\r\nComo empresa de traducci\u00f3n l\u00edder, <em>Trusted Translations<\/em> cuenta con reconocimiento como una de las principales autoridades en espa\u00f1ol de la industria. Estas son solo algunas de las caracter\u00edsticas que distinguen a <em>Trusted Translations<\/em> del resto de la competencia:\r\n<ul>\r\n \t<li>\r\n<h3>Autoridad Reconocida en Traducciones de Espa\u00f1ol<\/h3>\r\n<\/li>\r\n<\/ul>\r\nM\u00e1s de 500,000 expertos en localizaci\u00f3n de espa\u00f1ol, acad\u00e9micos, traductores y personas de M\u00e9xico, Espa\u00f1a, Am\u00e9rica Central y del Sur, Estados Unidos y otros pa\u00edses consultan el contenido y los sitios en l\u00ednea de <em>Trusted Translations<\/em> cada mes para investigar temas relacionados con el espa\u00f1ol, lo que nos convierte en uno de los especialistas l\u00edderes en lengua espa\u00f1ola del rubro de la traducci\u00f3n mundial.\r\n<ul>\r\n \t<li>\r\n<h3>A\u00f1os de Experiencia en Traducciones de Ingl\u00e9s a Espa\u00f1ol<\/h3>\r\n<\/li>\r\n<\/ul>\r\nFundada y dirigida por hispanos de EE. UU., <em>Trusted Translations<\/em> es una de las \u00fanicas empresas de traducci\u00f3n con m\u00e1s de 25 a\u00f1os de experiencia ling\u00fc\u00edstica de primera mano y galardonada en el mercado hispano. Entre las distinciones obtenidas, se nos ha reconocido como una de las 500 principales empresas de propiedad de hispanoamericanos en EE. UU. y como proveedor minoritario reconocido en el estado de Florida.\r\n<ul>\r\n \t<li>\r\n<h3>Profesionales Expertos en Traducci\u00f3n Jur\u00eddica de Ingl\u00e9s a Espa\u00f1ol en el Equipo<\/h3>\r\n<\/li>\r\n<\/ul>\r\n\u00danico entre las empresas de traducci\u00f3n, tenemos en nuestro personal abogados biling\u00fces (ingl\u00e9s-espa\u00f1ol) con licencia de EE. UU., incluidos traductores judiciales aprobados por el Gobierno federal. Nuestros abogados se aseguran de que en cada documento legalmente sensible que traduzcamos se use la terminolog\u00eda jur\u00eddica correcta en el idioma de destino. Tambi\u00e9n est\u00e1n calificados para proporcionar certificaciones legales notariadas como validaci\u00f3n extra de la precisi\u00f3n de nuestras traducciones.\r\n<ul>\r\n \t<li>\r\n<h3>Traducciones de Ingl\u00e9s a Espa\u00f1ol de la M\u00e1s Alta Calidad con los Precios M\u00e1s Competitivos<\/h3>\r\n<\/li>\r\n<\/ul>\r\nDebido a que nos especializamos en traducciones de ingl\u00e9s a espa\u00f1ol, contamos en nuestro personal con m\u00e1s de 10,000 ling\u00fcistas bien probados en ese par de idiomas. Tenemos traductores internos, certificados y probados, que trabajan en forma exclusiva para<em> Trusted Translations<\/em>. Eso nos permite brindar un nivel de servicio de mejor calidad, a los precios m\u00e1s competitivos del sector.\r\n<ul>\r\n \t<li>\r\n<h3>Experiencia Superior en Traducci\u00f3n de Ingl\u00e9s a Espa\u00f1ol de Temas M\u00e9dicos<\/h3>\r\n<\/li>\r\n<\/ul>\r\nContamos con m\u00e9dicos biling\u00fces con licencia que ofrecen m\u00e1s de 40 a\u00f1os de experiencia en medicina y contenido relacionado con la atenci\u00f3n de salud. Nuestros expertos m\u00e9dicos se aseguran de que toda la terminolog\u00eda m\u00e9dica se traduzca en forma correcta a un nivel de espa\u00f1ol que entienda la mayor\u00eda de la poblaci\u00f3n hispana. Hemos trabajado con las principales empresas de salud e instituciones m\u00e9dicas, tanto en Estados Unidos como en el \u00e1mbito internacional.\r\n\r\nComun\u00edquese con <em>Trusted Translations<\/em> hoy mismo para saber c\u00f3mo podemos satisfacer sus necesidades de traducci\u00f3n de espa\u00f1ol."},"state":{"type":"textfield","raw":""},"city":{"type":"textarea","raw":[]}}},"_links":{"self":[{"href":"https:\/\/www.trustedtranslations.com\/es\/wp-json\/wp\/v2\/pages\/127004","targetHints":{"allow":["GET"]}}],"collection":[{"href":"https:\/\/www.trustedtranslations.com\/es\/wp-json\/wp\/v2\/pages"}],"about":[{"href":"https:\/\/www.trustedtranslations.com\/es\/wp-json\/wp\/v2\/types\/page"}],"author":[{"embeddable":true,"href":"https:\/\/www.trustedtranslations.com\/es\/wp-json\/wp\/v2\/users\/1"}],"replies":[{"embeddable":true,"href":"https:\/\/www.trustedtranslations.com\/es\/wp-json\/wp\/v2\/comments?post=127004"}],"version-history":[{"count":0,"href":"https:\/\/www.trustedtranslations.com\/es\/wp-json\/wp\/v2\/pages\/127004\/revisions"}],"up":[{"embeddable":true,"href":"https:\/\/www.trustedtranslations.com\/es\/wp-json\/wp\/v2\/pages\/127176"}],"wp:featuredmedia":[{"embeddable":true,"href":"https:\/\/www.trustedtranslations.com\/es\/wp-json\/wp\/v2\/media\/139634"}],"wp:attachment":[{"href":"https:\/\/www.trustedtranslations.com\/es\/wp-json\/wp\/v2\/media?parent=127004"}],"curies":[{"name":"wp","href":"https:\/\/api.w.org\/{rel}","templated":true}]}}