{"id":127083,"date":"2018-07-05T19:12:18","date_gmt":"2018-07-05T19:12:18","guid":{"rendered":"https:\/\/www.trustedtranslations.com\/?page_id=127083"},"modified":"2024-09-03T11:58:01","modified_gmt":"2024-09-03T14:58:01","slug":"traduccion-tecnica","status":"publish","type":"page","link":"https:\/\/www.trustedtranslations.com\/es\/industrias\/traduccion-tecnica","title":{"rendered":"Traducci\u00f3n T\u00e9cnica"},"content":{"rendered":"","protected":false},"excerpt":{"rendered":"","protected":false},"author":1,"featured_media":139634,"parent":127109,"menu_order":0,"comment_status":"closed","ping_status":"closed","template":"","meta":{"site-sidebar-layout":"default","site-content-layout":"default","ast-site-content-layout":"default","site-content-style":"default","site-sidebar-style":"default","ast-global-header-display":"","ast-banner-title-visibility":"","ast-main-header-display":"","ast-hfb-above-header-display":"","ast-hfb-below-header-display":"","ast-hfb-mobile-header-display":"","site-post-title":"disabled","ast-breadcrumbs-content":"","ast-featured-img":"","footer-sml-layout":"","ast-disable-related-posts":"","theme-transparent-header-meta":"default","adv-header-id-meta":"","stick-header-meta":"","header-above-stick-meta":"","header-main-stick-meta":"","header-below-stick-meta":"","astra-migrate-meta-layouts":"set","ast-page-background-enabled":"default","ast-page-background-meta":{"desktop":{"background-color":"var(--ast-global-color-4)","background-image":"","background-repeat":"repeat","background-position":"center center","background-size":"auto","background-attachment":"scroll","background-type":"","background-media":"","overlay-type":"","overlay-color":"","overlay-opacity":"","overlay-gradient":""},"tablet":{"background-color":"","background-image":"","background-repeat":"repeat","background-position":"center center","background-size":"auto","background-attachment":"scroll","background-type":"","background-media":"","overlay-type":"","overlay-color":"","overlay-opacity":"","overlay-gradient":""},"mobile":{"background-color":"","background-image":"","background-repeat":"repeat","background-position":"center center","background-size":"auto","background-attachment":"scroll","background-type":"","background-media":"","overlay-type":"","overlay-color":"","overlay-opacity":"","overlay-gradient":""}},"ast-content-background-meta":{"desktop":{"background-color":"var(--ast-global-color-5)","background-image":"","background-repeat":"repeat","background-position":"center center","background-size":"auto","background-attachment":"scroll","background-type":"","background-media":"","overlay-type":"","overlay-color":"","overlay-opacity":"","overlay-gradient":""},"tablet":{"background-color":"var(--ast-global-color-5)","background-image":"","background-repeat":"repeat","background-position":"center center","background-size":"auto","background-attachment":"scroll","background-type":"","background-media":"","overlay-type":"","overlay-color":"","overlay-opacity":"","overlay-gradient":""},"mobile":{"background-color":"var(--ast-global-color-5)","background-image":"","background-repeat":"repeat","background-position":"center center","background-size":"auto","background-attachment":"scroll","background-type":"","background-media":"","overlay-type":"","overlay-color":"","overlay-opacity":"","overlay-gradient":""}},"footnotes":""},"class_list":["post-127083","page","type-page","status-publish","has-post-thumbnail","hentry"],"yoast_head":"<!-- This site is optimized with the Yoast SEO plugin v27.3 - https:\/\/yoast.com\/product\/yoast-seo-wordpress\/ -->\n<title>Servicios de Traducci\u00f3n T\u00e9cnica: Trusted Translations, Inc.<\/title>\n<meta name=\"description\" content=\"Trusted Translations: L\u00edder en servicios brindados por traductores t\u00e9cnicos profesionales. Haga una consulta o solicite un presupuesto sin cargo.\" \/>\n<meta name=\"robots\" content=\"index, follow, max-snippet:-1, max-image-preview:large, max-video-preview:-1\" \/>\n<link rel=\"canonical\" href=\"https:\/\/www.trustedtranslations.com\/es\/industrias\/traduccion-tecnica\" \/>\n<meta property=\"og:locale\" content=\"es_ES\" \/>\n<meta property=\"og:type\" content=\"article\" \/>\n<meta property=\"og:title\" content=\"Servicios de Traducci\u00f3n T\u00e9cnica: Trusted Translations, Inc.\" \/>\n<meta property=\"og:description\" content=\"Trusted Translations: L\u00edder en servicios brindados por traductores t\u00e9cnicos profesionales. Haga una consulta o solicite un presupuesto sin cargo.\" \/>\n<meta property=\"og:url\" content=\"https:\/\/www.trustedtranslations.com\/es\/industrias\/traduccion-tecnica\" \/>\n<meta property=\"og:site_name\" content=\"Trusted Translations\" \/>\n<meta property=\"article:publisher\" content=\"https:\/\/www.facebook.com\/Trusted.Translations\" \/>\n<meta property=\"article:modified_time\" content=\"2024-09-03T14:58:01+00:00\" \/>\n<meta property=\"og:image\" content=\"https:\/\/static.trustedtranslations.com\/wp-content\/uploads\/2022\/03\/TT_NEW_FB-1.png\" \/>\n\t<meta property=\"og:image:width\" content=\"1038\" \/>\n\t<meta property=\"og:image:height\" content=\"1038\" \/>\n\t<meta property=\"og:image:type\" content=\"image\/png\" \/>\n<meta name=\"twitter:card\" content=\"summary_large_image\" \/>\n<meta name=\"twitter:site\" content=\"@TrustedT9ns\" \/>\n<script type=\"application\/ld+json\" class=\"yoast-schema-graph\">{\"@context\":\"https:\\\/\\\/schema.org\",\"@graph\":[{\"@type\":\"WebPage\",\"@id\":\"https:\\\/\\\/www.trustedtranslations.com\\\/es\\\/industrias\\\/traduccion-tecnica\",\"url\":\"https:\\\/\\\/www.trustedtranslations.com\\\/es\\\/industrias\\\/traduccion-tecnica\",\"name\":\"Servicios de Traducci\u00f3n T\u00e9cnica: Trusted Translations, Inc.\",\"isPartOf\":{\"@id\":\"https:\\\/\\\/www.trustedtranslations.com\\\/es\\\/#website\"},\"primaryImageOfPage\":{\"@id\":\"https:\\\/\\\/www.trustedtranslations.com\\\/es\\\/industrias\\\/traduccion-tecnica#primaryimage\"},\"image\":{\"@id\":\"https:\\\/\\\/www.trustedtranslations.com\\\/es\\\/industrias\\\/traduccion-tecnica#primaryimage\"},\"thumbnailUrl\":\"https:\\\/\\\/www.trustedtranslations.com\\\/wp-content\\\/uploads\\\/2022\\\/03\\\/TT_NEW_FB-1.png\",\"description\":\"Trusted Translations: L\u00edder en servicios brindados por traductores t\u00e9cnicos profesionales. Haga una consulta o solicite un presupuesto sin cargo.\",\"breadcrumb\":{\"@id\":\"https:\\\/\\\/www.trustedtranslations.com\\\/es\\\/industrias\\\/traduccion-tecnica#breadcrumb\"},\"inLanguage\":\"es\",\"potentialAction\":[{\"@type\":\"ReadAction\",\"target\":[\"https:\\\/\\\/www.trustedtranslations.com\\\/es\\\/industrias\\\/traduccion-tecnica\"]}]},{\"@type\":\"ImageObject\",\"inLanguage\":\"es\",\"@id\":\"https:\\\/\\\/www.trustedtranslations.com\\\/es\\\/industrias\\\/traduccion-tecnica#primaryimage\",\"url\":\"https:\\\/\\\/www.trustedtranslations.com\\\/wp-content\\\/uploads\\\/2022\\\/03\\\/TT_NEW_FB-1.png\",\"contentUrl\":\"https:\\\/\\\/www.trustedtranslations.com\\\/wp-content\\\/uploads\\\/2022\\\/03\\\/TT_NEW_FB-1.png\",\"width\":1038,\"height\":1038,\"caption\":\"TT NEW FB 1\"},{\"@type\":\"BreadcrumbList\",\"@id\":\"https:\\\/\\\/www.trustedtranslations.com\\\/es\\\/industrias\\\/traduccion-tecnica#breadcrumb\",\"itemListElement\":[{\"@type\":\"ListItem\",\"position\":1,\"name\":\"Home\",\"item\":\"https:\\\/\\\/www.trustedtranslations.com\\\/es\"},{\"@type\":\"ListItem\",\"position\":2,\"name\":\"Industrias\",\"item\":\"https:\\\/\\\/www.trustedtranslations.com\\\/es\\\/industrias\"},{\"@type\":\"ListItem\",\"position\":3,\"name\":\"Traducci\u00f3n T\u00e9cnica\"}]},{\"@type\":\"WebSite\",\"@id\":\"https:\\\/\\\/www.trustedtranslations.com\\\/es\\\/#website\",\"url\":\"https:\\\/\\\/www.trustedtranslations.com\\\/es\\\/\",\"name\":\"Trusted Translations, Inc.\",\"description\":\"Leader in translation and interpretation services.\",\"publisher\":{\"@id\":\"https:\\\/\\\/www.trustedtranslations.com\\\/es\\\/#organization\"},\"alternateName\":\"Trusted Translations\",\"potentialAction\":[{\"@type\":\"SearchAction\",\"target\":{\"@type\":\"EntryPoint\",\"urlTemplate\":\"https:\\\/\\\/www.trustedtranslations.com\\\/es\\\/?s={search_term_string}\"},\"query-input\":{\"@type\":\"PropertyValueSpecification\",\"valueRequired\":true,\"valueName\":\"search_term_string\"}}],\"inLanguage\":\"es\"},{\"@type\":\"Organization\",\"@id\":\"https:\\\/\\\/www.trustedtranslations.com\\\/es\\\/#organization\",\"name\":\"Trusted Translations\",\"alternateName\":\"Trusted Translations, Inc.\",\"url\":\"https:\\\/\\\/www.trustedtranslations.com\\\/es\\\/\",\"logo\":{\"@type\":\"ImageObject\",\"inLanguage\":\"es\",\"@id\":\"https:\\\/\\\/www.trustedtranslations.com\\\/es\\\/#\\\/schema\\\/logo\\\/image\\\/\",\"url\":\"https:\\\/\\\/static.trustedtranslations.com\\\/wp-content\\\/uploads\\\/2022\\\/01\\\/TT_logo_WSIColors-2.png\",\"contentUrl\":\"https:\\\/\\\/static.trustedtranslations.com\\\/wp-content\\\/uploads\\\/2022\\\/01\\\/TT_logo_WSIColors-2.png\",\"width\":500,\"height\":196,\"caption\":\"Trusted Translations\"},\"image\":{\"@id\":\"https:\\\/\\\/www.trustedtranslations.com\\\/es\\\/#\\\/schema\\\/logo\\\/image\\\/\"},\"sameAs\":[\"https:\\\/\\\/www.facebook.com\\\/Trusted.Translations\",\"https:\\\/\\\/x.com\\\/TrustedT9ns\",\"https:\\\/\\\/www.linkedin.com\\\/company\\\/trusted-translations\"]}]}<\/script>\n<!-- \/ Yoast SEO plugin. -->","yoast_head_json":{"title":"Servicios de Traducci\u00f3n T\u00e9cnica: Trusted Translations, Inc.","description":"Trusted Translations: L\u00edder en servicios brindados por traductores t\u00e9cnicos profesionales. Haga una consulta o solicite un presupuesto sin cargo.","robots":{"index":"index","follow":"follow","max-snippet":"max-snippet:-1","max-image-preview":"max-image-preview:large","max-video-preview":"max-video-preview:-1"},"canonical":"https:\/\/www.trustedtranslations.com\/es\/industrias\/traduccion-tecnica","og_locale":"es_ES","og_type":"article","og_title":"Servicios de Traducci\u00f3n T\u00e9cnica: Trusted Translations, Inc.","og_description":"Trusted Translations: L\u00edder en servicios brindados por traductores t\u00e9cnicos profesionales. Haga una consulta o solicite un presupuesto sin cargo.","og_url":"https:\/\/www.trustedtranslations.com\/es\/industrias\/traduccion-tecnica","og_site_name":"Trusted Translations","article_publisher":"https:\/\/www.facebook.com\/Trusted.Translations","article_modified_time":"2024-09-03T14:58:01+00:00","og_image":[{"width":1038,"height":1038,"url":"https:\/\/static.trustedtranslations.com\/wp-content\/uploads\/2022\/03\/TT_NEW_FB-1.png","type":"image\/png"}],"twitter_card":"summary_large_image","twitter_site":"@TrustedT9ns","schema":{"@context":"https:\/\/schema.org","@graph":[{"@type":"WebPage","@id":"https:\/\/www.trustedtranslations.com\/es\/industrias\/traduccion-tecnica","url":"https:\/\/www.trustedtranslations.com\/es\/industrias\/traduccion-tecnica","name":"Servicios de Traducci\u00f3n T\u00e9cnica: Trusted Translations, Inc.","isPartOf":{"@id":"https:\/\/www.trustedtranslations.com\/es\/#website"},"primaryImageOfPage":{"@id":"https:\/\/www.trustedtranslations.com\/es\/industrias\/traduccion-tecnica#primaryimage"},"image":{"@id":"https:\/\/www.trustedtranslations.com\/es\/industrias\/traduccion-tecnica#primaryimage"},"thumbnailUrl":"https:\/\/www.trustedtranslations.com\/wp-content\/uploads\/2022\/03\/TT_NEW_FB-1.png","description":"Trusted Translations: L\u00edder en servicios brindados por traductores t\u00e9cnicos profesionales. Haga una consulta o solicite un presupuesto sin cargo.","breadcrumb":{"@id":"https:\/\/www.trustedtranslations.com\/es\/industrias\/traduccion-tecnica#breadcrumb"},"inLanguage":"es","potentialAction":[{"@type":"ReadAction","target":["https:\/\/www.trustedtranslations.com\/es\/industrias\/traduccion-tecnica"]}]},{"@type":"ImageObject","inLanguage":"es","@id":"https:\/\/www.trustedtranslations.com\/es\/industrias\/traduccion-tecnica#primaryimage","url":"https:\/\/www.trustedtranslations.com\/wp-content\/uploads\/2022\/03\/TT_NEW_FB-1.png","contentUrl":"https:\/\/www.trustedtranslations.com\/wp-content\/uploads\/2022\/03\/TT_NEW_FB-1.png","width":1038,"height":1038,"caption":"TT NEW FB 1"},{"@type":"BreadcrumbList","@id":"https:\/\/www.trustedtranslations.com\/es\/industrias\/traduccion-tecnica#breadcrumb","itemListElement":[{"@type":"ListItem","position":1,"name":"Home","item":"https:\/\/www.trustedtranslations.com\/es"},{"@type":"ListItem","position":2,"name":"Industrias","item":"https:\/\/www.trustedtranslations.com\/es\/industrias"},{"@type":"ListItem","position":3,"name":"Traducci\u00f3n T\u00e9cnica"}]},{"@type":"WebSite","@id":"https:\/\/www.trustedtranslations.com\/es\/#website","url":"https:\/\/www.trustedtranslations.com\/es\/","name":"Trusted Translations, Inc.","description":"Leader in translation and interpretation services.","publisher":{"@id":"https:\/\/www.trustedtranslations.com\/es\/#organization"},"alternateName":"Trusted Translations","potentialAction":[{"@type":"SearchAction","target":{"@type":"EntryPoint","urlTemplate":"https:\/\/www.trustedtranslations.com\/es\/?s={search_term_string}"},"query-input":{"@type":"PropertyValueSpecification","valueRequired":true,"valueName":"search_term_string"}}],"inLanguage":"es"},{"@type":"Organization","@id":"https:\/\/www.trustedtranslations.com\/es\/#organization","name":"Trusted Translations","alternateName":"Trusted Translations, Inc.","url":"https:\/\/www.trustedtranslations.com\/es\/","logo":{"@type":"ImageObject","inLanguage":"es","@id":"https:\/\/www.trustedtranslations.com\/es\/#\/schema\/logo\/image\/","url":"https:\/\/static.trustedtranslations.com\/wp-content\/uploads\/2022\/01\/TT_logo_WSIColors-2.png","contentUrl":"https:\/\/static.trustedtranslations.com\/wp-content\/uploads\/2022\/01\/TT_logo_WSIColors-2.png","width":500,"height":196,"caption":"Trusted Translations"},"image":{"@id":"https:\/\/www.trustedtranslations.com\/es\/#\/schema\/logo\/image\/"},"sameAs":["https:\/\/www.facebook.com\/Trusted.Translations","https:\/\/x.com\/TrustedT9ns","https:\/\/www.linkedin.com\/company\/trusted-translations"]}]}},"toolset-meta":{"dyk":{"mensaje-1":{"type":"textfield","raw":""},"mensaje-2":{"type":"textfield","raw":"<em>Trusted Translations<\/em> proporciona garant\u00eda de satisfacci\u00f3n con cada traducci\u00f3n t\u00e9cnica."},"mensaje-3":{"type":"textfield","raw":""},"mensaje-4":{"type":"textfield","raw":""},"mensaje-5":{"type":"textfield","raw":""},"mensaje-6":{"type":"textfield","raw":""}},"single-page-template-fields":{"imgs-temp":{"type":"image","raw":["https:\/\/static.trustedtranslations.com\/wp-content\/uploads\/2024\/05\/technical-final-1.webp","https:\/\/static.trustedtranslations.com\/wp-content\/uploads\/2024\/05\/technical-final-2-1-1.webp","https:\/\/static.trustedtranslations.com\/wp-content\/uploads\/2024\/05\/technical-final-3-1.webp"],"repeatable":[{"raw":"https:\/\/static.trustedtranslations.com\/wp-content\/uploads\/2024\/05\/technical-final-1.webp"},{"raw":"https:\/\/static.trustedtranslations.com\/wp-content\/uploads\/2024\/05\/technical-final-2-1-1.webp"},{"raw":"https:\/\/static.trustedtranslations.com\/wp-content\/uploads\/2024\/05\/technical-final-3-1.webp"}]},"imgs-temp-cel":{"type":"image","raw":[""],"repeatable":[{"raw":""}]},"img-temp-one-cel":{"type":"image","raw":"https:\/\/static.trustedtranslations.com\/wp-content\/uploads\/2024\/05\/AdobeStock_123880644-2-1.webp","attachment_id":null},"quotes":{"type":"textarea","raw":"<h1 style=\"margin-bottom: 12px;\">Servicios de Traducci\u00f3n T\u00e9cnica<\/h1>Nos especializamos en traducciones t\u00e9cnicas de alta calidad realizadas por equipos selectos de traductores con amplia experiencia en el sector. Ya sea que necesite traducir un manual t\u00e9cnico, especificaciones de ingenier\u00eda o la solicitud para una patente, somos su soluci\u00f3n para traducciones t\u00e9cnicas altamente precisas y confiables.<div style=\"margin-top: 2.5vw;\"><a class=\"tt-btn-main-cta\" href=\"\/es\/presupuesto-sin-cargo\">SOLICITE UN PRESUPUESTO SIN CARGO<\/a><\/div>"},"text-1":{"type":"textarea","raw":"<h2 style=\"margin-bottom:20px\">Traducciones T\u00e9cnicas<\/h2>\r\n<p>La traducci\u00f3n de cualquier documento t\u00e9cnico es un elemento importante para exportar con \u00e9xito productos y servicios. Para este tipo de tarea se requiere un conocimiento s\u00f3lido en extremo y preciso de los t\u00e9rminos y formatos espec\u00edficos del rubro, que muchas veces pueden ser complejos. Para que pueda quedarse tranquilo de que sus traducciones t\u00e9cnicas son completamente precisas, trabaje con un equipo de traductores de calidad comprobada que puedan combinar el dominio del idioma con la experiencia espec\u00edfica de esta industria.<\/p>\r\n<p><em>Trusted Translations<\/em> es su soluci\u00f3n para traducciones t\u00e9cnicas entregadas a tiempo, dentro del presupuesto y con un alto nivel de precisi\u00f3n. Estos son algunos ejemplos de los tipos de documentos t\u00e9cnicos que traducimos con frecuencia:<\/p>\r\n<ul>\r\n<li>Especificaciones de ingenier\u00eda<\/li>\r\n<li>Manuales de instrucciones y operaci\u00f3n<\/li>\r\n<li>Informes cient\u00edficos y oficiales<\/li>\r\n<li>Patentes y solicitudes para obtenerlas<\/li>\r\n<li>Planillas de datos<\/li>\r\n<li>Otra documentaci\u00f3n t\u00e9cnica<\/li>\r\n<li>M\u00f3dulos t\u00e9cnicos de aprendizaje en l\u00ednea<\/li>\r\n<li>Manuales y gu\u00edas de electr\u00f3nica<\/li>\r\n<\/ul>\r\n<h2 style=\"margin-bottom:20px\">Traducciones T\u00e9cnicas de Espa\u00f1ol<\/h2>\r\n<p><em>Trusted Translations<\/em> tiene experiencia espec\u00edfica en traducciones t\u00e9cnicas en espa\u00f1ol. Con una experiencia sin igual en servicios de traducci\u00f3n de espa\u00f1ol, nuestro equipo incluso puede asesorarlo sobre la forma apropiada del idioma para sus traducciones, mientras cumple todos sus requisitos ling\u00fc\u00edsticos t\u00e9cnicos. Por ejemplo, seg\u00fan cu\u00e1l sea su mercado objetivo, sus traducciones t\u00e9cnicas podr\u00edan tener que entregarse en un espa\u00f1ol neutro, para garantizar que profesionales, t\u00e9cnicos y usuarios finales de cualquier pa\u00eds hispanohablante puedan entender su material, o en un dialecto espec\u00edfico, para dirigirse al p\u00fablico de un pa\u00eds hispano en particular.<\/p>"},"shortcode-map":{"type":"textfield","raw":""},"dyk-shortcode":{"type":"textfield","raw":"[elementor-template id=\"139368\"]"},"text-2":{"type":"textarea","raw":"<h2 style=\"margin-bottom:20px\">Equipos de Traducci\u00f3n T\u00e9cnica<\/h2>\r\nEn <em>Trusted Translations,<\/em> nuestros traductores profesionales se seleccionan en funci\u00f3n de sus capacidades ling\u00fc\u00edsticas y su conocimiento del contenido espec\u00edfico que se traduce. Tambi\u00e9n tenemos un exhaustivo proceso de control de calidad para garantizar la precisi\u00f3n y calidad de todas las traducciones t\u00e9cnicas.\r\n\r\nNuestro proceso para traducir cualquier documento t\u00e9cnico, como un manual de instrucciones t\u00e9cnicas, es asignar el proyecto a traductores que cuentan con las credenciales acad\u00e9micas necesarias y experiencia de la vida real en la materia. Adem\u00e1s, todos nuestros traductores t\u00e9cnicos tienen acceso a memorias de traducci\u00f3n, diccionarios y glosarios espec\u00edficos del rubro, lo que garantiza que toda traducci\u00f3n ser\u00e1 a la vez exacta y coherente, incluso en los proyectos m\u00e1s grandes.\r\n\r\nCon m\u00faltiples rondas de revisi\u00f3n, nuestros expertos gerentes de proyecto y equipos de dise\u00f1o gr\u00e1fico se asegurar\u00e1n de que su contenido se traduzca con precisi\u00f3n y se publique en el formato correcto, a tiempo y dentro del presupuesto. Esto les permitir\u00e1 a usted y a su equipo concentrarse en otras tareas clave para su organizaci\u00f3n, como lanzar su nuevo producto, aumentar la productividad o generar mayores ingresos.\r\n\r\nDado que contamos con personal interno completo, que incluye a ingenieros y desarrolladores de software, trabajamos con todo tipo de contenido de programas y en todos los formatos de archivos electr\u00f3nicos: puede enviarnos todo su material t\u00e9cnico para traducir, en lugar de tener que buscar varios proveedores de traducci\u00f3n. En la entrega, tambi\u00e9n proporcionamos a nuestros clientes archivos \"listos para publicar\", para que su experiencia sea lo m\u00e1s fluida posible.\r\n\r\nSomos expertos en proyectos grandes y peque\u00f1os, y podemos trabajar dentro de sus limitaciones de tiempo, sin importar el tipo de proyecto. Para saber m\u00e1s sobre los servicios de traducciones t\u00e9cnicas de <em>Trusted Translations<\/em>, comun\u00edquese con nosotros hoy mismo."},"state":{"type":"textfield","raw":""},"city":{"type":"textarea","raw":[]}}},"_links":{"self":[{"href":"https:\/\/www.trustedtranslations.com\/es\/wp-json\/wp\/v2\/pages\/127083","targetHints":{"allow":["GET"]}}],"collection":[{"href":"https:\/\/www.trustedtranslations.com\/es\/wp-json\/wp\/v2\/pages"}],"about":[{"href":"https:\/\/www.trustedtranslations.com\/es\/wp-json\/wp\/v2\/types\/page"}],"author":[{"embeddable":true,"href":"https:\/\/www.trustedtranslations.com\/es\/wp-json\/wp\/v2\/users\/1"}],"replies":[{"embeddable":true,"href":"https:\/\/www.trustedtranslations.com\/es\/wp-json\/wp\/v2\/comments?post=127083"}],"version-history":[{"count":0,"href":"https:\/\/www.trustedtranslations.com\/es\/wp-json\/wp\/v2\/pages\/127083\/revisions"}],"up":[{"embeddable":true,"href":"https:\/\/www.trustedtranslations.com\/es\/wp-json\/wp\/v2\/pages\/127109"}],"wp:featuredmedia":[{"embeddable":true,"href":"https:\/\/www.trustedtranslations.com\/es\/wp-json\/wp\/v2\/media\/139634"}],"wp:attachment":[{"href":"https:\/\/www.trustedtranslations.com\/es\/wp-json\/wp\/v2\/media?parent=127083"}],"curies":[{"name":"wp","href":"https:\/\/api.w.org\/{rel}","templated":true}]}}