{"id":127085,"date":"2018-07-05T19:12:15","date_gmt":"2018-07-05T19:12:15","guid":{"rendered":"https:\/\/www.trustedtranslations.com\/?page_id=127085"},"modified":"2024-09-03T11:56:47","modified_gmt":"2024-09-03T14:56:47","slug":"medios-de-comunicacion","status":"publish","type":"page","link":"https:\/\/www.trustedtranslations.com\/es\/industrias\/medios-de-comunicacion","title":{"rendered":"Medios de Comunicaci\u00f3n"},"content":{"rendered":"","protected":false},"excerpt":{"rendered":"","protected":false},"author":1,"featured_media":139634,"parent":127109,"menu_order":0,"comment_status":"closed","ping_status":"closed","template":"","meta":{"site-sidebar-layout":"default","site-content-layout":"default","ast-site-content-layout":"default","site-content-style":"default","site-sidebar-style":"default","ast-global-header-display":"","ast-banner-title-visibility":"","ast-main-header-display":"","ast-hfb-above-header-display":"","ast-hfb-below-header-display":"","ast-hfb-mobile-header-display":"","site-post-title":"disabled","ast-breadcrumbs-content":"","ast-featured-img":"","footer-sml-layout":"","ast-disable-related-posts":"","theme-transparent-header-meta":"default","adv-header-id-meta":"","stick-header-meta":"","header-above-stick-meta":"","header-main-stick-meta":"","header-below-stick-meta":"","astra-migrate-meta-layouts":"set","ast-page-background-enabled":"default","ast-page-background-meta":{"desktop":{"background-color":"var(--ast-global-color-4)","background-image":"","background-repeat":"repeat","background-position":"center center","background-size":"auto","background-attachment":"scroll","background-type":"","background-media":"","overlay-type":"","overlay-color":"","overlay-opacity":"","overlay-gradient":""},"tablet":{"background-color":"","background-image":"","background-repeat":"repeat","background-position":"center center","background-size":"auto","background-attachment":"scroll","background-type":"","background-media":"","overlay-type":"","overlay-color":"","overlay-opacity":"","overlay-gradient":""},"mobile":{"background-color":"","background-image":"","background-repeat":"repeat","background-position":"center center","background-size":"auto","background-attachment":"scroll","background-type":"","background-media":"","overlay-type":"","overlay-color":"","overlay-opacity":"","overlay-gradient":""}},"ast-content-background-meta":{"desktop":{"background-color":"var(--ast-global-color-5)","background-image":"","background-repeat":"repeat","background-position":"center center","background-size":"auto","background-attachment":"scroll","background-type":"","background-media":"","overlay-type":"","overlay-color":"","overlay-opacity":"","overlay-gradient":""},"tablet":{"background-color":"var(--ast-global-color-5)","background-image":"","background-repeat":"repeat","background-position":"center center","background-size":"auto","background-attachment":"scroll","background-type":"","background-media":"","overlay-type":"","overlay-color":"","overlay-opacity":"","overlay-gradient":""},"mobile":{"background-color":"var(--ast-global-color-5)","background-image":"","background-repeat":"repeat","background-position":"center center","background-size":"auto","background-attachment":"scroll","background-type":"","background-media":"","overlay-type":"","overlay-color":"","overlay-opacity":"","overlay-gradient":""}},"footnotes":""},"class_list":["post-127085","page","type-page","status-publish","has-post-thumbnail","hentry"],"yoast_head":"<!-- This site is optimized with the Yoast SEO plugin v27.3 - https:\/\/yoast.com\/product\/yoast-seo-wordpress\/ -->\n<title>Servicios de Traducci\u00f3n de Medios: Trusted Translations, Inc.<\/title>\n<meta name=\"description\" content=\"Trusted Translations, Inc. tiene una amplia experiencia en el trabajo con las m\u00e1s importantes organizaciones de medios de comunicaci\u00f3n. Haga una consulta o solicite un presupuesto sin cargo.\" \/>\n<meta name=\"robots\" content=\"index, follow, max-snippet:-1, max-image-preview:large, max-video-preview:-1\" \/>\n<link rel=\"canonical\" href=\"https:\/\/www.trustedtranslations.com\/es\/industrias\/medios-de-comunicacion\" \/>\n<meta property=\"og:locale\" content=\"es_ES\" \/>\n<meta property=\"og:type\" content=\"article\" \/>\n<meta property=\"og:title\" content=\"Servicios de Traducci\u00f3n de Medios: Trusted Translations, Inc.\" \/>\n<meta property=\"og:description\" content=\"Trusted Translations, Inc. tiene una amplia experiencia en el trabajo con las m\u00e1s importantes organizaciones de medios de comunicaci\u00f3n. Haga una consulta o solicite un presupuesto sin cargo.\" \/>\n<meta property=\"og:url\" content=\"https:\/\/www.trustedtranslations.com\/es\/industrias\/medios-de-comunicacion\" \/>\n<meta property=\"og:site_name\" content=\"Trusted Translations\" \/>\n<meta property=\"article:publisher\" content=\"https:\/\/www.facebook.com\/Trusted.Translations\" \/>\n<meta property=\"article:modified_time\" content=\"2024-09-03T14:56:47+00:00\" \/>\n<meta property=\"og:image\" content=\"https:\/\/static.trustedtranslations.com\/wp-content\/uploads\/2022\/03\/TT_NEW_FB-1.png\" \/>\n\t<meta property=\"og:image:width\" content=\"1038\" \/>\n\t<meta property=\"og:image:height\" content=\"1038\" \/>\n\t<meta property=\"og:image:type\" content=\"image\/png\" \/>\n<meta name=\"twitter:card\" content=\"summary_large_image\" \/>\n<meta name=\"twitter:site\" content=\"@TrustedT9ns\" \/>\n<script type=\"application\/ld+json\" class=\"yoast-schema-graph\">{\"@context\":\"https:\\\/\\\/schema.org\",\"@graph\":[{\"@type\":\"WebPage\",\"@id\":\"https:\\\/\\\/www.trustedtranslations.com\\\/es\\\/industrias\\\/medios-de-comunicacion\",\"url\":\"https:\\\/\\\/www.trustedtranslations.com\\\/es\\\/industrias\\\/medios-de-comunicacion\",\"name\":\"Servicios de Traducci\u00f3n de Medios: Trusted Translations, Inc.\",\"isPartOf\":{\"@id\":\"https:\\\/\\\/www.trustedtranslations.com\\\/es\\\/#website\"},\"primaryImageOfPage\":{\"@id\":\"https:\\\/\\\/www.trustedtranslations.com\\\/es\\\/industrias\\\/medios-de-comunicacion#primaryimage\"},\"image\":{\"@id\":\"https:\\\/\\\/www.trustedtranslations.com\\\/es\\\/industrias\\\/medios-de-comunicacion#primaryimage\"},\"thumbnailUrl\":\"https:\\\/\\\/www.trustedtranslations.com\\\/wp-content\\\/uploads\\\/2022\\\/03\\\/TT_NEW_FB-1.png\",\"description\":\"Trusted Translations, Inc. tiene una amplia experiencia en el trabajo con las m\u00e1s importantes organizaciones de medios de comunicaci\u00f3n. Haga una consulta o solicite un presupuesto sin cargo.\",\"breadcrumb\":{\"@id\":\"https:\\\/\\\/www.trustedtranslations.com\\\/es\\\/industrias\\\/medios-de-comunicacion#breadcrumb\"},\"inLanguage\":\"es\",\"potentialAction\":[{\"@type\":\"ReadAction\",\"target\":[\"https:\\\/\\\/www.trustedtranslations.com\\\/es\\\/industrias\\\/medios-de-comunicacion\"]}]},{\"@type\":\"ImageObject\",\"inLanguage\":\"es\",\"@id\":\"https:\\\/\\\/www.trustedtranslations.com\\\/es\\\/industrias\\\/medios-de-comunicacion#primaryimage\",\"url\":\"https:\\\/\\\/www.trustedtranslations.com\\\/wp-content\\\/uploads\\\/2022\\\/03\\\/TT_NEW_FB-1.png\",\"contentUrl\":\"https:\\\/\\\/www.trustedtranslations.com\\\/wp-content\\\/uploads\\\/2022\\\/03\\\/TT_NEW_FB-1.png\",\"width\":1038,\"height\":1038,\"caption\":\"TT NEW FB 1\"},{\"@type\":\"BreadcrumbList\",\"@id\":\"https:\\\/\\\/www.trustedtranslations.com\\\/es\\\/industrias\\\/medios-de-comunicacion#breadcrumb\",\"itemListElement\":[{\"@type\":\"ListItem\",\"position\":1,\"name\":\"Home\",\"item\":\"https:\\\/\\\/www.trustedtranslations.com\\\/es\"},{\"@type\":\"ListItem\",\"position\":2,\"name\":\"Industrias\",\"item\":\"https:\\\/\\\/www.trustedtranslations.com\\\/es\\\/industrias\"},{\"@type\":\"ListItem\",\"position\":3,\"name\":\"Medios de Comunicaci\u00f3n\"}]},{\"@type\":\"WebSite\",\"@id\":\"https:\\\/\\\/www.trustedtranslations.com\\\/es\\\/#website\",\"url\":\"https:\\\/\\\/www.trustedtranslations.com\\\/es\\\/\",\"name\":\"Trusted Translations, Inc.\",\"description\":\"Leader in translation and interpretation services.\",\"publisher\":{\"@id\":\"https:\\\/\\\/www.trustedtranslations.com\\\/es\\\/#organization\"},\"alternateName\":\"Trusted Translations\",\"potentialAction\":[{\"@type\":\"SearchAction\",\"target\":{\"@type\":\"EntryPoint\",\"urlTemplate\":\"https:\\\/\\\/www.trustedtranslations.com\\\/es\\\/?s={search_term_string}\"},\"query-input\":{\"@type\":\"PropertyValueSpecification\",\"valueRequired\":true,\"valueName\":\"search_term_string\"}}],\"inLanguage\":\"es\"},{\"@type\":\"Organization\",\"@id\":\"https:\\\/\\\/www.trustedtranslations.com\\\/es\\\/#organization\",\"name\":\"Trusted Translations\",\"alternateName\":\"Trusted Translations, Inc.\",\"url\":\"https:\\\/\\\/www.trustedtranslations.com\\\/es\\\/\",\"logo\":{\"@type\":\"ImageObject\",\"inLanguage\":\"es\",\"@id\":\"https:\\\/\\\/www.trustedtranslations.com\\\/es\\\/#\\\/schema\\\/logo\\\/image\\\/\",\"url\":\"https:\\\/\\\/static.trustedtranslations.com\\\/wp-content\\\/uploads\\\/2022\\\/01\\\/TT_logo_WSIColors-2.png\",\"contentUrl\":\"https:\\\/\\\/static.trustedtranslations.com\\\/wp-content\\\/uploads\\\/2022\\\/01\\\/TT_logo_WSIColors-2.png\",\"width\":500,\"height\":196,\"caption\":\"Trusted Translations\"},\"image\":{\"@id\":\"https:\\\/\\\/www.trustedtranslations.com\\\/es\\\/#\\\/schema\\\/logo\\\/image\\\/\"},\"sameAs\":[\"https:\\\/\\\/www.facebook.com\\\/Trusted.Translations\",\"https:\\\/\\\/x.com\\\/TrustedT9ns\",\"https:\\\/\\\/www.linkedin.com\\\/company\\\/trusted-translations\"]}]}<\/script>\n<!-- \/ Yoast SEO plugin. -->","yoast_head_json":{"title":"Servicios de Traducci\u00f3n de Medios: Trusted Translations, Inc.","description":"Trusted Translations, Inc. tiene una amplia experiencia en el trabajo con las m\u00e1s importantes organizaciones de medios de comunicaci\u00f3n. Haga una consulta o solicite un presupuesto sin cargo.","robots":{"index":"index","follow":"follow","max-snippet":"max-snippet:-1","max-image-preview":"max-image-preview:large","max-video-preview":"max-video-preview:-1"},"canonical":"https:\/\/www.trustedtranslations.com\/es\/industrias\/medios-de-comunicacion","og_locale":"es_ES","og_type":"article","og_title":"Servicios de Traducci\u00f3n de Medios: Trusted Translations, Inc.","og_description":"Trusted Translations, Inc. tiene una amplia experiencia en el trabajo con las m\u00e1s importantes organizaciones de medios de comunicaci\u00f3n. Haga una consulta o solicite un presupuesto sin cargo.","og_url":"https:\/\/www.trustedtranslations.com\/es\/industrias\/medios-de-comunicacion","og_site_name":"Trusted Translations","article_publisher":"https:\/\/www.facebook.com\/Trusted.Translations","article_modified_time":"2024-09-03T14:56:47+00:00","og_image":[{"width":1038,"height":1038,"url":"https:\/\/static.trustedtranslations.com\/wp-content\/uploads\/2022\/03\/TT_NEW_FB-1.png","type":"image\/png"}],"twitter_card":"summary_large_image","twitter_site":"@TrustedT9ns","schema":{"@context":"https:\/\/schema.org","@graph":[{"@type":"WebPage","@id":"https:\/\/www.trustedtranslations.com\/es\/industrias\/medios-de-comunicacion","url":"https:\/\/www.trustedtranslations.com\/es\/industrias\/medios-de-comunicacion","name":"Servicios de Traducci\u00f3n de Medios: Trusted Translations, Inc.","isPartOf":{"@id":"https:\/\/www.trustedtranslations.com\/es\/#website"},"primaryImageOfPage":{"@id":"https:\/\/www.trustedtranslations.com\/es\/industrias\/medios-de-comunicacion#primaryimage"},"image":{"@id":"https:\/\/www.trustedtranslations.com\/es\/industrias\/medios-de-comunicacion#primaryimage"},"thumbnailUrl":"https:\/\/www.trustedtranslations.com\/wp-content\/uploads\/2022\/03\/TT_NEW_FB-1.png","description":"Trusted Translations, Inc. tiene una amplia experiencia en el trabajo con las m\u00e1s importantes organizaciones de medios de comunicaci\u00f3n. Haga una consulta o solicite un presupuesto sin cargo.","breadcrumb":{"@id":"https:\/\/www.trustedtranslations.com\/es\/industrias\/medios-de-comunicacion#breadcrumb"},"inLanguage":"es","potentialAction":[{"@type":"ReadAction","target":["https:\/\/www.trustedtranslations.com\/es\/industrias\/medios-de-comunicacion"]}]},{"@type":"ImageObject","inLanguage":"es","@id":"https:\/\/www.trustedtranslations.com\/es\/industrias\/medios-de-comunicacion#primaryimage","url":"https:\/\/www.trustedtranslations.com\/wp-content\/uploads\/2022\/03\/TT_NEW_FB-1.png","contentUrl":"https:\/\/www.trustedtranslations.com\/wp-content\/uploads\/2022\/03\/TT_NEW_FB-1.png","width":1038,"height":1038,"caption":"TT NEW FB 1"},{"@type":"BreadcrumbList","@id":"https:\/\/www.trustedtranslations.com\/es\/industrias\/medios-de-comunicacion#breadcrumb","itemListElement":[{"@type":"ListItem","position":1,"name":"Home","item":"https:\/\/www.trustedtranslations.com\/es"},{"@type":"ListItem","position":2,"name":"Industrias","item":"https:\/\/www.trustedtranslations.com\/es\/industrias"},{"@type":"ListItem","position":3,"name":"Medios de Comunicaci\u00f3n"}]},{"@type":"WebSite","@id":"https:\/\/www.trustedtranslations.com\/es\/#website","url":"https:\/\/www.trustedtranslations.com\/es\/","name":"Trusted Translations, Inc.","description":"Leader in translation and interpretation services.","publisher":{"@id":"https:\/\/www.trustedtranslations.com\/es\/#organization"},"alternateName":"Trusted Translations","potentialAction":[{"@type":"SearchAction","target":{"@type":"EntryPoint","urlTemplate":"https:\/\/www.trustedtranslations.com\/es\/?s={search_term_string}"},"query-input":{"@type":"PropertyValueSpecification","valueRequired":true,"valueName":"search_term_string"}}],"inLanguage":"es"},{"@type":"Organization","@id":"https:\/\/www.trustedtranslations.com\/es\/#organization","name":"Trusted Translations","alternateName":"Trusted Translations, Inc.","url":"https:\/\/www.trustedtranslations.com\/es\/","logo":{"@type":"ImageObject","inLanguage":"es","@id":"https:\/\/www.trustedtranslations.com\/es\/#\/schema\/logo\/image\/","url":"https:\/\/static.trustedtranslations.com\/wp-content\/uploads\/2022\/01\/TT_logo_WSIColors-2.png","contentUrl":"https:\/\/static.trustedtranslations.com\/wp-content\/uploads\/2022\/01\/TT_logo_WSIColors-2.png","width":500,"height":196,"caption":"Trusted Translations"},"image":{"@id":"https:\/\/www.trustedtranslations.com\/es\/#\/schema\/logo\/image\/"},"sameAs":["https:\/\/www.facebook.com\/Trusted.Translations","https:\/\/x.com\/TrustedT9ns","https:\/\/www.linkedin.com\/company\/trusted-translations"]}]}},"toolset-meta":{"dyk":{"mensaje-1":{"type":"textfield","raw":"Contamos con especialistas en marketing para contenido relacionado con los medios en m\u00e1s de 150 idiomas."},"mensaje-2":{"type":"textfield","raw":"Somos un proveedor preferido de Republica Havas y otras importantes agencias de medios."},"mensaje-3":{"type":"textfield","raw":"En <em>Trusted Translations<\/em> hay una divisi\u00f3n especializada en servicios de posproducci\u00f3n de medios."},"mensaje-4":{"type":"textfield","raw":"La traducci\u00f3n de calidad de la industria de medios garantiza la protecci\u00f3n de la marca frente a errores y malentendidos."},"mensaje-5":{"type":"textfield","raw":""},"mensaje-6":{"type":"textfield","raw":""}},"single-page-template-fields":{"imgs-temp":{"type":"image","raw":["https:\/\/static.trustedtranslations.com\/wp-content\/uploads\/2024\/05\/media-final-1.webp"],"repeatable":[{"raw":"https:\/\/static.trustedtranslations.com\/wp-content\/uploads\/2024\/05\/media-final-1.webp"}]},"imgs-temp-cel":{"type":"image","raw":[""],"repeatable":[{"raw":""}]},"img-temp-one-cel":{"type":"image","raw":"https:\/\/static.trustedtranslations.com\/wp-content\/uploads\/2024\/05\/AdobeStock_171466999-1-1.webp","attachment_id":null},"quotes":{"type":"textarea","raw":"<h1 style=\"margin-bottom: 12px;\">Servicios de Traducci\u00f3n de Medios y Literaria<\/h1>Traducir contenido de medios y literatura requiere un conjunto de habilidades casi opuesto a la precisi\u00f3n conceptual y terminol\u00f3gica de las traducciones t\u00e9cnicas, jur\u00eddicas, m\u00e9dicas y cient\u00edficas. Proporcionamos traducciones de medios y literarias que transmiten las emociones, los valores y el impacto creativo del original, sin abandonar la integridad del trabajo.<div style=\"margin-top: 2.5vw;\"><a class=\"tt-btn-main-cta\" href=\"\/es\/presupuesto-sin-cargo\">SOLICITE UN PRESUPUESTO SIN CARGO<\/a><\/div>"},"text-1":{"type":"textarea","raw":"<h2>Traducci\u00f3n Especializada para Captar Matices Literarios y Medi\u00e1ticos<\/h2>\r\nEl objetivo del texto literario y de medios es resaltar varios aspectos del pensamiento humano, adem\u00e1s de comunicar informaci\u00f3n a una gran cantidad de personas. En estos tipos de traducciones se utiliza lenguaje f\u00e1ctico, pero tambi\u00e9n simbolismo, juegos de palabras, met\u00e1foras y otras caracter\u00edsticas creativas que apuntan a afectar las emociones humanas, no solo intentan transmitir informaci\u00f3n espec\u00edfica.\r\n\r\nPara comunicar la misma intenci\u00f3n que el texto original, se encargan de esto traductores especializados que tienen experiencia en traducciones de medios y literarias. Traducir el efecto del autor original es un logro para el que se requieren traductores que no solo \"conozcan\" otro idioma con fluidez, sino que tambi\u00e9n sean excelentes escritores.\r\n<h2 style=\"margin-bottom:20px\">Traducci\u00f3n Literaria<\/h2>\r\nLa traducci\u00f3n literaria es responsable de la popularidad mundial de algunas de las obras de la literatura m\u00e1s perdurables del mundo. Una buena traducci\u00f3n literaria implica tener una sensaci\u00f3n del contexto de la palabra escrita y la capacidad de hacerla coincidir con la intenci\u00f3n original del autor, mientras hace uso en forma experta de las diferentes caracter\u00edsticas ling\u00fc\u00edsticas y estil\u00edsticas del idioma de destino.\r\n\r\nNuestros traductores literarios son h\u00e1biles redactores creativos y est\u00e1n capacitados para entender el contexto literario de la obra en cuesti\u00f3n. De ese modo se aseguran de que la traducci\u00f3n contenga no solo las palabras y pensamientos del autor, sino tambi\u00e9n la forma en que desea transmitir su mensaje. Si tiene que traducir una novela u otra pieza literaria, le proporcionaremos una soluci\u00f3n detallista y bien elaborada."},"shortcode-map":{"type":"textfield","raw":""},"dyk-shortcode":{"type":"textfield","raw":"[elementor-template id=\"139368\"]"},"text-2":{"type":"textarea","raw":"<h2 style=\"margin-bottom:20px\">Traducci\u00f3n para Medios<\/h2>\r\nDesde comunicados de prensa y art\u00edculos de noticias hasta especificaciones de multimedia y contenido digital, <em>Trusted Translations<\/em> entiende la industria de los medios. Tenemos una amplia experiencia en trabajar con las principales organizaciones de medios, incluidas empresas multinacionales y peri\u00f3dicos, y reconocemos la necesidad de traducciones r\u00e1pidas y precisas. En particular, estamos listos para proporcionar cambios de \u00faltimo momento y entregas r\u00e1pidas en proyectos sensibles al tiempo.\r\n\r\nLos siguientes son algunos de los documentos relacionados con los medios que traducimos por lo general:\r\n<ul>\r\n \t<li>Comunicados de prensa<\/li>\r\n \t<li>Contenido digital<\/li>\r\n \t<li>Presentaciones multimedia<\/li>\r\n \t<li>Cartas y facturas de clientes<\/li>\r\n \t<li>Folletos y otros materiales de marketing<\/li>\r\n \t<li>Kits de prensa completos<\/li>\r\n \t<li>Art\u00edculos de noticias<\/li>\r\n \t<li>Reportajes de televisi\u00f3n y radio<\/li>\r\n \t<li>Comunicaciones corporativas<\/li>\r\n<\/ul>\r\n<h2 style=\"margin-bottom:20px\">Equipos de Traducci\u00f3n de Medios<\/h2>\r\nTodos nuestros traductores de medios tienen acceso a memorias de traducci\u00f3n, diccionarios y glosarios espec\u00edficos de medios, lo que garantiza que cada trabajo sea preciso y coherente, incluso en los proyectos de mayor tama\u00f1o. Tambi\u00e9n trabajan con nuestros gerentes de proyecto, que tienen habilidades tanto de planificaci\u00f3n de proyectos como de control de calidad.\r\n\r\nAdem\u00e1s, todos los traductores profesionales de <em>Trusted Translations<\/em> firman acuerdos vinculantes de confidencialidad comercial y empresarial. Todas las traducciones se mantienen confidenciales: nuestros traductores est\u00e1n familiarizados con la naturaleza de las comunicaciones sensibles de los medios y dar\u00e1n prioridad a la seguridad de sus proyectos.\r\n\r\nEn <em>Trusted Translations,<\/em> podemos crear equipos con rapidez para lograr entregas veloces de proyectos importantes, aceptar todo tipo de archivos y entregar material listo para publicar cuando sea necesario. Comun\u00edquese con nosotros hoy para saber c\u00f3mo podemos ser la soluci\u00f3n para sus necesidades de traducci\u00f3n de medios."},"state":{"type":"textfield","raw":""},"city":{"type":"textarea","raw":[]}}},"_links":{"self":[{"href":"https:\/\/www.trustedtranslations.com\/es\/wp-json\/wp\/v2\/pages\/127085","targetHints":{"allow":["GET"]}}],"collection":[{"href":"https:\/\/www.trustedtranslations.com\/es\/wp-json\/wp\/v2\/pages"}],"about":[{"href":"https:\/\/www.trustedtranslations.com\/es\/wp-json\/wp\/v2\/types\/page"}],"author":[{"embeddable":true,"href":"https:\/\/www.trustedtranslations.com\/es\/wp-json\/wp\/v2\/users\/1"}],"replies":[{"embeddable":true,"href":"https:\/\/www.trustedtranslations.com\/es\/wp-json\/wp\/v2\/comments?post=127085"}],"version-history":[{"count":0,"href":"https:\/\/www.trustedtranslations.com\/es\/wp-json\/wp\/v2\/pages\/127085\/revisions"}],"up":[{"embeddable":true,"href":"https:\/\/www.trustedtranslations.com\/es\/wp-json\/wp\/v2\/pages\/127109"}],"wp:featuredmedia":[{"embeddable":true,"href":"https:\/\/www.trustedtranslations.com\/es\/wp-json\/wp\/v2\/media\/139634"}],"wp:attachment":[{"href":"https:\/\/www.trustedtranslations.com\/es\/wp-json\/wp\/v2\/media?parent=127085"}],"curies":[{"name":"wp","href":"https:\/\/api.w.org\/{rel}","templated":true}]}}