{"id":127086,"date":"2018-07-05T19:12:12","date_gmt":"2018-07-05T19:12:12","guid":{"rendered":"https:\/\/www.trustedtranslations.com\/?page_id=127086"},"modified":"2024-09-03T11:55:44","modified_gmt":"2024-09-03T14:55:44","slug":"manufacturas","status":"publish","type":"page","link":"https:\/\/www.trustedtranslations.com\/es\/industrias\/manufacturas","title":{"rendered":"Manufacturas"},"content":{"rendered":"","protected":false},"excerpt":{"rendered":"","protected":false},"author":1,"featured_media":139634,"parent":127109,"menu_order":0,"comment_status":"closed","ping_status":"closed","template":"","meta":{"site-sidebar-layout":"default","site-content-layout":"default","ast-site-content-layout":"default","site-content-style":"default","site-sidebar-style":"default","ast-global-header-display":"","ast-banner-title-visibility":"","ast-main-header-display":"","ast-hfb-above-header-display":"","ast-hfb-below-header-display":"","ast-hfb-mobile-header-display":"","site-post-title":"disabled","ast-breadcrumbs-content":"","ast-featured-img":"","footer-sml-layout":"","theme-transparent-header-meta":"default","adv-header-id-meta":"","stick-header-meta":"","header-above-stick-meta":"","header-main-stick-meta":"","header-below-stick-meta":"","astra-migrate-meta-layouts":"set","ast-page-background-enabled":"default","ast-page-background-meta":{"desktop":{"background-color":"var(--ast-global-color-4)","background-image":"","background-repeat":"repeat","background-position":"center center","background-size":"auto","background-attachment":"scroll","background-type":"","background-media":"","overlay-type":"","overlay-color":"","overlay-opacity":"","overlay-gradient":""},"tablet":{"background-color":"","background-image":"","background-repeat":"repeat","background-position":"center center","background-size":"auto","background-attachment":"scroll","background-type":"","background-media":"","overlay-type":"","overlay-color":"","overlay-opacity":"","overlay-gradient":""},"mobile":{"background-color":"","background-image":"","background-repeat":"repeat","background-position":"center center","background-size":"auto","background-attachment":"scroll","background-type":"","background-media":"","overlay-type":"","overlay-color":"","overlay-opacity":"","overlay-gradient":""}},"ast-content-background-meta":{"desktop":{"background-color":"var(--ast-global-color-5)","background-image":"","background-repeat":"repeat","background-position":"center center","background-size":"auto","background-attachment":"scroll","background-type":"","background-media":"","overlay-type":"","overlay-color":"","overlay-opacity":"","overlay-gradient":""},"tablet":{"background-color":"var(--ast-global-color-5)","background-image":"","background-repeat":"repeat","background-position":"center center","background-size":"auto","background-attachment":"scroll","background-type":"","background-media":"","overlay-type":"","overlay-color":"","overlay-opacity":"","overlay-gradient":""},"mobile":{"background-color":"var(--ast-global-color-5)","background-image":"","background-repeat":"repeat","background-position":"center center","background-size":"auto","background-attachment":"scroll","background-type":"","background-media":"","overlay-type":"","overlay-color":"","overlay-opacity":"","overlay-gradient":""}},"footnotes":""},"class_list":["post-127086","page","type-page","status-publish","has-post-thumbnail","hentry"],"yoast_head":"<!-- This site is optimized with the Yoast SEO plugin v27.5 - https:\/\/yoast.com\/product\/yoast-seo-wordpress\/ -->\n<title>Servicios de Traducci\u00f3n para la Industria Manufacturera: Trusted Translations, Inc.<\/title>\n<meta name=\"description\" content=\"Trusted Translations es el proveedor l\u00edder de servicios de traducci\u00f3n para f\u00e1bricas. Haga una consulta o solicite un presupuesto sin cargo.\" \/>\n<meta name=\"robots\" content=\"index, follow, max-snippet:-1, max-image-preview:large, max-video-preview:-1\" \/>\n<link rel=\"canonical\" href=\"https:\/\/www.trustedtranslations.com\/es\/industrias\/manufacturas\" \/>\n<meta property=\"og:locale\" content=\"es_ES\" \/>\n<meta property=\"og:type\" content=\"article\" \/>\n<meta property=\"og:title\" content=\"Servicios de Traducci\u00f3n para la Industria Manufacturera: Trusted Translations, Inc.\" \/>\n<meta property=\"og:description\" content=\"Trusted Translations es el proveedor l\u00edder de servicios de traducci\u00f3n para f\u00e1bricas. Haga una consulta o solicite un presupuesto sin cargo.\" \/>\n<meta property=\"og:url\" content=\"https:\/\/www.trustedtranslations.com\/es\/industrias\/manufacturas\" \/>\n<meta property=\"og:site_name\" content=\"Trusted Translations\" \/>\n<meta property=\"article:publisher\" content=\"https:\/\/www.facebook.com\/Trusted.Translations\" \/>\n<meta property=\"article:modified_time\" content=\"2024-09-03T14:55:44+00:00\" \/>\n<meta property=\"og:image\" content=\"https:\/\/static.trustedtranslations.com\/wp-content\/uploads\/2022\/03\/TT_NEW_FB-1.png\" \/>\n\t<meta property=\"og:image:width\" content=\"1038\" \/>\n\t<meta property=\"og:image:height\" content=\"1038\" \/>\n\t<meta property=\"og:image:type\" content=\"image\/png\" \/>\n<meta name=\"twitter:card\" content=\"summary_large_image\" \/>\n<meta name=\"twitter:site\" content=\"@TrustedT9ns\" \/>\n<script type=\"application\/ld+json\" class=\"yoast-schema-graph\">{\"@context\":\"https:\\\/\\\/schema.org\",\"@graph\":[{\"@type\":\"WebPage\",\"@id\":\"https:\\\/\\\/www.trustedtranslations.com\\\/es\\\/industrias\\\/manufacturas\",\"url\":\"https:\\\/\\\/www.trustedtranslations.com\\\/es\\\/industrias\\\/manufacturas\",\"name\":\"Servicios de Traducci\u00f3n para la Industria Manufacturera: Trusted Translations, Inc.\",\"isPartOf\":{\"@id\":\"https:\\\/\\\/www.trustedtranslations.com\\\/es\\\/#website\"},\"primaryImageOfPage\":{\"@id\":\"https:\\\/\\\/www.trustedtranslations.com\\\/es\\\/industrias\\\/manufacturas#primaryimage\"},\"image\":{\"@id\":\"https:\\\/\\\/www.trustedtranslations.com\\\/es\\\/industrias\\\/manufacturas#primaryimage\"},\"thumbnailUrl\":\"https:\\\/\\\/www.trustedtranslations.com\\\/wp-content\\\/uploads\\\/2022\\\/03\\\/TT_NEW_FB-1.png\",\"description\":\"Trusted Translations es el proveedor l\u00edder de servicios de traducci\u00f3n para f\u00e1bricas. Haga una consulta o solicite un presupuesto sin cargo.\",\"breadcrumb\":{\"@id\":\"https:\\\/\\\/www.trustedtranslations.com\\\/es\\\/industrias\\\/manufacturas#breadcrumb\"},\"inLanguage\":\"es\",\"potentialAction\":[{\"@type\":\"ReadAction\",\"target\":[\"https:\\\/\\\/www.trustedtranslations.com\\\/es\\\/industrias\\\/manufacturas\"]}]},{\"@type\":\"ImageObject\",\"inLanguage\":\"es\",\"@id\":\"https:\\\/\\\/www.trustedtranslations.com\\\/es\\\/industrias\\\/manufacturas#primaryimage\",\"url\":\"https:\\\/\\\/www.trustedtranslations.com\\\/wp-content\\\/uploads\\\/2022\\\/03\\\/TT_NEW_FB-1.png\",\"contentUrl\":\"https:\\\/\\\/www.trustedtranslations.com\\\/wp-content\\\/uploads\\\/2022\\\/03\\\/TT_NEW_FB-1.png\",\"width\":1038,\"height\":1038,\"caption\":\"TT NEW FB 1\"},{\"@type\":\"BreadcrumbList\",\"@id\":\"https:\\\/\\\/www.trustedtranslations.com\\\/es\\\/industrias\\\/manufacturas#breadcrumb\",\"itemListElement\":[{\"@type\":\"ListItem\",\"position\":1,\"name\":\"Home\",\"item\":\"https:\\\/\\\/www.trustedtranslations.com\\\/es\"},{\"@type\":\"ListItem\",\"position\":2,\"name\":\"Industrias\",\"item\":\"https:\\\/\\\/www.trustedtranslations.com\\\/es\\\/industrias\"},{\"@type\":\"ListItem\",\"position\":3,\"name\":\"Manufacturas\"}]},{\"@type\":\"WebSite\",\"@id\":\"https:\\\/\\\/www.trustedtranslations.com\\\/es\\\/#website\",\"url\":\"https:\\\/\\\/www.trustedtranslations.com\\\/es\\\/\",\"name\":\"Trusted Translations, Inc.\",\"description\":\"Leader in translation and interpretation services.\",\"publisher\":{\"@id\":\"https:\\\/\\\/www.trustedtranslations.com\\\/es\\\/#organization\"},\"alternateName\":\"Trusted Translations\",\"potentialAction\":[{\"@type\":\"SearchAction\",\"target\":{\"@type\":\"EntryPoint\",\"urlTemplate\":\"https:\\\/\\\/www.trustedtranslations.com\\\/es\\\/?s={search_term_string}\"},\"query-input\":{\"@type\":\"PropertyValueSpecification\",\"valueRequired\":true,\"valueName\":\"search_term_string\"}}],\"inLanguage\":\"es\"},{\"@type\":\"Organization\",\"@id\":\"https:\\\/\\\/www.trustedtranslations.com\\\/es\\\/#organization\",\"name\":\"Trusted Translations\",\"alternateName\":\"Trusted Translations, Inc.\",\"url\":\"https:\\\/\\\/www.trustedtranslations.com\\\/es\\\/\",\"logo\":{\"@type\":\"ImageObject\",\"inLanguage\":\"es\",\"@id\":\"https:\\\/\\\/www.trustedtranslations.com\\\/es\\\/#\\\/schema\\\/logo\\\/image\\\/\",\"url\":\"https:\\\/\\\/static.trustedtranslations.com\\\/wp-content\\\/uploads\\\/2022\\\/01\\\/TT_logo_WSIColors-2.png\",\"contentUrl\":\"https:\\\/\\\/static.trustedtranslations.com\\\/wp-content\\\/uploads\\\/2022\\\/01\\\/TT_logo_WSIColors-2.png\",\"width\":500,\"height\":196,\"caption\":\"Trusted Translations\"},\"image\":{\"@id\":\"https:\\\/\\\/www.trustedtranslations.com\\\/es\\\/#\\\/schema\\\/logo\\\/image\\\/\"},\"sameAs\":[\"https:\\\/\\\/www.facebook.com\\\/Trusted.Translations\",\"https:\\\/\\\/x.com\\\/TrustedT9ns\",\"https:\\\/\\\/www.linkedin.com\\\/company\\\/trusted-translations\"]}]}<\/script>\n<!-- \/ Yoast SEO plugin. -->","yoast_head_json":{"title":"Servicios de Traducci\u00f3n para la Industria Manufacturera: Trusted Translations, Inc.","description":"Trusted Translations es el proveedor l\u00edder de servicios de traducci\u00f3n para f\u00e1bricas. Haga una consulta o solicite un presupuesto sin cargo.","robots":{"index":"index","follow":"follow","max-snippet":"max-snippet:-1","max-image-preview":"max-image-preview:large","max-video-preview":"max-video-preview:-1"},"canonical":"https:\/\/www.trustedtranslations.com\/es\/industrias\/manufacturas","og_locale":"es_ES","og_type":"article","og_title":"Servicios de Traducci\u00f3n para la Industria Manufacturera: Trusted Translations, Inc.","og_description":"Trusted Translations es el proveedor l\u00edder de servicios de traducci\u00f3n para f\u00e1bricas. Haga una consulta o solicite un presupuesto sin cargo.","og_url":"https:\/\/www.trustedtranslations.com\/es\/industrias\/manufacturas","og_site_name":"Trusted Translations","article_publisher":"https:\/\/www.facebook.com\/Trusted.Translations","article_modified_time":"2024-09-03T14:55:44+00:00","og_image":[{"width":1038,"height":1038,"url":"https:\/\/static.trustedtranslations.com\/wp-content\/uploads\/2022\/03\/TT_NEW_FB-1.png","type":"image\/png"}],"twitter_card":"summary_large_image","twitter_site":"@TrustedT9ns","schema":{"@context":"https:\/\/schema.org","@graph":[{"@type":"WebPage","@id":"https:\/\/www.trustedtranslations.com\/es\/industrias\/manufacturas","url":"https:\/\/www.trustedtranslations.com\/es\/industrias\/manufacturas","name":"Servicios de Traducci\u00f3n para la Industria Manufacturera: Trusted Translations, Inc.","isPartOf":{"@id":"https:\/\/www.trustedtranslations.com\/es\/#website"},"primaryImageOfPage":{"@id":"https:\/\/www.trustedtranslations.com\/es\/industrias\/manufacturas#primaryimage"},"image":{"@id":"https:\/\/www.trustedtranslations.com\/es\/industrias\/manufacturas#primaryimage"},"thumbnailUrl":"https:\/\/www.trustedtranslations.com\/wp-content\/uploads\/2022\/03\/TT_NEW_FB-1.png","description":"Trusted Translations es el proveedor l\u00edder de servicios de traducci\u00f3n para f\u00e1bricas. Haga una consulta o solicite un presupuesto sin cargo.","breadcrumb":{"@id":"https:\/\/www.trustedtranslations.com\/es\/industrias\/manufacturas#breadcrumb"},"inLanguage":"es","potentialAction":[{"@type":"ReadAction","target":["https:\/\/www.trustedtranslations.com\/es\/industrias\/manufacturas"]}]},{"@type":"ImageObject","inLanguage":"es","@id":"https:\/\/www.trustedtranslations.com\/es\/industrias\/manufacturas#primaryimage","url":"https:\/\/www.trustedtranslations.com\/wp-content\/uploads\/2022\/03\/TT_NEW_FB-1.png","contentUrl":"https:\/\/www.trustedtranslations.com\/wp-content\/uploads\/2022\/03\/TT_NEW_FB-1.png","width":1038,"height":1038,"caption":"TT NEW FB 1"},{"@type":"BreadcrumbList","@id":"https:\/\/www.trustedtranslations.com\/es\/industrias\/manufacturas#breadcrumb","itemListElement":[{"@type":"ListItem","position":1,"name":"Home","item":"https:\/\/www.trustedtranslations.com\/es"},{"@type":"ListItem","position":2,"name":"Industrias","item":"https:\/\/www.trustedtranslations.com\/es\/industrias"},{"@type":"ListItem","position":3,"name":"Manufacturas"}]},{"@type":"WebSite","@id":"https:\/\/www.trustedtranslations.com\/es\/#website","url":"https:\/\/www.trustedtranslations.com\/es\/","name":"Trusted Translations, Inc.","description":"Leader in translation and interpretation services.","publisher":{"@id":"https:\/\/www.trustedtranslations.com\/es\/#organization"},"alternateName":"Trusted Translations","potentialAction":[{"@type":"SearchAction","target":{"@type":"EntryPoint","urlTemplate":"https:\/\/www.trustedtranslations.com\/es\/?s={search_term_string}"},"query-input":{"@type":"PropertyValueSpecification","valueRequired":true,"valueName":"search_term_string"}}],"inLanguage":"es"},{"@type":"Organization","@id":"https:\/\/www.trustedtranslations.com\/es\/#organization","name":"Trusted Translations","alternateName":"Trusted Translations, Inc.","url":"https:\/\/www.trustedtranslations.com\/es\/","logo":{"@type":"ImageObject","inLanguage":"es","@id":"https:\/\/www.trustedtranslations.com\/es\/#\/schema\/logo\/image\/","url":"https:\/\/static.trustedtranslations.com\/wp-content\/uploads\/2022\/01\/TT_logo_WSIColors-2.png","contentUrl":"https:\/\/static.trustedtranslations.com\/wp-content\/uploads\/2022\/01\/TT_logo_WSIColors-2.png","width":500,"height":196,"caption":"Trusted Translations"},"image":{"@id":"https:\/\/www.trustedtranslations.com\/es\/#\/schema\/logo\/image\/"},"sameAs":["https:\/\/www.facebook.com\/Trusted.Translations","https:\/\/x.com\/TrustedT9ns","https:\/\/www.linkedin.com\/company\/trusted-translations"]}]}},"toolset-meta":{"dyk":{"mensaje-1":{"type":"textfield","raw":"<em>Trusted Translations<\/em> es un proveedor preferido de Goodman Global, Toyota, GE y muchos m\u00e1s."},"mensaje-2":{"type":"textfield","raw":"Superamos las normas de calidad ISO 9001:2015 y certificamos nuestras traducciones de la industria manufacturera."},"mensaje-3":{"type":"textfield","raw":"<em>Trusted Translations<\/em> cuenta con ingenieros biling\u00fces para realizar proyectos complejos de la industria manufacturera."},"mensaje-4":{"type":"textfield","raw":"En las traducciones de la industria manufacturera, se respetan los requisitos ling\u00fc\u00edsticos t\u00e9cnicos de los clientes."},"mensaje-5":{"type":"textfield","raw":""},"mensaje-6":{"type":"textfield","raw":""}},"single-page-template-fields":{"imgs-temp":{"type":"image","raw":["https:\/\/static.trustedtranslations.com\/wp-content\/uploads\/2024\/05\/manufacturing-final-1.webp"],"repeatable":[{"raw":"https:\/\/static.trustedtranslations.com\/wp-content\/uploads\/2024\/05\/manufacturing-final-1.webp"}]},"imgs-temp-cel":{"type":"image","raw":[""],"repeatable":[{"raw":""}]},"img-temp-one-cel":{"type":"image","raw":"https:\/\/static.trustedtranslations.com\/wp-content\/uploads\/2024\/05\/AdobeStock_350888164-1-1.webp","attachment_id":null},"quotes":{"type":"textarea","raw":"<h1 style=\"margin-bottom: 12px;\">Servicios de Traducci\u00f3n para la Industria Manufacturera<\/h1>Trusted Translations es el proveedor l\u00edder de servicios de traducci\u00f3n del sector de manufacturas, especializado en traducciones del ingl\u00e9s al espa\u00f1ol. Ya se trate de manuales de instalaci\u00f3n, especificaciones de sistema o gu\u00edas de operaci\u00f3n, ofrecemos traducciones confiables y de absoluta precisi\u00f3n.<div style=\"margin-top: 2.5vw;\"><a class=\"tt-btn-main-cta\" href=\"\/es\/presupuesto-sin-cargo\">SOLICITE UN PRESUPUESTO SIN CARGO<\/a><\/div>"},"text-1":{"type":"textarea","raw":"<h2>Traducciones R\u00e1pidas y Precisas para Lograr el \u00c9xito en la Fabricaci\u00f3n Competitiva<\/h2>\r\nEn <em>Trusted Translations<\/em>, entendemos c\u00f3mo una mayor globalizaci\u00f3n, los r\u00e1pidos avances tecnol\u00f3gicos y los breves ciclos de vida de los productos han creado la necesidad a los fabricantes de obtener y actualizar con rapidez materiales localizados de alta calidad. La \u00fanica manera de que los sofisticados productos de los principales fabricantes puedan competir en el mercado global es con el respaldo de traducciones r\u00e1pidas, precisas y rentables que cumplan los est\u00e1ndares de la industria.\r\n\r\nTenemos la capacidad de traducir a m\u00e1s de 200 idiomas y nos especializamos en traducciones de ingl\u00e9s a espa\u00f1ol del sector de manufacturas, realizadas por equipos selectos de profesionales con la experiencia requerida para el \u00e1rea.\r\n\r\nTrusted Translations lo ayudar\u00e1 a traspasar la barrera del idioma, hacer llegar a destino su mensaje y facilitar la comunicaci\u00f3n de asuntos t\u00e9cnicos. Somos su soluci\u00f3n \u00fanica para traducciones del sector manufacturero.\r\n<h2 style=\"margin-bottom:20px\">Traducciones para Manufacturas<\/h2>\r\nLos servicios de traducci\u00f3n de <em>Trusted Translations<\/em> para este sector cumplen en forma sistem\u00e1tica todos los requisitos ling\u00fc\u00edsticos t\u00e9cnicos de nuestros clientes. Seleccionamos a nuestros traductores profesionales sobre la base de sus conocimientos ling\u00fc\u00edsticos y el contenido espec\u00edfico a traducir. Esta combinaci\u00f3n de experiencia espec\u00edfica en el sector y fluidez en el idioma es confiable a la vez que rentable.\r\n\r\nTenemos un proceso riguroso para cualquier documento de manufactura. Primero, asignamos el proyecto a traductores que tengan las credenciales acad\u00e9micas necesarias y experiencia del mundo real en su tema espec\u00edfico.\r\n\r\nLuego nuestros gerentes de proyecto y profesionales de dise\u00f1o gr\u00e1fico trabajan juntos para asegurarse de que el contenido se traduzca con precisi\u00f3n y se publique en el formato que corresponde, a tiempo y dentro del presupuesto.\r\nEsto les permite a usted y a su equipo concentrarse en otras tareas, como lanzar un nuevo producto, aumentar la productividad o generar ganancias m\u00e1ximas."},"shortcode-map":{"type":"textfield","raw":""},"dyk-shortcode":{"type":"textfield","raw":"[elementor-template id=\"139368\"]"},"text-2":{"type":"textarea","raw":"<h2 style=\"margin-bottom:20px\">Traducci\u00f3n de Documentos T\u00e9cnicos<\/h2>\r\nLos siguientes son algunos de los tipos de documentos t\u00e9cnicos que traducimos con frecuencia:\r\n<ul>\r\n \t<li>Manuales de instalaci\u00f3n, de operaci\u00f3n y de mantenimiento<\/li>\r\n \t<li>Manuales de RR. HH.<\/li>\r\n \t<li>Manuales de reparaci\u00f3n<\/li>\r\n \t<li>Manuales de pol\u00edticas<\/li>\r\n \t<li>Dibujos de CAD<\/li>\r\n \t<li>Empaquetado<\/li>\r\n \t<li>Procesos de trabajo<\/li>\r\n \t<li>Acuerdos de servicio<\/li>\r\n \t<li>Documentaci\u00f3n regulatoria<\/li>\r\n \t<li>Patentes<\/li>\r\n \t<li>Contratos comerciales<\/li>\r\n \t<li>M\u00f3dulos t\u00e9cnicos de aprendizaje en l\u00ednea<\/li>\r\n \t<li>Materiales de marketing (por ejemplo: sitios web y cat\u00e1logos de productos)<\/li>\r\n<\/ul>\r\nCualquiera sea su proyecto o industria, nuestro equipo est\u00e1 preparado para ofrecer una traducci\u00f3n rentable y muy confiable.\r\n<h2 style=\"margin-bottom:20px\">Equipos de Traducci\u00f3n para Manufacturas<\/h2>\r\nEn <em>Trusted Translations,<\/em> equipamos a nuestros traductores con herramientas de alta calidad para ayudarlos a completar sus traducciones con \u00e9xito. Todos nuestros profesionales del \u00e1rea de manufacturas tienen acceso a memorias de traducci\u00f3n, diccionarios y bases terminol\u00f3gicas, lo que garantiza que su trabajo sea preciso y coherente, incluso en los proyectos m\u00e1s grandes y m\u00e1s complejos desde el punto de vista t\u00e9cnico.\r\n\r\nTodos nuestros traductores profesionales firman acuerdos vinculantes de confidencialidad comercial y empresarial.\u00a0En <em>Trusted Translations,<\/em> tomamos la seguridad y la confidencialidad con mucha seriedad. Se mantiene la confidencialidad de todas las traducciones: nuestros traductores son conscientes de la importancia de la seguridad en este rubro y respetan en su totalidad la documentaci\u00f3n confidencial proporcionada en relaci\u00f3n con cada proyecto.\r\n\r\nComo socio confiable de fabricantes multinacionales, empresas Fortune 500, el Ej\u00e9rcito de EE. UU. y dem\u00e1s, <em>Trusted Translations<\/em> ofrece servicios excepcionales de traducci\u00f3n del \u00e1rea de manufacturas. Para obtener m\u00e1s informaci\u00f3n, comun\u00edquese con <em>Trusted Translations<\/em> hoy mismo."},"state":{"type":"textfield","raw":""},"city":{"type":"textarea","raw":[]}}},"_links":{"self":[{"href":"https:\/\/www.trustedtranslations.com\/es\/wp-json\/wp\/v2\/pages\/127086","targetHints":{"allow":["GET"]}}],"collection":[{"href":"https:\/\/www.trustedtranslations.com\/es\/wp-json\/wp\/v2\/pages"}],"about":[{"href":"https:\/\/www.trustedtranslations.com\/es\/wp-json\/wp\/v2\/types\/page"}],"author":[{"embeddable":true,"href":"https:\/\/www.trustedtranslations.com\/es\/wp-json\/wp\/v2\/users\/1"}],"replies":[{"embeddable":true,"href":"https:\/\/www.trustedtranslations.com\/es\/wp-json\/wp\/v2\/comments?post=127086"}],"version-history":[{"count":0,"href":"https:\/\/www.trustedtranslations.com\/es\/wp-json\/wp\/v2\/pages\/127086\/revisions"}],"up":[{"embeddable":true,"href":"https:\/\/www.trustedtranslations.com\/es\/wp-json\/wp\/v2\/pages\/127109"}],"wp:featuredmedia":[{"embeddable":true,"href":"https:\/\/www.trustedtranslations.com\/es\/wp-json\/wp\/v2\/media\/139634"}],"wp:attachment":[{"href":"https:\/\/www.trustedtranslations.com\/es\/wp-json\/wp\/v2\/media?parent=127086"}],"curies":[{"name":"wp","href":"https:\/\/api.w.org\/{rel}","templated":true}]}}