{"id":127087,"date":"2018-07-05T19:12:10","date_gmt":"2018-07-05T19:12:10","guid":{"rendered":"https:\/\/www.trustedtranslations.com\/?page_id=127087"},"modified":"2024-09-03T15:49:26","modified_gmt":"2024-09-03T18:49:26","slug":"gobierno","status":"publish","type":"page","link":"https:\/\/www.trustedtranslations.com\/es\/industrias\/gobierno","title":{"rendered":"Gobierno"},"content":{"rendered":"","protected":false},"excerpt":{"rendered":"","protected":false},"author":1,"featured_media":139634,"parent":127109,"menu_order":0,"comment_status":"closed","ping_status":"closed","template":"","meta":{"site-sidebar-layout":"default","site-content-layout":"default","ast-site-content-layout":"default","site-content-style":"default","site-sidebar-style":"default","ast-global-header-display":"","ast-banner-title-visibility":"","ast-main-header-display":"","ast-hfb-above-header-display":"","ast-hfb-below-header-display":"","ast-hfb-mobile-header-display":"","site-post-title":"disabled","ast-breadcrumbs-content":"","ast-featured-img":"","footer-sml-layout":"","theme-transparent-header-meta":"default","adv-header-id-meta":"","stick-header-meta":"","header-above-stick-meta":"","header-main-stick-meta":"","header-below-stick-meta":"","astra-migrate-meta-layouts":"set","ast-page-background-enabled":"default","ast-page-background-meta":{"desktop":{"background-color":"var(--ast-global-color-4)","background-image":"","background-repeat":"repeat","background-position":"center center","background-size":"auto","background-attachment":"scroll","background-type":"","background-media":"","overlay-type":"","overlay-color":"","overlay-opacity":"","overlay-gradient":""},"tablet":{"background-color":"","background-image":"","background-repeat":"repeat","background-position":"center center","background-size":"auto","background-attachment":"scroll","background-type":"","background-media":"","overlay-type":"","overlay-color":"","overlay-opacity":"","overlay-gradient":""},"mobile":{"background-color":"","background-image":"","background-repeat":"repeat","background-position":"center center","background-size":"auto","background-attachment":"scroll","background-type":"","background-media":"","overlay-type":"","overlay-color":"","overlay-opacity":"","overlay-gradient":""}},"ast-content-background-meta":{"desktop":{"background-color":"var(--ast-global-color-5)","background-image":"","background-repeat":"repeat","background-position":"center center","background-size":"auto","background-attachment":"scroll","background-type":"","background-media":"","overlay-type":"","overlay-color":"","overlay-opacity":"","overlay-gradient":""},"tablet":{"background-color":"var(--ast-global-color-5)","background-image":"","background-repeat":"repeat","background-position":"center center","background-size":"auto","background-attachment":"scroll","background-type":"","background-media":"","overlay-type":"","overlay-color":"","overlay-opacity":"","overlay-gradient":""},"mobile":{"background-color":"var(--ast-global-color-5)","background-image":"","background-repeat":"repeat","background-position":"center center","background-size":"auto","background-attachment":"scroll","background-type":"","background-media":"","overlay-type":"","overlay-color":"","overlay-opacity":"","overlay-gradient":""}},"footnotes":""},"class_list":["post-127087","page","type-page","status-publish","has-post-thumbnail","hentry"],"yoast_head":"<!-- This site is optimized with the Yoast SEO plugin v27.5 - https:\/\/yoast.com\/product\/yoast-seo-wordpress\/ -->\n<title>Servicios de Traducciones Gubernamentales: Trusted Translations, Inc.<\/title>\n<meta name=\"description\" content=\"Trusted Translations, Inc. se especializa en servicios de traducci\u00f3n gubernamentales y trabaja con organismos federales de primer nivel como la NASA, el Ej\u00e9rcito de Estados Unidos, la Agencia Federal para el Manejo de Emergencias (FEMA) y Seguridad Nacional, adem\u00e1s de gobiernos estatales y municipales.\" \/>\n<meta name=\"robots\" content=\"index, follow, max-snippet:-1, max-image-preview:large, max-video-preview:-1\" \/>\n<link rel=\"canonical\" href=\"https:\/\/www.trustedtranslations.com\/es\/industrias\/gobierno\" \/>\n<meta property=\"og:locale\" content=\"es_ES\" \/>\n<meta property=\"og:type\" content=\"article\" \/>\n<meta property=\"og:title\" content=\"Servicios de Traducciones Gubernamentales: Trusted Translations, Inc.\" \/>\n<meta property=\"og:description\" content=\"Trusted Translations, Inc. se especializa en servicios de traducci\u00f3n gubernamentales y trabaja con organismos federales de primer nivel como la NASA, el Ej\u00e9rcito de Estados Unidos, la Agencia Federal para el Manejo de Emergencias (FEMA) y Seguridad Nacional, adem\u00e1s de gobiernos estatales y municipales.\" \/>\n<meta property=\"og:url\" content=\"https:\/\/www.trustedtranslations.com\/es\/industrias\/gobierno\" \/>\n<meta property=\"og:site_name\" content=\"Trusted Translations\" \/>\n<meta property=\"article:publisher\" content=\"https:\/\/www.facebook.com\/Trusted.Translations\" \/>\n<meta property=\"article:modified_time\" content=\"2024-09-03T18:49:26+00:00\" \/>\n<meta property=\"og:image\" content=\"https:\/\/static.trustedtranslations.com\/wp-content\/uploads\/2022\/03\/TT_NEW_FB-1.png\" \/>\n\t<meta property=\"og:image:width\" content=\"1038\" \/>\n\t<meta property=\"og:image:height\" content=\"1038\" \/>\n\t<meta property=\"og:image:type\" content=\"image\/png\" \/>\n<meta name=\"twitter:card\" content=\"summary_large_image\" \/>\n<meta name=\"twitter:site\" content=\"@TrustedT9ns\" \/>\n<script type=\"application\/ld+json\" class=\"yoast-schema-graph\">{\"@context\":\"https:\\\/\\\/schema.org\",\"@graph\":[{\"@type\":\"WebPage\",\"@id\":\"https:\\\/\\\/www.trustedtranslations.com\\\/es\\\/industrias\\\/gobierno\",\"url\":\"https:\\\/\\\/www.trustedtranslations.com\\\/es\\\/industrias\\\/gobierno\",\"name\":\"Servicios de Traducciones Gubernamentales: Trusted Translations, Inc.\",\"isPartOf\":{\"@id\":\"https:\\\/\\\/www.trustedtranslations.com\\\/es\\\/#website\"},\"primaryImageOfPage\":{\"@id\":\"https:\\\/\\\/www.trustedtranslations.com\\\/es\\\/industrias\\\/gobierno#primaryimage\"},\"image\":{\"@id\":\"https:\\\/\\\/www.trustedtranslations.com\\\/es\\\/industrias\\\/gobierno#primaryimage\"},\"thumbnailUrl\":\"https:\\\/\\\/www.trustedtranslations.com\\\/wp-content\\\/uploads\\\/2022\\\/03\\\/TT_NEW_FB-1.png\",\"description\":\"Trusted Translations, Inc. se especializa en servicios de traducci\u00f3n gubernamentales y trabaja con organismos federales de primer nivel como la NASA, el Ej\u00e9rcito de Estados Unidos, la Agencia Federal para el Manejo de Emergencias (FEMA) y Seguridad Nacional, adem\u00e1s de gobiernos estatales y municipales.\",\"breadcrumb\":{\"@id\":\"https:\\\/\\\/www.trustedtranslations.com\\\/es\\\/industrias\\\/gobierno#breadcrumb\"},\"inLanguage\":\"es\",\"potentialAction\":[{\"@type\":\"ReadAction\",\"target\":[\"https:\\\/\\\/www.trustedtranslations.com\\\/es\\\/industrias\\\/gobierno\"]}]},{\"@type\":\"ImageObject\",\"inLanguage\":\"es\",\"@id\":\"https:\\\/\\\/www.trustedtranslations.com\\\/es\\\/industrias\\\/gobierno#primaryimage\",\"url\":\"https:\\\/\\\/www.trustedtranslations.com\\\/wp-content\\\/uploads\\\/2022\\\/03\\\/TT_NEW_FB-1.png\",\"contentUrl\":\"https:\\\/\\\/www.trustedtranslations.com\\\/wp-content\\\/uploads\\\/2022\\\/03\\\/TT_NEW_FB-1.png\",\"width\":1038,\"height\":1038,\"caption\":\"TT NEW FB 1\"},{\"@type\":\"BreadcrumbList\",\"@id\":\"https:\\\/\\\/www.trustedtranslations.com\\\/es\\\/industrias\\\/gobierno#breadcrumb\",\"itemListElement\":[{\"@type\":\"ListItem\",\"position\":1,\"name\":\"Home\",\"item\":\"https:\\\/\\\/www.trustedtranslations.com\\\/es\"},{\"@type\":\"ListItem\",\"position\":2,\"name\":\"Industrias\",\"item\":\"https:\\\/\\\/www.trustedtranslations.com\\\/es\\\/industrias\"},{\"@type\":\"ListItem\",\"position\":3,\"name\":\"Gobierno\"}]},{\"@type\":\"WebSite\",\"@id\":\"https:\\\/\\\/www.trustedtranslations.com\\\/es\\\/#website\",\"url\":\"https:\\\/\\\/www.trustedtranslations.com\\\/es\\\/\",\"name\":\"Trusted Translations, Inc.\",\"description\":\"Leader in translation and interpretation services.\",\"publisher\":{\"@id\":\"https:\\\/\\\/www.trustedtranslations.com\\\/es\\\/#organization\"},\"alternateName\":\"Trusted Translations\",\"potentialAction\":[{\"@type\":\"SearchAction\",\"target\":{\"@type\":\"EntryPoint\",\"urlTemplate\":\"https:\\\/\\\/www.trustedtranslations.com\\\/es\\\/?s={search_term_string}\"},\"query-input\":{\"@type\":\"PropertyValueSpecification\",\"valueRequired\":true,\"valueName\":\"search_term_string\"}}],\"inLanguage\":\"es\"},{\"@type\":\"Organization\",\"@id\":\"https:\\\/\\\/www.trustedtranslations.com\\\/es\\\/#organization\",\"name\":\"Trusted Translations\",\"alternateName\":\"Trusted Translations, Inc.\",\"url\":\"https:\\\/\\\/www.trustedtranslations.com\\\/es\\\/\",\"logo\":{\"@type\":\"ImageObject\",\"inLanguage\":\"es\",\"@id\":\"https:\\\/\\\/www.trustedtranslations.com\\\/es\\\/#\\\/schema\\\/logo\\\/image\\\/\",\"url\":\"https:\\\/\\\/static.trustedtranslations.com\\\/wp-content\\\/uploads\\\/2022\\\/01\\\/TT_logo_WSIColors-2.png\",\"contentUrl\":\"https:\\\/\\\/static.trustedtranslations.com\\\/wp-content\\\/uploads\\\/2022\\\/01\\\/TT_logo_WSIColors-2.png\",\"width\":500,\"height\":196,\"caption\":\"Trusted Translations\"},\"image\":{\"@id\":\"https:\\\/\\\/www.trustedtranslations.com\\\/es\\\/#\\\/schema\\\/logo\\\/image\\\/\"},\"sameAs\":[\"https:\\\/\\\/www.facebook.com\\\/Trusted.Translations\",\"https:\\\/\\\/x.com\\\/TrustedT9ns\",\"https:\\\/\\\/www.linkedin.com\\\/company\\\/trusted-translations\"]}]}<\/script>\n<!-- \/ Yoast SEO plugin. -->","yoast_head_json":{"title":"Servicios de Traducciones Gubernamentales: Trusted Translations, Inc.","description":"Trusted Translations, Inc. se especializa en servicios de traducci\u00f3n gubernamentales y trabaja con organismos federales de primer nivel como la NASA, el Ej\u00e9rcito de Estados Unidos, la Agencia Federal para el Manejo de Emergencias (FEMA) y Seguridad Nacional, adem\u00e1s de gobiernos estatales y municipales.","robots":{"index":"index","follow":"follow","max-snippet":"max-snippet:-1","max-image-preview":"max-image-preview:large","max-video-preview":"max-video-preview:-1"},"canonical":"https:\/\/www.trustedtranslations.com\/es\/industrias\/gobierno","og_locale":"es_ES","og_type":"article","og_title":"Servicios de Traducciones Gubernamentales: Trusted Translations, Inc.","og_description":"Trusted Translations, Inc. se especializa en servicios de traducci\u00f3n gubernamentales y trabaja con organismos federales de primer nivel como la NASA, el Ej\u00e9rcito de Estados Unidos, la Agencia Federal para el Manejo de Emergencias (FEMA) y Seguridad Nacional, adem\u00e1s de gobiernos estatales y municipales.","og_url":"https:\/\/www.trustedtranslations.com\/es\/industrias\/gobierno","og_site_name":"Trusted Translations","article_publisher":"https:\/\/www.facebook.com\/Trusted.Translations","article_modified_time":"2024-09-03T18:49:26+00:00","og_image":[{"width":1038,"height":1038,"url":"https:\/\/static.trustedtranslations.com\/wp-content\/uploads\/2022\/03\/TT_NEW_FB-1.png","type":"image\/png"}],"twitter_card":"summary_large_image","twitter_site":"@TrustedT9ns","schema":{"@context":"https:\/\/schema.org","@graph":[{"@type":"WebPage","@id":"https:\/\/www.trustedtranslations.com\/es\/industrias\/gobierno","url":"https:\/\/www.trustedtranslations.com\/es\/industrias\/gobierno","name":"Servicios de Traducciones Gubernamentales: Trusted Translations, Inc.","isPartOf":{"@id":"https:\/\/www.trustedtranslations.com\/es\/#website"},"primaryImageOfPage":{"@id":"https:\/\/www.trustedtranslations.com\/es\/industrias\/gobierno#primaryimage"},"image":{"@id":"https:\/\/www.trustedtranslations.com\/es\/industrias\/gobierno#primaryimage"},"thumbnailUrl":"https:\/\/www.trustedtranslations.com\/wp-content\/uploads\/2022\/03\/TT_NEW_FB-1.png","description":"Trusted Translations, Inc. se especializa en servicios de traducci\u00f3n gubernamentales y trabaja con organismos federales de primer nivel como la NASA, el Ej\u00e9rcito de Estados Unidos, la Agencia Federal para el Manejo de Emergencias (FEMA) y Seguridad Nacional, adem\u00e1s de gobiernos estatales y municipales.","breadcrumb":{"@id":"https:\/\/www.trustedtranslations.com\/es\/industrias\/gobierno#breadcrumb"},"inLanguage":"es","potentialAction":[{"@type":"ReadAction","target":["https:\/\/www.trustedtranslations.com\/es\/industrias\/gobierno"]}]},{"@type":"ImageObject","inLanguage":"es","@id":"https:\/\/www.trustedtranslations.com\/es\/industrias\/gobierno#primaryimage","url":"https:\/\/www.trustedtranslations.com\/wp-content\/uploads\/2022\/03\/TT_NEW_FB-1.png","contentUrl":"https:\/\/www.trustedtranslations.com\/wp-content\/uploads\/2022\/03\/TT_NEW_FB-1.png","width":1038,"height":1038,"caption":"TT NEW FB 1"},{"@type":"BreadcrumbList","@id":"https:\/\/www.trustedtranslations.com\/es\/industrias\/gobierno#breadcrumb","itemListElement":[{"@type":"ListItem","position":1,"name":"Home","item":"https:\/\/www.trustedtranslations.com\/es"},{"@type":"ListItem","position":2,"name":"Industrias","item":"https:\/\/www.trustedtranslations.com\/es\/industrias"},{"@type":"ListItem","position":3,"name":"Gobierno"}]},{"@type":"WebSite","@id":"https:\/\/www.trustedtranslations.com\/es\/#website","url":"https:\/\/www.trustedtranslations.com\/es\/","name":"Trusted Translations, Inc.","description":"Leader in translation and interpretation services.","publisher":{"@id":"https:\/\/www.trustedtranslations.com\/es\/#organization"},"alternateName":"Trusted Translations","potentialAction":[{"@type":"SearchAction","target":{"@type":"EntryPoint","urlTemplate":"https:\/\/www.trustedtranslations.com\/es\/?s={search_term_string}"},"query-input":{"@type":"PropertyValueSpecification","valueRequired":true,"valueName":"search_term_string"}}],"inLanguage":"es"},{"@type":"Organization","@id":"https:\/\/www.trustedtranslations.com\/es\/#organization","name":"Trusted Translations","alternateName":"Trusted Translations, Inc.","url":"https:\/\/www.trustedtranslations.com\/es\/","logo":{"@type":"ImageObject","inLanguage":"es","@id":"https:\/\/www.trustedtranslations.com\/es\/#\/schema\/logo\/image\/","url":"https:\/\/static.trustedtranslations.com\/wp-content\/uploads\/2022\/01\/TT_logo_WSIColors-2.png","contentUrl":"https:\/\/static.trustedtranslations.com\/wp-content\/uploads\/2022\/01\/TT_logo_WSIColors-2.png","width":500,"height":196,"caption":"Trusted Translations"},"image":{"@id":"https:\/\/www.trustedtranslations.com\/es\/#\/schema\/logo\/image\/"},"sameAs":["https:\/\/www.facebook.com\/Trusted.Translations","https:\/\/x.com\/TrustedT9ns","https:\/\/www.linkedin.com\/company\/trusted-translations"]}]}},"toolset-meta":{"dyk":{"mensaje-1":{"type":"textfield","raw":"Trusted Translations es socio de muchas organizaciones gubernamentales, incluidas la NASA y FEMA."},"mensaje-2":{"type":"textfield","raw":"Ofrecemos soluciones de traducci\u00f3n a organismos y contratistas del gobierno federal."},"mensaje-3":{"type":"textfield","raw":"Trusted Translations acepta todos los medios de pago, incluidas todas las principales tarjetas de cr\u00e9dito."},"mensaje-4":{"type":"textfield","raw":"Trabajamos para los organismos del gobierno federal, con descuentos de hasta un 30%."},"mensaje-5":{"type":"textfield","raw":""},"mensaje-6":{"type":"textfield","raw":""}},"single-page-template-fields":{"imgs-temp":{"type":"image","raw":["https:\/\/static.trustedtranslations.com\/wp-content\/uploads\/2024\/05\/language-final-14-1.webp","https:\/\/static.trustedtranslations.com\/wp-content\/uploads\/2024\/05\/language-final-15-1.webp","https:\/\/static.trustedtranslations.com\/wp-content\/uploads\/2024\/05\/language-final-16-1.webp","https:\/\/static.trustedtranslations.com\/wp-content\/uploads\/2024\/05\/language-final-17-1.webp"],"repeatable":[{"raw":"https:\/\/static.trustedtranslations.com\/wp-content\/uploads\/2024\/05\/language-final-14-1.webp"},{"raw":"https:\/\/static.trustedtranslations.com\/wp-content\/uploads\/2024\/05\/language-final-15-1.webp"},{"raw":"https:\/\/static.trustedtranslations.com\/wp-content\/uploads\/2024\/05\/language-final-16-1.webp"},{"raw":"https:\/\/static.trustedtranslations.com\/wp-content\/uploads\/2024\/05\/language-final-17-1.webp"}]},"imgs-temp-cel":{"type":"image","raw":[""],"repeatable":[{"raw":""}]},"img-temp-one-cel":{"type":"image","raw":"https:\/\/static.trustedtranslations.com\/wp-content\/uploads\/2024\/05\/AdobeStock_330542015-1-1.webp","attachment_id":null},"quotes":{"type":"textarea","raw":"<h1 style=\"margin-bottom: 12px;\">Servicios de Traducciones Gubernamentales<\/h1>Trusted Translations tiene una vasta experiencia en el manejo de todos los aspectos que intervienen en los servicios de traducci\u00f3n para el Gobierno, ya sea en el \u00e1mbito local, estatal o federal. Al haber trabajado con casi todas las \u00e1reas de gobierno, conocemos las necesidades y limitaciones espec\u00edficas de los organismos gubernamentales. Hemos trabajado con muchos organismos gubernamentales de primer nivel, como la Biblioteca del Congreso de los Estados Unidos, el Ej\u00e9rcito de EE. UU., el Cuerpo de Marines de EE. UU., el Departamento de Vivienda de EE. UU. (HUD, por sus siglas en ingl\u00e9s), los Centros para el Control y Prevenci\u00f3n de Enfermedades (CDC) y la NASA, por nombrar algunos.<div style=\"margin-top: 2.5vw;\"><a class=\"tt-btn-main-cta\" href=\"\/es\/presupuesto-sin-cargo\">SOLICITE UN PRESUPUESTO SIN CARGO<\/a><\/div>"},"text-1":{"type":"textarea","raw":"<h2 style=\"margin-bottom: 20px;\">Compromiso con la Excelencia<\/h2>\r\nCon m\u00e1s de 20 a\u00f1os de experiencia trabajando con organismos gubernamentales federales, estatales y locales, entendemos las complejidades de los proyectos ling\u00fc\u00edsticos destinados espec\u00edficamente a toda una comunidad. Adem\u00e1s, entendemos que los gobiernos tienen procedimientos y presupuestos estrictos que deben cumplirse. Por ello, nuestras soluciones est\u00e1n pensadas para cumplir con los objetivos presupuestarios, mediante alternativas rentables, a la vez que ofrecemos traducciones precisas que se adaptan a la misi\u00f3n espec\u00edfica del organismo.\r\n<h2 style=\"margin-bottom: 20px;\">Declaraci\u00f3n de Capacidad<\/h2>\r\n<a href=\"\/wp-content\/uploads\/brochures\/capabilities-statement.pdf\"><button style=\"background-color: #016E31; border-radius: 3px; padding: 12px 32px 12px 32px; color: white; font-family: 'Lato', sans-serif; font-size: 15px;\">DESCARGUE NUESTRA DECLARACI\u00d3N DE CAPACIDAD<\/button><\/a>\r\n<div class=\"imgs-flex-template\">\r\n    <div>\r\n        <h2 style=\"margin-bottom: 20px;\">Formas de Pago del Gobierno<\/h2>\r\n        <p>En <em><em><em>Trusted Translations<\/em><\/em><\/em>, conocemos muy bien los diferentes protocolos de contrataci\u00f3n y pago. Por ello, nos hemos esforzado por aceptar todas las formas de pago para las compras menores, incluidas las principales tarjetas de cr\u00e9dito, as\u00ed como transferencias bancarias, cheques y transferencias ACH. La mayor\u00eda de nuestros contratos gubernamentales re\u00fanen los requisitos para recibir descuentos por pago anticipado y precios especiales. Nuestra misi\u00f3n es que tanto a usted como a su organismo gubernamental les resulte f\u00e1cil adquirir servicios de traducci\u00f3n de alta calidad.<\/p>\r\n    <\/div>\r\n    <img src=\"https:\/\/static.trustedtranslations.com\/wp-content\/uploads\/2022\/03\/AdobeStock_321830237.jpg\">\r\n<\/div>"},"shortcode-map":{"type":"textfield","raw":""},"dyk-shortcode":{"type":"textfield","raw":"[elementor-template id=\"139368\"]"},"text-2":{"type":"textarea","raw":"<div class=\"imgs-flex-template flex-text-2\" style=\"margin-top: -30px\">\r\n    <img src=\"https:\/\/static.trustedtranslations.com\/wp-content\/uploads\/2022\/03\/AdobeStock_13839532.jpg\">\r\n    <div class=\"p-img-width\">\r\n        <h2 style=\"margin-bottom: 20px;\">Traducciones para el Gobierno Federal<\/h2>\r\n        <p>Como proveedor autorizado y registrado del Gobierno de los Estados Unidos de Am\u00e9rica, con m\u00e1s de una d\u00e9cada en el Programa GSA, en <em><em><em>Trusted Translations<\/em><\/em><\/em> tenemos una amplia experiencia en la traducci\u00f3n de documentaci\u00f3n federal relacionada con una amplia variedad de temas. Desde complejas especificaciones t\u00e9cnicas, hasta procedimientos de emergencia obligatorios por ley, contamos con capacidad comprobada para entregar traducciones de alta calidad al gobierno federal. Adem\u00e1s, como proveedores de confianza del Gobierno de los Estados Unidos de Am\u00e9rica, agregamos valor a cualquier contrato o licitaci\u00f3n p\u00fablica al desempe\u00f1arnos como un valioso subcontratista.<\/p>\r\n    <\/div>\r\n<\/div>\r\n<div class=\"imgs-flex-template\">\r\n    <div>\r\n        <h2 style=\"margin-bottom: 20px;\">Traducciones para Gobiernos Estatales y Locales<\/h2>\r\n        <p>Con una diversa poblaci\u00f3n de inmigrantes dispersa a lo largo y a lo ancho de los Estados Unidos, los gobiernos estatales y locales necesitan traducir documentos clave a varios idiomas para poder comunicarse eficazmente con sus comunidades. <em><em><em>Trusted Translations<\/em><\/em><\/em> ha trabajado con organismos de todo el territorio de los Estados Unidos, incluidos los de estados con un alto porcentaje de inmigrantes, como Nueva York, California, Florida, Virginia y Texas. Como parte de la Ley de Recuperaci\u00f3n de los Estados Unidos, tanto los gobiernos estatales como los locales pueden aprovechar el Programa de Idiomas GSA de <em><em><em>Trusted Translations<\/em><\/em><\/em>.<\/p>\r\n    <\/div>\r\n    <img src=\"https:\/\/static.trustedtranslations.com\/wp-content\/uploads\/2022\/03\/AdobeStock_221861480.jpg\">\r\n<\/div>\r\n<h2 style=\"margin-bottom: 20px;\">Contratistas<\/h2>\r\nIndependientemente de que sean de naturaleza federal, estatal o local, muchos contratos gubernamentales son grandes proyectos multiprop\u00f3sito que involucran diversos elementos y servicios. <em><em><em>Trusted Translations<\/em><\/em><\/em> se ha desempe\u00f1ado como un valioso subcontratista en muchos proyectos gubernamentales de gran envergadura. Estamos acostumbrados a cumplir con requisitos dif\u00edciles en tiempos cortos, todo ello a precios que se ajustan a su presupuesto. Nuestros precios preferenciales en proyectos para el Gobierno, junto con nuestro producto de alta calidad, nos convierten en el socio perfecto para cualquier contrato o licitaci\u00f3n.\r\n\r\n<em><em><em>Trusted Translations<\/em><\/em><\/em> cumple con los m\u00e1s altos niveles de calidad, que superan los de la norma ISO 9001:2015. Puede estar seguro de que <em><em><em>Trusted Translations<\/em><\/em><\/em> le brindar\u00e1 traducciones para el Gobierno confidenciales y exactas, a precios preferenciales. Llame a <em><em><em>Trusted Translations<\/em><\/em><\/em> hoy mismo para que analicemos de qu\u00e9 manera podemos ayudarlo con sus traducciones."},"state":{"type":"textfield","raw":""},"city":{"type":"textarea","raw":[]}}},"_links":{"self":[{"href":"https:\/\/www.trustedtranslations.com\/es\/wp-json\/wp\/v2\/pages\/127087","targetHints":{"allow":["GET"]}}],"collection":[{"href":"https:\/\/www.trustedtranslations.com\/es\/wp-json\/wp\/v2\/pages"}],"about":[{"href":"https:\/\/www.trustedtranslations.com\/es\/wp-json\/wp\/v2\/types\/page"}],"author":[{"embeddable":true,"href":"https:\/\/www.trustedtranslations.com\/es\/wp-json\/wp\/v2\/users\/1"}],"replies":[{"embeddable":true,"href":"https:\/\/www.trustedtranslations.com\/es\/wp-json\/wp\/v2\/comments?post=127087"}],"version-history":[{"count":0,"href":"https:\/\/www.trustedtranslations.com\/es\/wp-json\/wp\/v2\/pages\/127087\/revisions"}],"up":[{"embeddable":true,"href":"https:\/\/www.trustedtranslations.com\/es\/wp-json\/wp\/v2\/pages\/127109"}],"wp:featuredmedia":[{"embeddable":true,"href":"https:\/\/www.trustedtranslations.com\/es\/wp-json\/wp\/v2\/media\/139634"}],"wp:attachment":[{"href":"https:\/\/www.trustedtranslations.com\/es\/wp-json\/wp\/v2\/media?parent=127087"}],"curies":[{"name":"wp","href":"https:\/\/api.w.org\/{rel}","templated":true}]}}