{"id":127095,"date":"2018-07-05T19:12:01","date_gmt":"2018-07-05T19:12:01","guid":{"rendered":"https:\/\/www.trustedtranslations.com\/?page_id=127095"},"modified":"2024-09-03T11:57:19","modified_gmt":"2024-09-03T14:57:19","slug":"software","status":"publish","type":"page","link":"https:\/\/www.trustedtranslations.com\/es\/industrias\/software","title":{"rendered":"Software"},"content":{"rendered":"","protected":false},"excerpt":{"rendered":"","protected":false},"author":1,"featured_media":139634,"parent":127109,"menu_order":0,"comment_status":"closed","ping_status":"closed","template":"","meta":{"site-sidebar-layout":"default","site-content-layout":"default","ast-site-content-layout":"default","site-content-style":"default","site-sidebar-style":"default","ast-global-header-display":"","ast-banner-title-visibility":"","ast-main-header-display":"","ast-hfb-above-header-display":"","ast-hfb-below-header-display":"","ast-hfb-mobile-header-display":"","site-post-title":"disabled","ast-breadcrumbs-content":"","ast-featured-img":"","footer-sml-layout":"","theme-transparent-header-meta":"default","adv-header-id-meta":"","stick-header-meta":"","header-above-stick-meta":"","header-main-stick-meta":"","header-below-stick-meta":"","astra-migrate-meta-layouts":"set","ast-page-background-enabled":"default","ast-page-background-meta":{"desktop":{"background-color":"var(--ast-global-color-4)","background-image":"","background-repeat":"repeat","background-position":"center center","background-size":"auto","background-attachment":"scroll","background-type":"","background-media":"","overlay-type":"","overlay-color":"","overlay-opacity":"","overlay-gradient":""},"tablet":{"background-color":"","background-image":"","background-repeat":"repeat","background-position":"center center","background-size":"auto","background-attachment":"scroll","background-type":"","background-media":"","overlay-type":"","overlay-color":"","overlay-opacity":"","overlay-gradient":""},"mobile":{"background-color":"","background-image":"","background-repeat":"repeat","background-position":"center center","background-size":"auto","background-attachment":"scroll","background-type":"","background-media":"","overlay-type":"","overlay-color":"","overlay-opacity":"","overlay-gradient":""}},"ast-content-background-meta":{"desktop":{"background-color":"var(--ast-global-color-5)","background-image":"","background-repeat":"repeat","background-position":"center center","background-size":"auto","background-attachment":"scroll","background-type":"","background-media":"","overlay-type":"","overlay-color":"","overlay-opacity":"","overlay-gradient":""},"tablet":{"background-color":"var(--ast-global-color-5)","background-image":"","background-repeat":"repeat","background-position":"center center","background-size":"auto","background-attachment":"scroll","background-type":"","background-media":"","overlay-type":"","overlay-color":"","overlay-opacity":"","overlay-gradient":""},"mobile":{"background-color":"var(--ast-global-color-5)","background-image":"","background-repeat":"repeat","background-position":"center center","background-size":"auto","background-attachment":"scroll","background-type":"","background-media":"","overlay-type":"","overlay-color":"","overlay-opacity":"","overlay-gradient":""}},"footnotes":""},"class_list":["post-127095","page","type-page","status-publish","has-post-thumbnail","hentry"],"yoast_head":"<!-- This site is optimized with the Yoast SEO plugin v27.5 - https:\/\/yoast.com\/product\/yoast-seo-wordpress\/ -->\n<title>Servicios de Traducci\u00f3n de Software: Trusted Translations, Inc.<\/title>\n<meta name=\"description\" content=\"Trusted Translations trabajar\u00e1 junto a su equipo para lograr los objetivos clave asociados con traducci\u00f3n, internacionalizaci\u00f3n, localizaci\u00f3n y globalizaci\u00f3n de software.\" \/>\n<meta name=\"robots\" content=\"index, follow, max-snippet:-1, max-image-preview:large, max-video-preview:-1\" \/>\n<link rel=\"canonical\" href=\"https:\/\/www.trustedtranslations.com\/es\/industrias\/software\" \/>\n<meta property=\"og:locale\" content=\"es_ES\" \/>\n<meta property=\"og:type\" content=\"article\" \/>\n<meta property=\"og:title\" content=\"Servicios de Traducci\u00f3n de Software: Trusted Translations, Inc.\" \/>\n<meta property=\"og:description\" content=\"Trusted Translations trabajar\u00e1 junto a su equipo para lograr los objetivos clave asociados con traducci\u00f3n, internacionalizaci\u00f3n, localizaci\u00f3n y globalizaci\u00f3n de software.\" \/>\n<meta property=\"og:url\" content=\"https:\/\/www.trustedtranslations.com\/es\/industrias\/software\" \/>\n<meta property=\"og:site_name\" content=\"Trusted Translations\" \/>\n<meta property=\"article:publisher\" content=\"https:\/\/www.facebook.com\/Trusted.Translations\" \/>\n<meta property=\"article:modified_time\" content=\"2024-09-03T14:57:19+00:00\" \/>\n<meta property=\"og:image\" content=\"https:\/\/static.trustedtranslations.com\/wp-content\/uploads\/2022\/03\/TT_NEW_FB-1.png\" \/>\n\t<meta property=\"og:image:width\" content=\"1038\" \/>\n\t<meta property=\"og:image:height\" content=\"1038\" \/>\n\t<meta property=\"og:image:type\" content=\"image\/png\" \/>\n<meta name=\"twitter:card\" content=\"summary_large_image\" \/>\n<meta name=\"twitter:site\" content=\"@TrustedT9ns\" \/>\n<script type=\"application\/ld+json\" class=\"yoast-schema-graph\">{\"@context\":\"https:\\\/\\\/schema.org\",\"@graph\":[{\"@type\":\"WebPage\",\"@id\":\"https:\\\/\\\/www.trustedtranslations.com\\\/es\\\/industrias\\\/software\",\"url\":\"https:\\\/\\\/www.trustedtranslations.com\\\/es\\\/industrias\\\/software\",\"name\":\"Servicios de Traducci\u00f3n de Software: Trusted Translations, Inc.\",\"isPartOf\":{\"@id\":\"https:\\\/\\\/www.trustedtranslations.com\\\/es\\\/#website\"},\"primaryImageOfPage\":{\"@id\":\"https:\\\/\\\/www.trustedtranslations.com\\\/es\\\/industrias\\\/software#primaryimage\"},\"image\":{\"@id\":\"https:\\\/\\\/www.trustedtranslations.com\\\/es\\\/industrias\\\/software#primaryimage\"},\"thumbnailUrl\":\"https:\\\/\\\/www.trustedtranslations.com\\\/wp-content\\\/uploads\\\/2022\\\/03\\\/TT_NEW_FB-1.png\",\"description\":\"Trusted Translations trabajar\u00e1 junto a su equipo para lograr los objetivos clave asociados con traducci\u00f3n, internacionalizaci\u00f3n, localizaci\u00f3n y globalizaci\u00f3n de software.\",\"breadcrumb\":{\"@id\":\"https:\\\/\\\/www.trustedtranslations.com\\\/es\\\/industrias\\\/software#breadcrumb\"},\"inLanguage\":\"es\",\"potentialAction\":[{\"@type\":\"ReadAction\",\"target\":[\"https:\\\/\\\/www.trustedtranslations.com\\\/es\\\/industrias\\\/software\"]}]},{\"@type\":\"ImageObject\",\"inLanguage\":\"es\",\"@id\":\"https:\\\/\\\/www.trustedtranslations.com\\\/es\\\/industrias\\\/software#primaryimage\",\"url\":\"https:\\\/\\\/www.trustedtranslations.com\\\/wp-content\\\/uploads\\\/2022\\\/03\\\/TT_NEW_FB-1.png\",\"contentUrl\":\"https:\\\/\\\/www.trustedtranslations.com\\\/wp-content\\\/uploads\\\/2022\\\/03\\\/TT_NEW_FB-1.png\",\"width\":1038,\"height\":1038,\"caption\":\"TT NEW FB 1\"},{\"@type\":\"BreadcrumbList\",\"@id\":\"https:\\\/\\\/www.trustedtranslations.com\\\/es\\\/industrias\\\/software#breadcrumb\",\"itemListElement\":[{\"@type\":\"ListItem\",\"position\":1,\"name\":\"Home\",\"item\":\"https:\\\/\\\/www.trustedtranslations.com\\\/es\"},{\"@type\":\"ListItem\",\"position\":2,\"name\":\"Industrias\",\"item\":\"https:\\\/\\\/www.trustedtranslations.com\\\/es\\\/industrias\"},{\"@type\":\"ListItem\",\"position\":3,\"name\":\"Software\"}]},{\"@type\":\"WebSite\",\"@id\":\"https:\\\/\\\/www.trustedtranslations.com\\\/es\\\/#website\",\"url\":\"https:\\\/\\\/www.trustedtranslations.com\\\/es\\\/\",\"name\":\"Trusted Translations, Inc.\",\"description\":\"Leader in translation and interpretation services.\",\"publisher\":{\"@id\":\"https:\\\/\\\/www.trustedtranslations.com\\\/es\\\/#organization\"},\"alternateName\":\"Trusted Translations\",\"potentialAction\":[{\"@type\":\"SearchAction\",\"target\":{\"@type\":\"EntryPoint\",\"urlTemplate\":\"https:\\\/\\\/www.trustedtranslations.com\\\/es\\\/?s={search_term_string}\"},\"query-input\":{\"@type\":\"PropertyValueSpecification\",\"valueRequired\":true,\"valueName\":\"search_term_string\"}}],\"inLanguage\":\"es\"},{\"@type\":\"Organization\",\"@id\":\"https:\\\/\\\/www.trustedtranslations.com\\\/es\\\/#organization\",\"name\":\"Trusted Translations\",\"alternateName\":\"Trusted Translations, Inc.\",\"url\":\"https:\\\/\\\/www.trustedtranslations.com\\\/es\\\/\",\"logo\":{\"@type\":\"ImageObject\",\"inLanguage\":\"es\",\"@id\":\"https:\\\/\\\/www.trustedtranslations.com\\\/es\\\/#\\\/schema\\\/logo\\\/image\\\/\",\"url\":\"https:\\\/\\\/static.trustedtranslations.com\\\/wp-content\\\/uploads\\\/2022\\\/01\\\/TT_logo_WSIColors-2.png\",\"contentUrl\":\"https:\\\/\\\/static.trustedtranslations.com\\\/wp-content\\\/uploads\\\/2022\\\/01\\\/TT_logo_WSIColors-2.png\",\"width\":500,\"height\":196,\"caption\":\"Trusted Translations\"},\"image\":{\"@id\":\"https:\\\/\\\/www.trustedtranslations.com\\\/es\\\/#\\\/schema\\\/logo\\\/image\\\/\"},\"sameAs\":[\"https:\\\/\\\/www.facebook.com\\\/Trusted.Translations\",\"https:\\\/\\\/x.com\\\/TrustedT9ns\",\"https:\\\/\\\/www.linkedin.com\\\/company\\\/trusted-translations\"]}]}<\/script>\n<!-- \/ Yoast SEO plugin. -->","yoast_head_json":{"title":"Servicios de Traducci\u00f3n de Software: Trusted Translations, Inc.","description":"Trusted Translations trabajar\u00e1 junto a su equipo para lograr los objetivos clave asociados con traducci\u00f3n, internacionalizaci\u00f3n, localizaci\u00f3n y globalizaci\u00f3n de software.","robots":{"index":"index","follow":"follow","max-snippet":"max-snippet:-1","max-image-preview":"max-image-preview:large","max-video-preview":"max-video-preview:-1"},"canonical":"https:\/\/www.trustedtranslations.com\/es\/industrias\/software","og_locale":"es_ES","og_type":"article","og_title":"Servicios de Traducci\u00f3n de Software: Trusted Translations, Inc.","og_description":"Trusted Translations trabajar\u00e1 junto a su equipo para lograr los objetivos clave asociados con traducci\u00f3n, internacionalizaci\u00f3n, localizaci\u00f3n y globalizaci\u00f3n de software.","og_url":"https:\/\/www.trustedtranslations.com\/es\/industrias\/software","og_site_name":"Trusted Translations","article_publisher":"https:\/\/www.facebook.com\/Trusted.Translations","article_modified_time":"2024-09-03T14:57:19+00:00","og_image":[{"width":1038,"height":1038,"url":"https:\/\/static.trustedtranslations.com\/wp-content\/uploads\/2022\/03\/TT_NEW_FB-1.png","type":"image\/png"}],"twitter_card":"summary_large_image","twitter_site":"@TrustedT9ns","schema":{"@context":"https:\/\/schema.org","@graph":[{"@type":"WebPage","@id":"https:\/\/www.trustedtranslations.com\/es\/industrias\/software","url":"https:\/\/www.trustedtranslations.com\/es\/industrias\/software","name":"Servicios de Traducci\u00f3n de Software: Trusted Translations, Inc.","isPartOf":{"@id":"https:\/\/www.trustedtranslations.com\/es\/#website"},"primaryImageOfPage":{"@id":"https:\/\/www.trustedtranslations.com\/es\/industrias\/software#primaryimage"},"image":{"@id":"https:\/\/www.trustedtranslations.com\/es\/industrias\/software#primaryimage"},"thumbnailUrl":"https:\/\/www.trustedtranslations.com\/wp-content\/uploads\/2022\/03\/TT_NEW_FB-1.png","description":"Trusted Translations trabajar\u00e1 junto a su equipo para lograr los objetivos clave asociados con traducci\u00f3n, internacionalizaci\u00f3n, localizaci\u00f3n y globalizaci\u00f3n de software.","breadcrumb":{"@id":"https:\/\/www.trustedtranslations.com\/es\/industrias\/software#breadcrumb"},"inLanguage":"es","potentialAction":[{"@type":"ReadAction","target":["https:\/\/www.trustedtranslations.com\/es\/industrias\/software"]}]},{"@type":"ImageObject","inLanguage":"es","@id":"https:\/\/www.trustedtranslations.com\/es\/industrias\/software#primaryimage","url":"https:\/\/www.trustedtranslations.com\/wp-content\/uploads\/2022\/03\/TT_NEW_FB-1.png","contentUrl":"https:\/\/www.trustedtranslations.com\/wp-content\/uploads\/2022\/03\/TT_NEW_FB-1.png","width":1038,"height":1038,"caption":"TT NEW FB 1"},{"@type":"BreadcrumbList","@id":"https:\/\/www.trustedtranslations.com\/es\/industrias\/software#breadcrumb","itemListElement":[{"@type":"ListItem","position":1,"name":"Home","item":"https:\/\/www.trustedtranslations.com\/es"},{"@type":"ListItem","position":2,"name":"Industrias","item":"https:\/\/www.trustedtranslations.com\/es\/industrias"},{"@type":"ListItem","position":3,"name":"Software"}]},{"@type":"WebSite","@id":"https:\/\/www.trustedtranslations.com\/es\/#website","url":"https:\/\/www.trustedtranslations.com\/es\/","name":"Trusted Translations, Inc.","description":"Leader in translation and interpretation services.","publisher":{"@id":"https:\/\/www.trustedtranslations.com\/es\/#organization"},"alternateName":"Trusted Translations","potentialAction":[{"@type":"SearchAction","target":{"@type":"EntryPoint","urlTemplate":"https:\/\/www.trustedtranslations.com\/es\/?s={search_term_string}"},"query-input":{"@type":"PropertyValueSpecification","valueRequired":true,"valueName":"search_term_string"}}],"inLanguage":"es"},{"@type":"Organization","@id":"https:\/\/www.trustedtranslations.com\/es\/#organization","name":"Trusted Translations","alternateName":"Trusted Translations, Inc.","url":"https:\/\/www.trustedtranslations.com\/es\/","logo":{"@type":"ImageObject","inLanguage":"es","@id":"https:\/\/www.trustedtranslations.com\/es\/#\/schema\/logo\/image\/","url":"https:\/\/static.trustedtranslations.com\/wp-content\/uploads\/2022\/01\/TT_logo_WSIColors-2.png","contentUrl":"https:\/\/static.trustedtranslations.com\/wp-content\/uploads\/2022\/01\/TT_logo_WSIColors-2.png","width":500,"height":196,"caption":"Trusted Translations"},"image":{"@id":"https:\/\/www.trustedtranslations.com\/es\/#\/schema\/logo\/image\/"},"sameAs":["https:\/\/www.facebook.com\/Trusted.Translations","https:\/\/x.com\/TrustedT9ns","https:\/\/www.linkedin.com\/company\/trusted-translations"]}]}},"toolset-meta":{"dyk":{"mensaje-1":{"type":"textfield","raw":"<em>Trusted Translations<\/em> ha proporcionado traducciones a IBM, Google, Autodesk y m\u00e1s."},"mensaje-2":{"type":"textfield","raw":""},"mensaje-3":{"type":"textfield","raw":""},"mensaje-4":{"type":"textfield","raw":""},"mensaje-5":{"type":"textfield","raw":""},"mensaje-6":{"type":"textfield","raw":""}},"single-page-template-fields":{"imgs-temp":{"type":"image","raw":["https:\/\/static.trustedtranslations.com\/wp-content\/uploads\/2024\/05\/software-final-1.webp","https:\/\/static.trustedtranslations.com\/wp-content\/uploads\/2024\/05\/software-final-2-1.webp","https:\/\/static.trustedtranslations.com\/wp-content\/uploads\/2024\/05\/software-final-3-1.webp"],"repeatable":[{"raw":"https:\/\/static.trustedtranslations.com\/wp-content\/uploads\/2024\/05\/software-final-1.webp"},{"raw":"https:\/\/static.trustedtranslations.com\/wp-content\/uploads\/2024\/05\/software-final-2-1.webp"},{"raw":"https:\/\/static.trustedtranslations.com\/wp-content\/uploads\/2024\/05\/software-final-3-1.webp"}]},"imgs-temp-cel":{"type":"image","raw":[""],"repeatable":[{"raw":""}]},"img-temp-one-cel":{"type":"image","raw":"https:\/\/static.trustedtranslations.com\/wp-content\/uploads\/2024\/05\/AdobeStock_167812893-2-1.webp","attachment_id":null},"quotes":{"type":"textarea","raw":"<h1 style=\"margin-bottom: 12px;\">Servicios de Traducci\u00f3n de Software<\/h1>Trusted Translations trabajar\u00e1 con su equipo para lograr los objetivos clave asociados con la traducci\u00f3n de software, la internacionalizaci\u00f3n, la localizaci\u00f3n, la globalizaci\u00f3n o una combinaci\u00f3n de estos servicios.<div style=\"margin-top: 2.5vw;\"><a class=\"tt-btn-main-cta\" href=\"\/es\/presupuesto-sin-cargo\">SOLICITE UN PRESUPUESTO SIN CARGO<\/a><\/div>"},"text-1":{"type":"textarea","raw":"<h2>Optimizaci\u00f3n de su Software para Mercados Multiling\u00fces<\/h2>\r\n<p><em>Trusted Translations<\/em> ofrece servicios completos de traducci\u00f3n de software. Estamos preparados para ayudar a su empresa con cualquiera de estos objetivos, o todos ellos:<\/p>\r\n<ul>\r\n<li>obtener un producto totalmente funcional y de calidad comprobada que pueda manejarse en m\u00faltiples idiomas;<\/li>\r\n<li>contar con un equipo capacitado para manejar actualizaciones o cambios en muchos idiomas;<\/li>\r\n<li>crear una plataforma que permita la introducci\u00f3n a nuevos mercados al menor costo progresivo;<\/li>\r\n<li>crear procesos y procedimientos que mejoren b\u00e1sicamente la funcionalidad y la satisfacci\u00f3n del cliente, y que adem\u00e1s aumenten las ventas.<\/li>\r\n<\/ul>\r\n<p>Entendemos las particularidades espec\u00edficas relacionadas con la modificaci\u00f3n de un programa de software en un producto multiling\u00fce. Por esa raz\u00f3n, abordamos una amplia gama de elementos en nuestros servicios de traducci\u00f3n y localizaci\u00f3n, como:<\/p>\r\n<ul>\r\n<li>software y c\u00f3digo de interfaz de usuario;<\/li>\r\n<li>pantallas de ayuda, instrucciones, men\u00fas, teclas de acceso r\u00e1pido;<\/li>\r\n<li>manuales de software;<\/li>\r\n<li>contratos de licencia;<\/li>\r\n<li>renuncia de responsabilidad legal y seguridad de la informaci\u00f3n;<\/li>\r\n<li>contratos de garant\u00eda;<\/li>\r\n<li>material de marketing y contenido de empaquetado;<\/li>\r\n<li>contenido relacionado con la cultura y costumbres del usuario final.<\/li>\r\n<\/ul>\r\n<h2 style=\"margin-bottom:20px\">Internacionalizaci\u00f3n de Software<\/h2>\r\n<p>La \"internacionalizaci\u00f3n\" (i18n) es una definici\u00f3n de la industria que implica el desarrollo de un nuevo producto o la modificaci\u00f3n de un proyecto existente para permitir que se utilice en muchos idiomas y se venda en distintos pa\u00edses. Durante el proceso de desarrollo, se utiliza una codificaci\u00f3n especial para permitir el manejo sin interrupciones de la informaci\u00f3n en m\u00faltiples idiomas: por ejemplo, se aseguran de que su c\u00f3digo fuente reconozca diferentes formatos de fecha y hora y sistemas de escritura.<\/p>\r\n<p>Mediante nuestro servicio integral de internacionalizaci\u00f3n, en <em>Trusted Translations<\/em> nos aseguraremos de que su programa de software est\u00e9 configurado para que se lo utilice y comparta a nivel mundial.<\/p>"},"shortcode-map":{"type":"textfield","raw":""},"dyk-shortcode":{"type":"textfield","raw":"[elementor-template id=\"139368\"]"},"text-2":{"type":"textarea","raw":"<h2 style=\"margin-bottom:20px\">Localizaci\u00f3n de Software<\/h2>\r\nLa localizaci\u00f3n de software (l10n) implica adaptar su producto a los matices ling\u00fc\u00edsticos y culturales de un mercado objetivo espec\u00edfico. Con localizaci\u00f3n se puede multiplicar por diez el mercado objetivo y aumentar el impacto en usuarios extranjeros.\r\n\r\nLa localizaci\u00f3n es un proceso complejo que va m\u00e1s all\u00e1 de la simple traducci\u00f3n de contenido para abordar caracter\u00edsticas como usabilidad o experiencia de usuario (UX), gr\u00e1ficos, tama\u00f1o, ubicaci\u00f3n y mucho m\u00e1s. Por ejemplo, la localizaci\u00f3n a una regi\u00f3n hablante de \u00e1rabe podr\u00eda implicar cambiar el dise\u00f1o de men\u00fas, formularios para completar, ubicaci\u00f3n de los botones y m\u00e1s para adaptarse a un idioma que se lee de derecha a izquierda.\r\n\r\nLa localizaci\u00f3n tambi\u00e9n presenta desaf\u00edos \u00fanicos. Por ejemplo, el texto que se va a traducir o localizar, incluido texto visible y oculto, debe estar separado del c\u00f3digo fuente de un modo que conserve la integridad del c\u00f3digo original. Entonces, es en extremo importante que toda la documentaci\u00f3n y el texto de la interfaz del usuario se traduzcan con el uso de la nomenclatura y los t\u00e9rminos t\u00e9cnicos precisos. Adem\u00e1s, incluso antes de que comience el proceso de localizaci\u00f3n, deber\u00eda contarse con una amplia investigaci\u00f3n sobre las preferencias de los usuarios en su mercado objetivo.\r\n\r\nEn <em>Trusted Translations<\/em>, nuestro equipo tiene la experiencia en la industria y los conocimientos ling\u00fc\u00edsticos para manejar estos desaf\u00edos log\u00edsticos de principio a fin.\r\n<h2 style=\"margin-bottom:20px\">Globalizaci\u00f3n de Software<\/h2>\r\nLa globalizaci\u00f3n se entiende mejor con esta simple f\u00f3rmula: globalizaci\u00f3n = internacionalizaci\u00f3n + localizaci\u00f3n. En t\u00e9rminos de globalizaci\u00f3n de software, esto significa hacer que sus productos de software est\u00e9n disponibles y todas las personas puedan utilizarlos, en cualquier idioma y lugar del mundo.\r\n\r\nLo ideal ser\u00eda que la globalizaci\u00f3n se incluyera en el ciclo de desarrollo normal del producto. Si se tiene en cuenta durante el desarrollo, su c\u00f3digo principal se escribir\u00e1 de una manera que permita el manejo eficiente de m\u00faltiples idiomas, e incluya la capacidad de editar, rastrear y cargar texto nuevo. Con esto luego se prepara el escenario para una localizaci\u00f3n exitosa, mientras usted comienza a identificar mercados espec\u00edficos en todo el mundo y a expandirse a ellos.\r\n\r\nEn <em>Trusted Translations,<\/em> tenemos experiencia en cada paso de este proceso, y estamos listos para ser su proveedor \u00fanico para una globalizaci\u00f3n de software exitosa."},"state":{"type":"textfield","raw":""},"city":{"type":"textarea","raw":[]}}},"_links":{"self":[{"href":"https:\/\/www.trustedtranslations.com\/es\/wp-json\/wp\/v2\/pages\/127095","targetHints":{"allow":["GET"]}}],"collection":[{"href":"https:\/\/www.trustedtranslations.com\/es\/wp-json\/wp\/v2\/pages"}],"about":[{"href":"https:\/\/www.trustedtranslations.com\/es\/wp-json\/wp\/v2\/types\/page"}],"author":[{"embeddable":true,"href":"https:\/\/www.trustedtranslations.com\/es\/wp-json\/wp\/v2\/users\/1"}],"replies":[{"embeddable":true,"href":"https:\/\/www.trustedtranslations.com\/es\/wp-json\/wp\/v2\/comments?post=127095"}],"version-history":[{"count":0,"href":"https:\/\/www.trustedtranslations.com\/es\/wp-json\/wp\/v2\/pages\/127095\/revisions"}],"up":[{"embeddable":true,"href":"https:\/\/www.trustedtranslations.com\/es\/wp-json\/wp\/v2\/pages\/127109"}],"wp:featuredmedia":[{"embeddable":true,"href":"https:\/\/www.trustedtranslations.com\/es\/wp-json\/wp\/v2\/media\/139634"}],"wp:attachment":[{"href":"https:\/\/www.trustedtranslations.com\/es\/wp-json\/wp\/v2\/media?parent=127095"}],"curies":[{"name":"wp","href":"https:\/\/api.w.org\/{rel}","templated":true}]}}