{"id":127103,"date":"2018-07-05T19:11:53","date_gmt":"2018-07-05T19:11:53","guid":{"rendered":"https:\/\/www.trustedtranslations.com\/?page_id=127103"},"modified":"2024-09-03T11:54:43","modified_gmt":"2024-09-03T14:54:43","slug":"gsa","status":"publish","type":"page","link":"https:\/\/www.trustedtranslations.com\/es\/industrias\/gsa","title":{"rendered":"Programa GSA"},"content":{"rendered":"","protected":false},"excerpt":{"rendered":"","protected":false},"author":1,"featured_media":139634,"parent":127109,"menu_order":0,"comment_status":"closed","ping_status":"closed","template":"","meta":{"site-sidebar-layout":"default","site-content-layout":"default","ast-site-content-layout":"default","site-content-style":"default","site-sidebar-style":"default","ast-global-header-display":"","ast-banner-title-visibility":"","ast-main-header-display":"","ast-hfb-above-header-display":"","ast-hfb-below-header-display":"","ast-hfb-mobile-header-display":"","site-post-title":"disabled","ast-breadcrumbs-content":"","ast-featured-img":"","footer-sml-layout":"","ast-disable-related-posts":"","theme-transparent-header-meta":"default","adv-header-id-meta":"","stick-header-meta":"","header-above-stick-meta":"","header-main-stick-meta":"","header-below-stick-meta":"","astra-migrate-meta-layouts":"set","ast-page-background-enabled":"default","ast-page-background-meta":{"desktop":{"background-color":"var(--ast-global-color-4)","background-image":"","background-repeat":"repeat","background-position":"center center","background-size":"auto","background-attachment":"scroll","background-type":"","background-media":"","overlay-type":"","overlay-color":"","overlay-opacity":"","overlay-gradient":""},"tablet":{"background-color":"","background-image":"","background-repeat":"repeat","background-position":"center center","background-size":"auto","background-attachment":"scroll","background-type":"","background-media":"","overlay-type":"","overlay-color":"","overlay-opacity":"","overlay-gradient":""},"mobile":{"background-color":"","background-image":"","background-repeat":"repeat","background-position":"center center","background-size":"auto","background-attachment":"scroll","background-type":"","background-media":"","overlay-type":"","overlay-color":"","overlay-opacity":"","overlay-gradient":""}},"ast-content-background-meta":{"desktop":{"background-color":"var(--ast-global-color-5)","background-image":"","background-repeat":"repeat","background-position":"center center","background-size":"auto","background-attachment":"scroll","background-type":"","background-media":"","overlay-type":"","overlay-color":"","overlay-opacity":"","overlay-gradient":""},"tablet":{"background-color":"var(--ast-global-color-5)","background-image":"","background-repeat":"repeat","background-position":"center center","background-size":"auto","background-attachment":"scroll","background-type":"","background-media":"","overlay-type":"","overlay-color":"","overlay-opacity":"","overlay-gradient":""},"mobile":{"background-color":"var(--ast-global-color-5)","background-image":"","background-repeat":"repeat","background-position":"center center","background-size":"auto","background-attachment":"scroll","background-type":"","background-media":"","overlay-type":"","overlay-color":"","overlay-opacity":"","overlay-gradient":""}},"footnotes":""},"class_list":["post-127103","page","type-page","status-publish","has-post-thumbnail","hentry"],"yoast_head":"<!-- This site is optimized with the Yoast SEO plugin v27.5 - https:\/\/yoast.com\/product\/yoast-seo-wordpress\/ -->\n<title>Servicios de Traducci\u00f3n de GSA: Trusted Translations, Inc.<\/title>\n<meta name=\"description\" content=\"Trusted Translations, Inc. tiene algunas de las mejores tarifas en el Programa de la GSA. Consulte nuestra lista de precios del Programa GSA para servicios de traducci\u00f3n de documentos y servicios de interpretaci\u00f3n.\" \/>\n<meta name=\"robots\" content=\"index, follow, max-snippet:-1, max-image-preview:large, max-video-preview:-1\" \/>\n<link rel=\"canonical\" href=\"https:\/\/www.trustedtranslations.com\/es\/industrias\/gsa\" \/>\n<meta property=\"og:locale\" content=\"es_ES\" \/>\n<meta property=\"og:type\" content=\"article\" \/>\n<meta property=\"og:title\" content=\"Servicios de Traducci\u00f3n de GSA: Trusted Translations, Inc.\" \/>\n<meta property=\"og:description\" content=\"Trusted Translations, Inc. tiene algunas de las mejores tarifas en el Programa de la GSA. Consulte nuestra lista de precios del Programa GSA para servicios de traducci\u00f3n de documentos y servicios de interpretaci\u00f3n.\" \/>\n<meta property=\"og:url\" content=\"https:\/\/www.trustedtranslations.com\/es\/industrias\/gsa\" \/>\n<meta property=\"og:site_name\" content=\"Trusted Translations\" \/>\n<meta property=\"article:publisher\" content=\"https:\/\/www.facebook.com\/Trusted.Translations\" \/>\n<meta property=\"article:modified_time\" content=\"2024-09-03T14:54:43+00:00\" \/>\n<meta property=\"og:image\" content=\"https:\/\/static.trustedtranslations.com\/wp-content\/uploads\/2022\/03\/TT_NEW_FB-1.png\" \/>\n\t<meta property=\"og:image:width\" content=\"1038\" \/>\n\t<meta property=\"og:image:height\" content=\"1038\" \/>\n\t<meta property=\"og:image:type\" content=\"image\/png\" \/>\n<meta name=\"twitter:card\" content=\"summary_large_image\" \/>\n<meta name=\"twitter:site\" content=\"@TrustedT9ns\" \/>\n<script type=\"application\/ld+json\" class=\"yoast-schema-graph\">{\"@context\":\"https:\\\/\\\/schema.org\",\"@graph\":[{\"@type\":\"WebPage\",\"@id\":\"https:\\\/\\\/www.trustedtranslations.com\\\/es\\\/industrias\\\/gsa\",\"url\":\"https:\\\/\\\/www.trustedtranslations.com\\\/es\\\/industrias\\\/gsa\",\"name\":\"Servicios de Traducci\u00f3n de GSA: Trusted Translations, Inc.\",\"isPartOf\":{\"@id\":\"https:\\\/\\\/www.trustedtranslations.com\\\/es\\\/#website\"},\"primaryImageOfPage\":{\"@id\":\"https:\\\/\\\/www.trustedtranslations.com\\\/es\\\/industrias\\\/gsa#primaryimage\"},\"image\":{\"@id\":\"https:\\\/\\\/www.trustedtranslations.com\\\/es\\\/industrias\\\/gsa#primaryimage\"},\"thumbnailUrl\":\"https:\\\/\\\/www.trustedtranslations.com\\\/wp-content\\\/uploads\\\/2022\\\/03\\\/TT_NEW_FB-1.png\",\"description\":\"Trusted Translations, Inc. tiene algunas de las mejores tarifas en el Programa de la GSA. Consulte nuestra lista de precios del Programa GSA para servicios de traducci\u00f3n de documentos y servicios de interpretaci\u00f3n.\",\"breadcrumb\":{\"@id\":\"https:\\\/\\\/www.trustedtranslations.com\\\/es\\\/industrias\\\/gsa#breadcrumb\"},\"inLanguage\":\"es\",\"potentialAction\":[{\"@type\":\"ReadAction\",\"target\":[\"https:\\\/\\\/www.trustedtranslations.com\\\/es\\\/industrias\\\/gsa\"]}]},{\"@type\":\"ImageObject\",\"inLanguage\":\"es\",\"@id\":\"https:\\\/\\\/www.trustedtranslations.com\\\/es\\\/industrias\\\/gsa#primaryimage\",\"url\":\"https:\\\/\\\/www.trustedtranslations.com\\\/wp-content\\\/uploads\\\/2022\\\/03\\\/TT_NEW_FB-1.png\",\"contentUrl\":\"https:\\\/\\\/www.trustedtranslations.com\\\/wp-content\\\/uploads\\\/2022\\\/03\\\/TT_NEW_FB-1.png\",\"width\":1038,\"height\":1038,\"caption\":\"TT NEW FB 1\"},{\"@type\":\"BreadcrumbList\",\"@id\":\"https:\\\/\\\/www.trustedtranslations.com\\\/es\\\/industrias\\\/gsa#breadcrumb\",\"itemListElement\":[{\"@type\":\"ListItem\",\"position\":1,\"name\":\"Home\",\"item\":\"https:\\\/\\\/www.trustedtranslations.com\\\/es\"},{\"@type\":\"ListItem\",\"position\":2,\"name\":\"Industrias\",\"item\":\"https:\\\/\\\/www.trustedtranslations.com\\\/es\\\/industrias\"},{\"@type\":\"ListItem\",\"position\":3,\"name\":\"Programa GSA\"}]},{\"@type\":\"WebSite\",\"@id\":\"https:\\\/\\\/www.trustedtranslations.com\\\/es\\\/#website\",\"url\":\"https:\\\/\\\/www.trustedtranslations.com\\\/es\\\/\",\"name\":\"Trusted Translations, Inc.\",\"description\":\"Leader in translation and interpretation services.\",\"publisher\":{\"@id\":\"https:\\\/\\\/www.trustedtranslations.com\\\/es\\\/#organization\"},\"alternateName\":\"Trusted Translations\",\"potentialAction\":[{\"@type\":\"SearchAction\",\"target\":{\"@type\":\"EntryPoint\",\"urlTemplate\":\"https:\\\/\\\/www.trustedtranslations.com\\\/es\\\/?s={search_term_string}\"},\"query-input\":{\"@type\":\"PropertyValueSpecification\",\"valueRequired\":true,\"valueName\":\"search_term_string\"}}],\"inLanguage\":\"es\"},{\"@type\":\"Organization\",\"@id\":\"https:\\\/\\\/www.trustedtranslations.com\\\/es\\\/#organization\",\"name\":\"Trusted Translations\",\"alternateName\":\"Trusted Translations, Inc.\",\"url\":\"https:\\\/\\\/www.trustedtranslations.com\\\/es\\\/\",\"logo\":{\"@type\":\"ImageObject\",\"inLanguage\":\"es\",\"@id\":\"https:\\\/\\\/www.trustedtranslations.com\\\/es\\\/#\\\/schema\\\/logo\\\/image\\\/\",\"url\":\"https:\\\/\\\/static.trustedtranslations.com\\\/wp-content\\\/uploads\\\/2022\\\/01\\\/TT_logo_WSIColors-2.png\",\"contentUrl\":\"https:\\\/\\\/static.trustedtranslations.com\\\/wp-content\\\/uploads\\\/2022\\\/01\\\/TT_logo_WSIColors-2.png\",\"width\":500,\"height\":196,\"caption\":\"Trusted Translations\"},\"image\":{\"@id\":\"https:\\\/\\\/www.trustedtranslations.com\\\/es\\\/#\\\/schema\\\/logo\\\/image\\\/\"},\"sameAs\":[\"https:\\\/\\\/www.facebook.com\\\/Trusted.Translations\",\"https:\\\/\\\/x.com\\\/TrustedT9ns\",\"https:\\\/\\\/www.linkedin.com\\\/company\\\/trusted-translations\"]}]}<\/script>\n<!-- \/ Yoast SEO plugin. -->","yoast_head_json":{"title":"Servicios de Traducci\u00f3n de GSA: Trusted Translations, Inc.","description":"Trusted Translations, Inc. tiene algunas de las mejores tarifas en el Programa de la GSA. Consulte nuestra lista de precios del Programa GSA para servicios de traducci\u00f3n de documentos y servicios de interpretaci\u00f3n.","robots":{"index":"index","follow":"follow","max-snippet":"max-snippet:-1","max-image-preview":"max-image-preview:large","max-video-preview":"max-video-preview:-1"},"canonical":"https:\/\/www.trustedtranslations.com\/es\/industrias\/gsa","og_locale":"es_ES","og_type":"article","og_title":"Servicios de Traducci\u00f3n de GSA: Trusted Translations, Inc.","og_description":"Trusted Translations, Inc. tiene algunas de las mejores tarifas en el Programa de la GSA. Consulte nuestra lista de precios del Programa GSA para servicios de traducci\u00f3n de documentos y servicios de interpretaci\u00f3n.","og_url":"https:\/\/www.trustedtranslations.com\/es\/industrias\/gsa","og_site_name":"Trusted Translations","article_publisher":"https:\/\/www.facebook.com\/Trusted.Translations","article_modified_time":"2024-09-03T14:54:43+00:00","og_image":[{"width":1038,"height":1038,"url":"https:\/\/static.trustedtranslations.com\/wp-content\/uploads\/2022\/03\/TT_NEW_FB-1.png","type":"image\/png"}],"twitter_card":"summary_large_image","twitter_site":"@TrustedT9ns","schema":{"@context":"https:\/\/schema.org","@graph":[{"@type":"WebPage","@id":"https:\/\/www.trustedtranslations.com\/es\/industrias\/gsa","url":"https:\/\/www.trustedtranslations.com\/es\/industrias\/gsa","name":"Servicios de Traducci\u00f3n de GSA: Trusted Translations, Inc.","isPartOf":{"@id":"https:\/\/www.trustedtranslations.com\/es\/#website"},"primaryImageOfPage":{"@id":"https:\/\/www.trustedtranslations.com\/es\/industrias\/gsa#primaryimage"},"image":{"@id":"https:\/\/www.trustedtranslations.com\/es\/industrias\/gsa#primaryimage"},"thumbnailUrl":"https:\/\/www.trustedtranslations.com\/wp-content\/uploads\/2022\/03\/TT_NEW_FB-1.png","description":"Trusted Translations, Inc. tiene algunas de las mejores tarifas en el Programa de la GSA. Consulte nuestra lista de precios del Programa GSA para servicios de traducci\u00f3n de documentos y servicios de interpretaci\u00f3n.","breadcrumb":{"@id":"https:\/\/www.trustedtranslations.com\/es\/industrias\/gsa#breadcrumb"},"inLanguage":"es","potentialAction":[{"@type":"ReadAction","target":["https:\/\/www.trustedtranslations.com\/es\/industrias\/gsa"]}]},{"@type":"ImageObject","inLanguage":"es","@id":"https:\/\/www.trustedtranslations.com\/es\/industrias\/gsa#primaryimage","url":"https:\/\/www.trustedtranslations.com\/wp-content\/uploads\/2022\/03\/TT_NEW_FB-1.png","contentUrl":"https:\/\/www.trustedtranslations.com\/wp-content\/uploads\/2022\/03\/TT_NEW_FB-1.png","width":1038,"height":1038,"caption":"TT NEW FB 1"},{"@type":"BreadcrumbList","@id":"https:\/\/www.trustedtranslations.com\/es\/industrias\/gsa#breadcrumb","itemListElement":[{"@type":"ListItem","position":1,"name":"Home","item":"https:\/\/www.trustedtranslations.com\/es"},{"@type":"ListItem","position":2,"name":"Industrias","item":"https:\/\/www.trustedtranslations.com\/es\/industrias"},{"@type":"ListItem","position":3,"name":"Programa GSA"}]},{"@type":"WebSite","@id":"https:\/\/www.trustedtranslations.com\/es\/#website","url":"https:\/\/www.trustedtranslations.com\/es\/","name":"Trusted Translations, Inc.","description":"Leader in translation and interpretation services.","publisher":{"@id":"https:\/\/www.trustedtranslations.com\/es\/#organization"},"alternateName":"Trusted Translations","potentialAction":[{"@type":"SearchAction","target":{"@type":"EntryPoint","urlTemplate":"https:\/\/www.trustedtranslations.com\/es\/?s={search_term_string}"},"query-input":{"@type":"PropertyValueSpecification","valueRequired":true,"valueName":"search_term_string"}}],"inLanguage":"es"},{"@type":"Organization","@id":"https:\/\/www.trustedtranslations.com\/es\/#organization","name":"Trusted Translations","alternateName":"Trusted Translations, Inc.","url":"https:\/\/www.trustedtranslations.com\/es\/","logo":{"@type":"ImageObject","inLanguage":"es","@id":"https:\/\/www.trustedtranslations.com\/es\/#\/schema\/logo\/image\/","url":"https:\/\/static.trustedtranslations.com\/wp-content\/uploads\/2022\/01\/TT_logo_WSIColors-2.png","contentUrl":"https:\/\/static.trustedtranslations.com\/wp-content\/uploads\/2022\/01\/TT_logo_WSIColors-2.png","width":500,"height":196,"caption":"Trusted Translations"},"image":{"@id":"https:\/\/www.trustedtranslations.com\/es\/#\/schema\/logo\/image\/"},"sameAs":["https:\/\/www.facebook.com\/Trusted.Translations","https:\/\/x.com\/TrustedT9ns","https:\/\/www.linkedin.com\/company\/trusted-translations"]}]}},"toolset-meta":{"dyk":{"mensaje-1":{"type":"textfield","raw":""},"mensaje-2":{"type":"textfield","raw":""},"mensaje-3":{"type":"textfield","raw":""},"mensaje-4":{"type":"textfield","raw":"Somos un orgulloso proveedor de servicios de interpretaci\u00f3n y traducci\u00f3n para la Marina de Estados Unidos."},"mensaje-5":{"type":"textfield","raw":""},"mensaje-6":{"type":"textfield","raw":""}},"single-page-template-fields":{"imgs-temp":{"type":"image","raw":["https:\/\/static.trustedtranslations.com\/wp-content\/uploads\/2024\/05\/gsa-final-2-1.webp"],"repeatable":[{"raw":"https:\/\/static.trustedtranslations.com\/wp-content\/uploads\/2024\/05\/gsa-final-2-1.webp"}]},"imgs-temp-cel":{"type":"image","raw":[""],"repeatable":[{"raw":""}]},"img-temp-one-cel":{"type":"image","raw":"https:\/\/static.trustedtranslations.com\/wp-content\/uploads\/2024\/05\/Group-6-1.webp","attachment_id":null},"quotes":{"type":"textarea","raw":"<h1 style=\"margin-bottom: 12px;\">Soluciones de Traducci\u00f3n Profesional para Contratos Federales y de la GSA<\/h1>Trusted Translations, l\u00edder en servicios de traducci\u00f3n multiling\u00fce, tiene un contrato con todo el Gobierno federal por traducci\u00f3n de documentos, interpretaci\u00f3n y servicios en lengua de se\u00f1as seg\u00fan el Programa de Suministro Federal (FSS\/MAS) de la Administraci\u00f3n de Servicios Generales (GSA).<div style=\"margin-top: 2.5vw;\"><a class=\"tt-btn-main-cta\" href=\"\/es\/presupuesto-sin-cargo\">Solicite un presupuesto sin cargo<\/a><\/div>"},"text-1":{"type":"textarea","raw":"<h2 style=\"margin-top: -10px; padding-bottom:20px\">Compradores Federales y Subcontratistas<\/h2>\r\nGracias a la adjudicaci\u00f3n del contrato de la GSA, <em>Trusted Translations<\/em> ofrece sus servicios de traducci\u00f3n e interpretaci\u00f3n de alta calidad a organismos gubernamentales con las tarifas prenegociadas m\u00e1s competitivas del programa. Como resultado de nuestro compromiso para realizar traducciones e interpretaciones gubernamentales, tambi\u00e9n tenemos un contrato por 5 a\u00f1os con el Departamento de Educaci\u00f3n de EE.\u00a0UU., la Biblioteca del Congreso de EE.\u00a0UU., el Departamento de Agricultura de EE.\u00a0UU., el Servicio de Impuestos Internos, la Marina de EE.\u00a0UU. y el Servicio de Ciudadan\u00eda e Inmigraci\u00f3n de EE.\u00a0UU.\r\n<h2 style=\"padding-bottom:20px\">Las Mejores Tarifas del Programa GSA<\/h2>\r\nHemos prenegociado algunas de las mejores tarifas del programa para ingl\u00e9s hacia y desde los siguientes idiomas de habla masiva: <a href=\"https:\/\/www.trustedtranslations.com\/es\/idiomas\/espanol\" rel=\"noopener\">espa\u00f1ol<\/a>, <a href=\"https:\/\/www.trustedtranslations.com\/es\/idiomas\/portugues\" rel=\"noopener\">portugu\u00e9s<\/a>, <a href=\"https:\/\/www.trustedtranslations.com\/es\/idiomas\/frances\" rel=\"noopener\">franc\u00e9s<\/a>, <a href=\"https:\/\/www.trustedtranslations.com\/es\/idiomas\/italiano\" rel=\"noopener\">italiano<\/a>, <a href=\"https:\/\/www.trustedtranslations.com\/es\/idiomas\/holandes\" rel=\"noopener\">neerland\u00e9s<\/a>, <a href=\"https:\/\/www.trustedtranslations.com\/es\/idiomas\/aleman\" rel=\"noopener\">alem\u00e1n<\/a>, <a href=\"https:\/\/www.trustedtranslations.com\/es\/idiomas\/ruso\" rel=\"noopener\">ruso<\/a>, <a href=\"https:\/\/www.trustedtranslations.com\/es\/idiomas\/japones\" rel=\"noopener\">japon\u00e9s<\/a> y <a href=\"https:\/\/www.trustedtranslations.com\/es\/idiomas\/chino\" rel=\"noopener\">chino<\/a>. La GSA tambi\u00e9n nos ha otorgado su aprobaci\u00f3n para brindar traducciones hacia y desde otros idiomas clave, como: \u00e1rabe, criollo haitiano, checo, dan\u00e9s, finland\u00e9s, griego, hebreo, hindi, h\u00fangaro, indonesio, coreano, noruego, polaco, rumano, eslovaco, sueco, tailand\u00e9s, ucraniano, urdu y vietnamita. Adem\u00e1s, ofrecemos m\u00e1s de 150 idiomas adicionales y servicios de dise\u00f1o gr\u00e1fico (DTP) a precios muy competitivos.\r\n<h2 style=\"padding-bottom:20px\">Antecedentes de Calidad Comprobada con Organismos de Gobierno de Estados Unidos<\/h2>\r\n<em>Trusted Translations<\/em> posee antecedentes demostrados en proporcionar servicios de traducci\u00f3n de documentos de excelente calidad a organismos del Gobierno de Estados Unidos e importantes contratistas gubernamentales.\r\n\r\nEstos son algunos de nuestros clientes:\r\n<ul>\r\n \t<li>Departamento de Agricultura de EE.\u00a0UU.<\/li>\r\n \t<li>Administraci\u00f3n Nacional de Aeron\u00e1utica y el Espacio (NASA)<\/li>\r\n \t<li>Servicio de Impuestos Internos (IRS)<\/li>\r\n \t<li>Departamento de Educaci\u00f3n de EE.\u00a0UU.<\/li>\r\n \t<li>Ej\u00e9rcito de EE.\u00a0UU.<\/li>\r\n \t<li>Cuerpo de Infanter\u00eda de Marina de EE.\u00a0UU.<\/li>\r\n \t<li>Fuerza A\u00e9rea de EE.\u00a0UU.<\/li>\r\n \t<li>Servicio de Ciudadan\u00eda e Inmigraci\u00f3n de EE.\u00a0UU.<\/li>\r\n \t<li>Agencia Federal para el Manejo de Emergencias (FEMA)<\/li>\r\n \t<li>Biblioteca del Congreso de EE.\u00a0UU.<\/li>\r\n \t<li>Departamento de Vivienda y Desarrollo Urbano de EE.\u00a0UU.<\/li>\r\n \t<li>Lockheed Martin Corporation<\/li>\r\n \t<li>Halliburton<\/li>\r\n \t<li>L3 Communications Corporation<\/li>\r\n<\/ul>"},"shortcode-map":{"type":"textfield","raw":""},"dyk-shortcode":{"type":"textfield","raw":"[elementor-template id=\"139368\"]"},"text-2":{"type":"textarea","raw":"<h2 style=\"padding-bottom: 20px\">Programa de Servicios de Idiomas 738 II<\/h2>\r\nEl Programa de Servicios de Idiomas 738 II de la GSA proporciona a los organismos federales una forma eficiente de adquirir servicios del sector privado. Este veh\u00edculo de adquisici\u00f3n del Gobierno est\u00e1 destinado a ofrecer a los organismos una forma de comprar servicios con plazos de entrega m\u00e1s breves, costos administrativos en general m\u00e1s bajos y mejores tarifas, debido a un gran volumen potencial de adquisiciones.\r\n<h2 style=\"padding-bottom: 20px\">382 1: Servicios de Traducci\u00f3n<\/h2>\r\nEste programa de servicios incluye la traducci\u00f3n de material escrito, electr\u00f3nico y multimedia del y al ingl\u00e9s y lenguas extranjeras nativas. El material cubre una amplia gama de campos y servicios, incluidos negocios, derecho, medicina, tecnolog\u00eda, software, localizaci\u00f3n de sitios web para internet e intranet, subtitulado de videos, subt\u00edtulos ocultos y transcripciones. Entre nuestros servicios de consultor\u00eda para clientes y manejo de proyectos contamos con formateo de la traducci\u00f3n, revisi\u00f3n, adaptaci\u00f3n de textos, edici\u00f3n, dise\u00f1o gr\u00e1fico b\u00e1sico y DTP.\r\n<h2 style=\"padding-bottom: 20px\">382 2: Servicios de Interpretaci\u00f3n<\/h2>\r\nSeg\u00fan lo establecido por la GSA, este programa de servicios incluye interpretaci\u00f3n de comunicaci\u00f3n oral del y al ingl\u00e9s e idiomas extranjeros nativos. Entre otros, figuran los siguientes tipos de servicios de interpretaci\u00f3n: simult\u00e1nea, consecutiva, con acompa\u00f1ante, comunitaria, telef\u00f3nica y de voz en off. En las ubicaciones o foros de int\u00e9rpretes pueden incluirse reuniones, conferencias, seminarios, litigios, sesiones informativas y de capacitaci\u00f3n.\r\n\r\nEste programa tambi\u00e9n cuenta con servicios de consultor\u00eda al cliente y manejo de proyectos, proporcionados para programaci\u00f3n, asignaci\u00f3n y coordinaci\u00f3n log\u00edstica del apoyo ling\u00fc\u00edstico.\r\n<h2 style=\"padding-bottom: 20px\">382 5: Servicios para Personas con Problemas Visuales y Auditivos<\/h2>\r\nEn la actualidad, <em>Trusted Translations<\/em> tiene autorizaci\u00f3n y aprobaci\u00f3n de la GSA para proporcionar, en virtud de este SIN (iniciales en ingl\u00e9s de N\u00famero de Art\u00edculo Especial), servicios dise\u00f1ados de manera espec\u00edfica para ayudar a personas con deficiencias visuales o auditivas. Entre ellos est\u00e1n los diversos tipos de servicios de lengua de se\u00f1as, como la lengua de se\u00f1as estadounidense (ASL), el ingl\u00e9s en se\u00f1as y el ingl\u00e9s de se\u00f1as simplificado (PSE). <em>Trusted Translations<\/em> tambi\u00e9n es uno de los pocos proveedores de int\u00e9rpretes \"triling\u00fces\" (por ejemplo, de espa\u00f1ol e ingl\u00e9s a ASL).\r\n\r\nPor nuestra experiencia en esta \u00e1rea, <em>Trusted Translations<\/em> ha obtenido uno de los contratos m\u00e1s grandes de ASL y lengua de se\u00f1as con el Servicio de Ciudadan\u00eda e Inmigraci\u00f3n de EE.\u00a0UU., la Marina de EE.\u00a0UU. y el Servicio de Impuestos Internos. Entre los servicios que se brindan en virtud de este SIN, se encuentran: subtitulado, traducci\u00f3n de sitios web y documentos en l\u00ednea con servicios de composici\u00f3n tipogr\u00e1fica, servicios de idiomas compatibles con el art\u00edculo 508, servicios telef\u00f3nicos (TFF y TTY) y servicios de braille.\r\n\r\nPara saber m\u00e1s sobre servicios de contrataci\u00f3n federal de <em>Trusted Translations<\/em>,<a href=\"https:\/\/www.trustedtranslations.com\/es\/presupuesto-sin-cargo\" rel=\"noopener\">comun\u00edquese con nosotros<\/a> hoy."},"state":{"type":"textfield","raw":""},"city":{"type":"textarea","raw":[]}}},"_links":{"self":[{"href":"https:\/\/www.trustedtranslations.com\/es\/wp-json\/wp\/v2\/pages\/127103","targetHints":{"allow":["GET"]}}],"collection":[{"href":"https:\/\/www.trustedtranslations.com\/es\/wp-json\/wp\/v2\/pages"}],"about":[{"href":"https:\/\/www.trustedtranslations.com\/es\/wp-json\/wp\/v2\/types\/page"}],"author":[{"embeddable":true,"href":"https:\/\/www.trustedtranslations.com\/es\/wp-json\/wp\/v2\/users\/1"}],"replies":[{"embeddable":true,"href":"https:\/\/www.trustedtranslations.com\/es\/wp-json\/wp\/v2\/comments?post=127103"}],"version-history":[{"count":0,"href":"https:\/\/www.trustedtranslations.com\/es\/wp-json\/wp\/v2\/pages\/127103\/revisions"}],"up":[{"embeddable":true,"href":"https:\/\/www.trustedtranslations.com\/es\/wp-json\/wp\/v2\/pages\/127109"}],"wp:featuredmedia":[{"embeddable":true,"href":"https:\/\/www.trustedtranslations.com\/es\/wp-json\/wp\/v2\/media\/139634"}],"wp:attachment":[{"href":"https:\/\/www.trustedtranslations.com\/es\/wp-json\/wp\/v2\/media?parent=127103"}],"curies":[{"name":"wp","href":"https:\/\/api.w.org\/{rel}","templated":true}]}}