{"id":127109,"date":"2018-07-05T14:57:10","date_gmt":"2018-07-05T14:57:10","guid":{"rendered":"https:\/\/www.trustedtranslations.com\/?page_id=127109"},"modified":"2024-09-03T15:46:59","modified_gmt":"2024-09-03T18:46:59","slug":"industrias","status":"publish","type":"page","link":"https:\/\/www.trustedtranslations.com\/es\/industrias","title":{"rendered":"Industrias"},"content":{"rendered":"","protected":false},"excerpt":{"rendered":"","protected":false},"author":1,"featured_media":0,"parent":0,"menu_order":20,"comment_status":"closed","ping_status":"closed","template":"","meta":{"site-sidebar-layout":"default","site-content-layout":"default","ast-site-content-layout":"default","site-content-style":"default","site-sidebar-style":"default","ast-global-header-display":"","ast-banner-title-visibility":"","ast-main-header-display":"","ast-hfb-above-header-display":"","ast-hfb-below-header-display":"","ast-hfb-mobile-header-display":"","site-post-title":"disabled","ast-breadcrumbs-content":"","ast-featured-img":"","footer-sml-layout":"","ast-disable-related-posts":"","theme-transparent-header-meta":"default","adv-header-id-meta":"","stick-header-meta":"","header-above-stick-meta":"","header-main-stick-meta":"","header-below-stick-meta":"","astra-migrate-meta-layouts":"set","ast-page-background-enabled":"default","ast-page-background-meta":{"desktop":{"background-color":"var(--ast-global-color-4)","background-image":"","background-repeat":"repeat","background-position":"center center","background-size":"auto","background-attachment":"scroll","background-type":"","background-media":"","overlay-type":"","overlay-color":"","overlay-opacity":"","overlay-gradient":""},"tablet":{"background-color":"","background-image":"","background-repeat":"repeat","background-position":"center center","background-size":"auto","background-attachment":"scroll","background-type":"","background-media":"","overlay-type":"","overlay-color":"","overlay-opacity":"","overlay-gradient":""},"mobile":{"background-color":"","background-image":"","background-repeat":"repeat","background-position":"center center","background-size":"auto","background-attachment":"scroll","background-type":"","background-media":"","overlay-type":"","overlay-color":"","overlay-opacity":"","overlay-gradient":""}},"ast-content-background-meta":{"desktop":{"background-color":"var(--ast-global-color-5)","background-image":"","background-repeat":"repeat","background-position":"center center","background-size":"auto","background-attachment":"scroll","background-type":"","background-media":"","overlay-type":"","overlay-color":"","overlay-opacity":"","overlay-gradient":""},"tablet":{"background-color":"var(--ast-global-color-5)","background-image":"","background-repeat":"repeat","background-position":"center center","background-size":"auto","background-attachment":"scroll","background-type":"","background-media":"","overlay-type":"","overlay-color":"","overlay-opacity":"","overlay-gradient":""},"mobile":{"background-color":"var(--ast-global-color-5)","background-image":"","background-repeat":"repeat","background-position":"center center","background-size":"auto","background-attachment":"scroll","background-type":"","background-media":"","overlay-type":"","overlay-color":"","overlay-opacity":"","overlay-gradient":""}},"footnotes":""},"class_list":["post-127109","page","type-page","status-publish","hentry"],"yoast_head":"<!-- This site is optimized with the Yoast SEO plugin v27.3 - https:\/\/yoast.com\/product\/yoast-seo-wordpress\/ -->\n<title>Servicios de traducci\u00f3n profesional - Servicios de traducci\u00f3n de documentos | Trusted Translations<\/title>\n<meta name=\"description\" content=\"Si bien nos especializamos en proyectos de traducci\u00f3n complejos y de gran volumen, tambi\u00e9n traducimos cualquier documento desde y hacia todos los idiomas. Obtenga una cotizaci\u00f3n gratuita en menos de 30 minutos.\" \/>\n<meta name=\"robots\" content=\"index, follow, max-snippet:-1, max-image-preview:large, max-video-preview:-1\" \/>\n<link rel=\"canonical\" href=\"https:\/\/www.trustedtranslations.com\/es\/industrias\" \/>\n<meta property=\"og:locale\" content=\"es_ES\" \/>\n<meta property=\"og:type\" content=\"article\" \/>\n<meta property=\"og:title\" content=\"Servicios de traducci\u00f3n profesional - Servicios de traducci\u00f3n de documentos | Trusted Translations\" \/>\n<meta property=\"og:description\" content=\"Si bien nos especializamos en proyectos de traducci\u00f3n complejos y de gran volumen, tambi\u00e9n traducimos cualquier documento desde y hacia todos los idiomas. Obtenga una cotizaci\u00f3n gratuita en menos de 30 minutos.\" \/>\n<meta property=\"og:url\" content=\"https:\/\/www.trustedtranslations.com\/es\/industrias\" \/>\n<meta property=\"og:site_name\" content=\"Trusted Translations\" \/>\n<meta property=\"article:publisher\" content=\"https:\/\/www.facebook.com\/Trusted.Translations\" \/>\n<meta property=\"article:modified_time\" content=\"2024-09-03T18:46:59+00:00\" \/>\n<meta property=\"og:image\" content=\"https:\/\/www.trustedtranslations.com\/wp-content\/uploads\/2022\/06\/tt-logo-2-1.webp\" \/>\n\t<meta property=\"og:image:width\" content=\"216\" \/>\n\t<meta property=\"og:image:height\" content=\"94\" \/>\n\t<meta property=\"og:image:type\" content=\"image\/webp\" \/>\n<meta name=\"twitter:card\" content=\"summary_large_image\" \/>\n<meta name=\"twitter:site\" content=\"@TrustedT9ns\" \/>\n<script type=\"application\/ld+json\" class=\"yoast-schema-graph\">{\"@context\":\"https:\\\/\\\/schema.org\",\"@graph\":[{\"@type\":\"WebPage\",\"@id\":\"https:\\\/\\\/www.trustedtranslations.com\\\/es\\\/industrias\",\"url\":\"https:\\\/\\\/www.trustedtranslations.com\\\/es\\\/industrias\",\"name\":\"Servicios de traducci\u00f3n profesional - Servicios de traducci\u00f3n de documentos | Trusted Translations\",\"isPartOf\":{\"@id\":\"https:\\\/\\\/www.trustedtranslations.com\\\/es\\\/#website\"},\"description\":\"Si bien nos especializamos en proyectos de traducci\u00f3n complejos y de gran volumen, tambi\u00e9n traducimos cualquier documento desde y hacia todos los idiomas. Obtenga una cotizaci\u00f3n gratuita en menos de 30 minutos.\",\"breadcrumb\":{\"@id\":\"https:\\\/\\\/www.trustedtranslations.com\\\/es\\\/industrias#breadcrumb\"},\"inLanguage\":\"es\",\"potentialAction\":[{\"@type\":\"ReadAction\",\"target\":[\"https:\\\/\\\/www.trustedtranslations.com\\\/es\\\/industrias\"]}]},{\"@type\":\"BreadcrumbList\",\"@id\":\"https:\\\/\\\/www.trustedtranslations.com\\\/es\\\/industrias#breadcrumb\",\"itemListElement\":[{\"@type\":\"ListItem\",\"position\":1,\"name\":\"Home\",\"item\":\"https:\\\/\\\/www.trustedtranslations.com\\\/es\"},{\"@type\":\"ListItem\",\"position\":2,\"name\":\"Industrias\"}]},{\"@type\":\"WebSite\",\"@id\":\"https:\\\/\\\/www.trustedtranslations.com\\\/es\\\/#website\",\"url\":\"https:\\\/\\\/www.trustedtranslations.com\\\/es\\\/\",\"name\":\"Trusted Translations, Inc.\",\"description\":\"Leader in translation and interpretation services.\",\"publisher\":{\"@id\":\"https:\\\/\\\/www.trustedtranslations.com\\\/es\\\/#organization\"},\"alternateName\":\"Trusted Translations\",\"potentialAction\":[{\"@type\":\"SearchAction\",\"target\":{\"@type\":\"EntryPoint\",\"urlTemplate\":\"https:\\\/\\\/www.trustedtranslations.com\\\/es\\\/?s={search_term_string}\"},\"query-input\":{\"@type\":\"PropertyValueSpecification\",\"valueRequired\":true,\"valueName\":\"search_term_string\"}}],\"inLanguage\":\"es\"},{\"@type\":\"Organization\",\"@id\":\"https:\\\/\\\/www.trustedtranslations.com\\\/es\\\/#organization\",\"name\":\"Trusted Translations\",\"alternateName\":\"Trusted Translations, Inc.\",\"url\":\"https:\\\/\\\/www.trustedtranslations.com\\\/es\\\/\",\"logo\":{\"@type\":\"ImageObject\",\"inLanguage\":\"es\",\"@id\":\"https:\\\/\\\/www.trustedtranslations.com\\\/es\\\/#\\\/schema\\\/logo\\\/image\\\/\",\"url\":\"https:\\\/\\\/static.trustedtranslations.com\\\/wp-content\\\/uploads\\\/2022\\\/01\\\/TT_logo_WSIColors-2.png\",\"contentUrl\":\"https:\\\/\\\/static.trustedtranslations.com\\\/wp-content\\\/uploads\\\/2022\\\/01\\\/TT_logo_WSIColors-2.png\",\"width\":500,\"height\":196,\"caption\":\"Trusted Translations\"},\"image\":{\"@id\":\"https:\\\/\\\/www.trustedtranslations.com\\\/es\\\/#\\\/schema\\\/logo\\\/image\\\/\"},\"sameAs\":[\"https:\\\/\\\/www.facebook.com\\\/Trusted.Translations\",\"https:\\\/\\\/x.com\\\/TrustedT9ns\",\"https:\\\/\\\/www.linkedin.com\\\/company\\\/trusted-translations\"]}]}<\/script>\n<!-- \/ Yoast SEO plugin. -->","yoast_head_json":{"title":"Servicios de traducci\u00f3n profesional - Servicios de traducci\u00f3n de documentos | Trusted Translations","description":"Si bien nos especializamos en proyectos de traducci\u00f3n complejos y de gran volumen, tambi\u00e9n traducimos cualquier documento desde y hacia todos los idiomas. Obtenga una cotizaci\u00f3n gratuita en menos de 30 minutos.","robots":{"index":"index","follow":"follow","max-snippet":"max-snippet:-1","max-image-preview":"max-image-preview:large","max-video-preview":"max-video-preview:-1"},"canonical":"https:\/\/www.trustedtranslations.com\/es\/industrias","og_locale":"es_ES","og_type":"article","og_title":"Servicios de traducci\u00f3n profesional - Servicios de traducci\u00f3n de documentos | Trusted Translations","og_description":"Si bien nos especializamos en proyectos de traducci\u00f3n complejos y de gran volumen, tambi\u00e9n traducimos cualquier documento desde y hacia todos los idiomas. Obtenga una cotizaci\u00f3n gratuita en menos de 30 minutos.","og_url":"https:\/\/www.trustedtranslations.com\/es\/industrias","og_site_name":"Trusted Translations","article_publisher":"https:\/\/www.facebook.com\/Trusted.Translations","article_modified_time":"2024-09-03T18:46:59+00:00","og_image":[{"width":216,"height":94,"url":"https:\/\/www.trustedtranslations.com\/wp-content\/uploads\/2022\/06\/tt-logo-2-1.webp","type":"image\/webp"}],"twitter_card":"summary_large_image","twitter_site":"@TrustedT9ns","schema":{"@context":"https:\/\/schema.org","@graph":[{"@type":"WebPage","@id":"https:\/\/www.trustedtranslations.com\/es\/industrias","url":"https:\/\/www.trustedtranslations.com\/es\/industrias","name":"Servicios de traducci\u00f3n profesional - Servicios de traducci\u00f3n de documentos | Trusted Translations","isPartOf":{"@id":"https:\/\/www.trustedtranslations.com\/es\/#website"},"description":"Si bien nos especializamos en proyectos de traducci\u00f3n complejos y de gran volumen, tambi\u00e9n traducimos cualquier documento desde y hacia todos los idiomas. Obtenga una cotizaci\u00f3n gratuita en menos de 30 minutos.","breadcrumb":{"@id":"https:\/\/www.trustedtranslations.com\/es\/industrias#breadcrumb"},"inLanguage":"es","potentialAction":[{"@type":"ReadAction","target":["https:\/\/www.trustedtranslations.com\/es\/industrias"]}]},{"@type":"BreadcrumbList","@id":"https:\/\/www.trustedtranslations.com\/es\/industrias#breadcrumb","itemListElement":[{"@type":"ListItem","position":1,"name":"Home","item":"https:\/\/www.trustedtranslations.com\/es"},{"@type":"ListItem","position":2,"name":"Industrias"}]},{"@type":"WebSite","@id":"https:\/\/www.trustedtranslations.com\/es\/#website","url":"https:\/\/www.trustedtranslations.com\/es\/","name":"Trusted Translations, Inc.","description":"Leader in translation and interpretation services.","publisher":{"@id":"https:\/\/www.trustedtranslations.com\/es\/#organization"},"alternateName":"Trusted Translations","potentialAction":[{"@type":"SearchAction","target":{"@type":"EntryPoint","urlTemplate":"https:\/\/www.trustedtranslations.com\/es\/?s={search_term_string}"},"query-input":{"@type":"PropertyValueSpecification","valueRequired":true,"valueName":"search_term_string"}}],"inLanguage":"es"},{"@type":"Organization","@id":"https:\/\/www.trustedtranslations.com\/es\/#organization","name":"Trusted Translations","alternateName":"Trusted Translations, Inc.","url":"https:\/\/www.trustedtranslations.com\/es\/","logo":{"@type":"ImageObject","inLanguage":"es","@id":"https:\/\/www.trustedtranslations.com\/es\/#\/schema\/logo\/image\/","url":"https:\/\/static.trustedtranslations.com\/wp-content\/uploads\/2022\/01\/TT_logo_WSIColors-2.png","contentUrl":"https:\/\/static.trustedtranslations.com\/wp-content\/uploads\/2022\/01\/TT_logo_WSIColors-2.png","width":500,"height":196,"caption":"Trusted Translations"},"image":{"@id":"https:\/\/www.trustedtranslations.com\/es\/#\/schema\/logo\/image\/"},"sameAs":["https:\/\/www.facebook.com\/Trusted.Translations","https:\/\/x.com\/TrustedT9ns","https:\/\/www.linkedin.com\/company\/trusted-translations"]}]}},"toolset-meta":{"dyk":{"mensaje-1":{"type":"textfield","raw":"Entre nuestros servicios, se encuentran desde la simple traducci\u00f3n de documentos hasta la localizaci\u00f3n de software y sitios web."},"mensaje-2":{"type":"textfield","raw":"Cada una de nuestras traducciones es revisada por un especialista espec\u00edfico de la industria para garantizar la precisi\u00f3n."},"mensaje-3":{"type":"textfield","raw":"En Trusted Translations, tenemos a m\u00e1s de 10,000 ling\u00fcistas con experiencia en casi todas las \u00e1reas."},"mensaje-4":{"type":"textfield","raw":""},"mensaje-5":{"type":"textfield","raw":""},"mensaje-6":{"type":"textfield","raw":""}},"single-page-template-fields":{"imgs-temp":{"type":"image","raw":["https:\/\/static.trustedtranslations.com\/wp-content\/uploads\/2024\/01\/bitcoin-2-1-1.webp","https:\/\/static.trustedtranslations.com\/wp-content\/uploads\/2024\/01\/industry-52-1-2.webp","https:\/\/static.trustedtranslations.com\/wp-content\/uploads\/2024\/01\/industry-56-1-3.webp","https:\/\/static.trustedtranslations.com\/wp-content\/uploads\/2024\/01\/industry-54-1-4-1.webp"],"repeatable":[{"raw":"https:\/\/static.trustedtranslations.com\/wp-content\/uploads\/2024\/01\/bitcoin-2-1-1.webp"},{"raw":"https:\/\/static.trustedtranslations.com\/wp-content\/uploads\/2024\/01\/industry-52-1-2.webp"},{"raw":"https:\/\/static.trustedtranslations.com\/wp-content\/uploads\/2024\/01\/industry-56-1-3.webp"},{"raw":"https:\/\/static.trustedtranslations.com\/wp-content\/uploads\/2024\/01\/industry-54-1-4-1.webp"}]},"imgs-temp-cel":{"type":"image","raw":["https:\/\/static.trustedtranslations.com\/wp-content\/uploads\/2024\/01\/AdobeStock_443956484-2-1.webp","https:\/\/static.trustedtranslations.com\/wp-content\/uploads\/2024\/01\/pile-bitcoin-coins-cryptocurrenc.webp","https:\/\/static.trustedtranslations.com\/wp-content\/uploads\/2024\/01\/AdobeStock_401955693-1-1-1.webp"],"repeatable":[{"raw":"https:\/\/static.trustedtranslations.com\/wp-content\/uploads\/2024\/01\/AdobeStock_443956484-2-1.webp"},{"raw":"https:\/\/static.trustedtranslations.com\/wp-content\/uploads\/2024\/01\/pile-bitcoin-coins-cryptocurrenc.webp"},{"raw":"https:\/\/static.trustedtranslations.com\/wp-content\/uploads\/2024\/01\/AdobeStock_401955693-1-1-1.webp"}]},"img-temp-one-cel":{"type":"image","raw":"https:\/\/static.trustedtranslations.com\/wp-content\/uploads\/2024\/01\/AdobeStock_443956484-2-1.webp","attachment_id":null},"quotes":{"type":"textarea","raw":"<h1 style=\"margin: 10px 0px 12px 0px;\">Especializaci\u00f3n en\r\nDistintas Industrias<\/h1>El privilegio de trabajar con miles de clientes de una amplia gama de industrias de todo el mundo nos ha permitido ganar experiencia ling\u00fc\u00edstica espec\u00edfica en casi todos los sectores. Esto incluye la comprensi\u00f3n del tema seg\u00fan el segmento vertical de la industria, las sutilezas de la nomenclatura y los protocolos espec\u00edficos, lo cual ayuda a garantizar que brindemos traducciones que no solo son exactas, sino que tambi\u00e9n est\u00e1n adaptadas a las necesidades de su industria.\r\n<div style=\"margin-top: 2.5vw;\" class=\"quote-wrapper\"><a class=\"tt-btn-main-cta\" href=\"\/es\/presupuesto-sin-cargo\">SOLICITE UN PRESUPUESTO SIN CARGO<\/a><\/div>"},"text-1":{"type":"textarea","raw":"<h2 style=\"margin-top: -10px;\">Expertos en el Tema<\/h2>Cada industria tiene su propio conjunto de t\u00e9rminos t\u00e9cnicos. Esta terminolog\u00eda especializada surge de temas muy precisos y espec\u00edficos de un determinado campo o actividad, y est\u00e1 intr\u00ednsecamente relacionada con ellos. Seleccionamos cuidadosamente a nuestros traductores para cada proyecto y tenemos en cuenta el tema espec\u00edfico que se va a traducir. En muchos casos, nuestros traductores tienen t\u00edtulos de posgrado en el tema de los materiales que deben traducirse y pueden mantener conversaciones sustanciales con su equipo para garantizar que se transmita el significado m\u00e1s exacto.\r\n<div class=\"imgs-flex-template\">\r\n    <div>\r\n        <h2>Servicios de Traducci\u00f3n Profesional: Explicaci\u00f3n de los Elementos Clave\u200b<\/h2>\r\n        <p>Vea con m\u00e1s detalle los elementos clave de una oferta de servicios de traducci\u00f3n profesional. Trusted Translations est\u00e1 disponible para enviar un presupuesto sin cargo las 24 horas del d\u00eda, los 7 d\u00edas de la semana, los 365 d\u00edas del a\u00f1o: www.trustedtranslations.com\/about-us\/quote. Este video lo guiar\u00e1 por los elementos fundamentales de una oferta de servicios de traducci\u00f3n profesional, como el uso de herramientas de memoria de traducci\u00f3n, controles de calidad avanzados, expertos en el tema y niveles de exactitud garantizados. Cada industria utiliza terminolog\u00eda y nomenclatura espec\u00edficas que son fundamentales para el desarrollo de su actividad cotidiana. Ya sea que se trate de contenido legal, financiero o relacionado con software, usar la terminolog\u00eda espec\u00edfica de la industria es fundamental para transmitir el significado correcto en cualquier traducci\u00f3n. Cada traductor profesional de la empresa se especializa en un campo determinado de servicios de traducci\u00f3n. Esto significa que en Trusted Translations se ofrecen traducciones de todo tipo y estilo.<\/p>\r\n    <\/div>\r\n    <img src=\"https:\/\/static.trustedtranslations.com\/wp-content\/uploads\/elementor\/thumbs\/crypto-currency-bitcoin-businessman-trading-investment-1-1-qn72n787ldkczsisx0y40zw9wysmu97c5ecmumsw74.jpg\">\r\n<\/div>"},"shortcode-map":{"type":"textfield","raw":""},"dyk-shortcode":{"type":"textfield","raw":"[elementor-template id=\"139368\"]"},"text-2":{"type":"textarea","raw":"<div class=\"imgs-flex-template flex-text-2\">\r\n    <img src=\"https:\/\/static.trustedtranslations.com\/wp-content\/uploads\/elementor\/thumbs\/industry-qn72n93vz1mjbeb2kson70c6u1mfdj0z07t4e45n28.jpg\">\r\n    <div>\r\n        <h2>Especializaci\u00f3n de Traducci\u00f3n en Distintas Industrias<\/h2>\r\n        <p>Gracias a nuestros a\u00f1os de experiencia en brindar traducciones profesionales, hemos desarrollado muchas \u00e1reas de especializaci\u00f3n, entre ellas: publicidad, sector aeroespacial, sector automotriz, negocios, qu\u00edmica, contratos, defensa, e-learning, educaci\u00f3n, energ\u00eda, entretenimiento, finanzas, globalizaci\u00f3n, gobierno, inmigraci\u00f3n, derecho, litigios, localizaci\u00f3n, sector industrial, marketing, medios de comunicaci\u00f3n, medicina, patentes, religi\u00f3n, comercio minorista, software, sector t\u00e9cnico, telecomunicaciones, manuales de usuario, sitios web y mucho m\u00e1s. Si bien nos especializamos en traducciones ingl\u00e9s-espa\u00f1ol complejas y de gran volumen, que realizan nuestros equipos especiales de traductores profesionales con la debida experiencia en la industria, tambi\u00e9n traducimos documentos en todos los idiomas: ingl\u00e9s, espa\u00f1ol, franc\u00e9s, alem\u00e1n, italiano, coreano, chino, japon\u00e9s y otros.<\/p>\r\n    <\/div>\r\n<\/div>\r\n<h2 style=\"margin-top: -10px;\">Traductores Profesionales<\/h2>Trusted Translations solo utiliza traductores y revisores profesionales nativos o que dominan perfectamente la lengua, y asigna cada proyecto a traductores con experiencia en el \u00e1rea espec\u00edfica, para garantizar la exactitud. Asimismo, un experto en la industria espec\u00edfica corrige cada traducci\u00f3n para garantizar la calidad. Solamente traductores y editores profesionales nativos, certificados, con experiencia y especializados en la industria correspondiente har\u00e1n sus traducciones, y las corregir\u00e1n especialistas en el tema. Todos nuestros traductores tienen acceso a memorias de traducci\u00f3n, diccionarios y bases terminol\u00f3gicas, lo que garantiza que su traducci\u00f3n sea exacta y uniforme hasta en los proyectos m\u00e1s grandes.\r\n<div class=\"imgs-flex-template\">\r\n    <div>\r\n        <h2>Equipos de Traductores Especializados<\/h2>\r\n        <p>En la mayor\u00eda de los proyectos de traducci\u00f3n trabajan varios traductores profesionales y es necesario formar equipos. Contar con el equipo adecuado puede ser esencial para mantener la coherencia y un alto nivel de calidad en todo el proyecto. Cada traductor debe tener la experiencia necesaria en la materia, adem\u00e1s de la capacitaci\u00f3n espec\u00edfica en las herramientas de software adecuadas. Trusted Translations cuenta con rigurosos programas de capacitaci\u00f3n y pruebas para garantizar que usemos solo los mejores recursos.\r\nSolamente traductores y editores profesionales nativos, certificados, con experiencia y especializados en la industria correspondiente har\u00e1n sus traducciones, y las corregir\u00e1n especialistas en el tema.\r\nTodos nuestros traductores tienen acceso a memorias de traducci\u00f3n, diccionarios y bases terminol\u00f3gicas, lo que garantiza que su traducci\u00f3n sea exacta y uniforme hasta en los proyectos m\u00e1s grandes.<\/p>\r\n    <\/div>\r\n    <img src=\"https:\/\/static.trustedtranslations.com\/wp-content\/uploads\/elementor\/thumbs\/industry-2-qn72n93vz1mri18sb85mluo6zl03vvtg1m097armdc.jpg\">\r\n<\/div>"},"state":{"type":"textfield","raw":""},"city":{"type":"textarea","raw":[]}}},"_links":{"self":[{"href":"https:\/\/www.trustedtranslations.com\/es\/wp-json\/wp\/v2\/pages\/127109","targetHints":{"allow":["GET"]}}],"collection":[{"href":"https:\/\/www.trustedtranslations.com\/es\/wp-json\/wp\/v2\/pages"}],"about":[{"href":"https:\/\/www.trustedtranslations.com\/es\/wp-json\/wp\/v2\/types\/page"}],"author":[{"embeddable":true,"href":"https:\/\/www.trustedtranslations.com\/es\/wp-json\/wp\/v2\/users\/1"}],"replies":[{"embeddable":true,"href":"https:\/\/www.trustedtranslations.com\/es\/wp-json\/wp\/v2\/comments?post=127109"}],"version-history":[{"count":0,"href":"https:\/\/www.trustedtranslations.com\/es\/wp-json\/wp\/v2\/pages\/127109\/revisions"}],"wp:attachment":[{"href":"https:\/\/www.trustedtranslations.com\/es\/wp-json\/wp\/v2\/media?parent=127109"}],"curies":[{"name":"wp","href":"https:\/\/api.w.org\/{rel}","templated":true}]}}