{"id":127110,"date":"2018-07-03T21:29:42","date_gmt":"2018-07-03T21:29:42","guid":{"rendered":"https:\/\/www.trustedtranslations.com\/?page_id=127110"},"modified":"2024-09-04T17:40:00","modified_gmt":"2024-09-04T20:40:00","slug":"motores-de-traduccion-automatica-generales","status":"publish","type":"page","link":"https:\/\/www.trustedtranslations.com\/es\/servicios\/automatica\/motores-de-traduccion-automatica-generales","title":{"rendered":"Motores de Traducci\u00f3n Autom\u00e1tica Generales"},"content":{"rendered":"","protected":false},"excerpt":{"rendered":"","protected":false},"author":1,"featured_media":248062,"parent":127133,"menu_order":3,"comment_status":"closed","ping_status":"closed","template":"","meta":{"site-sidebar-layout":"default","site-content-layout":"default","ast-site-content-layout":"default","site-content-style":"default","site-sidebar-style":"default","ast-global-header-display":"","ast-banner-title-visibility":"","ast-main-header-display":"","ast-hfb-above-header-display":"","ast-hfb-below-header-display":"","ast-hfb-mobile-header-display":"","site-post-title":"disabled","ast-breadcrumbs-content":"","ast-featured-img":"","footer-sml-layout":"","ast-disable-related-posts":"","theme-transparent-header-meta":"default","adv-header-id-meta":"","stick-header-meta":"","header-above-stick-meta":"","header-main-stick-meta":"","header-below-stick-meta":"","astra-migrate-meta-layouts":"set","ast-page-background-enabled":"default","ast-page-background-meta":{"desktop":{"background-color":"var(--ast-global-color-4)","background-image":"","background-repeat":"repeat","background-position":"center center","background-size":"auto","background-attachment":"scroll","background-type":"","background-media":"","overlay-type":"","overlay-color":"","overlay-opacity":"","overlay-gradient":""},"tablet":{"background-color":"","background-image":"","background-repeat":"repeat","background-position":"center center","background-size":"auto","background-attachment":"scroll","background-type":"","background-media":"","overlay-type":"","overlay-color":"","overlay-opacity":"","overlay-gradient":""},"mobile":{"background-color":"","background-image":"","background-repeat":"repeat","background-position":"center center","background-size":"auto","background-attachment":"scroll","background-type":"","background-media":"","overlay-type":"","overlay-color":"","overlay-opacity":"","overlay-gradient":""}},"ast-content-background-meta":{"desktop":{"background-color":"var(--ast-global-color-5)","background-image":"","background-repeat":"repeat","background-position":"center center","background-size":"auto","background-attachment":"scroll","background-type":"","background-media":"","overlay-type":"","overlay-color":"","overlay-opacity":"","overlay-gradient":""},"tablet":{"background-color":"var(--ast-global-color-5)","background-image":"","background-repeat":"repeat","background-position":"center center","background-size":"auto","background-attachment":"scroll","background-type":"","background-media":"","overlay-type":"","overlay-color":"","overlay-opacity":"","overlay-gradient":""},"mobile":{"background-color":"var(--ast-global-color-5)","background-image":"","background-repeat":"repeat","background-position":"center center","background-size":"auto","background-attachment":"scroll","background-type":"","background-media":"","overlay-type":"","overlay-color":"","overlay-opacity":"","overlay-gradient":""}},"footnotes":""},"class_list":["post-127110","page","type-page","status-publish","has-post-thumbnail","hentry"],"yoast_head":"<!-- This site is optimized with the Yoast SEO plugin v27.3 - https:\/\/yoast.com\/product\/yoast-seo-wordpress\/ -->\n<title>Motores de Traducci\u00f3n Autom\u00e1tica Generales: Trusted Translations<\/title>\n<meta name=\"description\" content=\"Trusted Translations integra motores de traducci\u00f3n autom\u00e1tica con servidores de memoria y posedici\u00f3n para ofrecer traducciones confiables y de alta calidad adaptadas a las necesidades del cliente.\" \/>\n<meta name=\"robots\" content=\"index, follow, max-snippet:-1, max-image-preview:large, max-video-preview:-1\" \/>\n<link rel=\"canonical\" href=\"https:\/\/www.trustedtranslations.com\/es\/servicios\/automatica\/motores-de-traduccion-automatica-generales\" \/>\n<meta property=\"og:locale\" content=\"es_ES\" \/>\n<meta property=\"og:type\" content=\"article\" \/>\n<meta property=\"og:title\" content=\"Motores de Traducci\u00f3n Autom\u00e1tica Generales: Trusted Translations\" \/>\n<meta property=\"og:description\" content=\"Trusted Translations integra motores de traducci\u00f3n autom\u00e1tica con servidores de memoria y posedici\u00f3n para ofrecer traducciones confiables y de alta calidad adaptadas a las necesidades del cliente.\" \/>\n<meta property=\"og:url\" content=\"https:\/\/www.trustedtranslations.com\/es\/servicios\/automatica\/motores-de-traduccion-automatica-generales\" \/>\n<meta property=\"og:site_name\" content=\"Trusted Translations\" \/>\n<meta property=\"article:publisher\" content=\"https:\/\/www.facebook.com\/Trusted.Translations\" \/>\n<meta property=\"article:modified_time\" content=\"2024-09-04T20:40:00+00:00\" \/>\n<meta property=\"og:image\" content=\"https:\/\/static.trustedtranslations.com\/wp-content\/uploads\/2024\/02\/Recurso-11-1.png\" \/>\n\t<meta property=\"og:image:width\" content=\"150\" \/>\n\t<meta property=\"og:image:height\" content=\"150\" \/>\n\t<meta property=\"og:image:type\" content=\"image\/png\" \/>\n<meta name=\"twitter:card\" content=\"summary_large_image\" \/>\n<meta name=\"twitter:site\" content=\"@TrustedT9ns\" \/>\n<script type=\"application\/ld+json\" class=\"yoast-schema-graph\">{\"@context\":\"https:\\\/\\\/schema.org\",\"@graph\":[{\"@type\":\"WebPage\",\"@id\":\"https:\\\/\\\/www.trustedtranslations.com\\\/es\\\/servicios\\\/automatica\\\/motores-de-traduccion-automatica-generales\",\"url\":\"https:\\\/\\\/www.trustedtranslations.com\\\/es\\\/servicios\\\/automatica\\\/motores-de-traduccion-automatica-generales\",\"name\":\"Motores de Traducci\u00f3n Autom\u00e1tica Generales: Trusted Translations\",\"isPartOf\":{\"@id\":\"https:\\\/\\\/www.trustedtranslations.com\\\/es\\\/#website\"},\"primaryImageOfPage\":{\"@id\":\"https:\\\/\\\/www.trustedtranslations.com\\\/es\\\/servicios\\\/automatica\\\/motores-de-traduccion-automatica-generales#primaryimage\"},\"image\":{\"@id\":\"https:\\\/\\\/www.trustedtranslations.com\\\/es\\\/servicios\\\/automatica\\\/motores-de-traduccion-automatica-generales#primaryimage\"},\"thumbnailUrl\":\"https:\\\/\\\/www.trustedtranslations.com\\\/wp-content\\\/uploads\\\/2024\\\/02\\\/Recurso-11-1.png\",\"description\":\"Trusted Translations integra motores de traducci\u00f3n autom\u00e1tica con servidores de memoria y posedici\u00f3n para ofrecer traducciones confiables y de alta calidad adaptadas a las necesidades del cliente.\",\"breadcrumb\":{\"@id\":\"https:\\\/\\\/www.trustedtranslations.com\\\/es\\\/servicios\\\/automatica\\\/motores-de-traduccion-automatica-generales#breadcrumb\"},\"inLanguage\":\"es\",\"potentialAction\":[{\"@type\":\"ReadAction\",\"target\":[\"https:\\\/\\\/www.trustedtranslations.com\\\/es\\\/servicios\\\/automatica\\\/motores-de-traduccion-automatica-generales\"]}]},{\"@type\":\"ImageObject\",\"inLanguage\":\"es\",\"@id\":\"https:\\\/\\\/www.trustedtranslations.com\\\/es\\\/servicios\\\/automatica\\\/motores-de-traduccion-automatica-generales#primaryimage\",\"url\":\"https:\\\/\\\/www.trustedtranslations.com\\\/wp-content\\\/uploads\\\/2024\\\/02\\\/Recurso-11-1.png\",\"contentUrl\":\"https:\\\/\\\/www.trustedtranslations.com\\\/wp-content\\\/uploads\\\/2024\\\/02\\\/Recurso-11-1.png\",\"width\":150,\"height\":150,\"caption\":\"Recurso 11 1\"},{\"@type\":\"BreadcrumbList\",\"@id\":\"https:\\\/\\\/www.trustedtranslations.com\\\/es\\\/servicios\\\/automatica\\\/motores-de-traduccion-automatica-generales#breadcrumb\",\"itemListElement\":[{\"@type\":\"ListItem\",\"position\":1,\"name\":\"Home\",\"item\":\"https:\\\/\\\/www.trustedtranslations.com\\\/es\"},{\"@type\":\"ListItem\",\"position\":2,\"name\":\"Servicios\",\"item\":\"https:\\\/\\\/www.trustedtranslations.com\\\/es\\\/servicios\"},{\"@type\":\"ListItem\",\"position\":3,\"name\":\"Traducci\u00f3n Autom\u00e1tica\",\"item\":\"https:\\\/\\\/www.trustedtranslations.com\\\/es\\\/servicios\\\/automatica\"},{\"@type\":\"ListItem\",\"position\":4,\"name\":\"Motores de Traducci\u00f3n Autom\u00e1tica Generales\"}]},{\"@type\":\"WebSite\",\"@id\":\"https:\\\/\\\/www.trustedtranslations.com\\\/es\\\/#website\",\"url\":\"https:\\\/\\\/www.trustedtranslations.com\\\/es\\\/\",\"name\":\"Trusted Translations, Inc.\",\"description\":\"Leader in translation and interpretation services.\",\"publisher\":{\"@id\":\"https:\\\/\\\/www.trustedtranslations.com\\\/es\\\/#organization\"},\"alternateName\":\"Trusted Translations\",\"potentialAction\":[{\"@type\":\"SearchAction\",\"target\":{\"@type\":\"EntryPoint\",\"urlTemplate\":\"https:\\\/\\\/www.trustedtranslations.com\\\/es\\\/?s={search_term_string}\"},\"query-input\":{\"@type\":\"PropertyValueSpecification\",\"valueRequired\":true,\"valueName\":\"search_term_string\"}}],\"inLanguage\":\"es\"},{\"@type\":\"Organization\",\"@id\":\"https:\\\/\\\/www.trustedtranslations.com\\\/es\\\/#organization\",\"name\":\"Trusted Translations\",\"alternateName\":\"Trusted Translations, Inc.\",\"url\":\"https:\\\/\\\/www.trustedtranslations.com\\\/es\\\/\",\"logo\":{\"@type\":\"ImageObject\",\"inLanguage\":\"es\",\"@id\":\"https:\\\/\\\/www.trustedtranslations.com\\\/es\\\/#\\\/schema\\\/logo\\\/image\\\/\",\"url\":\"https:\\\/\\\/static.trustedtranslations.com\\\/wp-content\\\/uploads\\\/2022\\\/01\\\/TT_logo_WSIColors-2.png\",\"contentUrl\":\"https:\\\/\\\/static.trustedtranslations.com\\\/wp-content\\\/uploads\\\/2022\\\/01\\\/TT_logo_WSIColors-2.png\",\"width\":500,\"height\":196,\"caption\":\"Trusted Translations\"},\"image\":{\"@id\":\"https:\\\/\\\/www.trustedtranslations.com\\\/es\\\/#\\\/schema\\\/logo\\\/image\\\/\"},\"sameAs\":[\"https:\\\/\\\/www.facebook.com\\\/Trusted.Translations\",\"https:\\\/\\\/x.com\\\/TrustedT9ns\",\"https:\\\/\\\/www.linkedin.com\\\/company\\\/trusted-translations\"]}]}<\/script>\n<!-- \/ Yoast SEO plugin. -->","yoast_head_json":{"title":"Motores de Traducci\u00f3n Autom\u00e1tica Generales: Trusted Translations","description":"Trusted Translations integra motores de traducci\u00f3n autom\u00e1tica con servidores de memoria y posedici\u00f3n para ofrecer traducciones confiables y de alta calidad adaptadas a las necesidades del cliente.","robots":{"index":"index","follow":"follow","max-snippet":"max-snippet:-1","max-image-preview":"max-image-preview:large","max-video-preview":"max-video-preview:-1"},"canonical":"https:\/\/www.trustedtranslations.com\/es\/servicios\/automatica\/motores-de-traduccion-automatica-generales","og_locale":"es_ES","og_type":"article","og_title":"Motores de Traducci\u00f3n Autom\u00e1tica Generales: Trusted Translations","og_description":"Trusted Translations integra motores de traducci\u00f3n autom\u00e1tica con servidores de memoria y posedici\u00f3n para ofrecer traducciones confiables y de alta calidad adaptadas a las necesidades del cliente.","og_url":"https:\/\/www.trustedtranslations.com\/es\/servicios\/automatica\/motores-de-traduccion-automatica-generales","og_site_name":"Trusted Translations","article_publisher":"https:\/\/www.facebook.com\/Trusted.Translations","article_modified_time":"2024-09-04T20:40:00+00:00","og_image":[{"width":150,"height":150,"url":"https:\/\/static.trustedtranslations.com\/wp-content\/uploads\/2024\/02\/Recurso-11-1.png","type":"image\/png"}],"twitter_card":"summary_large_image","twitter_site":"@TrustedT9ns","schema":{"@context":"https:\/\/schema.org","@graph":[{"@type":"WebPage","@id":"https:\/\/www.trustedtranslations.com\/es\/servicios\/automatica\/motores-de-traduccion-automatica-generales","url":"https:\/\/www.trustedtranslations.com\/es\/servicios\/automatica\/motores-de-traduccion-automatica-generales","name":"Motores de Traducci\u00f3n Autom\u00e1tica Generales: Trusted Translations","isPartOf":{"@id":"https:\/\/www.trustedtranslations.com\/es\/#website"},"primaryImageOfPage":{"@id":"https:\/\/www.trustedtranslations.com\/es\/servicios\/automatica\/motores-de-traduccion-automatica-generales#primaryimage"},"image":{"@id":"https:\/\/www.trustedtranslations.com\/es\/servicios\/automatica\/motores-de-traduccion-automatica-generales#primaryimage"},"thumbnailUrl":"https:\/\/www.trustedtranslations.com\/wp-content\/uploads\/2024\/02\/Recurso-11-1.png","description":"Trusted Translations integra motores de traducci\u00f3n autom\u00e1tica con servidores de memoria y posedici\u00f3n para ofrecer traducciones confiables y de alta calidad adaptadas a las necesidades del cliente.","breadcrumb":{"@id":"https:\/\/www.trustedtranslations.com\/es\/servicios\/automatica\/motores-de-traduccion-automatica-generales#breadcrumb"},"inLanguage":"es","potentialAction":[{"@type":"ReadAction","target":["https:\/\/www.trustedtranslations.com\/es\/servicios\/automatica\/motores-de-traduccion-automatica-generales"]}]},{"@type":"ImageObject","inLanguage":"es","@id":"https:\/\/www.trustedtranslations.com\/es\/servicios\/automatica\/motores-de-traduccion-automatica-generales#primaryimage","url":"https:\/\/www.trustedtranslations.com\/wp-content\/uploads\/2024\/02\/Recurso-11-1.png","contentUrl":"https:\/\/www.trustedtranslations.com\/wp-content\/uploads\/2024\/02\/Recurso-11-1.png","width":150,"height":150,"caption":"Recurso 11 1"},{"@type":"BreadcrumbList","@id":"https:\/\/www.trustedtranslations.com\/es\/servicios\/automatica\/motores-de-traduccion-automatica-generales#breadcrumb","itemListElement":[{"@type":"ListItem","position":1,"name":"Home","item":"https:\/\/www.trustedtranslations.com\/es"},{"@type":"ListItem","position":2,"name":"Servicios","item":"https:\/\/www.trustedtranslations.com\/es\/servicios"},{"@type":"ListItem","position":3,"name":"Traducci\u00f3n Autom\u00e1tica","item":"https:\/\/www.trustedtranslations.com\/es\/servicios\/automatica"},{"@type":"ListItem","position":4,"name":"Motores de Traducci\u00f3n Autom\u00e1tica Generales"}]},{"@type":"WebSite","@id":"https:\/\/www.trustedtranslations.com\/es\/#website","url":"https:\/\/www.trustedtranslations.com\/es\/","name":"Trusted Translations, Inc.","description":"Leader in translation and interpretation services.","publisher":{"@id":"https:\/\/www.trustedtranslations.com\/es\/#organization"},"alternateName":"Trusted Translations","potentialAction":[{"@type":"SearchAction","target":{"@type":"EntryPoint","urlTemplate":"https:\/\/www.trustedtranslations.com\/es\/?s={search_term_string}"},"query-input":{"@type":"PropertyValueSpecification","valueRequired":true,"valueName":"search_term_string"}}],"inLanguage":"es"},{"@type":"Organization","@id":"https:\/\/www.trustedtranslations.com\/es\/#organization","name":"Trusted Translations","alternateName":"Trusted Translations, Inc.","url":"https:\/\/www.trustedtranslations.com\/es\/","logo":{"@type":"ImageObject","inLanguage":"es","@id":"https:\/\/www.trustedtranslations.com\/es\/#\/schema\/logo\/image\/","url":"https:\/\/static.trustedtranslations.com\/wp-content\/uploads\/2022\/01\/TT_logo_WSIColors-2.png","contentUrl":"https:\/\/static.trustedtranslations.com\/wp-content\/uploads\/2022\/01\/TT_logo_WSIColors-2.png","width":500,"height":196,"caption":"Trusted Translations"},"image":{"@id":"https:\/\/www.trustedtranslations.com\/es\/#\/schema\/logo\/image\/"},"sameAs":["https:\/\/www.facebook.com\/Trusted.Translations","https:\/\/x.com\/TrustedT9ns","https:\/\/www.linkedin.com\/company\/trusted-translations"]}]}},"toolset-meta":{"dyk":{"mensaje-1":{"type":"textfield","raw":""},"mensaje-2":{"type":"textfield","raw":"El GMTE m\u00e1s popular, Google Translate, admite m\u00e1s de 130 idiomas mundiales."},"mensaje-3":{"type":"textfield","raw":"Trusted Translations proporciona poseditores especializados para revisar todas las traducciones realizadas por computadora."},"mensaje-4":{"type":"textfield","raw":""},"mensaje-5":{"type":"textfield","raw":""},"mensaje-6":{"type":"textfield","raw":""}},"single-page-template-fields":{"imgs-temp":{"type":"image","raw":["https:\/\/static.trustedtranslations.com\/wp-content\/uploads\/2024\/07\/general-final-1.webp"],"repeatable":[{"raw":"https:\/\/static.trustedtranslations.com\/wp-content\/uploads\/2024\/07\/general-final-1.webp"}]},"imgs-temp-cel":{"type":"image","raw":[""],"repeatable":[{"raw":""}]},"img-temp-one-cel":{"type":"image","raw":"https:\/\/static.trustedtranslations.com\/wp-content\/uploads\/2024\/07\/AdobeStock_283707126_Editorial_U.webp","attachment_id":null},"quotes":{"type":"textarea","raw":"<h1 style=\"margin-bottom: 12px;\">Soluciones Generales de Traducci\u00f3n Autom\u00e1tica Neuronal (de Referencia)<\/h1><p>En <em>Trusted Translations<\/em>, hemos desarrollado un proceso tecnol\u00f3gico que integra motores de traducci\u00f3n autom\u00e1tica (MT) de referencia, como Google, Microsoft, Amazon, DeepL y otros, con servidores de memoria de traducci\u00f3n (TM) y servicios de posedici\u00f3n para producir traducciones de gran volumen con la mayor calidad de la industria.<\/p><div style=\"margin-top: 2.5vw;\"><a class=\"tt-btn-main-cta\" href=\"https:\/\/www.trustedtranslations.com\/es\/presupuesto-sin-cargo\">Solicite un presupuesto sin cargo<\/a><\/div>"},"text-1":{"type":"textarea","raw":"<h2>Proceso Simplificado<\/h2>\r\nEn funci\u00f3n de la solicitud del cliente y sus especificaciones, integraremos una soluci\u00f3n de MT de referencia con nuestro proceso de control de calidad para producir traducciones muy confiables y precisas. Se ha demostrado que este proceso exclusivo mejora de manera significativa los tiempos de entrega y reduce los costos sin dejar de mantener un nivel muy alto de calidad de traducci\u00f3n.\r\n<h2>Motores de Traducci\u00f3n Autom\u00e1tica de Dominio General<\/h2>\r\nUn motor de traducci\u00f3n autom\u00e1tica de dominio general (tambi\u00e9n denominado \u201cGMTE\u201d, por sus siglas en ingl\u00e9s) hace referencia a un programa de software que puede traducir texto de y a un determinado idioma con poca intervenci\u00f3n humana o sin ella. Si bien cada uno de esos motores de referencia se desarrolla de manera diferente, la mayor\u00eda se dise\u00f1an para traducir contenido general que no involucre terminolog\u00eda especializada; de ah\u00ed el nombre de \u201csoluciones de traducci\u00f3n autom\u00e1tica de dominio general\u201d. Los m\u00e1s populares son Google Translate, Systran, Microsoft Translator, Microsoft Hub y Amazon.\r\n\r\nPara una comprensi\u00f3n general de contenido relativamente b\u00e1sico, los motores de referencia pueden hacer un trabajo aceptable. Sin embargo, hasta la fecha, los motores personalizados a\u00fan tienen una ventaja competitiva. Es decir, las traducciones producidas por los GMTE solos no son lo bastante confiables para uso profesional, ya que los errores son casi inevitables, incluso en documentos simples.\r\n\r\nDicho esto, un GMTE puede ser una parte \u00fatil de un proceso de traducci\u00f3n, seg\u00fan los objetivos del cliente y la naturaleza del proyecto. En <em>Trusted Translations<\/em>, hemos aprendido a aprovechar los GMTE e integrarlos de acuerdo a las necesidades y metas de nuestros clientes. Si creemos que un determinado proyecto es un buen candidato para incorporar GMTE en el proceso, comentaremos la opci\u00f3n con nuestro cliente y dise\u00f1aremos una soluci\u00f3n que combine todos los beneficios de esos motores y servidores de memorias, m\u00e1s la traducci\u00f3n y revisi\u00f3n humanas.\r\n<h2>Servidores de Memorias de Traducci\u00f3n y Memorias de Traducci\u00f3n de Dominio General<\/h2>\r\nEl uso de un servidor de memoria de traducci\u00f3n (TMS, por sus siglas en ingl\u00e9s) cuando se utiliza un GMTE es una forma de mejorar la calidad general del producto de traducci\u00f3n, ya que aprovecha segmentos anteriores traducidos por seres humanos como parte del producto. El uso de ese contenido anterior ayuda a garantizar la calidad, que se refleja en una fidelidad mejorada a pautas de estilo espec\u00edficas del cliente, e incluso contribuye con la terminolog\u00eda en los casos en que los glosarios pueden no ser un recurso fuerte. Una configuraci\u00f3n posible del flujo de trabajo para preparaci\u00f3n de contenido consistir\u00eda en traducir primero cada segmento mediante un TMS. Si no se encuentra un segmento id\u00e9ntico o similar (coincidencia total o parcial) en este primer paso, se somete el contenido al motor de traducci\u00f3n autom\u00e1tica general.\r\n\r\nEn la actualidad, la mayor\u00eda de los TMS permiten completar estos dos pasos en forma simult\u00e1nea. Por \u00faltimo, el contenido biling\u00fce generado, ya sea desde una memoria de traducci\u00f3n o un producto de traducci\u00f3n autom\u00e1tica pura, tambi\u00e9n puede editarlo un poseditor especializado, es decir, un ling\u00fcista con la capacitaci\u00f3n especial para trabajar con ese producto de MT. M\u00e1s a\u00fan, todas las posediciones humanas alimentar\u00e1n el sistema de la TM, lo que mejorar\u00e1 la calidad de la siguiente traducci\u00f3n.\r\n<h2>Posedici\u00f3n Humana de Traducciones Autom\u00e1ticas de Dominio General<\/h2>\r\nEl uso de un GMTE puede aumentar de manera significativa la velocidad de producci\u00f3n en comparaci\u00f3n con un proceso de traducci\u00f3n que solo involucre ling\u00fcistas humanos. Con la suficiente potencia de procesamiento, podr\u00edan traducirse cientos de millones de palabras en solo un par de d\u00edas. Sin importar el reciente debate sobre si el producto de una traducci\u00f3n autom\u00e1tica (MT) y una humana han alcanzado igual nivel, en general podr\u00eda haber cierto motivo de preocupaci\u00f3n sobre la calidad del producto final. Una soluci\u00f3n es agregar un paso de posedici\u00f3n humana, y posibles pasos adicionales de revisi\u00f3n, como parte del flujo de trabajo. En efecto, integrar un proceso de posedici\u00f3n humana recorta el tiempo de entrega pero aporta un nivel mucho mayor de calidad y puede ayudar a detectar \u00e1reas problem\u00e1ticas al usar un GMTE."},"shortcode-map":{"type":"textfield","raw":""},"dyk-shortcode":{"type":"textfield","raw":"[elementor-template id=\"139368\"]"},"text-2":{"type":"textarea","raw":"<h2>Motores de Traducci\u00f3n Autom\u00e1tica de Dominio General, Servidores de Memoria y Flujo de Trabajo Humano de Posedici\u00f3n<\/h2>\r\nDado que las soluciones de traducci\u00f3n autom\u00e1tica a\u00fan se encuentran en etapas de desarrollo y mejora, <em>Trusted Translations<\/em> aborda cada proyecto como un caso \u00fanico. Sin embargo, seg\u00fan nuestra experiencia, hemos desarrollado y probado varios flujos de trabajo que integran con \u00e9xito la traducci\u00f3n por computadora. El siguiente es un flujo de trabajo com\u00fan que integra un GMTE con una soluci\u00f3n de memoria de traducci\u00f3n y posedici\u00f3n humana.\r\n\r\n<img class=\"wp-image-7224 size-full alignright\" src=\"https:\/\/www.trustedtranslations.com\/wp-content\/uploads\/2020\/01\/general-mt-engines-1.jpg\" alt=\"\" width=\"535\" height=\"288\" \/>\r\n\r\nComo se ha ilustrado, el contenido atravesar\u00eda todos los pasos del proceso mediante una interfaz de programaci\u00f3n de aplicaciones (IPA) u otros tipos de integraciones. Cada segmento del contenido fluir\u00e1 por el TMS y el motor de traducci\u00f3n autom\u00e1tica de dominio general hasta llegar al entorno de posedici\u00f3n. En otras palabras, uno de nuestros profesionales poseditar\u00e1 en l\u00ednea los resultados de cada segmento que sale de nuestro servidor de memorias de traducci\u00f3n o el motor de traducci\u00f3n autom\u00e1tica general en nuestro entorno de posedici\u00f3n en la nube. El proceso podr\u00e1 llevarse a cabo en simult\u00e1neo para m\u00faltiples idiomas. El proceso fluye de manera casi instant\u00e1nea hasta el entorno de posedici\u00f3n. La retroalimentaci\u00f3n resultante de la tarea de posedici\u00f3n humana genera actualizaciones autom\u00e1ticas del TMS.\r\n<h2>Traducci\u00f3n Autom\u00e1tica de Dominio General vs. Traducci\u00f3n Autom\u00e1tica Personalizada<\/h2>\r\nEl uso de un motor de traducci\u00f3n autom\u00e1tica de dominio general en combinaci\u00f3n con servidores de memorias de traducci\u00f3n disminuye en forma significativa el costo mediante el uso de posedici\u00f3n humana en lugar de traducci\u00f3n (desde cero) y revisi\u00f3n realizadas por profesionales humanos. Los tiempos de entrega mejoran en forma dr\u00e1stica. Los inconvenientes de esta opci\u00f3n son que la calidad no ser\u00e1 tan alta y que el motor de traducci\u00f3n autom\u00e1tica carecer\u00e1 de la capacidad din\u00e1mica para aprender y mejorar solo, como lo hace un motor de traducci\u00f3n autom\u00e1tica personalizado."},"state":{"type":"textfield","raw":""},"city":{"type":"textarea","raw":[]}}},"_links":{"self":[{"href":"https:\/\/www.trustedtranslations.com\/es\/wp-json\/wp\/v2\/pages\/127110","targetHints":{"allow":["GET"]}}],"collection":[{"href":"https:\/\/www.trustedtranslations.com\/es\/wp-json\/wp\/v2\/pages"}],"about":[{"href":"https:\/\/www.trustedtranslations.com\/es\/wp-json\/wp\/v2\/types\/page"}],"author":[{"embeddable":true,"href":"https:\/\/www.trustedtranslations.com\/es\/wp-json\/wp\/v2\/users\/1"}],"replies":[{"embeddable":true,"href":"https:\/\/www.trustedtranslations.com\/es\/wp-json\/wp\/v2\/comments?post=127110"}],"version-history":[{"count":0,"href":"https:\/\/www.trustedtranslations.com\/es\/wp-json\/wp\/v2\/pages\/127110\/revisions"}],"up":[{"embeddable":true,"href":"https:\/\/www.trustedtranslations.com\/es\/wp-json\/wp\/v2\/pages\/127133"}],"wp:featuredmedia":[{"embeddable":true,"href":"https:\/\/www.trustedtranslations.com\/es\/wp-json\/wp\/v2\/media\/248062"}],"wp:attachment":[{"href":"https:\/\/www.trustedtranslations.com\/es\/wp-json\/wp\/v2\/media?parent=127110"}],"curies":[{"name":"wp","href":"https:\/\/api.w.org\/{rel}","templated":true}]}}