{"id":127112,"date":"2018-07-03T21:29:37","date_gmt":"2018-07-03T21:29:37","guid":{"rendered":"https:\/\/www.trustedtranslations.com\/?page_id=127112"},"modified":"2024-09-18T12:43:00","modified_gmt":"2024-09-18T15:43:00","slug":"posedicion","status":"publish","type":"page","link":"https:\/\/www.trustedtranslations.com\/es\/servicios\/automatica\/posedicion","title":{"rendered":"Posedici\u00f3n Humana"},"content":{"rendered":"","protected":false},"excerpt":{"rendered":"","protected":false},"author":1,"featured_media":237598,"parent":127133,"menu_order":4,"comment_status":"closed","ping_status":"closed","template":"","meta":{"site-sidebar-layout":"default","site-content-layout":"default","ast-site-content-layout":"default","site-content-style":"default","site-sidebar-style":"default","ast-global-header-display":"","ast-banner-title-visibility":"","ast-main-header-display":"","ast-hfb-above-header-display":"","ast-hfb-below-header-display":"","ast-hfb-mobile-header-display":"","site-post-title":"disabled","ast-breadcrumbs-content":"","ast-featured-img":"","footer-sml-layout":"","ast-disable-related-posts":"","theme-transparent-header-meta":"default","adv-header-id-meta":"","stick-header-meta":"","header-above-stick-meta":"","header-main-stick-meta":"","header-below-stick-meta":"","astra-migrate-meta-layouts":"set","ast-page-background-enabled":"default","ast-page-background-meta":{"desktop":{"background-color":"var(--ast-global-color-4)","background-image":"","background-repeat":"repeat","background-position":"center center","background-size":"auto","background-attachment":"scroll","background-type":"","background-media":"","overlay-type":"","overlay-color":"","overlay-opacity":"","overlay-gradient":""},"tablet":{"background-color":"","background-image":"","background-repeat":"repeat","background-position":"center center","background-size":"auto","background-attachment":"scroll","background-type":"","background-media":"","overlay-type":"","overlay-color":"","overlay-opacity":"","overlay-gradient":""},"mobile":{"background-color":"","background-image":"","background-repeat":"repeat","background-position":"center center","background-size":"auto","background-attachment":"scroll","background-type":"","background-media":"","overlay-type":"","overlay-color":"","overlay-opacity":"","overlay-gradient":""}},"ast-content-background-meta":{"desktop":{"background-color":"var(--ast-global-color-5)","background-image":"","background-repeat":"repeat","background-position":"center center","background-size":"auto","background-attachment":"scroll","background-type":"","background-media":"","overlay-type":"","overlay-color":"","overlay-opacity":"","overlay-gradient":""},"tablet":{"background-color":"var(--ast-global-color-5)","background-image":"","background-repeat":"repeat","background-position":"center center","background-size":"auto","background-attachment":"scroll","background-type":"","background-media":"","overlay-type":"","overlay-color":"","overlay-opacity":"","overlay-gradient":""},"mobile":{"background-color":"var(--ast-global-color-5)","background-image":"","background-repeat":"repeat","background-position":"center center","background-size":"auto","background-attachment":"scroll","background-type":"","background-media":"","overlay-type":"","overlay-color":"","overlay-opacity":"","overlay-gradient":""}},"footnotes":""},"class_list":["post-127112","page","type-page","status-publish","has-post-thumbnail","hentry"],"yoast_head":"<!-- This site is optimized with the Yoast SEO plugin v27.5 - https:\/\/yoast.com\/product\/yoast-seo-wordpress\/ -->\n<title>Servicios de Posedici\u00f3n de Traducci\u00f3n Autom\u00e1tica: Trusted Translations, Inc.<\/title>\n<meta name=\"description\" content=\"Mejore la calidad de las traducciones autom\u00e1ticas con nuestros servicios expertos de posedici\u00f3n. Trusted Translations garantiza resultados precisos y refinados. Obtenga una cotizaci\u00f3n hoy.\" \/>\n<meta name=\"robots\" content=\"index, follow, max-snippet:-1, max-image-preview:large, max-video-preview:-1\" \/>\n<link rel=\"canonical\" href=\"https:\/\/www.trustedtranslations.com\/es\/servicios\/automatica\/posedicion\" \/>\n<meta property=\"og:locale\" content=\"es_ES\" \/>\n<meta property=\"og:type\" content=\"article\" \/>\n<meta property=\"og:title\" content=\"Servicios de Posedici\u00f3n de Traducci\u00f3n Autom\u00e1tica: Trusted Translations, Inc.\" \/>\n<meta property=\"og:description\" content=\"Mejore la calidad de las traducciones autom\u00e1ticas con nuestros servicios expertos de posedici\u00f3n. Trusted Translations garantiza resultados precisos y refinados. Obtenga una cotizaci\u00f3n hoy.\" \/>\n<meta property=\"og:url\" content=\"https:\/\/www.trustedtranslations.com\/es\/servicios\/automatica\/posedicion\" \/>\n<meta property=\"og:site_name\" content=\"Trusted Translations\" \/>\n<meta property=\"article:publisher\" content=\"https:\/\/www.facebook.com\/Trusted.Translations\" \/>\n<meta property=\"article:modified_time\" content=\"2024-09-18T15:43:00+00:00\" \/>\n<meta property=\"og:image\" content=\"https:\/\/static.trustedtranslations.com\/wp-content\/uploads\/2024\/02\/Recurso-9.png\" \/>\n\t<meta property=\"og:image:width\" content=\"150\" \/>\n\t<meta property=\"og:image:height\" content=\"150\" \/>\n\t<meta property=\"og:image:type\" content=\"image\/png\" \/>\n<meta name=\"twitter:card\" content=\"summary_large_image\" \/>\n<meta name=\"twitter:site\" content=\"@TrustedT9ns\" \/>\n<script type=\"application\/ld+json\" class=\"yoast-schema-graph\">{\"@context\":\"https:\\\/\\\/schema.org\",\"@graph\":[{\"@type\":\"WebPage\",\"@id\":\"https:\\\/\\\/www.trustedtranslations.com\\\/es\\\/servicios\\\/automatica\\\/posedicion\",\"url\":\"https:\\\/\\\/www.trustedtranslations.com\\\/es\\\/servicios\\\/automatica\\\/posedicion\",\"name\":\"Servicios de Posedici\u00f3n de Traducci\u00f3n Autom\u00e1tica: Trusted Translations, Inc.\",\"isPartOf\":{\"@id\":\"https:\\\/\\\/www.trustedtranslations.com\\\/es\\\/#website\"},\"primaryImageOfPage\":{\"@id\":\"https:\\\/\\\/www.trustedtranslations.com\\\/es\\\/servicios\\\/automatica\\\/posedicion#primaryimage\"},\"image\":{\"@id\":\"https:\\\/\\\/www.trustedtranslations.com\\\/es\\\/servicios\\\/automatica\\\/posedicion#primaryimage\"},\"thumbnailUrl\":\"https:\\\/\\\/www.trustedtranslations.com\\\/wp-content\\\/uploads\\\/2024\\\/02\\\/Recurso-9.png\",\"description\":\"Mejore la calidad de las traducciones autom\u00e1ticas con nuestros servicios expertos de posedici\u00f3n. Trusted Translations garantiza resultados precisos y refinados. Obtenga una cotizaci\u00f3n hoy.\",\"breadcrumb\":{\"@id\":\"https:\\\/\\\/www.trustedtranslations.com\\\/es\\\/servicios\\\/automatica\\\/posedicion#breadcrumb\"},\"inLanguage\":\"es\",\"potentialAction\":[{\"@type\":\"ReadAction\",\"target\":[\"https:\\\/\\\/www.trustedtranslations.com\\\/es\\\/servicios\\\/automatica\\\/posedicion\"]}]},{\"@type\":\"ImageObject\",\"inLanguage\":\"es\",\"@id\":\"https:\\\/\\\/www.trustedtranslations.com\\\/es\\\/servicios\\\/automatica\\\/posedicion#primaryimage\",\"url\":\"https:\\\/\\\/www.trustedtranslations.com\\\/wp-content\\\/uploads\\\/2024\\\/02\\\/Recurso-9.png\",\"contentUrl\":\"https:\\\/\\\/www.trustedtranslations.com\\\/wp-content\\\/uploads\\\/2024\\\/02\\\/Recurso-9.png\",\"width\":150,\"height\":150,\"caption\":\"Recurso 9\"},{\"@type\":\"BreadcrumbList\",\"@id\":\"https:\\\/\\\/www.trustedtranslations.com\\\/es\\\/servicios\\\/automatica\\\/posedicion#breadcrumb\",\"itemListElement\":[{\"@type\":\"ListItem\",\"position\":1,\"name\":\"Home\",\"item\":\"https:\\\/\\\/www.trustedtranslations.com\\\/es\"},{\"@type\":\"ListItem\",\"position\":2,\"name\":\"Servicios\",\"item\":\"https:\\\/\\\/www.trustedtranslations.com\\\/es\\\/servicios\"},{\"@type\":\"ListItem\",\"position\":3,\"name\":\"Traducci\u00f3n Autom\u00e1tica\",\"item\":\"https:\\\/\\\/www.trustedtranslations.com\\\/es\\\/servicios\\\/automatica\"},{\"@type\":\"ListItem\",\"position\":4,\"name\":\"Posedici\u00f3n Humana\"}]},{\"@type\":\"WebSite\",\"@id\":\"https:\\\/\\\/www.trustedtranslations.com\\\/es\\\/#website\",\"url\":\"https:\\\/\\\/www.trustedtranslations.com\\\/es\\\/\",\"name\":\"Trusted Translations, Inc.\",\"description\":\"Leader in translation and interpretation services.\",\"publisher\":{\"@id\":\"https:\\\/\\\/www.trustedtranslations.com\\\/es\\\/#organization\"},\"alternateName\":\"Trusted Translations\",\"potentialAction\":[{\"@type\":\"SearchAction\",\"target\":{\"@type\":\"EntryPoint\",\"urlTemplate\":\"https:\\\/\\\/www.trustedtranslations.com\\\/es\\\/?s={search_term_string}\"},\"query-input\":{\"@type\":\"PropertyValueSpecification\",\"valueRequired\":true,\"valueName\":\"search_term_string\"}}],\"inLanguage\":\"es\"},{\"@type\":\"Organization\",\"@id\":\"https:\\\/\\\/www.trustedtranslations.com\\\/es\\\/#organization\",\"name\":\"Trusted Translations\",\"alternateName\":\"Trusted Translations, Inc.\",\"url\":\"https:\\\/\\\/www.trustedtranslations.com\\\/es\\\/\",\"logo\":{\"@type\":\"ImageObject\",\"inLanguage\":\"es\",\"@id\":\"https:\\\/\\\/www.trustedtranslations.com\\\/es\\\/#\\\/schema\\\/logo\\\/image\\\/\",\"url\":\"https:\\\/\\\/static.trustedtranslations.com\\\/wp-content\\\/uploads\\\/2022\\\/01\\\/TT_logo_WSIColors-2.png\",\"contentUrl\":\"https:\\\/\\\/static.trustedtranslations.com\\\/wp-content\\\/uploads\\\/2022\\\/01\\\/TT_logo_WSIColors-2.png\",\"width\":500,\"height\":196,\"caption\":\"Trusted Translations\"},\"image\":{\"@id\":\"https:\\\/\\\/www.trustedtranslations.com\\\/es\\\/#\\\/schema\\\/logo\\\/image\\\/\"},\"sameAs\":[\"https:\\\/\\\/www.facebook.com\\\/Trusted.Translations\",\"https:\\\/\\\/x.com\\\/TrustedT9ns\",\"https:\\\/\\\/www.linkedin.com\\\/company\\\/trusted-translations\"]}]}<\/script>\n<!-- \/ Yoast SEO plugin. -->","yoast_head_json":{"title":"Servicios de Posedici\u00f3n de Traducci\u00f3n Autom\u00e1tica: Trusted Translations, Inc.","description":"Mejore la calidad de las traducciones autom\u00e1ticas con nuestros servicios expertos de posedici\u00f3n. Trusted Translations garantiza resultados precisos y refinados. Obtenga una cotizaci\u00f3n hoy.","robots":{"index":"index","follow":"follow","max-snippet":"max-snippet:-1","max-image-preview":"max-image-preview:large","max-video-preview":"max-video-preview:-1"},"canonical":"https:\/\/www.trustedtranslations.com\/es\/servicios\/automatica\/posedicion","og_locale":"es_ES","og_type":"article","og_title":"Servicios de Posedici\u00f3n de Traducci\u00f3n Autom\u00e1tica: Trusted Translations, Inc.","og_description":"Mejore la calidad de las traducciones autom\u00e1ticas con nuestros servicios expertos de posedici\u00f3n. Trusted Translations garantiza resultados precisos y refinados. Obtenga una cotizaci\u00f3n hoy.","og_url":"https:\/\/www.trustedtranslations.com\/es\/servicios\/automatica\/posedicion","og_site_name":"Trusted Translations","article_publisher":"https:\/\/www.facebook.com\/Trusted.Translations","article_modified_time":"2024-09-18T15:43:00+00:00","og_image":[{"width":150,"height":150,"url":"https:\/\/static.trustedtranslations.com\/wp-content\/uploads\/2024\/02\/Recurso-9.png","type":"image\/png"}],"twitter_card":"summary_large_image","twitter_site":"@TrustedT9ns","schema":{"@context":"https:\/\/schema.org","@graph":[{"@type":"WebPage","@id":"https:\/\/www.trustedtranslations.com\/es\/servicios\/automatica\/posedicion","url":"https:\/\/www.trustedtranslations.com\/es\/servicios\/automatica\/posedicion","name":"Servicios de Posedici\u00f3n de Traducci\u00f3n Autom\u00e1tica: Trusted Translations, Inc.","isPartOf":{"@id":"https:\/\/www.trustedtranslations.com\/es\/#website"},"primaryImageOfPage":{"@id":"https:\/\/www.trustedtranslations.com\/es\/servicios\/automatica\/posedicion#primaryimage"},"image":{"@id":"https:\/\/www.trustedtranslations.com\/es\/servicios\/automatica\/posedicion#primaryimage"},"thumbnailUrl":"https:\/\/www.trustedtranslations.com\/wp-content\/uploads\/2024\/02\/Recurso-9.png","description":"Mejore la calidad de las traducciones autom\u00e1ticas con nuestros servicios expertos de posedici\u00f3n. Trusted Translations garantiza resultados precisos y refinados. Obtenga una cotizaci\u00f3n hoy.","breadcrumb":{"@id":"https:\/\/www.trustedtranslations.com\/es\/servicios\/automatica\/posedicion#breadcrumb"},"inLanguage":"es","potentialAction":[{"@type":"ReadAction","target":["https:\/\/www.trustedtranslations.com\/es\/servicios\/automatica\/posedicion"]}]},{"@type":"ImageObject","inLanguage":"es","@id":"https:\/\/www.trustedtranslations.com\/es\/servicios\/automatica\/posedicion#primaryimage","url":"https:\/\/www.trustedtranslations.com\/wp-content\/uploads\/2024\/02\/Recurso-9.png","contentUrl":"https:\/\/www.trustedtranslations.com\/wp-content\/uploads\/2024\/02\/Recurso-9.png","width":150,"height":150,"caption":"Recurso 9"},{"@type":"BreadcrumbList","@id":"https:\/\/www.trustedtranslations.com\/es\/servicios\/automatica\/posedicion#breadcrumb","itemListElement":[{"@type":"ListItem","position":1,"name":"Home","item":"https:\/\/www.trustedtranslations.com\/es"},{"@type":"ListItem","position":2,"name":"Servicios","item":"https:\/\/www.trustedtranslations.com\/es\/servicios"},{"@type":"ListItem","position":3,"name":"Traducci\u00f3n Autom\u00e1tica","item":"https:\/\/www.trustedtranslations.com\/es\/servicios\/automatica"},{"@type":"ListItem","position":4,"name":"Posedici\u00f3n Humana"}]},{"@type":"WebSite","@id":"https:\/\/www.trustedtranslations.com\/es\/#website","url":"https:\/\/www.trustedtranslations.com\/es\/","name":"Trusted Translations, Inc.","description":"Leader in translation and interpretation services.","publisher":{"@id":"https:\/\/www.trustedtranslations.com\/es\/#organization"},"alternateName":"Trusted Translations","potentialAction":[{"@type":"SearchAction","target":{"@type":"EntryPoint","urlTemplate":"https:\/\/www.trustedtranslations.com\/es\/?s={search_term_string}"},"query-input":{"@type":"PropertyValueSpecification","valueRequired":true,"valueName":"search_term_string"}}],"inLanguage":"es"},{"@type":"Organization","@id":"https:\/\/www.trustedtranslations.com\/es\/#organization","name":"Trusted Translations","alternateName":"Trusted Translations, Inc.","url":"https:\/\/www.trustedtranslations.com\/es\/","logo":{"@type":"ImageObject","inLanguage":"es","@id":"https:\/\/www.trustedtranslations.com\/es\/#\/schema\/logo\/image\/","url":"https:\/\/static.trustedtranslations.com\/wp-content\/uploads\/2022\/01\/TT_logo_WSIColors-2.png","contentUrl":"https:\/\/static.trustedtranslations.com\/wp-content\/uploads\/2022\/01\/TT_logo_WSIColors-2.png","width":500,"height":196,"caption":"Trusted Translations"},"image":{"@id":"https:\/\/www.trustedtranslations.com\/es\/#\/schema\/logo\/image\/"},"sameAs":["https:\/\/www.facebook.com\/Trusted.Translations","https:\/\/x.com\/TrustedT9ns","https:\/\/www.linkedin.com\/company\/trusted-translations"]}]}},"toolset-meta":{"dyk":{"mensaje-1":{"type":"textfield","raw":""},"mensaje-2":{"type":"textfield","raw":"La posedici\u00f3n humana puede aumentar la productividad de la traducci\u00f3n hasta en un 60%."},"mensaje-3":{"type":"textfield","raw":""},"mensaje-4":{"type":"textfield","raw":""},"mensaje-5":{"type":"textfield","raw":""},"mensaje-6":{"type":"textfield","raw":""}},"single-page-template-fields":{"imgs-temp":{"type":"image","raw":["https:\/\/static.trustedtranslations.com\/wp-content\/uploads\/2024\/07\/post-editing-final-1.webp"],"repeatable":[{"raw":"https:\/\/static.trustedtranslations.com\/wp-content\/uploads\/2024\/07\/post-editing-final-1.webp"}]},"imgs-temp-cel":{"type":"image","raw":[""],"repeatable":[{"raw":""}]},"img-temp-one-cel":{"type":"image","raw":"https:\/\/static.trustedtranslations.com\/wp-content\/uploads\/2024\/07\/AdobeStock_167405853-1-1.webp","attachment_id":null},"quotes":{"type":"textarea","raw":"<h1 style=\"margin-bottom: 12px;\">Posedici\u00f3n Humana de Traducciones Autom\u00e1ticas<\/h1>\r\nAunque la tecnolog\u00eda de traducci\u00f3n por computadora ha logrado avances impresionantes en los \u00faltimos a\u00f1os, a\u00fan no puede reemplazar el exigente criterio de un profesional humano calificado. En <em>Trusted Translations<\/em>, reconocemos que ambos funcionan mejor en t\u00e1ndem, cuando el traductor humano edita lo que traduce la m\u00e1quina.\r\n<div style=\"margin-top: 2.5vw;\"><a class=\"tt-btn-main-cta\" href=\"https:\/\/www.trustedtranslations.com\/es\/presupuesto-sin-cargo\">Solicite un presupuesto sin cargo<\/a><\/div>"},"text-1":{"type":"textarea","raw":"<h2>Por qu\u00e9 la Posedici\u00f3n Humana Es Esencial para Traducciones Autom\u00e1ticas Precisas<\/h2>\u00bfLas traducciones autom\u00e1ticas han alcanzado la igualdad plena con las humanas? No precisamente... por lo que el toque humano es esencial. La precisi\u00f3n y eficacia de las traducciones autom\u00e1ticas depender\u00e1n de numerosos factores, como la combinaci\u00f3n de idiomas, el campo del contenido, la complejidad y el nivel t\u00e9cnico, el formato de la informaci\u00f3n; si el contenido es prosaico o creativo, si est\u00e1 bien redactado y m\u00e1s.\r\n\r\nDebido a estas infinitas variaciones, las m\u00e1quinas de traducci\u00f3n autom\u00e1tica no pueden detectar cada matiz ling\u00fc\u00edstico y producir una traducci\u00f3n correcta en todos los casos. En la mayor\u00eda de los proyectos, para garantizar un resultado en verdad confiable cuando se utiliza traducci\u00f3n autom\u00e1tica, la posedici\u00f3n humana es indispensable. Adem\u00e1s, si utiliza un <a href=\"https:\/\/www.trustedtranslations.com\/es\/servicios\/automatica\/motores-de-mt-personalizados\" rel=\"noopener\">Motor de Traducci\u00f3n Autom\u00e1tica Neuronal Personalizado (CMTE, por sus siglas en ingl\u00e9s)<\/a>, se necesitan los comentarios de un ling\u00fcista humano para volver a capacitarlo y mejorar el desempe\u00f1o.\r\n\r\nEn <em>Trusted Translations<\/em> tenemos ling\u00fcistas expertos capacitados en forma espec\u00edfica en posedici\u00f3n de traducciones generadas por computadora. Puede confiar en la habilidad de nuestros poseditores y en su experiencia con la traducci\u00f3n autom\u00e1tica no solo para proporcionar correcciones, sino tambi\u00e9n mejorar resultados futuros.\r\n\r\nCon el uso de las herramientas tecnol\u00f3gicas correctas, el proceso de posedici\u00f3n mejorar\u00e1 la calidad de un proyecto actual, permitir\u00e1 almacenar esos datos de calidad en su memoria de traducci\u00f3n (TM) y tambi\u00e9n optimizar\u00e1 la eficiencia y la precisi\u00f3n del motor de traducci\u00f3n autom\u00e1tica en futuros proyectos.\r\n<h2>Procesos de Traducci\u00f3n y Posedici\u00f3n<\/h2>\r\nLos procesos de traducir y poseditar contenido generado por m\u00e1quina son bastante diferentes, y cada uno requiere habilidades y capacitaci\u00f3n distintas. No todos los profesionales se sienten c\u00f3modos para hacer posedici\u00f3n; incluso cuando se registran para esa tarea, muchas veces requieren capacitaci\u00f3n.\r\n\r\nHace bastante poco han comenzado a desarrollarse planes de estudio en el \u00e1mbito acad\u00e9mico para abordar la creciente demanda de poseditores humanos. Esta capacitaci\u00f3n comienza con el proceso mental que se utiliza al revisar contenido biling\u00fce. Al traducir contenido desde cero, frente a un \"texto de destino\" (la traducci\u00f3n potencial) que es un lienzo en blanco, los traductores por lo general:\r\n<ul>\r\n \t<li>leen con atenci\u00f3n el contenido de origen;<\/li>\r\n \t<li>formulan la traducci\u00f3n internamente (es decir, en su cerebro);<\/li>\r\n \t<li>y por \u00faltimo, escriben su versi\u00f3n en el idioma de destino (traducci\u00f3n) con un programa de software o interfaz.<\/li>\r\n<\/ul>\r\nSeg\u00fan el contenido y el proyecto, el traductor puede editar el texto de inmediato, realizar investigaci\u00f3n adicional o regresar a \u00e9l m\u00e1s tarde, cuando se haya traducido en su totalidad.\r\n\r\nSin embargo, en la posedici\u00f3n de contenido traducido por una m\u00e1quina, el proceso es muy diferente y en general se realiza con el uso de una herramienta de traducci\u00f3n asistida por computadora (CATT, por sus siglas en ingl\u00e9s).\r\n<ul>\r\n \t<li>Primero, el poseditor (ling\u00fcista) lee una oraci\u00f3n, o segmento, de lo producido por la m\u00e1quina (es decir, el proceso comienza en el texto de destino).<\/li>\r\n \t<li>Luego, compara esa traducci\u00f3n con el texto de origen.<\/li>\r\n \t<li>Entonces, toma una decisi\u00f3n sobre la calidad de la traducci\u00f3n autom\u00e1tica, basado en su conocimiento ling\u00fc\u00edstico e instrucciones expl\u00edcitas.<\/li>\r\n \t<li>Si la traducci\u00f3n por computadora es aceptable, el poseditor trabaja para perfeccionar el texto.<\/li>\r\n \t<li>Si la traducci\u00f3n autom\u00e1tica es de mala calidad, la borra y vuelve a traducir desde cero (como en el proceso de traducci\u00f3n ya explicado).<\/li>\r\n<\/ul>\r\nEn un proceso de posedici\u00f3n de traducci\u00f3n autom\u00e1tica, el proyecto muchas veces incluir\u00e1 una memoria de traducci\u00f3n (TM), que contiene segmentos de trabajos anteriores con material similar o relacionado, en general de clientes u otros proyectos similares. Estos segmentos ya traducidos de la memoria de traducci\u00f3n pueden tener una coincidencia parcial (una aproximaci\u00f3n) o completa con el segmento de origen que se trabaja. Al echar un vistazo a lo que ofrece la memoria de traducci\u00f3n, el poseditor puede utilizar esos segmentos de una traducci\u00f3n previa en su totalidad o hacer los ajustes necesarios."},"shortcode-map":{"type":"textfield","raw":""},"dyk-shortcode":{"type":"textfield","raw":"[elementor-template id=\"139368\"]"},"text-2":{"type":"textarea","raw":"<h2>Posedici\u00f3n y Traducci\u00f3n Realizadas por Seres Humanos<\/h2>\r\nEn comparaci\u00f3n con la revisi\u00f3n de traducciones humanas, para la edici\u00f3n de las generadas por computadora se requieren un enfoque y un conjunto de habilidades muy diferentes.\r\n\r\nEn general, los tipos de errores que se encuentran en las traducciones realizadas por seres humanos difieren bastante de los que aparecen en textos de traducci\u00f3n autom\u00e1tica. Estas \u00faltimas, por ejemplo, tienden a ser m\u00e1s precisas con los valores num\u00e9ricos. Los motores de traducci\u00f3n autom\u00e1tica tambi\u00e9n son menos propensos a dejar contenido sin traducir (por ejemplo, omitir una cl\u00e1usula dentro de un largo p\u00e1rrafo legal). Sin embargo, tambi\u00e9n tienden a producir m\u00e1s frases que suenan poco naturales. Algunos motores de traducci\u00f3n autom\u00e1tica tambi\u00e9n se desempe\u00f1an muy mal en lo referente a terminolog\u00eda.\r\n\r\nLos traductores humanos pueden ser m\u00e1s propensos a cometer un error al traducir valores num\u00e9ricos y a realizar omisiones. Ciertos ling\u00fcistas, cuando intentan aclarar el significado de una frase, pueden incluso agregar contenido que se desv\u00eda del texto de origen. Sin embargo, en general, un traductor humano es mucho mejor para producir un resultado que suene natural, con menos errores en el contexto y el significado.\r\n\r\nEn <em>Trusted Translations<\/em>, capacitamos a nuestros poseditores de traducciones autom\u00e1ticas para que reconozcan esas diferencias y utilicen nuestras herramientas patentadas para mejorar el resultado. Adem\u00e1s, nuestras herramientas ayudan a los editores a retraducir las frases poco naturales de una manera que \"entrena\" al motor de traducci\u00f3n autom\u00e1tica para mejorar resultados futuros.\r\n<h2>Posedici\u00f3n Ligera y Completa<\/h2>\r\nEn <em>Trusted Translations<\/em> creemos que no existe una soluci\u00f3n \u00fanica para todos; m\u00e1s bien, adaptamos cada soluci\u00f3n a las necesidades de nuestros clientes.\r\n\r\nSi se enfoca en la calidad, no solo evaluamos el desempe\u00f1o del motor de traducci\u00f3n, sino tambi\u00e9n el nivel de posedici\u00f3n necesario seg\u00fan la facilidad de uso del resultado. En este caso, la meta ser\u00eda una posedici\u00f3n completa (lista para publicar). Es decir, si a su contenido biling\u00fce se aplicara una etapa de revisi\u00f3n adicional (por ejemplo, edici\u00f3n), el editor no deber\u00eda detectar ninguna diferencia entre un segmento de traducci\u00f3n autom\u00e1tica poseditado y uno traducido en su totalidad por un ser humano.\r\n\r\nSi el costo es el factor determinante, o si el tiempo es esencial, y si la calidad de la traducci\u00f3n autom\u00e1tica es bastante aceptable, podemos recomendar solo una posedici\u00f3n ligera para que el texto fluya mejor. Tambi\u00e9n corregiremos los principales errores gramaticales con la ayuda de un corrector ortogr\u00e1fico e incluso mejoraremos el uso de la terminolog\u00eda.\r\n<h2>Posedici\u00f3n y Preedici\u00f3n<\/h2>\r\nLa posedici\u00f3n no debe confundirse con la preedici\u00f3n. La preedici\u00f3n es la preparaci\u00f3n llevada a cabo antes de trabajar en un texto determinado con una herramienta de traducci\u00f3n autom\u00e1tica. Un preeditor revisar\u00e1 el contenido en busca de errores b\u00e1sicos, etiquetar\u00e1 cierto contenido para que se traduzca de un modo particular (o que no se traduzca) y optimizar\u00e1 el formato: por ejemplo, completar\u00e1 cualquier parte del archivo original que fuera ilegible.\r\n\r\nEsta preparaci\u00f3n mejora en gran medida la calidad del resultado y se considera un paso esencial en la mayor\u00eda de los proyectos de traducci\u00f3n computarizada para facilitar a los poseditores la producci\u00f3n de un trabajo de calidad. Mientras la tecnolog\u00eda de la traducci\u00f3n autom\u00e1tica contin\u00faa mejorando, es vital contar con editores humanos que realicen los procesos de preedici\u00f3n y posedici\u00f3n para producir traducciones confiables.\r\n\r\nSi le interesa pulir sus traducciones por computadora con la ayuda de un equipo humano experto, comun\u00edquese con <em>Trusted Translations<\/em> hoy mismo."},"state":{"type":"textfield","raw":""},"city":{"type":"textarea","raw":[]}}},"_links":{"self":[{"href":"https:\/\/www.trustedtranslations.com\/es\/wp-json\/wp\/v2\/pages\/127112","targetHints":{"allow":["GET"]}}],"collection":[{"href":"https:\/\/www.trustedtranslations.com\/es\/wp-json\/wp\/v2\/pages"}],"about":[{"href":"https:\/\/www.trustedtranslations.com\/es\/wp-json\/wp\/v2\/types\/page"}],"author":[{"embeddable":true,"href":"https:\/\/www.trustedtranslations.com\/es\/wp-json\/wp\/v2\/users\/1"}],"replies":[{"embeddable":true,"href":"https:\/\/www.trustedtranslations.com\/es\/wp-json\/wp\/v2\/comments?post=127112"}],"version-history":[{"count":0,"href":"https:\/\/www.trustedtranslations.com\/es\/wp-json\/wp\/v2\/pages\/127112\/revisions"}],"up":[{"embeddable":true,"href":"https:\/\/www.trustedtranslations.com\/es\/wp-json\/wp\/v2\/pages\/127133"}],"wp:featuredmedia":[{"embeddable":true,"href":"https:\/\/www.trustedtranslations.com\/es\/wp-json\/wp\/v2\/media\/237598"}],"wp:attachment":[{"href":"https:\/\/www.trustedtranslations.com\/es\/wp-json\/wp\/v2\/media?parent=127112"}],"curies":[{"name":"wp","href":"https:\/\/api.w.org\/{rel}","templated":true}]}}