{"id":127118,"date":"2018-07-03T21:29:34","date_gmt":"2018-07-03T21:29:34","guid":{"rendered":"https:\/\/www.trustedtranslations.com\/?page_id=127118"},"modified":"2024-09-06T11:26:35","modified_gmt":"2024-09-06T14:26:35","slug":"memorias-de-traduccion","status":"publish","type":"page","link":"https:\/\/www.trustedtranslations.com\/es\/servicios\/humano\/calidad\/memorias-de-traduccion","title":{"rendered":"Memorias de Traducci\u00f3n"},"content":{"rendered":"","protected":false},"excerpt":{"rendered":"","protected":false},"author":1,"featured_media":223056,"parent":128019,"menu_order":0,"comment_status":"closed","ping_status":"closed","template":"","meta":{"site-sidebar-layout":"default","site-content-layout":"default","ast-site-content-layout":"default","site-content-style":"default","site-sidebar-style":"default","ast-global-header-display":"","ast-banner-title-visibility":"","ast-main-header-display":"","ast-hfb-above-header-display":"","ast-hfb-below-header-display":"","ast-hfb-mobile-header-display":"","site-post-title":"disabled","ast-breadcrumbs-content":"","ast-featured-img":"","footer-sml-layout":"","ast-disable-related-posts":"","theme-transparent-header-meta":"default","adv-header-id-meta":"","stick-header-meta":"","header-above-stick-meta":"","header-main-stick-meta":"","header-below-stick-meta":"","astra-migrate-meta-layouts":"set","ast-page-background-enabled":"default","ast-page-background-meta":{"desktop":{"background-color":"var(--ast-global-color-4)","background-image":"","background-repeat":"repeat","background-position":"center center","background-size":"auto","background-attachment":"scroll","background-type":"","background-media":"","overlay-type":"","overlay-color":"","overlay-opacity":"","overlay-gradient":""},"tablet":{"background-color":"","background-image":"","background-repeat":"repeat","background-position":"center center","background-size":"auto","background-attachment":"scroll","background-type":"","background-media":"","overlay-type":"","overlay-color":"","overlay-opacity":"","overlay-gradient":""},"mobile":{"background-color":"","background-image":"","background-repeat":"repeat","background-position":"center center","background-size":"auto","background-attachment":"scroll","background-type":"","background-media":"","overlay-type":"","overlay-color":"","overlay-opacity":"","overlay-gradient":""}},"ast-content-background-meta":{"desktop":{"background-color":"var(--ast-global-color-5)","background-image":"","background-repeat":"repeat","background-position":"center center","background-size":"auto","background-attachment":"scroll","background-type":"","background-media":"","overlay-type":"","overlay-color":"","overlay-opacity":"","overlay-gradient":""},"tablet":{"background-color":"var(--ast-global-color-5)","background-image":"","background-repeat":"repeat","background-position":"center center","background-size":"auto","background-attachment":"scroll","background-type":"","background-media":"","overlay-type":"","overlay-color":"","overlay-opacity":"","overlay-gradient":""},"mobile":{"background-color":"var(--ast-global-color-5)","background-image":"","background-repeat":"repeat","background-position":"center center","background-size":"auto","background-attachment":"scroll","background-type":"","background-media":"","overlay-type":"","overlay-color":"","overlay-opacity":"","overlay-gradient":""}},"footnotes":""},"class_list":["post-127118","page","type-page","status-publish","has-post-thumbnail","hentry"],"yoast_head":"<!-- This site is optimized with the Yoast SEO plugin v27.5 - https:\/\/yoast.com\/product\/yoast-seo-wordpress\/ -->\n<title>Memorias de Traducci\u00f3n: Trusted Translations, Inc.<\/title>\n<meta name=\"description\" content=\"Trusted Translations puede aprovechar traducciones humanas anteriores y usar memorias de traducci\u00f3n y servidores de memorias de traducci\u00f3n para mejorar la calidad y disminuir los costos.\" \/>\n<meta name=\"robots\" content=\"index, follow, max-snippet:-1, max-image-preview:large, max-video-preview:-1\" \/>\n<link rel=\"canonical\" href=\"https:\/\/www.trustedtranslations.com\/es\/servicios\/humano\/calidad\/memorias-de-traduccion\" \/>\n<meta property=\"og:locale\" content=\"es_ES\" \/>\n<meta property=\"og:type\" content=\"article\" \/>\n<meta property=\"og:title\" content=\"Memorias de Traducci\u00f3n: Trusted Translations, Inc.\" \/>\n<meta property=\"og:description\" content=\"Trusted Translations puede aprovechar traducciones humanas anteriores y usar memorias de traducci\u00f3n y servidores de memorias de traducci\u00f3n para mejorar la calidad y disminuir los costos.\" \/>\n<meta property=\"og:url\" content=\"https:\/\/www.trustedtranslations.com\/es\/servicios\/humano\/calidad\/memorias-de-traduccion\" \/>\n<meta property=\"og:site_name\" content=\"Trusted Translations\" \/>\n<meta property=\"article:publisher\" content=\"https:\/\/www.facebook.com\/Trusted.Translations\" \/>\n<meta property=\"article:modified_time\" content=\"2024-09-06T14:26:35+00:00\" \/>\n<meta property=\"og:image\" content=\"https:\/\/static.trustedtranslations.com\/wp-content\/uploads\/2022\/08\/TT_NEW_FB-1.png\" \/>\n\t<meta property=\"og:image:width\" content=\"1\" \/>\n\t<meta property=\"og:image:height\" content=\"1\" \/>\n\t<meta property=\"og:image:type\" content=\"image\/jpeg\" \/>\n<meta name=\"twitter:card\" content=\"summary_large_image\" \/>\n<meta name=\"twitter:site\" content=\"@TrustedT9ns\" \/>\n<script type=\"application\/ld+json\" class=\"yoast-schema-graph\">{\"@context\":\"https:\\\/\\\/schema.org\",\"@graph\":[{\"@type\":\"WebPage\",\"@id\":\"https:\\\/\\\/www.trustedtranslations.com\\\/es\\\/servicios\\\/humano\\\/calidad\\\/memorias-de-traduccion\",\"url\":\"https:\\\/\\\/www.trustedtranslations.com\\\/es\\\/servicios\\\/humano\\\/calidad\\\/memorias-de-traduccion\",\"name\":\"Memorias de Traducci\u00f3n: Trusted Translations, Inc.\",\"isPartOf\":{\"@id\":\"https:\\\/\\\/www.trustedtranslations.com\\\/es\\\/#website\"},\"primaryImageOfPage\":{\"@id\":\"https:\\\/\\\/www.trustedtranslations.com\\\/es\\\/servicios\\\/humano\\\/calidad\\\/memorias-de-traduccion#primaryimage\"},\"image\":{\"@id\":\"https:\\\/\\\/www.trustedtranslations.com\\\/es\\\/servicios\\\/humano\\\/calidad\\\/memorias-de-traduccion#primaryimage\"},\"thumbnailUrl\":\"https:\\\/\\\/www.trustedtranslations.com\\\/wp-content\\\/uploads\\\/2022\\\/08\\\/TT_NEW_FB-1.png\",\"description\":\"Trusted Translations puede aprovechar traducciones humanas anteriores y usar memorias de traducci\u00f3n y servidores de memorias de traducci\u00f3n para mejorar la calidad y disminuir los costos.\",\"breadcrumb\":{\"@id\":\"https:\\\/\\\/www.trustedtranslations.com\\\/es\\\/servicios\\\/humano\\\/calidad\\\/memorias-de-traduccion#breadcrumb\"},\"inLanguage\":\"es\",\"potentialAction\":[{\"@type\":\"ReadAction\",\"target\":[\"https:\\\/\\\/www.trustedtranslations.com\\\/es\\\/servicios\\\/humano\\\/calidad\\\/memorias-de-traduccion\"]}]},{\"@type\":\"ImageObject\",\"inLanguage\":\"es\",\"@id\":\"https:\\\/\\\/www.trustedtranslations.com\\\/es\\\/servicios\\\/humano\\\/calidad\\\/memorias-de-traduccion#primaryimage\",\"url\":\"https:\\\/\\\/www.trustedtranslations.com\\\/wp-content\\\/uploads\\\/2022\\\/08\\\/TT_NEW_FB-1.png\",\"contentUrl\":\"https:\\\/\\\/www.trustedtranslations.com\\\/wp-content\\\/uploads\\\/2022\\\/08\\\/TT_NEW_FB-1.png\",\"caption\":\"TT NEW FB 1\"},{\"@type\":\"BreadcrumbList\",\"@id\":\"https:\\\/\\\/www.trustedtranslations.com\\\/es\\\/servicios\\\/humano\\\/calidad\\\/memorias-de-traduccion#breadcrumb\",\"itemListElement\":[{\"@type\":\"ListItem\",\"position\":1,\"name\":\"Home\",\"item\":\"https:\\\/\\\/www.trustedtranslations.com\\\/es\"},{\"@type\":\"ListItem\",\"position\":2,\"name\":\"Servicios\",\"item\":\"https:\\\/\\\/www.trustedtranslations.com\\\/es\\\/servicios\"},{\"@type\":\"ListItem\",\"position\":3,\"name\":\"Traducci\u00f3n Humana\",\"item\":\"https:\\\/\\\/www.trustedtranslations.com\\\/es\\\/servicios\\\/humano\"},{\"@type\":\"ListItem\",\"position\":4,\"name\":\"Calidad\",\"item\":\"https:\\\/\\\/www.trustedtranslations.com\\\/es\\\/servicios\\\/humano\\\/calidad\"},{\"@type\":\"ListItem\",\"position\":5,\"name\":\"Memorias de Traducci\u00f3n\"}]},{\"@type\":\"WebSite\",\"@id\":\"https:\\\/\\\/www.trustedtranslations.com\\\/es\\\/#website\",\"url\":\"https:\\\/\\\/www.trustedtranslations.com\\\/es\\\/\",\"name\":\"Trusted Translations, Inc.\",\"description\":\"Leader in translation and interpretation services.\",\"publisher\":{\"@id\":\"https:\\\/\\\/www.trustedtranslations.com\\\/es\\\/#organization\"},\"alternateName\":\"Trusted Translations\",\"potentialAction\":[{\"@type\":\"SearchAction\",\"target\":{\"@type\":\"EntryPoint\",\"urlTemplate\":\"https:\\\/\\\/www.trustedtranslations.com\\\/es\\\/?s={search_term_string}\"},\"query-input\":{\"@type\":\"PropertyValueSpecification\",\"valueRequired\":true,\"valueName\":\"search_term_string\"}}],\"inLanguage\":\"es\"},{\"@type\":\"Organization\",\"@id\":\"https:\\\/\\\/www.trustedtranslations.com\\\/es\\\/#organization\",\"name\":\"Trusted Translations\",\"alternateName\":\"Trusted Translations, Inc.\",\"url\":\"https:\\\/\\\/www.trustedtranslations.com\\\/es\\\/\",\"logo\":{\"@type\":\"ImageObject\",\"inLanguage\":\"es\",\"@id\":\"https:\\\/\\\/www.trustedtranslations.com\\\/es\\\/#\\\/schema\\\/logo\\\/image\\\/\",\"url\":\"https:\\\/\\\/static.trustedtranslations.com\\\/wp-content\\\/uploads\\\/2022\\\/01\\\/TT_logo_WSIColors-2.png\",\"contentUrl\":\"https:\\\/\\\/static.trustedtranslations.com\\\/wp-content\\\/uploads\\\/2022\\\/01\\\/TT_logo_WSIColors-2.png\",\"width\":500,\"height\":196,\"caption\":\"Trusted Translations\"},\"image\":{\"@id\":\"https:\\\/\\\/www.trustedtranslations.com\\\/es\\\/#\\\/schema\\\/logo\\\/image\\\/\"},\"sameAs\":[\"https:\\\/\\\/www.facebook.com\\\/Trusted.Translations\",\"https:\\\/\\\/x.com\\\/TrustedT9ns\",\"https:\\\/\\\/www.linkedin.com\\\/company\\\/trusted-translations\"]}]}<\/script>\n<!-- \/ Yoast SEO plugin. -->","yoast_head_json":{"title":"Memorias de Traducci\u00f3n: Trusted Translations, Inc.","description":"Trusted Translations puede aprovechar traducciones humanas anteriores y usar memorias de traducci\u00f3n y servidores de memorias de traducci\u00f3n para mejorar la calidad y disminuir los costos.","robots":{"index":"index","follow":"follow","max-snippet":"max-snippet:-1","max-image-preview":"max-image-preview:large","max-video-preview":"max-video-preview:-1"},"canonical":"https:\/\/www.trustedtranslations.com\/es\/servicios\/humano\/calidad\/memorias-de-traduccion","og_locale":"es_ES","og_type":"article","og_title":"Memorias de Traducci\u00f3n: Trusted Translations, Inc.","og_description":"Trusted Translations puede aprovechar traducciones humanas anteriores y usar memorias de traducci\u00f3n y servidores de memorias de traducci\u00f3n para mejorar la calidad y disminuir los costos.","og_url":"https:\/\/www.trustedtranslations.com\/es\/servicios\/humano\/calidad\/memorias-de-traduccion","og_site_name":"Trusted Translations","article_publisher":"https:\/\/www.facebook.com\/Trusted.Translations","article_modified_time":"2024-09-06T14:26:35+00:00","og_image":[{"url":"https:\/\/static.trustedtranslations.com\/wp-content\/uploads\/2022\/08\/TT_NEW_FB-1.png","width":1,"height":1,"type":"image\/jpeg"}],"twitter_card":"summary_large_image","twitter_site":"@TrustedT9ns","schema":{"@context":"https:\/\/schema.org","@graph":[{"@type":"WebPage","@id":"https:\/\/www.trustedtranslations.com\/es\/servicios\/humano\/calidad\/memorias-de-traduccion","url":"https:\/\/www.trustedtranslations.com\/es\/servicios\/humano\/calidad\/memorias-de-traduccion","name":"Memorias de Traducci\u00f3n: Trusted Translations, Inc.","isPartOf":{"@id":"https:\/\/www.trustedtranslations.com\/es\/#website"},"primaryImageOfPage":{"@id":"https:\/\/www.trustedtranslations.com\/es\/servicios\/humano\/calidad\/memorias-de-traduccion#primaryimage"},"image":{"@id":"https:\/\/www.trustedtranslations.com\/es\/servicios\/humano\/calidad\/memorias-de-traduccion#primaryimage"},"thumbnailUrl":"https:\/\/www.trustedtranslations.com\/wp-content\/uploads\/2022\/08\/TT_NEW_FB-1.png","description":"Trusted Translations puede aprovechar traducciones humanas anteriores y usar memorias de traducci\u00f3n y servidores de memorias de traducci\u00f3n para mejorar la calidad y disminuir los costos.","breadcrumb":{"@id":"https:\/\/www.trustedtranslations.com\/es\/servicios\/humano\/calidad\/memorias-de-traduccion#breadcrumb"},"inLanguage":"es","potentialAction":[{"@type":"ReadAction","target":["https:\/\/www.trustedtranslations.com\/es\/servicios\/humano\/calidad\/memorias-de-traduccion"]}]},{"@type":"ImageObject","inLanguage":"es","@id":"https:\/\/www.trustedtranslations.com\/es\/servicios\/humano\/calidad\/memorias-de-traduccion#primaryimage","url":"https:\/\/www.trustedtranslations.com\/wp-content\/uploads\/2022\/08\/TT_NEW_FB-1.png","contentUrl":"https:\/\/www.trustedtranslations.com\/wp-content\/uploads\/2022\/08\/TT_NEW_FB-1.png","caption":"TT NEW FB 1"},{"@type":"BreadcrumbList","@id":"https:\/\/www.trustedtranslations.com\/es\/servicios\/humano\/calidad\/memorias-de-traduccion#breadcrumb","itemListElement":[{"@type":"ListItem","position":1,"name":"Home","item":"https:\/\/www.trustedtranslations.com\/es"},{"@type":"ListItem","position":2,"name":"Servicios","item":"https:\/\/www.trustedtranslations.com\/es\/servicios"},{"@type":"ListItem","position":3,"name":"Traducci\u00f3n Humana","item":"https:\/\/www.trustedtranslations.com\/es\/servicios\/humano"},{"@type":"ListItem","position":4,"name":"Calidad","item":"https:\/\/www.trustedtranslations.com\/es\/servicios\/humano\/calidad"},{"@type":"ListItem","position":5,"name":"Memorias de Traducci\u00f3n"}]},{"@type":"WebSite","@id":"https:\/\/www.trustedtranslations.com\/es\/#website","url":"https:\/\/www.trustedtranslations.com\/es\/","name":"Trusted Translations, Inc.","description":"Leader in translation and interpretation services.","publisher":{"@id":"https:\/\/www.trustedtranslations.com\/es\/#organization"},"alternateName":"Trusted Translations","potentialAction":[{"@type":"SearchAction","target":{"@type":"EntryPoint","urlTemplate":"https:\/\/www.trustedtranslations.com\/es\/?s={search_term_string}"},"query-input":{"@type":"PropertyValueSpecification","valueRequired":true,"valueName":"search_term_string"}}],"inLanguage":"es"},{"@type":"Organization","@id":"https:\/\/www.trustedtranslations.com\/es\/#organization","name":"Trusted Translations","alternateName":"Trusted Translations, Inc.","url":"https:\/\/www.trustedtranslations.com\/es\/","logo":{"@type":"ImageObject","inLanguage":"es","@id":"https:\/\/www.trustedtranslations.com\/es\/#\/schema\/logo\/image\/","url":"https:\/\/static.trustedtranslations.com\/wp-content\/uploads\/2022\/01\/TT_logo_WSIColors-2.png","contentUrl":"https:\/\/static.trustedtranslations.com\/wp-content\/uploads\/2022\/01\/TT_logo_WSIColors-2.png","width":500,"height":196,"caption":"Trusted Translations"},"image":{"@id":"https:\/\/www.trustedtranslations.com\/es\/#\/schema\/logo\/image\/"},"sameAs":["https:\/\/www.facebook.com\/Trusted.Translations","https:\/\/x.com\/TrustedT9ns","https:\/\/www.linkedin.com\/company\/trusted-translations"]}]}},"toolset-meta":{"dyk":{"mensaje-1":{"type":"textfield","raw":"El 82.5% de los traductores profesionales utilizan memorias de traducci\u00f3n para ayudarse en su trabajo."},"mensaje-2":{"type":"textfield","raw":""},"mensaje-3":{"type":"textfield","raw":"El software de memorias de traducci\u00f3n puede aumentar la productividad de los traductores hasta en un 60%."},"mensaje-4":{"type":"textfield","raw":"Los traductores citan la mejora de la consistencia como uno de los principales beneficios del uso de memorias de traducci\u00f3n."},"mensaje-5":{"type":"textfield","raw":""},"mensaje-6":{"type":"textfield","raw":""}},"single-page-template-fields":{"imgs-temp":{"type":"image","raw":["https:\/\/static.trustedtranslations.com\/wp-content\/uploads\/2024\/06\/memory-final-1.webp","https:\/\/static.trustedtranslations.com\/wp-content\/uploads\/2024\/06\/memory-final-2-1.webp"],"repeatable":[{"raw":"https:\/\/static.trustedtranslations.com\/wp-content\/uploads\/2024\/06\/memory-final-1.webp"},{"raw":"https:\/\/static.trustedtranslations.com\/wp-content\/uploads\/2024\/06\/memory-final-2-1.webp"}]},"imgs-temp-cel":{"type":"image","raw":[""],"repeatable":[{"raw":""}]},"img-temp-one-cel":{"type":"image","raw":"https:\/\/static.trustedtranslations.com\/wp-content\/uploads\/2024\/06\/AdobeStock_462107662-2-1-1.webp","attachment_id":null},"quotes":{"type":"textarea","raw":"<h1 style=\"margin-bottom: 12px;\">Memorias de Traducci\u00f3n<\/h1>\r\nEn <em>Trusted Translations,<\/em> apuntamos a estar a la vanguardia de la tecnolog\u00eda del rubro, y eso incluye el uso de herramientas y servidores de memorias de traducci\u00f3n. Usamos memorias de traducci\u00f3n para ayudar a mejorar la calidad, reducir costos y agilizar todo el proceso de traducci\u00f3n para nuestros clientes.\r\n<div style=\"margin-top: 2.5vw;\"><a class=\"tt-btn-main-cta\" href=\"https:\/\/www.trustedtranslations.com\/es\/presupuesto-sin-cargo\">Solicite un presupuesto sin cargo<\/a><\/div>"},"text-1":{"type":"textarea","raw":"<h2>Memoria de Traducci\u00f3n: Traducciones m\u00e1s R\u00e1pidas y Rentables<\/h2>En pocas palabras, una memoria de traducci\u00f3n es una base de datos de frases o segmentos previamente traducidos que se pueden utilizar en la traducci\u00f3n de un nuevo texto. Por ejemplo, cuando se detecta una frase ya traducida en un nuevo proyecto, el ling\u00fcista podr\u00e1 \"reutilizar\" el segmento traducido y aprobado que est\u00e1 almacenado en la memoria de traducci\u00f3n. A medida que una determinada memoria de traducci\u00f3n crece, los proyectos posteriores se pueden completar con mayor rapidez y a un costo mucho m\u00e1s bajo.\r\n<h2>Beneficios de las Memorias de Traducci\u00f3n<\/h2>\r\nEn general, aprovechar los sistemas de memorias de traducci\u00f3n hace que todo el proceso sea m\u00e1s f\u00e1cil, rentable y coherente.\r\n\r\nAl actualizar un texto de documentaci\u00f3n de software, por ejemplo, un traductor puede acceder al contenido que ya se tradujo para una versi\u00f3n anterior, lo que le permite concentrarse en el nuevo material. Las memorias de traducci\u00f3n tambi\u00e9n permiten el uso uniforme de terminolog\u00eda en todos los proyectos, en especial cuando se usan junto con glosarios especializados o bases de datos terminol\u00f3gicas. Por \u00faltimo, al reducir la cantidad de traducciones \"desde cero\", su proyecto puede mantenerse dentro del presupuesto.\r\n<h2>Servidores de Memorias de Traducci\u00f3n<\/h2>\r\n\u00bfC\u00f3mo funcionan las memorias de traducci\u00f3n? Las memorias de traducci\u00f3n (TM) se pueden almacenar en un servidor aparte (un \"servidor de memorias de traducci\u00f3n\"), en el que los traductores pueden tener acceso en tiempo real a ellas a medida que se crean.\r\n\r\nLas memorias y los servidores de memorias de traducci\u00f3n son activos valiosos si se manejan bien. El manejo profesional del proyecto implica mantener las memorias de traducci\u00f3n actualizadas y evitar la \"contaminaci\u00f3n\" que puede producirse por diferentes razones. Por ejemplo, cuando se han utilizado m\u00faltiples proveedores de traducci\u00f3n descentralizados para producir contenido, eso a veces puede generar inconsistencias dentro de la memoria de traducci\u00f3n. Es a\u00fan m\u00e1s com\u00fan que la terminolog\u00eda corporativa pueda evolucionar en forma no sincronizada con la memoria de traducci\u00f3n, y as\u00ed, frases reci\u00e9n actualizadas podr\u00edan no llegar a la TM, y generar errores.\r\n\r\nLa mejor manera de garantizar que las memorias de traducci\u00f3n no se \"contaminen\" es trabajar con una empresa de traducci\u00f3n de servicio completo, con experiencia profesional en el manejo cuidadoso de las memorias de traducci\u00f3n. De esta manera, todos los problemas pueden identificarse y resolverse: las nuevas traducciones se basar\u00e1n en traducciones anteriores \"buenas\" y no se repetir\u00e1n errores de traducci\u00f3n una y otra vez."},"shortcode-map":{"type":"textfield","raw":""},"dyk-shortcode":{"type":"textfield","raw":"[elementor-template id=\"139368\"]"},"text-2":{"type":"textarea","raw":"<h2>Cu\u00e1ndo Usar Memorias de Traducci\u00f3n<\/h2>\r\nEn <em>Trusted Translations<\/em>, estamos en constante innovaci\u00f3n. Trabajamos con nuevas soluciones de memorias de traducci\u00f3n para garantizar que su organizaci\u00f3n se beneficie de tecnolog\u00eda de vanguardia que puede mejorar la calidad y la coherencia a la vez que reduce los costos de traducci\u00f3n y acelera los plazos de entrega.\r\n\r\nA fin de obtener todos los beneficios de sus memorias de traducci\u00f3n, es importante entender c\u00f3mo funcionan y en qu\u00e9 circunstancias se suelen usar.\r\n\r\nLas memorias de traducci\u00f3n, junto con el acceso a un servidor de memorias de traducci\u00f3n, pueden agregar valor a la mayor\u00eda de los proyectos de traducci\u00f3n de tama\u00f1o mediano a grande, principalmente los que involucran contenido en un formato electr\u00f3nico utilizable. Lo ideal es que este contenido exista en un formato est\u00e1ndar, como Word, Excel, InDesign, XML, etc. Una vez que se tiene contenido en un formato reconocido y que se puede usar, el traductor podr\u00e1 abrirlo en un entorno de traducci\u00f3n, ya sea en una aplicaci\u00f3n independiente o de internet.\r\n\r\nPor el contrario, los documentos mal escaneados, faxes o im\u00e1genes de documentos no suelen ser los mejores candidatos, ya que la mayor\u00eda de los programas de software de memorias de traducci\u00f3n no pueden leerlos lo bastante bien como para aprovechar la memoria de traducci\u00f3n.\r\n\r\n\u00bfSe pregunta si las memorias de traducci\u00f3n son adecuadas para su proyecto? Aunque esta tecnolog\u00eda puede resultar confusa, nuestro equipo est\u00e1 preparado para proporcionar m\u00e1s explicaciones o incluso una demostraci\u00f3n. En <em>Trusted Translations<\/em> tenemos expertos capacitados en memorias de traducci\u00f3n que pueden explicarle a usted y a su organizaci\u00f3n c\u00f3mo y cu\u00e1ndo pueden aprovechar mejor esta tecnolog\u00eda."},"state":{"type":"textfield","raw":""},"city":{"type":"textarea","raw":[]}}},"_links":{"self":[{"href":"https:\/\/www.trustedtranslations.com\/es\/wp-json\/wp\/v2\/pages\/127118","targetHints":{"allow":["GET"]}}],"collection":[{"href":"https:\/\/www.trustedtranslations.com\/es\/wp-json\/wp\/v2\/pages"}],"about":[{"href":"https:\/\/www.trustedtranslations.com\/es\/wp-json\/wp\/v2\/types\/page"}],"author":[{"embeddable":true,"href":"https:\/\/www.trustedtranslations.com\/es\/wp-json\/wp\/v2\/users\/1"}],"replies":[{"embeddable":true,"href":"https:\/\/www.trustedtranslations.com\/es\/wp-json\/wp\/v2\/comments?post=127118"}],"version-history":[{"count":0,"href":"https:\/\/www.trustedtranslations.com\/es\/wp-json\/wp\/v2\/pages\/127118\/revisions"}],"up":[{"embeddable":true,"href":"https:\/\/www.trustedtranslations.com\/es\/wp-json\/wp\/v2\/pages\/128019"}],"wp:featuredmedia":[{"embeddable":true,"href":"https:\/\/www.trustedtranslations.com\/es\/wp-json\/wp\/v2\/media\/223056"}],"wp:attachment":[{"href":"https:\/\/www.trustedtranslations.com\/es\/wp-json\/wp\/v2\/media?parent=127118"}],"curies":[{"name":"wp","href":"https:\/\/api.w.org\/{rel}","templated":true}]}}