{"id":127120,"date":"2018-07-03T21:29:30","date_gmt":"2018-07-03T21:29:30","guid":{"rendered":"https:\/\/www.trustedtranslations.com\/?page_id=127120"},"modified":"2024-09-04T17:15:58","modified_gmt":"2024-09-04T20:15:58","slug":"sitios-web","status":"publish","type":"page","link":"https:\/\/www.trustedtranslations.com\/es\/servicios\/humano\/sitios-web","title":{"rendered":"Sitios Web"},"content":{"rendered":"","protected":false},"excerpt":{"rendered":"","protected":false},"author":1,"featured_media":235829,"parent":127136,"menu_order":2,"comment_status":"closed","ping_status":"closed","template":"","meta":{"site-sidebar-layout":"default","site-content-layout":"default","ast-site-content-layout":"default","site-content-style":"default","site-sidebar-style":"default","ast-global-header-display":"","ast-banner-title-visibility":"","ast-main-header-display":"","ast-hfb-above-header-display":"","ast-hfb-below-header-display":"","ast-hfb-mobile-header-display":"","site-post-title":"disabled","ast-breadcrumbs-content":"","ast-featured-img":"","footer-sml-layout":"","ast-disable-related-posts":"","theme-transparent-header-meta":"default","adv-header-id-meta":"","stick-header-meta":"","header-above-stick-meta":"","header-main-stick-meta":"","header-below-stick-meta":"","astra-migrate-meta-layouts":"set","ast-page-background-enabled":"default","ast-page-background-meta":{"desktop":{"background-color":"var(--ast-global-color-4)","background-image":"","background-repeat":"repeat","background-position":"center center","background-size":"auto","background-attachment":"scroll","background-type":"","background-media":"","overlay-type":"","overlay-color":"","overlay-opacity":"","overlay-gradient":""},"tablet":{"background-color":"","background-image":"","background-repeat":"repeat","background-position":"center center","background-size":"auto","background-attachment":"scroll","background-type":"","background-media":"","overlay-type":"","overlay-color":"","overlay-opacity":"","overlay-gradient":""},"mobile":{"background-color":"","background-image":"","background-repeat":"repeat","background-position":"center center","background-size":"auto","background-attachment":"scroll","background-type":"","background-media":"","overlay-type":"","overlay-color":"","overlay-opacity":"","overlay-gradient":""}},"ast-content-background-meta":{"desktop":{"background-color":"var(--ast-global-color-5)","background-image":"","background-repeat":"repeat","background-position":"center center","background-size":"auto","background-attachment":"scroll","background-type":"","background-media":"","overlay-type":"","overlay-color":"","overlay-opacity":"","overlay-gradient":""},"tablet":{"background-color":"var(--ast-global-color-5)","background-image":"","background-repeat":"repeat","background-position":"center center","background-size":"auto","background-attachment":"scroll","background-type":"","background-media":"","overlay-type":"","overlay-color":"","overlay-opacity":"","overlay-gradient":""},"mobile":{"background-color":"var(--ast-global-color-5)","background-image":"","background-repeat":"repeat","background-position":"center center","background-size":"auto","background-attachment":"scroll","background-type":"","background-media":"","overlay-type":"","overlay-color":"","overlay-opacity":"","overlay-gradient":""}},"footnotes":""},"class_list":["post-127120","page","type-page","status-publish","has-post-thumbnail","hentry"],"yoast_head":"<!-- This site is optimized with the Yoast SEO plugin v27.5 - https:\/\/yoast.com\/product\/yoast-seo-wordpress\/ -->\n<title>Traducci\u00f3n y Localizaci\u00f3n de Sitios Web: Trusted Translations, Inc.<\/title>\n<meta name=\"description\" content=\"Trusted Translations lo ayudar\u00e1 a tener una presencia global en internet mediante la traducci\u00f3n de todo su sitio o las p\u00e1ginas m\u00e1s importantes.\" \/>\n<meta name=\"robots\" content=\"index, follow, max-snippet:-1, max-image-preview:large, max-video-preview:-1\" \/>\n<link rel=\"canonical\" href=\"https:\/\/www.trustedtranslations.com\/es\/servicios\/humano\/sitios-web\" \/>\n<meta property=\"og:locale\" content=\"es_ES\" \/>\n<meta property=\"og:type\" content=\"article\" \/>\n<meta property=\"og:title\" content=\"Traducci\u00f3n y Localizaci\u00f3n de Sitios Web: Trusted Translations, Inc.\" \/>\n<meta property=\"og:description\" content=\"Trusted Translations lo ayudar\u00e1 a tener una presencia global en internet mediante la traducci\u00f3n de todo su sitio o las p\u00e1ginas m\u00e1s importantes.\" \/>\n<meta property=\"og:url\" content=\"https:\/\/www.trustedtranslations.com\/es\/servicios\/humano\/sitios-web\" \/>\n<meta property=\"og:site_name\" content=\"Trusted Translations\" \/>\n<meta property=\"article:publisher\" content=\"https:\/\/www.facebook.com\/Trusted.Translations\" \/>\n<meta property=\"article:modified_time\" content=\"2024-09-04T20:15:58+00:00\" \/>\n<meta property=\"og:image\" content=\"https:\/\/static.trustedtranslations.com\/wp-content\/uploads\/2024\/02\/TT-ICON_Human-translation.webp\" \/>\n\t<meta property=\"og:image:width\" content=\"150\" \/>\n\t<meta property=\"og:image:height\" content=\"150\" \/>\n\t<meta property=\"og:image:type\" content=\"image\/webp\" \/>\n<meta name=\"twitter:card\" content=\"summary_large_image\" \/>\n<meta name=\"twitter:site\" content=\"@TrustedT9ns\" \/>\n<script type=\"application\/ld+json\" class=\"yoast-schema-graph\">{\"@context\":\"https:\\\/\\\/schema.org\",\"@graph\":[{\"@type\":\"WebPage\",\"@id\":\"https:\\\/\\\/www.trustedtranslations.com\\\/es\\\/servicios\\\/humano\\\/sitios-web\",\"url\":\"https:\\\/\\\/www.trustedtranslations.com\\\/es\\\/servicios\\\/humano\\\/sitios-web\",\"name\":\"Traducci\u00f3n y Localizaci\u00f3n de Sitios Web: Trusted Translations, Inc.\",\"isPartOf\":{\"@id\":\"https:\\\/\\\/www.trustedtranslations.com\\\/es\\\/#website\"},\"primaryImageOfPage\":{\"@id\":\"https:\\\/\\\/www.trustedtranslations.com\\\/es\\\/servicios\\\/humano\\\/sitios-web#primaryimage\"},\"image\":{\"@id\":\"https:\\\/\\\/www.trustedtranslations.com\\\/es\\\/servicios\\\/humano\\\/sitios-web#primaryimage\"},\"thumbnailUrl\":\"https:\\\/\\\/www.trustedtranslations.com\\\/wp-content\\\/uploads\\\/2024\\\/02\\\/TT-ICON_Human-translation.webp\",\"description\":\"Trusted Translations lo ayudar\u00e1 a tener una presencia global en internet mediante la traducci\u00f3n de todo su sitio o las p\u00e1ginas m\u00e1s importantes.\",\"breadcrumb\":{\"@id\":\"https:\\\/\\\/www.trustedtranslations.com\\\/es\\\/servicios\\\/humano\\\/sitios-web#breadcrumb\"},\"inLanguage\":\"es\",\"potentialAction\":[{\"@type\":\"ReadAction\",\"target\":[\"https:\\\/\\\/www.trustedtranslations.com\\\/es\\\/servicios\\\/humano\\\/sitios-web\"]}]},{\"@type\":\"ImageObject\",\"inLanguage\":\"es\",\"@id\":\"https:\\\/\\\/www.trustedtranslations.com\\\/es\\\/servicios\\\/humano\\\/sitios-web#primaryimage\",\"url\":\"https:\\\/\\\/www.trustedtranslations.com\\\/wp-content\\\/uploads\\\/2024\\\/02\\\/TT-ICON_Human-translation.webp\",\"contentUrl\":\"https:\\\/\\\/www.trustedtranslations.com\\\/wp-content\\\/uploads\\\/2024\\\/02\\\/TT-ICON_Human-translation.webp\",\"width\":150,\"height\":150,\"caption\":\"TT ICON Human translation\"},{\"@type\":\"BreadcrumbList\",\"@id\":\"https:\\\/\\\/www.trustedtranslations.com\\\/es\\\/servicios\\\/humano\\\/sitios-web#breadcrumb\",\"itemListElement\":[{\"@type\":\"ListItem\",\"position\":1,\"name\":\"Home\",\"item\":\"https:\\\/\\\/www.trustedtranslations.com\\\/es\"},{\"@type\":\"ListItem\",\"position\":2,\"name\":\"Servicios\",\"item\":\"https:\\\/\\\/www.trustedtranslations.com\\\/es\\\/servicios\"},{\"@type\":\"ListItem\",\"position\":3,\"name\":\"Traducci\u00f3n Humana\",\"item\":\"https:\\\/\\\/www.trustedtranslations.com\\\/es\\\/servicios\\\/humano\"},{\"@type\":\"ListItem\",\"position\":4,\"name\":\"Sitios Web\"}]},{\"@type\":\"WebSite\",\"@id\":\"https:\\\/\\\/www.trustedtranslations.com\\\/es\\\/#website\",\"url\":\"https:\\\/\\\/www.trustedtranslations.com\\\/es\\\/\",\"name\":\"Trusted Translations, Inc.\",\"description\":\"Leader in translation and interpretation services.\",\"publisher\":{\"@id\":\"https:\\\/\\\/www.trustedtranslations.com\\\/es\\\/#organization\"},\"alternateName\":\"Trusted Translations\",\"potentialAction\":[{\"@type\":\"SearchAction\",\"target\":{\"@type\":\"EntryPoint\",\"urlTemplate\":\"https:\\\/\\\/www.trustedtranslations.com\\\/es\\\/?s={search_term_string}\"},\"query-input\":{\"@type\":\"PropertyValueSpecification\",\"valueRequired\":true,\"valueName\":\"search_term_string\"}}],\"inLanguage\":\"es\"},{\"@type\":\"Organization\",\"@id\":\"https:\\\/\\\/www.trustedtranslations.com\\\/es\\\/#organization\",\"name\":\"Trusted Translations\",\"alternateName\":\"Trusted Translations, Inc.\",\"url\":\"https:\\\/\\\/www.trustedtranslations.com\\\/es\\\/\",\"logo\":{\"@type\":\"ImageObject\",\"inLanguage\":\"es\",\"@id\":\"https:\\\/\\\/www.trustedtranslations.com\\\/es\\\/#\\\/schema\\\/logo\\\/image\\\/\",\"url\":\"https:\\\/\\\/static.trustedtranslations.com\\\/wp-content\\\/uploads\\\/2022\\\/01\\\/TT_logo_WSIColors-2.png\",\"contentUrl\":\"https:\\\/\\\/static.trustedtranslations.com\\\/wp-content\\\/uploads\\\/2022\\\/01\\\/TT_logo_WSIColors-2.png\",\"width\":500,\"height\":196,\"caption\":\"Trusted Translations\"},\"image\":{\"@id\":\"https:\\\/\\\/www.trustedtranslations.com\\\/es\\\/#\\\/schema\\\/logo\\\/image\\\/\"},\"sameAs\":[\"https:\\\/\\\/www.facebook.com\\\/Trusted.Translations\",\"https:\\\/\\\/x.com\\\/TrustedT9ns\",\"https:\\\/\\\/www.linkedin.com\\\/company\\\/trusted-translations\"]}]}<\/script>\n<!-- \/ Yoast SEO plugin. -->","yoast_head_json":{"title":"Traducci\u00f3n y Localizaci\u00f3n de Sitios Web: Trusted Translations, Inc.","description":"Trusted Translations lo ayudar\u00e1 a tener una presencia global en internet mediante la traducci\u00f3n de todo su sitio o las p\u00e1ginas m\u00e1s importantes.","robots":{"index":"index","follow":"follow","max-snippet":"max-snippet:-1","max-image-preview":"max-image-preview:large","max-video-preview":"max-video-preview:-1"},"canonical":"https:\/\/www.trustedtranslations.com\/es\/servicios\/humano\/sitios-web","og_locale":"es_ES","og_type":"article","og_title":"Traducci\u00f3n y Localizaci\u00f3n de Sitios Web: Trusted Translations, Inc.","og_description":"Trusted Translations lo ayudar\u00e1 a tener una presencia global en internet mediante la traducci\u00f3n de todo su sitio o las p\u00e1ginas m\u00e1s importantes.","og_url":"https:\/\/www.trustedtranslations.com\/es\/servicios\/humano\/sitios-web","og_site_name":"Trusted Translations","article_publisher":"https:\/\/www.facebook.com\/Trusted.Translations","article_modified_time":"2024-09-04T20:15:58+00:00","og_image":[{"width":150,"height":150,"url":"https:\/\/static.trustedtranslations.com\/wp-content\/uploads\/2024\/02\/TT-ICON_Human-translation.webp","type":"image\/webp"}],"twitter_card":"summary_large_image","twitter_site":"@TrustedT9ns","schema":{"@context":"https:\/\/schema.org","@graph":[{"@type":"WebPage","@id":"https:\/\/www.trustedtranslations.com\/es\/servicios\/humano\/sitios-web","url":"https:\/\/www.trustedtranslations.com\/es\/servicios\/humano\/sitios-web","name":"Traducci\u00f3n y Localizaci\u00f3n de Sitios Web: Trusted Translations, Inc.","isPartOf":{"@id":"https:\/\/www.trustedtranslations.com\/es\/#website"},"primaryImageOfPage":{"@id":"https:\/\/www.trustedtranslations.com\/es\/servicios\/humano\/sitios-web#primaryimage"},"image":{"@id":"https:\/\/www.trustedtranslations.com\/es\/servicios\/humano\/sitios-web#primaryimage"},"thumbnailUrl":"https:\/\/www.trustedtranslations.com\/wp-content\/uploads\/2024\/02\/TT-ICON_Human-translation.webp","description":"Trusted Translations lo ayudar\u00e1 a tener una presencia global en internet mediante la traducci\u00f3n de todo su sitio o las p\u00e1ginas m\u00e1s importantes.","breadcrumb":{"@id":"https:\/\/www.trustedtranslations.com\/es\/servicios\/humano\/sitios-web#breadcrumb"},"inLanguage":"es","potentialAction":[{"@type":"ReadAction","target":["https:\/\/www.trustedtranslations.com\/es\/servicios\/humano\/sitios-web"]}]},{"@type":"ImageObject","inLanguage":"es","@id":"https:\/\/www.trustedtranslations.com\/es\/servicios\/humano\/sitios-web#primaryimage","url":"https:\/\/www.trustedtranslations.com\/wp-content\/uploads\/2024\/02\/TT-ICON_Human-translation.webp","contentUrl":"https:\/\/www.trustedtranslations.com\/wp-content\/uploads\/2024\/02\/TT-ICON_Human-translation.webp","width":150,"height":150,"caption":"TT ICON Human translation"},{"@type":"BreadcrumbList","@id":"https:\/\/www.trustedtranslations.com\/es\/servicios\/humano\/sitios-web#breadcrumb","itemListElement":[{"@type":"ListItem","position":1,"name":"Home","item":"https:\/\/www.trustedtranslations.com\/es"},{"@type":"ListItem","position":2,"name":"Servicios","item":"https:\/\/www.trustedtranslations.com\/es\/servicios"},{"@type":"ListItem","position":3,"name":"Traducci\u00f3n Humana","item":"https:\/\/www.trustedtranslations.com\/es\/servicios\/humano"},{"@type":"ListItem","position":4,"name":"Sitios Web"}]},{"@type":"WebSite","@id":"https:\/\/www.trustedtranslations.com\/es\/#website","url":"https:\/\/www.trustedtranslations.com\/es\/","name":"Trusted Translations, Inc.","description":"Leader in translation and interpretation services.","publisher":{"@id":"https:\/\/www.trustedtranslations.com\/es\/#organization"},"alternateName":"Trusted Translations","potentialAction":[{"@type":"SearchAction","target":{"@type":"EntryPoint","urlTemplate":"https:\/\/www.trustedtranslations.com\/es\/?s={search_term_string}"},"query-input":{"@type":"PropertyValueSpecification","valueRequired":true,"valueName":"search_term_string"}}],"inLanguage":"es"},{"@type":"Organization","@id":"https:\/\/www.trustedtranslations.com\/es\/#organization","name":"Trusted Translations","alternateName":"Trusted Translations, Inc.","url":"https:\/\/www.trustedtranslations.com\/es\/","logo":{"@type":"ImageObject","inLanguage":"es","@id":"https:\/\/www.trustedtranslations.com\/es\/#\/schema\/logo\/image\/","url":"https:\/\/static.trustedtranslations.com\/wp-content\/uploads\/2022\/01\/TT_logo_WSIColors-2.png","contentUrl":"https:\/\/static.trustedtranslations.com\/wp-content\/uploads\/2022\/01\/TT_logo_WSIColors-2.png","width":500,"height":196,"caption":"Trusted Translations"},"image":{"@id":"https:\/\/www.trustedtranslations.com\/es\/#\/schema\/logo\/image\/"},"sameAs":["https:\/\/www.facebook.com\/Trusted.Translations","https:\/\/x.com\/TrustedT9ns","https:\/\/www.linkedin.com\/company\/trusted-translations"]}]}},"toolset-meta":{"dyk":{"mensaje-1":{"type":"textfield","raw":"M\u00e1s de la mitad de todo el tr\u00e1fico web proviene de pa\u00edses donde el ingl\u00e9s no es el idioma oficial."},"mensaje-2":{"type":"textfield","raw":"M\u00e1s del 70% de los consumidores priorizan visitar sitios web en su idioma nativo."},"mensaje-3":{"type":"textfield","raw":"Nuestros traductores especializados dominan HTML, PHP, ASP, JavaScript y CGI."},"mensaje-4":{"type":"textfield","raw":"El 84% de los consumidores piensa que un sitio web profesional muestra credibilidad."},"mensaje-5":{"type":"textfield","raw":""},"mensaje-6":{"type":"textfield","raw":""}},"single-page-template-fields":{"imgs-temp":{"type":"image","raw":["https:\/\/static.trustedtranslations.com\/wp-content\/uploads\/2024\/06\/website-final-1.webp"],"repeatable":[{"raw":"https:\/\/static.trustedtranslations.com\/wp-content\/uploads\/2024\/06\/website-final-1.webp"}]},"imgs-temp-cel":{"type":"image","raw":[""],"repeatable":[{"raw":""}]},"img-temp-one-cel":{"type":"image","raw":"https:\/\/static.trustedtranslations.com\/wp-content\/uploads\/2024\/06\/AdobeStock_115834323-3-1.webp","attachment_id":null},"quotes":{"type":"textarea","raw":"<h1 style=\"margin-bottom: 12px;\">Sitios Web Multiling\u00fces<\/h1>\r\nComo piedra angular de la nueva econom\u00eda, su sitio web se erige como una de sus herramientas de <i>marketing<\/i> m\u00e1s valiosas. Como tal, contar con un sitio web en varios idiomas puede tener un efecto exponencial sobre sus ventas y su presencia en internet. Trusted Translations ha trabajado con organizaciones grandes, medianas y peque\u00f1as y ha traducido con \u00e9xito sus sitios web para crear plataformas multiling\u00fces.\r\n<div style=\"margin-top: 2.5vw;\"><a class=\"tt-btn-main-cta\" href=\"https:\/\/www.trustedtranslations.com\/es\/presupuesto-sin-cargo\">Solicite un presupuesto sin cargo<\/a><\/div>"},"text-1":{"type":"textarea","raw":"<h2>Crear su Sitio Web Multiling\u00fce<\/h2>\r\nPara traducir su sitio web de manera efectiva, nuestros ling\u00fcistas profesionales se especializan en traducir contenido que incluye t\u00e9rminos altamente t\u00e9cnicos en \u00e1reas como ingenier\u00eda, TI, maquinaria industrial, electr\u00f3nica, mec\u00e1nica, electricidad, manufactura, automatizaci\u00f3n,\u00a0marketing, finanzas y muchas otras. M\u00e1s del 50% de todo el tr\u00e1fico de internet proviene de pa\u00edses de habla no inglesa. Contamos con un equipo exclusivo que puede ayudarlo a desarrollar una presencia en internet verdaderamente global. El comercio virtual ha estado creciendo a raz\u00f3n de dos d\u00edgitos por a\u00f1o durante los \u00faltimos a\u00f1os y es probable que esta tendencia contin\u00fae.\r\n<h2>Traducci\u00f3n de Sitios Web al Espa\u00f1ol<\/h2>\r\n<em>Trusted Translations<\/em> puede traducir una sola p\u00e1gina web (por ejemplo, su p\u00e1gina de inicio) o bien todo su sitio web desde y hacia el espa\u00f1ol y el ingl\u00e9s, sin perder ninguna funcionalidad.\u00a0 Como nuestro equipo de expertos maneja los lenguajes de programaci\u00f3n HTML, PHP, ASP, JavaScript y CGI a diario, podemos asegurarle que la totalidad de su codificaci\u00f3n original permanecer\u00e1 intacta. La traducci\u00f3n de sitios web exige una absoluta precisi\u00f3n, un conocimiento cultural especializado y un alto nivel de organizaci\u00f3n. En raz\u00f3n de ello, trabajamos en estrecha colaboraci\u00f3n con nuestros clientes para asegurarnos de cumplir todos estos requerimientos. Entre los clientes que nos han contratado para la traducci\u00f3n de sus sitios web, encontramos desde tiendas de indumentaria hasta fabricantes de equipos. Independientemente de que su texto sea t\u00e9cnico, de <i>marketing<\/i>, estilos de vida o posea elementos de estas tres \u00e1reas, <em>Trusted Translations<\/em> re\u00fane a un equipo con la amplitud y la profundidad de conocimientos necesarios para producir contenido preciso y convincente, apropiado para el mercado al cual se dirige.\r\n<h2>Localizaci\u00f3n de Sitios Web<\/h2>\r\nLa localizaci\u00f3n de sitios web se define como el proceso de conversi\u00f3n del formato y el contenido de un sitio web a un formato apropiado desde el punto de vista ling\u00fc\u00edstico y cultural para un mercado que habla otra lengua. Incluye la adaptaci\u00f3n de los gr\u00e1ficos, el sistema de navegaci\u00f3n, la optimizaci\u00f3n y mucho m\u00e1s. La confianza es muy importante para los clientes de internet y, con este fin, su sitio debe verse, sonar y sentirse bien para el mercado objetivo espec\u00edfico."},"shortcode-map":{"type":"textfield","raw":""},"dyk-shortcode":{"type":"textfield","raw":"[elementor-template id=\"139368\"]"},"text-2":{"type":"textarea","raw":"<h2>Localice su Sitio<\/h2>\r\nCuando toma la decisi\u00f3n de localizar su sitio web, hay m\u00e1s detr\u00e1s de esto que solo traducir el contenido. La localizaci\u00f3n web requiere una forma diferente de dise\u00f1ar el sitio. Es posible que deba repensar su sitio para que no se dirija a un p\u00fablico en particular, sino a otro completamente diferente. Nuestro equipo de localizaci\u00f3n puede ayudarlo en cada paso del camino: nuestros servicios incluyen la traducci\u00f3n de idiomas escritos junto con los cambios de formato necesarios, la creaci\u00f3n de enlaces correctos, URL (direcciones web) y, finalmente, el despliegue de una sensibilidad vital a las diferencias culturales. La siguiente es una lista de productos de localizaci\u00f3n comunes:\r\n<ul>\r\n \t<li><a href=\"https:\/\/www.trustedtranslations.com\/es\/servicios\/formatos-de-archivos\/wordpress-wpml\" target=\"_blank\" rel=\"noopener\">Contenido del Sitio Web<\/a><\/li>\r\n \t<li>Traducciones aptas para la Web (evitamos la doble codificaci\u00f3n)<\/li>\r\n \t<li>Localizaci\u00f3n de gr\u00e1ficos en 2D y 3D<\/li>\r\n \t<li>Aplicaciones web y multimedia<\/li>\r\n \t<li>Componentes de audio y video<\/li>\r\n \t<li>Web publishing<\/li>\r\n \t<li>XML publishing<\/li>\r\n \t<li>Adaptaci\u00f3n de divisas para las tiendas en l\u00ednea<\/li>\r\n<\/ul>\r\n<h2>Localizaci\u00f3n de Sitios Web en Espa\u00f1ol<\/h2>\r\nComo proveedor l\u00edder de globalizaci\u00f3n en espa\u00f1ol, tenemos la experiencia para ayudarlo a localizar su mensaje a fin de dirigirse a cualquier mercado de habla hispana espec\u00edfico o a todos los mercados de habla hispana a trav\u00e9s de un solo sitio web escrito en espa\u00f1ol neutro."},"state":{"type":"textfield","raw":""},"city":{"type":"textarea","raw":[]}}},"_links":{"self":[{"href":"https:\/\/www.trustedtranslations.com\/es\/wp-json\/wp\/v2\/pages\/127120","targetHints":{"allow":["GET"]}}],"collection":[{"href":"https:\/\/www.trustedtranslations.com\/es\/wp-json\/wp\/v2\/pages"}],"about":[{"href":"https:\/\/www.trustedtranslations.com\/es\/wp-json\/wp\/v2\/types\/page"}],"author":[{"embeddable":true,"href":"https:\/\/www.trustedtranslations.com\/es\/wp-json\/wp\/v2\/users\/1"}],"replies":[{"embeddable":true,"href":"https:\/\/www.trustedtranslations.com\/es\/wp-json\/wp\/v2\/comments?post=127120"}],"version-history":[{"count":0,"href":"https:\/\/www.trustedtranslations.com\/es\/wp-json\/wp\/v2\/pages\/127120\/revisions"}],"up":[{"embeddable":true,"href":"https:\/\/www.trustedtranslations.com\/es\/wp-json\/wp\/v2\/pages\/127136"}],"wp:featuredmedia":[{"embeddable":true,"href":"https:\/\/www.trustedtranslations.com\/es\/wp-json\/wp\/v2\/media\/235829"}],"wp:attachment":[{"href":"https:\/\/www.trustedtranslations.com\/es\/wp-json\/wp\/v2\/media?parent=127120"}],"curies":[{"name":"wp","href":"https:\/\/api.w.org\/{rel}","templated":true}]}}