{"id":127125,"date":"2018-07-03T21:27:37","date_gmt":"2018-07-03T21:27:37","guid":{"rendered":"https:\/\/www.trustedtranslations.com\/?page_id=127125"},"modified":"2025-08-14T13:05:26","modified_gmt":"2025-08-14T16:05:26","slug":"documento","status":"publish","type":"page","link":"https:\/\/www.trustedtranslations.com\/es\/servicios\/humano\/documento","title":{"rendered":"Documentos"},"content":{"rendered":"","protected":false},"excerpt":{"rendered":"","protected":false},"author":1,"featured_media":236277,"parent":127136,"menu_order":1,"comment_status":"closed","ping_status":"closed","template":"","meta":{"site-sidebar-layout":"default","site-content-layout":"default","ast-site-content-layout":"default","site-content-style":"default","site-sidebar-style":"default","ast-global-header-display":"","ast-banner-title-visibility":"","ast-main-header-display":"","ast-hfb-above-header-display":"","ast-hfb-below-header-display":"","ast-hfb-mobile-header-display":"","site-post-title":"disabled","ast-breadcrumbs-content":"","ast-featured-img":"","footer-sml-layout":"","ast-disable-related-posts":"","theme-transparent-header-meta":"default","adv-header-id-meta":"","stick-header-meta":"","header-above-stick-meta":"","header-main-stick-meta":"","header-below-stick-meta":"","astra-migrate-meta-layouts":"set","ast-page-background-enabled":"default","ast-page-background-meta":{"desktop":{"background-color":"var(--ast-global-color-4)","background-image":"","background-repeat":"repeat","background-position":"center center","background-size":"auto","background-attachment":"scroll","background-type":"","background-media":"","overlay-type":"","overlay-color":"","overlay-opacity":"","overlay-gradient":""},"tablet":{"background-color":"","background-image":"","background-repeat":"repeat","background-position":"center center","background-size":"auto","background-attachment":"scroll","background-type":"","background-media":"","overlay-type":"","overlay-color":"","overlay-opacity":"","overlay-gradient":""},"mobile":{"background-color":"","background-image":"","background-repeat":"repeat","background-position":"center center","background-size":"auto","background-attachment":"scroll","background-type":"","background-media":"","overlay-type":"","overlay-color":"","overlay-opacity":"","overlay-gradient":""}},"ast-content-background-meta":{"desktop":{"background-color":"var(--ast-global-color-5)","background-image":"","background-repeat":"repeat","background-position":"center center","background-size":"auto","background-attachment":"scroll","background-type":"","background-media":"","overlay-type":"","overlay-color":"","overlay-opacity":"","overlay-gradient":""},"tablet":{"background-color":"var(--ast-global-color-5)","background-image":"","background-repeat":"repeat","background-position":"center center","background-size":"auto","background-attachment":"scroll","background-type":"","background-media":"","overlay-type":"","overlay-color":"","overlay-opacity":"","overlay-gradient":""},"mobile":{"background-color":"var(--ast-global-color-5)","background-image":"","background-repeat":"repeat","background-position":"center center","background-size":"auto","background-attachment":"scroll","background-type":"","background-media":"","overlay-type":"","overlay-color":"","overlay-opacity":"","overlay-gradient":""}},"footnotes":""},"class_list":["post-127125","page","type-page","status-publish","has-post-thumbnail","hentry"],"yoast_head":"<!-- This site is optimized with the Yoast SEO plugin v27.3 - https:\/\/yoast.com\/product\/yoast-seo-wordpress\/ -->\n<title>Traducciones de Documentos: Trusted Translations, Inc.<\/title>\n<meta name=\"description\" content=\"\u00bfEst\u00e1 en busca del mejor servicio de traducci\u00f3n de documentos? No busque m\u00e1s, para eso estamos nosotros. Haga clic aqu\u00ed y solicite una cotizaci\u00f3n de manera gratuita.\" \/>\n<meta name=\"robots\" content=\"index, follow, max-snippet:-1, max-image-preview:large, max-video-preview:-1\" \/>\n<link rel=\"canonical\" href=\"https:\/\/www.trustedtranslations.com\/es\/servicios\/humano\/documento\" \/>\n<meta property=\"og:locale\" content=\"es_ES\" \/>\n<meta property=\"og:type\" content=\"article\" \/>\n<meta property=\"og:title\" content=\"Traducciones de Documentos: Trusted Translations, Inc.\" \/>\n<meta property=\"og:description\" content=\"\u00bfEst\u00e1 en busca del mejor servicio de traducci\u00f3n de documentos? No busque m\u00e1s, para eso estamos nosotros. Haga clic aqu\u00ed y solicite una cotizaci\u00f3n de manera gratuita.\" \/>\n<meta property=\"og:url\" content=\"https:\/\/www.trustedtranslations.com\/es\/servicios\/humano\/documento\" \/>\n<meta property=\"og:site_name\" content=\"Trusted Translations\" \/>\n<meta property=\"article:publisher\" content=\"https:\/\/www.facebook.com\/Trusted.Translations\" \/>\n<meta property=\"article:modified_time\" content=\"2025-08-14T16:05:26+00:00\" \/>\n<meta property=\"og:image\" content=\"https:\/\/static.trustedtranslations.com\/wp-content\/uploads\/2024\/02\/TT-ICON_Document-Translations.webp\" \/>\n\t<meta property=\"og:image:width\" content=\"150\" \/>\n\t<meta property=\"og:image:height\" content=\"151\" \/>\n\t<meta property=\"og:image:type\" content=\"image\/webp\" \/>\n<meta name=\"twitter:card\" content=\"summary_large_image\" \/>\n<meta name=\"twitter:site\" content=\"@TrustedT9ns\" \/>\n<script type=\"application\/ld+json\" class=\"yoast-schema-graph\">{\"@context\":\"https:\\\/\\\/schema.org\",\"@graph\":[{\"@type\":\"WebPage\",\"@id\":\"https:\\\/\\\/www.trustedtranslations.com\\\/es\\\/servicios\\\/humano\\\/documento\",\"url\":\"https:\\\/\\\/www.trustedtranslations.com\\\/es\\\/servicios\\\/humano\\\/documento\",\"name\":\"Traducciones de Documentos: Trusted Translations, Inc.\",\"isPartOf\":{\"@id\":\"https:\\\/\\\/www.trustedtranslations.com\\\/es\\\/#website\"},\"primaryImageOfPage\":{\"@id\":\"https:\\\/\\\/www.trustedtranslations.com\\\/es\\\/servicios\\\/humano\\\/documento#primaryimage\"},\"image\":{\"@id\":\"https:\\\/\\\/www.trustedtranslations.com\\\/es\\\/servicios\\\/humano\\\/documento#primaryimage\"},\"thumbnailUrl\":\"https:\\\/\\\/www.trustedtranslations.com\\\/wp-content\\\/uploads\\\/2024\\\/02\\\/TT-ICON_Document-Translations.webp\",\"description\":\"\u00bfEst\u00e1 en busca del mejor servicio de traducci\u00f3n de documentos? No busque m\u00e1s, para eso estamos nosotros. Haga clic aqu\u00ed y solicite una cotizaci\u00f3n de manera gratuita.\",\"breadcrumb\":{\"@id\":\"https:\\\/\\\/www.trustedtranslations.com\\\/es\\\/servicios\\\/humano\\\/documento#breadcrumb\"},\"inLanguage\":\"es\",\"potentialAction\":[{\"@type\":\"ReadAction\",\"target\":[\"https:\\\/\\\/www.trustedtranslations.com\\\/es\\\/servicios\\\/humano\\\/documento\"]}]},{\"@type\":\"ImageObject\",\"inLanguage\":\"es\",\"@id\":\"https:\\\/\\\/www.trustedtranslations.com\\\/es\\\/servicios\\\/humano\\\/documento#primaryimage\",\"url\":\"https:\\\/\\\/www.trustedtranslations.com\\\/wp-content\\\/uploads\\\/2024\\\/02\\\/TT-ICON_Document-Translations.webp\",\"contentUrl\":\"https:\\\/\\\/www.trustedtranslations.com\\\/wp-content\\\/uploads\\\/2024\\\/02\\\/TT-ICON_Document-Translations.webp\",\"width\":150,\"height\":151,\"caption\":\"TT ICON Document Translations\"},{\"@type\":\"BreadcrumbList\",\"@id\":\"https:\\\/\\\/www.trustedtranslations.com\\\/es\\\/servicios\\\/humano\\\/documento#breadcrumb\",\"itemListElement\":[{\"@type\":\"ListItem\",\"position\":1,\"name\":\"Home\",\"item\":\"https:\\\/\\\/www.trustedtranslations.com\\\/es\"},{\"@type\":\"ListItem\",\"position\":2,\"name\":\"Servicios\",\"item\":\"https:\\\/\\\/www.trustedtranslations.com\\\/es\\\/servicios\"},{\"@type\":\"ListItem\",\"position\":3,\"name\":\"Traducci\u00f3n Humana\",\"item\":\"https:\\\/\\\/www.trustedtranslations.com\\\/es\\\/servicios\\\/humano\"},{\"@type\":\"ListItem\",\"position\":4,\"name\":\"Documentos\"}]},{\"@type\":\"WebSite\",\"@id\":\"https:\\\/\\\/www.trustedtranslations.com\\\/es\\\/#website\",\"url\":\"https:\\\/\\\/www.trustedtranslations.com\\\/es\\\/\",\"name\":\"Trusted Translations, Inc.\",\"description\":\"Leader in translation and interpretation services.\",\"publisher\":{\"@id\":\"https:\\\/\\\/www.trustedtranslations.com\\\/es\\\/#organization\"},\"alternateName\":\"Trusted Translations\",\"potentialAction\":[{\"@type\":\"SearchAction\",\"target\":{\"@type\":\"EntryPoint\",\"urlTemplate\":\"https:\\\/\\\/www.trustedtranslations.com\\\/es\\\/?s={search_term_string}\"},\"query-input\":{\"@type\":\"PropertyValueSpecification\",\"valueRequired\":true,\"valueName\":\"search_term_string\"}}],\"inLanguage\":\"es\"},{\"@type\":\"Organization\",\"@id\":\"https:\\\/\\\/www.trustedtranslations.com\\\/es\\\/#organization\",\"name\":\"Trusted Translations\",\"alternateName\":\"Trusted Translations, Inc.\",\"url\":\"https:\\\/\\\/www.trustedtranslations.com\\\/es\\\/\",\"logo\":{\"@type\":\"ImageObject\",\"inLanguage\":\"es\",\"@id\":\"https:\\\/\\\/www.trustedtranslations.com\\\/es\\\/#\\\/schema\\\/logo\\\/image\\\/\",\"url\":\"https:\\\/\\\/static.trustedtranslations.com\\\/wp-content\\\/uploads\\\/2022\\\/01\\\/TT_logo_WSIColors-2.png\",\"contentUrl\":\"https:\\\/\\\/static.trustedtranslations.com\\\/wp-content\\\/uploads\\\/2022\\\/01\\\/TT_logo_WSIColors-2.png\",\"width\":500,\"height\":196,\"caption\":\"Trusted Translations\"},\"image\":{\"@id\":\"https:\\\/\\\/www.trustedtranslations.com\\\/es\\\/#\\\/schema\\\/logo\\\/image\\\/\"},\"sameAs\":[\"https:\\\/\\\/www.facebook.com\\\/Trusted.Translations\",\"https:\\\/\\\/x.com\\\/TrustedT9ns\",\"https:\\\/\\\/www.linkedin.com\\\/company\\\/trusted-translations\"]}]}<\/script>\n<!-- \/ Yoast SEO plugin. -->","yoast_head_json":{"title":"Traducciones de Documentos: Trusted Translations, Inc.","description":"\u00bfEst\u00e1 en busca del mejor servicio de traducci\u00f3n de documentos? No busque m\u00e1s, para eso estamos nosotros. Haga clic aqu\u00ed y solicite una cotizaci\u00f3n de manera gratuita.","robots":{"index":"index","follow":"follow","max-snippet":"max-snippet:-1","max-image-preview":"max-image-preview:large","max-video-preview":"max-video-preview:-1"},"canonical":"https:\/\/www.trustedtranslations.com\/es\/servicios\/humano\/documento","og_locale":"es_ES","og_type":"article","og_title":"Traducciones de Documentos: Trusted Translations, Inc.","og_description":"\u00bfEst\u00e1 en busca del mejor servicio de traducci\u00f3n de documentos? No busque m\u00e1s, para eso estamos nosotros. Haga clic aqu\u00ed y solicite una cotizaci\u00f3n de manera gratuita.","og_url":"https:\/\/www.trustedtranslations.com\/es\/servicios\/humano\/documento","og_site_name":"Trusted Translations","article_publisher":"https:\/\/www.facebook.com\/Trusted.Translations","article_modified_time":"2025-08-14T16:05:26+00:00","og_image":[{"width":150,"height":151,"url":"https:\/\/static.trustedtranslations.com\/wp-content\/uploads\/2024\/02\/TT-ICON_Document-Translations.webp","type":"image\/webp"}],"twitter_card":"summary_large_image","twitter_site":"@TrustedT9ns","schema":{"@context":"https:\/\/schema.org","@graph":[{"@type":"WebPage","@id":"https:\/\/www.trustedtranslations.com\/es\/servicios\/humano\/documento","url":"https:\/\/www.trustedtranslations.com\/es\/servicios\/humano\/documento","name":"Traducciones de Documentos: Trusted Translations, Inc.","isPartOf":{"@id":"https:\/\/www.trustedtranslations.com\/es\/#website"},"primaryImageOfPage":{"@id":"https:\/\/www.trustedtranslations.com\/es\/servicios\/humano\/documento#primaryimage"},"image":{"@id":"https:\/\/www.trustedtranslations.com\/es\/servicios\/humano\/documento#primaryimage"},"thumbnailUrl":"https:\/\/www.trustedtranslations.com\/wp-content\/uploads\/2024\/02\/TT-ICON_Document-Translations.webp","description":"\u00bfEst\u00e1 en busca del mejor servicio de traducci\u00f3n de documentos? No busque m\u00e1s, para eso estamos nosotros. Haga clic aqu\u00ed y solicite una cotizaci\u00f3n de manera gratuita.","breadcrumb":{"@id":"https:\/\/www.trustedtranslations.com\/es\/servicios\/humano\/documento#breadcrumb"},"inLanguage":"es","potentialAction":[{"@type":"ReadAction","target":["https:\/\/www.trustedtranslations.com\/es\/servicios\/humano\/documento"]}]},{"@type":"ImageObject","inLanguage":"es","@id":"https:\/\/www.trustedtranslations.com\/es\/servicios\/humano\/documento#primaryimage","url":"https:\/\/www.trustedtranslations.com\/wp-content\/uploads\/2024\/02\/TT-ICON_Document-Translations.webp","contentUrl":"https:\/\/www.trustedtranslations.com\/wp-content\/uploads\/2024\/02\/TT-ICON_Document-Translations.webp","width":150,"height":151,"caption":"TT ICON Document Translations"},{"@type":"BreadcrumbList","@id":"https:\/\/www.trustedtranslations.com\/es\/servicios\/humano\/documento#breadcrumb","itemListElement":[{"@type":"ListItem","position":1,"name":"Home","item":"https:\/\/www.trustedtranslations.com\/es"},{"@type":"ListItem","position":2,"name":"Servicios","item":"https:\/\/www.trustedtranslations.com\/es\/servicios"},{"@type":"ListItem","position":3,"name":"Traducci\u00f3n Humana","item":"https:\/\/www.trustedtranslations.com\/es\/servicios\/humano"},{"@type":"ListItem","position":4,"name":"Documentos"}]},{"@type":"WebSite","@id":"https:\/\/www.trustedtranslations.com\/es\/#website","url":"https:\/\/www.trustedtranslations.com\/es\/","name":"Trusted Translations, Inc.","description":"Leader in translation and interpretation services.","publisher":{"@id":"https:\/\/www.trustedtranslations.com\/es\/#organization"},"alternateName":"Trusted Translations","potentialAction":[{"@type":"SearchAction","target":{"@type":"EntryPoint","urlTemplate":"https:\/\/www.trustedtranslations.com\/es\/?s={search_term_string}"},"query-input":{"@type":"PropertyValueSpecification","valueRequired":true,"valueName":"search_term_string"}}],"inLanguage":"es"},{"@type":"Organization","@id":"https:\/\/www.trustedtranslations.com\/es\/#organization","name":"Trusted Translations","alternateName":"Trusted Translations, Inc.","url":"https:\/\/www.trustedtranslations.com\/es\/","logo":{"@type":"ImageObject","inLanguage":"es","@id":"https:\/\/www.trustedtranslations.com\/es\/#\/schema\/logo\/image\/","url":"https:\/\/static.trustedtranslations.com\/wp-content\/uploads\/2022\/01\/TT_logo_WSIColors-2.png","contentUrl":"https:\/\/static.trustedtranslations.com\/wp-content\/uploads\/2022\/01\/TT_logo_WSIColors-2.png","width":500,"height":196,"caption":"Trusted Translations"},"image":{"@id":"https:\/\/www.trustedtranslations.com\/es\/#\/schema\/logo\/image\/"},"sameAs":["https:\/\/www.facebook.com\/Trusted.Translations","https:\/\/x.com\/TrustedT9ns","https:\/\/www.linkedin.com\/company\/trusted-translations"]}]}},"toolset-meta":{"dyk":{"mensaje-1":{"type":"textfield","raw":"Trusted Translations es l\u00edder en traducci\u00f3n de documentos de calidad a precios competitivos."},"mensaje-2":{"type":"textfield","raw":"Somos un reconocido proveedor de traducci\u00f3n de documentos de y a m\u00e1s de 150 idiomas."},"mensaje-3":{"type":"textfield","raw":""},"mensaje-4":{"type":"textfield","raw":"Nuestro triple proceso de verificaci\u00f3n asegura la m\u00e1s alta calidad para sus documentos."},"mensaje-5":{"type":"textfield","raw":""},"mensaje-6":{"type":"textfield","raw":""}},"single-page-template-fields":{"imgs-temp":{"type":"image","raw":["https:\/\/static.trustedtranslations.com\/wp-content\/uploads\/2024\/03\/document-final-2-1.webp","https:\/\/static.trustedtranslations.com\/wp-content\/uploads\/2024\/03\/document-final-1-1.webp","https:\/\/static.trustedtranslations.com\/wp-content\/uploads\/2024\/03\/document-final-6.webp"],"repeatable":[{"raw":"https:\/\/static.trustedtranslations.com\/wp-content\/uploads\/2024\/03\/document-final-2-1.webp"},{"raw":"https:\/\/static.trustedtranslations.com\/wp-content\/uploads\/2024\/03\/document-final-1-1.webp"},{"raw":"https:\/\/static.trustedtranslations.com\/wp-content\/uploads\/2024\/03\/document-final-6.webp"}]},"imgs-temp-cel":{"type":"image","raw":[""],"repeatable":[{"raw":""}]},"img-temp-one-cel":{"type":"image","raw":"https:\/\/static.trustedtranslations.com\/wp-content\/uploads\/2024\/03\/document-final-5-1.webp","attachment_id":null},"quotes":{"type":"textarea","raw":"<h1 style=\"margin-bottom: 12px;\">Servicios de Traducci\u00f3n de Documentos<\/h1>\r\nLa traducci\u00f3n de documentos es uno de los servicios principales que ofrece <em><em>Trusted Translations<\/em><\/em>. Durante m\u00e1s de 20 a\u00f1os, nuestra organizaci\u00f3n se ha enfocado en reunir a los mejores ling\u00fcistas de todo el mundo y la mejor tecnolog\u00eda de la industria para garantizar que nuestros clientes reciban la m\u00e1s alta calidad en traducci\u00f3n de documentos a un valor inigualable en el mercado.\r\n<div style=\"margin-top: 2.5vw;\"><a class=\"tt-btn-main-cta\" href=\"https:\/\/www.trustedtranslations.com\/es\/presupuesto-sin-cargo\">SOLICITE UN PRESUPUESTO SIN CARGO<\/a><\/div>"},"text-1":{"type":"textarea","raw":"<div class=\"imgs-flex-template\">\r\n    <div>\r\n        <h2 style=\"margin-bottom: 20px;\">Antecedentes Comprobados<\/h2>\r\n        <p>Gracias a nuestra amplia experiencia en este servicio troncal, podemos ofrecer a nuestros clientes:\r\n            <ul>\r\n                 <li>Cotizaciones r\u00e1pidas y exactas para peque\u00f1os y grandes proyectos.<\/li>\r\n                 <li>Tiempos de entrega cortos incluso para proyectos de gran volumen.<\/li>\r\n                 <li>Traducciones de alta calidad a cargo de ling\u00fcistas profesionales cualificados y de capacidad comprobada.<\/li>\r\n                 <li>Acceso a software de idiomas y memorias de traducci\u00f3n de \u00faltima generaci\u00f3n.<\/li>\r\n                 <li>Gerentes de cuentas y de proyectos comprometidos para mantener a nuestros clientes al tanto de sus proyectos y hacer los cambios o los agregados que soliciten.<\/li>\r\n                 <li>La relaci\u00f3n precio-calidad m\u00e1s conveniente de la industria.<\/li>\r\n                 <li>M\u00e1s de 20 a\u00f1os de experiencia en la prestaci\u00f3n de servicios de traducci\u00f3n de documentos a varios idiomas.<\/li>\r\n            <\/ul><\/p>\r\n    <\/div>\r\n    <img src=\"https:\/\/static.trustedtranslations.com\/wp-content\/uploads\/elementor\/thumbs\/document-qkqfs5dro4ekw18ry8hjl9urjjoxus3w0dki5ixa50.webp\">\r\n<\/div>\r\n\r\n<h2>Elementos Clave de los Proyectos de Traducci\u00f3n de Documentos<\/h2>\r\nComprender los elementos clave de los proyectos de traducci\u00f3n de documentos puede servirle a usted y a su organizaci\u00f3n para planificar y presupuestar de manera acorde. Los siguientes son los elementos clave que analizamos para cada proyecto de traducci\u00f3n de documentos.\r\n\r\n<strong>Prop\u00f3sito y p\u00fablico de la traducci\u00f3n.<\/strong> Nuestra primera pregunta es: \u00bfcu\u00e1l es el prop\u00f3sito del documento que se traduce y cu\u00e1l es el p\u00fablico objetivo? Solemos trabajar en conjunto con nuestros clientes para evaluar el p\u00fablico objetivo y el prop\u00f3sito de la traducci\u00f3n del documento. Por ejemplo, en el caso de presentaciones gubernamentales o judiciales, sabemos por experiencia que este tipo de traducciones tienen requisitos de formato, plazos de presentaci\u00f3n estrictos y, en ocasiones, requieren de un certificado de traducci\u00f3n fiel.\r\n\r\n<strong>Tama\u00f1o y plazo.<\/strong> Otros dos elementos clave son el tama\u00f1o del documento y el plazo de traducci\u00f3n. Conocer el tama\u00f1o del documento y la fecha de entrega pueden ayudar a nuestros gerentes de proyectos especializados a utilizar la cantidad correcta de recursos para que el proyecto se entregue a tiempo y la terminolog\u00eda utilizada sea exacta y uniforme.\r\n\r\n<strong>Pares de idiomas.<\/strong> Comprender todos los idiomas de destino es otro elemento clave. Si un proyecto exige traducir un documento a varios idiomas, nuestros gerentes de proyectos est\u00e1n capacitados para trabajar con ciertos flujos de trabajo que garanticen la exactitud en todos los idiomas de destino.\r\n\r\n<strong>Tema.<\/strong> Identificar el tema de cada traducci\u00f3n es fundamental para brindar resultados de alta calidad a nuestros clientes. Asignamos cada traducci\u00f3n a un ling\u00fcista especializado y con experiencia en la traducci\u00f3n del tema del documento. Por ejemplo, es muy probable que una traducci\u00f3n m\u00e9dica requiera determinados conocimientos para garantizar que se utilice la terminolog\u00eda correcta en la traducci\u00f3n. Dependiendo del tema, nuestros gerentes de proyectos seleccionar\u00e1n al equipo adecuado para cada proyecto.\r\n\r\n<strong>Formato de archivo.<\/strong> Otro elemento que debe tenerse en cuenta es el formato de archivo del documento original y qu\u00e9 formato de salida se requiere. <em><em><em>Trusted Translations<\/em><\/em><\/em> tiene un equipo interno de programadores que se especializa \u00fanicamente en el formato de las traducciones de documentos de nuestros clientes. Desde documentos escaneados, hasta formatos de MS Office y Adobe Illustrator, evaluamos por adelantado el formato de archivo necesario y se lo entregamos a nuestros clientes en el formato correspondiente.\r\n\r\nNo importa el tama\u00f1o ni el tipo de proyecto de traducci\u00f3n de documentos, <em>Trusted Translations<\/em> tiene la experiencia suficiente para brindar resultados de alta calidad a una de las mejores tarifas del mercado. Nuestros gerentes de cuentas especializados pueden guiarlo f\u00e1cilmente a trav\u00e9s del proceso y entregar su proyecto r\u00e1pidamente. No dude en <a href=\"\/about-us\/contact\/\">comunicarse con nosotros<\/a> hoy mismo para realizar una consulta o <a href=\"\/es\/presupuesto-sin-cargo\/\">solicitar una cotizaci\u00f3n<\/a>."},"shortcode-map":{"type":"textfield","raw":""},"dyk-shortcode":{"type":"textfield","raw":"[elementor-template id=\"139368\"]"},"text-2":{"type":"textarea","raw":"<div class=\"imgs-flex-template\">\r\n    <div>\r\n        <h2 style=\"margin-bottom: 20px;\">Traducciones de Documentos de Alta Calidad a un Precio Conveniente<\/h2>\r\n        <p>Los proyectos de traducci\u00f3n de <em>Trusted Translations<\/em> cuentan con el personal m\u00e1s cualificado en el \u00e1rea de traducci\u00f3n y localizaci\u00f3n. Uno de nuestros gerentes de cuenta especializados gestionar\u00e1 su solicitud de proyecto y se asegurar\u00e1 de que su traducci\u00f3n se entregue a tiempo y con la mejor calidad de la industria.\r\n\r\n            Un gerente de proyecto exclusivo se encarga de la planificaci\u00f3n, dirige la ejecuci\u00f3n y supervisa el control del proyecto. Cuando corresponde, un gerente de tecnolog\u00eda revisa todos los requisitos t\u00e9cnicos del proyecto. El gerente de dise\u00f1o gr\u00e1fico (DTP) garantiza la realizaci\u00f3n de las ilustraciones y las adaptaciones de formato, si se requieren, para que el documento traducido refleje el documento original.\r\n            \r\n            Nuestro Proceso de Aseguramiento de Calidad \u00fanico est\u00e1 dise\u00f1ado para garantizar que tres recursos expertos independientes verifiquen cada traducci\u00f3n: un traductor, un editor y un corrector. Gracias a ello, nuestro resultado final alcanza el mayor nivel de calidad.<\/p>\r\n    <\/div>\r\n    <img src=\"https:\/\/static.trustedtranslations.com\/wp-content\/uploads\/elementor\/thumbs\/document-1-qkqfsq292c06ackwiib70v8a84qy4pkh78r3wgcaxk.webp\">\r\n<\/div>"},"state":{"type":"textfield","raw":""},"city":{"type":"textarea","raw":[""]}}},"_links":{"self":[{"href":"https:\/\/www.trustedtranslations.com\/es\/wp-json\/wp\/v2\/pages\/127125","targetHints":{"allow":["GET"]}}],"collection":[{"href":"https:\/\/www.trustedtranslations.com\/es\/wp-json\/wp\/v2\/pages"}],"about":[{"href":"https:\/\/www.trustedtranslations.com\/es\/wp-json\/wp\/v2\/types\/page"}],"author":[{"embeddable":true,"href":"https:\/\/www.trustedtranslations.com\/es\/wp-json\/wp\/v2\/users\/1"}],"replies":[{"embeddable":true,"href":"https:\/\/www.trustedtranslations.com\/es\/wp-json\/wp\/v2\/comments?post=127125"}],"version-history":[{"count":0,"href":"https:\/\/www.trustedtranslations.com\/es\/wp-json\/wp\/v2\/pages\/127125\/revisions"}],"up":[{"embeddable":true,"href":"https:\/\/www.trustedtranslations.com\/es\/wp-json\/wp\/v2\/pages\/127136"}],"wp:featuredmedia":[{"embeddable":true,"href":"https:\/\/www.trustedtranslations.com\/es\/wp-json\/wp\/v2\/media\/236277"}],"wp:attachment":[{"href":"https:\/\/www.trustedtranslations.com\/es\/wp-json\/wp\/v2\/media?parent=127125"}],"curies":[{"name":"wp","href":"https:\/\/api.w.org\/{rel}","templated":true}]}}