{"id":127126,"date":"2018-06-26T20:05:58","date_gmt":"2018-06-26T20:05:58","guid":{"rendered":"https:\/\/www.trustedtranslations.com\/?page_id=127126"},"modified":"2026-03-27T14:48:23","modified_gmt":"2026-03-27T17:48:23","slug":"transcripcion","status":"publish","type":"page","link":"https:\/\/www.trustedtranslations.com\/es\/servicios\/humano\/transcripcion","title":{"rendered":"Transcripci\u00f3n"},"content":{"rendered":"","protected":false},"excerpt":{"rendered":"","protected":false},"author":1,"featured_media":235626,"parent":294173,"menu_order":8,"comment_status":"closed","ping_status":"closed","template":"","meta":{"site-sidebar-layout":"default","site-content-layout":"default","ast-site-content-layout":"default","site-content-style":"default","site-sidebar-style":"default","ast-global-header-display":"","ast-banner-title-visibility":"","ast-main-header-display":"","ast-hfb-above-header-display":"","ast-hfb-below-header-display":"","ast-hfb-mobile-header-display":"","site-post-title":"disabled","ast-breadcrumbs-content":"","ast-featured-img":"","footer-sml-layout":"","ast-disable-related-posts":"","theme-transparent-header-meta":"default","adv-header-id-meta":"","stick-header-meta":"","header-above-stick-meta":"","header-main-stick-meta":"","header-below-stick-meta":"","astra-migrate-meta-layouts":"set","ast-page-background-enabled":"default","ast-page-background-meta":{"desktop":{"background-color":"var(--ast-global-color-4)","background-image":"","background-repeat":"repeat","background-position":"center center","background-size":"auto","background-attachment":"scroll","background-type":"","background-media":"","overlay-type":"","overlay-color":"","overlay-opacity":"","overlay-gradient":""},"tablet":{"background-color":"","background-image":"","background-repeat":"repeat","background-position":"center center","background-size":"auto","background-attachment":"scroll","background-type":"","background-media":"","overlay-type":"","overlay-color":"","overlay-opacity":"","overlay-gradient":""},"mobile":{"background-color":"","background-image":"","background-repeat":"repeat","background-position":"center center","background-size":"auto","background-attachment":"scroll","background-type":"","background-media":"","overlay-type":"","overlay-color":"","overlay-opacity":"","overlay-gradient":""}},"ast-content-background-meta":{"desktop":{"background-color":"var(--ast-global-color-5)","background-image":"","background-repeat":"repeat","background-position":"center center","background-size":"auto","background-attachment":"scroll","background-type":"","background-media":"","overlay-type":"","overlay-color":"","overlay-opacity":"","overlay-gradient":""},"tablet":{"background-color":"var(--ast-global-color-5)","background-image":"","background-repeat":"repeat","background-position":"center center","background-size":"auto","background-attachment":"scroll","background-type":"","background-media":"","overlay-type":"","overlay-color":"","overlay-opacity":"","overlay-gradient":""},"mobile":{"background-color":"var(--ast-global-color-5)","background-image":"","background-repeat":"repeat","background-position":"center center","background-size":"auto","background-attachment":"scroll","background-type":"","background-media":"","overlay-type":"","overlay-color":"","overlay-opacity":"","overlay-gradient":""}},"footnotes":""},"class_list":["post-127126","page","type-page","status-publish","has-post-thumbnail","hentry"],"yoast_head":"<!-- This site is optimized with the Yoast SEO plugin v27.3 - https:\/\/yoast.com\/product\/yoast-seo-wordpress\/ -->\n<title>Servicios de transcripci\u00f3n: transcripciones de audio y video desde todos los formatos<\/title>\n<meta name=\"description\" content=\"Nuestro objetivo en Trusted Translations es proporcionar servicios de transcripci\u00f3n de todo tipo y en todos los idiomas para atender todas sus necesidades de transcripci\u00f3n. Llame para solicitar un presupuesto sin cargo.\" \/>\n<meta name=\"robots\" content=\"index, follow, max-snippet:-1, max-image-preview:large, max-video-preview:-1\" \/>\n<link rel=\"canonical\" href=\"https:\/\/www.trustedtranslations.com\/es\/servicios\/humano\/transcripcion\" \/>\n<meta property=\"og:locale\" content=\"es_ES\" \/>\n<meta property=\"og:type\" content=\"article\" \/>\n<meta property=\"og:title\" content=\"Servicios de transcripci\u00f3n: transcripciones de audio y video desde todos los formatos\" \/>\n<meta property=\"og:description\" content=\"Nuestro objetivo en Trusted Translations es proporcionar servicios de transcripci\u00f3n de todo tipo y en todos los idiomas para atender todas sus necesidades de transcripci\u00f3n. Llame para solicitar un presupuesto sin cargo.\" \/>\n<meta property=\"og:url\" content=\"https:\/\/www.trustedtranslations.com\/es\/servicios\/humano\/transcripcion\" \/>\n<meta property=\"og:site_name\" content=\"Trusted Translations\" \/>\n<meta property=\"article:publisher\" content=\"https:\/\/www.facebook.com\/Trusted.Translations\" \/>\n<meta property=\"article:modified_time\" content=\"2026-03-27T17:48:23+00:00\" \/>\n<meta property=\"og:image\" content=\"https:\/\/www.trustedtranslations.com\/wp-content\/uploads\/2024\/02\/TT-ICON_Transcription-Services_.webp\" \/>\n\t<meta property=\"og:image:width\" content=\"151\" \/>\n\t<meta property=\"og:image:height\" content=\"151\" \/>\n\t<meta property=\"og:image:type\" content=\"image\/webp\" \/>\n<meta name=\"twitter:card\" content=\"summary_large_image\" \/>\n<meta name=\"twitter:site\" content=\"@TrustedT9ns\" \/>\n<script type=\"application\/ld+json\" class=\"yoast-schema-graph\">{\"@context\":\"https:\\\/\\\/schema.org\",\"@graph\":[{\"@type\":\"WebPage\",\"@id\":\"https:\\\/\\\/www.trustedtranslations.com\\\/es\\\/servicios\\\/humano\\\/transcripcion\",\"url\":\"https:\\\/\\\/www.trustedtranslations.com\\\/es\\\/servicios\\\/humano\\\/transcripcion\",\"name\":\"Servicios de transcripci\u00f3n: transcripciones de audio y video desde todos los formatos\",\"isPartOf\":{\"@id\":\"https:\\\/\\\/www.trustedtranslations.com\\\/es\\\/#website\"},\"primaryImageOfPage\":{\"@id\":\"https:\\\/\\\/www.trustedtranslations.com\\\/es\\\/servicios\\\/humano\\\/transcripcion#primaryimage\"},\"image\":{\"@id\":\"https:\\\/\\\/www.trustedtranslations.com\\\/es\\\/servicios\\\/humano\\\/transcripcion#primaryimage\"},\"thumbnailUrl\":\"https:\\\/\\\/www.trustedtranslations.com\\\/wp-content\\\/uploads\\\/2024\\\/02\\\/TT-ICON_Transcription-Services_.webp\",\"description\":\"Nuestro objetivo en Trusted Translations es proporcionar servicios de transcripci\u00f3n de todo tipo y en todos los idiomas para atender todas sus necesidades de transcripci\u00f3n. Llame para solicitar un presupuesto sin cargo.\",\"breadcrumb\":{\"@id\":\"https:\\\/\\\/www.trustedtranslations.com\\\/es\\\/servicios\\\/humano\\\/transcripcion#breadcrumb\"},\"inLanguage\":\"es\",\"potentialAction\":[{\"@type\":\"ReadAction\",\"target\":[\"https:\\\/\\\/www.trustedtranslations.com\\\/es\\\/servicios\\\/humano\\\/transcripcion\"]}]},{\"@type\":\"ImageObject\",\"inLanguage\":\"es\",\"@id\":\"https:\\\/\\\/www.trustedtranslations.com\\\/es\\\/servicios\\\/humano\\\/transcripcion#primaryimage\",\"url\":\"https:\\\/\\\/www.trustedtranslations.com\\\/wp-content\\\/uploads\\\/2024\\\/02\\\/TT-ICON_Transcription-Services_.webp\",\"contentUrl\":\"https:\\\/\\\/www.trustedtranslations.com\\\/wp-content\\\/uploads\\\/2024\\\/02\\\/TT-ICON_Transcription-Services_.webp\",\"width\":151,\"height\":151,\"caption\":\"TT ICON Transcription Services\"},{\"@type\":\"BreadcrumbList\",\"@id\":\"https:\\\/\\\/www.trustedtranslations.com\\\/es\\\/servicios\\\/humano\\\/transcripcion#breadcrumb\",\"itemListElement\":[{\"@type\":\"ListItem\",\"position\":1,\"name\":\"Home\",\"item\":\"https:\\\/\\\/www.trustedtranslations.com\\\/es\"},{\"@type\":\"ListItem\",\"position\":2,\"name\":\"Servicios\",\"item\":\"https:\\\/\\\/www.trustedtranslations.com\\\/es\\\/servicios\"},{\"@type\":\"ListItem\",\"position\":3,\"name\":\"Servicios de Posproducci\u00f3n de Medios\",\"item\":\"https:\\\/\\\/www.trustedtranslations.com\\\/es\\\/servicios\\\/servicios-de-posproduccion-de-medios\"},{\"@type\":\"ListItem\",\"position\":4,\"name\":\"Transcripci\u00f3n\"}]},{\"@type\":\"WebSite\",\"@id\":\"https:\\\/\\\/www.trustedtranslations.com\\\/es\\\/#website\",\"url\":\"https:\\\/\\\/www.trustedtranslations.com\\\/es\\\/\",\"name\":\"Trusted Translations, Inc.\",\"description\":\"Leader in translation and interpretation services.\",\"publisher\":{\"@id\":\"https:\\\/\\\/www.trustedtranslations.com\\\/es\\\/#organization\"},\"alternateName\":\"Trusted Translations\",\"potentialAction\":[{\"@type\":\"SearchAction\",\"target\":{\"@type\":\"EntryPoint\",\"urlTemplate\":\"https:\\\/\\\/www.trustedtranslations.com\\\/es\\\/?s={search_term_string}\"},\"query-input\":{\"@type\":\"PropertyValueSpecification\",\"valueRequired\":true,\"valueName\":\"search_term_string\"}}],\"inLanguage\":\"es\"},{\"@type\":\"Organization\",\"@id\":\"https:\\\/\\\/www.trustedtranslations.com\\\/es\\\/#organization\",\"name\":\"Trusted Translations\",\"alternateName\":\"Trusted Translations, Inc.\",\"url\":\"https:\\\/\\\/www.trustedtranslations.com\\\/es\\\/\",\"logo\":{\"@type\":\"ImageObject\",\"inLanguage\":\"es\",\"@id\":\"https:\\\/\\\/www.trustedtranslations.com\\\/es\\\/#\\\/schema\\\/logo\\\/image\\\/\",\"url\":\"https:\\\/\\\/static.trustedtranslations.com\\\/wp-content\\\/uploads\\\/2022\\\/01\\\/TT_logo_WSIColors-2.png\",\"contentUrl\":\"https:\\\/\\\/static.trustedtranslations.com\\\/wp-content\\\/uploads\\\/2022\\\/01\\\/TT_logo_WSIColors-2.png\",\"width\":500,\"height\":196,\"caption\":\"Trusted Translations\"},\"image\":{\"@id\":\"https:\\\/\\\/www.trustedtranslations.com\\\/es\\\/#\\\/schema\\\/logo\\\/image\\\/\"},\"sameAs\":[\"https:\\\/\\\/www.facebook.com\\\/Trusted.Translations\",\"https:\\\/\\\/x.com\\\/TrustedT9ns\",\"https:\\\/\\\/www.linkedin.com\\\/company\\\/trusted-translations\"]}]}<\/script>\n<!-- \/ Yoast SEO plugin. -->","yoast_head_json":{"title":"Servicios de transcripci\u00f3n: transcripciones de audio y video desde todos los formatos","description":"Nuestro objetivo en Trusted Translations es proporcionar servicios de transcripci\u00f3n de todo tipo y en todos los idiomas para atender todas sus necesidades de transcripci\u00f3n. Llame para solicitar un presupuesto sin cargo.","robots":{"index":"index","follow":"follow","max-snippet":"max-snippet:-1","max-image-preview":"max-image-preview:large","max-video-preview":"max-video-preview:-1"},"canonical":"https:\/\/www.trustedtranslations.com\/es\/servicios\/humano\/transcripcion","og_locale":"es_ES","og_type":"article","og_title":"Servicios de transcripci\u00f3n: transcripciones de audio y video desde todos los formatos","og_description":"Nuestro objetivo en Trusted Translations es proporcionar servicios de transcripci\u00f3n de todo tipo y en todos los idiomas para atender todas sus necesidades de transcripci\u00f3n. Llame para solicitar un presupuesto sin cargo.","og_url":"https:\/\/www.trustedtranslations.com\/es\/servicios\/humano\/transcripcion","og_site_name":"Trusted Translations","article_publisher":"https:\/\/www.facebook.com\/Trusted.Translations","article_modified_time":"2026-03-27T17:48:23+00:00","og_image":[{"width":151,"height":151,"url":"https:\/\/www.trustedtranslations.com\/wp-content\/uploads\/2024\/02\/TT-ICON_Transcription-Services_.webp","type":"image\/webp"}],"twitter_card":"summary_large_image","twitter_site":"@TrustedT9ns","schema":{"@context":"https:\/\/schema.org","@graph":[{"@type":"WebPage","@id":"https:\/\/www.trustedtranslations.com\/es\/servicios\/humano\/transcripcion","url":"https:\/\/www.trustedtranslations.com\/es\/servicios\/humano\/transcripcion","name":"Servicios de transcripci\u00f3n: transcripciones de audio y video desde todos los formatos","isPartOf":{"@id":"https:\/\/www.trustedtranslations.com\/es\/#website"},"primaryImageOfPage":{"@id":"https:\/\/www.trustedtranslations.com\/es\/servicios\/humano\/transcripcion#primaryimage"},"image":{"@id":"https:\/\/www.trustedtranslations.com\/es\/servicios\/humano\/transcripcion#primaryimage"},"thumbnailUrl":"https:\/\/www.trustedtranslations.com\/wp-content\/uploads\/2024\/02\/TT-ICON_Transcription-Services_.webp","description":"Nuestro objetivo en Trusted Translations es proporcionar servicios de transcripci\u00f3n de todo tipo y en todos los idiomas para atender todas sus necesidades de transcripci\u00f3n. Llame para solicitar un presupuesto sin cargo.","breadcrumb":{"@id":"https:\/\/www.trustedtranslations.com\/es\/servicios\/humano\/transcripcion#breadcrumb"},"inLanguage":"es","potentialAction":[{"@type":"ReadAction","target":["https:\/\/www.trustedtranslations.com\/es\/servicios\/humano\/transcripcion"]}]},{"@type":"ImageObject","inLanguage":"es","@id":"https:\/\/www.trustedtranslations.com\/es\/servicios\/humano\/transcripcion#primaryimage","url":"https:\/\/www.trustedtranslations.com\/wp-content\/uploads\/2024\/02\/TT-ICON_Transcription-Services_.webp","contentUrl":"https:\/\/www.trustedtranslations.com\/wp-content\/uploads\/2024\/02\/TT-ICON_Transcription-Services_.webp","width":151,"height":151,"caption":"TT ICON Transcription Services"},{"@type":"BreadcrumbList","@id":"https:\/\/www.trustedtranslations.com\/es\/servicios\/humano\/transcripcion#breadcrumb","itemListElement":[{"@type":"ListItem","position":1,"name":"Home","item":"https:\/\/www.trustedtranslations.com\/es"},{"@type":"ListItem","position":2,"name":"Servicios","item":"https:\/\/www.trustedtranslations.com\/es\/servicios"},{"@type":"ListItem","position":3,"name":"Servicios de Posproducci\u00f3n de Medios","item":"https:\/\/www.trustedtranslations.com\/es\/servicios\/servicios-de-posproduccion-de-medios"},{"@type":"ListItem","position":4,"name":"Transcripci\u00f3n"}]},{"@type":"WebSite","@id":"https:\/\/www.trustedtranslations.com\/es\/#website","url":"https:\/\/www.trustedtranslations.com\/es\/","name":"Trusted Translations, Inc.","description":"Leader in translation and interpretation services.","publisher":{"@id":"https:\/\/www.trustedtranslations.com\/es\/#organization"},"alternateName":"Trusted Translations","potentialAction":[{"@type":"SearchAction","target":{"@type":"EntryPoint","urlTemplate":"https:\/\/www.trustedtranslations.com\/es\/?s={search_term_string}"},"query-input":{"@type":"PropertyValueSpecification","valueRequired":true,"valueName":"search_term_string"}}],"inLanguage":"es"},{"@type":"Organization","@id":"https:\/\/www.trustedtranslations.com\/es\/#organization","name":"Trusted Translations","alternateName":"Trusted Translations, Inc.","url":"https:\/\/www.trustedtranslations.com\/es\/","logo":{"@type":"ImageObject","inLanguage":"es","@id":"https:\/\/www.trustedtranslations.com\/es\/#\/schema\/logo\/image\/","url":"https:\/\/static.trustedtranslations.com\/wp-content\/uploads\/2022\/01\/TT_logo_WSIColors-2.png","contentUrl":"https:\/\/static.trustedtranslations.com\/wp-content\/uploads\/2022\/01\/TT_logo_WSIColors-2.png","width":500,"height":196,"caption":"Trusted Translations"},"image":{"@id":"https:\/\/www.trustedtranslations.com\/es\/#\/schema\/logo\/image\/"},"sameAs":["https:\/\/www.facebook.com\/Trusted.Translations","https:\/\/x.com\/TrustedT9ns","https:\/\/www.linkedin.com\/company\/trusted-translations"]}]}},"toolset-meta":{"dyk":{"mensaje-1":{"type":"textfield","raw":"La transcripci\u00f3n profesional puede ser de gran utilidad al realizar estudios de mercado con grupos focales."},"mensaje-2":{"type":"textfield","raw":"Un transcriptor profesional puede escribir entre 80-100 palabras por minuto o m\u00e1s."},"mensaje-3":{"type":"textfield","raw":"La transcripci\u00f3n ayuda a que el contenido de video cumpla con leyes federales de accesibilidad como la ADA."},"mensaje-4":{"type":"textfield","raw":"En promedio, las personas hablan a una velocidad de 150-170 palabras por minuto."},"mensaje-5":{"type":"textfield","raw":""},"mensaje-6":{"type":"textfield","raw":""}},"single-page-template-fields":{"imgs-temp":{"type":"image","raw":["https:\/\/static.trustedtranslations.com\/wp-content\/uploads\/2024\/07\/language-final-9-1.webp","https:\/\/static.trustedtranslations.com\/wp-content\/uploads\/2024\/07\/language-final-10-1.webp","https:\/\/static.trustedtranslations.com\/wp-content\/uploads\/2024\/07\/language-final-11-1.webp","https:\/\/static.trustedtranslations.com\/wp-content\/uploads\/2024\/07\/language-final-12-1.webp"],"repeatable":[{"raw":"https:\/\/static.trustedtranslations.com\/wp-content\/uploads\/2024\/07\/language-final-9-1.webp"},{"raw":"https:\/\/static.trustedtranslations.com\/wp-content\/uploads\/2024\/07\/language-final-10-1.webp"},{"raw":"https:\/\/static.trustedtranslations.com\/wp-content\/uploads\/2024\/07\/language-final-11-1.webp"},{"raw":"https:\/\/static.trustedtranslations.com\/wp-content\/uploads\/2024\/07\/language-final-12-1.webp"}]},"imgs-temp-cel":{"type":"image","raw":[""],"repeatable":[{"raw":""}]},"img-temp-one-cel":{"type":"image","raw":"https:\/\/static.trustedtranslations.com\/wp-content\/uploads\/2024\/07\/AdobeStock_64646976-1-1.webp","attachment_id":null},"quotes":{"type":"textarea","raw":"<h1 style=\"margin-bottom: 12px;\">Servicios de Transcripci\u00f3n<\/h1>\r\nTrusted Translations ofrece servicios profesionales de transcripci\u00f3n para contenido de audio y video en m\u00faltiples idiomas compatibles. Entregamos transcripciones precisas y estructuradas que respaldan flujos de trabajo de subtitulaci\u00f3n, doblaje y traducci\u00f3n, as\u00ed como casos de uso oficiales donde la claridad y la consistencia son fundamentales.\r\n<div style=\"margin-top: 2.5vw;\"><a class=\"tt-btn-main-cta\" href=\"\/es\/presupuesto-sin-cargo\">Solicite una cotizaci\u00f3n sin cargo<\/a><\/div>"},"text-1":{"type":"textarea","raw":"<h3>Transcripciones Precisas para Contenido de Audio y Video<\/h3>\r\n\r\n<p>La transcripci\u00f3n convierte el audio hablado en un documento escrito que puede revisarse, archivarse, traducirse o utilizarse en posproducci\u00f3n. Con frecuencia es la base de flujos de trabajo multimedia multiling\u00fces, incluidos la subtitulaci\u00f3n y el doblaje.<\/p>\r\n\r\n<p>Trusted Translations respalda servicios de transcripci\u00f3n para entrevistas, contenido de capacitaci\u00f3n, comunicaciones corporativas, reuniones grabadas y contenido sensible al tiempo que requiere entrega r\u00e1pida.<\/p>\r\n\r\n<div class=\"imgs-flex-template flex-text-2\" style=\"margin-top: 10px\">\r\n    <img src=\"https:\/\/static.trustedtranslations.com\/wp-content\/uploads\/2022\/03\/transcription-1024x683.jpg\">\r\n    <div class=\"p-img-width\">\r\n        <h3 style=\"margin-bottom: 20px;\">Lo Que Recibe<\/h3>\r\n        <p>Trusted Translations entrega archivos de transcripci\u00f3n dise\u00f1ados para respaldar flujos de trabajo reales, incluidos:<\/p>\r\n        <ul>\r\n            <li>Transcripciones limpias y legibles en el idioma original<\/li>\r\n            <li>Marcas de tiempo opcionales seg\u00fan sus requisitos<\/li>\r\n            <li>Formato consistente para revisi\u00f3n y edici\u00f3n<\/li>\r\n            <li>Entregables que respaldan traducci\u00f3n y localizaci\u00f3n multimedia<\/li>\r\n        <\/ul>\r\n    <\/div>\r\n<\/div>\r\n\r\n<h3 style=\"margin-top:20px\">Calidad y Confidencialidad<\/h3>\r\n\r\n<p>Trusted Translations sigue estrictos est\u00e1ndares de confidencialidad y calidad en cada proyecto de transcripci\u00f3n. Nuestro equipo se enfoca en la precisi\u00f3n, la consistencia y el formato profesional para garantizar que sus transcripciones est\u00e9n listas para uso interno, publicaci\u00f3n o presentaci\u00f3n oficial.<\/p>\r\n\r\n<p>Nuestros procesos est\u00e1n alineados con las normas ISO 9001, lo que garantiza la gesti\u00f3n de la calidad, la precisi\u00f3n en la traducci\u00f3n y las mejores pr\u00e1cticas de posedici\u00f3n en todos los flujos de trabajo de transcripci\u00f3n.<\/p>"},"shortcode-map":{"type":"textfield","raw":""},"dyk-shortcode":{"type":"textfield","raw":"[elementor-template id=\"139368\"]"},"text-2":{"type":"textarea","raw":"<div class=\"imgs-flex-template\" style=\"margin-top: 20px\">\r\n    <div>\r\n        <h2 style=\"margin-bottom: 20px;\">C\u00f3mo la Transcripci\u00f3n Favorece los Flujos de Trabajo Multimedia<\/h2>\r\n        <p>La transcripci\u00f3n es ideal cuando necesita un registro escrito confiable del contenido hablado, ya sea con fines de documentaci\u00f3n o como punto de partida para subtitulaci\u00f3n, doblaje o traducci\u00f3n. Seg\u00fan su flujo de trabajo, podemos trabajar a partir de su archivo original de audio o video, o de materiales de referencia. Si su proyecto requiere transcripci\u00f3n con marcas de tiempo o un formato espec\u00edfico, nuestro equipo puede seguir sus especificaciones.<\/p>\r\n    <\/div>\r\n    <img src=\"https:\/\/static.trustedtranslations.com\/wp-content\/uploads\/2022\/03\/transcription-2-1024x684.jpg\">\r\n<\/div>\r\n\r\n<div class=\"imgs-flex-template flex-text-2\" style=\"margin-top: 10px\">\r\n    <img src=\"https:\/\/static.trustedtranslations.com\/wp-content\/uploads\/2022\/03\/transcription-1-1024x684.jpg\">\r\n    <div class=\"p-img-width\">\r\n        <strong>La transcripci\u00f3n se utiliza com\u00fanmente para:<\/strong>\r\n        <ul>\r\n            <li>Contenido de capacitaci\u00f3n y aprendizaje electr\u00f3nico para plataformas internas<\/li>\r\n            <li>Entrevistas y grabaciones con m\u00faltiples participantes que requieren texto estructurado<\/li>\r\n            <li>Comunicaciones corporativas y reuniones grabadas para equipos globales<\/li>\r\n            <li>Flujos de trabajo multimedia que requieren respaldo para subtitulaci\u00f3n o doblaje<\/li>\r\n            <li>Grabaciones legales y relacionadas con cumplimiento normativo donde la precisi\u00f3n es fundamental<\/li>\r\n        <\/ul>\r\n        <p>Trusted Translations gestiona proyectos de transcripci\u00f3n mediante flujos de trabajo estructurados que se integran con procesos de traducci\u00f3n, subtitulaci\u00f3n y doblaje. Nuestro equipo garantiza consistencia, claridad y formato profesional para que las transcripciones se integren sin problemas en entornos de producci\u00f3n multimedia existentes.<\/p>\r\n    <\/div>\r\n<\/div>"},"state":{"type":"textfield","raw":""},"city":{"type":"textarea","raw":[""]}}},"_links":{"self":[{"href":"https:\/\/www.trustedtranslations.com\/es\/wp-json\/wp\/v2\/pages\/127126","targetHints":{"allow":["GET"]}}],"collection":[{"href":"https:\/\/www.trustedtranslations.com\/es\/wp-json\/wp\/v2\/pages"}],"about":[{"href":"https:\/\/www.trustedtranslations.com\/es\/wp-json\/wp\/v2\/types\/page"}],"author":[{"embeddable":true,"href":"https:\/\/www.trustedtranslations.com\/es\/wp-json\/wp\/v2\/users\/1"}],"replies":[{"embeddable":true,"href":"https:\/\/www.trustedtranslations.com\/es\/wp-json\/wp\/v2\/comments?post=127126"}],"version-history":[{"count":2,"href":"https:\/\/www.trustedtranslations.com\/es\/wp-json\/wp\/v2\/pages\/127126\/revisions"}],"predecessor-version":[{"id":294637,"href":"https:\/\/www.trustedtranslations.com\/es\/wp-json\/wp\/v2\/pages\/127126\/revisions\/294637"}],"up":[{"embeddable":true,"href":"https:\/\/www.trustedtranslations.com\/es\/wp-json\/wp\/v2\/pages\/294173"}],"wp:featuredmedia":[{"embeddable":true,"href":"https:\/\/www.trustedtranslations.com\/es\/wp-json\/wp\/v2\/media\/235626"}],"wp:attachment":[{"href":"https:\/\/www.trustedtranslations.com\/es\/wp-json\/wp\/v2\/media?parent=127126"}],"curies":[{"name":"wp","href":"https:\/\/api.w.org\/{rel}","templated":true}]}}