{"id":127127,"date":"2018-06-26T20:05:57","date_gmt":"2018-06-26T20:05:57","guid":{"rendered":"https:\/\/www.trustedtranslations.com\/?page_id=127127"},"modified":"2024-09-03T15:50:03","modified_gmt":"2024-09-03T18:50:03","slug":"interpretacion-telefonica","status":"publish","type":"page","link":"https:\/\/www.trustedtranslations.com\/es\/servicios\/interpretacion-telefonica","title":{"rendered":"Interpretaci\u00f3n telef\u00f3nica"},"content":{"rendered":"","protected":false},"excerpt":{"rendered":"","protected":false},"author":1,"featured_media":131882,"parent":127151,"menu_order":0,"comment_status":"closed","ping_status":"closed","template":"","meta":{"site-sidebar-layout":"default","site-content-layout":"default","ast-site-content-layout":"default","site-content-style":"default","site-sidebar-style":"default","ast-global-header-display":"","ast-banner-title-visibility":"","ast-main-header-display":"","ast-hfb-above-header-display":"","ast-hfb-below-header-display":"","ast-hfb-mobile-header-display":"","site-post-title":"disabled","ast-breadcrumbs-content":"","ast-featured-img":"","footer-sml-layout":"","ast-disable-related-posts":"","theme-transparent-header-meta":"default","adv-header-id-meta":"","stick-header-meta":"","header-above-stick-meta":"","header-main-stick-meta":"","header-below-stick-meta":"","astra-migrate-meta-layouts":"set","ast-page-background-enabled":"default","ast-page-background-meta":{"desktop":{"background-color":"var(--ast-global-color-4)","background-image":"","background-repeat":"repeat","background-position":"center center","background-size":"auto","background-attachment":"scroll","background-type":"","background-media":"","overlay-type":"","overlay-color":"","overlay-opacity":"","overlay-gradient":""},"tablet":{"background-color":"","background-image":"","background-repeat":"repeat","background-position":"center center","background-size":"auto","background-attachment":"scroll","background-type":"","background-media":"","overlay-type":"","overlay-color":"","overlay-opacity":"","overlay-gradient":""},"mobile":{"background-color":"","background-image":"","background-repeat":"repeat","background-position":"center center","background-size":"auto","background-attachment":"scroll","background-type":"","background-media":"","overlay-type":"","overlay-color":"","overlay-opacity":"","overlay-gradient":""}},"ast-content-background-meta":{"desktop":{"background-color":"var(--ast-global-color-5)","background-image":"","background-repeat":"repeat","background-position":"center center","background-size":"auto","background-attachment":"scroll","background-type":"","background-media":"","overlay-type":"","overlay-color":"","overlay-opacity":"","overlay-gradient":""},"tablet":{"background-color":"var(--ast-global-color-5)","background-image":"","background-repeat":"repeat","background-position":"center center","background-size":"auto","background-attachment":"scroll","background-type":"","background-media":"","overlay-type":"","overlay-color":"","overlay-opacity":"","overlay-gradient":""},"mobile":{"background-color":"var(--ast-global-color-5)","background-image":"","background-repeat":"repeat","background-position":"center center","background-size":"auto","background-attachment":"scroll","background-type":"","background-media":"","overlay-type":"","overlay-color":"","overlay-opacity":"","overlay-gradient":""}},"footnotes":""},"class_list":["post-127127","page","type-page","status-publish","has-post-thumbnail","hentry"],"yoast_head":"<!-- This site is optimized with the Yoast SEO plugin v27.3 - https:\/\/yoast.com\/product\/yoast-seo-wordpress\/ -->\n<title>Servicios de Interpretaci\u00f3n Telef\u00f3nica: Trusted Translations, Inc.<\/title>\n<meta name=\"description\" content=\"Trusted Translations, Inc. es una empresa l\u00edder en servicios de interpretaci\u00f3n telef\u00f3nica. Llame para solicitar un presupuesto sin cargo o hacer una consulta.\" \/>\n<meta name=\"robots\" content=\"index, follow, max-snippet:-1, max-image-preview:large, max-video-preview:-1\" \/>\n<link rel=\"canonical\" href=\"https:\/\/www.trustedtranslations.com\/es\/servicios\/interpretacion-telefonica\" \/>\n<meta property=\"og:locale\" content=\"es_ES\" \/>\n<meta property=\"og:type\" content=\"article\" \/>\n<meta property=\"og:title\" content=\"Servicios de Interpretaci\u00f3n Telef\u00f3nica: Trusted Translations, Inc.\" \/>\n<meta property=\"og:description\" content=\"Trusted Translations, Inc. es una empresa l\u00edder en servicios de interpretaci\u00f3n telef\u00f3nica. Llame para solicitar un presupuesto sin cargo o hacer una consulta.\" \/>\n<meta property=\"og:url\" content=\"https:\/\/www.trustedtranslations.com\/es\/servicios\/interpretacion-telefonica\" \/>\n<meta property=\"og:site_name\" content=\"Trusted Translations\" \/>\n<meta property=\"article:publisher\" content=\"https:\/\/www.facebook.com\/Trusted.Translations\" \/>\n<meta property=\"article:modified_time\" content=\"2024-09-03T18:50:03+00:00\" \/>\n<meta property=\"og:image\" content=\"https:\/\/static.trustedtranslations.com\/wp-content\/uploads\/2022\/02\/smiling-male-business-consultant-with-headphones-sitting-modern-office-video-call-looking-laptop-screen-man-customer-service-support-agent-helpline-talking-online-chat-4-1.jpg\" \/>\n\t<meta property=\"og:image:width\" content=\"600\" \/>\n\t<meta property=\"og:image:height\" content=\"401\" \/>\n\t<meta property=\"og:image:type\" content=\"image\/jpeg\" \/>\n<meta name=\"twitter:card\" content=\"summary_large_image\" \/>\n<meta name=\"twitter:site\" content=\"@TrustedT9ns\" \/>\n<script type=\"application\/ld+json\" class=\"yoast-schema-graph\">{\"@context\":\"https:\\\/\\\/schema.org\",\"@graph\":[{\"@type\":\"WebPage\",\"@id\":\"https:\\\/\\\/www.trustedtranslations.com\\\/es\\\/servicios\\\/interpretacion-telefonica\",\"url\":\"https:\\\/\\\/www.trustedtranslations.com\\\/es\\\/servicios\\\/interpretacion-telefonica\",\"name\":\"Servicios de Interpretaci\u00f3n Telef\u00f3nica: Trusted Translations, Inc.\",\"isPartOf\":{\"@id\":\"https:\\\/\\\/www.trustedtranslations.com\\\/es\\\/#website\"},\"primaryImageOfPage\":{\"@id\":\"https:\\\/\\\/www.trustedtranslations.com\\\/es\\\/servicios\\\/interpretacion-telefonica#primaryimage\"},\"image\":{\"@id\":\"https:\\\/\\\/www.trustedtranslations.com\\\/es\\\/servicios\\\/interpretacion-telefonica#primaryimage\"},\"thumbnailUrl\":\"https:\\\/\\\/www.trustedtranslations.com\\\/wp-content\\\/uploads\\\/2022\\\/02\\\/smiling-male-business-consultant-with-headphones-sitting-modern-office-video-call-looking-laptop-screen-man-customer-service-support-agent-helpline-talking-online-chat-4-1.jpg\",\"description\":\"Trusted Translations, Inc. es una empresa l\u00edder en servicios de interpretaci\u00f3n telef\u00f3nica. Llame para solicitar un presupuesto sin cargo o hacer una consulta.\",\"breadcrumb\":{\"@id\":\"https:\\\/\\\/www.trustedtranslations.com\\\/es\\\/servicios\\\/interpretacion-telefonica#breadcrumb\"},\"inLanguage\":\"es\",\"potentialAction\":[{\"@type\":\"ReadAction\",\"target\":[\"https:\\\/\\\/www.trustedtranslations.com\\\/es\\\/servicios\\\/interpretacion-telefonica\"]}]},{\"@type\":\"ImageObject\",\"inLanguage\":\"es\",\"@id\":\"https:\\\/\\\/www.trustedtranslations.com\\\/es\\\/servicios\\\/interpretacion-telefonica#primaryimage\",\"url\":\"https:\\\/\\\/www.trustedtranslations.com\\\/wp-content\\\/uploads\\\/2022\\\/02\\\/smiling-male-business-consultant-with-headphones-sitting-modern-office-video-call-looking-laptop-screen-man-customer-service-support-agent-helpline-talking-online-chat-4-1.jpg\",\"contentUrl\":\"https:\\\/\\\/www.trustedtranslations.com\\\/wp-content\\\/uploads\\\/2022\\\/02\\\/smiling-male-business-consultant-with-headphones-sitting-modern-office-video-call-looking-laptop-screen-man-customer-service-support-agent-helpline-talking-online-chat-4-1.jpg\",\"width\":600,\"height\":401,\"caption\":\"smiling male business consultant with headphones sitting modern office video call looking laptop screen man customer service support agent helpline talking online chat 4 1\"},{\"@type\":\"BreadcrumbList\",\"@id\":\"https:\\\/\\\/www.trustedtranslations.com\\\/es\\\/servicios\\\/interpretacion-telefonica#breadcrumb\",\"itemListElement\":[{\"@type\":\"ListItem\",\"position\":1,\"name\":\"Home\",\"item\":\"https:\\\/\\\/www.trustedtranslations.com\\\/es\"},{\"@type\":\"ListItem\",\"position\":2,\"name\":\"Servicios\",\"item\":\"https:\\\/\\\/www.trustedtranslations.com\\\/es\\\/servicios\"},{\"@type\":\"ListItem\",\"position\":3,\"name\":\"Interpretaci\u00f3n telef\u00f3nica\"}]},{\"@type\":\"WebSite\",\"@id\":\"https:\\\/\\\/www.trustedtranslations.com\\\/es\\\/#website\",\"url\":\"https:\\\/\\\/www.trustedtranslations.com\\\/es\\\/\",\"name\":\"Trusted Translations, Inc.\",\"description\":\"Leader in translation and interpretation services.\",\"publisher\":{\"@id\":\"https:\\\/\\\/www.trustedtranslations.com\\\/es\\\/#organization\"},\"alternateName\":\"Trusted Translations\",\"potentialAction\":[{\"@type\":\"SearchAction\",\"target\":{\"@type\":\"EntryPoint\",\"urlTemplate\":\"https:\\\/\\\/www.trustedtranslations.com\\\/es\\\/?s={search_term_string}\"},\"query-input\":{\"@type\":\"PropertyValueSpecification\",\"valueRequired\":true,\"valueName\":\"search_term_string\"}}],\"inLanguage\":\"es\"},{\"@type\":\"Organization\",\"@id\":\"https:\\\/\\\/www.trustedtranslations.com\\\/es\\\/#organization\",\"name\":\"Trusted Translations\",\"alternateName\":\"Trusted Translations, Inc.\",\"url\":\"https:\\\/\\\/www.trustedtranslations.com\\\/es\\\/\",\"logo\":{\"@type\":\"ImageObject\",\"inLanguage\":\"es\",\"@id\":\"https:\\\/\\\/www.trustedtranslations.com\\\/es\\\/#\\\/schema\\\/logo\\\/image\\\/\",\"url\":\"https:\\\/\\\/static.trustedtranslations.com\\\/wp-content\\\/uploads\\\/2022\\\/01\\\/TT_logo_WSIColors-2.png\",\"contentUrl\":\"https:\\\/\\\/static.trustedtranslations.com\\\/wp-content\\\/uploads\\\/2022\\\/01\\\/TT_logo_WSIColors-2.png\",\"width\":500,\"height\":196,\"caption\":\"Trusted Translations\"},\"image\":{\"@id\":\"https:\\\/\\\/www.trustedtranslations.com\\\/es\\\/#\\\/schema\\\/logo\\\/image\\\/\"},\"sameAs\":[\"https:\\\/\\\/www.facebook.com\\\/Trusted.Translations\",\"https:\\\/\\\/x.com\\\/TrustedT9ns\",\"https:\\\/\\\/www.linkedin.com\\\/company\\\/trusted-translations\"]}]}<\/script>\n<!-- \/ Yoast SEO plugin. -->","yoast_head_json":{"title":"Servicios de Interpretaci\u00f3n Telef\u00f3nica: Trusted Translations, Inc.","description":"Trusted Translations, Inc. es una empresa l\u00edder en servicios de interpretaci\u00f3n telef\u00f3nica. Llame para solicitar un presupuesto sin cargo o hacer una consulta.","robots":{"index":"index","follow":"follow","max-snippet":"max-snippet:-1","max-image-preview":"max-image-preview:large","max-video-preview":"max-video-preview:-1"},"canonical":"https:\/\/www.trustedtranslations.com\/es\/servicios\/interpretacion-telefonica","og_locale":"es_ES","og_type":"article","og_title":"Servicios de Interpretaci\u00f3n Telef\u00f3nica: Trusted Translations, Inc.","og_description":"Trusted Translations, Inc. es una empresa l\u00edder en servicios de interpretaci\u00f3n telef\u00f3nica. Llame para solicitar un presupuesto sin cargo o hacer una consulta.","og_url":"https:\/\/www.trustedtranslations.com\/es\/servicios\/interpretacion-telefonica","og_site_name":"Trusted Translations","article_publisher":"https:\/\/www.facebook.com\/Trusted.Translations","article_modified_time":"2024-09-03T18:50:03+00:00","og_image":[{"width":600,"height":401,"url":"https:\/\/static.trustedtranslations.com\/wp-content\/uploads\/2022\/02\/smiling-male-business-consultant-with-headphones-sitting-modern-office-video-call-looking-laptop-screen-man-customer-service-support-agent-helpline-talking-online-chat-4-1.jpg","type":"image\/jpeg"}],"twitter_card":"summary_large_image","twitter_site":"@TrustedT9ns","schema":{"@context":"https:\/\/schema.org","@graph":[{"@type":"WebPage","@id":"https:\/\/www.trustedtranslations.com\/es\/servicios\/interpretacion-telefonica","url":"https:\/\/www.trustedtranslations.com\/es\/servicios\/interpretacion-telefonica","name":"Servicios de Interpretaci\u00f3n Telef\u00f3nica: Trusted Translations, Inc.","isPartOf":{"@id":"https:\/\/www.trustedtranslations.com\/es\/#website"},"primaryImageOfPage":{"@id":"https:\/\/www.trustedtranslations.com\/es\/servicios\/interpretacion-telefonica#primaryimage"},"image":{"@id":"https:\/\/www.trustedtranslations.com\/es\/servicios\/interpretacion-telefonica#primaryimage"},"thumbnailUrl":"https:\/\/www.trustedtranslations.com\/wp-content\/uploads\/2022\/02\/smiling-male-business-consultant-with-headphones-sitting-modern-office-video-call-looking-laptop-screen-man-customer-service-support-agent-helpline-talking-online-chat-4-1.jpg","description":"Trusted Translations, Inc. es una empresa l\u00edder en servicios de interpretaci\u00f3n telef\u00f3nica. Llame para solicitar un presupuesto sin cargo o hacer una consulta.","breadcrumb":{"@id":"https:\/\/www.trustedtranslations.com\/es\/servicios\/interpretacion-telefonica#breadcrumb"},"inLanguage":"es","potentialAction":[{"@type":"ReadAction","target":["https:\/\/www.trustedtranslations.com\/es\/servicios\/interpretacion-telefonica"]}]},{"@type":"ImageObject","inLanguage":"es","@id":"https:\/\/www.trustedtranslations.com\/es\/servicios\/interpretacion-telefonica#primaryimage","url":"https:\/\/www.trustedtranslations.com\/wp-content\/uploads\/2022\/02\/smiling-male-business-consultant-with-headphones-sitting-modern-office-video-call-looking-laptop-screen-man-customer-service-support-agent-helpline-talking-online-chat-4-1.jpg","contentUrl":"https:\/\/www.trustedtranslations.com\/wp-content\/uploads\/2022\/02\/smiling-male-business-consultant-with-headphones-sitting-modern-office-video-call-looking-laptop-screen-man-customer-service-support-agent-helpline-talking-online-chat-4-1.jpg","width":600,"height":401,"caption":"smiling male business consultant with headphones sitting modern office video call looking laptop screen man customer service support agent helpline talking online chat 4 1"},{"@type":"BreadcrumbList","@id":"https:\/\/www.trustedtranslations.com\/es\/servicios\/interpretacion-telefonica#breadcrumb","itemListElement":[{"@type":"ListItem","position":1,"name":"Home","item":"https:\/\/www.trustedtranslations.com\/es"},{"@type":"ListItem","position":2,"name":"Servicios","item":"https:\/\/www.trustedtranslations.com\/es\/servicios"},{"@type":"ListItem","position":3,"name":"Interpretaci\u00f3n telef\u00f3nica"}]},{"@type":"WebSite","@id":"https:\/\/www.trustedtranslations.com\/es\/#website","url":"https:\/\/www.trustedtranslations.com\/es\/","name":"Trusted Translations, Inc.","description":"Leader in translation and interpretation services.","publisher":{"@id":"https:\/\/www.trustedtranslations.com\/es\/#organization"},"alternateName":"Trusted Translations","potentialAction":[{"@type":"SearchAction","target":{"@type":"EntryPoint","urlTemplate":"https:\/\/www.trustedtranslations.com\/es\/?s={search_term_string}"},"query-input":{"@type":"PropertyValueSpecification","valueRequired":true,"valueName":"search_term_string"}}],"inLanguage":"es"},{"@type":"Organization","@id":"https:\/\/www.trustedtranslations.com\/es\/#organization","name":"Trusted Translations","alternateName":"Trusted Translations, Inc.","url":"https:\/\/www.trustedtranslations.com\/es\/","logo":{"@type":"ImageObject","inLanguage":"es","@id":"https:\/\/www.trustedtranslations.com\/es\/#\/schema\/logo\/image\/","url":"https:\/\/static.trustedtranslations.com\/wp-content\/uploads\/2022\/01\/TT_logo_WSIColors-2.png","contentUrl":"https:\/\/static.trustedtranslations.com\/wp-content\/uploads\/2022\/01\/TT_logo_WSIColors-2.png","width":500,"height":196,"caption":"Trusted Translations"},"image":{"@id":"https:\/\/www.trustedtranslations.com\/es\/#\/schema\/logo\/image\/"},"sameAs":["https:\/\/www.facebook.com\/Trusted.Translations","https:\/\/x.com\/TrustedT9ns","https:\/\/www.linkedin.com\/company\/trusted-translations"]}]}},"toolset-meta":{"dyk":{"mensaje-1":{"type":"textfield","raw":"La interpretaci\u00f3n telef\u00f3nica (OPI) aument\u00f3 notablemente durante la pandemia de COVID-19."},"mensaje-2":{"type":"textfield","raw":"La interpretaci\u00f3n telef\u00f3nica se puede integrar f\u00e1cilmente en las citas de telesalud."},"mensaje-3":{"type":"textfield","raw":"La interpretaci\u00f3n telef\u00f3nica ayuda a reducir los costos de viajes y seguros."},"mensaje-4":{"type":"textfield","raw":"La interpretaci\u00f3n telef\u00f3nica permite un acceso r\u00e1pido y pr\u00e1ctico a la asistencia ling\u00fc\u00edstica."},"mensaje-5":{"type":"textfield","raw":""},"mensaje-6":{"type":"textfield","raw":""}},"single-page-template-fields":{"imgs-temp":{"type":"image","raw":["https:\/\/static.trustedtranslations.com\/wp-content\/uploads\/2022\/02\/phone-final-4.jpg","https:\/\/static.trustedtranslations.com\/wp-content\/uploads\/2022\/02\/phone-final-2-1.jpg"],"repeatable":[{"raw":"https:\/\/static.trustedtranslations.com\/wp-content\/uploads\/2022\/02\/phone-final-4.jpg"},{"raw":"https:\/\/static.trustedtranslations.com\/wp-content\/uploads\/2022\/02\/phone-final-2-1.jpg"}]},"imgs-temp-cel":{"type":"image","raw":[""],"repeatable":[{"raw":""}]},"img-temp-one-cel":{"type":"image","raw":"https:\/\/static.trustedtranslations.com\/wp-content\/uploads\/2022\/02\/smiling-male-business-consultant-with-headphones-sitting-modern-office-video-call-looking-laptop-screen-man-customer-service-support-agent-helpline-talking-online-chat-4-1.jpg","attachment_id":null},"quotes":{"type":"textarea","raw":"<h1 style=\"margin-bottom: 12px;\">Servicios de Interpretaci\u00f3n Telef\u00f3nica <\/h1>Trusted Translations tiene una divisi\u00f3n especial dedicada a brindar servicios de interpretaci\u00f3n por tel\u00e9fono, en tiempo real, de bajo costo y excelente calidad. Proporcionamos habitualmente servicios de interpretaci\u00f3n telef\u00f3nica a nuestros clientes en m\u00e1s de 150 idiomas y estamos disponibles las 24 horas del d\u00eda, los 7 d\u00edas de la semana, los 365 d\u00edas del a\u00f1o, con la m\u00e1s moderna tecnolog\u00eda en telecomunicaciones.<div style=\"margin-top: 2.5vw;\"><a class=\"tt-btn-main-cta\" href=\"\/es\/presupuesto-sin-cargo\">SOLICITE UN PRESUPUESTO SIN CARGO<\/a><\/div>"},"text-1":{"type":"textarea","raw":"<h2 style=\"margin-top: -10px;\">Disponibles las 24 Horas del D\u00eda, los 7 D\u00edas de la Semana, los 365 D\u00edas del A\u00f1o\u200b<\/h2>Ya sea que usted se integre directamente a nuestra red de int\u00e9rpretes o llame mediante n\u00famero de tel\u00e9fono personalizado, nuestros operadores est\u00e1n capacitados para hacer interpretaciones telef\u00f3nicas en tiempo real en m\u00e1s de 150 idiomas y sobre cualquier tema. Desde complejas cuestiones m\u00e9dicas hasta declaraciones testimoniales, los int\u00e9rpretes de Trusted Translations encargados de la interpretaci\u00f3n de idiomas por v\u00eda telef\u00f3nica (conocida como OPI, por su nombre en ingl\u00e9s) est\u00e1n disponibles las 24 horas del d\u00eda, los 7 d\u00edas de la semana, los 365 d\u00edas del a\u00f1o, para garantizar que su reuni\u00f3n multiling\u00fce sea productiva y exitosa. Como en todas sus ofertas de servicios, Trusted Translations cumple estrictos est\u00e1ndares de confidencialidad y calidad, incluidas las normas de privacidad de la HIPPA.\r\n<div class=\"imgs-flex-template\">\r\n    <div>\r\n        <h2>Interpretaci\u00f3n de Idiomas por V\u00eda Telef\u00f3nica (OPI)<\/h2>\r\n        <p>Trusted Translations ofrece un conjunto completo de servicios para satisfacer sus necesidades ling\u00fc\u00edsticas, entre los que se encuentran nuestros servicios de interpretaci\u00f3n de idiomas por v\u00eda telef\u00f3nica en tiempo real, a los que a menudo se los llama OPI, servicios de traducci\u00f3n telef\u00f3nica por int\u00e9rpretes o, simplemente, traducci\u00f3n telef\u00f3nica. Este servicio presenta a nuestros clientes la comodidad incomparable de llamar a nuestra l\u00ednea privada segura y acceder a nuestros int\u00e9rpretes que est\u00e1n a disposici\u00f3n y tienen la capacidad de interpretar en m\u00e1s de 150 idiomas.\r\n\r\nNuestro principal servicio de interpretaci\u00f3n telef\u00f3nica es en realidad muy sencillo. Usted puede integrar su centro de llamadas directamente con nuestra red de OPI o llamar a un n\u00famero gratuito de interpretaci\u00f3n personalizado. En pocos segundos, uno de nuestros asistentes conseguir\u00e1 un experto en interpretaci\u00f3n telef\u00f3nica del idioma solicitado para asistirlo con su llamado.<\/p>\r\n    <\/div>\r\n    <img src=\"https:\/\/static.trustedtranslations.com\/wp-content\/uploads\/2022\/02\/AdobeStock_455815973-1-1.jpg\">\r\n<\/div>\r\nTodo tipo de organizaciones, como hospitales, empresas de la lista Fortune 500, bufetes legales y organizaciones sin fines de lucro, pueden beneficiarse de este servicio de interpretaci\u00f3n telef\u00f3nica f\u00e1cil de usar y de bajo costo. Incluso puede acceder a nuestro n\u00famero desde el exterior y recibir ayuda para comunicarse cuando viaja y trabaja en pa\u00edses no angloparlantes. Trusted Translations tambi\u00e9n puede grabar la conversaci\u00f3n, transcribirla y envi\u00e1rsela por correo electr\u00f3nico para su archivo."},"shortcode-map":{"type":"textfield","raw":""},"dyk-shortcode":{"type":"textfield","raw":"[elementor-template id=\"139368\"]"},"text-2":{"type":"textarea","raw":"<div class=\"imgs-flex-template flex-text-2\" style=\"margin-top: -30px\">\r\n    <img src=\"https:\/\/static.trustedtranslations.com\/wp-content\/uploads\/2022\/02\/AdobeStock_206755016-1-1.jpg\">\r\n    <div class=\"p-img-width\">\r\n        <h2>Servicios de Interpretaci\u00f3n Telef\u00f3nica<\/h2>\r\n        <p>Trusted Translations utiliza un enfoque de eficacia comprobada para brindar servicios de interpretaci\u00f3n telef\u00f3nica de alta calidad. Nuestro proceso combina int\u00e9rpretes experimentados con la mejor tecnolog\u00eda de telecomunicaciones. El compromiso de Trusted Translations para con sus clientes es el de brindarles un servicio de interpretaci\u00f3n telef\u00f3nica sin interrupciones las 24 horas del d\u00eda y los 7 d\u00edas de la semana durante todo el a\u00f1o. A pedido, podr\u00e1 disponer de int\u00e9rpretes especializados en un tema en particular para su conferencia. Los cimientos en los que se basan los servicios de interpretaci\u00f3n telef\u00f3nica de Trusted Translations est\u00e1n constituidos por una base s\u00f3lida de recursos humanos con experiencia en campos especializados y con antecedentes comprobados de interpretaci\u00f3n en un ambiente profesional.<\/p>\r\n    <\/div>\r\n<\/div>\r\n<div class=\"imgs-flex-template\">\r\n    <div>\r\n        <h2>Qu\u00e9 Esperar de Nuestros Int\u00e9rpretes Telef\u00f3nicos<\/h2>\r\n        <p>Cada vez que recurra a Trusted Translations para solicitar servicios de interpretaci\u00f3n telef\u00f3nica profesional, lo asistir\u00e1 un int\u00e9rprete con las siguientes caracter\u00edsticas:<\/p>\r\n        <p style=\"padding-left: 40px;\">\u2022 profesional y amable;\r\n        \u2022 con pericia y experiencia en el tema;\r\n        \u2022 capaz de expresarse con claridad en los idiomas requeridos;\r\n        \u2022 responsable del cumplimiento de contratos de estricta confidencialidad;\r\n        \u2022 capacitado en el manejo de herramientas de transcripci\u00f3n y grabaci\u00f3n de la llamada, previa solicitud.<\/p>\r\n    <\/div>\r\n    <img src=\"https:\/\/static.trustedtranslations.com\/wp-content\/uploads\/2022\/02\/AdobeStock_266285934-1-1.jpg\">\r\n<\/div>\r\n<h2 style=\"margin-top: -10px;\">Tarifas de Interpretaci\u00f3n de Idiomas por V\u00eda Telef\u00f3nica<\/h2>Las tarifas de interpretaci\u00f3n telef\u00f3nica de Trusted Translations se basan en un precio por minuto que var\u00eda en funci\u00f3n del idioma, la complejidad del tema y el volumen total en minutos. Es importante entender los diferentes t\u00e9rminos t\u00e9cnicos utilizados en relaci\u00f3n con las tarifas y los precios de la interpretaci\u00f3n telef\u00f3nica en tiempo real. La interpretaci\u00f3n telef\u00f3nica tambi\u00e9n se conoce como interpretaci\u00f3n telef\u00f3nica humana, traducci\u00f3n telef\u00f3nica, traducci\u00f3n por tel\u00e9fono, servicios de traducci\u00f3n humana por tel\u00e9fono, traducci\u00f3n telef\u00f3nica humana y servicios de interpretaci\u00f3n por tel\u00e9fono.\r\n\r\nMientras que los servicios de interpretaci\u00f3n en persona se cobran por hora, con un m\u00ednimo de horas, la mayor\u00eda de los servicios de OPI son a pedido y se cobran por minuto. Se puede aplicar una tarifa adicional a la de interpretaci\u00f3n telef\u00f3nica si necesita comunicarse con un tercero por tel\u00e9fono. Este cargo es normal y su prop\u00f3sito es cubrir los gastos de comunicaci\u00f3n de larga distancia con otro tel\u00e9fono. Puede evitar esos cargos si establece la comunicaci\u00f3n antes de la llamada.\r\n\r\nLl\u00e1menos hoy mismo para recibir una cotizaci\u00f3n gratuita y para conocer las formas de minimizar el costo de sus necesidades de interpretaci\u00f3n telef\u00f3nica. En Trusted Translations, entendemos que, si bien usted y su organizaci\u00f3n tienen objetivos claros, tambi\u00e9n tienen restricciones de presupuesto. Por lo tanto, hemos estructurado nuestro servicio de interpretaci\u00f3n telef\u00f3nica para que no solo sea f\u00e1cil de usar, sino que tambi\u00e9n sea de muy bajo costo. Cobramos una tarifa fija por minuto en funci\u00f3n del par de idiomas. As\u00ed, si solo necesita 17 minutos, solo se le facturar\u00e1n 17 minutos, y ahorrar\u00e1 a\u00fan m\u00e1s porque evitar\u00e1 los gastos de viaje y de seguro que suelen estar asociados a los servicios de interpretaci\u00f3n en persona."},"state":{"type":"textfield","raw":""},"city":{"type":"textarea","raw":[]}}},"_links":{"self":[{"href":"https:\/\/www.trustedtranslations.com\/es\/wp-json\/wp\/v2\/pages\/127127","targetHints":{"allow":["GET"]}}],"collection":[{"href":"https:\/\/www.trustedtranslations.com\/es\/wp-json\/wp\/v2\/pages"}],"about":[{"href":"https:\/\/www.trustedtranslations.com\/es\/wp-json\/wp\/v2\/types\/page"}],"author":[{"embeddable":true,"href":"https:\/\/www.trustedtranslations.com\/es\/wp-json\/wp\/v2\/users\/1"}],"replies":[{"embeddable":true,"href":"https:\/\/www.trustedtranslations.com\/es\/wp-json\/wp\/v2\/comments?post=127127"}],"version-history":[{"count":0,"href":"https:\/\/www.trustedtranslations.com\/es\/wp-json\/wp\/v2\/pages\/127127\/revisions"}],"up":[{"embeddable":true,"href":"https:\/\/www.trustedtranslations.com\/es\/wp-json\/wp\/v2\/pages\/127151"}],"wp:featuredmedia":[{"embeddable":true,"href":"https:\/\/www.trustedtranslations.com\/es\/wp-json\/wp\/v2\/media\/131882"}],"wp:attachment":[{"href":"https:\/\/www.trustedtranslations.com\/es\/wp-json\/wp\/v2\/media?parent=127127"}],"curies":[{"name":"wp","href":"https:\/\/api.w.org\/{rel}","templated":true}]}}