{"id":127133,"date":"2018-06-26T20:05:54","date_gmt":"2018-06-26T20:05:54","guid":{"rendered":"https:\/\/www.trustedtranslations.com\/?page_id=127133"},"modified":"2024-09-03T11:35:48","modified_gmt":"2024-09-03T14:35:48","slug":"automatica","status":"publish","type":"page","link":"https:\/\/www.trustedtranslations.com\/es\/servicios\/automatica","title":{"rendered":"Traducci\u00f3n Autom\u00e1tica"},"content":{"rendered":"","protected":false},"excerpt":{"rendered":"","protected":false},"author":1,"featured_media":223056,"parent":127151,"menu_order":0,"comment_status":"closed","ping_status":"closed","template":"","meta":{"site-sidebar-layout":"default","site-content-layout":"default","ast-site-content-layout":"default","site-content-style":"default","site-sidebar-style":"default","ast-global-header-display":"","ast-banner-title-visibility":"","ast-main-header-display":"","ast-hfb-above-header-display":"","ast-hfb-below-header-display":"","ast-hfb-mobile-header-display":"","site-post-title":"disabled","ast-breadcrumbs-content":"","ast-featured-img":"","footer-sml-layout":"","ast-disable-related-posts":"","theme-transparent-header-meta":"default","adv-header-id-meta":"","stick-header-meta":"","header-above-stick-meta":"","header-main-stick-meta":"","header-below-stick-meta":"","astra-migrate-meta-layouts":"set","ast-page-background-enabled":"default","ast-page-background-meta":{"desktop":{"background-color":"var(--ast-global-color-4)","background-image":"","background-repeat":"repeat","background-position":"center center","background-size":"auto","background-attachment":"scroll","background-type":"","background-media":"","overlay-type":"","overlay-color":"","overlay-opacity":"","overlay-gradient":""},"tablet":{"background-color":"","background-image":"","background-repeat":"repeat","background-position":"center center","background-size":"auto","background-attachment":"scroll","background-type":"","background-media":"","overlay-type":"","overlay-color":"","overlay-opacity":"","overlay-gradient":""},"mobile":{"background-color":"","background-image":"","background-repeat":"repeat","background-position":"center center","background-size":"auto","background-attachment":"scroll","background-type":"","background-media":"","overlay-type":"","overlay-color":"","overlay-opacity":"","overlay-gradient":""}},"ast-content-background-meta":{"desktop":{"background-color":"var(--ast-global-color-5)","background-image":"","background-repeat":"repeat","background-position":"center center","background-size":"auto","background-attachment":"scroll","background-type":"","background-media":"","overlay-type":"","overlay-color":"","overlay-opacity":"","overlay-gradient":""},"tablet":{"background-color":"var(--ast-global-color-5)","background-image":"","background-repeat":"repeat","background-position":"center center","background-size":"auto","background-attachment":"scroll","background-type":"","background-media":"","overlay-type":"","overlay-color":"","overlay-opacity":"","overlay-gradient":""},"mobile":{"background-color":"var(--ast-global-color-5)","background-image":"","background-repeat":"repeat","background-position":"center center","background-size":"auto","background-attachment":"scroll","background-type":"","background-media":"","overlay-type":"","overlay-color":"","overlay-opacity":"","overlay-gradient":""}},"footnotes":""},"class_list":["post-127133","page","type-page","status-publish","has-post-thumbnail","hentry"],"yoast_head":"<!-- This site is optimized with the Yoast SEO plugin v27.6 - https:\/\/yoast.com\/product\/yoast-seo-wordpress\/ -->\n<title>Servicios de Traducci\u00f3n Autom\u00e1tica: Trusted Translations. Obtenga sin cargo una cotizaci\u00f3n hoy.<\/title>\n<meta name=\"description\" content=\"Proporcionamos dos tipos distintos de traducci\u00f3n autom\u00e1tica: motores de traducci\u00f3n autom\u00e1tica general (GMTE, por sus siglas en ingl\u00e9s) y motores de traducci\u00f3n autom\u00e1tica personalizada (CMTE).\" \/>\n<meta name=\"robots\" content=\"index, follow, max-snippet:-1, max-image-preview:large, max-video-preview:-1\" \/>\n<link rel=\"canonical\" href=\"https:\/\/www.trustedtranslations.com\/es\/servicios\/automatica\" \/>\n<meta property=\"og:locale\" content=\"es_ES\" \/>\n<meta property=\"og:type\" content=\"article\" \/>\n<meta property=\"og:title\" content=\"Servicios de Traducci\u00f3n Autom\u00e1tica: Trusted Translations. Obtenga sin cargo una cotizaci\u00f3n hoy.\" \/>\n<meta property=\"og:description\" content=\"Proporcionamos dos tipos distintos de traducci\u00f3n autom\u00e1tica: motores de traducci\u00f3n autom\u00e1tica general (GMTE, por sus siglas en ingl\u00e9s) y motores de traducci\u00f3n autom\u00e1tica personalizada (CMTE).\" \/>\n<meta property=\"og:url\" content=\"https:\/\/www.trustedtranslations.com\/es\/servicios\/automatica\" \/>\n<meta property=\"og:site_name\" content=\"Trusted Translations\" \/>\n<meta property=\"article:publisher\" content=\"https:\/\/www.facebook.com\/Trusted.Translations\" \/>\n<meta property=\"article:modified_time\" content=\"2024-09-03T14:35:48+00:00\" \/>\n<meta property=\"og:image\" content=\"https:\/\/static.trustedtranslations.com\/wp-content\/uploads\/2022\/08\/TT_NEW_FB-1.png\" \/>\n\t<meta property=\"og:image:width\" content=\"1\" \/>\n\t<meta property=\"og:image:height\" content=\"1\" \/>\n\t<meta property=\"og:image:type\" content=\"image\/jpeg\" \/>\n<meta name=\"twitter:card\" content=\"summary_large_image\" \/>\n<meta name=\"twitter:site\" content=\"@TrustedT9ns\" \/>\n<script type=\"application\/ld+json\" class=\"yoast-schema-graph\">{\"@context\":\"https:\\\/\\\/schema.org\",\"@graph\":[{\"@type\":\"WebPage\",\"@id\":\"https:\\\/\\\/www.trustedtranslations.com\\\/es\\\/servicios\\\/automatica\",\"url\":\"https:\\\/\\\/www.trustedtranslations.com\\\/es\\\/servicios\\\/automatica\",\"name\":\"Servicios de Traducci\u00f3n Autom\u00e1tica: Trusted Translations. Obtenga sin cargo una cotizaci\u00f3n hoy.\",\"isPartOf\":{\"@id\":\"https:\\\/\\\/www.trustedtranslations.com\\\/es\\\/#website\"},\"primaryImageOfPage\":{\"@id\":\"https:\\\/\\\/www.trustedtranslations.com\\\/es\\\/servicios\\\/automatica#primaryimage\"},\"image\":{\"@id\":\"https:\\\/\\\/www.trustedtranslations.com\\\/es\\\/servicios\\\/automatica#primaryimage\"},\"thumbnailUrl\":\"https:\\\/\\\/www.trustedtranslations.com\\\/wp-content\\\/uploads\\\/2022\\\/08\\\/TT_NEW_FB-1.png\",\"description\":\"Proporcionamos dos tipos distintos de traducci\u00f3n autom\u00e1tica: motores de traducci\u00f3n autom\u00e1tica general (GMTE, por sus siglas en ingl\u00e9s) y motores de traducci\u00f3n autom\u00e1tica personalizada (CMTE).\",\"breadcrumb\":{\"@id\":\"https:\\\/\\\/www.trustedtranslations.com\\\/es\\\/servicios\\\/automatica#breadcrumb\"},\"inLanguage\":\"es\",\"potentialAction\":[{\"@type\":\"ReadAction\",\"target\":[\"https:\\\/\\\/www.trustedtranslations.com\\\/es\\\/servicios\\\/automatica\"]}]},{\"@type\":\"ImageObject\",\"inLanguage\":\"es\",\"@id\":\"https:\\\/\\\/www.trustedtranslations.com\\\/es\\\/servicios\\\/automatica#primaryimage\",\"url\":\"https:\\\/\\\/www.trustedtranslations.com\\\/wp-content\\\/uploads\\\/2022\\\/08\\\/TT_NEW_FB-1.png\",\"contentUrl\":\"https:\\\/\\\/www.trustedtranslations.com\\\/wp-content\\\/uploads\\\/2022\\\/08\\\/TT_NEW_FB-1.png\",\"caption\":\"TT NEW FB 1\"},{\"@type\":\"BreadcrumbList\",\"@id\":\"https:\\\/\\\/www.trustedtranslations.com\\\/es\\\/servicios\\\/automatica#breadcrumb\",\"itemListElement\":[{\"@type\":\"ListItem\",\"position\":1,\"name\":\"Home\",\"item\":\"https:\\\/\\\/www.trustedtranslations.com\\\/es\"},{\"@type\":\"ListItem\",\"position\":2,\"name\":\"Servicios\",\"item\":\"https:\\\/\\\/www.trustedtranslations.com\\\/es\\\/servicios\"},{\"@type\":\"ListItem\",\"position\":3,\"name\":\"Traducci\u00f3n Autom\u00e1tica\"}]},{\"@type\":\"WebSite\",\"@id\":\"https:\\\/\\\/www.trustedtranslations.com\\\/es\\\/#website\",\"url\":\"https:\\\/\\\/www.trustedtranslations.com\\\/es\\\/\",\"name\":\"Trusted Translations, Inc.\",\"description\":\"Leader in translation and interpretation services.\",\"publisher\":{\"@id\":\"https:\\\/\\\/www.trustedtranslations.com\\\/es\\\/#organization\"},\"alternateName\":\"Trusted Translations\",\"potentialAction\":[{\"@type\":\"SearchAction\",\"target\":{\"@type\":\"EntryPoint\",\"urlTemplate\":\"https:\\\/\\\/www.trustedtranslations.com\\\/es\\\/?s={search_term_string}\"},\"query-input\":{\"@type\":\"PropertyValueSpecification\",\"valueRequired\":true,\"valueName\":\"search_term_string\"}}],\"inLanguage\":\"es\"},{\"@type\":\"Organization\",\"@id\":\"https:\\\/\\\/www.trustedtranslations.com\\\/es\\\/#organization\",\"name\":\"Trusted Translations\",\"alternateName\":\"Trusted Translations, Inc.\",\"url\":\"https:\\\/\\\/www.trustedtranslations.com\\\/es\\\/\",\"logo\":{\"@type\":\"ImageObject\",\"inLanguage\":\"es\",\"@id\":\"https:\\\/\\\/www.trustedtranslations.com\\\/es\\\/#\\\/schema\\\/logo\\\/image\\\/\",\"url\":\"https:\\\/\\\/static.trustedtranslations.com\\\/wp-content\\\/uploads\\\/2022\\\/01\\\/TT_logo_WSIColors-2.png\",\"contentUrl\":\"https:\\\/\\\/static.trustedtranslations.com\\\/wp-content\\\/uploads\\\/2022\\\/01\\\/TT_logo_WSIColors-2.png\",\"width\":500,\"height\":196,\"caption\":\"Trusted Translations\"},\"image\":{\"@id\":\"https:\\\/\\\/www.trustedtranslations.com\\\/es\\\/#\\\/schema\\\/logo\\\/image\\\/\"},\"sameAs\":[\"https:\\\/\\\/www.facebook.com\\\/Trusted.Translations\",\"https:\\\/\\\/x.com\\\/TrustedT9ns\",\"https:\\\/\\\/www.linkedin.com\\\/company\\\/trusted-translations\"]}]}<\/script>\n<!-- \/ Yoast SEO plugin. -->","yoast_head_json":{"title":"Servicios de Traducci\u00f3n Autom\u00e1tica: Trusted Translations. Obtenga sin cargo una cotizaci\u00f3n hoy.","description":"Proporcionamos dos tipos distintos de traducci\u00f3n autom\u00e1tica: motores de traducci\u00f3n autom\u00e1tica general (GMTE, por sus siglas en ingl\u00e9s) y motores de traducci\u00f3n autom\u00e1tica personalizada (CMTE).","robots":{"index":"index","follow":"follow","max-snippet":"max-snippet:-1","max-image-preview":"max-image-preview:large","max-video-preview":"max-video-preview:-1"},"canonical":"https:\/\/www.trustedtranslations.com\/es\/servicios\/automatica","og_locale":"es_ES","og_type":"article","og_title":"Servicios de Traducci\u00f3n Autom\u00e1tica: Trusted Translations. Obtenga sin cargo una cotizaci\u00f3n hoy.","og_description":"Proporcionamos dos tipos distintos de traducci\u00f3n autom\u00e1tica: motores de traducci\u00f3n autom\u00e1tica general (GMTE, por sus siglas en ingl\u00e9s) y motores de traducci\u00f3n autom\u00e1tica personalizada (CMTE).","og_url":"https:\/\/www.trustedtranslations.com\/es\/servicios\/automatica","og_site_name":"Trusted Translations","article_publisher":"https:\/\/www.facebook.com\/Trusted.Translations","article_modified_time":"2024-09-03T14:35:48+00:00","og_image":[{"url":"https:\/\/static.trustedtranslations.com\/wp-content\/uploads\/2022\/08\/TT_NEW_FB-1.png","width":1,"height":1,"type":"image\/jpeg"}],"twitter_card":"summary_large_image","twitter_site":"@TrustedT9ns","schema":{"@context":"https:\/\/schema.org","@graph":[{"@type":"WebPage","@id":"https:\/\/www.trustedtranslations.com\/es\/servicios\/automatica","url":"https:\/\/www.trustedtranslations.com\/es\/servicios\/automatica","name":"Servicios de Traducci\u00f3n Autom\u00e1tica: Trusted Translations. Obtenga sin cargo una cotizaci\u00f3n hoy.","isPartOf":{"@id":"https:\/\/www.trustedtranslations.com\/es\/#website"},"primaryImageOfPage":{"@id":"https:\/\/www.trustedtranslations.com\/es\/servicios\/automatica#primaryimage"},"image":{"@id":"https:\/\/www.trustedtranslations.com\/es\/servicios\/automatica#primaryimage"},"thumbnailUrl":"https:\/\/www.trustedtranslations.com\/wp-content\/uploads\/2022\/08\/TT_NEW_FB-1.png","description":"Proporcionamos dos tipos distintos de traducci\u00f3n autom\u00e1tica: motores de traducci\u00f3n autom\u00e1tica general (GMTE, por sus siglas en ingl\u00e9s) y motores de traducci\u00f3n autom\u00e1tica personalizada (CMTE).","breadcrumb":{"@id":"https:\/\/www.trustedtranslations.com\/es\/servicios\/automatica#breadcrumb"},"inLanguage":"es","potentialAction":[{"@type":"ReadAction","target":["https:\/\/www.trustedtranslations.com\/es\/servicios\/automatica"]}]},{"@type":"ImageObject","inLanguage":"es","@id":"https:\/\/www.trustedtranslations.com\/es\/servicios\/automatica#primaryimage","url":"https:\/\/www.trustedtranslations.com\/wp-content\/uploads\/2022\/08\/TT_NEW_FB-1.png","contentUrl":"https:\/\/www.trustedtranslations.com\/wp-content\/uploads\/2022\/08\/TT_NEW_FB-1.png","caption":"TT NEW FB 1"},{"@type":"BreadcrumbList","@id":"https:\/\/www.trustedtranslations.com\/es\/servicios\/automatica#breadcrumb","itemListElement":[{"@type":"ListItem","position":1,"name":"Home","item":"https:\/\/www.trustedtranslations.com\/es"},{"@type":"ListItem","position":2,"name":"Servicios","item":"https:\/\/www.trustedtranslations.com\/es\/servicios"},{"@type":"ListItem","position":3,"name":"Traducci\u00f3n Autom\u00e1tica"}]},{"@type":"WebSite","@id":"https:\/\/www.trustedtranslations.com\/es\/#website","url":"https:\/\/www.trustedtranslations.com\/es\/","name":"Trusted Translations, Inc.","description":"Leader in translation and interpretation services.","publisher":{"@id":"https:\/\/www.trustedtranslations.com\/es\/#organization"},"alternateName":"Trusted Translations","potentialAction":[{"@type":"SearchAction","target":{"@type":"EntryPoint","urlTemplate":"https:\/\/www.trustedtranslations.com\/es\/?s={search_term_string}"},"query-input":{"@type":"PropertyValueSpecification","valueRequired":true,"valueName":"search_term_string"}}],"inLanguage":"es"},{"@type":"Organization","@id":"https:\/\/www.trustedtranslations.com\/es\/#organization","name":"Trusted Translations","alternateName":"Trusted Translations, Inc.","url":"https:\/\/www.trustedtranslations.com\/es\/","logo":{"@type":"ImageObject","inLanguage":"es","@id":"https:\/\/www.trustedtranslations.com\/es\/#\/schema\/logo\/image\/","url":"https:\/\/static.trustedtranslations.com\/wp-content\/uploads\/2022\/01\/TT_logo_WSIColors-2.png","contentUrl":"https:\/\/static.trustedtranslations.com\/wp-content\/uploads\/2022\/01\/TT_logo_WSIColors-2.png","width":500,"height":196,"caption":"Trusted Translations"},"image":{"@id":"https:\/\/www.trustedtranslations.com\/es\/#\/schema\/logo\/image\/"},"sameAs":["https:\/\/www.facebook.com\/Trusted.Translations","https:\/\/x.com\/TrustedT9ns","https:\/\/www.linkedin.com\/company\/trusted-translations"]}]}},"toolset-meta":{"dyk":{"mensaje-1":{"type":"textfield","raw":"La traducci\u00f3n autom\u00e1tica es popular en industrias como la automotriz, la electr\u00f3nica y la atenci\u00f3n m\u00e9dica."},"mensaje-2":{"type":"textfield","raw":"Trusted Translations ofrece soluciones de traducci\u00f3n autom\u00e1tica, tanto generales como personalizadas."},"mensaje-3":{"type":"textfield","raw":"Los primeros or\u00edgenes de la traducci\u00f3n autom\u00e1tica se remontan a la criptograf\u00eda \u00e1rabe del siglo IX."},"mensaje-4":{"type":"textfield","raw":""},"mensaje-5":{"type":"textfield","raw":""},"mensaje-6":{"type":"textfield","raw":""}},"single-page-template-fields":{"imgs-temp":{"type":"image","raw":["https:\/\/static.trustedtranslations.com\/wp-content\/uploads\/2022\/02\/Group-79-3-2.jpg","https:\/\/static.trustedtranslations.com\/wp-content\/uploads\/2022\/09\/machine-translation-1.jpg"],"repeatable":[{"raw":"https:\/\/static.trustedtranslations.com\/wp-content\/uploads\/2022\/02\/Group-79-3-2.jpg"},{"raw":"https:\/\/static.trustedtranslations.com\/wp-content\/uploads\/2022\/09\/machine-translation-1.jpg"}]},"imgs-temp-cel":{"type":"image","raw":[""],"repeatable":[{"raw":""}]},"img-temp-one-cel":{"type":"image","raw":"https:\/\/static.trustedtranslations.com\/wp-content\/uploads\/2022\/02\/AdobeStock_408659909-1-1.jpg","attachment_id":null},"quotes":{"type":"textarea","raw":"<h1 style=\"margin-bottom: 12px;\">Servicios de Traducci\u00f3n Autom\u00e1tica<\/h1>La traducci\u00f3n autom\u00e1tica (MT, por sus siglas en ingl\u00e9s) involucra el uso de computadoras y programas de software para generar una traducci\u00f3n. Esta tecnolog\u00eda ha evolucionado hasta un punto donde, en las condiciones correctas, puede ser un activo valioso y una herramienta poderosa.<div style=\"margin-top: 2.5vw;\"><a class=\"tt-btn-main-cta\" href=\"\/es\/presupuesto-sin-cargo\">SOLICITE UN PRESUPUESTO SIN CARGO<\/a><\/div>"},"text-1":{"type":"textarea","raw":"<h2 style=\"margin-top: -10px; padding-bottom: 10px\">Servicios de Traducci\u00f3n Autom\u00e1tica<\/h2>Trusted Translations tiene equipos especializados dedicados a implementar diferentes tipos de soluciones de traducci\u00f3n autom\u00e1tica. Nuestros equipos est\u00e1n a la vanguardia de las nuevas tecnolog\u00edas y saben exactamente c\u00f3mo integrar las soluciones de traducci\u00f3n autom\u00e1tica (MT, por sus siglas en ingl\u00e9s) con otras herramientas de traducci\u00f3n, as\u00ed como con la traducci\u00f3n humana, combin\u00e1ndolas de tal manera que se aproveche la velocidad, la seguridad y la exactitud de la m\u00e1quina con la experiencia humana en la posedici\u00f3n y la revisi\u00f3n. Al entender por completo los beneficios y las limitaciones de la m\u00e1s reciente tecnolog\u00eda de traducci\u00f3n autom\u00e1tica, podemos determinar de qu\u00e9 manera se la puede utilizar con eficacia en casi todas las circunstancias. Nuestros expertos asesoran a los clientes a la hora de evaluar si una soluci\u00f3n de MT es apropiada para ellos, en el \u00e1mbito y el alcance de un proyecto determinado. Despu\u00e9s de unos pocos pasos de prueba, y una vez que tanto el cliente como nuestros especialistas hayan determinado la soluci\u00f3n de MT y su arquitectura, nuestros equipos comenzar\u00e1n a trabajar para implementar el flujo de trabajo y la tecnolog\u00eda adecuados. Este esfuerzo inicial bien vale la inversi\u00f3n, ya que garantizar\u00e1 a nuestros clientes una excelente rentabilidad de la inversi\u00f3n al tiempo que se elabora un producto de la m\u00e1s alta calidad adaptado a las necesidades del usuario final. Para los estimados clientes que necesitan procesar con frecuencia grandes vol\u00famenes de contenido, nuestros equipos analizar\u00e1n en detalle todas las etapas para implementar la mejor oferta de servicios. Esto incluye un an\u00e1lisis a mediano y largo plazo para garantizar que se cumplan las metas de nuestros clientes en cada etapa. En otras palabras, las diferentes fases pueden requerir un conjunto diferente de herramientas para lograr una coherencia y una confiabilidad \u00f3ptimas.\r\n<h2 style=\"margin-top: -10px; padding-bottom: 10px\">Traducci\u00f3n Autom\u00e1tica Neuronal<\/h2>En la evoluci\u00f3n de la MT han intervenido dos tecnolog\u00edas muy distintas: la MT basada en reglas y estad\u00edstica. Los avances en este campo siguieron un trayecto l\u00f3gico. Al principio, los expertos en la incipiente ciencia de la ling\u00fc\u00edstica computacional consideraron que las reglas gramaticales eran los cimientos para trabajar con grupos de textos ling\u00fc\u00edsticos. Unos a\u00f1os m\u00e1s tarde, comenzaron a entrar a hurtadillas las estad\u00edsticas y los modelos estad\u00edsticos. A esto le sigui\u00f3 la fusi\u00f3n de ambos conceptos para formar modelos h\u00edbridos (basados en reglas y en estad\u00edsticas). La ley de rentabilidad decreciente comenz\u00f3 a reflejarse en ese momento en peque\u00f1as mejoras graduales, aunque muchos segu\u00edan sin estar convencidos de los resultados obtenidos.\r\n\r\nJusto cuando muchos de los primeros usuarios de MT comenzaron a perder la fe, se logr\u00f3 un salto cualitativo con la aplicaci\u00f3n de conceptos de redes neuronales y el procesamiento del lenguaje natural. La traducci\u00f3n autom\u00e1tica neuronal (NMT, por sus siglas en ingl\u00e9s) tuvo un ingreso estelar en el mercado. Present\u00f3 una ventaja competitiva al demostrar que todas las combinaciones de idiomas funcionaban mucho mejor en comparaci\u00f3n con las tecnolog\u00edas antiguas. Otro beneficio extraordinario fue que quebr\u00f3 la resistencia que imped\u00eda que todas las partes involucradas adoptaran la traducci\u00f3n autom\u00e1tica, con lo que se logr\u00f3 en general un \u201ccambio psicol\u00f3gico\u201d exitoso en relaci\u00f3n con esta nueva tecnolog\u00eda. Los usuarios comenzaron a disfrutar de la \u201cfacilidad de uso\u201d de esta soluci\u00f3n m\u00e1s r\u00e1pida y rentable. Los clientes que contratan servicios de traducci\u00f3n empezaron a desafiar a sus proveedores con una afirmaci\u00f3n incre\u00edble: \u201cLa traducci\u00f3n autom\u00e1tica me brinda la misma calidad, o incluso mejor, que el producto que me entregaron\u201d. Por otra parte, los ling\u00fcistas comenzaron a elogiar los resultados de la MT que recib\u00edan de sus gerentes de proyecto para procesar."},"shortcode-map":{"type":"textfield","raw":""},"dyk-shortcode":{"type":"textfield","raw":"[elementor-template id=\"139368\"]"},"text-2":{"type":"textarea","raw":"<h2 style=\"padding-bottom: 10px\">Motores de Traducci\u00f3n Autom\u00e1tica de Trusted Translations<\/h2>La traducci\u00f3n autom\u00e1tica se basa en un texto previamente traducido, llamado en forma habitual grupo de textos biling\u00fces. En algunas tecnolog\u00edas m\u00e1s antiguas, con un grupo de textos lo suficientemente grande, se constru\u00eda un motor de traducci\u00f3n autom\u00e1tica que pod\u00eda utilizarse con una exactitud impresionante. Con el surgimiento de la NMT, lo que en verdad importa es que el grupo de textos sea de alta calidad. Ya no se necesitan grandes vol\u00famenes de unidades de traducci\u00f3n, dado que no son m\u00e1s los diferenciadores reales de los algoritmos. En resumen, la democratizaci\u00f3n de la MT lleg\u00f3 para quedarse.\r\n\r\nTrusted Translations tiene la capacidad de ofrecerle un motor personalizado basado en MT neuronal en caso de que una MT neuronal de dominio general no satisfaga sus necesidades. Nuestros especialistas lo ayudar\u00e1n a determinar primero si una soluci\u00f3n de MT es una opci\u00f3n viable para satisfacer sus necesidades. Luego, lo ayudaremos a definir cu\u00e1l de esos dos tipos principales de motor se adapta mejor a su estrategia de globalizaci\u00f3n: traducci\u00f3n autom\u00e1tica neuronal de dominio general basada en el uso de un motor de traducci\u00f3n autom\u00e1tica general (GNMTE, por sus siglas en ingl\u00e9s) o traducci\u00f3n autom\u00e1tica personalizada basada en un motor de traducci\u00f3n autom\u00e1tica personalizada (CNMTE). La principal diferencia entre un GNMTE y un CNMTE es que el primero suele ser un motor \u201clisto para usar\u201d, sin personalizarlo seg\u00fan las necesidades espec\u00edficas del cliente. En cambio, un CNMTE es un motor personalizado, creado y adaptado a un cliente en particular. Ambas opciones pueden complementarse con un proceso de posedici\u00f3n humana y revisi\u00f3n posterior para mejorar la calidad. Adem\u00e1s, las soluciones de traducci\u00f3n autom\u00e1tica personalizada permiten que el motor mismo se vuelva m\u00e1s inteligente con el tiempo, en funci\u00f3n de las necesidades y el contenido espec\u00edficos del cliente. Para mejorar las soluciones de traducci\u00f3n autom\u00e1tica general para un cliente espec\u00edfico, se pueden complementar con el uso de un servidor de memorias de traducci\u00f3n, pero nunca al mismo nivel que se alcanza al entrenar motores personalizados.\r\n\r\nEn funci\u00f3n de sus metas, determinaremos el mejor enfoque, crearemos un plan e implementaremos de la A a la Z la soluci\u00f3n de MT m\u00e1s adecuada para usted. Trusted Translations es una de las pocas empresas del mundo que entiende esta tecnolog\u00eda y tiene el conocimiento para implementar una soluci\u00f3n que produzca traducciones autom\u00e1ticas de alta calidad que mejoran con el tiempo gracias a la personalizaci\u00f3n y la posedici\u00f3n humanas. Comun\u00edquese con nosotros hoy mismo para obtener una evaluaci\u00f3n gratuita de su proyecto y saber si es apropiado para una soluci\u00f3n de MT.\r\n<h2 style=\"padding-bottom: 10px\">Servidores de Memorias de Traducci\u00f3n y Motores de Traducci\u00f3n Autom\u00e1tica de Dominio General<\/h2>Como ya se mencion\u00f3, los servidores de memorias de traducci\u00f3n en combinaci\u00f3n con los motores de MT neuronal de dominio general pueden representar una soluci\u00f3n m\u00e1s simple y de menor costo en comparaci\u00f3n con una soluci\u00f3n de MT neuronal personalizada de alta calidad. Esto se logra mediante la integraci\u00f3n de un servidor de memorias de traducci\u00f3n con la memoria de traducci\u00f3n apropiada en el proceso de traducci\u00f3n. Un \u201cservidor de memorias de traducci\u00f3n\u201d (TMS, por sus siglas en ingl\u00e9s) es un servidor en el que se almacenan las memorias de traducci\u00f3n para que otros traductores puedan acceder a ellas. El servidor aloja la memoria de traducci\u00f3n en una ubicaci\u00f3n centralizada, lo que permite a los profesionales humanos acceder a traducciones anteriores, y en algunos casos, otorga la capacidad de modificar y mejorar la memoria de traducci\u00f3n. No deben confundirse los TMS con los motores de traducci\u00f3n autom\u00e1tica neuronal de dominio general (GNMTE). Se trata de dos herramientas distintas que se pueden combinar o usar por separado. Como los resultados de los GNMTE solos en general no son tan confiables para un tema espec\u00edfico (incluso con edici\u00f3n de un traductor humano), con frecuencia recomendamos integrar un servidor de memorias de traducci\u00f3n en el flujo de trabajo para mejorar la calidad del resultado. Trusted Translations tiene uno de los equipos m\u00e1s experimentados de la industria en implementar memorias de traducci\u00f3n y manejar servidores de memorias de traducci\u00f3n como parte de soluciones de MT neuronal de dominio general."},"state":{"type":"textfield","raw":""},"city":{"type":"textarea","raw":[]}}},"_links":{"self":[{"href":"https:\/\/www.trustedtranslations.com\/es\/wp-json\/wp\/v2\/pages\/127133","targetHints":{"allow":["GET"]}}],"collection":[{"href":"https:\/\/www.trustedtranslations.com\/es\/wp-json\/wp\/v2\/pages"}],"about":[{"href":"https:\/\/www.trustedtranslations.com\/es\/wp-json\/wp\/v2\/types\/page"}],"author":[{"embeddable":true,"href":"https:\/\/www.trustedtranslations.com\/es\/wp-json\/wp\/v2\/users\/1"}],"replies":[{"embeddable":true,"href":"https:\/\/www.trustedtranslations.com\/es\/wp-json\/wp\/v2\/comments?post=127133"}],"version-history":[{"count":0,"href":"https:\/\/www.trustedtranslations.com\/es\/wp-json\/wp\/v2\/pages\/127133\/revisions"}],"up":[{"embeddable":true,"href":"https:\/\/www.trustedtranslations.com\/es\/wp-json\/wp\/v2\/pages\/127151"}],"wp:featuredmedia":[{"embeddable":true,"href":"https:\/\/www.trustedtranslations.com\/es\/wp-json\/wp\/v2\/media\/223056"}],"wp:attachment":[{"href":"https:\/\/www.trustedtranslations.com\/es\/wp-json\/wp\/v2\/media?parent=127133"}],"curies":[{"name":"wp","href":"https:\/\/api.w.org\/{rel}","templated":true}]}}