{"id":127135,"date":"2018-06-26T20:05:52","date_gmt":"2018-06-26T20:05:52","guid":{"rendered":"https:\/\/www.trustedtranslations.com\/?page_id=127135"},"modified":"2024-09-03T11:34:35","modified_gmt":"2024-09-03T14:34:35","slug":"interpretacion-presencial","status":"publish","type":"page","link":"https:\/\/www.trustedtranslations.com\/es\/servicios\/interpretacion-presencial","title":{"rendered":"Interpretaci\u00f3n presencial"},"content":{"rendered":"","protected":false},"excerpt":{"rendered":"","protected":false},"author":1,"featured_media":223056,"parent":127151,"menu_order":0,"comment_status":"closed","ping_status":"closed","template":"","meta":{"site-sidebar-layout":"default","site-content-layout":"default","ast-site-content-layout":"default","site-content-style":"default","site-sidebar-style":"default","ast-global-header-display":"","ast-banner-title-visibility":"","ast-main-header-display":"","ast-hfb-above-header-display":"","ast-hfb-below-header-display":"","ast-hfb-mobile-header-display":"","site-post-title":"disabled","ast-breadcrumbs-content":"","ast-featured-img":"","footer-sml-layout":"","ast-disable-related-posts":"","theme-transparent-header-meta":"default","adv-header-id-meta":"","stick-header-meta":"","header-above-stick-meta":"","header-main-stick-meta":"","header-below-stick-meta":"","astra-migrate-meta-layouts":"set","ast-page-background-enabled":"default","ast-page-background-meta":{"desktop":{"background-color":"var(--ast-global-color-4)","background-image":"","background-repeat":"repeat","background-position":"center center","background-size":"auto","background-attachment":"scroll","background-type":"","background-media":"","overlay-type":"","overlay-color":"","overlay-opacity":"","overlay-gradient":""},"tablet":{"background-color":"","background-image":"","background-repeat":"repeat","background-position":"center center","background-size":"auto","background-attachment":"scroll","background-type":"","background-media":"","overlay-type":"","overlay-color":"","overlay-opacity":"","overlay-gradient":""},"mobile":{"background-color":"","background-image":"","background-repeat":"repeat","background-position":"center center","background-size":"auto","background-attachment":"scroll","background-type":"","background-media":"","overlay-type":"","overlay-color":"","overlay-opacity":"","overlay-gradient":""}},"ast-content-background-meta":{"desktop":{"background-color":"var(--ast-global-color-5)","background-image":"","background-repeat":"repeat","background-position":"center center","background-size":"auto","background-attachment":"scroll","background-type":"","background-media":"","overlay-type":"","overlay-color":"","overlay-opacity":"","overlay-gradient":""},"tablet":{"background-color":"var(--ast-global-color-5)","background-image":"","background-repeat":"repeat","background-position":"center center","background-size":"auto","background-attachment":"scroll","background-type":"","background-media":"","overlay-type":"","overlay-color":"","overlay-opacity":"","overlay-gradient":""},"mobile":{"background-color":"var(--ast-global-color-5)","background-image":"","background-repeat":"repeat","background-position":"center center","background-size":"auto","background-attachment":"scroll","background-type":"","background-media":"","overlay-type":"","overlay-color":"","overlay-opacity":"","overlay-gradient":""}},"footnotes":""},"class_list":["post-127135","page","type-page","status-publish","has-post-thumbnail","hentry"],"yoast_head":"<!-- This site is optimized with the Yoast SEO plugin v27.5 - https:\/\/yoast.com\/product\/yoast-seo-wordpress\/ -->\n<title>Servicios de Interpretaci\u00f3n Presencial: Trusted Translations, Inc.<\/title>\n<meta name=\"description\" content=\"Somos l\u00edderes en servicios de interpretaci\u00f3n presencial consecutiva y simult\u00e1nea. Llame para solicitar un presupuesto sin cargo o hacer una consulta.\" \/>\n<meta name=\"robots\" content=\"index, follow, max-snippet:-1, max-image-preview:large, max-video-preview:-1\" \/>\n<link rel=\"canonical\" href=\"https:\/\/www.trustedtranslations.com\/es\/servicios\/interpretacion-presencial\" \/>\n<meta property=\"og:locale\" content=\"es_ES\" \/>\n<meta property=\"og:type\" content=\"article\" \/>\n<meta property=\"og:title\" content=\"Servicios de Interpretaci\u00f3n Presencial: Trusted Translations, Inc.\" \/>\n<meta property=\"og:description\" content=\"Somos l\u00edderes en servicios de interpretaci\u00f3n presencial consecutiva y simult\u00e1nea. Llame para solicitar un presupuesto sin cargo o hacer una consulta.\" \/>\n<meta property=\"og:url\" content=\"https:\/\/www.trustedtranslations.com\/es\/servicios\/interpretacion-presencial\" \/>\n<meta property=\"og:site_name\" content=\"Trusted Translations\" \/>\n<meta property=\"article:publisher\" content=\"https:\/\/www.facebook.com\/Trusted.Translations\" \/>\n<meta property=\"article:modified_time\" content=\"2024-09-03T14:34:35+00:00\" \/>\n<meta property=\"og:image\" content=\"https:\/\/static.trustedtranslations.com\/wp-content\/uploads\/2022\/08\/TT_NEW_FB-1.png\" \/>\n\t<meta property=\"og:image:width\" content=\"1\" \/>\n\t<meta property=\"og:image:height\" content=\"1\" \/>\n\t<meta property=\"og:image:type\" content=\"image\/jpeg\" \/>\n<meta name=\"twitter:card\" content=\"summary_large_image\" \/>\n<meta name=\"twitter:site\" content=\"@TrustedT9ns\" \/>\n<script type=\"application\/ld+json\" class=\"yoast-schema-graph\">{\"@context\":\"https:\\\/\\\/schema.org\",\"@graph\":[{\"@type\":\"WebPage\",\"@id\":\"https:\\\/\\\/www.trustedtranslations.com\\\/es\\\/servicios\\\/interpretacion-presencial\",\"url\":\"https:\\\/\\\/www.trustedtranslations.com\\\/es\\\/servicios\\\/interpretacion-presencial\",\"name\":\"Servicios de Interpretaci\u00f3n Presencial: Trusted Translations, Inc.\",\"isPartOf\":{\"@id\":\"https:\\\/\\\/www.trustedtranslations.com\\\/es\\\/#website\"},\"primaryImageOfPage\":{\"@id\":\"https:\\\/\\\/www.trustedtranslations.com\\\/es\\\/servicios\\\/interpretacion-presencial#primaryimage\"},\"image\":{\"@id\":\"https:\\\/\\\/www.trustedtranslations.com\\\/es\\\/servicios\\\/interpretacion-presencial#primaryimage\"},\"thumbnailUrl\":\"https:\\\/\\\/www.trustedtranslations.com\\\/wp-content\\\/uploads\\\/2022\\\/08\\\/TT_NEW_FB-1.png\",\"description\":\"Somos l\u00edderes en servicios de interpretaci\u00f3n presencial consecutiva y simult\u00e1nea. Llame para solicitar un presupuesto sin cargo o hacer una consulta.\",\"breadcrumb\":{\"@id\":\"https:\\\/\\\/www.trustedtranslations.com\\\/es\\\/servicios\\\/interpretacion-presencial#breadcrumb\"},\"inLanguage\":\"es\",\"potentialAction\":[{\"@type\":\"ReadAction\",\"target\":[\"https:\\\/\\\/www.trustedtranslations.com\\\/es\\\/servicios\\\/interpretacion-presencial\"]}]},{\"@type\":\"ImageObject\",\"inLanguage\":\"es\",\"@id\":\"https:\\\/\\\/www.trustedtranslations.com\\\/es\\\/servicios\\\/interpretacion-presencial#primaryimage\",\"url\":\"https:\\\/\\\/www.trustedtranslations.com\\\/wp-content\\\/uploads\\\/2022\\\/08\\\/TT_NEW_FB-1.png\",\"contentUrl\":\"https:\\\/\\\/www.trustedtranslations.com\\\/wp-content\\\/uploads\\\/2022\\\/08\\\/TT_NEW_FB-1.png\",\"caption\":\"TT NEW FB 1\"},{\"@type\":\"BreadcrumbList\",\"@id\":\"https:\\\/\\\/www.trustedtranslations.com\\\/es\\\/servicios\\\/interpretacion-presencial#breadcrumb\",\"itemListElement\":[{\"@type\":\"ListItem\",\"position\":1,\"name\":\"Home\",\"item\":\"https:\\\/\\\/www.trustedtranslations.com\\\/es\"},{\"@type\":\"ListItem\",\"position\":2,\"name\":\"Servicios\",\"item\":\"https:\\\/\\\/www.trustedtranslations.com\\\/es\\\/servicios\"},{\"@type\":\"ListItem\",\"position\":3,\"name\":\"Interpretaci\u00f3n presencial\"}]},{\"@type\":\"WebSite\",\"@id\":\"https:\\\/\\\/www.trustedtranslations.com\\\/es\\\/#website\",\"url\":\"https:\\\/\\\/www.trustedtranslations.com\\\/es\\\/\",\"name\":\"Trusted Translations, Inc.\",\"description\":\"Leader in translation and interpretation services.\",\"publisher\":{\"@id\":\"https:\\\/\\\/www.trustedtranslations.com\\\/es\\\/#organization\"},\"alternateName\":\"Trusted Translations\",\"potentialAction\":[{\"@type\":\"SearchAction\",\"target\":{\"@type\":\"EntryPoint\",\"urlTemplate\":\"https:\\\/\\\/www.trustedtranslations.com\\\/es\\\/?s={search_term_string}\"},\"query-input\":{\"@type\":\"PropertyValueSpecification\",\"valueRequired\":true,\"valueName\":\"search_term_string\"}}],\"inLanguage\":\"es\"},{\"@type\":\"Organization\",\"@id\":\"https:\\\/\\\/www.trustedtranslations.com\\\/es\\\/#organization\",\"name\":\"Trusted Translations\",\"alternateName\":\"Trusted Translations, Inc.\",\"url\":\"https:\\\/\\\/www.trustedtranslations.com\\\/es\\\/\",\"logo\":{\"@type\":\"ImageObject\",\"inLanguage\":\"es\",\"@id\":\"https:\\\/\\\/www.trustedtranslations.com\\\/es\\\/#\\\/schema\\\/logo\\\/image\\\/\",\"url\":\"https:\\\/\\\/static.trustedtranslations.com\\\/wp-content\\\/uploads\\\/2022\\\/01\\\/TT_logo_WSIColors-2.png\",\"contentUrl\":\"https:\\\/\\\/static.trustedtranslations.com\\\/wp-content\\\/uploads\\\/2022\\\/01\\\/TT_logo_WSIColors-2.png\",\"width\":500,\"height\":196,\"caption\":\"Trusted Translations\"},\"image\":{\"@id\":\"https:\\\/\\\/www.trustedtranslations.com\\\/es\\\/#\\\/schema\\\/logo\\\/image\\\/\"},\"sameAs\":[\"https:\\\/\\\/www.facebook.com\\\/Trusted.Translations\",\"https:\\\/\\\/x.com\\\/TrustedT9ns\",\"https:\\\/\\\/www.linkedin.com\\\/company\\\/trusted-translations\"]}]}<\/script>\n<!-- \/ Yoast SEO plugin. -->","yoast_head_json":{"title":"Servicios de Interpretaci\u00f3n Presencial: Trusted Translations, Inc.","description":"Somos l\u00edderes en servicios de interpretaci\u00f3n presencial consecutiva y simult\u00e1nea. Llame para solicitar un presupuesto sin cargo o hacer una consulta.","robots":{"index":"index","follow":"follow","max-snippet":"max-snippet:-1","max-image-preview":"max-image-preview:large","max-video-preview":"max-video-preview:-1"},"canonical":"https:\/\/www.trustedtranslations.com\/es\/servicios\/interpretacion-presencial","og_locale":"es_ES","og_type":"article","og_title":"Servicios de Interpretaci\u00f3n Presencial: Trusted Translations, Inc.","og_description":"Somos l\u00edderes en servicios de interpretaci\u00f3n presencial consecutiva y simult\u00e1nea. Llame para solicitar un presupuesto sin cargo o hacer una consulta.","og_url":"https:\/\/www.trustedtranslations.com\/es\/servicios\/interpretacion-presencial","og_site_name":"Trusted Translations","article_publisher":"https:\/\/www.facebook.com\/Trusted.Translations","article_modified_time":"2024-09-03T14:34:35+00:00","og_image":[{"url":"https:\/\/static.trustedtranslations.com\/wp-content\/uploads\/2022\/08\/TT_NEW_FB-1.png","width":1,"height":1,"type":"image\/jpeg"}],"twitter_card":"summary_large_image","twitter_site":"@TrustedT9ns","schema":{"@context":"https:\/\/schema.org","@graph":[{"@type":"WebPage","@id":"https:\/\/www.trustedtranslations.com\/es\/servicios\/interpretacion-presencial","url":"https:\/\/www.trustedtranslations.com\/es\/servicios\/interpretacion-presencial","name":"Servicios de Interpretaci\u00f3n Presencial: Trusted Translations, Inc.","isPartOf":{"@id":"https:\/\/www.trustedtranslations.com\/es\/#website"},"primaryImageOfPage":{"@id":"https:\/\/www.trustedtranslations.com\/es\/servicios\/interpretacion-presencial#primaryimage"},"image":{"@id":"https:\/\/www.trustedtranslations.com\/es\/servicios\/interpretacion-presencial#primaryimage"},"thumbnailUrl":"https:\/\/www.trustedtranslations.com\/wp-content\/uploads\/2022\/08\/TT_NEW_FB-1.png","description":"Somos l\u00edderes en servicios de interpretaci\u00f3n presencial consecutiva y simult\u00e1nea. Llame para solicitar un presupuesto sin cargo o hacer una consulta.","breadcrumb":{"@id":"https:\/\/www.trustedtranslations.com\/es\/servicios\/interpretacion-presencial#breadcrumb"},"inLanguage":"es","potentialAction":[{"@type":"ReadAction","target":["https:\/\/www.trustedtranslations.com\/es\/servicios\/interpretacion-presencial"]}]},{"@type":"ImageObject","inLanguage":"es","@id":"https:\/\/www.trustedtranslations.com\/es\/servicios\/interpretacion-presencial#primaryimage","url":"https:\/\/www.trustedtranslations.com\/wp-content\/uploads\/2022\/08\/TT_NEW_FB-1.png","contentUrl":"https:\/\/www.trustedtranslations.com\/wp-content\/uploads\/2022\/08\/TT_NEW_FB-1.png","caption":"TT NEW FB 1"},{"@type":"BreadcrumbList","@id":"https:\/\/www.trustedtranslations.com\/es\/servicios\/interpretacion-presencial#breadcrumb","itemListElement":[{"@type":"ListItem","position":1,"name":"Home","item":"https:\/\/www.trustedtranslations.com\/es"},{"@type":"ListItem","position":2,"name":"Servicios","item":"https:\/\/www.trustedtranslations.com\/es\/servicios"},{"@type":"ListItem","position":3,"name":"Interpretaci\u00f3n presencial"}]},{"@type":"WebSite","@id":"https:\/\/www.trustedtranslations.com\/es\/#website","url":"https:\/\/www.trustedtranslations.com\/es\/","name":"Trusted Translations, Inc.","description":"Leader in translation and interpretation services.","publisher":{"@id":"https:\/\/www.trustedtranslations.com\/es\/#organization"},"alternateName":"Trusted Translations","potentialAction":[{"@type":"SearchAction","target":{"@type":"EntryPoint","urlTemplate":"https:\/\/www.trustedtranslations.com\/es\/?s={search_term_string}"},"query-input":{"@type":"PropertyValueSpecification","valueRequired":true,"valueName":"search_term_string"}}],"inLanguage":"es"},{"@type":"Organization","@id":"https:\/\/www.trustedtranslations.com\/es\/#organization","name":"Trusted Translations","alternateName":"Trusted Translations, Inc.","url":"https:\/\/www.trustedtranslations.com\/es\/","logo":{"@type":"ImageObject","inLanguage":"es","@id":"https:\/\/www.trustedtranslations.com\/es\/#\/schema\/logo\/image\/","url":"https:\/\/static.trustedtranslations.com\/wp-content\/uploads\/2022\/01\/TT_logo_WSIColors-2.png","contentUrl":"https:\/\/static.trustedtranslations.com\/wp-content\/uploads\/2022\/01\/TT_logo_WSIColors-2.png","width":500,"height":196,"caption":"Trusted Translations"},"image":{"@id":"https:\/\/www.trustedtranslations.com\/es\/#\/schema\/logo\/image\/"},"sameAs":["https:\/\/www.facebook.com\/Trusted.Translations","https:\/\/x.com\/TrustedT9ns","https:\/\/www.linkedin.com\/company\/trusted-translations"]}]}},"toolset-meta":{"dyk":{"mensaje-1":{"type":"textfield","raw":""},"mensaje-2":{"type":"textfield","raw":"Los idiomas m\u00e1s hablados por los int\u00e9rpretes estadounidenses son espa\u00f1ol, franc\u00e9s, \u00e1rabe y chino."},"mensaje-3":{"type":"textfield","raw":"Los int\u00e9rpretes de las Naciones Unidas deben hablar, al menos, tres idiomas con fluidez."},"mensaje-4":{"type":"textfield","raw":""},"mensaje-5":{"type":"textfield","raw":""},"mensaje-6":{"type":"textfield","raw":""}},"single-page-template-fields":{"imgs-temp":{"type":"image","raw":["https:\/\/static.trustedtranslations.com\/wp-content\/uploads\/2024\/05\/onsite-5-1.webp"],"repeatable":[{"raw":"https:\/\/static.trustedtranslations.com\/wp-content\/uploads\/2024\/05\/onsite-5-1.webp"}]},"imgs-temp-cel":{"type":"image","raw":[""],"repeatable":[{"raw":""}]},"img-temp-one-cel":{"type":"image","raw":"https:\/\/static.trustedtranslations.com\/wp-content\/uploads\/2024\/05\/AdobeStock_300893166-2-1.webp","attachment_id":null},"quotes":{"type":"textarea","raw":"<h1 style=\"margin-bottom: 12px;\">Servicios de Interpretaci\u00f3n Presencial<\/h1>El departamento de interpretaci\u00f3n de Trusted Translations se especializa en brindar interpretaci\u00f3n presencial de idiomas, tanto consecutiva como simult\u00e1nea. Nuestro equipo tiene acceso a los mejores int\u00e9rpretes de todo el mundo, equipados con los instrumentos de alta tecnolog\u00eda necesarios para brindar una interpretaci\u00f3n presencial profesional en casi cualquier entorno. Desde grandes salas de conferencias hasta peque\u00f1as salas de juntas, Trusted Translations tiene una soluci\u00f3n para sus necesidades de interpretaci\u00f3n presencial.<div style=\"margin-top: 2.5vw;\"><a class=\"tt-btn-main-cta\" href=\"\/es\/presupuesto-sin-cargo\">SOLICITE UN PRESUPUESTO SIN CARGO<\/a><\/div>"},"text-1":{"type":"textarea","raw":"<h2 style=\"margin-top: -10px; padding-bottom:20px\">Int\u00e9rpretes Presenciales<\/h2>Nuestros int\u00e9rpretes presenciales han recibido la capacitaci\u00f3n ling\u00fc\u00edstica m\u00e1s rigurosa de la industria. Al contar con int\u00e9rpretes en el personal, Trusted Translations comprende los rigurosos est\u00e1ndares necesarios para brindar interpretaciones presenciales precisas. Trabajamos con ling\u00fcistas capacitados en m\u00e1s de 200 idiomas y dialectos y con experiencia en todos los temas. Trusted Translations le asegurar\u00e1 el ling\u00fcista adecuado para sus necesidades, sin importar cu\u00e1n complejo sea el tema.\r\n\r\nComo en todas las ofertas de servicios, Trusted Translations cumple estrictos est\u00e1ndares de confidencialidad y calidad.\r\n\r\nTrusted Translations es proveedor de m\u00e1s de 5,000 clientes en todo el mundo y las organizaciones con mejor reputaci\u00f3n del planeta, como las Fuerzas Armadas y el Gobierno de Estados Unidos, conf\u00edan en sus servicios. Ya sea que necesite servicios de interpretaci\u00f3n presencial comercial, legal, m\u00e9dica, educativa o de conferencias, Trusted Translations es su soluci\u00f3n rentable y confiable."},"shortcode-map":{"type":"textfield","raw":""},"dyk-shortcode":{"type":"textfield","raw":"[elementor-template id=\"139368\"]"},"text-2":{"type":"textarea","raw":"<h2 style=\" padding-bottom:20px\">Interpretaci\u00f3n Presencial de Idiomas<\/h2>Trusted Translations ha desarrollado una soluci\u00f3n integral para todas sus necesidades relacionadas con los idiomas, incluida nuestra oferta de interpretaci\u00f3n presencial.\r\n\r\nNuestro servicio de interpretaci\u00f3n presencial ofrece int\u00e9rpretes altamente capacitados y certificados en el lugar de su elecci\u00f3n para traducir verbalmente de un idioma a otro. Gracias a la experiencia de nuestro equipo en una amplia gama de industrias, nuestros servicios pueden adaptarse tanto a entornos peque\u00f1os, como los que se utilizan para declaraciones legales o negociaciones, como a entornos grandes, como conferencias. En este \u00faltimo caso, nuestros int\u00e9rpretes presenciales pueden garantizar que las audiencias o los oradores multiling\u00fces puedan comunicarse de manera efectiva en varios idiomas.\r\n\r\nHay dos tipos principales de interpretaci\u00f3n presencial: consecutiva y simult\u00e1nea. En la interpretaci\u00f3n presencial consecutiva participa un solo int\u00e9rprete que traduce secciones de informaci\u00f3n, como un bloque de varias oraciones, cuando el orador principal ha hecho una pausa o ha terminado. Esta es una opci\u00f3n popular y rentable para entornos de dos personas o grupos peque\u00f1os, como entrevistas, consultas m\u00e9dicas, negociaciones entre clientes y abogados, entre otros.\r\n\r\nEn la interpretaci\u00f3n presencial simult\u00e1nea, los int\u00e9rpretes traducen \u201cen vivo\u201d al mismo tiempo que los oradores, lo que a menudo requiere equipo especializado, cabinas insonorizadas y varios int\u00e9rpretes. Este tipo de interpretaci\u00f3n se usa m\u00e1s com\u00fanmente para eventos grandes y complejos con p\u00fablico, como conferencias, discursos gubernamentales, reuniones de juntas, juicios en tribunales y convenciones comerciales internacionales, especialmente si se hablar\u00e1n muchos idiomas diferentes.\r\n\r\nYa sea que tenga en mente un tipo espec\u00edfico de interpretaci\u00f3n presencial o que est\u00e9 considerando una combinaci\u00f3n de ambas como la mejor opci\u00f3n para su empresa, Trusted Translations lo conectar\u00e1 con int\u00e9rpretes expertos especializados en cada tipo de servicio de interpretaci\u00f3n. Nuestros profesionales combinan la fluidez excepcional necesaria para interpretar de un idioma de destino a otro con comprensi\u00f3n del tema y la terminolog\u00eda espec\u00edfica de la industria.\r\n\r\nDesde tribunales nacionales hasta salas de juntas internacionales, la interpretaci\u00f3n precisa es crucial para la comunicaci\u00f3n. Las organizaciones de todo tipo, incluidas las agencias gubernamentales, los centros de atenci\u00f3n m\u00e9dica, las empresas Fortune 500, los bufetes de abogados, las organizaciones sin fines de lucro, entre otras, pueden beneficiarse de este servicio rentable y f\u00e1cil de usar."},"state":{"type":"textfield","raw":""},"city":{"type":"textarea","raw":[]}}},"_links":{"self":[{"href":"https:\/\/www.trustedtranslations.com\/es\/wp-json\/wp\/v2\/pages\/127135","targetHints":{"allow":["GET"]}}],"collection":[{"href":"https:\/\/www.trustedtranslations.com\/es\/wp-json\/wp\/v2\/pages"}],"about":[{"href":"https:\/\/www.trustedtranslations.com\/es\/wp-json\/wp\/v2\/types\/page"}],"author":[{"embeddable":true,"href":"https:\/\/www.trustedtranslations.com\/es\/wp-json\/wp\/v2\/users\/1"}],"replies":[{"embeddable":true,"href":"https:\/\/www.trustedtranslations.com\/es\/wp-json\/wp\/v2\/comments?post=127135"}],"version-history":[{"count":0,"href":"https:\/\/www.trustedtranslations.com\/es\/wp-json\/wp\/v2\/pages\/127135\/revisions"}],"up":[{"embeddable":true,"href":"https:\/\/www.trustedtranslations.com\/es\/wp-json\/wp\/v2\/pages\/127151"}],"wp:featuredmedia":[{"embeddable":true,"href":"https:\/\/www.trustedtranslations.com\/es\/wp-json\/wp\/v2\/media\/223056"}],"wp:attachment":[{"href":"https:\/\/www.trustedtranslations.com\/es\/wp-json\/wp\/v2\/media?parent=127135"}],"curies":[{"name":"wp","href":"https:\/\/api.w.org\/{rel}","templated":true}]}}