{"id":127136,"date":"2018-06-26T20:05:51","date_gmt":"2018-06-26T20:05:51","guid":{"rendered":"https:\/\/www.trustedtranslations.com\/?page_id=127136"},"modified":"2024-09-03T11:33:22","modified_gmt":"2024-09-03T14:33:22","slug":"humano","status":"publish","type":"page","link":"https:\/\/www.trustedtranslations.com\/es\/servicios\/humano","title":{"rendered":"Traducci\u00f3n Humana"},"content":{"rendered":"","protected":false},"excerpt":{"rendered":"","protected":false},"author":1,"featured_media":188038,"parent":127151,"menu_order":0,"comment_status":"closed","ping_status":"closed","template":"","meta":{"site-sidebar-layout":"default","site-content-layout":"default","ast-site-content-layout":"default","site-content-style":"default","site-sidebar-style":"default","ast-global-header-display":"","ast-banner-title-visibility":"","ast-main-header-display":"","ast-hfb-above-header-display":"","ast-hfb-below-header-display":"","ast-hfb-mobile-header-display":"","site-post-title":"disabled","ast-breadcrumbs-content":"","ast-featured-img":"","footer-sml-layout":"","ast-disable-related-posts":"","theme-transparent-header-meta":"default","adv-header-id-meta":"","stick-header-meta":"","header-above-stick-meta":"","header-main-stick-meta":"","header-below-stick-meta":"","astra-migrate-meta-layouts":"set","ast-page-background-enabled":"default","ast-page-background-meta":{"desktop":{"background-color":"var(--ast-global-color-4)","background-image":"","background-repeat":"repeat","background-position":"center center","background-size":"auto","background-attachment":"scroll","background-type":"","background-media":"","overlay-type":"","overlay-color":"","overlay-opacity":"","overlay-gradient":""},"tablet":{"background-color":"","background-image":"","background-repeat":"repeat","background-position":"center center","background-size":"auto","background-attachment":"scroll","background-type":"","background-media":"","overlay-type":"","overlay-color":"","overlay-opacity":"","overlay-gradient":""},"mobile":{"background-color":"","background-image":"","background-repeat":"repeat","background-position":"center center","background-size":"auto","background-attachment":"scroll","background-type":"","background-media":"","overlay-type":"","overlay-color":"","overlay-opacity":"","overlay-gradient":""}},"ast-content-background-meta":{"desktop":{"background-color":"var(--ast-global-color-5)","background-image":"","background-repeat":"repeat","background-position":"center center","background-size":"auto","background-attachment":"scroll","background-type":"","background-media":"","overlay-type":"","overlay-color":"","overlay-opacity":"","overlay-gradient":""},"tablet":{"background-color":"var(--ast-global-color-5)","background-image":"","background-repeat":"repeat","background-position":"center center","background-size":"auto","background-attachment":"scroll","background-type":"","background-media":"","overlay-type":"","overlay-color":"","overlay-opacity":"","overlay-gradient":""},"mobile":{"background-color":"var(--ast-global-color-5)","background-image":"","background-repeat":"repeat","background-position":"center center","background-size":"auto","background-attachment":"scroll","background-type":"","background-media":"","overlay-type":"","overlay-color":"","overlay-opacity":"","overlay-gradient":""}},"footnotes":""},"class_list":["post-127136","page","type-page","status-publish","has-post-thumbnail","hentry"],"yoast_head":"<!-- This site is optimized with the Yoast SEO plugin v27.3 - https:\/\/yoast.com\/product\/yoast-seo-wordpress\/ -->\n<title>Servicios de Traducci\u00f3n Humana: Trusted Translations, Inc.<\/title>\n<meta name=\"description\" content=\"En Trusted Translations ofrecemos servicios profesionales de traducci\u00f3n humana para todo tipo de documentos, sitios web y software en todos los formatos, vol\u00famenes e idiomas.\" \/>\n<meta name=\"robots\" content=\"index, follow, max-snippet:-1, max-image-preview:large, max-video-preview:-1\" \/>\n<link rel=\"canonical\" href=\"https:\/\/www.trustedtranslations.com\/es\/servicios\/humano\" \/>\n<meta property=\"og:locale\" content=\"es_ES\" \/>\n<meta property=\"og:type\" content=\"article\" \/>\n<meta property=\"og:title\" content=\"Servicios de Traducci\u00f3n Humana: Trusted Translations, Inc.\" \/>\n<meta property=\"og:description\" content=\"En Trusted Translations ofrecemos servicios profesionales de traducci\u00f3n humana para todo tipo de documentos, sitios web y software en todos los formatos, vol\u00famenes e idiomas.\" \/>\n<meta property=\"og:url\" content=\"https:\/\/www.trustedtranslations.com\/es\/servicios\/humano\" \/>\n<meta property=\"og:site_name\" content=\"Trusted Translations\" \/>\n<meta property=\"article:publisher\" content=\"https:\/\/www.facebook.com\/Trusted.Translations\" \/>\n<meta property=\"article:modified_time\" content=\"2024-09-03T14:33:22+00:00\" \/>\n<meta property=\"og:image\" content=\"https:\/\/www.trustedtranslations.com\/wp-content\/uploads\/2022\/06\/tt-logo-2-1.webp\" \/>\n\t<meta property=\"og:image:width\" content=\"216\" \/>\n\t<meta property=\"og:image:height\" content=\"94\" \/>\n\t<meta property=\"og:image:type\" content=\"image\/webp\" \/>\n<meta name=\"twitter:card\" content=\"summary_large_image\" \/>\n<meta name=\"twitter:site\" content=\"@TrustedT9ns\" \/>\n<script type=\"application\/ld+json\" class=\"yoast-schema-graph\">{\"@context\":\"https:\\\/\\\/schema.org\",\"@graph\":[{\"@type\":\"WebPage\",\"@id\":\"https:\\\/\\\/www.trustedtranslations.com\\\/es\\\/servicios\\\/humano\",\"url\":\"https:\\\/\\\/www.trustedtranslations.com\\\/es\\\/servicios\\\/humano\",\"name\":\"Servicios de Traducci\u00f3n Humana: Trusted Translations, Inc.\",\"isPartOf\":{\"@id\":\"https:\\\/\\\/www.trustedtranslations.com\\\/es\\\/#website\"},\"primaryImageOfPage\":{\"@id\":\"https:\\\/\\\/www.trustedtranslations.com\\\/es\\\/servicios\\\/humano#primaryimage\"},\"image\":{\"@id\":\"https:\\\/\\\/www.trustedtranslations.com\\\/es\\\/servicios\\\/humano#primaryimage\"},\"thumbnailUrl\":\"\",\"description\":\"En Trusted Translations ofrecemos servicios profesionales de traducci\u00f3n humana para todo tipo de documentos, sitios web y software en todos los formatos, vol\u00famenes e idiomas.\",\"breadcrumb\":{\"@id\":\"https:\\\/\\\/www.trustedtranslations.com\\\/es\\\/servicios\\\/humano#breadcrumb\"},\"inLanguage\":\"es\",\"potentialAction\":[{\"@type\":\"ReadAction\",\"target\":[\"https:\\\/\\\/www.trustedtranslations.com\\\/es\\\/servicios\\\/humano\"]}]},{\"@type\":\"ImageObject\",\"inLanguage\":\"es\",\"@id\":\"https:\\\/\\\/www.trustedtranslations.com\\\/es\\\/servicios\\\/humano#primaryimage\",\"url\":\"\",\"contentUrl\":\"\"},{\"@type\":\"BreadcrumbList\",\"@id\":\"https:\\\/\\\/www.trustedtranslations.com\\\/es\\\/servicios\\\/humano#breadcrumb\",\"itemListElement\":[{\"@type\":\"ListItem\",\"position\":1,\"name\":\"Home\",\"item\":\"https:\\\/\\\/www.trustedtranslations.com\\\/es\"},{\"@type\":\"ListItem\",\"position\":2,\"name\":\"Servicios\",\"item\":\"https:\\\/\\\/www.trustedtranslations.com\\\/es\\\/servicios\"},{\"@type\":\"ListItem\",\"position\":3,\"name\":\"Traducci\u00f3n Humana\"}]},{\"@type\":\"WebSite\",\"@id\":\"https:\\\/\\\/www.trustedtranslations.com\\\/es\\\/#website\",\"url\":\"https:\\\/\\\/www.trustedtranslations.com\\\/es\\\/\",\"name\":\"Trusted Translations, Inc.\",\"description\":\"Leader in translation and interpretation services.\",\"publisher\":{\"@id\":\"https:\\\/\\\/www.trustedtranslations.com\\\/es\\\/#organization\"},\"alternateName\":\"Trusted Translations\",\"potentialAction\":[{\"@type\":\"SearchAction\",\"target\":{\"@type\":\"EntryPoint\",\"urlTemplate\":\"https:\\\/\\\/www.trustedtranslations.com\\\/es\\\/?s={search_term_string}\"},\"query-input\":{\"@type\":\"PropertyValueSpecification\",\"valueRequired\":true,\"valueName\":\"search_term_string\"}}],\"inLanguage\":\"es\"},{\"@type\":\"Organization\",\"@id\":\"https:\\\/\\\/www.trustedtranslations.com\\\/es\\\/#organization\",\"name\":\"Trusted Translations\",\"alternateName\":\"Trusted Translations, Inc.\",\"url\":\"https:\\\/\\\/www.trustedtranslations.com\\\/es\\\/\",\"logo\":{\"@type\":\"ImageObject\",\"inLanguage\":\"es\",\"@id\":\"https:\\\/\\\/www.trustedtranslations.com\\\/es\\\/#\\\/schema\\\/logo\\\/image\\\/\",\"url\":\"https:\\\/\\\/static.trustedtranslations.com\\\/wp-content\\\/uploads\\\/2022\\\/01\\\/TT_logo_WSIColors-2.png\",\"contentUrl\":\"https:\\\/\\\/static.trustedtranslations.com\\\/wp-content\\\/uploads\\\/2022\\\/01\\\/TT_logo_WSIColors-2.png\",\"width\":500,\"height\":196,\"caption\":\"Trusted Translations\"},\"image\":{\"@id\":\"https:\\\/\\\/www.trustedtranslations.com\\\/es\\\/#\\\/schema\\\/logo\\\/image\\\/\"},\"sameAs\":[\"https:\\\/\\\/www.facebook.com\\\/Trusted.Translations\",\"https:\\\/\\\/x.com\\\/TrustedT9ns\",\"https:\\\/\\\/www.linkedin.com\\\/company\\\/trusted-translations\"]}]}<\/script>\n<!-- \/ Yoast SEO plugin. -->","yoast_head_json":{"title":"Servicios de Traducci\u00f3n Humana: Trusted Translations, Inc.","description":"En Trusted Translations ofrecemos servicios profesionales de traducci\u00f3n humana para todo tipo de documentos, sitios web y software en todos los formatos, vol\u00famenes e idiomas.","robots":{"index":"index","follow":"follow","max-snippet":"max-snippet:-1","max-image-preview":"max-image-preview:large","max-video-preview":"max-video-preview:-1"},"canonical":"https:\/\/www.trustedtranslations.com\/es\/servicios\/humano","og_locale":"es_ES","og_type":"article","og_title":"Servicios de Traducci\u00f3n Humana: Trusted Translations, Inc.","og_description":"En Trusted Translations ofrecemos servicios profesionales de traducci\u00f3n humana para todo tipo de documentos, sitios web y software en todos los formatos, vol\u00famenes e idiomas.","og_url":"https:\/\/www.trustedtranslations.com\/es\/servicios\/humano","og_site_name":"Trusted Translations","article_publisher":"https:\/\/www.facebook.com\/Trusted.Translations","article_modified_time":"2024-09-03T14:33:22+00:00","og_image":[{"width":216,"height":94,"url":"https:\/\/www.trustedtranslations.com\/wp-content\/uploads\/2022\/06\/tt-logo-2-1.webp","type":"image\/webp"}],"twitter_card":"summary_large_image","twitter_site":"@TrustedT9ns","schema":{"@context":"https:\/\/schema.org","@graph":[{"@type":"WebPage","@id":"https:\/\/www.trustedtranslations.com\/es\/servicios\/humano","url":"https:\/\/www.trustedtranslations.com\/es\/servicios\/humano","name":"Servicios de Traducci\u00f3n Humana: Trusted Translations, Inc.","isPartOf":{"@id":"https:\/\/www.trustedtranslations.com\/es\/#website"},"primaryImageOfPage":{"@id":"https:\/\/www.trustedtranslations.com\/es\/servicios\/humano#primaryimage"},"image":{"@id":"https:\/\/www.trustedtranslations.com\/es\/servicios\/humano#primaryimage"},"thumbnailUrl":"","description":"En Trusted Translations ofrecemos servicios profesionales de traducci\u00f3n humana para todo tipo de documentos, sitios web y software en todos los formatos, vol\u00famenes e idiomas.","breadcrumb":{"@id":"https:\/\/www.trustedtranslations.com\/es\/servicios\/humano#breadcrumb"},"inLanguage":"es","potentialAction":[{"@type":"ReadAction","target":["https:\/\/www.trustedtranslations.com\/es\/servicios\/humano"]}]},{"@type":"ImageObject","inLanguage":"es","@id":"https:\/\/www.trustedtranslations.com\/es\/servicios\/humano#primaryimage","url":"","contentUrl":""},{"@type":"BreadcrumbList","@id":"https:\/\/www.trustedtranslations.com\/es\/servicios\/humano#breadcrumb","itemListElement":[{"@type":"ListItem","position":1,"name":"Home","item":"https:\/\/www.trustedtranslations.com\/es"},{"@type":"ListItem","position":2,"name":"Servicios","item":"https:\/\/www.trustedtranslations.com\/es\/servicios"},{"@type":"ListItem","position":3,"name":"Traducci\u00f3n Humana"}]},{"@type":"WebSite","@id":"https:\/\/www.trustedtranslations.com\/es\/#website","url":"https:\/\/www.trustedtranslations.com\/es\/","name":"Trusted Translations, Inc.","description":"Leader in translation and interpretation services.","publisher":{"@id":"https:\/\/www.trustedtranslations.com\/es\/#organization"},"alternateName":"Trusted Translations","potentialAction":[{"@type":"SearchAction","target":{"@type":"EntryPoint","urlTemplate":"https:\/\/www.trustedtranslations.com\/es\/?s={search_term_string}"},"query-input":{"@type":"PropertyValueSpecification","valueRequired":true,"valueName":"search_term_string"}}],"inLanguage":"es"},{"@type":"Organization","@id":"https:\/\/www.trustedtranslations.com\/es\/#organization","name":"Trusted Translations","alternateName":"Trusted Translations, Inc.","url":"https:\/\/www.trustedtranslations.com\/es\/","logo":{"@type":"ImageObject","inLanguage":"es","@id":"https:\/\/www.trustedtranslations.com\/es\/#\/schema\/logo\/image\/","url":"https:\/\/static.trustedtranslations.com\/wp-content\/uploads\/2022\/01\/TT_logo_WSIColors-2.png","contentUrl":"https:\/\/static.trustedtranslations.com\/wp-content\/uploads\/2022\/01\/TT_logo_WSIColors-2.png","width":500,"height":196,"caption":"Trusted Translations"},"image":{"@id":"https:\/\/www.trustedtranslations.com\/es\/#\/schema\/logo\/image\/"},"sameAs":["https:\/\/www.facebook.com\/Trusted.Translations","https:\/\/x.com\/TrustedT9ns","https:\/\/www.linkedin.com\/company\/trusted-translations"]}]}},"toolset-meta":{"dyk":{"mensaje-1":{"type":"textfield","raw":""},"mensaje-2":{"type":"textfield","raw":"Los traductores humanos son especialmente importantes para los mensajes publicitarios y de marketing."},"mensaje-3":{"type":"textfield","raw":"Todos los proyectos de <em>Trusted Translations<\/em> son revisados por traductores humanos con fluidez nativa."},"mensaje-4":{"type":"textfield","raw":""},"mensaje-5":{"type":"textfield","raw":""},"mensaje-6":{"type":"textfield","raw":""}},"single-page-template-fields":{"imgs-temp":{"type":"image","raw":["https:\/\/static.trustedtranslations.com\/wp-content\/uploads\/2024\/03\/human-final-1.webp"],"repeatable":[{"raw":"https:\/\/static.trustedtranslations.com\/wp-content\/uploads\/2024\/03\/human-final-1.webp"}]},"imgs-temp-cel":{"type":"image","raw":[""],"repeatable":[{"raw":""}]},"img-temp-one-cel":{"type":"image","raw":"https:\/\/static.trustedtranslations.com\/wp-content\/uploads\/2024\/03\/AdobeStock_385542563-2-1.webp","attachment_id":null},"quotes":{"type":"textarea","raw":"<h1 style=\"margin-bottom: 12px;\">Servicios de Traducci\u00f3n Humana<\/h1>Cuando se trata de fluidez y calidad, los servicios de traducci\u00f3n humana son a\u00fan insuperables. En Trusted Translations ofrecemos servicios profesionales de traducci\u00f3n humana para todo tipo de documentos, sitios web y software que abarcan todos los formatos, vol\u00famenes e idiomas. Disponibles en m\u00e1s de 200 lenguas, nuestros servicios profesionales de traducci\u00f3n humana son r\u00e1pidos, precisos y para todo tipo de presupuesto.<div style=\"margin-top: 2.5vw;\"><a class=\"tt-btn-main-cta\" href=\"\/es\/presupuesto-sin-cargo\">SOLICITE UN PRESUPUESTO SIN CARGO<\/a><\/div>"},"text-1":{"type":"textarea","raw":"<h2>Servicios de Traducci\u00f3n Humana Profesional<\/h2>\r\nNuestro servicio de traducci\u00f3n humana es nuestra oferta principal y proporciona el mayor nivel de comprensi\u00f3n al usuario final. Para este servicio, empleamos un sistema de control de calidad humano de tres pasos, en el que tres ling\u00fcistas diferentes revisan cada traducci\u00f3n. Este proceso de triple verificaci\u00f3n ayuda a garantizar calidad y coherencia a lo largo de toda la traducci\u00f3n. Adem\u00e1s, nuestros ling\u00fcistas aprovechan la mejor tecnolog\u00eda existente en memorias de traducci\u00f3n, lo que mejora no solo la calidad, sino tambi\u00e9n los plazos de entrega y el costo general de un proyecto.\r\n<h2>Flujo de Trabajo de Traducci\u00f3n Humana<\/h2>\r\nEl siguiente es el flujo de trabajo t\u00edpico en un proyecto de traducci\u00f3n humana:\r\n<div class=\"imgs-flex-template flex-text-2\" style=\"margin-top: -30px;\">\r\n    <img src=\"https:\/\/www.trustedtranslations.com\/wp-content\/uploads\/img\/our-process.jpg\">\r\n    <div>\r\n        <p>Trusted Translations proporciona experiencia probada y comprobada en el manejo de cada paso de este complejo ciclo de m\u00faltiples etapas. Nuestro equipo se dedica a asegurarse de que sus proyectos de traducci\u00f3n cumplan todos sus objetivos y est\u00e1ndares mientras se ejecutan sin contratiempos.\r\n\r\nEn lugar de depender de la traducci\u00f3n autom\u00e1tica, en la que es f\u00e1cil que se introduzcan errores ling\u00fc\u00edsticos y demoras en el proceso, nuestro servicio de traducci\u00f3n humana est\u00e1 dise\u00f1ado para maximizar la legibilidad, la calidad y la consistencia. Para lograr esto, aprovechamos la experiencia y el conocimiento de los mejores ling\u00fcistas a nivel mundial.<\/p>\r\n    <\/div>\r\n<\/div>"},"shortcode-map":{"type":"textfield","raw":""},"dyk-shortcode":{"type":"textfield","raw":"[elementor-template id=\"139368\"]"},"text-2":{"type":"textarea","raw":"<h2>Proceso de Traducci\u00f3n Humana<\/h2>Para nuestros proyectos de traducci\u00f3n humana contamos con las personas con las mejores calificaciones en el \u00e1rea de traducci\u00f3n y localizaci\u00f3n. El proceso comienza con uno de nuestros expertos Gerentes de Cuenta, cuya misi\u00f3n principal es cerciorarse de que la traducci\u00f3n cumpla con exactitud sus especificaciones y metas. Ellos manejar\u00e1n su proyecto en cada paso del proceso y se asegurar\u00e1n de que la traducci\u00f3n se entregue a tiempo, con el mayor nivel de calidad de la industria.\r\n\r\nEn forma casi simult\u00e1nea, uno de nuestros Gerentes de Proyecto Principales se hace cargo de la planificaci\u00f3n, dirige la ejecuci\u00f3n y supervisa el control del proyecto. Cuando corresponde, un Gerente de Tecnolog\u00eda Inform\u00e1tica revisa todos los requisitos t\u00e9cnicos del proyecto. El Gerente de Dise\u00f1o Gr\u00e1fico (DTP, por sus siglas en ingl\u00e9s) supervisa la realizaci\u00f3n o adaptaci\u00f3n de cualquier gr\u00e1fico o formato que se requiera, de modo que el documento traducido refleje el original hasta el \u00faltimo detalle.\r\n\r\nNuestros equipos internos tienen gran experiencia en el manejo de proyectos de traducci\u00f3n humana y pueden resolver casi cualquier obst\u00e1culo, como formatos especiales o idiomas poco comunes y plazos de entrega ajustados.\r\n\r\n<h2>Traducci\u00f3n Humana de Calidad<\/h2>\r\nUno de los elementos clave detr\u00e1s de cada proyecto de traducci\u00f3n humana es el proceso de control de calidad. Tenemos un Proceso de Control de Calidad \u00fanico, dise\u00f1ado para garantizar que tres especialistas verifiquen por separado cada traducci\u00f3n.\r\n\r\nGracias a eso, el resultado final alcanza la mayor calidad posible. Un organismo independiente ha auditado los procesos de calidad de Trusted Translations, que ha considerado que cumplen todos los est\u00e1ndares de la norma ISO 9001:2015. Se encuentra disponible a solicitud una copia del registro del organismo independiente de Trusted Translations.\r\n\r\nComun\u00edquese con Trusted Translations para saber m\u00e1s sobre nuestras soluciones expertas y rentables para sus necesidades de traducci\u00f3n humana."},"state":{"type":"textfield","raw":""},"city":{"type":"textarea","raw":[]}}},"_links":{"self":[{"href":"https:\/\/www.trustedtranslations.com\/es\/wp-json\/wp\/v2\/pages\/127136","targetHints":{"allow":["GET"]}}],"collection":[{"href":"https:\/\/www.trustedtranslations.com\/es\/wp-json\/wp\/v2\/pages"}],"about":[{"href":"https:\/\/www.trustedtranslations.com\/es\/wp-json\/wp\/v2\/types\/page"}],"author":[{"embeddable":true,"href":"https:\/\/www.trustedtranslations.com\/es\/wp-json\/wp\/v2\/users\/1"}],"replies":[{"embeddable":true,"href":"https:\/\/www.trustedtranslations.com\/es\/wp-json\/wp\/v2\/comments?post=127136"}],"version-history":[{"count":0,"href":"https:\/\/www.trustedtranslations.com\/es\/wp-json\/wp\/v2\/pages\/127136\/revisions"}],"up":[{"embeddable":true,"href":"https:\/\/www.trustedtranslations.com\/es\/wp-json\/wp\/v2\/pages\/127151"}],"wp:featuredmedia":[{"embeddable":true,"href":"https:\/\/www.trustedtranslations.com\/es\/wp-json\/"}],"wp:attachment":[{"href":"https:\/\/www.trustedtranslations.com\/es\/wp-json\/wp\/v2\/media?parent=127136"}],"curies":[{"name":"wp","href":"https:\/\/api.w.org\/{rel}","templated":true}]}}