{"id":127141,"date":"2018-06-26T20:05:50","date_gmt":"2018-06-26T20:05:50","guid":{"rendered":"https:\/\/www.trustedtranslations.com\/?page_id=127141"},"modified":"2024-09-04T17:47:48","modified_gmt":"2024-09-04T20:47:48","slug":"globalizacion","status":"publish","type":"page","link":"https:\/\/www.trustedtranslations.com\/es\/servicios\/humano\/globalizacion","title":{"rendered":"Globalizaci\u00f3n"},"content":{"rendered":"","protected":false},"excerpt":{"rendered":"","protected":false},"author":1,"featured_media":235896,"parent":127136,"menu_order":4,"comment_status":"closed","ping_status":"closed","template":"","meta":{"site-sidebar-layout":"default","site-content-layout":"default","ast-site-content-layout":"default","site-content-style":"default","site-sidebar-style":"default","ast-global-header-display":"","ast-banner-title-visibility":"","ast-main-header-display":"","ast-hfb-above-header-display":"","ast-hfb-below-header-display":"","ast-hfb-mobile-header-display":"","site-post-title":"disabled","ast-breadcrumbs-content":"","ast-featured-img":"","footer-sml-layout":"","ast-disable-related-posts":"","theme-transparent-header-meta":"default","adv-header-id-meta":"","stick-header-meta":"","header-above-stick-meta":"","header-main-stick-meta":"","header-below-stick-meta":"","astra-migrate-meta-layouts":"set","ast-page-background-enabled":"default","ast-page-background-meta":{"desktop":{"background-color":"var(--ast-global-color-4)","background-image":"","background-repeat":"repeat","background-position":"center center","background-size":"auto","background-attachment":"scroll","background-type":"","background-media":"","overlay-type":"","overlay-color":"","overlay-opacity":"","overlay-gradient":""},"tablet":{"background-color":"","background-image":"","background-repeat":"repeat","background-position":"center center","background-size":"auto","background-attachment":"scroll","background-type":"","background-media":"","overlay-type":"","overlay-color":"","overlay-opacity":"","overlay-gradient":""},"mobile":{"background-color":"","background-image":"","background-repeat":"repeat","background-position":"center center","background-size":"auto","background-attachment":"scroll","background-type":"","background-media":"","overlay-type":"","overlay-color":"","overlay-opacity":"","overlay-gradient":""}},"ast-content-background-meta":{"desktop":{"background-color":"var(--ast-global-color-5)","background-image":"","background-repeat":"repeat","background-position":"center center","background-size":"auto","background-attachment":"scroll","background-type":"","background-media":"","overlay-type":"","overlay-color":"","overlay-opacity":"","overlay-gradient":""},"tablet":{"background-color":"var(--ast-global-color-5)","background-image":"","background-repeat":"repeat","background-position":"center center","background-size":"auto","background-attachment":"scroll","background-type":"","background-media":"","overlay-type":"","overlay-color":"","overlay-opacity":"","overlay-gradient":""},"mobile":{"background-color":"var(--ast-global-color-5)","background-image":"","background-repeat":"repeat","background-position":"center center","background-size":"auto","background-attachment":"scroll","background-type":"","background-media":"","overlay-type":"","overlay-color":"","overlay-opacity":"","overlay-gradient":""}},"footnotes":""},"class_list":["post-127141","page","type-page","status-publish","has-post-thumbnail","hentry"],"yoast_head":"<!-- This site is optimized with the Yoast SEO plugin v27.3 - https:\/\/yoast.com\/product\/yoast-seo-wordpress\/ -->\n<title>Globalizaci\u00f3n de Productos y Contenido: Trusted Translations, Inc.<\/title>\n<meta name=\"description\" content=\"Trusted Translations es conocida en la industria como una de las empresas l\u00edderes en la globalizaci\u00f3n de productos y contenidos. Haga una consulta o solicite un presupuesto sin cargo.\" \/>\n<meta name=\"robots\" content=\"index, follow, max-snippet:-1, max-image-preview:large, max-video-preview:-1\" \/>\n<link rel=\"canonical\" href=\"https:\/\/www.trustedtranslations.com\/es\/servicios\/humano\/globalizacion\" \/>\n<meta property=\"og:locale\" content=\"es_ES\" \/>\n<meta property=\"og:type\" content=\"article\" \/>\n<meta property=\"og:title\" content=\"Globalizaci\u00f3n de Productos y Contenido: Trusted Translations, Inc.\" \/>\n<meta property=\"og:description\" content=\"Trusted Translations es conocida en la industria como una de las empresas l\u00edderes en la globalizaci\u00f3n de productos y contenidos. Haga una consulta o solicite un presupuesto sin cargo.\" \/>\n<meta property=\"og:url\" content=\"https:\/\/www.trustedtranslations.com\/es\/servicios\/humano\/globalizacion\" \/>\n<meta property=\"og:site_name\" content=\"Trusted Translations\" \/>\n<meta property=\"article:publisher\" content=\"https:\/\/www.facebook.com\/Trusted.Translations\" \/>\n<meta property=\"article:modified_time\" content=\"2024-09-04T20:47:48+00:00\" \/>\n<meta property=\"og:image\" content=\"https:\/\/static.trustedtranslations.com\/wp-content\/uploads\/2024\/02\/TT-ICON_Globalization.webp\" \/>\n\t<meta property=\"og:image:width\" content=\"151\" \/>\n\t<meta property=\"og:image:height\" content=\"151\" \/>\n\t<meta property=\"og:image:type\" content=\"image\/webp\" \/>\n<meta name=\"twitter:card\" content=\"summary_large_image\" \/>\n<meta name=\"twitter:site\" content=\"@TrustedT9ns\" \/>\n<script type=\"application\/ld+json\" class=\"yoast-schema-graph\">{\"@context\":\"https:\\\/\\\/schema.org\",\"@graph\":[{\"@type\":\"WebPage\",\"@id\":\"https:\\\/\\\/www.trustedtranslations.com\\\/es\\\/servicios\\\/humano\\\/globalizacion\",\"url\":\"https:\\\/\\\/www.trustedtranslations.com\\\/es\\\/servicios\\\/humano\\\/globalizacion\",\"name\":\"Globalizaci\u00f3n de Productos y Contenido: Trusted Translations, Inc.\",\"isPartOf\":{\"@id\":\"https:\\\/\\\/www.trustedtranslations.com\\\/es\\\/#website\"},\"primaryImageOfPage\":{\"@id\":\"https:\\\/\\\/www.trustedtranslations.com\\\/es\\\/servicios\\\/humano\\\/globalizacion#primaryimage\"},\"image\":{\"@id\":\"https:\\\/\\\/www.trustedtranslations.com\\\/es\\\/servicios\\\/humano\\\/globalizacion#primaryimage\"},\"thumbnailUrl\":\"https:\\\/\\\/www.trustedtranslations.com\\\/wp-content\\\/uploads\\\/2024\\\/02\\\/TT-ICON_Globalization.webp\",\"description\":\"Trusted Translations es conocida en la industria como una de las empresas l\u00edderes en la globalizaci\u00f3n de productos y contenidos. Haga una consulta o solicite un presupuesto sin cargo.\",\"breadcrumb\":{\"@id\":\"https:\\\/\\\/www.trustedtranslations.com\\\/es\\\/servicios\\\/humano\\\/globalizacion#breadcrumb\"},\"inLanguage\":\"es\",\"potentialAction\":[{\"@type\":\"ReadAction\",\"target\":[\"https:\\\/\\\/www.trustedtranslations.com\\\/es\\\/servicios\\\/humano\\\/globalizacion\"]}]},{\"@type\":\"ImageObject\",\"inLanguage\":\"es\",\"@id\":\"https:\\\/\\\/www.trustedtranslations.com\\\/es\\\/servicios\\\/humano\\\/globalizacion#primaryimage\",\"url\":\"https:\\\/\\\/www.trustedtranslations.com\\\/wp-content\\\/uploads\\\/2024\\\/02\\\/TT-ICON_Globalization.webp\",\"contentUrl\":\"https:\\\/\\\/www.trustedtranslations.com\\\/wp-content\\\/uploads\\\/2024\\\/02\\\/TT-ICON_Globalization.webp\",\"width\":151,\"height\":151,\"caption\":\"TT ICON Globalization\"},{\"@type\":\"BreadcrumbList\",\"@id\":\"https:\\\/\\\/www.trustedtranslations.com\\\/es\\\/servicios\\\/humano\\\/globalizacion#breadcrumb\",\"itemListElement\":[{\"@type\":\"ListItem\",\"position\":1,\"name\":\"Home\",\"item\":\"https:\\\/\\\/www.trustedtranslations.com\\\/es\"},{\"@type\":\"ListItem\",\"position\":2,\"name\":\"Servicios\",\"item\":\"https:\\\/\\\/www.trustedtranslations.com\\\/es\\\/servicios\"},{\"@type\":\"ListItem\",\"position\":3,\"name\":\"Traducci\u00f3n Humana\",\"item\":\"https:\\\/\\\/www.trustedtranslations.com\\\/es\\\/servicios\\\/humano\"},{\"@type\":\"ListItem\",\"position\":4,\"name\":\"Globalizaci\u00f3n\"}]},{\"@type\":\"WebSite\",\"@id\":\"https:\\\/\\\/www.trustedtranslations.com\\\/es\\\/#website\",\"url\":\"https:\\\/\\\/www.trustedtranslations.com\\\/es\\\/\",\"name\":\"Trusted Translations, Inc.\",\"description\":\"Leader in translation and interpretation services.\",\"publisher\":{\"@id\":\"https:\\\/\\\/www.trustedtranslations.com\\\/es\\\/#organization\"},\"alternateName\":\"Trusted Translations\",\"potentialAction\":[{\"@type\":\"SearchAction\",\"target\":{\"@type\":\"EntryPoint\",\"urlTemplate\":\"https:\\\/\\\/www.trustedtranslations.com\\\/es\\\/?s={search_term_string}\"},\"query-input\":{\"@type\":\"PropertyValueSpecification\",\"valueRequired\":true,\"valueName\":\"search_term_string\"}}],\"inLanguage\":\"es\"},{\"@type\":\"Organization\",\"@id\":\"https:\\\/\\\/www.trustedtranslations.com\\\/es\\\/#organization\",\"name\":\"Trusted Translations\",\"alternateName\":\"Trusted Translations, Inc.\",\"url\":\"https:\\\/\\\/www.trustedtranslations.com\\\/es\\\/\",\"logo\":{\"@type\":\"ImageObject\",\"inLanguage\":\"es\",\"@id\":\"https:\\\/\\\/www.trustedtranslations.com\\\/es\\\/#\\\/schema\\\/logo\\\/image\\\/\",\"url\":\"https:\\\/\\\/static.trustedtranslations.com\\\/wp-content\\\/uploads\\\/2022\\\/01\\\/TT_logo_WSIColors-2.png\",\"contentUrl\":\"https:\\\/\\\/static.trustedtranslations.com\\\/wp-content\\\/uploads\\\/2022\\\/01\\\/TT_logo_WSIColors-2.png\",\"width\":500,\"height\":196,\"caption\":\"Trusted Translations\"},\"image\":{\"@id\":\"https:\\\/\\\/www.trustedtranslations.com\\\/es\\\/#\\\/schema\\\/logo\\\/image\\\/\"},\"sameAs\":[\"https:\\\/\\\/www.facebook.com\\\/Trusted.Translations\",\"https:\\\/\\\/x.com\\\/TrustedT9ns\",\"https:\\\/\\\/www.linkedin.com\\\/company\\\/trusted-translations\"]}]}<\/script>\n<!-- \/ Yoast SEO plugin. -->","yoast_head_json":{"title":"Globalizaci\u00f3n de Productos y Contenido: Trusted Translations, Inc.","description":"Trusted Translations es conocida en la industria como una de las empresas l\u00edderes en la globalizaci\u00f3n de productos y contenidos. Haga una consulta o solicite un presupuesto sin cargo.","robots":{"index":"index","follow":"follow","max-snippet":"max-snippet:-1","max-image-preview":"max-image-preview:large","max-video-preview":"max-video-preview:-1"},"canonical":"https:\/\/www.trustedtranslations.com\/es\/servicios\/humano\/globalizacion","og_locale":"es_ES","og_type":"article","og_title":"Globalizaci\u00f3n de Productos y Contenido: Trusted Translations, Inc.","og_description":"Trusted Translations es conocida en la industria como una de las empresas l\u00edderes en la globalizaci\u00f3n de productos y contenidos. Haga una consulta o solicite un presupuesto sin cargo.","og_url":"https:\/\/www.trustedtranslations.com\/es\/servicios\/humano\/globalizacion","og_site_name":"Trusted Translations","article_publisher":"https:\/\/www.facebook.com\/Trusted.Translations","article_modified_time":"2024-09-04T20:47:48+00:00","og_image":[{"width":151,"height":151,"url":"https:\/\/static.trustedtranslations.com\/wp-content\/uploads\/2024\/02\/TT-ICON_Globalization.webp","type":"image\/webp"}],"twitter_card":"summary_large_image","twitter_site":"@TrustedT9ns","schema":{"@context":"https:\/\/schema.org","@graph":[{"@type":"WebPage","@id":"https:\/\/www.trustedtranslations.com\/es\/servicios\/humano\/globalizacion","url":"https:\/\/www.trustedtranslations.com\/es\/servicios\/humano\/globalizacion","name":"Globalizaci\u00f3n de Productos y Contenido: Trusted Translations, Inc.","isPartOf":{"@id":"https:\/\/www.trustedtranslations.com\/es\/#website"},"primaryImageOfPage":{"@id":"https:\/\/www.trustedtranslations.com\/es\/servicios\/humano\/globalizacion#primaryimage"},"image":{"@id":"https:\/\/www.trustedtranslations.com\/es\/servicios\/humano\/globalizacion#primaryimage"},"thumbnailUrl":"https:\/\/www.trustedtranslations.com\/wp-content\/uploads\/2024\/02\/TT-ICON_Globalization.webp","description":"Trusted Translations es conocida en la industria como una de las empresas l\u00edderes en la globalizaci\u00f3n de productos y contenidos. Haga una consulta o solicite un presupuesto sin cargo.","breadcrumb":{"@id":"https:\/\/www.trustedtranslations.com\/es\/servicios\/humano\/globalizacion#breadcrumb"},"inLanguage":"es","potentialAction":[{"@type":"ReadAction","target":["https:\/\/www.trustedtranslations.com\/es\/servicios\/humano\/globalizacion"]}]},{"@type":"ImageObject","inLanguage":"es","@id":"https:\/\/www.trustedtranslations.com\/es\/servicios\/humano\/globalizacion#primaryimage","url":"https:\/\/www.trustedtranslations.com\/wp-content\/uploads\/2024\/02\/TT-ICON_Globalization.webp","contentUrl":"https:\/\/www.trustedtranslations.com\/wp-content\/uploads\/2024\/02\/TT-ICON_Globalization.webp","width":151,"height":151,"caption":"TT ICON Globalization"},{"@type":"BreadcrumbList","@id":"https:\/\/www.trustedtranslations.com\/es\/servicios\/humano\/globalizacion#breadcrumb","itemListElement":[{"@type":"ListItem","position":1,"name":"Home","item":"https:\/\/www.trustedtranslations.com\/es"},{"@type":"ListItem","position":2,"name":"Servicios","item":"https:\/\/www.trustedtranslations.com\/es\/servicios"},{"@type":"ListItem","position":3,"name":"Traducci\u00f3n Humana","item":"https:\/\/www.trustedtranslations.com\/es\/servicios\/humano"},{"@type":"ListItem","position":4,"name":"Globalizaci\u00f3n"}]},{"@type":"WebSite","@id":"https:\/\/www.trustedtranslations.com\/es\/#website","url":"https:\/\/www.trustedtranslations.com\/es\/","name":"Trusted Translations, Inc.","description":"Leader in translation and interpretation services.","publisher":{"@id":"https:\/\/www.trustedtranslations.com\/es\/#organization"},"alternateName":"Trusted Translations","potentialAction":[{"@type":"SearchAction","target":{"@type":"EntryPoint","urlTemplate":"https:\/\/www.trustedtranslations.com\/es\/?s={search_term_string}"},"query-input":{"@type":"PropertyValueSpecification","valueRequired":true,"valueName":"search_term_string"}}],"inLanguage":"es"},{"@type":"Organization","@id":"https:\/\/www.trustedtranslations.com\/es\/#organization","name":"Trusted Translations","alternateName":"Trusted Translations, Inc.","url":"https:\/\/www.trustedtranslations.com\/es\/","logo":{"@type":"ImageObject","inLanguage":"es","@id":"https:\/\/www.trustedtranslations.com\/es\/#\/schema\/logo\/image\/","url":"https:\/\/static.trustedtranslations.com\/wp-content\/uploads\/2022\/01\/TT_logo_WSIColors-2.png","contentUrl":"https:\/\/static.trustedtranslations.com\/wp-content\/uploads\/2022\/01\/TT_logo_WSIColors-2.png","width":500,"height":196,"caption":"Trusted Translations"},"image":{"@id":"https:\/\/www.trustedtranslations.com\/es\/#\/schema\/logo\/image\/"},"sameAs":["https:\/\/www.facebook.com\/Trusted.Translations","https:\/\/x.com\/TrustedT9ns","https:\/\/www.linkedin.com\/company\/trusted-translations"]}]}},"toolset-meta":{"dyk":{"mensaje-1":{"type":"textfield","raw":""},"mensaje-2":{"type":"textfield","raw":"Las memorias de traducci\u00f3n ahorran dinero y mejoran la fiabilidad de las traducciones."},"mensaje-3":{"type":"textfield","raw":"Globalizar su sitio reducir\u00e1 los costos de administraci\u00f3n de contenido y de agregar nuevos idiomas."},"mensaje-4":{"type":"textfield","raw":"Nuestros servicios var\u00edan desde la traducci\u00f3n de documentos simples hasta la globalizaci\u00f3n compleja."},"mensaje-5":{"type":"textfield","raw":""},"mensaje-6":{"type":"textfield","raw":""}},"single-page-template-fields":{"imgs-temp":{"type":"image","raw":["https:\/\/static.trustedtranslations.com\/wp-content\/uploads\/2024\/06\/globalization-final-1.webp"],"repeatable":[{"raw":"https:\/\/static.trustedtranslations.com\/wp-content\/uploads\/2024\/06\/globalization-final-1.webp"}]},"imgs-temp-cel":{"type":"image","raw":[""],"repeatable":[{"raw":""}]},"img-temp-one-cel":{"type":"image","raw":"https:\/\/static.trustedtranslations.com\/wp-content\/uploads\/2024\/06\/AdobeStock_157214625-2-1.webp","attachment_id":null},"quotes":{"type":"textarea","raw":"<h1 style=\"margin-bottom: 12px;\">Globalizaci\u00f3n y Soluciones Ling\u00fc\u00edsticas<\/h1>\r\nUn sentido muy espec\u00edfico de globalizaci\u00f3n se refiere al proceso de preparaci\u00f3n de un producto o servicio para ser ofrecido en muchos mercados o en todo el mundo. Como l\u00edder de la industria en la globalizaci\u00f3n de productos y contenidos, Trusted Translations lo ayudar\u00e1 a prepararse para los diferentes aspectos de hacer negocios en varios pa\u00edses.\r\n<div style=\"margin-top: 2.5vw;\"><a class=\"tt-btn-main-cta\" href=\"https:\/\/www.trustedtranslations.com\/es\/presupuesto-sin-cargo\">Solicite un presupuesto sin cargo<\/a><\/div>"},"text-1":{"type":"textarea","raw":"<h2>Globalizarse<\/h2>\r\nEs posible que haya escuchado el t\u00e9rmino \"globalizaci\u00f3n\" junto con dos conceptos relacionados: \u201cinternacionalizaci\u00f3n\u201d y \u201clocalizaci\u00f3n\u201d. Aunque su uso puede resultar confuso, una forma f\u00e1cil de entender la relaci\u00f3n entre los tres t\u00e9rminos es una f\u00f3rmula simple: globalizaci\u00f3n = internacionalizaci\u00f3n + localizaci\u00f3n.\r\n\r\nLa globalizaci\u00f3n es un proceso que abarca dos componentes complementarios pero distintos (de hecho, casi opuestos). La <em>internacionalizaci\u00f3n<\/em> es m\u00e1s general. Este t\u00e9rmino describe el uso del ciclo de planificaci\u00f3n y desarrollo para crear un producto o servicio que luego se pueda adaptar f\u00e1cilmente a varios mercados. Por otro lado, la <em>localizaci\u00f3n<\/em> es m\u00e1s espec\u00edfica; describe la adaptaci\u00f3n real de su producto o servicio a mercados espec\u00edficos despu\u00e9s de su lanzamiento.\r\n\r\nLa combinaci\u00f3n de internacionalizaci\u00f3n y localizaci\u00f3n produce globalizaci\u00f3n, un t\u00e9rmino de la industria que cubre el concepto m\u00e1s amplio de \u201cglobalizarse\u201d, es decir, de llevar su negocio a nuevos mercados en todo el mundo, como parte de una econom\u00eda internacional en la que el comercio viaja a trav\u00e9s de las fronteras.\r\n<h2>Servicios de Globalizaci\u00f3n<\/h2>\r\nEstas son varias de las \u00e1reas de globalizaci\u00f3n en las que se especializa <em>Trusted Translations<\/em>:\r\n<h3>Globalizaci\u00f3n de Productos<\/h3>\r\nLa globalizaci\u00f3n de productos crea o modifica un producto para que pueda usarse en muchos idiomas y culturas. Este proceso normalmente resulta en modificaciones a las interfaces de usuario, documentos t\u00e9cnicos, contenido de ayuda en l\u00ednea, acuerdos legales, etc. Como tal, puede involucrar material extremadamente complejo, como patentes, derechos de autor, contratos y m\u00e1s.\r\n\r\nLa globalizaci\u00f3n de productos tambi\u00e9n puede implicar la adaptaci\u00f3n de programas de <i>software<\/i> a una cultura local, la traducci\u00f3n de cualquier texto \u201cutilizable\u201d al idioma local y la modificaci\u00f3n de cierto contenido para que se ajuste al entorno local (como est\u00e1ndares el\u00e9ctricos o sistemas de medici\u00f3n).\r\n<h3>Globalizaci\u00f3n de Contenidos<\/h3>\r\nLa globalizaci\u00f3n de contenidos se refiere espec\u00edficamente a la adaptaci\u00f3n de determinados contenidos para su uso en un entorno internacional. Los tipos especiales de contenido prioritario para la globalizaci\u00f3n podr\u00edan incluir contenido en l\u00ednea, m\u00f3dulos de aprendizaje electr\u00f3nico, paquetes, documentaci\u00f3n t\u00e9cnica y texto de interfaz de usuario, es decir, todos los elementos m\u00e1s importantes para el usuario.\r\n\r\nDado que este contenido puede cambiar peri\u00f3dicamente, <em>Trusted Translations<\/em> trabajar\u00e1 con sus equipos de desarrollo de productos para garantizar que su organizaci\u00f3n pueda actualizar el texto de manera uniforme y consistente en todas las plataformas de medios, idiomas y audiencias objetivo.\r\n<h3>Globalizaci\u00f3n del Espa\u00f1ol<\/h3>\r\nLa globalizaci\u00f3n del espa\u00f1ol prepara un producto para lanzarlo en todos los pa\u00edses de habla hispana del mundo. A pesar de tener un idioma com\u00fan, cada pa\u00eds de habla hispana es \u00fanico. Por lo tanto, la localizaci\u00f3n del espa\u00f1ol es necesaria para las empresas que realmente est\u00e1n buscando adaptar sus productos y\/o servicios a mercados espec\u00edficos de habla hispana.\r\n\r\n<em>Trusted Translations<\/em> ha desarrollado una experiencia \u00fanica en la globalizaci\u00f3n del contenido en espa\u00f1ol para el mercado hispano de los Estados Unidos. Para obtener m\u00e1s informaci\u00f3n sobre nuestros servicios de localizaci\u00f3n en espa\u00f1ol, cont\u00e1ctenos o visite nuestra p\u00e1gina de <a href=\"https:\/\/www.trustedtranslations.com\/es\/servicios\/humano\/localizacion\" target=\"_blank\" rel=\"noopener\"><em>Localizaci\u00f3n<\/em><\/a>."},"shortcode-map":{"type":"textfield","raw":""},"dyk-shortcode":{"type":"textfield","raw":"[elementor-template id=\"139368\"]"},"text-2":{"type":"textarea","raw":"<h2>\u00bfPor qu\u00e9 las empresas deber\u00edan implementar la globalizaci\u00f3n?<\/h2>\r\nLa globalizaci\u00f3n ampl\u00eda el alcance de su mercado, facilita la aceptaci\u00f3n del producto y el aumento de las ventas en sus mercados objetivo y, en general, eleva el perfil de su organizaci\u00f3n. A medida que el mercado internacional se calienta, quiere seguir siendo competitivo y trabajar con expertos de la industria para desarrollar una internacionalizaci\u00f3n y localizaci\u00f3n de primer nivel.\r\n\r\nComun\u00edquese con <em>Trusted Translations<\/em> para obtener m\u00e1s informaci\u00f3n sobre c\u00f3mo podemos ayudarlo."},"state":{"type":"textfield","raw":""},"city":{"type":"textarea","raw":[]}}},"_links":{"self":[{"href":"https:\/\/www.trustedtranslations.com\/es\/wp-json\/wp\/v2\/pages\/127141","targetHints":{"allow":["GET"]}}],"collection":[{"href":"https:\/\/www.trustedtranslations.com\/es\/wp-json\/wp\/v2\/pages"}],"about":[{"href":"https:\/\/www.trustedtranslations.com\/es\/wp-json\/wp\/v2\/types\/page"}],"author":[{"embeddable":true,"href":"https:\/\/www.trustedtranslations.com\/es\/wp-json\/wp\/v2\/users\/1"}],"replies":[{"embeddable":true,"href":"https:\/\/www.trustedtranslations.com\/es\/wp-json\/wp\/v2\/comments?post=127141"}],"version-history":[{"count":0,"href":"https:\/\/www.trustedtranslations.com\/es\/wp-json\/wp\/v2\/pages\/127141\/revisions"}],"up":[{"embeddable":true,"href":"https:\/\/www.trustedtranslations.com\/es\/wp-json\/wp\/v2\/pages\/127136"}],"wp:featuredmedia":[{"embeddable":true,"href":"https:\/\/www.trustedtranslations.com\/es\/wp-json\/wp\/v2\/media\/235896"}],"wp:attachment":[{"href":"https:\/\/www.trustedtranslations.com\/es\/wp-json\/wp\/v2\/media?parent=127141"}],"curies":[{"name":"wp","href":"https:\/\/api.w.org\/{rel}","templated":true}]}}