{"id":127142,"date":"2018-06-26T20:05:50","date_gmt":"2018-06-26T20:05:50","guid":{"rendered":"https:\/\/www.trustedtranslations.com\/?page_id=127142"},"modified":"2024-09-02T17:18:19","modified_gmt":"2024-09-02T20:18:19","slug":"edicion-y-revision","status":"publish","type":"page","link":"https:\/\/www.trustedtranslations.com\/es\/servicios\/humano\/edicion-y-revision","title":{"rendered":"Edici\u00f3n y Revisi\u00f3n"},"content":{"rendered":"","protected":false},"excerpt":{"rendered":"","protected":false},"author":1,"featured_media":235909,"parent":127136,"menu_order":10,"comment_status":"closed","ping_status":"closed","template":"","meta":{"site-sidebar-layout":"default","site-content-layout":"default","ast-site-content-layout":"default","site-content-style":"default","site-sidebar-style":"default","ast-global-header-display":"","ast-banner-title-visibility":"","ast-main-header-display":"","ast-hfb-above-header-display":"","ast-hfb-below-header-display":"","ast-hfb-mobile-header-display":"","site-post-title":"disabled","ast-breadcrumbs-content":"","ast-featured-img":"","footer-sml-layout":"","ast-disable-related-posts":"","theme-transparent-header-meta":"default","adv-header-id-meta":"","stick-header-meta":"","header-above-stick-meta":"","header-main-stick-meta":"","header-below-stick-meta":"","astra-migrate-meta-layouts":"set","ast-page-background-enabled":"default","ast-page-background-meta":{"desktop":{"background-color":"var(--ast-global-color-4)","background-image":"","background-repeat":"repeat","background-position":"center center","background-size":"auto","background-attachment":"scroll","background-type":"","background-media":"","overlay-type":"","overlay-color":"","overlay-opacity":"","overlay-gradient":""},"tablet":{"background-color":"","background-image":"","background-repeat":"repeat","background-position":"center center","background-size":"auto","background-attachment":"scroll","background-type":"","background-media":"","overlay-type":"","overlay-color":"","overlay-opacity":"","overlay-gradient":""},"mobile":{"background-color":"","background-image":"","background-repeat":"repeat","background-position":"center center","background-size":"auto","background-attachment":"scroll","background-type":"","background-media":"","overlay-type":"","overlay-color":"","overlay-opacity":"","overlay-gradient":""}},"ast-content-background-meta":{"desktop":{"background-color":"var(--ast-global-color-5)","background-image":"","background-repeat":"repeat","background-position":"center center","background-size":"auto","background-attachment":"scroll","background-type":"","background-media":"","overlay-type":"","overlay-color":"","overlay-opacity":"","overlay-gradient":""},"tablet":{"background-color":"var(--ast-global-color-5)","background-image":"","background-repeat":"repeat","background-position":"center center","background-size":"auto","background-attachment":"scroll","background-type":"","background-media":"","overlay-type":"","overlay-color":"","overlay-opacity":"","overlay-gradient":""},"mobile":{"background-color":"var(--ast-global-color-5)","background-image":"","background-repeat":"repeat","background-position":"center center","background-size":"auto","background-attachment":"scroll","background-type":"","background-media":"","overlay-type":"","overlay-color":"","overlay-opacity":"","overlay-gradient":""}},"footnotes":""},"class_list":["post-127142","page","type-page","status-publish","has-post-thumbnail","hentry"],"yoast_head":"<!-- This site is optimized with the Yoast SEO plugin v27.3 - https:\/\/yoast.com\/product\/yoast-seo-wordpress\/ -->\n<title>Servicios de Traducci\u00f3n, Edici\u00f3n y Revisi\u00f3n: Trusted Translations, Inc.<\/title>\n<meta name=\"description\" content=\"Todos los proyectos de Trusted Translations, Inc. se someten a traducci\u00f3n, edici\u00f3n y revisi\u00f3n. Tambi\u00e9n ofrecemos revisi\u00f3n y edici\u00f3n de traducciones externas.\" \/>\n<meta name=\"robots\" content=\"index, follow, max-snippet:-1, max-image-preview:large, max-video-preview:-1\" \/>\n<link rel=\"canonical\" href=\"https:\/\/www.trustedtranslations.com\/es\/servicios\/humano\/edicion-y-revision\" \/>\n<meta property=\"og:locale\" content=\"es_ES\" \/>\n<meta property=\"og:type\" content=\"article\" \/>\n<meta property=\"og:title\" content=\"Servicios de Traducci\u00f3n, Edici\u00f3n y Revisi\u00f3n: Trusted Translations, Inc.\" \/>\n<meta property=\"og:description\" content=\"Todos los proyectos de Trusted Translations, Inc. se someten a traducci\u00f3n, edici\u00f3n y revisi\u00f3n. Tambi\u00e9n ofrecemos revisi\u00f3n y edici\u00f3n de traducciones externas.\" \/>\n<meta property=\"og:url\" content=\"https:\/\/www.trustedtranslations.com\/es\/servicios\/humano\/edicion-y-revision\" \/>\n<meta property=\"og:site_name\" content=\"Trusted Translations\" \/>\n<meta property=\"article:publisher\" content=\"https:\/\/www.facebook.com\/Trusted.Translations\" \/>\n<meta property=\"article:modified_time\" content=\"2024-09-02T20:18:19+00:00\" \/>\n<meta property=\"og:image\" content=\"https:\/\/static.trustedtranslations.com\/wp-content\/uploads\/2024\/02\/TT-ICON_Translation-Editing-an.webp\" \/>\n\t<meta property=\"og:image:width\" content=\"150\" \/>\n\t<meta property=\"og:image:height\" content=\"151\" \/>\n\t<meta property=\"og:image:type\" content=\"image\/webp\" \/>\n<meta name=\"twitter:card\" content=\"summary_large_image\" \/>\n<meta name=\"twitter:site\" content=\"@TrustedT9ns\" \/>\n<script type=\"application\/ld+json\" class=\"yoast-schema-graph\">{\"@context\":\"https:\\\/\\\/schema.org\",\"@graph\":[{\"@type\":\"WebPage\",\"@id\":\"https:\\\/\\\/www.trustedtranslations.com\\\/es\\\/servicios\\\/humano\\\/edicion-y-revision\",\"url\":\"https:\\\/\\\/www.trustedtranslations.com\\\/es\\\/servicios\\\/humano\\\/edicion-y-revision\",\"name\":\"Servicios de Traducci\u00f3n, Edici\u00f3n y Revisi\u00f3n: Trusted Translations, Inc.\",\"isPartOf\":{\"@id\":\"https:\\\/\\\/www.trustedtranslations.com\\\/es\\\/#website\"},\"primaryImageOfPage\":{\"@id\":\"https:\\\/\\\/www.trustedtranslations.com\\\/es\\\/servicios\\\/humano\\\/edicion-y-revision#primaryimage\"},\"image\":{\"@id\":\"https:\\\/\\\/www.trustedtranslations.com\\\/es\\\/servicios\\\/humano\\\/edicion-y-revision#primaryimage\"},\"thumbnailUrl\":\"https:\\\/\\\/www.trustedtranslations.com\\\/wp-content\\\/uploads\\\/2024\\\/02\\\/TT-ICON_Translation-Editing-an.webp\",\"description\":\"Todos los proyectos de Trusted Translations, Inc. se someten a traducci\u00f3n, edici\u00f3n y revisi\u00f3n. Tambi\u00e9n ofrecemos revisi\u00f3n y edici\u00f3n de traducciones externas.\",\"breadcrumb\":{\"@id\":\"https:\\\/\\\/www.trustedtranslations.com\\\/es\\\/servicios\\\/humano\\\/edicion-y-revision#breadcrumb\"},\"inLanguage\":\"es\",\"potentialAction\":[{\"@type\":\"ReadAction\",\"target\":[\"https:\\\/\\\/www.trustedtranslations.com\\\/es\\\/servicios\\\/humano\\\/edicion-y-revision\"]}]},{\"@type\":\"ImageObject\",\"inLanguage\":\"es\",\"@id\":\"https:\\\/\\\/www.trustedtranslations.com\\\/es\\\/servicios\\\/humano\\\/edicion-y-revision#primaryimage\",\"url\":\"https:\\\/\\\/www.trustedtranslations.com\\\/wp-content\\\/uploads\\\/2024\\\/02\\\/TT-ICON_Translation-Editing-an.webp\",\"contentUrl\":\"https:\\\/\\\/www.trustedtranslations.com\\\/wp-content\\\/uploads\\\/2024\\\/02\\\/TT-ICON_Translation-Editing-an.webp\",\"width\":150,\"height\":151,\"caption\":\"TT ICON Translation Editing an\"},{\"@type\":\"BreadcrumbList\",\"@id\":\"https:\\\/\\\/www.trustedtranslations.com\\\/es\\\/servicios\\\/humano\\\/edicion-y-revision#breadcrumb\",\"itemListElement\":[{\"@type\":\"ListItem\",\"position\":1,\"name\":\"Home\",\"item\":\"https:\\\/\\\/www.trustedtranslations.com\\\/es\"},{\"@type\":\"ListItem\",\"position\":2,\"name\":\"Servicios\",\"item\":\"https:\\\/\\\/www.trustedtranslations.com\\\/es\\\/servicios\"},{\"@type\":\"ListItem\",\"position\":3,\"name\":\"Traducci\u00f3n Humana\",\"item\":\"https:\\\/\\\/www.trustedtranslations.com\\\/es\\\/servicios\\\/humano\"},{\"@type\":\"ListItem\",\"position\":4,\"name\":\"Edici\u00f3n y Revisi\u00f3n\"}]},{\"@type\":\"WebSite\",\"@id\":\"https:\\\/\\\/www.trustedtranslations.com\\\/es\\\/#website\",\"url\":\"https:\\\/\\\/www.trustedtranslations.com\\\/es\\\/\",\"name\":\"Trusted Translations, Inc.\",\"description\":\"Leader in translation and interpretation services.\",\"publisher\":{\"@id\":\"https:\\\/\\\/www.trustedtranslations.com\\\/es\\\/#organization\"},\"alternateName\":\"Trusted Translations\",\"potentialAction\":[{\"@type\":\"SearchAction\",\"target\":{\"@type\":\"EntryPoint\",\"urlTemplate\":\"https:\\\/\\\/www.trustedtranslations.com\\\/es\\\/?s={search_term_string}\"},\"query-input\":{\"@type\":\"PropertyValueSpecification\",\"valueRequired\":true,\"valueName\":\"search_term_string\"}}],\"inLanguage\":\"es\"},{\"@type\":\"Organization\",\"@id\":\"https:\\\/\\\/www.trustedtranslations.com\\\/es\\\/#organization\",\"name\":\"Trusted Translations\",\"alternateName\":\"Trusted Translations, Inc.\",\"url\":\"https:\\\/\\\/www.trustedtranslations.com\\\/es\\\/\",\"logo\":{\"@type\":\"ImageObject\",\"inLanguage\":\"es\",\"@id\":\"https:\\\/\\\/www.trustedtranslations.com\\\/es\\\/#\\\/schema\\\/logo\\\/image\\\/\",\"url\":\"https:\\\/\\\/static.trustedtranslations.com\\\/wp-content\\\/uploads\\\/2022\\\/01\\\/TT_logo_WSIColors-2.png\",\"contentUrl\":\"https:\\\/\\\/static.trustedtranslations.com\\\/wp-content\\\/uploads\\\/2022\\\/01\\\/TT_logo_WSIColors-2.png\",\"width\":500,\"height\":196,\"caption\":\"Trusted Translations\"},\"image\":{\"@id\":\"https:\\\/\\\/www.trustedtranslations.com\\\/es\\\/#\\\/schema\\\/logo\\\/image\\\/\"},\"sameAs\":[\"https:\\\/\\\/www.facebook.com\\\/Trusted.Translations\",\"https:\\\/\\\/x.com\\\/TrustedT9ns\",\"https:\\\/\\\/www.linkedin.com\\\/company\\\/trusted-translations\"]}]}<\/script>\n<!-- \/ Yoast SEO plugin. -->","yoast_head_json":{"title":"Servicios de Traducci\u00f3n, Edici\u00f3n y Revisi\u00f3n: Trusted Translations, Inc.","description":"Todos los proyectos de Trusted Translations, Inc. se someten a traducci\u00f3n, edici\u00f3n y revisi\u00f3n. Tambi\u00e9n ofrecemos revisi\u00f3n y edici\u00f3n de traducciones externas.","robots":{"index":"index","follow":"follow","max-snippet":"max-snippet:-1","max-image-preview":"max-image-preview:large","max-video-preview":"max-video-preview:-1"},"canonical":"https:\/\/www.trustedtranslations.com\/es\/servicios\/humano\/edicion-y-revision","og_locale":"es_ES","og_type":"article","og_title":"Servicios de Traducci\u00f3n, Edici\u00f3n y Revisi\u00f3n: Trusted Translations, Inc.","og_description":"Todos los proyectos de Trusted Translations, Inc. se someten a traducci\u00f3n, edici\u00f3n y revisi\u00f3n. Tambi\u00e9n ofrecemos revisi\u00f3n y edici\u00f3n de traducciones externas.","og_url":"https:\/\/www.trustedtranslations.com\/es\/servicios\/humano\/edicion-y-revision","og_site_name":"Trusted Translations","article_publisher":"https:\/\/www.facebook.com\/Trusted.Translations","article_modified_time":"2024-09-02T20:18:19+00:00","og_image":[{"width":150,"height":151,"url":"https:\/\/static.trustedtranslations.com\/wp-content\/uploads\/2024\/02\/TT-ICON_Translation-Editing-an.webp","type":"image\/webp"}],"twitter_card":"summary_large_image","twitter_site":"@TrustedT9ns","schema":{"@context":"https:\/\/schema.org","@graph":[{"@type":"WebPage","@id":"https:\/\/www.trustedtranslations.com\/es\/servicios\/humano\/edicion-y-revision","url":"https:\/\/www.trustedtranslations.com\/es\/servicios\/humano\/edicion-y-revision","name":"Servicios de Traducci\u00f3n, Edici\u00f3n y Revisi\u00f3n: Trusted Translations, Inc.","isPartOf":{"@id":"https:\/\/www.trustedtranslations.com\/es\/#website"},"primaryImageOfPage":{"@id":"https:\/\/www.trustedtranslations.com\/es\/servicios\/humano\/edicion-y-revision#primaryimage"},"image":{"@id":"https:\/\/www.trustedtranslations.com\/es\/servicios\/humano\/edicion-y-revision#primaryimage"},"thumbnailUrl":"https:\/\/www.trustedtranslations.com\/wp-content\/uploads\/2024\/02\/TT-ICON_Translation-Editing-an.webp","description":"Todos los proyectos de Trusted Translations, Inc. se someten a traducci\u00f3n, edici\u00f3n y revisi\u00f3n. Tambi\u00e9n ofrecemos revisi\u00f3n y edici\u00f3n de traducciones externas.","breadcrumb":{"@id":"https:\/\/www.trustedtranslations.com\/es\/servicios\/humano\/edicion-y-revision#breadcrumb"},"inLanguage":"es","potentialAction":[{"@type":"ReadAction","target":["https:\/\/www.trustedtranslations.com\/es\/servicios\/humano\/edicion-y-revision"]}]},{"@type":"ImageObject","inLanguage":"es","@id":"https:\/\/www.trustedtranslations.com\/es\/servicios\/humano\/edicion-y-revision#primaryimage","url":"https:\/\/www.trustedtranslations.com\/wp-content\/uploads\/2024\/02\/TT-ICON_Translation-Editing-an.webp","contentUrl":"https:\/\/www.trustedtranslations.com\/wp-content\/uploads\/2024\/02\/TT-ICON_Translation-Editing-an.webp","width":150,"height":151,"caption":"TT ICON Translation Editing an"},{"@type":"BreadcrumbList","@id":"https:\/\/www.trustedtranslations.com\/es\/servicios\/humano\/edicion-y-revision#breadcrumb","itemListElement":[{"@type":"ListItem","position":1,"name":"Home","item":"https:\/\/www.trustedtranslations.com\/es"},{"@type":"ListItem","position":2,"name":"Servicios","item":"https:\/\/www.trustedtranslations.com\/es\/servicios"},{"@type":"ListItem","position":3,"name":"Traducci\u00f3n Humana","item":"https:\/\/www.trustedtranslations.com\/es\/servicios\/humano"},{"@type":"ListItem","position":4,"name":"Edici\u00f3n y Revisi\u00f3n"}]},{"@type":"WebSite","@id":"https:\/\/www.trustedtranslations.com\/es\/#website","url":"https:\/\/www.trustedtranslations.com\/es\/","name":"Trusted Translations, Inc.","description":"Leader in translation and interpretation services.","publisher":{"@id":"https:\/\/www.trustedtranslations.com\/es\/#organization"},"alternateName":"Trusted Translations","potentialAction":[{"@type":"SearchAction","target":{"@type":"EntryPoint","urlTemplate":"https:\/\/www.trustedtranslations.com\/es\/?s={search_term_string}"},"query-input":{"@type":"PropertyValueSpecification","valueRequired":true,"valueName":"search_term_string"}}],"inLanguage":"es"},{"@type":"Organization","@id":"https:\/\/www.trustedtranslations.com\/es\/#organization","name":"Trusted Translations","alternateName":"Trusted Translations, Inc.","url":"https:\/\/www.trustedtranslations.com\/es\/","logo":{"@type":"ImageObject","inLanguage":"es","@id":"https:\/\/www.trustedtranslations.com\/es\/#\/schema\/logo\/image\/","url":"https:\/\/static.trustedtranslations.com\/wp-content\/uploads\/2022\/01\/TT_logo_WSIColors-2.png","contentUrl":"https:\/\/static.trustedtranslations.com\/wp-content\/uploads\/2022\/01\/TT_logo_WSIColors-2.png","width":500,"height":196,"caption":"Trusted Translations"},"image":{"@id":"https:\/\/www.trustedtranslations.com\/es\/#\/schema\/logo\/image\/"},"sameAs":["https:\/\/www.facebook.com\/Trusted.Translations","https:\/\/x.com\/TrustedT9ns","https:\/\/www.linkedin.com\/company\/trusted-translations"]}]}},"toolset-meta":{"dyk":{"mensaje-1":{"type":"textfield","raw":"Ofrecemos servicios de traducci\u00f3n de documentos de todo tipo, formato, longitud e idioma."},"mensaje-2":{"type":"textfield","raw":"Nuestros editores no solo analizan la precisi\u00f3n, sino tambi\u00e9n el contexto cultural, el estilo y la fluidez de la lectura."},"mensaje-3":{"type":"textfield","raw":"Una edici\u00f3n de alta calidad lo ayudar\u00e1 a evitar costosos errores o reimpresiones."},"mensaje-4":{"type":"textfield","raw":""},"mensaje-5":{"type":"textfield","raw":""},"mensaje-6":{"type":"textfield","raw":""}},"single-page-template-fields":{"imgs-temp":{"type":"image","raw":["https:\/\/static.trustedtranslations.com\/wp-content\/uploads\/2024\/06\/services-final-6-1.webp"],"repeatable":[{"raw":"https:\/\/static.trustedtranslations.com\/wp-content\/uploads\/2024\/06\/services-final-6-1.webp"}]},"imgs-temp-cel":{"type":"image","raw":[""],"repeatable":[{"raw":""}]},"img-temp-one-cel":{"type":"image","raw":"https:\/\/static.trustedtranslations.com\/wp-content\/uploads\/2024\/06\/AdobeStock_459902324-5-1.webp","attachment_id":null},"quotes":{"type":"textarea","raw":"<h1 style=\"margin-bottom: 12px;\">Servicios de Traducci\u00f3n, Edici\u00f3n y Revisi\u00f3n<\/h1>\r\nEl precio por palabra de <em>Trusted Translations<\/em> para un servicio completo de traducci\u00f3n de alta calidad incluye <strong>traducci\u00f3n<\/strong>, <strong>edici\u00f3n<\/strong> y <strong>revisi\u00f3n<\/strong> (TEP) realizadas por ling\u00fcistas calificados diferentes. Adem\u00e1s de este servicio completo, tambi\u00e9n ofrecemos otras opciones personalizadas basadas en los prop\u00f3sitos de usabilidad espec\u00edficos de nuestros clientes, el tiempo de respuesta y las especificaciones de presupuesto.\r\n\r\nAdem\u00e1s, tambi\u00e9n podemos proporcionar servicios de revisi\u00f3n y edici\u00f3n de traducciones realizadas por otra fuente.\r\n<div style=\"margin-top: 2.5vw;\"><a class=\"tt-btn-main-cta\" href=\"https:\/\/www.trustedtranslations.com\/es\/presupuesto-sin-cargo\">Solicite un presupuesto sin cargo<\/a><\/div>"},"text-1":{"type":"textarea","raw":"<h2>Edici\u00f3n y Revisi\u00f3n de Documentos Traducidos por otras Fuentes<\/h2>\r\nUn documento traducido bien redactado y sin errores puede marcar la diferencia, no solo para transmitir el mensaje correcto, sino tambi\u00e9n para promover su reputaci\u00f3n.\r\n\r\n<em>Trusted Translations<\/em> tambi\u00e9n puede trabajar con texto traducido por otras fuentes para garantizar una calidad m\u00e1s alta del producto final. Ya sea que haya utilizado a otra agencia, un recurso de su personal interno o simplemente un amigo, con nuestros servicios de edici\u00f3n y revisi\u00f3n se asegurar\u00e1 de obtener la traducci\u00f3n m\u00e1s precisa, coherente, confiable y correcta posible desde el punto de vista gramatical.\r\n<h2>Servicios de Edici\u00f3n<\/h2>\r\nEl servicio de edici\u00f3n profesional de <em>Trusted Translations<\/em> se dedica a revisar y resolver problemas en materiales traducidos con anterioridad. Ya sea que quiera volver a revisar su texto traducido o que no est\u00e9 satisfecho con la traducci\u00f3n original, en <em>Trusted Translations<\/em> tenemos editores especializados listos para revisar sus documentos.\r\n\r\nTambi\u00e9n tendremos en cuenta nuevos aportes o consideraciones (como un nuevo mercado objetivo) y al editar el texto y adaptarlo a un mercado local en particular, podremos brindarle un verdadero <a href=\"https:\/\/www.trustedtranslations.com\/es\/servicios\/humano\/localizacion\"><strong>servicio de localizaci\u00f3n<\/strong><\/a>.\u00a0En <em>Trusted Translations<\/em>, realizaremos un an\u00e1lisis exhaustivo de su documentaci\u00f3n en cuanto a precisi\u00f3n, estilo, puntuaci\u00f3n, problemas culturales potenciales, coherencia, gram\u00e1tica, fluidez de lectura y m\u00e1s. Nuestros servicios de edici\u00f3n est\u00e1n destinados a ayudar a los clientes en cada etapa de un proyecto. Tambi\u00e9n aceptamos trabajar y coordinarnos con otras agencias de manera que usted reciba el producto final m\u00e1s preciso y confiable posible.\r\n\r\nNo asuma el riesgo de publicar un documento que puede no estar listo ni verificado como exacto en su totalidad. Tener que reimprimir, volver a publicar y redistribuir un texto es costoso y puede da\u00f1ar su credibilidad en su mercado objetivo, sin mencionar que desperdicia una cantidad significativa de tiempo en el proceso.\r\n\r\n<em>Trusted Translations<\/em> le brindar\u00e1 esa seguridad extra que necesita antes de presionar la tecla de impresi\u00f3n."},"shortcode-map":{"type":"textfield","raw":""},"dyk-shortcode":{"type":"textfield","raw":"[elementor-template id=\"139368\"]"},"text-2":{"type":"textarea","raw":"<h2>Servicios de Revisi\u00f3n<\/h2>\r\nEn <em>Trusted Translations<\/em>, ofrecemos el servicio de revisi\u00f3n m\u00e1s completo posible. Un examen cuidadoso del tono y la coherencia del contenido est\u00e1 en el n\u00facleo de nuestro servicio de revisi\u00f3n, que incluye el an\u00e1lisis de la organizaci\u00f3n del contenido, la coherencia, el tono y el estilo del texto. Tambi\u00e9n volvemos a revisarlo en caso de que hubiera errores de ortograf\u00eda, puntuaci\u00f3n y del uso de las may\u00fasculas.\r\n\r\nLa revisi\u00f3n es diferente de la edici\u00f3n de lo traducido porque implica releer su documento solo en el idioma de destino, y compararlo \u00fanicamente con el contenido de origen en caso de que el significado no parezca lo bastante claro para el lector final.\r\n\r\nSi tiene preguntas sobre los servicios de edici\u00f3n o revisi\u00f3n de <em>Trusted Translations<\/em>, o si se pregunta cu\u00e1l de los dos ser\u00eda el correcto para usted, comun\u00edquese con nosotros hoy mismo."},"state":{"type":"textfield","raw":""},"city":{"type":"textarea","raw":[]}}},"_links":{"self":[{"href":"https:\/\/www.trustedtranslations.com\/es\/wp-json\/wp\/v2\/pages\/127142","targetHints":{"allow":["GET"]}}],"collection":[{"href":"https:\/\/www.trustedtranslations.com\/es\/wp-json\/wp\/v2\/pages"}],"about":[{"href":"https:\/\/www.trustedtranslations.com\/es\/wp-json\/wp\/v2\/types\/page"}],"author":[{"embeddable":true,"href":"https:\/\/www.trustedtranslations.com\/es\/wp-json\/wp\/v2\/users\/1"}],"replies":[{"embeddable":true,"href":"https:\/\/www.trustedtranslations.com\/es\/wp-json\/wp\/v2\/comments?post=127142"}],"version-history":[{"count":0,"href":"https:\/\/www.trustedtranslations.com\/es\/wp-json\/wp\/v2\/pages\/127142\/revisions"}],"up":[{"embeddable":true,"href":"https:\/\/www.trustedtranslations.com\/es\/wp-json\/wp\/v2\/pages\/127136"}],"wp:featuredmedia":[{"embeddable":true,"href":"https:\/\/www.trustedtranslations.com\/es\/wp-json\/wp\/v2\/media\/235909"}],"wp:attachment":[{"href":"https:\/\/www.trustedtranslations.com\/es\/wp-json\/wp\/v2\/media?parent=127142"}],"curies":[{"name":"wp","href":"https:\/\/api.w.org\/{rel}","templated":true}]}}