{"id":127143,"date":"2018-06-26T20:05:49","date_gmt":"2018-06-26T20:05:49","guid":{"rendered":"https:\/\/www.trustedtranslations.com\/?page_id=127143"},"modified":"2024-09-18T17:31:06","modified_gmt":"2024-09-18T20:31:06","slug":"diseno-grafico","status":"publish","type":"page","link":"https:\/\/www.trustedtranslations.com\/es\/servicios\/humano\/diseno-grafico","title":{"rendered":"Dise\u00f1o Gr\u00e1fico"},"content":{"rendered":"","protected":false},"excerpt":{"rendered":"","protected":false},"author":1,"featured_media":235537,"parent":127136,"menu_order":6,"comment_status":"closed","ping_status":"closed","template":"","meta":{"site-sidebar-layout":"default","site-content-layout":"default","ast-site-content-layout":"default","site-content-style":"default","site-sidebar-style":"default","ast-global-header-display":"","ast-banner-title-visibility":"","ast-main-header-display":"","ast-hfb-above-header-display":"","ast-hfb-below-header-display":"","ast-hfb-mobile-header-display":"","site-post-title":"disabled","ast-breadcrumbs-content":"","ast-featured-img":"","footer-sml-layout":"","ast-disable-related-posts":"","theme-transparent-header-meta":"default","adv-header-id-meta":"","stick-header-meta":"","header-above-stick-meta":"","header-main-stick-meta":"","header-below-stick-meta":"","astra-migrate-meta-layouts":"set","ast-page-background-enabled":"default","ast-page-background-meta":{"desktop":{"background-color":"var(--ast-global-color-4)","background-image":"","background-repeat":"repeat","background-position":"center center","background-size":"auto","background-attachment":"scroll","background-type":"","background-media":"","overlay-type":"","overlay-color":"","overlay-opacity":"","overlay-gradient":""},"tablet":{"background-color":"","background-image":"","background-repeat":"repeat","background-position":"center center","background-size":"auto","background-attachment":"scroll","background-type":"","background-media":"","overlay-type":"","overlay-color":"","overlay-opacity":"","overlay-gradient":""},"mobile":{"background-color":"","background-image":"","background-repeat":"repeat","background-position":"center center","background-size":"auto","background-attachment":"scroll","background-type":"","background-media":"","overlay-type":"","overlay-color":"","overlay-opacity":"","overlay-gradient":""}},"ast-content-background-meta":{"desktop":{"background-color":"var(--ast-global-color-5)","background-image":"","background-repeat":"repeat","background-position":"center center","background-size":"auto","background-attachment":"scroll","background-type":"","background-media":"","overlay-type":"","overlay-color":"","overlay-opacity":"","overlay-gradient":""},"tablet":{"background-color":"var(--ast-global-color-5)","background-image":"","background-repeat":"repeat","background-position":"center center","background-size":"auto","background-attachment":"scroll","background-type":"","background-media":"","overlay-type":"","overlay-color":"","overlay-opacity":"","overlay-gradient":""},"mobile":{"background-color":"var(--ast-global-color-5)","background-image":"","background-repeat":"repeat","background-position":"center center","background-size":"auto","background-attachment":"scroll","background-type":"","background-media":"","overlay-type":"","overlay-color":"","overlay-opacity":"","overlay-gradient":""}},"footnotes":""},"class_list":["post-127143","page","type-page","status-publish","has-post-thumbnail","hentry"],"yoast_head":"<!-- This site is optimized with the Yoast SEO plugin v27.3 - https:\/\/yoast.com\/product\/yoast-seo-wordpress\/ -->\n<title>Dise\u00f1o Gr\u00e1fico: DTP, Formatos de Traducci\u00f3n<\/title>\n<meta name=\"description\" content=\"Los equipos de dise\u00f1o gr\u00e1fico de Trusted Translations conocen la importancia de mantener el formato y el dise\u00f1o del documento original. Solicite un presupuesto sin cargo.\" \/>\n<meta name=\"robots\" content=\"index, follow, max-snippet:-1, max-image-preview:large, max-video-preview:-1\" \/>\n<link rel=\"canonical\" href=\"https:\/\/www.trustedtranslations.com\/es\/servicios\/humano\/diseno-grafico\" \/>\n<meta property=\"og:locale\" content=\"es_ES\" \/>\n<meta property=\"og:type\" content=\"article\" \/>\n<meta property=\"og:title\" content=\"Dise\u00f1o Gr\u00e1fico: DTP, Formatos de Traducci\u00f3n\" \/>\n<meta property=\"og:description\" content=\"Los equipos de dise\u00f1o gr\u00e1fico de Trusted Translations conocen la importancia de mantener el formato y el dise\u00f1o del documento original. Solicite un presupuesto sin cargo.\" \/>\n<meta property=\"og:url\" content=\"https:\/\/www.trustedtranslations.com\/es\/servicios\/humano\/diseno-grafico\" \/>\n<meta property=\"og:site_name\" content=\"Trusted Translations\" \/>\n<meta property=\"article:publisher\" content=\"https:\/\/www.facebook.com\/Trusted.Translations\" \/>\n<meta property=\"article:modified_time\" content=\"2024-09-18T20:31:06+00:00\" \/>\n<meta property=\"og:image\" content=\"https:\/\/static.trustedtranslations.com\/wp-content\/uploads\/2024\/02\/TT-ICON_Desktop-Publishing.webp\" \/>\n\t<meta property=\"og:image:width\" content=\"151\" \/>\n\t<meta property=\"og:image:height\" content=\"150\" \/>\n\t<meta property=\"og:image:type\" content=\"image\/webp\" \/>\n<meta name=\"twitter:card\" content=\"summary_large_image\" \/>\n<meta name=\"twitter:site\" content=\"@TrustedT9ns\" \/>\n<script type=\"application\/ld+json\" class=\"yoast-schema-graph\">{\"@context\":\"https:\\\/\\\/schema.org\",\"@graph\":[{\"@type\":\"WebPage\",\"@id\":\"https:\\\/\\\/www.trustedtranslations.com\\\/es\\\/servicios\\\/humano\\\/diseno-grafico\",\"url\":\"https:\\\/\\\/www.trustedtranslations.com\\\/es\\\/servicios\\\/humano\\\/diseno-grafico\",\"name\":\"Dise\u00f1o Gr\u00e1fico: DTP, Formatos de Traducci\u00f3n\",\"isPartOf\":{\"@id\":\"https:\\\/\\\/www.trustedtranslations.com\\\/es\\\/#website\"},\"primaryImageOfPage\":{\"@id\":\"https:\\\/\\\/www.trustedtranslations.com\\\/es\\\/servicios\\\/humano\\\/diseno-grafico#primaryimage\"},\"image\":{\"@id\":\"https:\\\/\\\/www.trustedtranslations.com\\\/es\\\/servicios\\\/humano\\\/diseno-grafico#primaryimage\"},\"thumbnailUrl\":\"https:\\\/\\\/www.trustedtranslations.com\\\/wp-content\\\/uploads\\\/2024\\\/02\\\/TT-ICON_Desktop-Publishing.webp\",\"description\":\"Los equipos de dise\u00f1o gr\u00e1fico de Trusted Translations conocen la importancia de mantener el formato y el dise\u00f1o del documento original. Solicite un presupuesto sin cargo.\",\"breadcrumb\":{\"@id\":\"https:\\\/\\\/www.trustedtranslations.com\\\/es\\\/servicios\\\/humano\\\/diseno-grafico#breadcrumb\"},\"inLanguage\":\"es\",\"potentialAction\":[{\"@type\":\"ReadAction\",\"target\":[\"https:\\\/\\\/www.trustedtranslations.com\\\/es\\\/servicios\\\/humano\\\/diseno-grafico\"]}]},{\"@type\":\"ImageObject\",\"inLanguage\":\"es\",\"@id\":\"https:\\\/\\\/www.trustedtranslations.com\\\/es\\\/servicios\\\/humano\\\/diseno-grafico#primaryimage\",\"url\":\"https:\\\/\\\/www.trustedtranslations.com\\\/wp-content\\\/uploads\\\/2024\\\/02\\\/TT-ICON_Desktop-Publishing.webp\",\"contentUrl\":\"https:\\\/\\\/www.trustedtranslations.com\\\/wp-content\\\/uploads\\\/2024\\\/02\\\/TT-ICON_Desktop-Publishing.webp\",\"width\":151,\"height\":150,\"caption\":\"TT ICON Desktop Publishing\"},{\"@type\":\"BreadcrumbList\",\"@id\":\"https:\\\/\\\/www.trustedtranslations.com\\\/es\\\/servicios\\\/humano\\\/diseno-grafico#breadcrumb\",\"itemListElement\":[{\"@type\":\"ListItem\",\"position\":1,\"name\":\"Home\",\"item\":\"https:\\\/\\\/www.trustedtranslations.com\\\/es\"},{\"@type\":\"ListItem\",\"position\":2,\"name\":\"Servicios\",\"item\":\"https:\\\/\\\/www.trustedtranslations.com\\\/es\\\/servicios\"},{\"@type\":\"ListItem\",\"position\":3,\"name\":\"Traducci\u00f3n Humana\",\"item\":\"https:\\\/\\\/www.trustedtranslations.com\\\/es\\\/servicios\\\/humano\"},{\"@type\":\"ListItem\",\"position\":4,\"name\":\"Dise\u00f1o Gr\u00e1fico\"}]},{\"@type\":\"WebSite\",\"@id\":\"https:\\\/\\\/www.trustedtranslations.com\\\/es\\\/#website\",\"url\":\"https:\\\/\\\/www.trustedtranslations.com\\\/es\\\/\",\"name\":\"Trusted Translations, Inc.\",\"description\":\"Leader in translation and interpretation services.\",\"publisher\":{\"@id\":\"https:\\\/\\\/www.trustedtranslations.com\\\/es\\\/#organization\"},\"alternateName\":\"Trusted Translations\",\"potentialAction\":[{\"@type\":\"SearchAction\",\"target\":{\"@type\":\"EntryPoint\",\"urlTemplate\":\"https:\\\/\\\/www.trustedtranslations.com\\\/es\\\/?s={search_term_string}\"},\"query-input\":{\"@type\":\"PropertyValueSpecification\",\"valueRequired\":true,\"valueName\":\"search_term_string\"}}],\"inLanguage\":\"es\"},{\"@type\":\"Organization\",\"@id\":\"https:\\\/\\\/www.trustedtranslations.com\\\/es\\\/#organization\",\"name\":\"Trusted Translations\",\"alternateName\":\"Trusted Translations, Inc.\",\"url\":\"https:\\\/\\\/www.trustedtranslations.com\\\/es\\\/\",\"logo\":{\"@type\":\"ImageObject\",\"inLanguage\":\"es\",\"@id\":\"https:\\\/\\\/www.trustedtranslations.com\\\/es\\\/#\\\/schema\\\/logo\\\/image\\\/\",\"url\":\"https:\\\/\\\/static.trustedtranslations.com\\\/wp-content\\\/uploads\\\/2022\\\/01\\\/TT_logo_WSIColors-2.png\",\"contentUrl\":\"https:\\\/\\\/static.trustedtranslations.com\\\/wp-content\\\/uploads\\\/2022\\\/01\\\/TT_logo_WSIColors-2.png\",\"width\":500,\"height\":196,\"caption\":\"Trusted Translations\"},\"image\":{\"@id\":\"https:\\\/\\\/www.trustedtranslations.com\\\/es\\\/#\\\/schema\\\/logo\\\/image\\\/\"},\"sameAs\":[\"https:\\\/\\\/www.facebook.com\\\/Trusted.Translations\",\"https:\\\/\\\/x.com\\\/TrustedT9ns\",\"https:\\\/\\\/www.linkedin.com\\\/company\\\/trusted-translations\"]}]}<\/script>\n<!-- \/ Yoast SEO plugin. -->","yoast_head_json":{"title":"Dise\u00f1o Gr\u00e1fico: DTP, Formatos de Traducci\u00f3n","description":"Los equipos de dise\u00f1o gr\u00e1fico de Trusted Translations conocen la importancia de mantener el formato y el dise\u00f1o del documento original. Solicite un presupuesto sin cargo.","robots":{"index":"index","follow":"follow","max-snippet":"max-snippet:-1","max-image-preview":"max-image-preview:large","max-video-preview":"max-video-preview:-1"},"canonical":"https:\/\/www.trustedtranslations.com\/es\/servicios\/humano\/diseno-grafico","og_locale":"es_ES","og_type":"article","og_title":"Dise\u00f1o Gr\u00e1fico: DTP, Formatos de Traducci\u00f3n","og_description":"Los equipos de dise\u00f1o gr\u00e1fico de Trusted Translations conocen la importancia de mantener el formato y el dise\u00f1o del documento original. Solicite un presupuesto sin cargo.","og_url":"https:\/\/www.trustedtranslations.com\/es\/servicios\/humano\/diseno-grafico","og_site_name":"Trusted Translations","article_publisher":"https:\/\/www.facebook.com\/Trusted.Translations","article_modified_time":"2024-09-18T20:31:06+00:00","og_image":[{"width":151,"height":150,"url":"https:\/\/static.trustedtranslations.com\/wp-content\/uploads\/2024\/02\/TT-ICON_Desktop-Publishing.webp","type":"image\/webp"}],"twitter_card":"summary_large_image","twitter_site":"@TrustedT9ns","schema":{"@context":"https:\/\/schema.org","@graph":[{"@type":"WebPage","@id":"https:\/\/www.trustedtranslations.com\/es\/servicios\/humano\/diseno-grafico","url":"https:\/\/www.trustedtranslations.com\/es\/servicios\/humano\/diseno-grafico","name":"Dise\u00f1o Gr\u00e1fico: DTP, Formatos de Traducci\u00f3n","isPartOf":{"@id":"https:\/\/www.trustedtranslations.com\/es\/#website"},"primaryImageOfPage":{"@id":"https:\/\/www.trustedtranslations.com\/es\/servicios\/humano\/diseno-grafico#primaryimage"},"image":{"@id":"https:\/\/www.trustedtranslations.com\/es\/servicios\/humano\/diseno-grafico#primaryimage"},"thumbnailUrl":"https:\/\/www.trustedtranslations.com\/wp-content\/uploads\/2024\/02\/TT-ICON_Desktop-Publishing.webp","description":"Los equipos de dise\u00f1o gr\u00e1fico de Trusted Translations conocen la importancia de mantener el formato y el dise\u00f1o del documento original. Solicite un presupuesto sin cargo.","breadcrumb":{"@id":"https:\/\/www.trustedtranslations.com\/es\/servicios\/humano\/diseno-grafico#breadcrumb"},"inLanguage":"es","potentialAction":[{"@type":"ReadAction","target":["https:\/\/www.trustedtranslations.com\/es\/servicios\/humano\/diseno-grafico"]}]},{"@type":"ImageObject","inLanguage":"es","@id":"https:\/\/www.trustedtranslations.com\/es\/servicios\/humano\/diseno-grafico#primaryimage","url":"https:\/\/www.trustedtranslations.com\/wp-content\/uploads\/2024\/02\/TT-ICON_Desktop-Publishing.webp","contentUrl":"https:\/\/www.trustedtranslations.com\/wp-content\/uploads\/2024\/02\/TT-ICON_Desktop-Publishing.webp","width":151,"height":150,"caption":"TT ICON Desktop Publishing"},{"@type":"BreadcrumbList","@id":"https:\/\/www.trustedtranslations.com\/es\/servicios\/humano\/diseno-grafico#breadcrumb","itemListElement":[{"@type":"ListItem","position":1,"name":"Home","item":"https:\/\/www.trustedtranslations.com\/es"},{"@type":"ListItem","position":2,"name":"Servicios","item":"https:\/\/www.trustedtranslations.com\/es\/servicios"},{"@type":"ListItem","position":3,"name":"Traducci\u00f3n Humana","item":"https:\/\/www.trustedtranslations.com\/es\/servicios\/humano"},{"@type":"ListItem","position":4,"name":"Dise\u00f1o Gr\u00e1fico"}]},{"@type":"WebSite","@id":"https:\/\/www.trustedtranslations.com\/es\/#website","url":"https:\/\/www.trustedtranslations.com\/es\/","name":"Trusted Translations, Inc.","description":"Leader in translation and interpretation services.","publisher":{"@id":"https:\/\/www.trustedtranslations.com\/es\/#organization"},"alternateName":"Trusted Translations","potentialAction":[{"@type":"SearchAction","target":{"@type":"EntryPoint","urlTemplate":"https:\/\/www.trustedtranslations.com\/es\/?s={search_term_string}"},"query-input":{"@type":"PropertyValueSpecification","valueRequired":true,"valueName":"search_term_string"}}],"inLanguage":"es"},{"@type":"Organization","@id":"https:\/\/www.trustedtranslations.com\/es\/#organization","name":"Trusted Translations","alternateName":"Trusted Translations, Inc.","url":"https:\/\/www.trustedtranslations.com\/es\/","logo":{"@type":"ImageObject","inLanguage":"es","@id":"https:\/\/www.trustedtranslations.com\/es\/#\/schema\/logo\/image\/","url":"https:\/\/static.trustedtranslations.com\/wp-content\/uploads\/2022\/01\/TT_logo_WSIColors-2.png","contentUrl":"https:\/\/static.trustedtranslations.com\/wp-content\/uploads\/2022\/01\/TT_logo_WSIColors-2.png","width":500,"height":196,"caption":"Trusted Translations"},"image":{"@id":"https:\/\/www.trustedtranslations.com\/es\/#\/schema\/logo\/image\/"},"sameAs":["https:\/\/www.facebook.com\/Trusted.Translations","https:\/\/x.com\/TrustedT9ns","https:\/\/www.linkedin.com\/company\/trusted-translations"]}]}},"toolset-meta":{"dyk":{"mensaje-1":{"type":"textfield","raw":"Trusted Translations emplea a dise\u00f1adores para proyectos de dise\u00f1o gr\u00e1fico complejos."},"mensaje-2":{"type":"textfield","raw":"Nuestros dise\u00f1adores se asegurar\u00e1n de que los colores, los gr\u00e1ficos y otras im\u00e1genes se adapten a sus mercados objetivo."},"mensaje-3":{"type":"textfield","raw":"Los servicios de dise\u00f1o gr\u00e1fico est\u00e1n disponibles como parte de nuestro proceso de traducci\u00f3n de servicio completo."},"mensaje-4":{"type":"textfield","raw":"Empleamos a especialistas en marketing de sitios web para mejorar su presencia en l\u00ednea."},"mensaje-5":{"type":"textfield","raw":""},"mensaje-6":{"type":"textfield","raw":""}},"single-page-template-fields":{"imgs-temp":{"type":"image","raw":["https:\/\/static.trustedtranslations.com\/wp-content\/uploads\/2024\/06\/services-final-5-1.webp"],"repeatable":[{"raw":"https:\/\/static.trustedtranslations.com\/wp-content\/uploads\/2024\/06\/services-final-5-1.webp"}]},"imgs-temp-cel":{"type":"image","raw":[""],"repeatable":[{"raw":""}]},"img-temp-one-cel":{"type":"image","raw":"https:\/\/static.trustedtranslations.com\/wp-content\/uploads\/2024\/06\/AdobeStock_433818564-1-1.webp","attachment_id":null},"quotes":{"type":"textarea","raw":"<h1 style=\"margin-bottom: 12px;\">Servicios de Dise\u00f1o Gr\u00e1fico Multiling\u00fce<\/h1>\r\nLos servicios de dise\u00f1o gr\u00e1fico (DTP, Desktop Publishing) pueden ser un componente cr\u00edtico dentro de un proyecto de traducci\u00f3n. Muchas traducciones implican composici\u00f3n tipogr\u00e1fica, gr\u00e1ficos, dise\u00f1os de sitios web, etc. Nuestros equipos se especializan en servicios de dise\u00f1o relacionados con la traducci\u00f3n, dise\u00f1o gr\u00e1fico, documentaci\u00f3n y proyectos de localizaci\u00f3n gr\u00e1fica de alta calidad con una respuesta r\u00e1pida.\r\n<div style=\"margin-top: 2.5vw;\"><a class=\"tt-btn-main-cta\" href=\"https:\/\/www.trustedtranslations.com\/es\/presupuesto-sin-cargo\">Solicite un presupuesto sin cargo<\/a><\/div>"},"text-1":{"type":"textarea","raw":"<h2>DTP en Trusted Translations<\/h2>\r\nTrusted Translations cuenta con equipos internos exclusivos, compuestos por los mejores editores y dise\u00f1adores con experiencia especializada en la industria de la traducci\u00f3n.\u00a0 La mayor\u00eda de los documentos de traducci\u00f3n necesitan alg\u00fan tipo de dise\u00f1o para garantizar que la apariencia del producto final sea lo m\u00e1s cercana posible al documento original. Para documentos con gr\u00e1ficos pesados y un dise\u00f1o complejo, el dise\u00f1o gr\u00e1fico juega un papel esencial en asegurar que el texto traducido se adapte al dise\u00f1o original.\u00a0 Caso contrario, el producto final, a pesar de haber sido traducido de manera correcta, se puede ver poco profesional. En Trusted Translations, no derivamos los proyectos de dise\u00f1o gr\u00e1fico. M\u00e1s bien, confiamos en la pericia de nuestros dise\u00f1adores internos para garantizar que usted reciba no solo la mejor calidad de traducci\u00f3n, sino que tambi\u00e9n el dise\u00f1o final sea coherente con el documento original.\r\n<h2>Equipos de Dise\u00f1o Gr\u00e1fico<\/h2>\r\nLa ventaja de contar con nuestros propios dise\u00f1adores dentro de la empresa es tener control absoluto sobre la calidad y la fecha de entrega programada. Adem\u00e1s, ellos pueden comunicarse con nuestros gerentes de proyecto de manera fluida y en tiempo real, para intercambiar ideas e informaci\u00f3n.\r\n\r\nTodos los integrantes de nuestro equipo de dise\u00f1o est\u00e1n capacitados en el proceso de traducci\u00f3n y trabajan codo a codo con los traductores, editores y revisores para asegurarse que el producto final refleje la versi\u00f3n m\u00e1s precisa y actualizada del texto.\r\n\r\nUn elemento esencial en la funci\u00f3n del dise\u00f1ador gr\u00e1fico es evaluar cada proyecto en t\u00e9rminos visuales para garantizar que sea aceptable desde un punto de vista cultural. Para llevar a cabo este proceso de localizaci\u00f3n,<strong>\u00a0<\/strong>nuestros expertos en DTP eval\u00faan los elementos gr\u00e1ficos y las opciones de color para asegurarse de que no sean insensibles u ofensivos para las audiencias y culturas objetivo y se adapten al mercado local cuando sea necesario. El dise\u00f1o tambi\u00e9n debe evaluar las implicaciones textuales y gramaticales, ya que ciertos idiomas est\u00e1n orientados de manera diferente en la p\u00e1gina o usan puntuaci\u00f3n y caracteres distintos.\r\n\r\nNuestros equipos de dise\u00f1o se especializan en tiempos de ejecuci\u00f3n r\u00e1pidos y en proyectos de localizaci\u00f3n de documentos y gr\u00e1ficos de alta calidad."},"shortcode-map":{"type":"textfield","raw":""},"dyk-shortcode":{"type":"textfield","raw":"[elementor-template id=\"139368\"]"},"text-2":{"type":"textarea","raw":"<h2>Formato de Traducci\u00f3n y Dise\u00f1o<\/h2>\r\nCon una gran comprensi\u00f3n de los matices de las diferentes tecnolog\u00edas,\u00a0<em>Trusted Translations<\/em>\u00a0conoce la importancia de mantener el formato electr\u00f3nico y el dise\u00f1o del documento original. Sin importar el formato, le entregaremos la traducci\u00f3n final en el mismo formato que el documento original. Esto minimiza cualquier problema administrativo y permite que pueda utilizar la traducci\u00f3n de manera inmediata.\r\n<h2>Servicios de Dise\u00f1o Gr\u00e1fico (DTP)<\/h2>\r\nLos equipos de DTP de <em>Trusted Translations<\/em> tienen la experiencia necesaria para producir documentos de calidad profesional localizados en cualquier formato, por ejemplo:\r\n<div class=\"row\">\r\n<div class=\"col-xs-24 col-sm-8 text-center padding-tt\"><img src=\"\/wp-content\/uploads\/img\/icons\/adobe-reader-pdf.png\" alt=\"\u00cdcono de Adobe Reader PDF\" width=\"30%\" height=\"30%\" \/>\r\n<a href=\"https:\/\/www.trustedtranslations.com\/es\/servicios\/formatos-de-archivos\/pdf\">Adobe Acrobat - PDF<\/a><\/div>\r\n<div class=\"col-xs-24 col-sm-8 text-center padding-tt\"><img src=\"\/wp-content\/uploads\/img\/icons\/flash.png\" alt=\"\u00cdcono de Adobe Flash\" width=\"30%\" height=\"30%\" \/>\r\n<a href=\"https:\/\/www.trustedtranslations.com\/es\/servicios\/formatos-de-archivos\/flash\">Adobe Flash<\/a><\/div>\r\n<div class=\"col-xs-24 col-sm-8 text-center padding-tt\"><img src=\"\/wp-content\/uploads\/img\/icons\/framemaker.png\" alt=\"\u00cdcono de Adobe FrameMaker\" width=\"30%\" height=\"30%\" \/>\r\n<a href=\"https:\/\/www.trustedtranslations.com\/es\/servicios\/formatos-de-archivos\/framemaker\">Adobe FrameMaker<\/a><\/div>\r\n<\/div>\r\n<div class=\"row\">\r\n<div class=\"col-xs-24 col-sm-8 text-center padding-tt\"><img src=\"\/wp-content\/uploads\/img\/icons\/adobe-illustrator.png\" alt=\"\u00cdcono de Adobe Illustrator PDF\" width=\"30%\" height=\"30%\" \/>\r\n<a href=\"https:\/\/www.trustedtranslations.com\/es\/servicios\/formatos-de-archivos\/imagenes\">Adobe Illustrator<\/a><\/div>\r\n<div class=\"col-xs-24 col-sm-8 text-center padding-tt\"><img src=\"\/wp-content\/uploads\/img\/icons\/adobe-indesign.png\" alt=\"\u00cdcono de Adobe Indesign\" width=\"30%\" height=\"30%\" \/>\r\n<a href=\"https:\/\/www.trustedtranslations.com\/es\/servicios\/formatos-de-archivos\/indesign\">Adobe InDesign<\/a><\/div>\r\n<div class=\"col-xs-24 col-sm-8 text-center padding-tt\"><img src=\"\/wp-content\/uploads\/img\/icons\/adobe-photoshop.png\" alt=\"\u00cdcono de Adobe Photoshop\" width=\"30%\" height=\"30%\" \/>\r\n<a href=\"https:\/\/www.trustedtranslations.com\/es\/servicios\/formatos-de-archivos\/imagenes\">Adobe Photoshop<\/a><\/div>\r\n<\/div>\r\n<div class=\"row\">\r\n<div class=\"col-xs-24 col-sm-8 text-center padding-tt\"><img src=\"\/wp-content\/uploads\/img\/icons\/premiere.png\" alt=\"\u00cdcono de Adobe Premiere\" width=\"30%\" height=\"30%\" \/>\r\n<a href=\"https:\/\/www.trustedtranslations.com\/es\/servicios\/formatos-de-archivos\/premiere\">Adobe Premiere<\/a><\/div>\r\n<div class=\"col-xs-24 col-sm-8 text-center padding-tt\"><img src=\"\/wp-content\/uploads\/img\/icons\/autocad.png\" alt=\"\u00cdcono de Autocad\" width=\"30%\" height=\"30%\" \/>\r\n<a href=\"https:\/\/www.trustedtranslations.com\/es\/servicios\/formatos-de-archivos\/autocad\">AutoCAD<\/a><\/div>\r\n<div class=\"col-xs-24 col-sm-8 text-center padding-tt\"><img src=\"\/wp-content\/uploads\/img\/icons\/coreldraw.png\" alt=\"\u00cdcono de Corel Draw\" width=\"30%\" height=\"30%\" \/>\r\n<a href=\"https:\/\/www.trustedtranslations.com\/es\/servicios\/formatos-de-archivos\/coreldraw\">Corel Draw<\/a><\/div>\r\n<\/div>\r\n<div class=\"row\">\r\n<div class=\"col-xs-24 col-sm-8 text-center padding-tt\"><img src=\"\/wp-content\/uploads\/img\/icons\/excel.png\" alt=\"\u00cdcono de Microsoft Excel\" width=\"30%\" height=\"30%\" \/>\r\n<a href=\"https:\/\/www.trustedtranslations.com\/es\/servicios\/formatos-de-archivos\/excel\">Microsoft Excel<\/a><\/div>\r\n<div class=\"col-xs-24 col-sm-8 text-center padding-tt\"><img src=\"\/wp-content\/uploads\/img\/icons\/powerpoint.png\" alt=\"\u00cdcono de Microsoft PowerPoint\" width=\"30%\" height=\"30%\" \/>\r\n<a href=\"https:\/\/www.trustedtranslations.com\/es\/servicios\/formatos-de-archivos\/powerpoint\">Microsoft PowerPoint<\/a><\/div>\r\n<div class=\"col-xs-24 col-sm-8 text-center padding-tt\"><img src=\"\/wp-content\/uploads\/img\/icons\/project.png\" alt=\"Microsoft Project\" width=\"30%\" height=\"30%\" \/>\r\n<a href=\"https:\/\/www.trustedtranslations.com\/es\/servicios\/formatos-de-archivos\/project\">Microsoft Project<\/a><\/div>\r\n<\/div>\r\n<div class=\"row\">\r\n<div class=\"col-xs-24 col-sm-8 text-center padding-tt\"><img src=\"\/wp-content\/uploads\/img\/icons\/publisher.png\" alt=\"\u00cdcono de Microsoft Publisher\" width=\"30%\" height=\"30%\" \/>\r\n<a href=\"https:\/\/www.trustedtranslations.com\/es\/servicios\/formatos-de-archivos\/publisher\">Microsoft Publisher<\/a><\/div>\r\n<div class=\"col-xs-24 col-sm-8 text-center padding-tt\"><img src=\"\/wp-content\/uploads\/img\/icons\/visio.png\" alt=\"\u00cdcono de Microsoft Visio\" width=\"30%\" height=\"30%\" \/>\r\n<a href=\"https:\/\/www.trustedtranslations.com\/es\/servicios\/formatos-de-archivos\/visio\">Microsoft Visio<\/a><\/div>\r\n<div class=\"col-xs-24 col-sm-8 text-center padding-tt\"><img src=\"\/wp-content\/uploads\/img\/icons\/word.png\" alt=\"\u00cdcono de Microsoft Word\" width=\"30%\" height=\"30%\" \/>\r\n<a href=\"https:\/\/www.trustedtranslations.com\/es\/servicios\/formatos-de-archivos\/word\">Microsoft Word<\/a><\/div>\r\n<\/div>\r\n<div class=\"row\">\r\n<div class=\"col-xs-24 col-sm-8 text-center padding-tt\"><img src=\"\/wp-content\/uploads\/img\/icons\/quarkxpress.png\" alt=\"\u00cdcono de QuarkXPress\" width=\"30%\" height=\"30%\" \/>\r\n<a href=\"https:\/\/www.trustedtranslations.com\/es\/servicios\/formatos-de-archivos\/quarkxpress\">QuarkXPress<\/a><\/div>\r\n<div class=\"col-xs-24 col-sm-8 text-center padding-tt\"><img src=\"\/wp-content\/uploads\/img\/icons\/pages.png\" alt=\"\u00cdcono de iOS\" width=\"30%\" height=\"30%\" \/>\r\n<a href=\"https:\/\/www.trustedtranslations.com\/es\/servicios\/formatos-de-archivos\/pages-for-mac\">Pages para Mac<\/a><\/div>\r\n<\/div>\r\nPor lo general, ofrecemos nuestros servicios de DTP como parte de nuestro proceso de traducci\u00f3n completo, pero tambi\u00e9n ofrecemos servicios de DTP para las traducciones hechas por otra agencia o un tercero."},"state":{"type":"textfield","raw":""},"city":{"type":"textarea","raw":[]}}},"_links":{"self":[{"href":"https:\/\/www.trustedtranslations.com\/es\/wp-json\/wp\/v2\/pages\/127143","targetHints":{"allow":["GET"]}}],"collection":[{"href":"https:\/\/www.trustedtranslations.com\/es\/wp-json\/wp\/v2\/pages"}],"about":[{"href":"https:\/\/www.trustedtranslations.com\/es\/wp-json\/wp\/v2\/types\/page"}],"author":[{"embeddable":true,"href":"https:\/\/www.trustedtranslations.com\/es\/wp-json\/wp\/v2\/users\/1"}],"replies":[{"embeddable":true,"href":"https:\/\/www.trustedtranslations.com\/es\/wp-json\/wp\/v2\/comments?post=127143"}],"version-history":[{"count":0,"href":"https:\/\/www.trustedtranslations.com\/es\/wp-json\/wp\/v2\/pages\/127143\/revisions"}],"up":[{"embeddable":true,"href":"https:\/\/www.trustedtranslations.com\/es\/wp-json\/wp\/v2\/pages\/127136"}],"wp:featuredmedia":[{"embeddable":true,"href":"https:\/\/www.trustedtranslations.com\/es\/wp-json\/wp\/v2\/media\/235537"}],"wp:attachment":[{"href":"https:\/\/www.trustedtranslations.com\/es\/wp-json\/wp\/v2\/media?parent=127143"}],"curies":[{"name":"wp","href":"https:\/\/api.w.org\/{rel}","templated":true}]}}