{"id":127149,"date":"2018-06-26T20:05:47","date_gmt":"2018-06-26T20:05:47","guid":{"rendered":"https:\/\/www.trustedtranslations.com\/?page_id=127149"},"modified":"2024-09-02T17:17:25","modified_gmt":"2024-09-02T20:17:25","slug":"asl","status":"publish","type":"page","link":"https:\/\/www.trustedtranslations.com\/es\/servicios\/interpretacion-presencial\/asl","title":{"rendered":"ASL"},"content":{"rendered":"","protected":false},"excerpt":{"rendered":"","protected":false},"author":1,"featured_media":223056,"parent":127135,"menu_order":0,"comment_status":"closed","ping_status":"closed","template":"","meta":{"site-sidebar-layout":"default","site-content-layout":"default","ast-site-content-layout":"default","site-content-style":"default","site-sidebar-style":"default","ast-global-header-display":"","ast-banner-title-visibility":"","ast-main-header-display":"","ast-hfb-above-header-display":"","ast-hfb-below-header-display":"","ast-hfb-mobile-header-display":"","site-post-title":"disabled","ast-breadcrumbs-content":"","ast-featured-img":"","footer-sml-layout":"","ast-disable-related-posts":"","theme-transparent-header-meta":"default","adv-header-id-meta":"","stick-header-meta":"","header-above-stick-meta":"","header-main-stick-meta":"","header-below-stick-meta":"","astra-migrate-meta-layouts":"set","ast-page-background-enabled":"default","ast-page-background-meta":{"desktop":{"background-color":"var(--ast-global-color-4)","background-image":"","background-repeat":"repeat","background-position":"center center","background-size":"auto","background-attachment":"scroll","background-type":"","background-media":"","overlay-type":"","overlay-color":"","overlay-opacity":"","overlay-gradient":""},"tablet":{"background-color":"","background-image":"","background-repeat":"repeat","background-position":"center center","background-size":"auto","background-attachment":"scroll","background-type":"","background-media":"","overlay-type":"","overlay-color":"","overlay-opacity":"","overlay-gradient":""},"mobile":{"background-color":"","background-image":"","background-repeat":"repeat","background-position":"center center","background-size":"auto","background-attachment":"scroll","background-type":"","background-media":"","overlay-type":"","overlay-color":"","overlay-opacity":"","overlay-gradient":""}},"ast-content-background-meta":{"desktop":{"background-color":"var(--ast-global-color-5)","background-image":"","background-repeat":"repeat","background-position":"center center","background-size":"auto","background-attachment":"scroll","background-type":"","background-media":"","overlay-type":"","overlay-color":"","overlay-opacity":"","overlay-gradient":""},"tablet":{"background-color":"var(--ast-global-color-5)","background-image":"","background-repeat":"repeat","background-position":"center center","background-size":"auto","background-attachment":"scroll","background-type":"","background-media":"","overlay-type":"","overlay-color":"","overlay-opacity":"","overlay-gradient":""},"mobile":{"background-color":"var(--ast-global-color-5)","background-image":"","background-repeat":"repeat","background-position":"center center","background-size":"auto","background-attachment":"scroll","background-type":"","background-media":"","overlay-type":"","overlay-color":"","overlay-opacity":"","overlay-gradient":""}},"footnotes":""},"class_list":["post-127149","page","type-page","status-publish","has-post-thumbnail","hentry"],"yoast_head":"<!-- This site is optimized with the Yoast SEO plugin v27.3 - https:\/\/yoast.com\/product\/yoast-seo-wordpress\/ -->\n<title>Servicios de Interpretaci\u00f3n de ASL y Lenguas de Se\u00f1as: Trusted Translations, Inc.<\/title>\n<meta name=\"description\" content=\"Trusted Translations es l\u00edder en servicios de interpretaci\u00f3n de lengua de se\u00f1as estadounidense (ASL, por sus siglas en ingl\u00e9s) y otras lenguas de se\u00f1as. Cont\u00e1ctenos para pedir un presupuesto sin cargo de ASL u otra lengua de se\u00f1as.\" \/>\n<meta name=\"robots\" content=\"index, follow, max-snippet:-1, max-image-preview:large, max-video-preview:-1\" \/>\n<link rel=\"canonical\" href=\"https:\/\/www.trustedtranslations.com\/es\/servicios\/interpretacion-presencial\/asl\" \/>\n<meta property=\"og:locale\" content=\"es_ES\" \/>\n<meta property=\"og:type\" content=\"article\" \/>\n<meta property=\"og:title\" content=\"Servicios de Interpretaci\u00f3n de ASL y Lenguas de Se\u00f1as: Trusted Translations, Inc.\" \/>\n<meta property=\"og:description\" content=\"Trusted Translations es l\u00edder en servicios de interpretaci\u00f3n de lengua de se\u00f1as estadounidense (ASL, por sus siglas en ingl\u00e9s) y otras lenguas de se\u00f1as. Cont\u00e1ctenos para pedir un presupuesto sin cargo de ASL u otra lengua de se\u00f1as.\" \/>\n<meta property=\"og:url\" content=\"https:\/\/www.trustedtranslations.com\/es\/servicios\/interpretacion-presencial\/asl\" \/>\n<meta property=\"og:site_name\" content=\"Trusted Translations\" \/>\n<meta property=\"article:publisher\" content=\"https:\/\/www.facebook.com\/Trusted.Translations\" \/>\n<meta property=\"article:modified_time\" content=\"2024-09-02T20:17:25+00:00\" \/>\n<meta property=\"og:image\" content=\"https:\/\/static.trustedtranslations.com\/wp-content\/uploads\/2022\/08\/TT_NEW_FB-1.png\" \/>\n\t<meta property=\"og:image:width\" content=\"1\" \/>\n\t<meta property=\"og:image:height\" content=\"1\" \/>\n\t<meta property=\"og:image:type\" content=\"image\/jpeg\" \/>\n<meta name=\"twitter:card\" content=\"summary_large_image\" \/>\n<meta name=\"twitter:site\" content=\"@TrustedT9ns\" \/>\n<script type=\"application\/ld+json\" class=\"yoast-schema-graph\">{\"@context\":\"https:\\\/\\\/schema.org\",\"@graph\":[{\"@type\":\"WebPage\",\"@id\":\"https:\\\/\\\/www.trustedtranslations.com\\\/es\\\/servicios\\\/interpretacion-presencial\\\/asl\",\"url\":\"https:\\\/\\\/www.trustedtranslations.com\\\/es\\\/servicios\\\/interpretacion-presencial\\\/asl\",\"name\":\"Servicios de Interpretaci\u00f3n de ASL y Lenguas de Se\u00f1as: Trusted Translations, Inc.\",\"isPartOf\":{\"@id\":\"https:\\\/\\\/www.trustedtranslations.com\\\/es\\\/#website\"},\"primaryImageOfPage\":{\"@id\":\"https:\\\/\\\/www.trustedtranslations.com\\\/es\\\/servicios\\\/interpretacion-presencial\\\/asl#primaryimage\"},\"image\":{\"@id\":\"https:\\\/\\\/www.trustedtranslations.com\\\/es\\\/servicios\\\/interpretacion-presencial\\\/asl#primaryimage\"},\"thumbnailUrl\":\"https:\\\/\\\/www.trustedtranslations.com\\\/wp-content\\\/uploads\\\/2022\\\/08\\\/TT_NEW_FB-1.png\",\"description\":\"Trusted Translations es l\u00edder en servicios de interpretaci\u00f3n de lengua de se\u00f1as estadounidense (ASL, por sus siglas en ingl\u00e9s) y otras lenguas de se\u00f1as. Cont\u00e1ctenos para pedir un presupuesto sin cargo de ASL u otra lengua de se\u00f1as.\",\"breadcrumb\":{\"@id\":\"https:\\\/\\\/www.trustedtranslations.com\\\/es\\\/servicios\\\/interpretacion-presencial\\\/asl#breadcrumb\"},\"inLanguage\":\"es\",\"potentialAction\":[{\"@type\":\"ReadAction\",\"target\":[\"https:\\\/\\\/www.trustedtranslations.com\\\/es\\\/servicios\\\/interpretacion-presencial\\\/asl\"]}]},{\"@type\":\"ImageObject\",\"inLanguage\":\"es\",\"@id\":\"https:\\\/\\\/www.trustedtranslations.com\\\/es\\\/servicios\\\/interpretacion-presencial\\\/asl#primaryimage\",\"url\":\"https:\\\/\\\/www.trustedtranslations.com\\\/wp-content\\\/uploads\\\/2022\\\/08\\\/TT_NEW_FB-1.png\",\"contentUrl\":\"https:\\\/\\\/www.trustedtranslations.com\\\/wp-content\\\/uploads\\\/2022\\\/08\\\/TT_NEW_FB-1.png\",\"caption\":\"TT NEW FB 1\"},{\"@type\":\"BreadcrumbList\",\"@id\":\"https:\\\/\\\/www.trustedtranslations.com\\\/es\\\/servicios\\\/interpretacion-presencial\\\/asl#breadcrumb\",\"itemListElement\":[{\"@type\":\"ListItem\",\"position\":1,\"name\":\"Home\",\"item\":\"https:\\\/\\\/www.trustedtranslations.com\\\/es\"},{\"@type\":\"ListItem\",\"position\":2,\"name\":\"Servicios\",\"item\":\"https:\\\/\\\/www.trustedtranslations.com\\\/es\\\/servicios\"},{\"@type\":\"ListItem\",\"position\":3,\"name\":\"Interpretaci\u00f3n presencial\",\"item\":\"https:\\\/\\\/www.trustedtranslations.com\\\/es\\\/servicios\\\/interpretacion-presencial\"},{\"@type\":\"ListItem\",\"position\":4,\"name\":\"ASL\"}]},{\"@type\":\"WebSite\",\"@id\":\"https:\\\/\\\/www.trustedtranslations.com\\\/es\\\/#website\",\"url\":\"https:\\\/\\\/www.trustedtranslations.com\\\/es\\\/\",\"name\":\"Trusted Translations, Inc.\",\"description\":\"Leader in translation and interpretation services.\",\"publisher\":{\"@id\":\"https:\\\/\\\/www.trustedtranslations.com\\\/es\\\/#organization\"},\"alternateName\":\"Trusted Translations\",\"potentialAction\":[{\"@type\":\"SearchAction\",\"target\":{\"@type\":\"EntryPoint\",\"urlTemplate\":\"https:\\\/\\\/www.trustedtranslations.com\\\/es\\\/?s={search_term_string}\"},\"query-input\":{\"@type\":\"PropertyValueSpecification\",\"valueRequired\":true,\"valueName\":\"search_term_string\"}}],\"inLanguage\":\"es\"},{\"@type\":\"Organization\",\"@id\":\"https:\\\/\\\/www.trustedtranslations.com\\\/es\\\/#organization\",\"name\":\"Trusted Translations\",\"alternateName\":\"Trusted Translations, Inc.\",\"url\":\"https:\\\/\\\/www.trustedtranslations.com\\\/es\\\/\",\"logo\":{\"@type\":\"ImageObject\",\"inLanguage\":\"es\",\"@id\":\"https:\\\/\\\/www.trustedtranslations.com\\\/es\\\/#\\\/schema\\\/logo\\\/image\\\/\",\"url\":\"https:\\\/\\\/static.trustedtranslations.com\\\/wp-content\\\/uploads\\\/2022\\\/01\\\/TT_logo_WSIColors-2.png\",\"contentUrl\":\"https:\\\/\\\/static.trustedtranslations.com\\\/wp-content\\\/uploads\\\/2022\\\/01\\\/TT_logo_WSIColors-2.png\",\"width\":500,\"height\":196,\"caption\":\"Trusted Translations\"},\"image\":{\"@id\":\"https:\\\/\\\/www.trustedtranslations.com\\\/es\\\/#\\\/schema\\\/logo\\\/image\\\/\"},\"sameAs\":[\"https:\\\/\\\/www.facebook.com\\\/Trusted.Translations\",\"https:\\\/\\\/x.com\\\/TrustedT9ns\",\"https:\\\/\\\/www.linkedin.com\\\/company\\\/trusted-translations\"]}]}<\/script>\n<!-- \/ Yoast SEO plugin. -->","yoast_head_json":{"title":"Servicios de Interpretaci\u00f3n de ASL y Lenguas de Se\u00f1as: Trusted Translations, Inc.","description":"Trusted Translations es l\u00edder en servicios de interpretaci\u00f3n de lengua de se\u00f1as estadounidense (ASL, por sus siglas en ingl\u00e9s) y otras lenguas de se\u00f1as. Cont\u00e1ctenos para pedir un presupuesto sin cargo de ASL u otra lengua de se\u00f1as.","robots":{"index":"index","follow":"follow","max-snippet":"max-snippet:-1","max-image-preview":"max-image-preview:large","max-video-preview":"max-video-preview:-1"},"canonical":"https:\/\/www.trustedtranslations.com\/es\/servicios\/interpretacion-presencial\/asl","og_locale":"es_ES","og_type":"article","og_title":"Servicios de Interpretaci\u00f3n de ASL y Lenguas de Se\u00f1as: Trusted Translations, Inc.","og_description":"Trusted Translations es l\u00edder en servicios de interpretaci\u00f3n de lengua de se\u00f1as estadounidense (ASL, por sus siglas en ingl\u00e9s) y otras lenguas de se\u00f1as. Cont\u00e1ctenos para pedir un presupuesto sin cargo de ASL u otra lengua de se\u00f1as.","og_url":"https:\/\/www.trustedtranslations.com\/es\/servicios\/interpretacion-presencial\/asl","og_site_name":"Trusted Translations","article_publisher":"https:\/\/www.facebook.com\/Trusted.Translations","article_modified_time":"2024-09-02T20:17:25+00:00","og_image":[{"url":"https:\/\/static.trustedtranslations.com\/wp-content\/uploads\/2022\/08\/TT_NEW_FB-1.png","width":1,"height":1,"type":"image\/jpeg"}],"twitter_card":"summary_large_image","twitter_site":"@TrustedT9ns","schema":{"@context":"https:\/\/schema.org","@graph":[{"@type":"WebPage","@id":"https:\/\/www.trustedtranslations.com\/es\/servicios\/interpretacion-presencial\/asl","url":"https:\/\/www.trustedtranslations.com\/es\/servicios\/interpretacion-presencial\/asl","name":"Servicios de Interpretaci\u00f3n de ASL y Lenguas de Se\u00f1as: Trusted Translations, Inc.","isPartOf":{"@id":"https:\/\/www.trustedtranslations.com\/es\/#website"},"primaryImageOfPage":{"@id":"https:\/\/www.trustedtranslations.com\/es\/servicios\/interpretacion-presencial\/asl#primaryimage"},"image":{"@id":"https:\/\/www.trustedtranslations.com\/es\/servicios\/interpretacion-presencial\/asl#primaryimage"},"thumbnailUrl":"https:\/\/www.trustedtranslations.com\/wp-content\/uploads\/2022\/08\/TT_NEW_FB-1.png","description":"Trusted Translations es l\u00edder en servicios de interpretaci\u00f3n de lengua de se\u00f1as estadounidense (ASL, por sus siglas en ingl\u00e9s) y otras lenguas de se\u00f1as. Cont\u00e1ctenos para pedir un presupuesto sin cargo de ASL u otra lengua de se\u00f1as.","breadcrumb":{"@id":"https:\/\/www.trustedtranslations.com\/es\/servicios\/interpretacion-presencial\/asl#breadcrumb"},"inLanguage":"es","potentialAction":[{"@type":"ReadAction","target":["https:\/\/www.trustedtranslations.com\/es\/servicios\/interpretacion-presencial\/asl"]}]},{"@type":"ImageObject","inLanguage":"es","@id":"https:\/\/www.trustedtranslations.com\/es\/servicios\/interpretacion-presencial\/asl#primaryimage","url":"https:\/\/www.trustedtranslations.com\/wp-content\/uploads\/2022\/08\/TT_NEW_FB-1.png","contentUrl":"https:\/\/www.trustedtranslations.com\/wp-content\/uploads\/2022\/08\/TT_NEW_FB-1.png","caption":"TT NEW FB 1"},{"@type":"BreadcrumbList","@id":"https:\/\/www.trustedtranslations.com\/es\/servicios\/interpretacion-presencial\/asl#breadcrumb","itemListElement":[{"@type":"ListItem","position":1,"name":"Home","item":"https:\/\/www.trustedtranslations.com\/es"},{"@type":"ListItem","position":2,"name":"Servicios","item":"https:\/\/www.trustedtranslations.com\/es\/servicios"},{"@type":"ListItem","position":3,"name":"Interpretaci\u00f3n presencial","item":"https:\/\/www.trustedtranslations.com\/es\/servicios\/interpretacion-presencial"},{"@type":"ListItem","position":4,"name":"ASL"}]},{"@type":"WebSite","@id":"https:\/\/www.trustedtranslations.com\/es\/#website","url":"https:\/\/www.trustedtranslations.com\/es\/","name":"Trusted Translations, Inc.","description":"Leader in translation and interpretation services.","publisher":{"@id":"https:\/\/www.trustedtranslations.com\/es\/#organization"},"alternateName":"Trusted Translations","potentialAction":[{"@type":"SearchAction","target":{"@type":"EntryPoint","urlTemplate":"https:\/\/www.trustedtranslations.com\/es\/?s={search_term_string}"},"query-input":{"@type":"PropertyValueSpecification","valueRequired":true,"valueName":"search_term_string"}}],"inLanguage":"es"},{"@type":"Organization","@id":"https:\/\/www.trustedtranslations.com\/es\/#organization","name":"Trusted Translations","alternateName":"Trusted Translations, Inc.","url":"https:\/\/www.trustedtranslations.com\/es\/","logo":{"@type":"ImageObject","inLanguage":"es","@id":"https:\/\/www.trustedtranslations.com\/es\/#\/schema\/logo\/image\/","url":"https:\/\/static.trustedtranslations.com\/wp-content\/uploads\/2022\/01\/TT_logo_WSIColors-2.png","contentUrl":"https:\/\/static.trustedtranslations.com\/wp-content\/uploads\/2022\/01\/TT_logo_WSIColors-2.png","width":500,"height":196,"caption":"Trusted Translations"},"image":{"@id":"https:\/\/www.trustedtranslations.com\/es\/#\/schema\/logo\/image\/"},"sameAs":["https:\/\/www.facebook.com\/Trusted.Translations","https:\/\/x.com\/TrustedT9ns","https:\/\/www.linkedin.com\/company\/trusted-translations"]}]}},"toolset-meta":{"dyk":{"mensaje-1":{"type":"textfield","raw":"Ofrecemos una consulta gratuita para determinar los servicios de ASL que mejor se adapten a sus necesidades."},"mensaje-2":{"type":"textfield","raw":"Tambi\u00e9n proporcionamos servicios completos de posproducci\u00f3n, incluidos doblaje y subtitulado."},"mensaje-3":{"type":"textfield","raw":"La lengua de se\u00f1as, como el ingl\u00e9s hablado, tiene variantes y dialectos regionales complejos."},"mensaje-4":{"type":"textfield","raw":"Al menos, medio mill\u00f3n de personas en Estados Unidos utiliza la lengua de se\u00f1as como medio de comunicaci\u00f3n principal."},"mensaje-5":{"type":"textfield","raw":""},"mensaje-6":{"type":"textfield","raw":""}},"single-page-template-fields":{"imgs-temp":{"type":"image","raw":["https:\/\/static.trustedtranslations.com\/wp-content\/uploads\/2024\/07\/services-final-4-1.webp"],"repeatable":[{"raw":"https:\/\/static.trustedtranslations.com\/wp-content\/uploads\/2024\/07\/services-final-4-1.webp"}]},"imgs-temp-cel":{"type":"image","raw":[""],"repeatable":[{"raw":""}]},"img-temp-one-cel":{"type":"image","raw":"https:\/\/static.trustedtranslations.com\/wp-content\/uploads\/2024\/07\/AdobeStock_381182014-3-1.webp","attachment_id":null},"quotes":{"type":"textarea","raw":"<h1 style=\"margin-bottom: 12px;\">Interpretaci\u00f3n de ASL y otras Lenguas de Se\u00f1as<\/h1>\r\n<em>Trusted Translations<\/em> tiene una divisi\u00f3n especializada que se enfoca en servicios de interpretaci\u00f3n de lengua de se\u00f1as estadounidense (ASL) y otras lenguas de se\u00f1as. Nuestra Divisi\u00f3n de ASL y Lengua de Se\u00f1as est\u00e1 bien versada en las particularidades asociadas con la prestaci\u00f3n de este valioso servicio, y trabajamos en estrecha colaboraci\u00f3n con cada cliente para garantizar satisfacci\u00f3n completa.\r\n<div style=\"margin-top: 2.5vw;\"><a class=\"tt-btn-main-cta\" href=\"https:\/\/www.trustedtranslations.com\/es\/presupuesto-sin-cargo\">Solicite un presupuesto sin cargo<\/a><\/div>"},"text-1":{"type":"textarea","raw":"<h2>Servicios Profesionales de Interpretaci\u00f3n de ASL y Lenguas de Se\u00f1as<\/h2>\r\nCumplimos con los m\u00e1s altos est\u00e1ndares del sector al proporcionar servicios de ASL y lengua de se\u00f1as. Ya sea que necesite interpretaci\u00f3n consecutiva o simult\u00e1nea de ASL u otra lengua de se\u00f1as, le proporcionaremos una soluci\u00f3n profesional, de alta calidad y rentable.\r\n<h2>\u00bfQu\u00e9 Es ASL?<\/h2>\r\nASL es la abreviatura en ingl\u00e9s de Lengua de Se\u00f1as Estadounidense, un idioma para comunicarse mediante el uso de se\u00f1as con las manos, acompa\u00f1adas de expresiones faciales, movimientos del cuerpo y lenguaje corporal general. La ASL es el idioma principal de las comunidades sordas y con problemas de audici\u00f3n en Estados Unidos, regiones angloparlantes de Canad\u00e1 y algunas \u00e1reas de M\u00e9xico. Al igual que muchos idiomas hablados, la ASL tiene variaciones regionales en todo EE. UU. y Canad\u00e1.\r\n<em>Trusted Translations<\/em> est\u00e1 bien familiarizado con los pormenores de la ASL. Nuestros int\u00e9rpretes certificados en ASL est\u00e1n listos para manejar sus necesidades de interpretaci\u00f3n en esta lengua con eficacia, riqueza de conocimientos y la experiencia necesaria para brindar un producto preciso y confiable.\r\n<h2>Diferencia entre ASL e Ingl\u00e9s en Se\u00f1as<\/h2>\r\nA pesar de la idea general equivocada, la ASL y el ingl\u00e9s en se\u00f1as no son el mismo idioma. El ingl\u00e9s de se\u00f1as (SEE, por sus siglas en ingl\u00e9s) es un sistema de comunicaci\u00f3n en el que se intenta seguir con exactitud la gram\u00e1tica del idioma ingl\u00e9s, y se hace coincidir cada palabra de una oraci\u00f3n hablada con una se\u00f1a. Por otro lado, la ASL es un idioma \u00fanico en s\u00ed mismo, con su propia gram\u00e1tica y sintaxis. Esta diferencia crucial es evidente en el orden de las palabras y la estructura de las oraciones de ambos sistemas.\r\nUna oraci\u00f3n t\u00edpica de ASL ser\u00eda gramaticalmente incorrecta si se tradujera al ingl\u00e9s, y los adultos sordos de EE. UU. prefieren la ASL en gran medida. El s\u00f3lido dominio tanto de ASL como de ingl\u00e9s de nuestros int\u00e9rpretes garantiza una interpretaci\u00f3n de calidad con la que puede contar."},"shortcode-map":{"type":"textfield","raw":""},"dyk-shortcode":{"type":"textfield","raw":"[elementor-template id=\"139368\"]"},"text-2":{"type":"textarea","raw":"<h2>Servicios de Interpretaci\u00f3n Triling\u00fce de ASL<\/h2>\r\nEn el entorno globalizado de hoy, los servicios de interpretaci\u00f3n triling\u00fce de ASL son cada vez m\u00e1s importantes. Este proceso implica la interpretaci\u00f3n de ASL hacia y desde m\u00e1s de un idioma hablado. En otras palabras, el int\u00e9rprete domina la ASL y m\u00e1s de un idioma hablado. Este servicio es com\u00fan en particular en \u00e1reas con una vasta poblaci\u00f3n hispanohablante, donde tener dos int\u00e9rpretes de ASL (uno para ingl\u00e9s y otro para espa\u00f1ol) no es conveniente ni rentable.\r\n<h2>Tarifas y Precios de los Servicios de Interpretaci\u00f3n de ASL<\/h2>\r\nEn <em>Trusted Translations<\/em>, brindamos servicios de ASL y de lengua de se\u00f1as a precios competitivos, sin dejar de mantener el nivel de calidad que esperan los clientes.\r\n\r\nPor lo general, los servicios de ASL tienen un precio por hora por int\u00e9rprete, con una cantidad m\u00ednima de horas asignadas al d\u00eda. Debido a las exigencias f\u00edsicas que demandan estos servicios, suele ser necesario trabajar en equipos de dos para permitir que cada int\u00e9rprete descanse. Contar con equipos para sesiones intensas o m\u00e1s largas no solo garantiza una interpretaci\u00f3n de mejor calidad, sino que tambi\u00e9n puede ser necesario para respaldar el bienestar de los int\u00e9rpretes.\r\n\r\nEn <em>Trusted Translations<\/em>, equilibramos la necesidad de ofrecer precios competitivos con la calidad de la interpretaci\u00f3n y la salud de nuestros profesionales. Nuestros expertos pueden brindarle una consulta gratuita para evaluar si se necesitar\u00e1 m\u00e1s de un int\u00e9rprete de ASL o de lengua de se\u00f1as en su proyecto. Comun\u00edquese con nosotros hoy mismo si tiene alguna pregunta sobre el proceso o si desea un presupuesto sin cargo de ASL o lengua de se\u00f1as."},"state":{"type":"textfield","raw":""},"city":{"type":"textarea","raw":[]}}},"_links":{"self":[{"href":"https:\/\/www.trustedtranslations.com\/es\/wp-json\/wp\/v2\/pages\/127149","targetHints":{"allow":["GET"]}}],"collection":[{"href":"https:\/\/www.trustedtranslations.com\/es\/wp-json\/wp\/v2\/pages"}],"about":[{"href":"https:\/\/www.trustedtranslations.com\/es\/wp-json\/wp\/v2\/types\/page"}],"author":[{"embeddable":true,"href":"https:\/\/www.trustedtranslations.com\/es\/wp-json\/wp\/v2\/users\/1"}],"replies":[{"embeddable":true,"href":"https:\/\/www.trustedtranslations.com\/es\/wp-json\/wp\/v2\/comments?post=127149"}],"version-history":[{"count":0,"href":"https:\/\/www.trustedtranslations.com\/es\/wp-json\/wp\/v2\/pages\/127149\/revisions"}],"up":[{"embeddable":true,"href":"https:\/\/www.trustedtranslations.com\/es\/wp-json\/wp\/v2\/pages\/127135"}],"wp:featuredmedia":[{"embeddable":true,"href":"https:\/\/www.trustedtranslations.com\/es\/wp-json\/wp\/v2\/media\/223056"}],"wp:attachment":[{"href":"https:\/\/www.trustedtranslations.com\/es\/wp-json\/wp\/v2\/media?parent=127149"}],"curies":[{"name":"wp","href":"https:\/\/api.w.org\/{rel}","templated":true}]}}