{"id":127150,"date":"2018-06-26T20:05:46","date_gmt":"2018-06-26T20:05:46","guid":{"rendered":"https:\/\/www.trustedtranslations.com\/?page_id=127150"},"modified":"2024-09-02T17:16:57","modified_gmt":"2024-09-02T20:16:57","slug":"localizacion-de-aplicaciones","status":"publish","type":"page","link":"https:\/\/www.trustedtranslations.com\/es\/servicios\/localizacion-de-aplicaciones","title":{"rendered":"Localizaci\u00f3n de Aplicaciones"},"content":{"rendered":"","protected":false},"excerpt":{"rendered":"","protected":false},"author":1,"featured_media":178945,"parent":127151,"menu_order":0,"comment_status":"closed","ping_status":"closed","template":"","meta":{"site-sidebar-layout":"default","site-content-layout":"default","ast-site-content-layout":"default","site-content-style":"default","site-sidebar-style":"default","ast-global-header-display":"","ast-banner-title-visibility":"","ast-main-header-display":"","ast-hfb-above-header-display":"","ast-hfb-below-header-display":"","ast-hfb-mobile-header-display":"","site-post-title":"disabled","ast-breadcrumbs-content":"","ast-featured-img":"","footer-sml-layout":"","ast-disable-related-posts":"","theme-transparent-header-meta":"default","adv-header-id-meta":"","stick-header-meta":"","header-above-stick-meta":"","header-main-stick-meta":"","header-below-stick-meta":"","astra-migrate-meta-layouts":"set","ast-page-background-enabled":"default","ast-page-background-meta":{"desktop":{"background-color":"var(--ast-global-color-4)","background-image":"","background-repeat":"repeat","background-position":"center center","background-size":"auto","background-attachment":"scroll","background-type":"","background-media":"","overlay-type":"","overlay-color":"","overlay-opacity":"","overlay-gradient":""},"tablet":{"background-color":"","background-image":"","background-repeat":"repeat","background-position":"center center","background-size":"auto","background-attachment":"scroll","background-type":"","background-media":"","overlay-type":"","overlay-color":"","overlay-opacity":"","overlay-gradient":""},"mobile":{"background-color":"","background-image":"","background-repeat":"repeat","background-position":"center center","background-size":"auto","background-attachment":"scroll","background-type":"","background-media":"","overlay-type":"","overlay-color":"","overlay-opacity":"","overlay-gradient":""}},"ast-content-background-meta":{"desktop":{"background-color":"var(--ast-global-color-5)","background-image":"","background-repeat":"repeat","background-position":"center center","background-size":"auto","background-attachment":"scroll","background-type":"","background-media":"","overlay-type":"","overlay-color":"","overlay-opacity":"","overlay-gradient":""},"tablet":{"background-color":"var(--ast-global-color-5)","background-image":"","background-repeat":"repeat","background-position":"center center","background-size":"auto","background-attachment":"scroll","background-type":"","background-media":"","overlay-type":"","overlay-color":"","overlay-opacity":"","overlay-gradient":""},"mobile":{"background-color":"var(--ast-global-color-5)","background-image":"","background-repeat":"repeat","background-position":"center center","background-size":"auto","background-attachment":"scroll","background-type":"","background-media":"","overlay-type":"","overlay-color":"","overlay-opacity":"","overlay-gradient":""}},"footnotes":""},"class_list":["post-127150","page","type-page","status-publish","has-post-thumbnail","hentry"],"yoast_head":"<!-- This site is optimized with the Yoast SEO plugin v27.5 - https:\/\/yoast.com\/product\/yoast-seo-wordpress\/ -->\n<title>Servicios de Localizaci\u00f3n de Aplicaciones. Traducci\u00f3n de Aplicaciones para Desarrolladores. Trusted Translations, Inc.<\/title>\n<meta name=\"description\" content=\"Somos un proveedor l\u00edder de servicios de localizaci\u00f3n de aplicaciones. Traducimos y localizamos cualquier aplicaci\u00f3n m\u00f3vil para pr\u00e1cticamente cualquier mercado y dispositivo.\" \/>\n<meta name=\"robots\" content=\"index, follow, max-snippet:-1, max-image-preview:large, max-video-preview:-1\" \/>\n<link rel=\"canonical\" href=\"https:\/\/www.trustedtranslations.com\/es\/servicios\/localizacion-de-aplicaciones\" \/>\n<meta property=\"og:locale\" content=\"es_ES\" \/>\n<meta property=\"og:type\" content=\"article\" \/>\n<meta property=\"og:title\" content=\"Servicios de Localizaci\u00f3n de Aplicaciones. Traducci\u00f3n de Aplicaciones para Desarrolladores. Trusted Translations, Inc.\" \/>\n<meta property=\"og:description\" content=\"Somos un proveedor l\u00edder de servicios de localizaci\u00f3n de aplicaciones. Traducimos y localizamos cualquier aplicaci\u00f3n m\u00f3vil para pr\u00e1cticamente cualquier mercado y dispositivo.\" \/>\n<meta property=\"og:url\" content=\"https:\/\/www.trustedtranslations.com\/es\/servicios\/localizacion-de-aplicaciones\" \/>\n<meta property=\"og:site_name\" content=\"Trusted Translations\" \/>\n<meta property=\"article:publisher\" content=\"https:\/\/www.facebook.com\/Trusted.Translations\" \/>\n<meta property=\"article:modified_time\" content=\"2024-09-02T20:16:57+00:00\" \/>\n<meta property=\"og:image\" content=\"https:\/\/www.trustedtranslations.com\/wp-content\/uploads\/2022\/06\/tt-logo-2-1.webp\" \/>\n\t<meta property=\"og:image:width\" content=\"216\" \/>\n\t<meta property=\"og:image:height\" content=\"94\" \/>\n\t<meta property=\"og:image:type\" content=\"image\/webp\" \/>\n<meta name=\"twitter:card\" content=\"summary_large_image\" \/>\n<meta name=\"twitter:site\" content=\"@TrustedT9ns\" \/>\n<script type=\"application\/ld+json\" class=\"yoast-schema-graph\">{\"@context\":\"https:\\\/\\\/schema.org\",\"@graph\":[{\"@type\":\"WebPage\",\"@id\":\"https:\\\/\\\/www.trustedtranslations.com\\\/es\\\/servicios\\\/localizacion-de-aplicaciones\",\"url\":\"https:\\\/\\\/www.trustedtranslations.com\\\/es\\\/servicios\\\/localizacion-de-aplicaciones\",\"name\":\"Servicios de Localizaci\u00f3n de Aplicaciones. Traducci\u00f3n de Aplicaciones para Desarrolladores. Trusted Translations, Inc.\",\"isPartOf\":{\"@id\":\"https:\\\/\\\/www.trustedtranslations.com\\\/es\\\/#website\"},\"primaryImageOfPage\":{\"@id\":\"https:\\\/\\\/www.trustedtranslations.com\\\/es\\\/servicios\\\/localizacion-de-aplicaciones#primaryimage\"},\"image\":{\"@id\":\"https:\\\/\\\/www.trustedtranslations.com\\\/es\\\/servicios\\\/localizacion-de-aplicaciones#primaryimage\"},\"thumbnailUrl\":\"\",\"description\":\"Somos un proveedor l\u00edder de servicios de localizaci\u00f3n de aplicaciones. Traducimos y localizamos cualquier aplicaci\u00f3n m\u00f3vil para pr\u00e1cticamente cualquier mercado y dispositivo.\",\"breadcrumb\":{\"@id\":\"https:\\\/\\\/www.trustedtranslations.com\\\/es\\\/servicios\\\/localizacion-de-aplicaciones#breadcrumb\"},\"inLanguage\":\"es\",\"potentialAction\":[{\"@type\":\"ReadAction\",\"target\":[\"https:\\\/\\\/www.trustedtranslations.com\\\/es\\\/servicios\\\/localizacion-de-aplicaciones\"]}]},{\"@type\":\"ImageObject\",\"inLanguage\":\"es\",\"@id\":\"https:\\\/\\\/www.trustedtranslations.com\\\/es\\\/servicios\\\/localizacion-de-aplicaciones#primaryimage\",\"url\":\"\",\"contentUrl\":\"\"},{\"@type\":\"BreadcrumbList\",\"@id\":\"https:\\\/\\\/www.trustedtranslations.com\\\/es\\\/servicios\\\/localizacion-de-aplicaciones#breadcrumb\",\"itemListElement\":[{\"@type\":\"ListItem\",\"position\":1,\"name\":\"Home\",\"item\":\"https:\\\/\\\/www.trustedtranslations.com\\\/es\"},{\"@type\":\"ListItem\",\"position\":2,\"name\":\"Servicios\",\"item\":\"https:\\\/\\\/www.trustedtranslations.com\\\/es\\\/servicios\"},{\"@type\":\"ListItem\",\"position\":3,\"name\":\"Localizaci\u00f3n de Aplicaciones\"}]},{\"@type\":\"WebSite\",\"@id\":\"https:\\\/\\\/www.trustedtranslations.com\\\/es\\\/#website\",\"url\":\"https:\\\/\\\/www.trustedtranslations.com\\\/es\\\/\",\"name\":\"Trusted Translations, Inc.\",\"description\":\"Leader in translation and interpretation services.\",\"publisher\":{\"@id\":\"https:\\\/\\\/www.trustedtranslations.com\\\/es\\\/#organization\"},\"alternateName\":\"Trusted Translations\",\"potentialAction\":[{\"@type\":\"SearchAction\",\"target\":{\"@type\":\"EntryPoint\",\"urlTemplate\":\"https:\\\/\\\/www.trustedtranslations.com\\\/es\\\/?s={search_term_string}\"},\"query-input\":{\"@type\":\"PropertyValueSpecification\",\"valueRequired\":true,\"valueName\":\"search_term_string\"}}],\"inLanguage\":\"es\"},{\"@type\":\"Organization\",\"@id\":\"https:\\\/\\\/www.trustedtranslations.com\\\/es\\\/#organization\",\"name\":\"Trusted Translations\",\"alternateName\":\"Trusted Translations, Inc.\",\"url\":\"https:\\\/\\\/www.trustedtranslations.com\\\/es\\\/\",\"logo\":{\"@type\":\"ImageObject\",\"inLanguage\":\"es\",\"@id\":\"https:\\\/\\\/www.trustedtranslations.com\\\/es\\\/#\\\/schema\\\/logo\\\/image\\\/\",\"url\":\"https:\\\/\\\/static.trustedtranslations.com\\\/wp-content\\\/uploads\\\/2022\\\/01\\\/TT_logo_WSIColors-2.png\",\"contentUrl\":\"https:\\\/\\\/static.trustedtranslations.com\\\/wp-content\\\/uploads\\\/2022\\\/01\\\/TT_logo_WSIColors-2.png\",\"width\":500,\"height\":196,\"caption\":\"Trusted Translations\"},\"image\":{\"@id\":\"https:\\\/\\\/www.trustedtranslations.com\\\/es\\\/#\\\/schema\\\/logo\\\/image\\\/\"},\"sameAs\":[\"https:\\\/\\\/www.facebook.com\\\/Trusted.Translations\",\"https:\\\/\\\/x.com\\\/TrustedT9ns\",\"https:\\\/\\\/www.linkedin.com\\\/company\\\/trusted-translations\"]}]}<\/script>\n<!-- \/ Yoast SEO plugin. -->","yoast_head_json":{"title":"Servicios de Localizaci\u00f3n de Aplicaciones. Traducci\u00f3n de Aplicaciones para Desarrolladores. Trusted Translations, Inc.","description":"Somos un proveedor l\u00edder de servicios de localizaci\u00f3n de aplicaciones. Traducimos y localizamos cualquier aplicaci\u00f3n m\u00f3vil para pr\u00e1cticamente cualquier mercado y dispositivo.","robots":{"index":"index","follow":"follow","max-snippet":"max-snippet:-1","max-image-preview":"max-image-preview:large","max-video-preview":"max-video-preview:-1"},"canonical":"https:\/\/www.trustedtranslations.com\/es\/servicios\/localizacion-de-aplicaciones","og_locale":"es_ES","og_type":"article","og_title":"Servicios de Localizaci\u00f3n de Aplicaciones. Traducci\u00f3n de Aplicaciones para Desarrolladores. Trusted Translations, Inc.","og_description":"Somos un proveedor l\u00edder de servicios de localizaci\u00f3n de aplicaciones. Traducimos y localizamos cualquier aplicaci\u00f3n m\u00f3vil para pr\u00e1cticamente cualquier mercado y dispositivo.","og_url":"https:\/\/www.trustedtranslations.com\/es\/servicios\/localizacion-de-aplicaciones","og_site_name":"Trusted Translations","article_publisher":"https:\/\/www.facebook.com\/Trusted.Translations","article_modified_time":"2024-09-02T20:16:57+00:00","og_image":[{"width":216,"height":94,"url":"https:\/\/www.trustedtranslations.com\/wp-content\/uploads\/2022\/06\/tt-logo-2-1.webp","type":"image\/webp"}],"twitter_card":"summary_large_image","twitter_site":"@TrustedT9ns","schema":{"@context":"https:\/\/schema.org","@graph":[{"@type":"WebPage","@id":"https:\/\/www.trustedtranslations.com\/es\/servicios\/localizacion-de-aplicaciones","url":"https:\/\/www.trustedtranslations.com\/es\/servicios\/localizacion-de-aplicaciones","name":"Servicios de Localizaci\u00f3n de Aplicaciones. Traducci\u00f3n de Aplicaciones para Desarrolladores. Trusted Translations, Inc.","isPartOf":{"@id":"https:\/\/www.trustedtranslations.com\/es\/#website"},"primaryImageOfPage":{"@id":"https:\/\/www.trustedtranslations.com\/es\/servicios\/localizacion-de-aplicaciones#primaryimage"},"image":{"@id":"https:\/\/www.trustedtranslations.com\/es\/servicios\/localizacion-de-aplicaciones#primaryimage"},"thumbnailUrl":"","description":"Somos un proveedor l\u00edder de servicios de localizaci\u00f3n de aplicaciones. Traducimos y localizamos cualquier aplicaci\u00f3n m\u00f3vil para pr\u00e1cticamente cualquier mercado y dispositivo.","breadcrumb":{"@id":"https:\/\/www.trustedtranslations.com\/es\/servicios\/localizacion-de-aplicaciones#breadcrumb"},"inLanguage":"es","potentialAction":[{"@type":"ReadAction","target":["https:\/\/www.trustedtranslations.com\/es\/servicios\/localizacion-de-aplicaciones"]}]},{"@type":"ImageObject","inLanguage":"es","@id":"https:\/\/www.trustedtranslations.com\/es\/servicios\/localizacion-de-aplicaciones#primaryimage","url":"","contentUrl":""},{"@type":"BreadcrumbList","@id":"https:\/\/www.trustedtranslations.com\/es\/servicios\/localizacion-de-aplicaciones#breadcrumb","itemListElement":[{"@type":"ListItem","position":1,"name":"Home","item":"https:\/\/www.trustedtranslations.com\/es"},{"@type":"ListItem","position":2,"name":"Servicios","item":"https:\/\/www.trustedtranslations.com\/es\/servicios"},{"@type":"ListItem","position":3,"name":"Localizaci\u00f3n de Aplicaciones"}]},{"@type":"WebSite","@id":"https:\/\/www.trustedtranslations.com\/es\/#website","url":"https:\/\/www.trustedtranslations.com\/es\/","name":"Trusted Translations, Inc.","description":"Leader in translation and interpretation services.","publisher":{"@id":"https:\/\/www.trustedtranslations.com\/es\/#organization"},"alternateName":"Trusted Translations","potentialAction":[{"@type":"SearchAction","target":{"@type":"EntryPoint","urlTemplate":"https:\/\/www.trustedtranslations.com\/es\/?s={search_term_string}"},"query-input":{"@type":"PropertyValueSpecification","valueRequired":true,"valueName":"search_term_string"}}],"inLanguage":"es"},{"@type":"Organization","@id":"https:\/\/www.trustedtranslations.com\/es\/#organization","name":"Trusted Translations","alternateName":"Trusted Translations, Inc.","url":"https:\/\/www.trustedtranslations.com\/es\/","logo":{"@type":"ImageObject","inLanguage":"es","@id":"https:\/\/www.trustedtranslations.com\/es\/#\/schema\/logo\/image\/","url":"https:\/\/static.trustedtranslations.com\/wp-content\/uploads\/2022\/01\/TT_logo_WSIColors-2.png","contentUrl":"https:\/\/static.trustedtranslations.com\/wp-content\/uploads\/2022\/01\/TT_logo_WSIColors-2.png","width":500,"height":196,"caption":"Trusted Translations"},"image":{"@id":"https:\/\/www.trustedtranslations.com\/es\/#\/schema\/logo\/image\/"},"sameAs":["https:\/\/www.facebook.com\/Trusted.Translations","https:\/\/x.com\/TrustedT9ns","https:\/\/www.linkedin.com\/company\/trusted-translations"]}]}},"toolset-meta":{"dyk":{"mensaje-1":{"type":"textfield","raw":""},"mensaje-2":{"type":"textfield","raw":"Espere un fuerte crecimiento en las descargas de aplicaciones del mercado hispano."},"mensaje-3":{"type":"textfield","raw":""},"mensaje-4":{"type":"textfield","raw":"China y Jap\u00f3n representan el 25% de las descargas totales de iOS."},"mensaje-5":{"type":"textfield","raw":"El mercado de juegos para dispositivos m\u00f3viles de Brasil tiene m\u00e1s de 88 millones de jugadores."},"mensaje-6":{"type":"textfield","raw":"Apple Store est\u00e1 disponible en m\u00e1s de 150 pa\u00edses y 40 idiomas."}},"single-page-template-fields":{"imgs-temp":{"type":"image","raw":["https:\/\/static.trustedtranslations.com\/wp-content\/uploads\/2024\/04\/services-final-3-1.webp","https:\/\/static.trustedtranslations.com\/wp-content\/uploads\/2024\/04\/apps-1.webp","https:\/\/static.trustedtranslations.com\/wp-content\/uploads\/2024\/04\/apps-2-1.webp"],"repeatable":[{"raw":"https:\/\/static.trustedtranslations.com\/wp-content\/uploads\/2024\/04\/services-final-3-1.webp"},{"raw":"https:\/\/static.trustedtranslations.com\/wp-content\/uploads\/2024\/04\/apps-1.webp"},{"raw":"https:\/\/static.trustedtranslations.com\/wp-content\/uploads\/2024\/04\/apps-2-1.webp"}]},"imgs-temp-cel":{"type":"image","raw":[""],"repeatable":[{"raw":""}]},"img-temp-one-cel":{"type":"image","raw":"https:\/\/static.trustedtranslations.com\/wp-content\/uploads\/2024\/04\/AdobeStock_207246398-5-1.webp","attachment_id":null},"quotes":{"type":"textarea","raw":"<h1 style=\"margin-bottom: 12px;\">Localizaci\u00f3n de Aplicaciones para Desarrolladores y Gerentes de Producto Internacionales<\/h1>Como proveedor l\u00edder en la industria de servicios de localizaci\u00f3n de aplicaciones, Trusted Translations puede localizar cualquier aplicaci\u00f3n m\u00f3vil para pr\u00e1cticamente cualquier mercado o dispositivo. Nuestros servicios de localizaci\u00f3n de aplicaciones permiten a los desarrolladores y gerentes de producto internacionales llegar f\u00e1cilmente a nuevos mercados mediante la traducci\u00f3n\/localizaci\u00f3n directa de sus aplicaciones, sin afectar el c\u00f3digo subyacente.<div style=\"margin-top: 2.5vw;\"><a class=\"tt-btn-main-cta\" href=\"\/es\/presupuesto-sin-cargo\">SOLICITE UN PRESUPUESTO SIN CARGO<\/a><\/div>"},"text-1":{"type":"textarea","raw":"<h2 style=\"margin-top: -10px; padding-bottom:10px\">Servicios de Localizaci\u00f3n de Aplicaciones<\/h2>La localizaci\u00f3n de aplicaciones es una de las mejores decisiones que puede tomar para su producto. Con una inversi\u00f3n muy peque\u00f1a, una localizaci\u00f3n adecuada permite aumentar la audiencia de su aplicaci\u00f3n y la cantidad de descargas, lo que lo ayuda a superar las barreras regionales y del idioma para ingresar a un nuevo mercado.\r\nLas investigaciones han mostrado que los usuarios prefieren usar aplicaciones en su lengua materna y est\u00e1n m\u00e1s dispuestos a pagar por esta experiencia personalizada. Por ello, los clientes que tienen sus aplicaciones localizadas, es decir, adaptadas al idioma y los matices culturales de una regi\u00f3n, observan el aumento de sus ventas, hacen crecer su marca y desarrollan la lealtad del cliente al brindar una experiencia mejorada, tanto a los usuarios nuevos como a los existentes.\r\n\r\n<h2 style=\"margin-top: -10px;padding-bottom:10px\">Aplicaciones Android y Apple iOS<\/h2>Trusted Translations, pionera en la traducci\u00f3n de aplicaciones, fue seleccionada por Google para colaborar con el desarrollo de su plataforma de traducci\u00f3n espec\u00edfica para <a href=\"https:\/\/www.trustedtranslations.com\/es\/servicios\/localizacion-de-aplicaciones\/android\">la localizaci\u00f3n de aplicaciones de Android<\/a>, que se ofrece a trav\u00e9s de Google Play. De hecho, somos uno de los tres \u00fanicos proveedores que brindan servicios de localizaci\u00f3n de aplicaciones en la plataforma Google Console.\r\nAdem\u00e1s de las aplicaciones de Android, tambi\u00e9n localizamos aplicaciones creadas para Apple. Lo ayudaremos a navegar por las singulares complejidades del <a href=\"https:\/\/www.trustedtranslations.com\/es\/servicios\/localizacion-de-aplicaciones\/ios\">sistema operativo Apple (iOS)<\/a>. \r\n\r\n<h2 style=\"padding-bottom:20px\">\u00bfPara Qu\u00e9 Regi\u00f3n Deber\u00eda Localizar su Aplicaci\u00f3n?<\/h2>\r\n<div class=\"imgs-flex-template flex-text-2\">\r\n    <img src=\"https:\/\/static.trustedtranslations.com\/wp-content\/uploads\/2022\/08\/woman-hands-using-mobile-smart-phone-1-1.jpg\">\r\n    <div style=\"width: 100%; padding-top:20px\">Un desarrollador debe considerar varios factores al momento de decidir para qu\u00e9 mercados se deber\u00eda localizar una aplicaci\u00f3n. Por ejemplo, usted debe analizar qu\u00e9 pa\u00edses o regiones est\u00e1n produciendo m\u00e1s tr\u00e1fico para su mercado. Si vemos una cantidad significativa de tr\u00e1fico de un pa\u00eds en particular, recomendamos localizar su aplicaci\u00f3n y la descripci\u00f3n de la tienda para ese pa\u00eds y su\/s idioma\/s.\r\n\r\nLos desarrolladores tambi\u00e9n deben evaluar el tama\u00f1o del mercado de su aplicaci\u00f3n particular en otros pa\u00edses e idiomas. Por ejemplo, Trusted Translations tiene especial experiencia en ayudar a los clientes a localizar aplicaciones al espa\u00f1ol para orientarlas al mercado hispano de los Estados Unidos, as\u00ed como al mercado latinoamericano general. Podemos ayudarlo a evaluar d\u00f3nde su aplicaci\u00f3n encontrar\u00e1 el nicho m\u00e1s efectivo.<\/div>\r\n<\/div>"},"shortcode-map":{"type":"textfield","raw":""},"dyk-shortcode":{"type":"textfield","raw":""},"text-2":{"type":"textarea","raw":"<h2 style=\"padding-bottom:10px\">\u00bfQu\u00e9 Partes de su Aplicaci\u00f3n Debe Localizar?<\/h2>\r\nPara proporcionar la mejor experiencia de usuario, recomendamos tener todas las partes localizadas: descripci\u00f3n, aplicaci\u00f3n, instrucciones, nombres, entre otras.\r\nEstas partes traducibles o localizables de una aplicaci\u00f3n pueden ser:\r\n<ul>\r\n \t<li>Descripci\u00f3n de la aplicaci\u00f3n<\/li>\r\n \t<li>Nombre<\/li>\r\n \t<li>Interfaz\/experiencia de usuario<\/li>\r\n \t<li>Im\u00e1genes<\/li>\r\n \t<li>Instrucciones<\/li>\r\n \t<li>P\u00e1ginas de ayuda e informaci\u00f3n de contacto<\/li>\r\n \t<li>Interfaz de compra en la aplicaci\u00f3n<\/li>\r\n<\/ul>\r\nSin embargo, tambi\u00e9n es posible evaluar caso por caso las necesidades de localizaci\u00f3n de una aplicaci\u00f3n. <em>Trusted Translations<\/em> se complace en ofrecerle orientaci\u00f3n sobre sus productos espec\u00edficos.\r\n<h2 style=\"padding-bottom:10px\">\u00bfTraducci\u00f3n o Localizaci\u00f3n de Aplicaciones?<\/h2>\r\nTrusted Translations trabajar\u00e1 con usted para comprender la localizaci\u00f3n necesaria para su proyecto. Adem\u00e1s de traducir el contenido al idioma de destino, otros elementos de localizaci\u00f3n pueden incluir unidades de medida, moneda, formatos de fecha y hora, jerga legal y m\u00e1s, seg\u00fan el idioma y las caracter\u00edsticas culturales de la regi\u00f3n de destino. Podemos ayudarlo a determinar el alcance de sus necesidades de localizaci\u00f3n.\r\n<h2 style=\"padding-bottom:10px\">Localizaci\u00f3n de Aplicaciones para Diferentes Dispositivos<\/h2>\r\n<img class=\"wp-image-157733 alignleft\" src=\"https:\/\/static.trustedtranslations.com\/wp-content\/uploads\/2022\/08\/close-up-man-s-hand-using-his-mobile-phone-1-1-300x200.jpg\" alt=\"\" width=\"500\" height=\"334\" \/>Todos los dispositivos son diferentes, especialmente en cuanto al tama\u00f1o. Es por eso que la localizaci\u00f3n a menudo requiere medir el espacio entre caracteres: si una sola palabra en un idioma se convierte en una frase de cuatro palabras en un nuevo idioma, no querr\u00e1 que la pantalla la corte. Aplicamos los principios del dise\u00f1o receptivo a la localizaci\u00f3n de su aplicaci\u00f3n para que funcione con cualquier versi\u00f3n y tama\u00f1o de pantalla.\r\n\r\nLa consistencia tambi\u00e9n es un factor clave en el \u00e9xito de su aplicaci\u00f3n. La gran mayor\u00eda de los usuarios tienen m\u00e1s de un dispositivo, por ejemplo, un tel\u00e9fono m\u00f3vil y una tableta, que usan con frecuencia a lo largo del d\u00eda. Por lo tanto, es crucial proporcionar la misma experiencia de usuario y traducci\u00f3n igualmente fluida en todas las plataformas.\r\n\r\n<h2 style=\"padding:10px 0px\">Traducci\u00f3n, Localizaci\u00f3n y Prueba de Aplicaciones<\/h2>\r\nAdem\u00e1s de traducir y localizar, tambi\u00e9n podemos probar su aplicaci\u00f3n reci\u00e9n localizada para diferentes mercados. Los expertos de Trusted Translations se asegurar\u00e1n de que las pruebas de localizaci\u00f3n se realicen rigurosamente antes del lanzamiento completo del producto.\r\nP\u00f3ngase en contacto con nosotros hoy para obtener m\u00e1s informaci\u00f3n sobre nuestros servicios rentables y de alta calidad de traducci\u00f3n, localizaci\u00f3n y prueba de aplicaciones."},"state":{"type":"textfield","raw":""},"city":{"type":"textarea","raw":[]}}},"_links":{"self":[{"href":"https:\/\/www.trustedtranslations.com\/es\/wp-json\/wp\/v2\/pages\/127150","targetHints":{"allow":["GET"]}}],"collection":[{"href":"https:\/\/www.trustedtranslations.com\/es\/wp-json\/wp\/v2\/pages"}],"about":[{"href":"https:\/\/www.trustedtranslations.com\/es\/wp-json\/wp\/v2\/types\/page"}],"author":[{"embeddable":true,"href":"https:\/\/www.trustedtranslations.com\/es\/wp-json\/wp\/v2\/users\/1"}],"replies":[{"embeddable":true,"href":"https:\/\/www.trustedtranslations.com\/es\/wp-json\/wp\/v2\/comments?post=127150"}],"version-history":[{"count":0,"href":"https:\/\/www.trustedtranslations.com\/es\/wp-json\/wp\/v2\/pages\/127150\/revisions"}],"up":[{"embeddable":true,"href":"https:\/\/www.trustedtranslations.com\/es\/wp-json\/wp\/v2\/pages\/127151"}],"wp:featuredmedia":[{"embeddable":true,"href":"https:\/\/www.trustedtranslations.com\/es\/wp-json\/"}],"wp:attachment":[{"href":"https:\/\/www.trustedtranslations.com\/es\/wp-json\/wp\/v2\/media?parent=127150"}],"curies":[{"name":"wp","href":"https:\/\/api.w.org\/{rel}","templated":true}]}}