{"id":127151,"date":"2018-06-25T17:25:25","date_gmt":"2018-06-25T17:25:25","guid":{"rendered":"https:\/\/www.trustedtranslations.com\/?page_id=127151"},"modified":"2024-09-03T15:47:31","modified_gmt":"2024-09-03T18:47:31","slug":"servicios","status":"publish","type":"page","link":"https:\/\/www.trustedtranslations.com\/es\/servicios","title":{"rendered":"Servicios"},"content":{"rendered":"","protected":false},"excerpt":{"rendered":"","protected":false},"author":1,"featured_media":178945,"parent":0,"menu_order":10,"comment_status":"closed","ping_status":"closed","template":"","meta":{"site-sidebar-layout":"default","site-content-layout":"default","ast-site-content-layout":"default","site-content-style":"default","site-sidebar-style":"default","ast-global-header-display":"","ast-banner-title-visibility":"","ast-main-header-display":"","ast-hfb-above-header-display":"","ast-hfb-below-header-display":"","ast-hfb-mobile-header-display":"","site-post-title":"disabled","ast-breadcrumbs-content":"","ast-featured-img":"","footer-sml-layout":"","ast-disable-related-posts":"","theme-transparent-header-meta":"default","adv-header-id-meta":"","stick-header-meta":"","header-above-stick-meta":"","header-main-stick-meta":"","header-below-stick-meta":"","astra-migrate-meta-layouts":"set","ast-page-background-enabled":"default","ast-page-background-meta":{"desktop":{"background-color":"var(--ast-global-color-4)","background-image":"","background-repeat":"repeat","background-position":"center center","background-size":"auto","background-attachment":"scroll","background-type":"","background-media":"","overlay-type":"","overlay-color":"","overlay-opacity":"","overlay-gradient":""},"tablet":{"background-color":"","background-image":"","background-repeat":"repeat","background-position":"center center","background-size":"auto","background-attachment":"scroll","background-type":"","background-media":"","overlay-type":"","overlay-color":"","overlay-opacity":"","overlay-gradient":""},"mobile":{"background-color":"","background-image":"","background-repeat":"repeat","background-position":"center center","background-size":"auto","background-attachment":"scroll","background-type":"","background-media":"","overlay-type":"","overlay-color":"","overlay-opacity":"","overlay-gradient":""}},"ast-content-background-meta":{"desktop":{"background-color":"var(--ast-global-color-5)","background-image":"","background-repeat":"repeat","background-position":"center center","background-size":"auto","background-attachment":"scroll","background-type":"","background-media":"","overlay-type":"","overlay-color":"","overlay-opacity":"","overlay-gradient":""},"tablet":{"background-color":"var(--ast-global-color-5)","background-image":"","background-repeat":"repeat","background-position":"center center","background-size":"auto","background-attachment":"scroll","background-type":"","background-media":"","overlay-type":"","overlay-color":"","overlay-opacity":"","overlay-gradient":""},"mobile":{"background-color":"var(--ast-global-color-5)","background-image":"","background-repeat":"repeat","background-position":"center center","background-size":"auto","background-attachment":"scroll","background-type":"","background-media":"","overlay-type":"","overlay-color":"","overlay-opacity":"","overlay-gradient":""}},"footnotes":""},"class_list":["post-127151","page","type-page","status-publish","has-post-thumbnail","hentry"],"yoast_head":"<!-- This site is optimized with the Yoast SEO plugin v27.3 - https:\/\/yoast.com\/product\/yoast-seo-wordpress\/ -->\n<title>Servicios de Traducci\u00f3n Profesionales: Trusted Translations, Inc.<\/title>\n<meta name=\"description\" content=\"Trusted Translations, Inc. ofrece servicios de traducci\u00f3n profesional r\u00e1pidos, precisos y confiables. Todo tipo de documentos, en todos los formatos, extensiones e idiomas. Solicite un presupuesto sin cargo hoy mismo.\" \/>\n<meta name=\"robots\" content=\"index, follow, max-snippet:-1, max-image-preview:large, max-video-preview:-1\" \/>\n<link rel=\"canonical\" href=\"https:\/\/www.trustedtranslations.com\/es\/servicios\" \/>\n<meta property=\"og:locale\" content=\"es_ES\" \/>\n<meta property=\"og:type\" content=\"article\" \/>\n<meta property=\"og:title\" content=\"Servicios de Traducci\u00f3n Profesionales: Trusted Translations, Inc.\" \/>\n<meta property=\"og:description\" content=\"Trusted Translations, Inc. ofrece servicios de traducci\u00f3n profesional r\u00e1pidos, precisos y confiables. Todo tipo de documentos, en todos los formatos, extensiones e idiomas. Solicite un presupuesto sin cargo hoy mismo.\" \/>\n<meta property=\"og:url\" content=\"https:\/\/www.trustedtranslations.com\/es\/servicios\" \/>\n<meta property=\"og:site_name\" content=\"Trusted Translations\" \/>\n<meta property=\"article:publisher\" content=\"https:\/\/www.facebook.com\/Trusted.Translations\" \/>\n<meta property=\"article:modified_time\" content=\"2024-09-03T18:47:31+00:00\" \/>\n<meta property=\"og:image\" content=\"https:\/\/www.trustedtranslations.com\/wp-content\/uploads\/2022\/06\/tt-logo-2-1.webp\" \/>\n\t<meta property=\"og:image:width\" content=\"216\" \/>\n\t<meta property=\"og:image:height\" content=\"94\" \/>\n\t<meta property=\"og:image:type\" content=\"image\/webp\" \/>\n<meta name=\"twitter:card\" content=\"summary_large_image\" \/>\n<meta name=\"twitter:site\" content=\"@TrustedT9ns\" \/>\n<script type=\"application\/ld+json\" class=\"yoast-schema-graph\">{\"@context\":\"https:\\\/\\\/schema.org\",\"@graph\":[{\"@type\":\"WebPage\",\"@id\":\"https:\\\/\\\/www.trustedtranslations.com\\\/es\\\/servicios\",\"url\":\"https:\\\/\\\/www.trustedtranslations.com\\\/es\\\/servicios\",\"name\":\"Servicios de Traducci\u00f3n Profesionales: Trusted Translations, Inc.\",\"isPartOf\":{\"@id\":\"https:\\\/\\\/www.trustedtranslations.com\\\/es\\\/#website\"},\"primaryImageOfPage\":{\"@id\":\"https:\\\/\\\/www.trustedtranslations.com\\\/es\\\/servicios#primaryimage\"},\"image\":{\"@id\":\"https:\\\/\\\/www.trustedtranslations.com\\\/es\\\/servicios#primaryimage\"},\"thumbnailUrl\":\"\",\"description\":\"Trusted Translations, Inc. ofrece servicios de traducci\u00f3n profesional r\u00e1pidos, precisos y confiables. Todo tipo de documentos, en todos los formatos, extensiones e idiomas. Solicite un presupuesto sin cargo hoy mismo.\",\"breadcrumb\":{\"@id\":\"https:\\\/\\\/www.trustedtranslations.com\\\/es\\\/servicios#breadcrumb\"},\"inLanguage\":\"es\",\"potentialAction\":[{\"@type\":\"ReadAction\",\"target\":[\"https:\\\/\\\/www.trustedtranslations.com\\\/es\\\/servicios\"]}]},{\"@type\":\"ImageObject\",\"inLanguage\":\"es\",\"@id\":\"https:\\\/\\\/www.trustedtranslations.com\\\/es\\\/servicios#primaryimage\",\"url\":\"\",\"contentUrl\":\"\"},{\"@type\":\"BreadcrumbList\",\"@id\":\"https:\\\/\\\/www.trustedtranslations.com\\\/es\\\/servicios#breadcrumb\",\"itemListElement\":[{\"@type\":\"ListItem\",\"position\":1,\"name\":\"Home\",\"item\":\"https:\\\/\\\/www.trustedtranslations.com\\\/es\"},{\"@type\":\"ListItem\",\"position\":2,\"name\":\"Servicios\"}]},{\"@type\":\"WebSite\",\"@id\":\"https:\\\/\\\/www.trustedtranslations.com\\\/es\\\/#website\",\"url\":\"https:\\\/\\\/www.trustedtranslations.com\\\/es\\\/\",\"name\":\"Trusted Translations, Inc.\",\"description\":\"Leader in translation and interpretation services.\",\"publisher\":{\"@id\":\"https:\\\/\\\/www.trustedtranslations.com\\\/es\\\/#organization\"},\"alternateName\":\"Trusted Translations\",\"potentialAction\":[{\"@type\":\"SearchAction\",\"target\":{\"@type\":\"EntryPoint\",\"urlTemplate\":\"https:\\\/\\\/www.trustedtranslations.com\\\/es\\\/?s={search_term_string}\"},\"query-input\":{\"@type\":\"PropertyValueSpecification\",\"valueRequired\":true,\"valueName\":\"search_term_string\"}}],\"inLanguage\":\"es\"},{\"@type\":\"Organization\",\"@id\":\"https:\\\/\\\/www.trustedtranslations.com\\\/es\\\/#organization\",\"name\":\"Trusted Translations\",\"alternateName\":\"Trusted Translations, Inc.\",\"url\":\"https:\\\/\\\/www.trustedtranslations.com\\\/es\\\/\",\"logo\":{\"@type\":\"ImageObject\",\"inLanguage\":\"es\",\"@id\":\"https:\\\/\\\/www.trustedtranslations.com\\\/es\\\/#\\\/schema\\\/logo\\\/image\\\/\",\"url\":\"https:\\\/\\\/static.trustedtranslations.com\\\/wp-content\\\/uploads\\\/2022\\\/01\\\/TT_logo_WSIColors-2.png\",\"contentUrl\":\"https:\\\/\\\/static.trustedtranslations.com\\\/wp-content\\\/uploads\\\/2022\\\/01\\\/TT_logo_WSIColors-2.png\",\"width\":500,\"height\":196,\"caption\":\"Trusted Translations\"},\"image\":{\"@id\":\"https:\\\/\\\/www.trustedtranslations.com\\\/es\\\/#\\\/schema\\\/logo\\\/image\\\/\"},\"sameAs\":[\"https:\\\/\\\/www.facebook.com\\\/Trusted.Translations\",\"https:\\\/\\\/x.com\\\/TrustedT9ns\",\"https:\\\/\\\/www.linkedin.com\\\/company\\\/trusted-translations\"]}]}<\/script>\n<!-- \/ Yoast SEO plugin. -->","yoast_head_json":{"title":"Servicios de Traducci\u00f3n Profesionales: Trusted Translations, Inc.","description":"Trusted Translations, Inc. ofrece servicios de traducci\u00f3n profesional r\u00e1pidos, precisos y confiables. Todo tipo de documentos, en todos los formatos, extensiones e idiomas. Solicite un presupuesto sin cargo hoy mismo.","robots":{"index":"index","follow":"follow","max-snippet":"max-snippet:-1","max-image-preview":"max-image-preview:large","max-video-preview":"max-video-preview:-1"},"canonical":"https:\/\/www.trustedtranslations.com\/es\/servicios","og_locale":"es_ES","og_type":"article","og_title":"Servicios de Traducci\u00f3n Profesionales: Trusted Translations, Inc.","og_description":"Trusted Translations, Inc. ofrece servicios de traducci\u00f3n profesional r\u00e1pidos, precisos y confiables. Todo tipo de documentos, en todos los formatos, extensiones e idiomas. Solicite un presupuesto sin cargo hoy mismo.","og_url":"https:\/\/www.trustedtranslations.com\/es\/servicios","og_site_name":"Trusted Translations","article_publisher":"https:\/\/www.facebook.com\/Trusted.Translations","article_modified_time":"2024-09-03T18:47:31+00:00","og_image":[{"width":216,"height":94,"url":"https:\/\/www.trustedtranslations.com\/wp-content\/uploads\/2022\/06\/tt-logo-2-1.webp","type":"image\/webp"}],"twitter_card":"summary_large_image","twitter_site":"@TrustedT9ns","schema":{"@context":"https:\/\/schema.org","@graph":[{"@type":"WebPage","@id":"https:\/\/www.trustedtranslations.com\/es\/servicios","url":"https:\/\/www.trustedtranslations.com\/es\/servicios","name":"Servicios de Traducci\u00f3n Profesionales: Trusted Translations, Inc.","isPartOf":{"@id":"https:\/\/www.trustedtranslations.com\/es\/#website"},"primaryImageOfPage":{"@id":"https:\/\/www.trustedtranslations.com\/es\/servicios#primaryimage"},"image":{"@id":"https:\/\/www.trustedtranslations.com\/es\/servicios#primaryimage"},"thumbnailUrl":"","description":"Trusted Translations, Inc. ofrece servicios de traducci\u00f3n profesional r\u00e1pidos, precisos y confiables. Todo tipo de documentos, en todos los formatos, extensiones e idiomas. Solicite un presupuesto sin cargo hoy mismo.","breadcrumb":{"@id":"https:\/\/www.trustedtranslations.com\/es\/servicios#breadcrumb"},"inLanguage":"es","potentialAction":[{"@type":"ReadAction","target":["https:\/\/www.trustedtranslations.com\/es\/servicios"]}]},{"@type":"ImageObject","inLanguage":"es","@id":"https:\/\/www.trustedtranslations.com\/es\/servicios#primaryimage","url":"","contentUrl":""},{"@type":"BreadcrumbList","@id":"https:\/\/www.trustedtranslations.com\/es\/servicios#breadcrumb","itemListElement":[{"@type":"ListItem","position":1,"name":"Home","item":"https:\/\/www.trustedtranslations.com\/es"},{"@type":"ListItem","position":2,"name":"Servicios"}]},{"@type":"WebSite","@id":"https:\/\/www.trustedtranslations.com\/es\/#website","url":"https:\/\/www.trustedtranslations.com\/es\/","name":"Trusted Translations, Inc.","description":"Leader in translation and interpretation services.","publisher":{"@id":"https:\/\/www.trustedtranslations.com\/es\/#organization"},"alternateName":"Trusted Translations","potentialAction":[{"@type":"SearchAction","target":{"@type":"EntryPoint","urlTemplate":"https:\/\/www.trustedtranslations.com\/es\/?s={search_term_string}"},"query-input":{"@type":"PropertyValueSpecification","valueRequired":true,"valueName":"search_term_string"}}],"inLanguage":"es"},{"@type":"Organization","@id":"https:\/\/www.trustedtranslations.com\/es\/#organization","name":"Trusted Translations","alternateName":"Trusted Translations, Inc.","url":"https:\/\/www.trustedtranslations.com\/es\/","logo":{"@type":"ImageObject","inLanguage":"es","@id":"https:\/\/www.trustedtranslations.com\/es\/#\/schema\/logo\/image\/","url":"https:\/\/static.trustedtranslations.com\/wp-content\/uploads\/2022\/01\/TT_logo_WSIColors-2.png","contentUrl":"https:\/\/static.trustedtranslations.com\/wp-content\/uploads\/2022\/01\/TT_logo_WSIColors-2.png","width":500,"height":196,"caption":"Trusted Translations"},"image":{"@id":"https:\/\/www.trustedtranslations.com\/es\/#\/schema\/logo\/image\/"},"sameAs":["https:\/\/www.facebook.com\/Trusted.Translations","https:\/\/x.com\/TrustedT9ns","https:\/\/www.linkedin.com\/company\/trusted-translations"]}]}},"toolset-meta":{"dyk":{"mensaje-1":{"type":"textfield","raw":"Trusted Translations es socio de los gobiernos estatales de Nueva York, Florida, California y Nebraska."},"mensaje-2":{"type":"textfield","raw":""},"mensaje-3":{"type":"textfield","raw":"Trusted Translations ha satisfecho a los principales clientes en m\u00e1s de 140 idiomas."},"mensaje-4":{"type":"textfield","raw":""},"mensaje-5":{"type":"textfield","raw":""},"mensaje-6":{"type":"textfield","raw":""}},"single-page-template-fields":{"imgs-temp":{"type":"image","raw":["https:\/\/static.trustedtranslations.com\/wp-content\/uploads\/2024\/01\/Group-80-2.webp","https:\/\/static.trustedtranslations.com\/wp-content\/uploads\/2024\/01\/Group-79-3-2.webp","https:\/\/static.trustedtranslations.com\/wp-content\/uploads\/2024\/01\/Group-81-2-1.webp"],"repeatable":[{"raw":"https:\/\/static.trustedtranslations.com\/wp-content\/uploads\/2024\/01\/Group-80-2.webp"},{"raw":"https:\/\/static.trustedtranslations.com\/wp-content\/uploads\/2024\/01\/Group-79-3-2.webp"},{"raw":"https:\/\/static.trustedtranslations.com\/wp-content\/uploads\/2024\/01\/Group-81-2-1.webp"}]},"imgs-temp-cel":{"type":"image","raw":["https:\/\/static.trustedtranslations.com\/wp-content\/uploads\/2024\/01\/AdobeStock_303497515-1-1-1.webp","https:\/\/static.trustedtranslations.com\/wp-content\/uploads\/2024\/01\/AdobeStock_168056328-1-1-1.webp","https:\/\/static.trustedtranslations.com\/wp-content\/uploads\/2024\/01\/AdobeStock_408659909-1-1.webp"],"repeatable":[{"raw":"https:\/\/static.trustedtranslations.com\/wp-content\/uploads\/2024\/01\/AdobeStock_303497515-1-1-1.webp"},{"raw":"https:\/\/static.trustedtranslations.com\/wp-content\/uploads\/2024\/01\/AdobeStock_168056328-1-1-1.webp"},{"raw":"https:\/\/static.trustedtranslations.com\/wp-content\/uploads\/2024\/01\/AdobeStock_408659909-1-1.webp"}]},"img-temp-one-cel":{"type":"image","raw":"https:\/\/static.trustedtranslations.com\/wp-content\/uploads\/2024\/01\/AdobeStock_303497515-1-1-1.webp","attachment_id":null},"quotes":{"type":"textarea","raw":"<h1 style=\"margin-bottom: 12px;\">Servicios de Traducci\u00f3n Profesional<\/h1>Nuestros servicios de traducci\u00f3n profesional incluyen traducciones de todo tipo de documentos, en cualquier formato, tama\u00f1o e idioma. Trusted Translations ofrece servicios de traducci\u00f3n profesional r\u00e1pidos, precisos y confiables.<div style=\"margin-top: 2.5vw;\"><a class=\"tt-btn-main-cta\" href=\"\/es\/presupuesto-sin-cargo\" class=\"quote-wrapper\">SOLICITE UN PRESUPUESTO SIN CARGO<\/a><\/div>"},"text-1":{"type":"textarea","raw":"<div class=\"imgs-flex-template\">\r\n    <div>\r\n        <h2>Pericia y Experiencia en el Tema<\/h2>\r\n        <p>Los proyectos de traducci\u00f3n var\u00edan en tama\u00f1o, alcance y tema. Tanto si necesita la traducci\u00f3n de un tratado m\u00e9dico t\u00e9cnico como de un contrato complejo, Trusted Translations tiene la pericia y la experiencia necesarias para brindarle traducciones exactas a precios muy competitivos. Comprendemos desde el inicio de su proyecto que su traducci\u00f3n puede incluir terminolog\u00eda espec\u00edfica que requiera de un ling\u00fcista especializado en el tema. Para ello, trabajamos con m\u00e1s de 10,000 traductores especializados, que se han evaluado y aprobado, y pueden abordar casi todos los temas. Desde ingenier\u00eda nuclear hasta pautas de salud cotidianas, nuestros especialistas est\u00e1n a su disposici\u00f3n para ayudarlo en su proyecto.<\/p>\r\n    <\/div>\r\n    <img src=\"https:\/\/static.trustedtranslations.com\/wp-content\/uploads\/2024\/01\/man-holding-smartphone-translate.webp\">\r\n<\/div>\r\n<h2 style=\"margin-top: -10px;\">Servicios de Traducci\u00f3n Profesional<\/h2>Los servicios de traducci\u00f3n profesional requieren un mayor nivel de atenci\u00f3n a los detalles necesarios para alcanzar los objetivos ling\u00fc\u00edsticos espec\u00edficos de nuestros clientes. Eso var\u00eda de un proyecto a otro, pero el proceso suele exigir una gesti\u00f3n profesional para garantizar que se cumplan exigentes normas relativas a la calidad y que los proyectos se entreguen en el plazo establecido y el formato solicitado por el cliente. Nuestra experiencia nos ha demostrado que algunos servicios requieren una ingenier\u00eda de soluciones que ayude a crear flujos de trabajo que posibiliten la perfecta integraci\u00f3n de las traducciones en las actividades de una organizaci\u00f3n. Para los proyectos de mayor envergadura, contamos con arquitectos de soluciones en nuestro equipo, que no solo garantizan que el resultado de las traducciones sea de alta calidad, sino que tambi\u00e9n ofrecen soluciones de gesti\u00f3n de contenidos que proporcionan un flujo bidireccional pr\u00e1cticamente ininterrumpido, con una m\u00ednima alteraci\u00f3n de los flujos de trabajo existentes del cliente.\r\n\r\nLa mayor parte de nuestro trabajo proviene de clientes que nos conf\u00edan sus traducciones desde hace mucho tiempo y se sienten satisfechos con nuestros precios competitivos y nuestro servicio eficiente centrado en el cliente. Eso lo logramos mediante la personalizaci\u00f3n de los flujos de trabajo para que se adapten a los procesos internos de nuestros clientes, lo que garantiza que las traducciones sean m\u00e1s coherentes, las entregas sean m\u00e1s r\u00e1pidas y el producto sea menos costoso con el paso del tiempo."},"shortcode-map":{"type":"textfield","raw":""},"dyk-shortcode":{"type":"textfield","raw":"[elementor-template id=\"139368\"]"},"text-2":{"type":"textarea","raw":"<div class=\"imgs-flex-template flex-text-2\">\r\n    <img src=\"https:\/\/static.trustedtranslations.com\/wp-content\/uploads\/2024\/01\/service-1.webp\">\r\n    <div>\r\n        <h2>Creaci\u00f3n de sus Activos de Traducci\u00f3n\u200b<\/h2>\r\n        <p>Como parte de nuestros servicios de traducci\u00f3n profesional, podemos ayudarlo a crear un diferenciador fundamental en su estrategia multiling\u00fce: los activos de traducci\u00f3n. Los activos de traducci\u00f3n le permiten a usted y a su organizaci\u00f3n aprovechar glosarios y traducciones anteriores para mantener la coherencia en sus traducciones y, en \u00faltima instancia, reducir el costo de la traducci\u00f3n de textos similares.\r\n\r\nAdem\u00e1s, esos activos son de su propiedad y pueden utilizarse en la mayor\u00eda de los proyectos de traducci\u00f3n que est\u00e9n relacionados. Nuestros servicios profesionales garantizar\u00e1n que sus activos de traducci\u00f3n incorporen la \u00faltima tecnolog\u00eda y se actualicen despu\u00e9s de cada proyecto. En el caso de los clientes con memorias de traducci\u00f3n y glosarios ya existentes, podemos revisarlos para asegurarnos de que est\u00e9n actualizados y optimizados para su uso futuro. En Trusted Translations utilizamos una plataforma din\u00e1mica que admite casi cualquier formato de memoria de traducci\u00f3n. Nuestro objetivo es crecer con nuestros clientes y ayudarlos a desarrollar herramientas que mejoren sus contenidos multiling\u00fces y reduzcan el costo de traducci\u00f3n de nuevos contenidos.<\/p>\r\n    <\/div>\r\n<\/div>"},"state":{"type":"textfield","raw":""},"city":{"type":"textarea","raw":[]}}},"_links":{"self":[{"href":"https:\/\/www.trustedtranslations.com\/es\/wp-json\/wp\/v2\/pages\/127151","targetHints":{"allow":["GET"]}}],"collection":[{"href":"https:\/\/www.trustedtranslations.com\/es\/wp-json\/wp\/v2\/pages"}],"about":[{"href":"https:\/\/www.trustedtranslations.com\/es\/wp-json\/wp\/v2\/types\/page"}],"author":[{"embeddable":true,"href":"https:\/\/www.trustedtranslations.com\/es\/wp-json\/wp\/v2\/users\/1"}],"replies":[{"embeddable":true,"href":"https:\/\/www.trustedtranslations.com\/es\/wp-json\/wp\/v2\/comments?post=127151"}],"version-history":[{"count":0,"href":"https:\/\/www.trustedtranslations.com\/es\/wp-json\/wp\/v2\/pages\/127151\/revisions"}],"wp:featuredmedia":[{"embeddable":true,"href":"https:\/\/www.trustedtranslations.com\/es\/wp-json\/"}],"wp:attachment":[{"href":"https:\/\/www.trustedtranslations.com\/es\/wp-json\/wp\/v2\/media?parent=127151"}],"curies":[{"name":"wp","href":"https:\/\/api.w.org\/{rel}","templated":true}]}}