{"id":127152,"date":"2018-06-22T21:13:47","date_gmt":"2018-06-22T21:13:47","guid":{"rendered":"https:\/\/www.trustedtranslations.com\/?page_id=127152"},"modified":"2024-09-02T17:13:24","modified_gmt":"2024-09-02T20:13:24","slug":"ruso","status":"publish","type":"page","link":"https:\/\/www.trustedtranslations.com\/es\/idiomas\/ruso","title":{"rendered":"Ruso"},"content":{"rendered":"","protected":false},"excerpt":{"rendered":"","protected":false},"author":1,"featured_media":178945,"parent":127181,"menu_order":0,"comment_status":"closed","ping_status":"closed","template":"","meta":{"site-sidebar-layout":"default","site-content-layout":"default","ast-site-content-layout":"default","site-content-style":"default","site-sidebar-style":"default","ast-global-header-display":"","ast-banner-title-visibility":"","ast-main-header-display":"","ast-hfb-above-header-display":"","ast-hfb-below-header-display":"","ast-hfb-mobile-header-display":"","site-post-title":"disabled","ast-breadcrumbs-content":"","ast-featured-img":"","footer-sml-layout":"","ast-disable-related-posts":"","theme-transparent-header-meta":"default","adv-header-id-meta":"","stick-header-meta":"","header-above-stick-meta":"","header-main-stick-meta":"","header-below-stick-meta":"","astra-migrate-meta-layouts":"set","ast-page-background-enabled":"default","ast-page-background-meta":{"desktop":{"background-color":"var(--ast-global-color-4)","background-image":"","background-repeat":"repeat","background-position":"center center","background-size":"auto","background-attachment":"scroll","background-type":"","background-media":"","overlay-type":"","overlay-color":"","overlay-opacity":"","overlay-gradient":""},"tablet":{"background-color":"","background-image":"","background-repeat":"repeat","background-position":"center center","background-size":"auto","background-attachment":"scroll","background-type":"","background-media":"","overlay-type":"","overlay-color":"","overlay-opacity":"","overlay-gradient":""},"mobile":{"background-color":"","background-image":"","background-repeat":"repeat","background-position":"center center","background-size":"auto","background-attachment":"scroll","background-type":"","background-media":"","overlay-type":"","overlay-color":"","overlay-opacity":"","overlay-gradient":""}},"ast-content-background-meta":{"desktop":{"background-color":"var(--ast-global-color-5)","background-image":"","background-repeat":"repeat","background-position":"center center","background-size":"auto","background-attachment":"scroll","background-type":"","background-media":"","overlay-type":"","overlay-color":"","overlay-opacity":"","overlay-gradient":""},"tablet":{"background-color":"var(--ast-global-color-5)","background-image":"","background-repeat":"repeat","background-position":"center center","background-size":"auto","background-attachment":"scroll","background-type":"","background-media":"","overlay-type":"","overlay-color":"","overlay-opacity":"","overlay-gradient":""},"mobile":{"background-color":"var(--ast-global-color-5)","background-image":"","background-repeat":"repeat","background-position":"center center","background-size":"auto","background-attachment":"scroll","background-type":"","background-media":"","overlay-type":"","overlay-color":"","overlay-opacity":"","overlay-gradient":""}},"footnotes":""},"class_list":["post-127152","page","type-page","status-publish","has-post-thumbnail","hentry"],"yoast_head":"<!-- This site is optimized with the Yoast SEO plugin v27.3 - https:\/\/yoast.com\/product\/yoast-seo-wordpress\/ -->\n<title>Servicios de Traducci\u00f3n de Ruso: Trusted Translations, Inc.<\/title>\n<meta name=\"description\" content=\"Obtenga servicios expertos de traducci\u00f3n al ruso con Trusted Translations. Nuestros traductores nativos garantizan traducciones precisas y exactas. Comun\u00edquese con nosotros hoy\" \/>\n<meta name=\"robots\" content=\"index, follow, max-snippet:-1, max-image-preview:large, max-video-preview:-1\" \/>\n<link rel=\"canonical\" href=\"https:\/\/www.trustedtranslations.com\/es\/idiomas\/ruso\" \/>\n<meta property=\"og:locale\" content=\"es_ES\" \/>\n<meta property=\"og:type\" content=\"article\" \/>\n<meta property=\"og:title\" content=\"Servicios de Traducci\u00f3n de Ruso: Trusted Translations, Inc.\" \/>\n<meta property=\"og:description\" content=\"Obtenga servicios expertos de traducci\u00f3n al ruso con Trusted Translations. Nuestros traductores nativos garantizan traducciones precisas y exactas. Comun\u00edquese con nosotros hoy\" \/>\n<meta property=\"og:url\" content=\"https:\/\/www.trustedtranslations.com\/es\/idiomas\/ruso\" \/>\n<meta property=\"og:site_name\" content=\"Trusted Translations\" \/>\n<meta property=\"article:publisher\" content=\"https:\/\/www.facebook.com\/Trusted.Translations\" \/>\n<meta property=\"article:modified_time\" content=\"2024-09-02T20:13:24+00:00\" \/>\n<meta property=\"og:image\" content=\"https:\/\/www.trustedtranslations.com\/wp-content\/uploads\/2022\/06\/tt-logo-2-1.webp\" \/>\n\t<meta property=\"og:image:width\" content=\"216\" \/>\n\t<meta property=\"og:image:height\" content=\"94\" \/>\n\t<meta property=\"og:image:type\" content=\"image\/webp\" \/>\n<meta name=\"twitter:card\" content=\"summary_large_image\" \/>\n<meta name=\"twitter:site\" content=\"@TrustedT9ns\" \/>\n<script type=\"application\/ld+json\" class=\"yoast-schema-graph\">{\"@context\":\"https:\\\/\\\/schema.org\",\"@graph\":[{\"@type\":\"WebPage\",\"@id\":\"https:\\\/\\\/www.trustedtranslations.com\\\/es\\\/idiomas\\\/ruso\",\"url\":\"https:\\\/\\\/www.trustedtranslations.com\\\/es\\\/idiomas\\\/ruso\",\"name\":\"Servicios de Traducci\u00f3n de Ruso: Trusted Translations, Inc.\",\"isPartOf\":{\"@id\":\"https:\\\/\\\/www.trustedtranslations.com\\\/es\\\/#website\"},\"primaryImageOfPage\":{\"@id\":\"https:\\\/\\\/www.trustedtranslations.com\\\/es\\\/idiomas\\\/ruso#primaryimage\"},\"image\":{\"@id\":\"https:\\\/\\\/www.trustedtranslations.com\\\/es\\\/idiomas\\\/ruso#primaryimage\"},\"thumbnailUrl\":\"\",\"description\":\"Obtenga servicios expertos de traducci\u00f3n al ruso con Trusted Translations. Nuestros traductores nativos garantizan traducciones precisas y exactas. Comun\u00edquese con nosotros hoy\",\"breadcrumb\":{\"@id\":\"https:\\\/\\\/www.trustedtranslations.com\\\/es\\\/idiomas\\\/ruso#breadcrumb\"},\"inLanguage\":\"es\",\"potentialAction\":[{\"@type\":\"ReadAction\",\"target\":[\"https:\\\/\\\/www.trustedtranslations.com\\\/es\\\/idiomas\\\/ruso\"]}]},{\"@type\":\"ImageObject\",\"inLanguage\":\"es\",\"@id\":\"https:\\\/\\\/www.trustedtranslations.com\\\/es\\\/idiomas\\\/ruso#primaryimage\",\"url\":\"\",\"contentUrl\":\"\"},{\"@type\":\"BreadcrumbList\",\"@id\":\"https:\\\/\\\/www.trustedtranslations.com\\\/es\\\/idiomas\\\/ruso#breadcrumb\",\"itemListElement\":[{\"@type\":\"ListItem\",\"position\":1,\"name\":\"Home\",\"item\":\"https:\\\/\\\/www.trustedtranslations.com\\\/es\"},{\"@type\":\"ListItem\",\"position\":2,\"name\":\"Idiomas\",\"item\":\"https:\\\/\\\/www.trustedtranslations.com\\\/es\\\/idiomas\"},{\"@type\":\"ListItem\",\"position\":3,\"name\":\"Ruso\"}]},{\"@type\":\"WebSite\",\"@id\":\"https:\\\/\\\/www.trustedtranslations.com\\\/es\\\/#website\",\"url\":\"https:\\\/\\\/www.trustedtranslations.com\\\/es\\\/\",\"name\":\"Trusted Translations, Inc.\",\"description\":\"Leader in translation and interpretation services.\",\"publisher\":{\"@id\":\"https:\\\/\\\/www.trustedtranslations.com\\\/es\\\/#organization\"},\"alternateName\":\"Trusted Translations\",\"potentialAction\":[{\"@type\":\"SearchAction\",\"target\":{\"@type\":\"EntryPoint\",\"urlTemplate\":\"https:\\\/\\\/www.trustedtranslations.com\\\/es\\\/?s={search_term_string}\"},\"query-input\":{\"@type\":\"PropertyValueSpecification\",\"valueRequired\":true,\"valueName\":\"search_term_string\"}}],\"inLanguage\":\"es\"},{\"@type\":\"Organization\",\"@id\":\"https:\\\/\\\/www.trustedtranslations.com\\\/es\\\/#organization\",\"name\":\"Trusted Translations\",\"alternateName\":\"Trusted Translations, Inc.\",\"url\":\"https:\\\/\\\/www.trustedtranslations.com\\\/es\\\/\",\"logo\":{\"@type\":\"ImageObject\",\"inLanguage\":\"es\",\"@id\":\"https:\\\/\\\/www.trustedtranslations.com\\\/es\\\/#\\\/schema\\\/logo\\\/image\\\/\",\"url\":\"https:\\\/\\\/static.trustedtranslations.com\\\/wp-content\\\/uploads\\\/2022\\\/01\\\/TT_logo_WSIColors-2.png\",\"contentUrl\":\"https:\\\/\\\/static.trustedtranslations.com\\\/wp-content\\\/uploads\\\/2022\\\/01\\\/TT_logo_WSIColors-2.png\",\"width\":500,\"height\":196,\"caption\":\"Trusted Translations\"},\"image\":{\"@id\":\"https:\\\/\\\/www.trustedtranslations.com\\\/es\\\/#\\\/schema\\\/logo\\\/image\\\/\"},\"sameAs\":[\"https:\\\/\\\/www.facebook.com\\\/Trusted.Translations\",\"https:\\\/\\\/x.com\\\/TrustedT9ns\",\"https:\\\/\\\/www.linkedin.com\\\/company\\\/trusted-translations\"]}]}<\/script>\n<!-- \/ Yoast SEO plugin. -->","yoast_head_json":{"title":"Servicios de Traducci\u00f3n de Ruso: Trusted Translations, Inc.","description":"Obtenga servicios expertos de traducci\u00f3n al ruso con Trusted Translations. Nuestros traductores nativos garantizan traducciones precisas y exactas. Comun\u00edquese con nosotros hoy","robots":{"index":"index","follow":"follow","max-snippet":"max-snippet:-1","max-image-preview":"max-image-preview:large","max-video-preview":"max-video-preview:-1"},"canonical":"https:\/\/www.trustedtranslations.com\/es\/idiomas\/ruso","og_locale":"es_ES","og_type":"article","og_title":"Servicios de Traducci\u00f3n de Ruso: Trusted Translations, Inc.","og_description":"Obtenga servicios expertos de traducci\u00f3n al ruso con Trusted Translations. Nuestros traductores nativos garantizan traducciones precisas y exactas. Comun\u00edquese con nosotros hoy","og_url":"https:\/\/www.trustedtranslations.com\/es\/idiomas\/ruso","og_site_name":"Trusted Translations","article_publisher":"https:\/\/www.facebook.com\/Trusted.Translations","article_modified_time":"2024-09-02T20:13:24+00:00","og_image":[{"width":216,"height":94,"url":"https:\/\/www.trustedtranslations.com\/wp-content\/uploads\/2022\/06\/tt-logo-2-1.webp","type":"image\/webp"}],"twitter_card":"summary_large_image","twitter_site":"@TrustedT9ns","schema":{"@context":"https:\/\/schema.org","@graph":[{"@type":"WebPage","@id":"https:\/\/www.trustedtranslations.com\/es\/idiomas\/ruso","url":"https:\/\/www.trustedtranslations.com\/es\/idiomas\/ruso","name":"Servicios de Traducci\u00f3n de Ruso: Trusted Translations, Inc.","isPartOf":{"@id":"https:\/\/www.trustedtranslations.com\/es\/#website"},"primaryImageOfPage":{"@id":"https:\/\/www.trustedtranslations.com\/es\/idiomas\/ruso#primaryimage"},"image":{"@id":"https:\/\/www.trustedtranslations.com\/es\/idiomas\/ruso#primaryimage"},"thumbnailUrl":"","description":"Obtenga servicios expertos de traducci\u00f3n al ruso con Trusted Translations. Nuestros traductores nativos garantizan traducciones precisas y exactas. Comun\u00edquese con nosotros hoy","breadcrumb":{"@id":"https:\/\/www.trustedtranslations.com\/es\/idiomas\/ruso#breadcrumb"},"inLanguage":"es","potentialAction":[{"@type":"ReadAction","target":["https:\/\/www.trustedtranslations.com\/es\/idiomas\/ruso"]}]},{"@type":"ImageObject","inLanguage":"es","@id":"https:\/\/www.trustedtranslations.com\/es\/idiomas\/ruso#primaryimage","url":"","contentUrl":""},{"@type":"BreadcrumbList","@id":"https:\/\/www.trustedtranslations.com\/es\/idiomas\/ruso#breadcrumb","itemListElement":[{"@type":"ListItem","position":1,"name":"Home","item":"https:\/\/www.trustedtranslations.com\/es"},{"@type":"ListItem","position":2,"name":"Idiomas","item":"https:\/\/www.trustedtranslations.com\/es\/idiomas"},{"@type":"ListItem","position":3,"name":"Ruso"}]},{"@type":"WebSite","@id":"https:\/\/www.trustedtranslations.com\/es\/#website","url":"https:\/\/www.trustedtranslations.com\/es\/","name":"Trusted Translations, Inc.","description":"Leader in translation and interpretation services.","publisher":{"@id":"https:\/\/www.trustedtranslations.com\/es\/#organization"},"alternateName":"Trusted Translations","potentialAction":[{"@type":"SearchAction","target":{"@type":"EntryPoint","urlTemplate":"https:\/\/www.trustedtranslations.com\/es\/?s={search_term_string}"},"query-input":{"@type":"PropertyValueSpecification","valueRequired":true,"valueName":"search_term_string"}}],"inLanguage":"es"},{"@type":"Organization","@id":"https:\/\/www.trustedtranslations.com\/es\/#organization","name":"Trusted Translations","alternateName":"Trusted Translations, Inc.","url":"https:\/\/www.trustedtranslations.com\/es\/","logo":{"@type":"ImageObject","inLanguage":"es","@id":"https:\/\/www.trustedtranslations.com\/es\/#\/schema\/logo\/image\/","url":"https:\/\/static.trustedtranslations.com\/wp-content\/uploads\/2022\/01\/TT_logo_WSIColors-2.png","contentUrl":"https:\/\/static.trustedtranslations.com\/wp-content\/uploads\/2022\/01\/TT_logo_WSIColors-2.png","width":500,"height":196,"caption":"Trusted Translations"},"image":{"@id":"https:\/\/www.trustedtranslations.com\/es\/#\/schema\/logo\/image\/"},"sameAs":["https:\/\/www.facebook.com\/Trusted.Translations","https:\/\/x.com\/TrustedT9ns","https:\/\/www.linkedin.com\/company\/trusted-translations"]}]}},"toolset-meta":{"dyk":{"mensaje-1":{"type":"textfield","raw":"El 25% de todas las publicaciones cient\u00edficas producidas a nivel mundial est\u00e1 en ruso."},"mensaje-2":{"type":"textfield","raw":""},"mensaje-3":{"type":"textfield","raw":"El ruso fue designado uno de los seis idiomas oficiales de las Naciones Unidas."},"mensaje-4":{"type":"textfield","raw":"Somos el proveedor preferido de traducciones de ruso de alta calidad para las principales empresas globales."},"mensaje-5":{"type":"textfield","raw":"Superamos las normas de calidad ISO 9001:2015 y certificamos nuestras traducciones t\u00e9cnicas."},"mensaje-6":{"type":"textfield","raw":""}},"single-page-template-fields":{"imgs-temp":{"type":"image","raw":["https:\/\/static.trustedtranslations.com\/wp-content\/uploads\/2024\/06\/russian-1.webp"],"repeatable":[{"raw":"https:\/\/static.trustedtranslations.com\/wp-content\/uploads\/2024\/06\/russian-1.webp"}]},"imgs-temp-cel":{"type":"image","raw":[""],"repeatable":[{"raw":""}]},"img-temp-one-cel":{"type":"image","raw":"https:\/\/static.trustedtranslations.com\/wp-content\/uploads\/2024\/06\/saint-basil-s-cathedral-red-squa.webp","attachment_id":null},"quotes":{"type":"textarea","raw":"<h1 style=\"margin-bottom: 12px;\">Servicios de Traducci\u00f3n de Ruso<\/h1>El ruso se encuentra entre los diez idiomas m\u00e1s hablados del mundo, concentrado en la Federaci\u00f3n Rusa, Europa del Este y varias comunidades de inmigrantes. Dado que la mayor\u00eda de los hablantes de ruso acceden a contenido exclusivamente en esta lengua, es fundamental la traducci\u00f3n precisa para aprovechar su valor geopol\u00edtico, financiero y cient\u00edfico. En Trusted Translations, nuestros traductores son expertos en las complejidades del idioma ruso, incluida la localizaci\u00f3n de sus proyectos de traducci\u00f3n para comunidades y regiones espec\u00edficas.<div style=\"margin-top: 2.5vw;\"><a class=\"tt-btn-main-cta\" href=\"\/es\/presupuesto-sin-cargo\">SOLICITE UN PRESUPUESTO SIN CARGO<\/a><\/div>"},"text-1":{"type":"textarea","raw":"<h2>Traducciones Profesionales y Precisas de Ruso<\/h2>\r\nEn <em>Trusted Translations<\/em>, estamos orgullosos de brindar a nuestros clientes traducciones de ruso profesionales y de alta calidad a precios competitivos.\r\n\r\nMuchos de nuestros clientes son algunas de las principales empresas y organizaciones del mundo; por lo tanto, estamos en condiciones \u00f3ptimas para manejar todo tipo de proyectos de traducci\u00f3n profesional que pueda tener en este idioma. Desde peque\u00f1os emprendimientos hasta grandes empresas multinacionales, <em>Trusted Translations<\/em> le ofrece a su organizaci\u00f3n una amplia experiencia en traducciones profesionales de ruso.\r\n<h2 style=\"margin-bottom: 20px\">Traducci\u00f3n del Idioma Ruso<\/h2>\r\nEl ruso es el idioma oficial de la Federaci\u00f3n Rusa; es un idioma cooficial en Bielorrusia, Kazajist\u00e1n y Kirguist\u00e1n, y tambi\u00e9n es ampliamente hablado en Ucrania, Moldavia, Tayikist\u00e1n, Uzbekist\u00e1n, as\u00ed como en otras ex rep\u00fablicas sovi\u00e9ticas. Debido a una importante migraci\u00f3n, tambi\u00e9n se habla en muchas otras comunidades m\u00e1s peque\u00f1as en todo el mundo. En Israel, por ejemplo, los fabricantes e importadores de medicamentos deben incluir la informaci\u00f3n del producto en ruso en el envase. Alrededor una cuarta parte de todas las publicaciones cient\u00edficas se redacta en ruso, y es uno de los seis idiomas oficiales de las Naciones Unidas. Debido a la importante presencia de este idioma en el mercado global, a menudo se requieren servicios profesionales de traducci\u00f3n para cualquier organizaci\u00f3n verdaderamente global.\r\n\r\nUno de los desaf\u00edos asociados con el uso del idioma ruso est\u00e1 en la localizaci\u00f3n. Aunque oficialmente el idioma sigue reglas estandarizadas, muchas comunidades lo han adaptado para reflejar su ubicaci\u00f3n y entorno espec\u00edficos. Muchos de los inmigrantes en pa\u00edses como EE.\u00a0UU., Israel, Alemania, Canad\u00e1 y Australia usan el ruso mezclado con terminolog\u00eda local \u201crusificada\u201d. Por ejemplo, utilizar algunas palabras en ingl\u00e9s transliteradas en el cuerpo de un texto principalmente en ruso es una pr\u00e1ctica habitual en Brooklyn, Nueva York. Independientemente de los desaf\u00edos, <em>Trusted Translations<\/em> est\u00e1 preparado para manejar cada proyecto en particular y brindarle un servicio de traducci\u00f3n o localizaci\u00f3n de la m\u00e1s alta calidad.\r\n\r\nIndependientemente de las condiciones del contenido de su traducci\u00f3n de ruso, contamos con equipos de traductores profesionales que se especializan en diferentes campos. Ofrecemos experiencia en las siguientes \u00e1reas: finanzas, TI, ventas, <i>marketing<\/i>, ciencias, medios, derecho, viajes, <i>software<\/i>, comercial, telecomunicaciones, empresas, t\u00e9cnica, relaciones p\u00fablicas, medicina y servicios de salud, gobierno, seguros y literatura."},"shortcode-map":{"type":"textfield","raw":""},"dyk-shortcode":{"type":"textfield","raw":"[elementor-template id=\"139368\"]"},"text-2":{"type":"textarea","raw":"<h2 style=\"margin-bottom: 20px\">Traducci\u00f3n Ingl\u00e9s <> Ruso y Traducci\u00f3n Espa\u00f1ol <> Ruso<\/h2>\r\nEstamos orgullosos de nuestra excelente reputaci\u00f3n en traducciones confiables y de alta calidad del ingl\u00e9s al ruso, del espa\u00f1ol al ruso, del ruso al ingl\u00e9s y del ruso al espa\u00f1ol. Hemos reunido equipos de traductores de ruso con una variedad de habilidades y especialidades, capaces de trabajar con las complejidades del idioma. Adaptamos los conocimientos y las fortalezas de nuestros equipos de traductores a la medida de su proyecto espec\u00edfico y las necesidades del mercado de habla rusa.\r\n<h2 style=\"margin-bottom: 20px\">Equipos de Traductores Expertos de Ruso<\/h2>\r\nEl servicio que brindan nuestros equipos de traductores de ruso incluye la edici\u00f3n y revisi\u00f3n de expertos independientes, sin cargo adicional. Nuestro equipo de profesionales tambi\u00e9n ofrece edici\u00f3n y correcci\u00f3n de textos para traducciones realizadas por otros proveedores."},"state":{"type":"textfield","raw":""},"city":{"type":"textarea","raw":[]}}},"_links":{"self":[{"href":"https:\/\/www.trustedtranslations.com\/es\/wp-json\/wp\/v2\/pages\/127152","targetHints":{"allow":["GET"]}}],"collection":[{"href":"https:\/\/www.trustedtranslations.com\/es\/wp-json\/wp\/v2\/pages"}],"about":[{"href":"https:\/\/www.trustedtranslations.com\/es\/wp-json\/wp\/v2\/types\/page"}],"author":[{"embeddable":true,"href":"https:\/\/www.trustedtranslations.com\/es\/wp-json\/wp\/v2\/users\/1"}],"replies":[{"embeddable":true,"href":"https:\/\/www.trustedtranslations.com\/es\/wp-json\/wp\/v2\/comments?post=127152"}],"version-history":[{"count":0,"href":"https:\/\/www.trustedtranslations.com\/es\/wp-json\/wp\/v2\/pages\/127152\/revisions"}],"up":[{"embeddable":true,"href":"https:\/\/www.trustedtranslations.com\/es\/wp-json\/wp\/v2\/pages\/127181"}],"wp:featuredmedia":[{"embeddable":true,"href":"https:\/\/www.trustedtranslations.com\/es\/wp-json\/"}],"wp:attachment":[{"href":"https:\/\/www.trustedtranslations.com\/es\/wp-json\/wp\/v2\/media?parent=127152"}],"curies":[{"name":"wp","href":"https:\/\/api.w.org\/{rel}","templated":true}]}}