{"id":127160,"date":"2018-06-22T21:13:44","date_gmt":"2018-06-22T21:13:44","guid":{"rendered":"https:\/\/www.trustedtranslations.com\/?page_id=127160"},"modified":"2024-09-02T17:08:43","modified_gmt":"2024-09-02T20:08:43","slug":"ingles","status":"publish","type":"page","link":"https:\/\/www.trustedtranslations.com\/es\/idiomas\/ingles","title":{"rendered":"Ingl\u00e9s"},"content":{"rendered":"","protected":false},"excerpt":{"rendered":"","protected":false},"author":1,"featured_media":139634,"parent":127181,"menu_order":0,"comment_status":"closed","ping_status":"closed","template":"","meta":{"site-sidebar-layout":"default","site-content-layout":"default","ast-site-content-layout":"default","site-content-style":"default","site-sidebar-style":"default","ast-global-header-display":"","ast-banner-title-visibility":"","ast-main-header-display":"","ast-hfb-above-header-display":"","ast-hfb-below-header-display":"","ast-hfb-mobile-header-display":"","site-post-title":"disabled","ast-breadcrumbs-content":"","ast-featured-img":"","footer-sml-layout":"","ast-disable-related-posts":"","theme-transparent-header-meta":"default","adv-header-id-meta":"","stick-header-meta":"","header-above-stick-meta":"","header-main-stick-meta":"","header-below-stick-meta":"","astra-migrate-meta-layouts":"set","ast-page-background-enabled":"default","ast-page-background-meta":{"desktop":{"background-color":"var(--ast-global-color-4)","background-image":"","background-repeat":"repeat","background-position":"center center","background-size":"auto","background-attachment":"scroll","background-type":"","background-media":"","overlay-type":"","overlay-color":"","overlay-opacity":"","overlay-gradient":""},"tablet":{"background-color":"","background-image":"","background-repeat":"repeat","background-position":"center center","background-size":"auto","background-attachment":"scroll","background-type":"","background-media":"","overlay-type":"","overlay-color":"","overlay-opacity":"","overlay-gradient":""},"mobile":{"background-color":"","background-image":"","background-repeat":"repeat","background-position":"center center","background-size":"auto","background-attachment":"scroll","background-type":"","background-media":"","overlay-type":"","overlay-color":"","overlay-opacity":"","overlay-gradient":""}},"ast-content-background-meta":{"desktop":{"background-color":"var(--ast-global-color-5)","background-image":"","background-repeat":"repeat","background-position":"center center","background-size":"auto","background-attachment":"scroll","background-type":"","background-media":"","overlay-type":"","overlay-color":"","overlay-opacity":"","overlay-gradient":""},"tablet":{"background-color":"var(--ast-global-color-5)","background-image":"","background-repeat":"repeat","background-position":"center center","background-size":"auto","background-attachment":"scroll","background-type":"","background-media":"","overlay-type":"","overlay-color":"","overlay-opacity":"","overlay-gradient":""},"mobile":{"background-color":"var(--ast-global-color-5)","background-image":"","background-repeat":"repeat","background-position":"center center","background-size":"auto","background-attachment":"scroll","background-type":"","background-media":"","overlay-type":"","overlay-color":"","overlay-opacity":"","overlay-gradient":""}},"footnotes":""},"class_list":["post-127160","page","type-page","status-publish","has-post-thumbnail","hentry"],"yoast_head":"<!-- This site is optimized with the Yoast SEO plugin v27.3 - https:\/\/yoast.com\/product\/yoast-seo-wordpress\/ -->\n<title>Servicios de Traducci\u00f3n de Ingl\u00e9s: Trusted Translations, Inc.<\/title>\n<meta name=\"description\" content=\"Servicios de traducci\u00f3n profesional de ingl\u00e9s por equipos expertos de traductores a los mejores precios. Solicite una cotizaci\u00f3n gratuita o consulte a uno de nuestros expertos.\" \/>\n<meta name=\"robots\" content=\"index, follow, max-snippet:-1, max-image-preview:large, max-video-preview:-1\" \/>\n<link rel=\"canonical\" href=\"https:\/\/www.trustedtranslations.com\/es\/idiomas\/ingles\" \/>\n<meta property=\"og:locale\" content=\"es_ES\" \/>\n<meta property=\"og:type\" content=\"article\" \/>\n<meta property=\"og:title\" content=\"Servicios de Traducci\u00f3n de Ingl\u00e9s: Trusted Translations, Inc.\" \/>\n<meta property=\"og:description\" content=\"Servicios de traducci\u00f3n profesional de ingl\u00e9s por equipos expertos de traductores a los mejores precios. Solicite una cotizaci\u00f3n gratuita o consulte a uno de nuestros expertos.\" \/>\n<meta property=\"og:url\" content=\"https:\/\/www.trustedtranslations.com\/es\/idiomas\/ingles\" \/>\n<meta property=\"og:site_name\" content=\"Trusted Translations\" \/>\n<meta property=\"article:publisher\" content=\"https:\/\/www.facebook.com\/Trusted.Translations\" \/>\n<meta property=\"article:modified_time\" content=\"2024-09-02T20:08:43+00:00\" \/>\n<meta property=\"og:image\" content=\"https:\/\/static.trustedtranslations.com\/wp-content\/uploads\/2022\/03\/TT_NEW_FB-1.png\" \/>\n\t<meta property=\"og:image:width\" content=\"1038\" \/>\n\t<meta property=\"og:image:height\" content=\"1038\" \/>\n\t<meta property=\"og:image:type\" content=\"image\/png\" \/>\n<meta name=\"twitter:card\" content=\"summary_large_image\" \/>\n<meta name=\"twitter:site\" content=\"@TrustedT9ns\" \/>\n<script type=\"application\/ld+json\" class=\"yoast-schema-graph\">{\"@context\":\"https:\\\/\\\/schema.org\",\"@graph\":[{\"@type\":\"WebPage\",\"@id\":\"https:\\\/\\\/www.trustedtranslations.com\\\/es\\\/idiomas\\\/ingles\",\"url\":\"https:\\\/\\\/www.trustedtranslations.com\\\/es\\\/idiomas\\\/ingles\",\"name\":\"Servicios de Traducci\u00f3n de Ingl\u00e9s: Trusted Translations, Inc.\",\"isPartOf\":{\"@id\":\"https:\\\/\\\/www.trustedtranslations.com\\\/es\\\/#website\"},\"primaryImageOfPage\":{\"@id\":\"https:\\\/\\\/www.trustedtranslations.com\\\/es\\\/idiomas\\\/ingles#primaryimage\"},\"image\":{\"@id\":\"https:\\\/\\\/www.trustedtranslations.com\\\/es\\\/idiomas\\\/ingles#primaryimage\"},\"thumbnailUrl\":\"https:\\\/\\\/www.trustedtranslations.com\\\/wp-content\\\/uploads\\\/2022\\\/03\\\/TT_NEW_FB-1.png\",\"description\":\"Servicios de traducci\u00f3n profesional de ingl\u00e9s por equipos expertos de traductores a los mejores precios. Solicite una cotizaci\u00f3n gratuita o consulte a uno de nuestros expertos.\",\"breadcrumb\":{\"@id\":\"https:\\\/\\\/www.trustedtranslations.com\\\/es\\\/idiomas\\\/ingles#breadcrumb\"},\"inLanguage\":\"es\",\"potentialAction\":[{\"@type\":\"ReadAction\",\"target\":[\"https:\\\/\\\/www.trustedtranslations.com\\\/es\\\/idiomas\\\/ingles\"]}]},{\"@type\":\"ImageObject\",\"inLanguage\":\"es\",\"@id\":\"https:\\\/\\\/www.trustedtranslations.com\\\/es\\\/idiomas\\\/ingles#primaryimage\",\"url\":\"https:\\\/\\\/www.trustedtranslations.com\\\/wp-content\\\/uploads\\\/2022\\\/03\\\/TT_NEW_FB-1.png\",\"contentUrl\":\"https:\\\/\\\/www.trustedtranslations.com\\\/wp-content\\\/uploads\\\/2022\\\/03\\\/TT_NEW_FB-1.png\",\"width\":1038,\"height\":1038,\"caption\":\"TT NEW FB 1\"},{\"@type\":\"BreadcrumbList\",\"@id\":\"https:\\\/\\\/www.trustedtranslations.com\\\/es\\\/idiomas\\\/ingles#breadcrumb\",\"itemListElement\":[{\"@type\":\"ListItem\",\"position\":1,\"name\":\"Home\",\"item\":\"https:\\\/\\\/www.trustedtranslations.com\\\/es\"},{\"@type\":\"ListItem\",\"position\":2,\"name\":\"Idiomas\",\"item\":\"https:\\\/\\\/www.trustedtranslations.com\\\/es\\\/idiomas\"},{\"@type\":\"ListItem\",\"position\":3,\"name\":\"Ingl\u00e9s\"}]},{\"@type\":\"WebSite\",\"@id\":\"https:\\\/\\\/www.trustedtranslations.com\\\/es\\\/#website\",\"url\":\"https:\\\/\\\/www.trustedtranslations.com\\\/es\\\/\",\"name\":\"Trusted Translations, Inc.\",\"description\":\"Leader in translation and interpretation services.\",\"publisher\":{\"@id\":\"https:\\\/\\\/www.trustedtranslations.com\\\/es\\\/#organization\"},\"alternateName\":\"Trusted Translations\",\"potentialAction\":[{\"@type\":\"SearchAction\",\"target\":{\"@type\":\"EntryPoint\",\"urlTemplate\":\"https:\\\/\\\/www.trustedtranslations.com\\\/es\\\/?s={search_term_string}\"},\"query-input\":{\"@type\":\"PropertyValueSpecification\",\"valueRequired\":true,\"valueName\":\"search_term_string\"}}],\"inLanguage\":\"es\"},{\"@type\":\"Organization\",\"@id\":\"https:\\\/\\\/www.trustedtranslations.com\\\/es\\\/#organization\",\"name\":\"Trusted Translations\",\"alternateName\":\"Trusted Translations, Inc.\",\"url\":\"https:\\\/\\\/www.trustedtranslations.com\\\/es\\\/\",\"logo\":{\"@type\":\"ImageObject\",\"inLanguage\":\"es\",\"@id\":\"https:\\\/\\\/www.trustedtranslations.com\\\/es\\\/#\\\/schema\\\/logo\\\/image\\\/\",\"url\":\"https:\\\/\\\/static.trustedtranslations.com\\\/wp-content\\\/uploads\\\/2022\\\/01\\\/TT_logo_WSIColors-2.png\",\"contentUrl\":\"https:\\\/\\\/static.trustedtranslations.com\\\/wp-content\\\/uploads\\\/2022\\\/01\\\/TT_logo_WSIColors-2.png\",\"width\":500,\"height\":196,\"caption\":\"Trusted Translations\"},\"image\":{\"@id\":\"https:\\\/\\\/www.trustedtranslations.com\\\/es\\\/#\\\/schema\\\/logo\\\/image\\\/\"},\"sameAs\":[\"https:\\\/\\\/www.facebook.com\\\/Trusted.Translations\",\"https:\\\/\\\/x.com\\\/TrustedT9ns\",\"https:\\\/\\\/www.linkedin.com\\\/company\\\/trusted-translations\"]}]}<\/script>\n<!-- \/ Yoast SEO plugin. -->","yoast_head_json":{"title":"Servicios de Traducci\u00f3n de Ingl\u00e9s: Trusted Translations, Inc.","description":"Servicios de traducci\u00f3n profesional de ingl\u00e9s por equipos expertos de traductores a los mejores precios. Solicite una cotizaci\u00f3n gratuita o consulte a uno de nuestros expertos.","robots":{"index":"index","follow":"follow","max-snippet":"max-snippet:-1","max-image-preview":"max-image-preview:large","max-video-preview":"max-video-preview:-1"},"canonical":"https:\/\/www.trustedtranslations.com\/es\/idiomas\/ingles","og_locale":"es_ES","og_type":"article","og_title":"Servicios de Traducci\u00f3n de Ingl\u00e9s: Trusted Translations, Inc.","og_description":"Servicios de traducci\u00f3n profesional de ingl\u00e9s por equipos expertos de traductores a los mejores precios. Solicite una cotizaci\u00f3n gratuita o consulte a uno de nuestros expertos.","og_url":"https:\/\/www.trustedtranslations.com\/es\/idiomas\/ingles","og_site_name":"Trusted Translations","article_publisher":"https:\/\/www.facebook.com\/Trusted.Translations","article_modified_time":"2024-09-02T20:08:43+00:00","og_image":[{"width":1038,"height":1038,"url":"https:\/\/static.trustedtranslations.com\/wp-content\/uploads\/2022\/03\/TT_NEW_FB-1.png","type":"image\/png"}],"twitter_card":"summary_large_image","twitter_site":"@TrustedT9ns","schema":{"@context":"https:\/\/schema.org","@graph":[{"@type":"WebPage","@id":"https:\/\/www.trustedtranslations.com\/es\/idiomas\/ingles","url":"https:\/\/www.trustedtranslations.com\/es\/idiomas\/ingles","name":"Servicios de Traducci\u00f3n de Ingl\u00e9s: Trusted Translations, Inc.","isPartOf":{"@id":"https:\/\/www.trustedtranslations.com\/es\/#website"},"primaryImageOfPage":{"@id":"https:\/\/www.trustedtranslations.com\/es\/idiomas\/ingles#primaryimage"},"image":{"@id":"https:\/\/www.trustedtranslations.com\/es\/idiomas\/ingles#primaryimage"},"thumbnailUrl":"https:\/\/www.trustedtranslations.com\/wp-content\/uploads\/2022\/03\/TT_NEW_FB-1.png","description":"Servicios de traducci\u00f3n profesional de ingl\u00e9s por equipos expertos de traductores a los mejores precios. Solicite una cotizaci\u00f3n gratuita o consulte a uno de nuestros expertos.","breadcrumb":{"@id":"https:\/\/www.trustedtranslations.com\/es\/idiomas\/ingles#breadcrumb"},"inLanguage":"es","potentialAction":[{"@type":"ReadAction","target":["https:\/\/www.trustedtranslations.com\/es\/idiomas\/ingles"]}]},{"@type":"ImageObject","inLanguage":"es","@id":"https:\/\/www.trustedtranslations.com\/es\/idiomas\/ingles#primaryimage","url":"https:\/\/www.trustedtranslations.com\/wp-content\/uploads\/2022\/03\/TT_NEW_FB-1.png","contentUrl":"https:\/\/www.trustedtranslations.com\/wp-content\/uploads\/2022\/03\/TT_NEW_FB-1.png","width":1038,"height":1038,"caption":"TT NEW FB 1"},{"@type":"BreadcrumbList","@id":"https:\/\/www.trustedtranslations.com\/es\/idiomas\/ingles#breadcrumb","itemListElement":[{"@type":"ListItem","position":1,"name":"Home","item":"https:\/\/www.trustedtranslations.com\/es"},{"@type":"ListItem","position":2,"name":"Idiomas","item":"https:\/\/www.trustedtranslations.com\/es\/idiomas"},{"@type":"ListItem","position":3,"name":"Ingl\u00e9s"}]},{"@type":"WebSite","@id":"https:\/\/www.trustedtranslations.com\/es\/#website","url":"https:\/\/www.trustedtranslations.com\/es\/","name":"Trusted Translations, Inc.","description":"Leader in translation and interpretation services.","publisher":{"@id":"https:\/\/www.trustedtranslations.com\/es\/#organization"},"alternateName":"Trusted Translations","potentialAction":[{"@type":"SearchAction","target":{"@type":"EntryPoint","urlTemplate":"https:\/\/www.trustedtranslations.com\/es\/?s={search_term_string}"},"query-input":{"@type":"PropertyValueSpecification","valueRequired":true,"valueName":"search_term_string"}}],"inLanguage":"es"},{"@type":"Organization","@id":"https:\/\/www.trustedtranslations.com\/es\/#organization","name":"Trusted Translations","alternateName":"Trusted Translations, Inc.","url":"https:\/\/www.trustedtranslations.com\/es\/","logo":{"@type":"ImageObject","inLanguage":"es","@id":"https:\/\/www.trustedtranslations.com\/es\/#\/schema\/logo\/image\/","url":"https:\/\/static.trustedtranslations.com\/wp-content\/uploads\/2022\/01\/TT_logo_WSIColors-2.png","contentUrl":"https:\/\/static.trustedtranslations.com\/wp-content\/uploads\/2022\/01\/TT_logo_WSIColors-2.png","width":500,"height":196,"caption":"Trusted Translations"},"image":{"@id":"https:\/\/www.trustedtranslations.com\/es\/#\/schema\/logo\/image\/"},"sameAs":["https:\/\/www.facebook.com\/Trusted.Translations","https:\/\/x.com\/TrustedT9ns","https:\/\/www.linkedin.com\/company\/trusted-translations"]}]}},"toolset-meta":{"dyk":{"mensaje-1":{"type":"textfield","raw":"Realizamos traducciones del espa\u00f1ol al ingl\u00e9s para empresas Fortune 500 a tarifas por debajo del precio de mercado."},"mensaje-2":{"type":"textfield","raw":""},"mensaje-3":{"type":"textfield","raw":"Tambi\u00e9n localizamos al ingl\u00e9s del Reino Unido, Australia, Nueva Zelanda e Irlanda."},"mensaje-4":{"type":"textfield","raw":""},"mensaje-5":{"type":"textfield","raw":""},"mensaje-6":{"type":"textfield","raw":""}},"single-page-template-fields":{"imgs-temp":{"type":"image","raw":["https:\/\/static.trustedtranslations.com\/wp-content\/uploads\/2024\/05\/english-final-1.webp"],"repeatable":[{"raw":"https:\/\/static.trustedtranslations.com\/wp-content\/uploads\/2024\/05\/english-final-1.webp"}]},"imgs-temp-cel":{"type":"image","raw":[""],"repeatable":[{"raw":""}]},"img-temp-one-cel":{"type":"image","raw":"https:\/\/static.trustedtranslations.com\/wp-content\/uploads\/2024\/05\/AdobeStock_57468239-1-1.webp","attachment_id":null},"quotes":{"type":"textarea","raw":"<h1 style=\"margin-bottom: 12px;\">Servicios de Traducci\u00f3n de Ingl\u00e9s<\/h1>\r\nM\u00e1s de 1,500 millones de personas de todo el mundo hablan ingl\u00e9s, lo que lo convierte en el idioma m\u00e1s hablado del mundo, as\u00ed como el idioma m\u00e1s utilizado en la Web. Cada vez son m\u00e1s las empresas multinacionales que adoptan el ingl\u00e9s como su idioma corporativo, por lo que es crucial para el \u00e9xito en los negocios globales. Como proveedor l\u00edder de servicios de traducci\u00f3n en este idioma, <em>Trusted Translations<\/em> se especializa en proyectos de traducci\u00f3n complejos y de gran volumen desde y hacia el ingl\u00e9s estadounidense, el brit\u00e1nico, el canadiense y otros.\r\n<div style=\"margin-top: 2.5vw;\"><a class=\"tt-btn-main-cta\" href=\"https:\/\/www.trustedtranslations.com\/es\/presupuesto-sin-cargo\">Solicite un presupuesto sin cargo<\/a><\/div>"},"text-1":{"type":"textarea","raw":"<h2>Soluciones de Traducci\u00f3n de Expertos en Ingl\u00e9s<\/h2>\r\nBrindamos soluciones de traducci\u00f3n profesional a algunas de las principales empresas y organizaciones del mundo. En Trusted Translations, estamos orgullosos de brindar traducciones de ingl\u00e9s profesionales y de alta calidad a los precios m\u00e1s competitivos del mercado.\r\n\r\nEstamos en condiciones \u00f3ptimas para manejar todo tipo de proyectos de traducci\u00f3n profesional que pueda tener en este idioma. Desde peque\u00f1os emprendimientos hasta grandes empresas multinacionales, <em>Trusted Translations<\/em> le ofrece a su organizaci\u00f3n una amplia experiencia en traducciones profesionales de ingl\u00e9s.\r\n<h2 style=\"margin-bottom:20px\">Traducci\u00f3n del Idioma Ingl\u00e9s<\/h2>\r\nUna comunicaci\u00f3n fluida en ingl\u00e9s a nivel nativo es una necesidad fundamental para cualquier organizaci\u00f3n que busque tener \u00e9xito a nivel mundial, ya que se ha convertido en la <i>lingua franca<\/i>. La calidad de sus traducciones de ingl\u00e9s es un reflejo de su imagen y la de su empresa. Como proveedor l\u00edder en traducciones profesionales, nos enfocaremos en lo que mejor hacemos, para que usted pueda hacer lo que mejor hace.\r\n\r\nIndependientemente del tipo de contenido de sus traducciones de ingl\u00e9s, contamos con equipos de traductores profesionales que se especializan en diferentes campos. Ofrecemos experiencia en las siguientes \u00e1reas: finanzas, TI, ventas, <i>marketing<\/i>, medios, derecho, viajes, <i>software<\/i>, comunicaci\u00f3n con el consumidor, comercial, telecomunicaciones, empresas, t\u00e9cnica, relaciones p\u00fablicas, medicina y servicios de salud, gobierno, seguros y literatura."},"shortcode-map":{"type":"textfield","raw":""},"dyk-shortcode":{"type":"textfield","raw":"[elementor-template id=\"139368\"]"},"text-2":{"type":"textarea","raw":"<h2 style=\"margin-bottom:20px\">Traducci\u00f3n de Espa\u00f1ol a Ingl\u00e9s<\/h2>\r\nSi bien nos especializamos en servicios de traducci\u00f3n del espa\u00f1ol y portugu\u00e9s al ingl\u00e9s, habitualmente traducimos documentos en ingl\u00e9s hacia y desde el franc\u00e9s, alem\u00e1n, italiano, coreano, chino y japon\u00e9s, utilizando experimentados traductores nativos de ingl\u00e9s, especializados en la materia.\r\n<h2 style=\"margin-bottom:20px\">Traducciones al Ingl\u00e9s Estadounidense, Brit\u00e1nico y Canadiense<\/h2>\r\nEntre nuestros equipos de ling\u00fcistas profesionales, contamos con traductores nativos de ingl\u00e9s en los EE.\u00a0UU., el Reino Unido, Canad\u00e1 y otros pa\u00edses de habla inglesa para garantizar que su traducci\u00f3n apunte con precisi\u00f3n a la variante espec\u00edfica del ingl\u00e9s que est\u00e1 buscando.\r\n<h2 style=\"margin-bottom:20px\">Equipos de Traductores Expertos de Ingl\u00e9s<\/h2>\r\nEl servicio que brindan nuestros equipos de traductores de ingl\u00e9s incluye la edici\u00f3n y revisi\u00f3n de expertos independientes, sin cargo adicional. Nuestros equipos de profesionales tambi\u00e9n ofrecen edici\u00f3n y revisi\u00f3n para traducciones realizadas por otros proveedores.\r\n<h2 style=\"margin-bottom:20px\">Variaciones del Idioma Ingl\u00e9s<\/h2>\r\nEl idioma ingl\u00e9s consta de muchos dialectos diferentes. El tipo de ingl\u00e9s que se usa en los Estados Unidos, Gran Breta\u00f1a, Canad\u00e1, Australia, Sud\u00e1frica o Hong Kong puede variar mucho seg\u00fan la variedad ling\u00fc\u00edstica particular de cada pa\u00eds en t\u00e9rminos de ortograf\u00eda, vocabulario, gram\u00e1tica, tono, sistema de medici\u00f3n, y otros. Nuestros equipos de traducci\u00f3n al ingl\u00e9s pueden adaptar sus documentos para que se ajusten ling\u00fc\u00edsticamente al destinatario o mercado previsto."},"state":{"type":"textfield","raw":""},"city":{"type":"textarea","raw":[]}}},"_links":{"self":[{"href":"https:\/\/www.trustedtranslations.com\/es\/wp-json\/wp\/v2\/pages\/127160","targetHints":{"allow":["GET"]}}],"collection":[{"href":"https:\/\/www.trustedtranslations.com\/es\/wp-json\/wp\/v2\/pages"}],"about":[{"href":"https:\/\/www.trustedtranslations.com\/es\/wp-json\/wp\/v2\/types\/page"}],"author":[{"embeddable":true,"href":"https:\/\/www.trustedtranslations.com\/es\/wp-json\/wp\/v2\/users\/1"}],"replies":[{"embeddable":true,"href":"https:\/\/www.trustedtranslations.com\/es\/wp-json\/wp\/v2\/comments?post=127160"}],"version-history":[{"count":0,"href":"https:\/\/www.trustedtranslations.com\/es\/wp-json\/wp\/v2\/pages\/127160\/revisions"}],"up":[{"embeddable":true,"href":"https:\/\/www.trustedtranslations.com\/es\/wp-json\/wp\/v2\/pages\/127181"}],"wp:featuredmedia":[{"embeddable":true,"href":"https:\/\/www.trustedtranslations.com\/es\/wp-json\/wp\/v2\/media\/139634"}],"wp:attachment":[{"href":"https:\/\/www.trustedtranslations.com\/es\/wp-json\/wp\/v2\/media?parent=127160"}],"curies":[{"name":"wp","href":"https:\/\/api.w.org\/{rel}","templated":true}]}}