{"id":127165,"date":"2018-06-22T21:13:43","date_gmt":"2018-06-22T21:13:43","guid":{"rendered":"https:\/\/www.trustedtranslations.com\/?page_id=127165"},"modified":"2024-09-02T15:12:16","modified_gmt":"2024-09-02T18:12:16","slug":"holandes","status":"publish","type":"page","link":"https:\/\/www.trustedtranslations.com\/es\/idiomas\/holandes","title":{"rendered":"Holand\u00e9s"},"content":{"rendered":"","protected":false},"excerpt":{"rendered":"","protected":false},"author":1,"featured_media":139634,"parent":127181,"menu_order":0,"comment_status":"closed","ping_status":"closed","template":"","meta":{"site-sidebar-layout":"default","site-content-layout":"default","ast-site-content-layout":"default","site-content-style":"default","site-sidebar-style":"default","ast-global-header-display":"","ast-banner-title-visibility":"","ast-main-header-display":"","ast-hfb-above-header-display":"","ast-hfb-below-header-display":"","ast-hfb-mobile-header-display":"","site-post-title":"disabled","ast-breadcrumbs-content":"","ast-featured-img":"","footer-sml-layout":"","ast-disable-related-posts":"","theme-transparent-header-meta":"default","adv-header-id-meta":"","stick-header-meta":"","header-above-stick-meta":"","header-main-stick-meta":"","header-below-stick-meta":"","astra-migrate-meta-layouts":"set","ast-page-background-enabled":"default","ast-page-background-meta":{"desktop":{"background-color":"var(--ast-global-color-4)","background-image":"","background-repeat":"repeat","background-position":"center center","background-size":"auto","background-attachment":"scroll","background-type":"","background-media":"","overlay-type":"","overlay-color":"","overlay-opacity":"","overlay-gradient":""},"tablet":{"background-color":"","background-image":"","background-repeat":"repeat","background-position":"center center","background-size":"auto","background-attachment":"scroll","background-type":"","background-media":"","overlay-type":"","overlay-color":"","overlay-opacity":"","overlay-gradient":""},"mobile":{"background-color":"","background-image":"","background-repeat":"repeat","background-position":"center center","background-size":"auto","background-attachment":"scroll","background-type":"","background-media":"","overlay-type":"","overlay-color":"","overlay-opacity":"","overlay-gradient":""}},"ast-content-background-meta":{"desktop":{"background-color":"var(--ast-global-color-5)","background-image":"","background-repeat":"repeat","background-position":"center center","background-size":"auto","background-attachment":"scroll","background-type":"","background-media":"","overlay-type":"","overlay-color":"","overlay-opacity":"","overlay-gradient":""},"tablet":{"background-color":"var(--ast-global-color-5)","background-image":"","background-repeat":"repeat","background-position":"center center","background-size":"auto","background-attachment":"scroll","background-type":"","background-media":"","overlay-type":"","overlay-color":"","overlay-opacity":"","overlay-gradient":""},"mobile":{"background-color":"var(--ast-global-color-5)","background-image":"","background-repeat":"repeat","background-position":"center center","background-size":"auto","background-attachment":"scroll","background-type":"","background-media":"","overlay-type":"","overlay-color":"","overlay-opacity":"","overlay-gradient":""}},"footnotes":""},"class_list":["post-127165","page","type-page","status-publish","has-post-thumbnail","hentry"],"yoast_head":"<!-- This site is optimized with the Yoast SEO plugin v27.3 - https:\/\/yoast.com\/product\/yoast-seo-wordpress\/ -->\n<title>Servicios de Traducci\u00f3n de Holand\u00e9s: Trusted Translations, Inc.<\/title>\n<meta name=\"description\" content=\"Trusted Translations Inc. Servicios expertos de traducci\u00f3n al holand\u00e9s. Nuestros traductores garantizan traducciones precisas y fluidas adaptadas a sus necesidades. Solicite un presupuesto sin cargo.\" \/>\n<meta name=\"robots\" content=\"index, follow, max-snippet:-1, max-image-preview:large, max-video-preview:-1\" \/>\n<link rel=\"canonical\" href=\"https:\/\/www.trustedtranslations.com\/es\/idiomas\/holandes\" \/>\n<meta property=\"og:locale\" content=\"es_ES\" \/>\n<meta property=\"og:type\" content=\"article\" \/>\n<meta property=\"og:title\" content=\"Servicios de Traducci\u00f3n de Holand\u00e9s: Trusted Translations, Inc.\" \/>\n<meta property=\"og:description\" content=\"Trusted Translations Inc. Servicios expertos de traducci\u00f3n al holand\u00e9s. Nuestros traductores garantizan traducciones precisas y fluidas adaptadas a sus necesidades. Solicite un presupuesto sin cargo.\" \/>\n<meta property=\"og:url\" content=\"https:\/\/www.trustedtranslations.com\/es\/idiomas\/holandes\" \/>\n<meta property=\"og:site_name\" content=\"Trusted Translations\" \/>\n<meta property=\"article:publisher\" content=\"https:\/\/www.facebook.com\/Trusted.Translations\" \/>\n<meta property=\"article:modified_time\" content=\"2024-09-02T18:12:16+00:00\" \/>\n<meta property=\"og:image\" content=\"https:\/\/static.trustedtranslations.com\/wp-content\/uploads\/2022\/03\/TT_NEW_FB-1.png\" \/>\n\t<meta property=\"og:image:width\" content=\"1038\" \/>\n\t<meta property=\"og:image:height\" content=\"1038\" \/>\n\t<meta property=\"og:image:type\" content=\"image\/png\" \/>\n<meta name=\"twitter:card\" content=\"summary_large_image\" \/>\n<meta name=\"twitter:site\" content=\"@TrustedT9ns\" \/>\n<script type=\"application\/ld+json\" class=\"yoast-schema-graph\">{\"@context\":\"https:\\\/\\\/schema.org\",\"@graph\":[{\"@type\":\"WebPage\",\"@id\":\"https:\\\/\\\/www.trustedtranslations.com\\\/es\\\/idiomas\\\/holandes\",\"url\":\"https:\\\/\\\/www.trustedtranslations.com\\\/es\\\/idiomas\\\/holandes\",\"name\":\"Servicios de Traducci\u00f3n de Holand\u00e9s: Trusted Translations, Inc.\",\"isPartOf\":{\"@id\":\"https:\\\/\\\/www.trustedtranslations.com\\\/es\\\/#website\"},\"primaryImageOfPage\":{\"@id\":\"https:\\\/\\\/www.trustedtranslations.com\\\/es\\\/idiomas\\\/holandes#primaryimage\"},\"image\":{\"@id\":\"https:\\\/\\\/www.trustedtranslations.com\\\/es\\\/idiomas\\\/holandes#primaryimage\"},\"thumbnailUrl\":\"https:\\\/\\\/www.trustedtranslations.com\\\/wp-content\\\/uploads\\\/2022\\\/03\\\/TT_NEW_FB-1.png\",\"description\":\"Trusted Translations Inc. Servicios expertos de traducci\u00f3n al holand\u00e9s. Nuestros traductores garantizan traducciones precisas y fluidas adaptadas a sus necesidades. Solicite un presupuesto sin cargo.\",\"breadcrumb\":{\"@id\":\"https:\\\/\\\/www.trustedtranslations.com\\\/es\\\/idiomas\\\/holandes#breadcrumb\"},\"inLanguage\":\"es\",\"potentialAction\":[{\"@type\":\"ReadAction\",\"target\":[\"https:\\\/\\\/www.trustedtranslations.com\\\/es\\\/idiomas\\\/holandes\"]}]},{\"@type\":\"ImageObject\",\"inLanguage\":\"es\",\"@id\":\"https:\\\/\\\/www.trustedtranslations.com\\\/es\\\/idiomas\\\/holandes#primaryimage\",\"url\":\"https:\\\/\\\/www.trustedtranslations.com\\\/wp-content\\\/uploads\\\/2022\\\/03\\\/TT_NEW_FB-1.png\",\"contentUrl\":\"https:\\\/\\\/www.trustedtranslations.com\\\/wp-content\\\/uploads\\\/2022\\\/03\\\/TT_NEW_FB-1.png\",\"width\":1038,\"height\":1038,\"caption\":\"TT NEW FB 1\"},{\"@type\":\"BreadcrumbList\",\"@id\":\"https:\\\/\\\/www.trustedtranslations.com\\\/es\\\/idiomas\\\/holandes#breadcrumb\",\"itemListElement\":[{\"@type\":\"ListItem\",\"position\":1,\"name\":\"Home\",\"item\":\"https:\\\/\\\/www.trustedtranslations.com\\\/es\"},{\"@type\":\"ListItem\",\"position\":2,\"name\":\"Idiomas\",\"item\":\"https:\\\/\\\/www.trustedtranslations.com\\\/es\\\/idiomas\"},{\"@type\":\"ListItem\",\"position\":3,\"name\":\"Holand\u00e9s\"}]},{\"@type\":\"WebSite\",\"@id\":\"https:\\\/\\\/www.trustedtranslations.com\\\/es\\\/#website\",\"url\":\"https:\\\/\\\/www.trustedtranslations.com\\\/es\\\/\",\"name\":\"Trusted Translations, Inc.\",\"description\":\"Leader in translation and interpretation services.\",\"publisher\":{\"@id\":\"https:\\\/\\\/www.trustedtranslations.com\\\/es\\\/#organization\"},\"alternateName\":\"Trusted Translations\",\"potentialAction\":[{\"@type\":\"SearchAction\",\"target\":{\"@type\":\"EntryPoint\",\"urlTemplate\":\"https:\\\/\\\/www.trustedtranslations.com\\\/es\\\/?s={search_term_string}\"},\"query-input\":{\"@type\":\"PropertyValueSpecification\",\"valueRequired\":true,\"valueName\":\"search_term_string\"}}],\"inLanguage\":\"es\"},{\"@type\":\"Organization\",\"@id\":\"https:\\\/\\\/www.trustedtranslations.com\\\/es\\\/#organization\",\"name\":\"Trusted Translations\",\"alternateName\":\"Trusted Translations, Inc.\",\"url\":\"https:\\\/\\\/www.trustedtranslations.com\\\/es\\\/\",\"logo\":{\"@type\":\"ImageObject\",\"inLanguage\":\"es\",\"@id\":\"https:\\\/\\\/www.trustedtranslations.com\\\/es\\\/#\\\/schema\\\/logo\\\/image\\\/\",\"url\":\"https:\\\/\\\/static.trustedtranslations.com\\\/wp-content\\\/uploads\\\/2022\\\/01\\\/TT_logo_WSIColors-2.png\",\"contentUrl\":\"https:\\\/\\\/static.trustedtranslations.com\\\/wp-content\\\/uploads\\\/2022\\\/01\\\/TT_logo_WSIColors-2.png\",\"width\":500,\"height\":196,\"caption\":\"Trusted Translations\"},\"image\":{\"@id\":\"https:\\\/\\\/www.trustedtranslations.com\\\/es\\\/#\\\/schema\\\/logo\\\/image\\\/\"},\"sameAs\":[\"https:\\\/\\\/www.facebook.com\\\/Trusted.Translations\",\"https:\\\/\\\/x.com\\\/TrustedT9ns\",\"https:\\\/\\\/www.linkedin.com\\\/company\\\/trusted-translations\"]}]}<\/script>\n<!-- \/ Yoast SEO plugin. -->","yoast_head_json":{"title":"Servicios de Traducci\u00f3n de Holand\u00e9s: Trusted Translations, Inc.","description":"Trusted Translations Inc. Servicios expertos de traducci\u00f3n al holand\u00e9s. Nuestros traductores garantizan traducciones precisas y fluidas adaptadas a sus necesidades. Solicite un presupuesto sin cargo.","robots":{"index":"index","follow":"follow","max-snippet":"max-snippet:-1","max-image-preview":"max-image-preview:large","max-video-preview":"max-video-preview:-1"},"canonical":"https:\/\/www.trustedtranslations.com\/es\/idiomas\/holandes","og_locale":"es_ES","og_type":"article","og_title":"Servicios de Traducci\u00f3n de Holand\u00e9s: Trusted Translations, Inc.","og_description":"Trusted Translations Inc. Servicios expertos de traducci\u00f3n al holand\u00e9s. Nuestros traductores garantizan traducciones precisas y fluidas adaptadas a sus necesidades. Solicite un presupuesto sin cargo.","og_url":"https:\/\/www.trustedtranslations.com\/es\/idiomas\/holandes","og_site_name":"Trusted Translations","article_publisher":"https:\/\/www.facebook.com\/Trusted.Translations","article_modified_time":"2024-09-02T18:12:16+00:00","og_image":[{"width":1038,"height":1038,"url":"https:\/\/static.trustedtranslations.com\/wp-content\/uploads\/2022\/03\/TT_NEW_FB-1.png","type":"image\/png"}],"twitter_card":"summary_large_image","twitter_site":"@TrustedT9ns","schema":{"@context":"https:\/\/schema.org","@graph":[{"@type":"WebPage","@id":"https:\/\/www.trustedtranslations.com\/es\/idiomas\/holandes","url":"https:\/\/www.trustedtranslations.com\/es\/idiomas\/holandes","name":"Servicios de Traducci\u00f3n de Holand\u00e9s: Trusted Translations, Inc.","isPartOf":{"@id":"https:\/\/www.trustedtranslations.com\/es\/#website"},"primaryImageOfPage":{"@id":"https:\/\/www.trustedtranslations.com\/es\/idiomas\/holandes#primaryimage"},"image":{"@id":"https:\/\/www.trustedtranslations.com\/es\/idiomas\/holandes#primaryimage"},"thumbnailUrl":"https:\/\/www.trustedtranslations.com\/wp-content\/uploads\/2022\/03\/TT_NEW_FB-1.png","description":"Trusted Translations Inc. Servicios expertos de traducci\u00f3n al holand\u00e9s. Nuestros traductores garantizan traducciones precisas y fluidas adaptadas a sus necesidades. Solicite un presupuesto sin cargo.","breadcrumb":{"@id":"https:\/\/www.trustedtranslations.com\/es\/idiomas\/holandes#breadcrumb"},"inLanguage":"es","potentialAction":[{"@type":"ReadAction","target":["https:\/\/www.trustedtranslations.com\/es\/idiomas\/holandes"]}]},{"@type":"ImageObject","inLanguage":"es","@id":"https:\/\/www.trustedtranslations.com\/es\/idiomas\/holandes#primaryimage","url":"https:\/\/www.trustedtranslations.com\/wp-content\/uploads\/2022\/03\/TT_NEW_FB-1.png","contentUrl":"https:\/\/www.trustedtranslations.com\/wp-content\/uploads\/2022\/03\/TT_NEW_FB-1.png","width":1038,"height":1038,"caption":"TT NEW FB 1"},{"@type":"BreadcrumbList","@id":"https:\/\/www.trustedtranslations.com\/es\/idiomas\/holandes#breadcrumb","itemListElement":[{"@type":"ListItem","position":1,"name":"Home","item":"https:\/\/www.trustedtranslations.com\/es"},{"@type":"ListItem","position":2,"name":"Idiomas","item":"https:\/\/www.trustedtranslations.com\/es\/idiomas"},{"@type":"ListItem","position":3,"name":"Holand\u00e9s"}]},{"@type":"WebSite","@id":"https:\/\/www.trustedtranslations.com\/es\/#website","url":"https:\/\/www.trustedtranslations.com\/es\/","name":"Trusted Translations, Inc.","description":"Leader in translation and interpretation services.","publisher":{"@id":"https:\/\/www.trustedtranslations.com\/es\/#organization"},"alternateName":"Trusted Translations","potentialAction":[{"@type":"SearchAction","target":{"@type":"EntryPoint","urlTemplate":"https:\/\/www.trustedtranslations.com\/es\/?s={search_term_string}"},"query-input":{"@type":"PropertyValueSpecification","valueRequired":true,"valueName":"search_term_string"}}],"inLanguage":"es"},{"@type":"Organization","@id":"https:\/\/www.trustedtranslations.com\/es\/#organization","name":"Trusted Translations","alternateName":"Trusted Translations, Inc.","url":"https:\/\/www.trustedtranslations.com\/es\/","logo":{"@type":"ImageObject","inLanguage":"es","@id":"https:\/\/www.trustedtranslations.com\/es\/#\/schema\/logo\/image\/","url":"https:\/\/static.trustedtranslations.com\/wp-content\/uploads\/2022\/01\/TT_logo_WSIColors-2.png","contentUrl":"https:\/\/static.trustedtranslations.com\/wp-content\/uploads\/2022\/01\/TT_logo_WSIColors-2.png","width":500,"height":196,"caption":"Trusted Translations"},"image":{"@id":"https:\/\/www.trustedtranslations.com\/es\/#\/schema\/logo\/image\/"},"sameAs":["https:\/\/www.facebook.com\/Trusted.Translations","https:\/\/x.com\/TrustedT9ns","https:\/\/www.linkedin.com\/company\/trusted-translations"]}]}},"toolset-meta":{"dyk":{"mensaje-1":{"type":"textfield","raw":"Somos una de las pocas agencias con traductores nativos de neerland\u00e9s en el personal."},"mensaje-2":{"type":"textfield","raw":""},"mensaje-3":{"type":"textfield","raw":""},"mensaje-4":{"type":"textfield","raw":"Trusted Translations ofrece traducciones de neerland\u00e9s de calidad al precio m\u00e1s competitivo."},"mensaje-5":{"type":"textfield","raw":""},"mensaje-6":{"type":"textfield","raw":""}},"single-page-template-fields":{"imgs-temp":{"type":"image","raw":["https:\/\/static.trustedtranslations.com\/wp-content\/uploads\/2024\/05\/dutch-1-1.webp","https:\/\/static.trustedtranslations.com\/wp-content\/uploads\/2024\/05\/dutch-2-1.webp"],"repeatable":[{"raw":"https:\/\/static.trustedtranslations.com\/wp-content\/uploads\/2024\/05\/dutch-1-1.webp"},{"raw":"https:\/\/static.trustedtranslations.com\/wp-content\/uploads\/2024\/05\/dutch-2-1.webp"}]},"imgs-temp-cel":{"type":"image","raw":[""],"repeatable":[{"raw":""}]},"img-temp-one-cel":{"type":"image","raw":"https:\/\/static.trustedtranslations.com\/wp-content\/uploads\/2024\/05\/image-9-1.webp","attachment_id":null},"quotes":{"type":"textarea","raw":"<h1 style=\"margin-bottom: 12px;\">Servicios de Traducci\u00f3n de Holand\u00e9s<\/h1>\r\nHay aproximadamente 23 millones de hablantes nativos de holand\u00e9s en todo el mundo, concentrados en los Pa\u00edses Bajos, B\u00e9lgica y Surinam. El holand\u00e9s es clave para ingresar a estos nuevos mercados, especialmente los Pa\u00edses Bajos, uno de los principales pa\u00edses de la UE en conectividad digital e innovaci\u00f3n. <em>Trusted Translations<\/em> ofrece traductores profesionales que conocen bien el idioma, as\u00ed como las distinciones cruciales entre el holand\u00e9s gen\u00e9rico y el flamenco.\r\n<div style=\"margin-top: 2.5vw;\"><a class=\"tt-btn-main-cta\" href=\"https:\/\/www.trustedtranslations.com\/es\/presupuesto-sin-cargo\">Solicite un presupuesto sin cargo<\/a><\/div>"},"text-1":{"type":"textarea","raw":"<h2>Traducciones Profesionales de Alta Calidad de Holand\u00e9s<\/h2>\r\nEn <em>Trusted Translations<\/em>, estamos orgullosos de brindar traducciones de holand\u00e9s profesionales y de alta calidad a precios competitivos.\r\n\r\nMuchos de nuestros clientes son algunas de las principales empresas y organizaciones del mundo; por lo tanto, estamos en condiciones \u00f3ptimas para manejar todo tipo de proyectos de traducci\u00f3n profesional que pueda tener en este idioma. Desde peque\u00f1os emprendimientos hasta grandes empresas multinacionales, <em>Trusted Translations<\/em> le ofrece a su organizaci\u00f3n una amplia experiencia en traducciones profesionales de holand\u00e9s.\r\n<h2>Traducciones de Holand\u00e9s y Flamenco<\/h2>\r\nEl grupo ling\u00fc\u00edstico de holand\u00e9s y flamenco comprende a m\u00e1s de 25 millones de hablantes nativos, que forman parte de una regi\u00f3n econ\u00f3micamente poderosa, que abarca B\u00e9lgica y los Pa\u00edses Bajos. Asimismo, B\u00e9lgica y los Pa\u00edses Bajos siempre jugaron un rol fundamental en la Uni\u00f3n Europea, tanto a nivel hist\u00f3rico como geogr\u00e1fico. La regi\u00f3n de Flandes en B\u00e9lgica y el \u00e1rea del Randstad (formada por \u00c1msterdam y R\u00f3terdam, entre otras ciudades) en los Pa\u00edses Bajos son centros industriales y log\u00edsticos important\u00edsimos, ya que cuentan con algunos de los puertos m\u00e1s importantes del mundo y una amplia red de carreteras y caminos.\r\n\r\nAunque t\u00e9cnicamente es el mismo idioma, hay claras diferencias entre el holand\u00e9s (hablado en los Pa\u00edses Bajos) y el flamenco (hablado en la zona norte de B\u00e9lgica, conocida como Flandes). Desde una perspectiva \u201cliteraria\u201d, el flamenco y el holand\u00e9s son iguales. Sin embargo, desde un \u00e1ngulo cultural, tienen sus diferencias, que son similares a las que existen entre el ingl\u00e9s estadounidense y el ingl\u00e9s del Reino Unido.\r\n\r\nEn el caso del holand\u00e9s y el flamenco, la diferencia se encuentra en el uso de las palabras y el significado. De hecho, no hay diferencias ortogr\u00e1ficas o gramaticales entre las dos variantes ling\u00fc\u00edsticas. Si bien en los Pa\u00edses Bajos y Flandes se habla un holand\u00e9s relativamente uniforme, hay diferencias. En <em>Trusted Translations<\/em>, comprendemos las diferencias sutiles pero importantes y nos aseguraremos de que sus traducciones al holand\u00e9s o al flamenco se adapten a su p\u00fablico objetivo."},"shortcode-map":{"type":"textfield","raw":""},"dyk-shortcode":{"type":"textfield","raw":"[elementor-template id=\"139368\"]"},"text-2":{"type":"textarea","raw":"<h2>Traducci\u00f3n del Ingl\u00e9s y del Espa\u00f1ol al Holand\u00e9s<\/h2>\r\nComunicarse de manera fluida en holand\u00e9s es una cualidad fundamental para cualquier empresa que intente tener \u00e9xito en el siglo XXI. La calidad de sus traducciones de holand\u00e9s es un reflejo de su imagen y la de su empresa. Como proveedor l\u00edder en traducciones profesionales, nos enfocaremos en lo que mejor hacemos, para que usted pueda hacer lo que mejor hace.\r\n\r\nIndependientemente del tipo de contenido de sus traducciones de holand\u00e9s, contamos con equipos de traductores profesionales que se especializan en diferentes campos. Ofrecemos experiencia en las siguientes \u00e1reas: finanzas, TI, ventas, <i>marketing<\/i>, medios, derecho, viajes, <i>software<\/i>, comunicaci\u00f3n con el consumidor, comercial, telecomunicaciones, empresas, t\u00e9cnica, relaciones p\u00fablicas, medicina y servicios de salud, gobierno, seguros y literatura.\r\n\r\nSi bien nos especializamos en servicios de traducci\u00f3n de ingl\u00e9s y espa\u00f1ol a holand\u00e9s, habitualmente traducimos documentos en holand\u00e9s hacia y desde el franc\u00e9s, alem\u00e1n, italiano, coreano, chino y japon\u00e9s utilizando experimentados traductores nativos de holand\u00e9s, especializados en cada \u00e1rea.\r\n<h2>Equipos de Traductores Expertos de Holand\u00e9s<\/h2>\r\nEl servicio que brindan nuestros equipos de traductores de holand\u00e9s y flamenco incluye la edici\u00f3n y revisi\u00f3n de expertos independientes, sin cargo adicional. Nuestros equipos de profesionales tambi\u00e9n ofrecen edici\u00f3n y revisi\u00f3n para traducciones realizadas por otros proveedores."},"state":{"type":"textfield","raw":""},"city":{"type":"textarea","raw":[]}}},"_links":{"self":[{"href":"https:\/\/www.trustedtranslations.com\/es\/wp-json\/wp\/v2\/pages\/127165","targetHints":{"allow":["GET"]}}],"collection":[{"href":"https:\/\/www.trustedtranslations.com\/es\/wp-json\/wp\/v2\/pages"}],"about":[{"href":"https:\/\/www.trustedtranslations.com\/es\/wp-json\/wp\/v2\/types\/page"}],"author":[{"embeddable":true,"href":"https:\/\/www.trustedtranslations.com\/es\/wp-json\/wp\/v2\/users\/1"}],"replies":[{"embeddable":true,"href":"https:\/\/www.trustedtranslations.com\/es\/wp-json\/wp\/v2\/comments?post=127165"}],"version-history":[{"count":0,"href":"https:\/\/www.trustedtranslations.com\/es\/wp-json\/wp\/v2\/pages\/127165\/revisions"}],"up":[{"embeddable":true,"href":"https:\/\/www.trustedtranslations.com\/es\/wp-json\/wp\/v2\/pages\/127181"}],"wp:featuredmedia":[{"embeddable":true,"href":"https:\/\/www.trustedtranslations.com\/es\/wp-json\/wp\/v2\/media\/139634"}],"wp:attachment":[{"href":"https:\/\/www.trustedtranslations.com\/es\/wp-json\/wp\/v2\/media?parent=127165"}],"curies":[{"name":"wp","href":"https:\/\/api.w.org\/{rel}","templated":true}]}}