{"id":127167,"date":"2018-06-22T21:13:42","date_gmt":"2018-06-22T21:13:42","guid":{"rendered":"https:\/\/www.trustedtranslations.com\/?page_id=127167"},"modified":"2023-05-09T23:14:09","modified_gmt":"2023-05-10T02:14:09","slug":"traduccion-de-espanol","status":"publish","type":"page","link":"https:\/\/www.trustedtranslations.com\/es\/idiomas\/traduccion-de-espanol","title":{"rendered":"Traducci\u00f3n de Espa\u00f1ol"},"content":{"rendered":"<h1>L\u00edder en Servicios de Traducci\u00f3n de Espa\u00f1ol<\/h1>\n<p><em><em>Trusted Translations<\/em><\/em> es el principal proveedor de servicios de traducci\u00f3n de espa\u00f1ol en Estados Unidos y una reconocida autoridad en el idioma espa\u00f1ol en la industria. Cada mes, cientos de miles de personas, empresas, organismos de gobierno, ling\u00fcistas y especialistas del idioma consultan a nuestra empresa por temas relacionados con el idioma espa\u00f1ol.<\/p>\n<p>Ninguna otra agencia de traducciones puede brindarle el nivel de especializaci\u00f3n, la variedad de recursos y, sobre todo, la experiencia comprobada en relaci\u00f3n con el idioma espa\u00f1ol. Organizaciones y empresas reconocidas por ser meticulosas y detallistas, como la NASA, el Departamento de Justicia de EE. UU., Siemens, IBM, Lockheed Martin y Gen Probe, recurren a <em><em>Trusted Translations<\/em><\/em> para sus necesidades de traducci\u00f3n de espa\u00f1ol.<\/p>\n<h2>Calidad Comprobada a Precios Competitivos<\/h2>\n<p>Como el punto de referencia de la industria para el espa\u00f1ol, <em><em>Trusted Translations<\/em><\/em> se encuentra en una posici\u00f3n \u00fanica para brindar calidad a los precios m\u00e1s competitivos. Con recursos internos y centros de referencia de idiomas ubicados en Europa, Am\u00e9rica Latina y Estados Unidos, en <em><em>Trusted Translations<\/em><\/em> podemos garantizar que cada traducci\u00f3n al espa\u00f1ol se adapte a las necesidades espec\u00edficas de su organizaci\u00f3n. Esto incluye la capacidad de localizar el contenido en casi cualquier versi\u00f3n del espa\u00f1ol (latinoamericano, centroamericano, neutro, europeo o espec\u00edfico de un pa\u00eds).<\/p>\n<h2>Elegir el Espa\u00f1ol Adecuado para su Proyecto<\/h2>\n<p>Al igual que con cualquier traducci\u00f3n, es fundamental conocer el mercado objetivo al dirigirse a hispanohablantes. Por ejemplo, el espa\u00f1ol que se escribe y se habla en M\u00e9xico es muy diferente al que encontrar\u00eda en Espa\u00f1a o en los pa\u00edses de Am\u00e9rica del Sur. Una de nuestras responsabilidades principales es ayudarlo a conocer los diferentes tipos de espa\u00f1ol y seleccionar el tipo correcto para su proyecto.<\/p>\n<p>Lo ayudaremos a evaluar si es mejor usar un espa\u00f1ol neutro o adaptar el contenido en espa\u00f1ol para un mercado hispanohablante espec\u00edfico, como ser Argentina, Bolivia, Chile, Colombia, Costa Rica, Cuba, Rep\u00fablica Dominicana, Ecuador, El Salvador, Guatemala, Honduras, M\u00e9xico, Nicaragua, Panam\u00e1, Paraguay, Per\u00fa, Puerto Rico, Espa\u00f1a, Estados Unidos, Uruguay y Venezuela.<\/p>\n<h2>Orientaci\u00f3n a Uno o M\u00e1s Mercados Hispanohablantes<\/h2>\n<p>Como pr\u00e1ctica habitual, en <em><em><em>Trusted Translations<\/em><\/em> <\/em> se traduce a un espa\u00f1ol neutro. Esto permite que la traducci\u00f3n se pueda utilizar en los distintos pa\u00edses. Sin embargo, dependiendo de la naturaleza de la comunicaci\u00f3n, es posible que esto no sea tan eficaz y se perciba como demasiado formal. Una de las posibilidades excepcionales que ofrece <em><em>Trusted Translations<\/em><\/em> es la capacidad de convertir contenido en espa\u00f1ol neutro a las diversas versiones espec\u00edficas de cada pa\u00eds a un costo muy bajo. Por ejemplo, si el 70\u00a0% de sus lectores de espa\u00f1ol son de diferentes partes de Am\u00e9rica Latina y el 30\u00a0% de M\u00e9xico, podr\u00eda traducir el contenido a un espa\u00f1ol neutro, as\u00ed como a la variante mexicana del espa\u00f1ol a un bajo costo.<\/p>\n<h2>Experiencia en Espa\u00f1ol en Todas las Industrias y los Sectores<\/h2>\n<p>Como somos uno de los mayores productores de traducciones de espa\u00f1ol del mundo, hemos desarrollado experiencia en casi todos los sectores de la industria. Desde especificaciones t\u00e9cnicas complicadas hasta material de marketing, en <em><em>Trusted Translations<\/em><\/em> contamos con la experiencia que su organizaci\u00f3n necesita para brindar servicios de traducci\u00f3n al espa\u00f1ol de gran precisi\u00f3n a uno de los precios m\u00e1s competitivos de la industria.<\/p>\n<p>Nuestras \u00e1reas de especializaci\u00f3n incluyen derecho, finanzas, marketing, medicina, telecomunicaciones, recursos humanos, ventas, software, negocios, industria farmac\u00e9utica, relaciones p\u00fablicas, tecnolog\u00eda, negocios, contabilidad, literatura, seguros, industria aeroespacial, petr\u00f3leo y gas, miner\u00eda, educaci\u00f3n, gobierno, salud, viajes, tecnolog\u00eda de la informaci\u00f3n, gesti\u00f3n de recursos del cliente, industria automotriz, cosm\u00e9ticos y accesorios para el cabello, aire acondicionado, electrodom\u00e9sticos y aparatos industriales, tecnolog\u00eda de impresi\u00f3n, energ\u00eda renovable y muchas m\u00e1s.<\/p>\n<p>Independientemente del sector industrial, <em><em>Trusted Translations<\/em><\/em> aportar\u00e1 a su proyecto la experiencia necesaria para garantizar que el contenido se traduzca con precisi\u00f3n y con la nomenclatura correcta de la industria. <\/p>\n","protected":false},"excerpt":{"rendered":"L\u00edder en Servicios de Traducci\u00f3n de Espa\u00f1ol Trusted Translations es el principal proveedor de servicios de traducci\u00f3n de espa\u00f1ol en Estados Unidos y una reconocida autoridad en el idioma espa\u00f1ol\u2026\n","protected":false},"author":1,"featured_media":160117,"parent":127181,"menu_order":0,"comment_status":"closed","ping_status":"closed","template":"","meta":{"site-sidebar-layout":"default","site-content-layout":"","ast-site-content-layout":"default","site-content-style":"default","site-sidebar-style":"default","ast-global-header-display":"","ast-banner-title-visibility":"","ast-main-header-display":"","ast-hfb-above-header-display":"","ast-hfb-below-header-display":"","ast-hfb-mobile-header-display":"","site-post-title":"disabled","ast-breadcrumbs-content":"","ast-featured-img":"","footer-sml-layout":"","ast-disable-related-posts":"","theme-transparent-header-meta":"","adv-header-id-meta":null,"stick-header-meta":null,"header-above-stick-meta":null,"header-main-stick-meta":null,"header-below-stick-meta":null,"astra-migrate-meta-layouts":"default","ast-page-background-enabled":"default","ast-page-background-meta":{"desktop":{"background-color":"var(--ast-global-color-4)","background-image":"","background-repeat":"repeat","background-position":"center center","background-size":"auto","background-attachment":"scroll","background-type":"","background-media":"","overlay-type":"","overlay-color":"","overlay-opacity":"","overlay-gradient":""},"tablet":{"background-color":"","background-image":"","background-repeat":"repeat","background-position":"center center","background-size":"auto","background-attachment":"scroll","background-type":"","background-media":"","overlay-type":"","overlay-color":"","overlay-opacity":"","overlay-gradient":""},"mobile":{"background-color":"","background-image":"","background-repeat":"repeat","background-position":"center center","background-size":"auto","background-attachment":"scroll","background-type":"","background-media":"","overlay-type":"","overlay-color":"","overlay-opacity":"","overlay-gradient":""}},"ast-content-background-meta":{"desktop":{"background-color":"var(--ast-global-color-5)","background-image":"","background-repeat":"repeat","background-position":"center center","background-size":"auto","background-attachment":"scroll","background-type":"","background-media":"","overlay-type":"","overlay-color":"","overlay-opacity":"","overlay-gradient":""},"tablet":{"background-color":"var(--ast-global-color-5)","background-image":"","background-repeat":"repeat","background-position":"center center","background-size":"auto","background-attachment":"scroll","background-type":"","background-media":"","overlay-type":"","overlay-color":"","overlay-opacity":"","overlay-gradient":""},"mobile":{"background-color":"var(--ast-global-color-5)","background-image":"","background-repeat":"repeat","background-position":"center center","background-size":"auto","background-attachment":"scroll","background-type":"","background-media":"","overlay-type":"","overlay-color":"","overlay-opacity":"","overlay-gradient":""}},"footnotes":""},"class_list":["post-127167","page","type-page","status-publish","has-post-thumbnail","hentry"],"yoast_head":"<!-- This site is optimized with the Yoast SEO plugin v27.3 - https:\/\/yoast.com\/product\/yoast-seo-wordpress\/ -->\n<title>Traducci\u00f3n de Espa\u00f1ol - Trusted Translations, Traducci\u00f3n del Ingl\u00e9s al Espa\u00f1ol<\/title>\n<meta name=\"description\" content=\"Traducci\u00f3n de espa\u00f1ol de alta calidad por traductores profesionales a los mejores precios. Haga una consulta o solicite una cotizaci\u00f3n sin costo.\" \/>\n<meta name=\"robots\" content=\"index, follow, max-snippet:-1, max-image-preview:large, max-video-preview:-1\" \/>\n<link rel=\"canonical\" href=\"https:\/\/www.trustedtranslations.com\/es\/idiomas\/traduccion-de-espanol\" \/>\n<meta property=\"og:locale\" content=\"es_ES\" \/>\n<meta property=\"og:type\" content=\"article\" \/>\n<meta property=\"og:title\" content=\"Traducci\u00f3n de Espa\u00f1ol - Trusted Translations, Traducci\u00f3n del Ingl\u00e9s al Espa\u00f1ol\" \/>\n<meta property=\"og:description\" content=\"Traducci\u00f3n de espa\u00f1ol de alta calidad por traductores profesionales a los mejores precios. Haga una consulta o solicite una cotizaci\u00f3n sin costo.\" \/>\n<meta property=\"og:url\" content=\"https:\/\/www.trustedtranslations.com\/es\/idiomas\/traduccion-de-espanol\" \/>\n<meta property=\"og:site_name\" content=\"Trusted Translations\" \/>\n<meta property=\"article:publisher\" content=\"https:\/\/www.facebook.com\/Trusted.Translations\" \/>\n<meta property=\"article:modified_time\" content=\"2023-05-10T02:14:09+00:00\" \/>\n<meta property=\"og:image\" content=\"https:\/\/static.trustedtranslations.com\/wp-content\/uploads\/2022\/08\/TT_NEW_FB-1.png\" \/>\n\t<meta property=\"og:image:width\" content=\"1\" \/>\n\t<meta property=\"og:image:height\" content=\"1\" \/>\n\t<meta property=\"og:image:type\" content=\"image\/jpeg\" \/>\n<meta name=\"twitter:card\" content=\"summary_large_image\" \/>\n<meta name=\"twitter:site\" content=\"@TrustedT9ns\" \/>\n<script type=\"application\/ld+json\" class=\"yoast-schema-graph\">{\"@context\":\"https:\\\/\\\/schema.org\",\"@graph\":[{\"@type\":\"WebPage\",\"@id\":\"https:\\\/\\\/www.trustedtranslations.com\\\/es\\\/idiomas\\\/traduccion-de-espanol\",\"url\":\"https:\\\/\\\/www.trustedtranslations.com\\\/es\\\/idiomas\\\/traduccion-de-espanol\",\"name\":\"Traducci\u00f3n de Espa\u00f1ol - Trusted Translations, Traducci\u00f3n del Ingl\u00e9s al Espa\u00f1ol\",\"isPartOf\":{\"@id\":\"https:\\\/\\\/www.trustedtranslations.com\\\/es\\\/#website\"},\"primaryImageOfPage\":{\"@id\":\"https:\\\/\\\/www.trustedtranslations.com\\\/es\\\/idiomas\\\/traduccion-de-espanol#primaryimage\"},\"image\":{\"@id\":\"https:\\\/\\\/www.trustedtranslations.com\\\/es\\\/idiomas\\\/traduccion-de-espanol#primaryimage\"},\"thumbnailUrl\":\"https:\\\/\\\/www.trustedtranslations.com\\\/wp-content\\\/uploads\\\/2022\\\/08\\\/TT_NEW_FB-1.png\",\"description\":\"Traducci\u00f3n de espa\u00f1ol de alta calidad por traductores profesionales a los mejores precios. Haga una consulta o solicite una cotizaci\u00f3n sin costo.\",\"breadcrumb\":{\"@id\":\"https:\\\/\\\/www.trustedtranslations.com\\\/es\\\/idiomas\\\/traduccion-de-espanol#breadcrumb\"},\"inLanguage\":\"es\",\"potentialAction\":[{\"@type\":\"ReadAction\",\"target\":[\"https:\\\/\\\/www.trustedtranslations.com\\\/es\\\/idiomas\\\/traduccion-de-espanol\"]}]},{\"@type\":\"ImageObject\",\"inLanguage\":\"es\",\"@id\":\"https:\\\/\\\/www.trustedtranslations.com\\\/es\\\/idiomas\\\/traduccion-de-espanol#primaryimage\",\"url\":\"https:\\\/\\\/www.trustedtranslations.com\\\/wp-content\\\/uploads\\\/2022\\\/08\\\/TT_NEW_FB-1.png\",\"contentUrl\":\"https:\\\/\\\/www.trustedtranslations.com\\\/wp-content\\\/uploads\\\/2022\\\/08\\\/TT_NEW_FB-1.png\",\"caption\":\"TT NEW FB 1\"},{\"@type\":\"BreadcrumbList\",\"@id\":\"https:\\\/\\\/www.trustedtranslations.com\\\/es\\\/idiomas\\\/traduccion-de-espanol#breadcrumb\",\"itemListElement\":[{\"@type\":\"ListItem\",\"position\":1,\"name\":\"Home\",\"item\":\"https:\\\/\\\/www.trustedtranslations.com\\\/es\"},{\"@type\":\"ListItem\",\"position\":2,\"name\":\"Idiomas\",\"item\":\"https:\\\/\\\/www.trustedtranslations.com\\\/es\\\/idiomas\"},{\"@type\":\"ListItem\",\"position\":3,\"name\":\"Traducci\u00f3n de Espa\u00f1ol\"}]},{\"@type\":\"WebSite\",\"@id\":\"https:\\\/\\\/www.trustedtranslations.com\\\/es\\\/#website\",\"url\":\"https:\\\/\\\/www.trustedtranslations.com\\\/es\\\/\",\"name\":\"Trusted Translations, Inc.\",\"description\":\"Leader in translation and interpretation services.\",\"publisher\":{\"@id\":\"https:\\\/\\\/www.trustedtranslations.com\\\/es\\\/#organization\"},\"alternateName\":\"Trusted Translations\",\"potentialAction\":[{\"@type\":\"SearchAction\",\"target\":{\"@type\":\"EntryPoint\",\"urlTemplate\":\"https:\\\/\\\/www.trustedtranslations.com\\\/es\\\/?s={search_term_string}\"},\"query-input\":{\"@type\":\"PropertyValueSpecification\",\"valueRequired\":true,\"valueName\":\"search_term_string\"}}],\"inLanguage\":\"es\"},{\"@type\":\"Organization\",\"@id\":\"https:\\\/\\\/www.trustedtranslations.com\\\/es\\\/#organization\",\"name\":\"Trusted Translations\",\"alternateName\":\"Trusted Translations, Inc.\",\"url\":\"https:\\\/\\\/www.trustedtranslations.com\\\/es\\\/\",\"logo\":{\"@type\":\"ImageObject\",\"inLanguage\":\"es\",\"@id\":\"https:\\\/\\\/www.trustedtranslations.com\\\/es\\\/#\\\/schema\\\/logo\\\/image\\\/\",\"url\":\"https:\\\/\\\/static.trustedtranslations.com\\\/wp-content\\\/uploads\\\/2022\\\/01\\\/TT_logo_WSIColors-2.png\",\"contentUrl\":\"https:\\\/\\\/static.trustedtranslations.com\\\/wp-content\\\/uploads\\\/2022\\\/01\\\/TT_logo_WSIColors-2.png\",\"width\":500,\"height\":196,\"caption\":\"Trusted Translations\"},\"image\":{\"@id\":\"https:\\\/\\\/www.trustedtranslations.com\\\/es\\\/#\\\/schema\\\/logo\\\/image\\\/\"},\"sameAs\":[\"https:\\\/\\\/www.facebook.com\\\/Trusted.Translations\",\"https:\\\/\\\/x.com\\\/TrustedT9ns\",\"https:\\\/\\\/www.linkedin.com\\\/company\\\/trusted-translations\"]}]}<\/script>\n<!-- \/ Yoast SEO plugin. -->","yoast_head_json":{"title":"Traducci\u00f3n de Espa\u00f1ol - Trusted Translations, Traducci\u00f3n del Ingl\u00e9s al Espa\u00f1ol","description":"Traducci\u00f3n de espa\u00f1ol de alta calidad por traductores profesionales a los mejores precios. Haga una consulta o solicite una cotizaci\u00f3n sin costo.","robots":{"index":"index","follow":"follow","max-snippet":"max-snippet:-1","max-image-preview":"max-image-preview:large","max-video-preview":"max-video-preview:-1"},"canonical":"https:\/\/www.trustedtranslations.com\/es\/idiomas\/traduccion-de-espanol","og_locale":"es_ES","og_type":"article","og_title":"Traducci\u00f3n de Espa\u00f1ol - Trusted Translations, Traducci\u00f3n del Ingl\u00e9s al Espa\u00f1ol","og_description":"Traducci\u00f3n de espa\u00f1ol de alta calidad por traductores profesionales a los mejores precios. Haga una consulta o solicite una cotizaci\u00f3n sin costo.","og_url":"https:\/\/www.trustedtranslations.com\/es\/idiomas\/traduccion-de-espanol","og_site_name":"Trusted Translations","article_publisher":"https:\/\/www.facebook.com\/Trusted.Translations","article_modified_time":"2023-05-10T02:14:09+00:00","og_image":[{"url":"https:\/\/static.trustedtranslations.com\/wp-content\/uploads\/2022\/08\/TT_NEW_FB-1.png","width":1,"height":1,"type":"image\/jpeg"}],"twitter_card":"summary_large_image","twitter_site":"@TrustedT9ns","schema":{"@context":"https:\/\/schema.org","@graph":[{"@type":"WebPage","@id":"https:\/\/www.trustedtranslations.com\/es\/idiomas\/traduccion-de-espanol","url":"https:\/\/www.trustedtranslations.com\/es\/idiomas\/traduccion-de-espanol","name":"Traducci\u00f3n de Espa\u00f1ol - Trusted Translations, Traducci\u00f3n del Ingl\u00e9s al Espa\u00f1ol","isPartOf":{"@id":"https:\/\/www.trustedtranslations.com\/es\/#website"},"primaryImageOfPage":{"@id":"https:\/\/www.trustedtranslations.com\/es\/idiomas\/traduccion-de-espanol#primaryimage"},"image":{"@id":"https:\/\/www.trustedtranslations.com\/es\/idiomas\/traduccion-de-espanol#primaryimage"},"thumbnailUrl":"https:\/\/www.trustedtranslations.com\/wp-content\/uploads\/2022\/08\/TT_NEW_FB-1.png","description":"Traducci\u00f3n de espa\u00f1ol de alta calidad por traductores profesionales a los mejores precios. Haga una consulta o solicite una cotizaci\u00f3n sin costo.","breadcrumb":{"@id":"https:\/\/www.trustedtranslations.com\/es\/idiomas\/traduccion-de-espanol#breadcrumb"},"inLanguage":"es","potentialAction":[{"@type":"ReadAction","target":["https:\/\/www.trustedtranslations.com\/es\/idiomas\/traduccion-de-espanol"]}]},{"@type":"ImageObject","inLanguage":"es","@id":"https:\/\/www.trustedtranslations.com\/es\/idiomas\/traduccion-de-espanol#primaryimage","url":"https:\/\/www.trustedtranslations.com\/wp-content\/uploads\/2022\/08\/TT_NEW_FB-1.png","contentUrl":"https:\/\/www.trustedtranslations.com\/wp-content\/uploads\/2022\/08\/TT_NEW_FB-1.png","caption":"TT NEW FB 1"},{"@type":"BreadcrumbList","@id":"https:\/\/www.trustedtranslations.com\/es\/idiomas\/traduccion-de-espanol#breadcrumb","itemListElement":[{"@type":"ListItem","position":1,"name":"Home","item":"https:\/\/www.trustedtranslations.com\/es"},{"@type":"ListItem","position":2,"name":"Idiomas","item":"https:\/\/www.trustedtranslations.com\/es\/idiomas"},{"@type":"ListItem","position":3,"name":"Traducci\u00f3n de Espa\u00f1ol"}]},{"@type":"WebSite","@id":"https:\/\/www.trustedtranslations.com\/es\/#website","url":"https:\/\/www.trustedtranslations.com\/es\/","name":"Trusted Translations, Inc.","description":"Leader in translation and interpretation services.","publisher":{"@id":"https:\/\/www.trustedtranslations.com\/es\/#organization"},"alternateName":"Trusted Translations","potentialAction":[{"@type":"SearchAction","target":{"@type":"EntryPoint","urlTemplate":"https:\/\/www.trustedtranslations.com\/es\/?s={search_term_string}"},"query-input":{"@type":"PropertyValueSpecification","valueRequired":true,"valueName":"search_term_string"}}],"inLanguage":"es"},{"@type":"Organization","@id":"https:\/\/www.trustedtranslations.com\/es\/#organization","name":"Trusted Translations","alternateName":"Trusted Translations, Inc.","url":"https:\/\/www.trustedtranslations.com\/es\/","logo":{"@type":"ImageObject","inLanguage":"es","@id":"https:\/\/www.trustedtranslations.com\/es\/#\/schema\/logo\/image\/","url":"https:\/\/static.trustedtranslations.com\/wp-content\/uploads\/2022\/01\/TT_logo_WSIColors-2.png","contentUrl":"https:\/\/static.trustedtranslations.com\/wp-content\/uploads\/2022\/01\/TT_logo_WSIColors-2.png","width":500,"height":196,"caption":"Trusted Translations"},"image":{"@id":"https:\/\/www.trustedtranslations.com\/es\/#\/schema\/logo\/image\/"},"sameAs":["https:\/\/www.facebook.com\/Trusted.Translations","https:\/\/x.com\/TrustedT9ns","https:\/\/www.linkedin.com\/company\/trusted-translations"]}]}},"toolset-meta":{"dyk":{"mensaje-1":{"type":"textfield","raw":""},"mensaje-2":{"type":"textfield","raw":""},"mensaje-3":{"type":"textfield","raw":""},"mensaje-4":{"type":"textfield","raw":""},"mensaje-5":{"type":"textfield","raw":""},"mensaje-6":{"type":"textfield","raw":""}},"single-page-template-fields":{"imgs-temp":{"type":"image","raw":[],"repeatable":[]},"imgs-temp-cel":{"type":"image","raw":[],"repeatable":[]},"img-temp-one-cel":{"type":"image","raw":"","attachment_id":null},"quotes":{"type":"textarea","raw":""},"text-1":{"type":"textarea","raw":""},"shortcode-map":{"type":"textfield","raw":""},"dyk-shortcode":{"type":"textfield","raw":""},"text-2":{"type":"textarea","raw":""},"state":{"type":"textfield","raw":""},"city":{"type":"textarea","raw":[]}}},"_links":{"self":[{"href":"https:\/\/www.trustedtranslations.com\/es\/wp-json\/wp\/v2\/pages\/127167","targetHints":{"allow":["GET"]}}],"collection":[{"href":"https:\/\/www.trustedtranslations.com\/es\/wp-json\/wp\/v2\/pages"}],"about":[{"href":"https:\/\/www.trustedtranslations.com\/es\/wp-json\/wp\/v2\/types\/page"}],"author":[{"embeddable":true,"href":"https:\/\/www.trustedtranslations.com\/es\/wp-json\/wp\/v2\/users\/1"}],"replies":[{"embeddable":true,"href":"https:\/\/www.trustedtranslations.com\/es\/wp-json\/wp\/v2\/comments?post=127167"}],"version-history":[{"count":0,"href":"https:\/\/www.trustedtranslations.com\/es\/wp-json\/wp\/v2\/pages\/127167\/revisions"}],"up":[{"embeddable":true,"href":"https:\/\/www.trustedtranslations.com\/es\/wp-json\/wp\/v2\/pages\/127181"}],"wp:featuredmedia":[{"embeddable":true,"href":"https:\/\/www.trustedtranslations.com\/es\/wp-json\/wp\/v2\/media\/160117"}],"wp:attachment":[{"href":"https:\/\/www.trustedtranslations.com\/es\/wp-json\/wp\/v2\/media?parent=127167"}],"curies":[{"name":"wp","href":"https:\/\/api.w.org\/{rel}","templated":true}]}}