{"id":127168,"date":"2018-06-22T21:13:41","date_gmt":"2018-06-22T21:13:41","guid":{"rendered":"https:\/\/www.trustedtranslations.com\/?page_id=127168"},"modified":"2024-09-18T17:30:04","modified_gmt":"2024-09-18T20:30:04","slug":"chino","status":"publish","type":"page","link":"https:\/\/www.trustedtranslations.com\/es\/idiomas\/chino","title":{"rendered":"Chino"},"content":{"rendered":"","protected":false},"excerpt":{"rendered":"","protected":false},"author":1,"featured_media":139634,"parent":127181,"menu_order":0,"comment_status":"closed","ping_status":"closed","template":"","meta":{"site-sidebar-layout":"default","site-content-layout":"default","ast-site-content-layout":"default","site-content-style":"default","site-sidebar-style":"default","ast-global-header-display":"","ast-banner-title-visibility":"","ast-main-header-display":"","ast-hfb-above-header-display":"","ast-hfb-below-header-display":"","ast-hfb-mobile-header-display":"","site-post-title":"disabled","ast-breadcrumbs-content":"","ast-featured-img":"","footer-sml-layout":"","ast-disable-related-posts":"","theme-transparent-header-meta":"default","adv-header-id-meta":"","stick-header-meta":"","header-above-stick-meta":"","header-main-stick-meta":"","header-below-stick-meta":"","astra-migrate-meta-layouts":"set","ast-page-background-enabled":"default","ast-page-background-meta":{"desktop":{"background-color":"var(--ast-global-color-4)","background-image":"","background-repeat":"repeat","background-position":"center center","background-size":"auto","background-attachment":"scroll","background-type":"","background-media":"","overlay-type":"","overlay-color":"","overlay-opacity":"","overlay-gradient":""},"tablet":{"background-color":"","background-image":"","background-repeat":"repeat","background-position":"center center","background-size":"auto","background-attachment":"scroll","background-type":"","background-media":"","overlay-type":"","overlay-color":"","overlay-opacity":"","overlay-gradient":""},"mobile":{"background-color":"","background-image":"","background-repeat":"repeat","background-position":"center center","background-size":"auto","background-attachment":"scroll","background-type":"","background-media":"","overlay-type":"","overlay-color":"","overlay-opacity":"","overlay-gradient":""}},"ast-content-background-meta":{"desktop":{"background-color":"var(--ast-global-color-5)","background-image":"","background-repeat":"repeat","background-position":"center center","background-size":"auto","background-attachment":"scroll","background-type":"","background-media":"","overlay-type":"","overlay-color":"","overlay-opacity":"","overlay-gradient":""},"tablet":{"background-color":"var(--ast-global-color-5)","background-image":"","background-repeat":"repeat","background-position":"center center","background-size":"auto","background-attachment":"scroll","background-type":"","background-media":"","overlay-type":"","overlay-color":"","overlay-opacity":"","overlay-gradient":""},"mobile":{"background-color":"var(--ast-global-color-5)","background-image":"","background-repeat":"repeat","background-position":"center center","background-size":"auto","background-attachment":"scroll","background-type":"","background-media":"","overlay-type":"","overlay-color":"","overlay-opacity":"","overlay-gradient":""}},"footnotes":""},"class_list":["post-127168","page","type-page","status-publish","has-post-thumbnail","hentry"],"yoast_head":"<!-- This site is optimized with the Yoast SEO plugin v27.5 - https:\/\/yoast.com\/product\/yoast-seo-wordpress\/ -->\n<title>Servicios de Traducci\u00f3n de Chino: Trusted Translations, Inc.<\/title>\n<meta name=\"description\" content=\"Trusted Translations, Inc. Servicios de Traducci\u00f3n de Chino. Nuestros traductores nativos proporcionan traducciones precisas y oportunas. Llame para solicitar un presupuesto sin cargo.\" \/>\n<meta name=\"robots\" content=\"index, follow, max-snippet:-1, max-image-preview:large, max-video-preview:-1\" \/>\n<link rel=\"canonical\" href=\"https:\/\/www.trustedtranslations.com\/es\/idiomas\/chino\" \/>\n<meta property=\"og:locale\" content=\"es_ES\" \/>\n<meta property=\"og:type\" content=\"article\" \/>\n<meta property=\"og:title\" content=\"Servicios de Traducci\u00f3n de Chino: Trusted Translations, Inc.\" \/>\n<meta property=\"og:description\" content=\"Trusted Translations, Inc. Servicios de Traducci\u00f3n de Chino. Nuestros traductores nativos proporcionan traducciones precisas y oportunas. Llame para solicitar un presupuesto sin cargo.\" \/>\n<meta property=\"og:url\" content=\"https:\/\/www.trustedtranslations.com\/es\/idiomas\/chino\" \/>\n<meta property=\"og:site_name\" content=\"Trusted Translations\" \/>\n<meta property=\"article:publisher\" content=\"https:\/\/www.facebook.com\/Trusted.Translations\" \/>\n<meta property=\"article:modified_time\" content=\"2024-09-18T20:30:04+00:00\" \/>\n<meta property=\"og:image\" content=\"https:\/\/static.trustedtranslations.com\/wp-content\/uploads\/2022\/03\/TT_NEW_FB-1.png\" \/>\n\t<meta property=\"og:image:width\" content=\"1038\" \/>\n\t<meta property=\"og:image:height\" content=\"1038\" \/>\n\t<meta property=\"og:image:type\" content=\"image\/png\" \/>\n<meta name=\"twitter:card\" content=\"summary_large_image\" \/>\n<meta name=\"twitter:site\" content=\"@TrustedT9ns\" \/>\n<script type=\"application\/ld+json\" class=\"yoast-schema-graph\">{\"@context\":\"https:\\\/\\\/schema.org\",\"@graph\":[{\"@type\":\"WebPage\",\"@id\":\"https:\\\/\\\/www.trustedtranslations.com\\\/es\\\/idiomas\\\/chino\",\"url\":\"https:\\\/\\\/www.trustedtranslations.com\\\/es\\\/idiomas\\\/chino\",\"name\":\"Servicios de Traducci\u00f3n de Chino: Trusted Translations, Inc.\",\"isPartOf\":{\"@id\":\"https:\\\/\\\/www.trustedtranslations.com\\\/es\\\/#website\"},\"primaryImageOfPage\":{\"@id\":\"https:\\\/\\\/www.trustedtranslations.com\\\/es\\\/idiomas\\\/chino#primaryimage\"},\"image\":{\"@id\":\"https:\\\/\\\/www.trustedtranslations.com\\\/es\\\/idiomas\\\/chino#primaryimage\"},\"thumbnailUrl\":\"https:\\\/\\\/www.trustedtranslations.com\\\/wp-content\\\/uploads\\\/2022\\\/03\\\/TT_NEW_FB-1.png\",\"description\":\"Trusted Translations, Inc. Servicios de Traducci\u00f3n de Chino. Nuestros traductores nativos proporcionan traducciones precisas y oportunas. Llame para solicitar un presupuesto sin cargo.\",\"breadcrumb\":{\"@id\":\"https:\\\/\\\/www.trustedtranslations.com\\\/es\\\/idiomas\\\/chino#breadcrumb\"},\"inLanguage\":\"es\",\"potentialAction\":[{\"@type\":\"ReadAction\",\"target\":[\"https:\\\/\\\/www.trustedtranslations.com\\\/es\\\/idiomas\\\/chino\"]}]},{\"@type\":\"ImageObject\",\"inLanguage\":\"es\",\"@id\":\"https:\\\/\\\/www.trustedtranslations.com\\\/es\\\/idiomas\\\/chino#primaryimage\",\"url\":\"https:\\\/\\\/www.trustedtranslations.com\\\/wp-content\\\/uploads\\\/2022\\\/03\\\/TT_NEW_FB-1.png\",\"contentUrl\":\"https:\\\/\\\/www.trustedtranslations.com\\\/wp-content\\\/uploads\\\/2022\\\/03\\\/TT_NEW_FB-1.png\",\"width\":1038,\"height\":1038,\"caption\":\"TT NEW FB 1\"},{\"@type\":\"BreadcrumbList\",\"@id\":\"https:\\\/\\\/www.trustedtranslations.com\\\/es\\\/idiomas\\\/chino#breadcrumb\",\"itemListElement\":[{\"@type\":\"ListItem\",\"position\":1,\"name\":\"Home\",\"item\":\"https:\\\/\\\/www.trustedtranslations.com\\\/es\"},{\"@type\":\"ListItem\",\"position\":2,\"name\":\"Idiomas\",\"item\":\"https:\\\/\\\/www.trustedtranslations.com\\\/es\\\/idiomas\"},{\"@type\":\"ListItem\",\"position\":3,\"name\":\"Chino\"}]},{\"@type\":\"WebSite\",\"@id\":\"https:\\\/\\\/www.trustedtranslations.com\\\/es\\\/#website\",\"url\":\"https:\\\/\\\/www.trustedtranslations.com\\\/es\\\/\",\"name\":\"Trusted Translations, Inc.\",\"description\":\"Leader in translation and interpretation services.\",\"publisher\":{\"@id\":\"https:\\\/\\\/www.trustedtranslations.com\\\/es\\\/#organization\"},\"alternateName\":\"Trusted Translations\",\"potentialAction\":[{\"@type\":\"SearchAction\",\"target\":{\"@type\":\"EntryPoint\",\"urlTemplate\":\"https:\\\/\\\/www.trustedtranslations.com\\\/es\\\/?s={search_term_string}\"},\"query-input\":{\"@type\":\"PropertyValueSpecification\",\"valueRequired\":true,\"valueName\":\"search_term_string\"}}],\"inLanguage\":\"es\"},{\"@type\":\"Organization\",\"@id\":\"https:\\\/\\\/www.trustedtranslations.com\\\/es\\\/#organization\",\"name\":\"Trusted Translations\",\"alternateName\":\"Trusted Translations, Inc.\",\"url\":\"https:\\\/\\\/www.trustedtranslations.com\\\/es\\\/\",\"logo\":{\"@type\":\"ImageObject\",\"inLanguage\":\"es\",\"@id\":\"https:\\\/\\\/www.trustedtranslations.com\\\/es\\\/#\\\/schema\\\/logo\\\/image\\\/\",\"url\":\"https:\\\/\\\/static.trustedtranslations.com\\\/wp-content\\\/uploads\\\/2022\\\/01\\\/TT_logo_WSIColors-2.png\",\"contentUrl\":\"https:\\\/\\\/static.trustedtranslations.com\\\/wp-content\\\/uploads\\\/2022\\\/01\\\/TT_logo_WSIColors-2.png\",\"width\":500,\"height\":196,\"caption\":\"Trusted Translations\"},\"image\":{\"@id\":\"https:\\\/\\\/www.trustedtranslations.com\\\/es\\\/#\\\/schema\\\/logo\\\/image\\\/\"},\"sameAs\":[\"https:\\\/\\\/www.facebook.com\\\/Trusted.Translations\",\"https:\\\/\\\/x.com\\\/TrustedT9ns\",\"https:\\\/\\\/www.linkedin.com\\\/company\\\/trusted-translations\"]}]}<\/script>\n<!-- \/ Yoast SEO plugin. -->","yoast_head_json":{"title":"Servicios de Traducci\u00f3n de Chino: Trusted Translations, Inc.","description":"Trusted Translations, Inc. Servicios de Traducci\u00f3n de Chino. Nuestros traductores nativos proporcionan traducciones precisas y oportunas. Llame para solicitar un presupuesto sin cargo.","robots":{"index":"index","follow":"follow","max-snippet":"max-snippet:-1","max-image-preview":"max-image-preview:large","max-video-preview":"max-video-preview:-1"},"canonical":"https:\/\/www.trustedtranslations.com\/es\/idiomas\/chino","og_locale":"es_ES","og_type":"article","og_title":"Servicios de Traducci\u00f3n de Chino: Trusted Translations, Inc.","og_description":"Trusted Translations, Inc. Servicios de Traducci\u00f3n de Chino. Nuestros traductores nativos proporcionan traducciones precisas y oportunas. Llame para solicitar un presupuesto sin cargo.","og_url":"https:\/\/www.trustedtranslations.com\/es\/idiomas\/chino","og_site_name":"Trusted Translations","article_publisher":"https:\/\/www.facebook.com\/Trusted.Translations","article_modified_time":"2024-09-18T20:30:04+00:00","og_image":[{"width":1038,"height":1038,"url":"https:\/\/static.trustedtranslations.com\/wp-content\/uploads\/2022\/03\/TT_NEW_FB-1.png","type":"image\/png"}],"twitter_card":"summary_large_image","twitter_site":"@TrustedT9ns","schema":{"@context":"https:\/\/schema.org","@graph":[{"@type":"WebPage","@id":"https:\/\/www.trustedtranslations.com\/es\/idiomas\/chino","url":"https:\/\/www.trustedtranslations.com\/es\/idiomas\/chino","name":"Servicios de Traducci\u00f3n de Chino: Trusted Translations, Inc.","isPartOf":{"@id":"https:\/\/www.trustedtranslations.com\/es\/#website"},"primaryImageOfPage":{"@id":"https:\/\/www.trustedtranslations.com\/es\/idiomas\/chino#primaryimage"},"image":{"@id":"https:\/\/www.trustedtranslations.com\/es\/idiomas\/chino#primaryimage"},"thumbnailUrl":"https:\/\/www.trustedtranslations.com\/wp-content\/uploads\/2022\/03\/TT_NEW_FB-1.png","description":"Trusted Translations, Inc. Servicios de Traducci\u00f3n de Chino. Nuestros traductores nativos proporcionan traducciones precisas y oportunas. Llame para solicitar un presupuesto sin cargo.","breadcrumb":{"@id":"https:\/\/www.trustedtranslations.com\/es\/idiomas\/chino#breadcrumb"},"inLanguage":"es","potentialAction":[{"@type":"ReadAction","target":["https:\/\/www.trustedtranslations.com\/es\/idiomas\/chino"]}]},{"@type":"ImageObject","inLanguage":"es","@id":"https:\/\/www.trustedtranslations.com\/es\/idiomas\/chino#primaryimage","url":"https:\/\/www.trustedtranslations.com\/wp-content\/uploads\/2022\/03\/TT_NEW_FB-1.png","contentUrl":"https:\/\/www.trustedtranslations.com\/wp-content\/uploads\/2022\/03\/TT_NEW_FB-1.png","width":1038,"height":1038,"caption":"TT NEW FB 1"},{"@type":"BreadcrumbList","@id":"https:\/\/www.trustedtranslations.com\/es\/idiomas\/chino#breadcrumb","itemListElement":[{"@type":"ListItem","position":1,"name":"Home","item":"https:\/\/www.trustedtranslations.com\/es"},{"@type":"ListItem","position":2,"name":"Idiomas","item":"https:\/\/www.trustedtranslations.com\/es\/idiomas"},{"@type":"ListItem","position":3,"name":"Chino"}]},{"@type":"WebSite","@id":"https:\/\/www.trustedtranslations.com\/es\/#website","url":"https:\/\/www.trustedtranslations.com\/es\/","name":"Trusted Translations, Inc.","description":"Leader in translation and interpretation services.","publisher":{"@id":"https:\/\/www.trustedtranslations.com\/es\/#organization"},"alternateName":"Trusted Translations","potentialAction":[{"@type":"SearchAction","target":{"@type":"EntryPoint","urlTemplate":"https:\/\/www.trustedtranslations.com\/es\/?s={search_term_string}"},"query-input":{"@type":"PropertyValueSpecification","valueRequired":true,"valueName":"search_term_string"}}],"inLanguage":"es"},{"@type":"Organization","@id":"https:\/\/www.trustedtranslations.com\/es\/#organization","name":"Trusted Translations","alternateName":"Trusted Translations, Inc.","url":"https:\/\/www.trustedtranslations.com\/es\/","logo":{"@type":"ImageObject","inLanguage":"es","@id":"https:\/\/www.trustedtranslations.com\/es\/#\/schema\/logo\/image\/","url":"https:\/\/static.trustedtranslations.com\/wp-content\/uploads\/2022\/01\/TT_logo_WSIColors-2.png","contentUrl":"https:\/\/static.trustedtranslations.com\/wp-content\/uploads\/2022\/01\/TT_logo_WSIColors-2.png","width":500,"height":196,"caption":"Trusted Translations"},"image":{"@id":"https:\/\/www.trustedtranslations.com\/es\/#\/schema\/logo\/image\/"},"sameAs":["https:\/\/www.facebook.com\/Trusted.Translations","https:\/\/x.com\/TrustedT9ns","https:\/\/www.linkedin.com\/company\/trusted-translations"]}]}},"toolset-meta":{"dyk":{"mensaje-1":{"type":"textfield","raw":"Trusted Translations traduce al chino simplificado, tradicional, canton\u00e9s y mandar\u00edn."},"mensaje-2":{"type":"textfield","raw":""},"mensaje-3":{"type":"textfield","raw":"El chino mandar\u00edn es el idioma m\u00e1s usado en el mundo, seguido del ingl\u00e9s y el espa\u00f1ol."},"mensaje-4":{"type":"textfield","raw":""},"mensaje-5":{"type":"textfield","raw":""},"mensaje-6":{"type":"textfield","raw":""}},"single-page-template-fields":{"imgs-temp":{"type":"image","raw":["https:\/\/static.trustedtranslations.com\/wp-content\/uploads\/2024\/05\/chinese-final-1.webp"],"repeatable":[{"raw":"https:\/\/static.trustedtranslations.com\/wp-content\/uploads\/2024\/05\/chinese-final-1.webp"}]},"imgs-temp-cel":{"type":"image","raw":[""],"repeatable":[{"raw":""}]},"img-temp-one-cel":{"type":"image","raw":"https:\/\/static.trustedtranslations.com\/wp-content\/uploads\/2024\/05\/AdobeStock_178794431-1-1.webp","attachment_id":null},"quotes":{"type":"textarea","raw":"<h1 style=\"margin-bottom: 12px;\">Servicios de Traducci\u00f3n de Chino<\/h1>Con m\u00e1s de 1,300 millones de hablantes en todo el mundo, el chino es uno de los idiomas m\u00e1s populares, y adem\u00e1s, es el segundo idioma m\u00e1s utilizado en internet. Ya sea en negocios, software, eLearning o entretenimiento, las traducciones de chino son una necesidad absoluta para cualquier organizaci\u00f3n global, en cualquier industria. Trusted Translations ofrece servicios de traducci\u00f3n de alta calidad a precios competitivos, tanto en chino tradicional como simplificado.<div style=\"margin-top: 2.5vw;\"><a class=\"tt-btn-main-cta\" href=\"\/es\/presupuesto-sin-cargo\">SOLICITE UN PRESUPUESTO SIN CARGO<\/a><\/div>"},"text-1":{"type":"textarea","raw":"<h2 style=\"margin-bottom:20px\">Dialectos Hablados de Chino e Idioma Chino \u201cCl\u00e1sico\u201d Escrito<\/h2>\r\nEl origen de los caracteres chinos se remonta a finales del segundo milenio antes de Cristo, cuando las escrituras se grababan en los huesos del or\u00e1culo. La leyenda dice que estos caracteres fueron creados por el legendario C\u0101ngji\u00e9. Inspir\u00e1ndose en las huellas de p\u00e1jaros y bestias, trat\u00f3 de imitar la naturaleza en la expresi\u00f3n escrita. Cada uno de estos jerogl\u00edficos primitivos representaba un concepto y fueron la primera presencia del lenguaje. Con el tiempo, evolucion\u00f3 hacia caracteres m\u00e1s sencillos formados por una serie de pinceladas. Por ello, la caligraf\u00eda china no es simplemente un sistema de escritura; tambi\u00e9n se considera una forma de arte compleja y refinada.\r\n\r\nActualmente, con m\u00e1s de mil millones de personas que hablan alg\u00fan tipo de chino, es el idioma m\u00e1s hablado del mundo, contando solo a los hablantes nativos. Sin embargo, dentro de este idioma generalizado, se desarrollaron muchos dialectos, que difieren principalmente en su fonolog\u00eda debido a las diferencias regionales, y en menor medida, al vocabulario y a la sintaxis. En cuanto a la forma escrita del chino, es una forma \u201ccl\u00e1sica\u201d del idioma que no era particular de ning\u00fan dialecto regional. Hoy en d\u00eda, hay dos formas escritas principales de chino: el tradicional y el simplificado.\r\n<h2 style=\"margin-bottom:20px\">Chino Simplificado y Chino Tradicional<\/h2>\r\nA partir de la d\u00e9cada de 1950, el idioma escrito cl\u00e1sico (\u201ctradicional\u201d) fue reemplazado por uno m\u00e1s \u201csimplificado\u201d con el fin de ayudar a aumentar los niveles de alfabetizaci\u00f3n en China. El idioma se simplific\u00f3 reduciendo los trazos en muchos caracteres. El uso de caracteres simplificados se ha generalizado ahora en China continental, mientras que las personas que viven fuera del continente siguen utilizando los caracteres tradicionales no simplificados (Taiw\u00e1n, Hong Kong y Macao). La diferencia b\u00e1sica entre los dos tipos de caracteres es que la forma tradicional todav\u00eda se basa en caracteres anteriores y utiliza m\u00e1s trazos, mientras que los caracteres m\u00e1s modernos y simplificados son mucho m\u00e1s simples.\r\n\r\nOfrecemos soluciones de traducci\u00f3n profesional en chino simplificado (utilizado principalmente en China continental) y chino tradicional (utilizado principalmente en Taiw\u00e1n, Hong Kong y Macao) a algunas de las principales empresas y organizaciones del mundo.\u00a0En <em>Trusted Translations<\/em>, estamos orgullosos de brindarles a nuestros clientes traducciones profesionales y de alta calidad de ambas variantes a precios competitivos."},"shortcode-map":{"type":"textfield","raw":""},"dyk-shortcode":{"type":"textfield","raw":"[elementor-template id=\"139368\"]"},"text-2":{"type":"textarea","raw":"<h2 style=\"margin-bottom:20px\">Mandar\u00edn y Canton\u00e9s<\/h2>\r\nTambi\u00e9n debe tenerse en cuenta que el mandar\u00edn no es chino simplificado y el canton\u00e9s no es chino tradicional. El mandar\u00edn y el canton\u00e9s son idiomas hablados. El mandar\u00edn es el idioma est\u00e1ndar y oficial que se habla en China continental y Taiw\u00e1n. El canton\u00e9s es un idioma hablado en determinadas zonas de China (provincia de Guangdong) y tambi\u00e9n en Hong Kong y Macao. El canton\u00e9s es un dialecto utilizado en Guangdong (perteneciente a China continental). El canton\u00e9s es tambi\u00e9n uno de los idiomas oficiales hablados en Hong Kong y Macao. En otras palabras, el chino simplificado es el idioma escrito oficial utilizado en China continental y el chino tradicional es el idioma escrito oficial utilizado en Hong Kong, Macao y Taiw\u00e1n.\r\n<h2 style=\"margin-bottom:20px\">Localizaci\u00f3n de Chino para su Mercado Objetivo<\/h2>\r\nLos caracteres chinos simplificados se utilizan en casi toda China, Singapur y Malasia, mientras que los caracteres chinos tradicionales se utilizan en Taiw\u00e1n, Hong Kong y Macao. Es importante tener esto en cuenta, ya que, si alguien necesita una traducci\u00f3n para Taip\u00e9i, por ejemplo, el material debe traducirse al chino tradicional. Del mismo modo, si alguien necesita enviar una traducci\u00f3n a Pek\u00edn, se debe utilizar el chino simplificado. Adem\u00e1s, el chino tradicional en Taiw\u00e1n y Hong Kong difiere un poco del chino tradicional que se usa en otras \u00e1reas. Con todas estas diferencias, es esencial localizar el chino para su mercado objetivo. Por lo tanto, ya sea que est\u00e9 buscando expandir su negocio hacia el este o dirigirse a las comunidades chinas locales, podemos brindarle ayuda con nuestro equipo de traductores altamente calificados.\r\n<h2 style=\"margin-bottom:20px\">Equipos de Traductores Expertos de Chino<\/h2>\r\nHemos reunido equipos de chino simplificado y tradicional que viven en diferentes ubicaciones para poder localizar la traducci\u00f3n para su p\u00fablico objetivo espec\u00edfico, ya sea en China continental, Macao, Hong Kong o Taiw\u00e1n. Contamos con traductores con diversas habilidades y especialidades que conocen las complejidades del idioma chino. Organizamos nuestros equipos de manera personalizada para que los conocimientos y las capacidades de nuestros traductores se adapten espec\u00edficamente a sus proyectos y las necesidades espec\u00edficas para cada mercado chino.\r\n\r\nIndependientemente de que necesite chino tradicional o chino simplificado, <em>Trusted Translations<\/em> es la soluci\u00f3n global para sus necesidades de traducci\u00f3n."},"state":{"type":"textfield","raw":""},"city":{"type":"textarea","raw":[]}}},"_links":{"self":[{"href":"https:\/\/www.trustedtranslations.com\/es\/wp-json\/wp\/v2\/pages\/127168","targetHints":{"allow":["GET"]}}],"collection":[{"href":"https:\/\/www.trustedtranslations.com\/es\/wp-json\/wp\/v2\/pages"}],"about":[{"href":"https:\/\/www.trustedtranslations.com\/es\/wp-json\/wp\/v2\/types\/page"}],"author":[{"embeddable":true,"href":"https:\/\/www.trustedtranslations.com\/es\/wp-json\/wp\/v2\/users\/1"}],"replies":[{"embeddable":true,"href":"https:\/\/www.trustedtranslations.com\/es\/wp-json\/wp\/v2\/comments?post=127168"}],"version-history":[{"count":0,"href":"https:\/\/www.trustedtranslations.com\/es\/wp-json\/wp\/v2\/pages\/127168\/revisions"}],"up":[{"embeddable":true,"href":"https:\/\/www.trustedtranslations.com\/es\/wp-json\/wp\/v2\/pages\/127181"}],"wp:featuredmedia":[{"embeddable":true,"href":"https:\/\/www.trustedtranslations.com\/es\/wp-json\/wp\/v2\/media\/139634"}],"wp:attachment":[{"href":"https:\/\/www.trustedtranslations.com\/es\/wp-json\/wp\/v2\/media?parent=127168"}],"curies":[{"name":"wp","href":"https:\/\/api.w.org\/{rel}","templated":true}]}}