{"id":127174,"date":"2018-05-29T19:22:25","date_gmt":"2018-05-29T19:22:25","guid":{"rendered":"https:\/\/www.trustedtranslations.com\/?page_id=127174"},"modified":"2025-12-09T12:06:12","modified_gmt":"2025-12-09T15:06:12","slug":"multilingue","status":"publish","type":"page","link":"https:\/\/www.trustedtranslations.com\/es\/idiomas\/multilingue","title":{"rendered":"Multiling\u00fce"},"content":{"rendered":"","protected":false},"excerpt":{"rendered":"","protected":false},"author":1,"featured_media":139634,"parent":127181,"menu_order":0,"comment_status":"closed","ping_status":"closed","template":"","meta":{"site-sidebar-layout":"default","site-content-layout":"default","ast-site-content-layout":"default","site-content-style":"default","site-sidebar-style":"default","ast-global-header-display":"","ast-banner-title-visibility":"","ast-main-header-display":"","ast-hfb-above-header-display":"","ast-hfb-below-header-display":"","ast-hfb-mobile-header-display":"","site-post-title":"disabled","ast-breadcrumbs-content":"","ast-featured-img":"","footer-sml-layout":"","theme-transparent-header-meta":"default","adv-header-id-meta":"","stick-header-meta":"","header-above-stick-meta":"","header-main-stick-meta":"","header-below-stick-meta":"","astra-migrate-meta-layouts":"set","ast-page-background-enabled":"default","ast-page-background-meta":{"desktop":{"background-color":"var(--ast-global-color-4)","background-image":"","background-repeat":"repeat","background-position":"center center","background-size":"auto","background-attachment":"scroll","background-type":"","background-media":"","overlay-type":"","overlay-color":"","overlay-opacity":"","overlay-gradient":""},"tablet":{"background-color":"","background-image":"","background-repeat":"repeat","background-position":"center center","background-size":"auto","background-attachment":"scroll","background-type":"","background-media":"","overlay-type":"","overlay-color":"","overlay-opacity":"","overlay-gradient":""},"mobile":{"background-color":"","background-image":"","background-repeat":"repeat","background-position":"center center","background-size":"auto","background-attachment":"scroll","background-type":"","background-media":"","overlay-type":"","overlay-color":"","overlay-opacity":"","overlay-gradient":""}},"ast-content-background-meta":{"desktop":{"background-color":"var(--ast-global-color-5)","background-image":"","background-repeat":"repeat","background-position":"center center","background-size":"auto","background-attachment":"scroll","background-type":"","background-media":"","overlay-type":"","overlay-color":"","overlay-opacity":"","overlay-gradient":""},"tablet":{"background-color":"var(--ast-global-color-5)","background-image":"","background-repeat":"repeat","background-position":"center center","background-size":"auto","background-attachment":"scroll","background-type":"","background-media":"","overlay-type":"","overlay-color":"","overlay-opacity":"","overlay-gradient":""},"mobile":{"background-color":"var(--ast-global-color-5)","background-image":"","background-repeat":"repeat","background-position":"center center","background-size":"auto","background-attachment":"scroll","background-type":"","background-media":"","overlay-type":"","overlay-color":"","overlay-opacity":"","overlay-gradient":""}},"footnotes":""},"class_list":["post-127174","page","type-page","status-publish","has-post-thumbnail","hentry"],"yoast_head":"<!-- This site is optimized with the Yoast SEO plugin v27.5 - https:\/\/yoast.com\/product\/yoast-seo-wordpress\/ -->\n<title>Servicios multiling\u00fces a medida | Trusted Translations, Inc.<\/title>\n<meta name=\"description\" content=\"Trusted Translations es su socio dedicado para soluciones multiling\u00fces. Expertos nativos garantizan traducciones precisas y culturalmente relevantes. Solicite una cotizaci\u00f3n ahora.\" \/>\n<meta name=\"robots\" content=\"index, follow, max-snippet:-1, max-image-preview:large, max-video-preview:-1\" \/>\n<link rel=\"canonical\" href=\"https:\/\/www.trustedtranslations.com\/es\/idiomas\/multilingue\" \/>\n<meta property=\"og:locale\" content=\"es_ES\" \/>\n<meta property=\"og:type\" content=\"article\" \/>\n<meta property=\"og:title\" content=\"Servicios multiling\u00fces a medida | Trusted Translations, Inc.\" \/>\n<meta property=\"og:description\" content=\"Trusted Translations es su socio dedicado para soluciones multiling\u00fces. Expertos nativos garantizan traducciones precisas y culturalmente relevantes. Solicite una cotizaci\u00f3n ahora.\" \/>\n<meta property=\"og:url\" content=\"https:\/\/www.trustedtranslations.com\/es\/idiomas\/multilingue\" \/>\n<meta property=\"og:site_name\" content=\"Trusted Translations\" \/>\n<meta property=\"article:publisher\" content=\"https:\/\/www.facebook.com\/Trusted.Translations\" \/>\n<meta property=\"article:modified_time\" content=\"2025-12-09T15:06:12+00:00\" \/>\n<meta property=\"og:image\" content=\"https:\/\/www.trustedtranslations.com\/wp-content\/uploads\/2022\/03\/TT_NEW_FB-1.png\" \/>\n\t<meta property=\"og:image:width\" content=\"1038\" \/>\n\t<meta property=\"og:image:height\" content=\"1038\" \/>\n\t<meta property=\"og:image:type\" content=\"image\/png\" \/>\n<meta name=\"twitter:card\" content=\"summary_large_image\" \/>\n<meta name=\"twitter:site\" content=\"@TrustedT9ns\" \/>\n<script type=\"application\/ld+json\" class=\"yoast-schema-graph\">{\"@context\":\"https:\\\/\\\/schema.org\",\"@graph\":[{\"@type\":\"WebPage\",\"@id\":\"https:\\\/\\\/www.trustedtranslations.com\\\/es\\\/idiomas\\\/multilingue\",\"url\":\"https:\\\/\\\/www.trustedtranslations.com\\\/es\\\/idiomas\\\/multilingue\",\"name\":\"Servicios multiling\u00fces a medida | Trusted Translations, Inc.\",\"isPartOf\":{\"@id\":\"https:\\\/\\\/www.trustedtranslations.com\\\/es\\\/#website\"},\"primaryImageOfPage\":{\"@id\":\"https:\\\/\\\/www.trustedtranslations.com\\\/es\\\/idiomas\\\/multilingue#primaryimage\"},\"image\":{\"@id\":\"https:\\\/\\\/www.trustedtranslations.com\\\/es\\\/idiomas\\\/multilingue#primaryimage\"},\"thumbnailUrl\":\"https:\\\/\\\/www.trustedtranslations.com\\\/wp-content\\\/uploads\\\/2022\\\/03\\\/TT_NEW_FB-1.png\",\"description\":\"Trusted Translations es su socio dedicado para soluciones multiling\u00fces. Expertos nativos garantizan traducciones precisas y culturalmente relevantes. Solicite una cotizaci\u00f3n ahora.\",\"breadcrumb\":{\"@id\":\"https:\\\/\\\/www.trustedtranslations.com\\\/es\\\/idiomas\\\/multilingue#breadcrumb\"},\"inLanguage\":\"es\",\"potentialAction\":[{\"@type\":\"ReadAction\",\"target\":[\"https:\\\/\\\/www.trustedtranslations.com\\\/es\\\/idiomas\\\/multilingue\"]}]},{\"@type\":\"ImageObject\",\"inLanguage\":\"es\",\"@id\":\"https:\\\/\\\/www.trustedtranslations.com\\\/es\\\/idiomas\\\/multilingue#primaryimage\",\"url\":\"https:\\\/\\\/www.trustedtranslations.com\\\/wp-content\\\/uploads\\\/2022\\\/03\\\/TT_NEW_FB-1.png\",\"contentUrl\":\"https:\\\/\\\/www.trustedtranslations.com\\\/wp-content\\\/uploads\\\/2022\\\/03\\\/TT_NEW_FB-1.png\",\"width\":1038,\"height\":1038,\"caption\":\"TT NEW FB 1\"},{\"@type\":\"BreadcrumbList\",\"@id\":\"https:\\\/\\\/www.trustedtranslations.com\\\/es\\\/idiomas\\\/multilingue#breadcrumb\",\"itemListElement\":[{\"@type\":\"ListItem\",\"position\":1,\"name\":\"Home\",\"item\":\"https:\\\/\\\/www.trustedtranslations.com\\\/es\"},{\"@type\":\"ListItem\",\"position\":2,\"name\":\"Idiomas\",\"item\":\"https:\\\/\\\/www.trustedtranslations.com\\\/es\\\/idiomas\"},{\"@type\":\"ListItem\",\"position\":3,\"name\":\"Multiling\u00fce\"}]},{\"@type\":\"WebSite\",\"@id\":\"https:\\\/\\\/www.trustedtranslations.com\\\/es\\\/#website\",\"url\":\"https:\\\/\\\/www.trustedtranslations.com\\\/es\\\/\",\"name\":\"Trusted Translations, Inc.\",\"description\":\"Leader in translation and interpretation services.\",\"publisher\":{\"@id\":\"https:\\\/\\\/www.trustedtranslations.com\\\/es\\\/#organization\"},\"alternateName\":\"Trusted Translations\",\"potentialAction\":[{\"@type\":\"SearchAction\",\"target\":{\"@type\":\"EntryPoint\",\"urlTemplate\":\"https:\\\/\\\/www.trustedtranslations.com\\\/es\\\/?s={search_term_string}\"},\"query-input\":{\"@type\":\"PropertyValueSpecification\",\"valueRequired\":true,\"valueName\":\"search_term_string\"}}],\"inLanguage\":\"es\"},{\"@type\":\"Organization\",\"@id\":\"https:\\\/\\\/www.trustedtranslations.com\\\/es\\\/#organization\",\"name\":\"Trusted Translations\",\"alternateName\":\"Trusted Translations, Inc.\",\"url\":\"https:\\\/\\\/www.trustedtranslations.com\\\/es\\\/\",\"logo\":{\"@type\":\"ImageObject\",\"inLanguage\":\"es\",\"@id\":\"https:\\\/\\\/www.trustedtranslations.com\\\/es\\\/#\\\/schema\\\/logo\\\/image\\\/\",\"url\":\"https:\\\/\\\/static.trustedtranslations.com\\\/wp-content\\\/uploads\\\/2022\\\/01\\\/TT_logo_WSIColors-2.png\",\"contentUrl\":\"https:\\\/\\\/static.trustedtranslations.com\\\/wp-content\\\/uploads\\\/2022\\\/01\\\/TT_logo_WSIColors-2.png\",\"width\":500,\"height\":196,\"caption\":\"Trusted Translations\"},\"image\":{\"@id\":\"https:\\\/\\\/www.trustedtranslations.com\\\/es\\\/#\\\/schema\\\/logo\\\/image\\\/\"},\"sameAs\":[\"https:\\\/\\\/www.facebook.com\\\/Trusted.Translations\",\"https:\\\/\\\/x.com\\\/TrustedT9ns\",\"https:\\\/\\\/www.linkedin.com\\\/company\\\/trusted-translations\"]}]}<\/script>\n<!-- \/ Yoast SEO plugin. -->","yoast_head_json":{"title":"Servicios multiling\u00fces a medida | Trusted Translations, Inc.","description":"Trusted Translations es su socio dedicado para soluciones multiling\u00fces. Expertos nativos garantizan traducciones precisas y culturalmente relevantes. Solicite una cotizaci\u00f3n ahora.","robots":{"index":"index","follow":"follow","max-snippet":"max-snippet:-1","max-image-preview":"max-image-preview:large","max-video-preview":"max-video-preview:-1"},"canonical":"https:\/\/www.trustedtranslations.com\/es\/idiomas\/multilingue","og_locale":"es_ES","og_type":"article","og_title":"Servicios multiling\u00fces a medida | Trusted Translations, Inc.","og_description":"Trusted Translations es su socio dedicado para soluciones multiling\u00fces. Expertos nativos garantizan traducciones precisas y culturalmente relevantes. Solicite una cotizaci\u00f3n ahora.","og_url":"https:\/\/www.trustedtranslations.com\/es\/idiomas\/multilingue","og_site_name":"Trusted Translations","article_publisher":"https:\/\/www.facebook.com\/Trusted.Translations","article_modified_time":"2025-12-09T15:06:12+00:00","og_image":[{"width":1038,"height":1038,"url":"https:\/\/www.trustedtranslations.com\/wp-content\/uploads\/2022\/03\/TT_NEW_FB-1.png","type":"image\/png"}],"twitter_card":"summary_large_image","twitter_site":"@TrustedT9ns","schema":{"@context":"https:\/\/schema.org","@graph":[{"@type":"WebPage","@id":"https:\/\/www.trustedtranslations.com\/es\/idiomas\/multilingue","url":"https:\/\/www.trustedtranslations.com\/es\/idiomas\/multilingue","name":"Servicios multiling\u00fces a medida | Trusted Translations, Inc.","isPartOf":{"@id":"https:\/\/www.trustedtranslations.com\/es\/#website"},"primaryImageOfPage":{"@id":"https:\/\/www.trustedtranslations.com\/es\/idiomas\/multilingue#primaryimage"},"image":{"@id":"https:\/\/www.trustedtranslations.com\/es\/idiomas\/multilingue#primaryimage"},"thumbnailUrl":"https:\/\/www.trustedtranslations.com\/wp-content\/uploads\/2022\/03\/TT_NEW_FB-1.png","description":"Trusted Translations es su socio dedicado para soluciones multiling\u00fces. Expertos nativos garantizan traducciones precisas y culturalmente relevantes. Solicite una cotizaci\u00f3n ahora.","breadcrumb":{"@id":"https:\/\/www.trustedtranslations.com\/es\/idiomas\/multilingue#breadcrumb"},"inLanguage":"es","potentialAction":[{"@type":"ReadAction","target":["https:\/\/www.trustedtranslations.com\/es\/idiomas\/multilingue"]}]},{"@type":"ImageObject","inLanguage":"es","@id":"https:\/\/www.trustedtranslations.com\/es\/idiomas\/multilingue#primaryimage","url":"https:\/\/www.trustedtranslations.com\/wp-content\/uploads\/2022\/03\/TT_NEW_FB-1.png","contentUrl":"https:\/\/www.trustedtranslations.com\/wp-content\/uploads\/2022\/03\/TT_NEW_FB-1.png","width":1038,"height":1038,"caption":"TT NEW FB 1"},{"@type":"BreadcrumbList","@id":"https:\/\/www.trustedtranslations.com\/es\/idiomas\/multilingue#breadcrumb","itemListElement":[{"@type":"ListItem","position":1,"name":"Home","item":"https:\/\/www.trustedtranslations.com\/es"},{"@type":"ListItem","position":2,"name":"Idiomas","item":"https:\/\/www.trustedtranslations.com\/es\/idiomas"},{"@type":"ListItem","position":3,"name":"Multiling\u00fce"}]},{"@type":"WebSite","@id":"https:\/\/www.trustedtranslations.com\/es\/#website","url":"https:\/\/www.trustedtranslations.com\/es\/","name":"Trusted Translations, Inc.","description":"Leader in translation and interpretation services.","publisher":{"@id":"https:\/\/www.trustedtranslations.com\/es\/#organization"},"alternateName":"Trusted Translations","potentialAction":[{"@type":"SearchAction","target":{"@type":"EntryPoint","urlTemplate":"https:\/\/www.trustedtranslations.com\/es\/?s={search_term_string}"},"query-input":{"@type":"PropertyValueSpecification","valueRequired":true,"valueName":"search_term_string"}}],"inLanguage":"es"},{"@type":"Organization","@id":"https:\/\/www.trustedtranslations.com\/es\/#organization","name":"Trusted Translations","alternateName":"Trusted Translations, Inc.","url":"https:\/\/www.trustedtranslations.com\/es\/","logo":{"@type":"ImageObject","inLanguage":"es","@id":"https:\/\/www.trustedtranslations.com\/es\/#\/schema\/logo\/image\/","url":"https:\/\/static.trustedtranslations.com\/wp-content\/uploads\/2022\/01\/TT_logo_WSIColors-2.png","contentUrl":"https:\/\/static.trustedtranslations.com\/wp-content\/uploads\/2022\/01\/TT_logo_WSIColors-2.png","width":500,"height":196,"caption":"Trusted Translations"},"image":{"@id":"https:\/\/www.trustedtranslations.com\/es\/#\/schema\/logo\/image\/"},"sameAs":["https:\/\/www.facebook.com\/Trusted.Translations","https:\/\/x.com\/TrustedT9ns","https:\/\/www.linkedin.com\/company\/trusted-translations"]}]}},"toolset-meta":{"dyk":{"mensaje-1":{"type":"textfield","raw":"El 40% de las personas no comprar\u00e1n un producto o servicio, a menos que est\u00e9 en su propio idioma."},"mensaje-2":{"type":"textfield","raw":""},"mensaje-3":{"type":"textfield","raw":"Una traducci\u00f3n de calidad garantiza la integridad de la marca cuando se globaliza."},"mensaje-4":{"type":"textfield","raw":""},"mensaje-5":{"type":"textfield","raw":""},"mensaje-6":{"type":"textfield","raw":""}},"single-page-template-fields":{"imgs-temp":{"type":"image","raw":["https:\/\/static.trustedtranslations.com\/wp-content\/uploads\/2024\/06\/multilingual-1.webp","https:\/\/static.trustedtranslations.com\/wp-content\/uploads\/2024\/06\/multilingual-2-1.webp","https:\/\/static.trustedtranslations.com\/wp-content\/uploads\/2024\/06\/multilingual-3-1.webp","https:\/\/static.trustedtranslations.com\/wp-content\/uploads\/2024\/06\/multilingual-4-1.webp"],"repeatable":[{"raw":"https:\/\/static.trustedtranslations.com\/wp-content\/uploads\/2024\/06\/multilingual-1.webp"},{"raw":"https:\/\/static.trustedtranslations.com\/wp-content\/uploads\/2024\/06\/multilingual-2-1.webp"},{"raw":"https:\/\/static.trustedtranslations.com\/wp-content\/uploads\/2024\/06\/multilingual-3-1.webp"},{"raw":"https:\/\/static.trustedtranslations.com\/wp-content\/uploads\/2024\/06\/multilingual-4-1.webp"}]},"imgs-temp-cel":{"type":"image","raw":[""],"repeatable":[{"raw":""}]},"img-temp-one-cel":{"type":"image","raw":"https:\/\/static.trustedtranslations.com\/wp-content\/uploads\/2024\/06\/AdobeStock_284692807-3-1.jpg","attachment_id":null},"quotes":{"type":"textarea","raw":"<h1 style=\"margin-bottom: 12px;\">Servicios de Traducci\u00f3n Multiling\u00fce<\/h1>Trusted Translations, l\u00edder reconocido en servicios de traducci\u00f3n multiling\u00fce, ha cubierto las necesidades de traducci\u00f3n de las principales organizaciones internacionales en m\u00e1s de 140 idiomas. Nuestros equipos de expertos le brindan la gama completa de servicios multiling\u00fces, incluidos traducci\u00f3n de documentos, localizaci\u00f3n de sitios web, localizaci\u00f3n y globalizaci\u00f3n de software, doblaje y subtitulado, entre otros.<div style=\"margin-top: 2.5vw;\"><a class=\"tt-btn-main-cta\" href=\"\/es\/presupuesto-sin-cargo\">SOLICITE UN PRESUPUESTO SIN CARGO<\/a><\/div>"},"text-1":{"type":"textarea","raw":"<h2 style=\"margin-bottom:20px\">Trayectoria Comprobada<\/h2>\r\nCiertas organizaciones de renombre de todo el mundo, como las Naciones Unidas y la NASA, recurren a los servicios de <em>Trusted Translations<\/em> por nuestra capacidad para traducir desde y hacia varios idiomas. Diversas corporaciones multinacionales tambi\u00e9n conf\u00edan en <em>Trusted Translations<\/em> para sus complejas traducciones multiling\u00fces, entre ellas: Sony, Kyocera Mita, General Electric, Goodman Global, Kraft Foods Global, Toyota, State Farm, Delta Airlines, Coca-Cola, Citigroup y m\u00e1s.\r\n<h2 style=\"margin-bottom:20px\">Calidad en la que Puede Confiar<\/h2>\r\nEn cada proyecto de traducci\u00f3n multiling\u00fce, utilizamos solo traductores experimentados con conocimientos especializados en el tema pertinente. Tambi\u00e9n aplicamos nuestro exclusivo procedimiento de triple verificaci\u00f3n, seg\u00fan el cual tres traductores expertos diferentes deben revisar cada trabajo. El producto final se somete despu\u00e9s al examen de un gerente de contenido, quien se asegura no solo de que la traducci\u00f3n sea precisa, sino tambi\u00e9n de que contenga la terminolog\u00eda y nomenclatura correctas y espec\u00edficas del sector. Cumplimos con las normas m\u00e1s exigentes de la industria, incluida la que se detalla en la ISO 9001:2000.\r\n<h2 style=\"margin-bottom:20px\">Precios Muy Competitivos<\/h2>\r\nNuestra misi\u00f3n es proporcionar traducciones multiling\u00fces con la mejor calidad posible a los precios m\u00e1s competitivos de la industria. Una soluci\u00f3n global para sus necesidades multiling\u00fces le permitir\u00e1 ahorrar a su empresa no solo tiempo sino tambi\u00e9n dinero.\r\n\r\nPor ejemplo, a diferencia de muchos de nuestros competidores, no cobramos \"tarifas por gesti\u00f3n de proyectos\" en contratos multiling\u00fces, lo que le permite ahorrar m\u00e1s del 15 % del monto total. Adem\u00e1s, gracias al empleo eficiente de nuestros recursos internos y operaciones simplificadas, nuestras tarifas son entre un 25 % y un 50 % m\u00e1s bajas que las de la competencia. Podemos ayudarlo a superar la barrera ling\u00fc\u00edstica, hacer que su mensaje llegue a destino y facilitar la comunicaci\u00f3n sin que quede en la ruina."},"shortcode-map":{"type":"textfield","raw":""},"dyk-shortcode":{"type":"textfield","raw":"[elementor-template id=\"139368\"]"},"text-2":{"type":"textarea","raw":"<h2 style=\"margin-bottom:20px\">Traducci\u00f3n desde y hacia Cualquier Idioma<\/h2>\r\nEn la siguiente lista figuran algunos de los idiomas con los que trabajamos en forma habitual:\r\n<ul>\r\n \t<li>\r\n<h3>Los 20 idiomas m\u00e1s hablados del mundo<\/h3>\r\n<\/li>\r\n<\/ul>\r\n<em><a href=\"https:\/\/www.trustedtranslations.com\/es\/idiomas\/chino\">Mandar\u00edn<\/a>, <a href=\"https:\/\/www.trustedtranslations.com\/es\/idiomas\/ingles\">Ingl\u00e9s<\/a>, <a href=\"https:\/\/www.trustedtranslations.com\/es\/idiomas\/espanol\">Espa\u00f1ol<\/a>, <a href=\"https:\/\/www.trustedtranslations.com\/es\/idiomas\/hindi\">Hindi<\/a>, <a href=\"https:\/\/www.trustedtranslations.com\/es\/idiomas\/arabe\">\u00c1rabe<\/a>, <a href=\"https:\/\/www.trustedtranslations.com\/es\/idiomas\/portugues\">Portugu\u00e9s<\/a>, <a href=\"https:\/\/www.trustedtranslations.com\/es\/idiomas\/bengali\">Bengal\u00ed<\/a>, <a href=\"https:\/\/www.trustedtranslations.com\/es\/idiomas\/ruso\">Ruso<\/a>, <a href=\"https:\/\/www.trustedtranslations.com\/es\/idiomas\/japones\">Japon\u00e9s<\/a>, <a href=\"https:\/\/www.trustedtranslations.com\/es\/idiomas\/aleman\">Alem\u00e1n<\/a>, Panyab\u00ed, <a href=\"https:\/\/www.trustedtranslations.com\/es\/idiomas\/frances\">Franc\u00e9s<\/a>, Wu, Javan\u00e9s, Telugu, <a href=\"https:\/\/www.trustedtranslations.com\/es\/idiomas\/marati\">Marati<\/a>, <a href=\"https:\/\/www.trustedtranslations.com\/es\/idiomas\/vietnamita\">Vietnamita<\/a>, <a href=\"https:\/\/www.trustedtranslations.com\/es\/idiomas\/coreano\">Coreano<\/a>, Tamil, <a href=\"https:\/\/www.trustedtranslations.com\/es\/idiomas\/italiano\">Italiano<\/a>.<\/em>\r\n\r\n<ul>\r\n \t<li>\r\n<h3>Con 10 a 60 millones de hablantes nativos<\/h3>\r\n<\/li>\r\n<\/ul>\r\n<em>canton\u00e9s, sindi, turco, min, guyarat\u00ed, maithili, polaco, ucraniano, persa, malayalam, canar\u00e9s, tamazight (bereber), oriya, azerbaiyano, hakka, bhoshpuri, birmano, gan, tailand\u00e9s, sudan\u00e9s, rumano, hausa, pashto, serbocroata, uzbeko, neerland\u00e9s, yoruba, amh\u00e1rico, oromo, indonesio, filipino, idioma kurdo, somal\u00ed, lao, cebuano, griego, malayo, igbo, malgache, nepal\u00e9s, asam\u00e9s, shona, j\u00e9mer, zhuang, madur\u00e9s, h\u00fangaro, cingal\u00e9s, fula, checo.<\/em>\r\n<ul>\r\n \t<li>\r\n<h3>Con 2 a 10 millones de hablantes nativos<\/h3>\r\n<\/li>\r\n<\/ul>\r\n<em>zul\u00fa, quechua, kazajo, tibetano, tayiko, chichewa (nyanja), criollo haitiano, bielorruso, lombardo, hebreo, sueco, kongo, akan, alban\u00e9s, hmong, yi, tshiluba, ilokano, uigur, napolitano, b\u00falgaro, kinyarwanda, xhosa, baluchi, hiligueino, tigri\u00f1a, catal\u00e1n, armenio, minangkabau, turcomano, makua, santali, batak, afrik\u00e1ans, mongol, bhili, dan\u00e9s, finland\u00e9s, t\u00e1rtaro, gikuyu, eslovaco, mor\u00e9, swahili, quechua sure\u00f1o, guaran\u00ed, kirundi, sesotho (meridional), roman\u00ed, noruego, pahari-potwari, tibetano, tswana, kanuri, cachemiro, bikol, georgiano, cusco-collao, umbundu, konkani, balin\u00e9s, sotho septentrional (pedi), luyia, wolof, bemba, bugin\u00e9s, luo (dhe lwo), malink\u00e9, mazanderani, guilak\u00ed, shan, tsonga, gallego, sukuma, yiddish, criollo jamaiquino, piamont\u00e9s, kirgu\u00eds, waray-waray, ewe, quechua boliviano meridional, lituano, luganda, soga, achin\u00e9s, kimbundu, hindko, lenguas ibibio-efik, rajbangsi, garhwali, bambara, ometo, hind\u00fa, lengua de se\u00f1as, criollo de Batavia, karen, gondi, senufo, kalenjin, kumauni, kamba, luri, quich\u00e9, pampango, aymara central, tiv, brahui, gbaya, zarma, baul\u00e9, dogri, lingala, sasak, kurux, mundari, dinka, esloveno, macedonio, buyei, beti-pahuin.<\/em>\r\n<ul>\r\n \t<li>\r\n<h3>Con 1 a 2 millones de hablantes nativos<\/h3>\r\n<\/li>\r\n<\/ul>\r\n<em>Zazaki, occitano, tulu, ligur, sidamo, bashkir, yao, chuvasio, ijaw (ijo), fon, siswati, irland\u00e9s, let\u00f3n, nyankole, makasar\u00e9s, gusii, khandeshi, ndebele, chin, roman\u00ed vlax, sara, pangasin\u00e1n, tonga, lampung, sardo, escoc\u00e9s, dong, mende, t\u00e0y, nahuatl, afar, dagbani, koli, chiga, chechenio, tumbuka, iu mien, meru, gogo, ateso, meitei, tamang, makonde, bai, tuareg, mandink\u00e1, yul\u00e1, temne, haya, serer, beya, nyamwezi, abron, alur, sena, zande, val\u00f3n, anyi, malvi, kinaray-a, sonink\u00e9, ho, estonio, nyakyusa, gwari, lugbara, vasco, naga, susu, tausug, chokwe, kabardino, ry\u016bky\u016b, maguind\u00e1nao, maranao, quechua ancashino, gal\u00e9s, songe, rejang, bini, ebira, dagaare, gujarati, tharu, venda, arakan\u00e9s.<\/em>"},"state":{"type":"textfield","raw":""},"city":{"type":"textarea","raw":[""]}}},"_links":{"self":[{"href":"https:\/\/www.trustedtranslations.com\/es\/wp-json\/wp\/v2\/pages\/127174","targetHints":{"allow":["GET"]}}],"collection":[{"href":"https:\/\/www.trustedtranslations.com\/es\/wp-json\/wp\/v2\/pages"}],"about":[{"href":"https:\/\/www.trustedtranslations.com\/es\/wp-json\/wp\/v2\/types\/page"}],"author":[{"embeddable":true,"href":"https:\/\/www.trustedtranslations.com\/es\/wp-json\/wp\/v2\/users\/1"}],"replies":[{"embeddable":true,"href":"https:\/\/www.trustedtranslations.com\/es\/wp-json\/wp\/v2\/comments?post=127174"}],"version-history":[{"count":0,"href":"https:\/\/www.trustedtranslations.com\/es\/wp-json\/wp\/v2\/pages\/127174\/revisions"}],"up":[{"embeddable":true,"href":"https:\/\/www.trustedtranslations.com\/es\/wp-json\/wp\/v2\/pages\/127181"}],"wp:featuredmedia":[{"embeddable":true,"href":"https:\/\/www.trustedtranslations.com\/es\/wp-json\/wp\/v2\/media\/139634"}],"wp:attachment":[{"href":"https:\/\/www.trustedtranslations.com\/es\/wp-json\/wp\/v2\/media?parent=127174"}],"curies":[{"name":"wp","href":"https:\/\/api.w.org\/{rel}","templated":true}]}}