{"id":127181,"date":"2018-05-23T18:11:26","date_gmt":"2018-05-23T18:11:26","guid":{"rendered":"https:\/\/www.trustedtranslations.com\/?page_id=127181"},"modified":"2024-09-03T15:46:31","modified_gmt":"2024-09-03T18:46:31","slug":"idiomas","status":"publish","type":"page","link":"https:\/\/www.trustedtranslations.com\/es\/idiomas","title":{"rendered":"Idiomas"},"content":{"rendered":"","protected":false},"excerpt":{"rendered":"","protected":false},"author":1,"featured_media":139634,"parent":0,"menu_order":30,"comment_status":"closed","ping_status":"closed","template":"","meta":{"site-sidebar-layout":"default","site-content-layout":"default","ast-site-content-layout":"default","site-content-style":"default","site-sidebar-style":"default","ast-global-header-display":"","ast-banner-title-visibility":"","ast-main-header-display":"","ast-hfb-above-header-display":"","ast-hfb-below-header-display":"","ast-hfb-mobile-header-display":"","site-post-title":"disabled","ast-breadcrumbs-content":"","ast-featured-img":"","footer-sml-layout":"","ast-disable-related-posts":"","theme-transparent-header-meta":"default","adv-header-id-meta":"","stick-header-meta":"","header-above-stick-meta":"","header-main-stick-meta":"","header-below-stick-meta":"","astra-migrate-meta-layouts":"set","ast-page-background-enabled":"default","ast-page-background-meta":{"desktop":{"background-color":"var(--ast-global-color-4)","background-image":"","background-repeat":"repeat","background-position":"center center","background-size":"auto","background-attachment":"scroll","background-type":"","background-media":"","overlay-type":"","overlay-color":"","overlay-opacity":"","overlay-gradient":""},"tablet":{"background-color":"","background-image":"","background-repeat":"repeat","background-position":"center center","background-size":"auto","background-attachment":"scroll","background-type":"","background-media":"","overlay-type":"","overlay-color":"","overlay-opacity":"","overlay-gradient":""},"mobile":{"background-color":"","background-image":"","background-repeat":"repeat","background-position":"center center","background-size":"auto","background-attachment":"scroll","background-type":"","background-media":"","overlay-type":"","overlay-color":"","overlay-opacity":"","overlay-gradient":""}},"ast-content-background-meta":{"desktop":{"background-color":"var(--ast-global-color-5)","background-image":"","background-repeat":"repeat","background-position":"center center","background-size":"auto","background-attachment":"scroll","background-type":"","background-media":"","overlay-type":"","overlay-color":"","overlay-opacity":"","overlay-gradient":""},"tablet":{"background-color":"var(--ast-global-color-5)","background-image":"","background-repeat":"repeat","background-position":"center center","background-size":"auto","background-attachment":"scroll","background-type":"","background-media":"","overlay-type":"","overlay-color":"","overlay-opacity":"","overlay-gradient":""},"mobile":{"background-color":"var(--ast-global-color-5)","background-image":"","background-repeat":"repeat","background-position":"center center","background-size":"auto","background-attachment":"scroll","background-type":"","background-media":"","overlay-type":"","overlay-color":"","overlay-opacity":"","overlay-gradient":""}},"footnotes":""},"class_list":["post-127181","page","type-page","status-publish","has-post-thumbnail","hentry"],"yoast_head":"<!-- This site is optimized with the Yoast SEO plugin v27.5 - https:\/\/yoast.com\/product\/yoast-seo-wordpress\/ -->\n<title>Servicios de Traducci\u00f3n de Idiomas: Trusted Translations, Inc.<\/title>\n<meta name=\"description\" content=\"Trusted Translations, Inc. brinda servicios de traducci\u00f3n de idiomas del y al ingl\u00e9s, espa\u00f1ol, portugu\u00e9s, franc\u00e9s, alem\u00e1n, italiano, holand\u00e9s, chino y japon\u00e9s, desde y hacia cualquier idioma.\" \/>\n<meta name=\"robots\" content=\"index, follow, max-snippet:-1, max-image-preview:large, max-video-preview:-1\" \/>\n<link rel=\"canonical\" href=\"https:\/\/www.trustedtranslations.com\/es\/idiomas\" \/>\n<meta property=\"og:locale\" content=\"es_ES\" \/>\n<meta property=\"og:type\" content=\"article\" \/>\n<meta property=\"og:title\" content=\"Servicios de Traducci\u00f3n de Idiomas: Trusted Translations, Inc.\" \/>\n<meta property=\"og:description\" content=\"Trusted Translations, Inc. brinda servicios de traducci\u00f3n de idiomas del y al ingl\u00e9s, espa\u00f1ol, portugu\u00e9s, franc\u00e9s, alem\u00e1n, italiano, holand\u00e9s, chino y japon\u00e9s, desde y hacia cualquier idioma.\" \/>\n<meta property=\"og:url\" content=\"https:\/\/www.trustedtranslations.com\/es\/idiomas\" \/>\n<meta property=\"og:site_name\" content=\"Trusted Translations\" \/>\n<meta property=\"article:publisher\" content=\"https:\/\/www.facebook.com\/Trusted.Translations\" \/>\n<meta property=\"article:modified_time\" content=\"2024-09-03T18:46:31+00:00\" \/>\n<meta property=\"og:image\" content=\"https:\/\/static.trustedtranslations.com\/wp-content\/uploads\/2022\/03\/TT_NEW_FB-1.png\" \/>\n\t<meta property=\"og:image:width\" content=\"1038\" \/>\n\t<meta property=\"og:image:height\" content=\"1038\" \/>\n\t<meta property=\"og:image:type\" content=\"image\/png\" \/>\n<meta name=\"twitter:card\" content=\"summary_large_image\" \/>\n<meta name=\"twitter:site\" content=\"@TrustedT9ns\" \/>\n<script type=\"application\/ld+json\" class=\"yoast-schema-graph\">{\"@context\":\"https:\\\/\\\/schema.org\",\"@graph\":[{\"@type\":\"WebPage\",\"@id\":\"https:\\\/\\\/www.trustedtranslations.com\\\/es\\\/idiomas\",\"url\":\"https:\\\/\\\/www.trustedtranslations.com\\\/es\\\/idiomas\",\"name\":\"Servicios de Traducci\u00f3n de Idiomas: Trusted Translations, Inc.\",\"isPartOf\":{\"@id\":\"https:\\\/\\\/www.trustedtranslations.com\\\/es\\\/#website\"},\"primaryImageOfPage\":{\"@id\":\"https:\\\/\\\/www.trustedtranslations.com\\\/es\\\/idiomas#primaryimage\"},\"image\":{\"@id\":\"https:\\\/\\\/www.trustedtranslations.com\\\/es\\\/idiomas#primaryimage\"},\"thumbnailUrl\":\"https:\\\/\\\/www.trustedtranslations.com\\\/wp-content\\\/uploads\\\/2022\\\/03\\\/TT_NEW_FB-1.png\",\"description\":\"Trusted Translations, Inc. brinda servicios de traducci\u00f3n de idiomas del y al ingl\u00e9s, espa\u00f1ol, portugu\u00e9s, franc\u00e9s, alem\u00e1n, italiano, holand\u00e9s, chino y japon\u00e9s, desde y hacia cualquier idioma.\",\"breadcrumb\":{\"@id\":\"https:\\\/\\\/www.trustedtranslations.com\\\/es\\\/idiomas#breadcrumb\"},\"inLanguage\":\"es\",\"potentialAction\":[{\"@type\":\"ReadAction\",\"target\":[\"https:\\\/\\\/www.trustedtranslations.com\\\/es\\\/idiomas\"]}]},{\"@type\":\"ImageObject\",\"inLanguage\":\"es\",\"@id\":\"https:\\\/\\\/www.trustedtranslations.com\\\/es\\\/idiomas#primaryimage\",\"url\":\"https:\\\/\\\/www.trustedtranslations.com\\\/wp-content\\\/uploads\\\/2022\\\/03\\\/TT_NEW_FB-1.png\",\"contentUrl\":\"https:\\\/\\\/www.trustedtranslations.com\\\/wp-content\\\/uploads\\\/2022\\\/03\\\/TT_NEW_FB-1.png\",\"width\":1038,\"height\":1038,\"caption\":\"TT NEW FB 1\"},{\"@type\":\"BreadcrumbList\",\"@id\":\"https:\\\/\\\/www.trustedtranslations.com\\\/es\\\/idiomas#breadcrumb\",\"itemListElement\":[{\"@type\":\"ListItem\",\"position\":1,\"name\":\"Home\",\"item\":\"https:\\\/\\\/www.trustedtranslations.com\\\/es\"},{\"@type\":\"ListItem\",\"position\":2,\"name\":\"Idiomas\"}]},{\"@type\":\"WebSite\",\"@id\":\"https:\\\/\\\/www.trustedtranslations.com\\\/es\\\/#website\",\"url\":\"https:\\\/\\\/www.trustedtranslations.com\\\/es\\\/\",\"name\":\"Trusted Translations, Inc.\",\"description\":\"Leader in translation and interpretation services.\",\"publisher\":{\"@id\":\"https:\\\/\\\/www.trustedtranslations.com\\\/es\\\/#organization\"},\"alternateName\":\"Trusted Translations\",\"potentialAction\":[{\"@type\":\"SearchAction\",\"target\":{\"@type\":\"EntryPoint\",\"urlTemplate\":\"https:\\\/\\\/www.trustedtranslations.com\\\/es\\\/?s={search_term_string}\"},\"query-input\":{\"@type\":\"PropertyValueSpecification\",\"valueRequired\":true,\"valueName\":\"search_term_string\"}}],\"inLanguage\":\"es\"},{\"@type\":\"Organization\",\"@id\":\"https:\\\/\\\/www.trustedtranslations.com\\\/es\\\/#organization\",\"name\":\"Trusted Translations\",\"alternateName\":\"Trusted Translations, Inc.\",\"url\":\"https:\\\/\\\/www.trustedtranslations.com\\\/es\\\/\",\"logo\":{\"@type\":\"ImageObject\",\"inLanguage\":\"es\",\"@id\":\"https:\\\/\\\/www.trustedtranslations.com\\\/es\\\/#\\\/schema\\\/logo\\\/image\\\/\",\"url\":\"https:\\\/\\\/static.trustedtranslations.com\\\/wp-content\\\/uploads\\\/2022\\\/01\\\/TT_logo_WSIColors-2.png\",\"contentUrl\":\"https:\\\/\\\/static.trustedtranslations.com\\\/wp-content\\\/uploads\\\/2022\\\/01\\\/TT_logo_WSIColors-2.png\",\"width\":500,\"height\":196,\"caption\":\"Trusted Translations\"},\"image\":{\"@id\":\"https:\\\/\\\/www.trustedtranslations.com\\\/es\\\/#\\\/schema\\\/logo\\\/image\\\/\"},\"sameAs\":[\"https:\\\/\\\/www.facebook.com\\\/Trusted.Translations\",\"https:\\\/\\\/x.com\\\/TrustedT9ns\",\"https:\\\/\\\/www.linkedin.com\\\/company\\\/trusted-translations\"]}]}<\/script>\n<!-- \/ Yoast SEO plugin. -->","yoast_head_json":{"title":"Servicios de Traducci\u00f3n de Idiomas: Trusted Translations, Inc.","description":"Trusted Translations, Inc. brinda servicios de traducci\u00f3n de idiomas del y al ingl\u00e9s, espa\u00f1ol, portugu\u00e9s, franc\u00e9s, alem\u00e1n, italiano, holand\u00e9s, chino y japon\u00e9s, desde y hacia cualquier idioma.","robots":{"index":"index","follow":"follow","max-snippet":"max-snippet:-1","max-image-preview":"max-image-preview:large","max-video-preview":"max-video-preview:-1"},"canonical":"https:\/\/www.trustedtranslations.com\/es\/idiomas","og_locale":"es_ES","og_type":"article","og_title":"Servicios de Traducci\u00f3n de Idiomas: Trusted Translations, Inc.","og_description":"Trusted Translations, Inc. brinda servicios de traducci\u00f3n de idiomas del y al ingl\u00e9s, espa\u00f1ol, portugu\u00e9s, franc\u00e9s, alem\u00e1n, italiano, holand\u00e9s, chino y japon\u00e9s, desde y hacia cualquier idioma.","og_url":"https:\/\/www.trustedtranslations.com\/es\/idiomas","og_site_name":"Trusted Translations","article_publisher":"https:\/\/www.facebook.com\/Trusted.Translations","article_modified_time":"2024-09-03T18:46:31+00:00","og_image":[{"width":1038,"height":1038,"url":"https:\/\/static.trustedtranslations.com\/wp-content\/uploads\/2022\/03\/TT_NEW_FB-1.png","type":"image\/png"}],"twitter_card":"summary_large_image","twitter_site":"@TrustedT9ns","schema":{"@context":"https:\/\/schema.org","@graph":[{"@type":"WebPage","@id":"https:\/\/www.trustedtranslations.com\/es\/idiomas","url":"https:\/\/www.trustedtranslations.com\/es\/idiomas","name":"Servicios de Traducci\u00f3n de Idiomas: Trusted Translations, Inc.","isPartOf":{"@id":"https:\/\/www.trustedtranslations.com\/es\/#website"},"primaryImageOfPage":{"@id":"https:\/\/www.trustedtranslations.com\/es\/idiomas#primaryimage"},"image":{"@id":"https:\/\/www.trustedtranslations.com\/es\/idiomas#primaryimage"},"thumbnailUrl":"https:\/\/www.trustedtranslations.com\/wp-content\/uploads\/2022\/03\/TT_NEW_FB-1.png","description":"Trusted Translations, Inc. brinda servicios de traducci\u00f3n de idiomas del y al ingl\u00e9s, espa\u00f1ol, portugu\u00e9s, franc\u00e9s, alem\u00e1n, italiano, holand\u00e9s, chino y japon\u00e9s, desde y hacia cualquier idioma.","breadcrumb":{"@id":"https:\/\/www.trustedtranslations.com\/es\/idiomas#breadcrumb"},"inLanguage":"es","potentialAction":[{"@type":"ReadAction","target":["https:\/\/www.trustedtranslations.com\/es\/idiomas"]}]},{"@type":"ImageObject","inLanguage":"es","@id":"https:\/\/www.trustedtranslations.com\/es\/idiomas#primaryimage","url":"https:\/\/www.trustedtranslations.com\/wp-content\/uploads\/2022\/03\/TT_NEW_FB-1.png","contentUrl":"https:\/\/www.trustedtranslations.com\/wp-content\/uploads\/2022\/03\/TT_NEW_FB-1.png","width":1038,"height":1038,"caption":"TT NEW FB 1"},{"@type":"BreadcrumbList","@id":"https:\/\/www.trustedtranslations.com\/es\/idiomas#breadcrumb","itemListElement":[{"@type":"ListItem","position":1,"name":"Home","item":"https:\/\/www.trustedtranslations.com\/es"},{"@type":"ListItem","position":2,"name":"Idiomas"}]},{"@type":"WebSite","@id":"https:\/\/www.trustedtranslations.com\/es\/#website","url":"https:\/\/www.trustedtranslations.com\/es\/","name":"Trusted Translations, Inc.","description":"Leader in translation and interpretation services.","publisher":{"@id":"https:\/\/www.trustedtranslations.com\/es\/#organization"},"alternateName":"Trusted Translations","potentialAction":[{"@type":"SearchAction","target":{"@type":"EntryPoint","urlTemplate":"https:\/\/www.trustedtranslations.com\/es\/?s={search_term_string}"},"query-input":{"@type":"PropertyValueSpecification","valueRequired":true,"valueName":"search_term_string"}}],"inLanguage":"es"},{"@type":"Organization","@id":"https:\/\/www.trustedtranslations.com\/es\/#organization","name":"Trusted Translations","alternateName":"Trusted Translations, Inc.","url":"https:\/\/www.trustedtranslations.com\/es\/","logo":{"@type":"ImageObject","inLanguage":"es","@id":"https:\/\/www.trustedtranslations.com\/es\/#\/schema\/logo\/image\/","url":"https:\/\/static.trustedtranslations.com\/wp-content\/uploads\/2022\/01\/TT_logo_WSIColors-2.png","contentUrl":"https:\/\/static.trustedtranslations.com\/wp-content\/uploads\/2022\/01\/TT_logo_WSIColors-2.png","width":500,"height":196,"caption":"Trusted Translations"},"image":{"@id":"https:\/\/www.trustedtranslations.com\/es\/#\/schema\/logo\/image\/"},"sameAs":["https:\/\/www.facebook.com\/Trusted.Translations","https:\/\/x.com\/TrustedT9ns","https:\/\/www.linkedin.com\/company\/trusted-translations"]}]}},"toolset-meta":{"dyk":{"mensaje-1":{"type":"textfield","raw":""},"mensaje-2":{"type":"textfield","raw":"Trusted Translations tiene los est\u00e1ndares de control de calidad m\u00e1s altos del mercado."},"mensaje-3":{"type":"textfield","raw":"Nuestros precios pueden ahorrarle entre un 25% y un 50% y darle un alto nivel de calidad y servicio."},"mensaje-4":{"type":"textfield","raw":"Nuestro servicio de atenci\u00f3n al cliente est\u00e1 disponible los 365 d\u00edas del a\u00f1o, 18 horas al d\u00eda."},"mensaje-5":{"type":"textfield","raw":""},"mensaje-6":{"type":"textfield","raw":""}},"single-page-template-fields":{"imgs-temp":{"type":"image","raw":["https:\/\/static.trustedtranslations.com\/wp-content\/uploads\/2024\/01\/language-final-1-1.webp","https:\/\/static.trustedtranslations.com\/wp-content\/uploads\/2024\/01\/language-final-3.webp","https:\/\/static.trustedtranslations.com\/wp-content\/uploads\/2024\/01\/language-final-2-1.webp"],"repeatable":[{"raw":"https:\/\/static.trustedtranslations.com\/wp-content\/uploads\/2024\/01\/language-final-1-1.webp"},{"raw":"https:\/\/static.trustedtranslations.com\/wp-content\/uploads\/2024\/01\/language-final-3.webp"},{"raw":"https:\/\/static.trustedtranslations.com\/wp-content\/uploads\/2024\/01\/language-final-2-1.webp"}]},"imgs-temp-cel":{"type":"image","raw":[""],"repeatable":[{"raw":""}]},"img-temp-one-cel":{"type":"image","raw":"https:\/\/static.trustedtranslations.com\/wp-content\/uploads\/2024\/01\/AdobeStock_429999205-1-1.webp","attachment_id":null},"quotes":{"type":"textarea","raw":"<h1 style=\"margin-bottom: 12px;\">Servicios de Traducci\u00f3n de Idiomas<\/h1>Con m\u00e1s de 6500 lenguas habladas, multiplicadas por un sinf\u00edn de dialectos, la traducci\u00f3n de idiomas puede ser una tarea cuanto menos intimidadora. Con m\u00e1s de 20 a\u00f1os de experiencia comprobada navegando por estas aguas ling\u00fc\u00edsticas, Trusted Translations tiene la pericia y la experiencia necesarias para guiarlo en cualquier proyecto ling\u00fc\u00edstico que pueda tener.<div style=\"margin-top: 2.5vw;\"><a class=\"tt-btn-main-cta\" href=\"\/es\/presupuesto-sin-cargo\" class=\"quote-wrapper\">SOLICITE UN PRESUPUESTO SIN CARGO<\/a><\/div>"},"text-1":{"type":"textarea","raw":"<div class=\"imgs-flex-template flex-text-2\" style=\"margin-top: -30px; margin-bottom: 30px;\">\r\n    <img src=\"https:\/\/static.trustedtranslations.com\/wp-content\/uploads\/2024\/01\/smiling-young-couple-shaking-han.webp\">\r\n    <div>\r\n        <h2>Servicios de Traducci\u00f3n de Idiomas<\/h2>\r\n        <p>A trav\u00e9s del flujo de trabajo estrechamente integrado de nuestro equipo interno de traductores y editores especializados y la tecnolog\u00eda de vanguardia, Trusted Translations ofrece traducciones de la m\u00e1s alta calidad en casi cualquier par de idiomas y segmento vertical de la industria. Trusted Translations tiene experiencia en la prestaci\u00f3n de servicios ling\u00fc\u00edsticos en m\u00e1s de 200 de los idiomas m\u00e1s hablados para algunos de los clientes m\u00e1s exigentes del mundo, como los Centros para el Control y la Prevenci\u00f3n de Enfermedades (CDC, por sus siglas en ingl\u00e9s), la Biblioteca del Congreso de los Estados Unidos, la Administraci\u00f3n Nacional de Aeron\u00e1utica y el Espacio (NASA), Apple, Google, Sony y cientos de otros m\u00e1s.<\/p>\r\n    <\/div>\r\n<\/div>\r\n<div class=\"imgs-flex-template\">\r\n    <div>\r\n        <h2>Control de Calidad de Nuestras Traducciones<\/h2>\r\n        <p>Los proyectos de traducci\u00f3n de Trusted Translations son gestionados por personas sumamente cualificadas en el campo de la traducci\u00f3n y la localizaci\u00f3n. Uno de nuestros gerentes de cuenta especializados gestionar\u00e1 su solicitud de proyecto y se asegurar\u00e1 de que su traducci\u00f3n se entregue a tiempo y con la mayor calidad de la industria. Un gerente de proyecto exclusivo se encarga de la planificaci\u00f3n, dirige la ejecuci\u00f3n y supervisa el control de calidad del proyecto. Cuando corresponde, un gerente de tecnolog\u00eda revisa todos los requisitos t\u00e9cnicos del proyecto. El gerente de dise\u00f1o gr\u00e1fico (DTP) garantiza la realizaci\u00f3n de todo el dise\u00f1o gr\u00e1fico y las adaptaciones de formato, si se requieren, para que el documento traducido refleje el documento original. Nuestro Proceso de Aseguramiento de Calidad \u00fanico est\u00e1 dise\u00f1ado para garantizar que tres recursos ling\u00fc\u00edsticos expertos independientes verifiquen cada traducci\u00f3n: un traductor, un editor y un corrector. Gracias a ello, nuestro producto final cumple con el mayor nivel de calidad.<\/p>\r\n    <\/div>\r\n    <img src=\"https:\/\/static.trustedtranslations.com\/wp-content\/uploads\/2024\/01\/Machine-translation-scaled-1.webp\">\r\n<\/div>"},"shortcode-map":{"type":"textfield","raw":""},"dyk-shortcode":{"type":"textfield","raw":"[elementor-template id=\"139368\"]"},"text-2":{"type":"textarea","raw":"<div style=\"padding-top: 30px;\">Una vez terminado el proceso de correcci\u00f3n, las entregas deben superar la revisi\u00f3n final de verificaci\u00f3n de calidad del gerente de proyecto antes de envi\u00e1rselas al cliente. En otras palabras, al primer paso de traducci\u00f3n le siguen tres controles sucesivos de verificaci\u00f3n de la calidad para garantizar que el producto sea de la mejor calidad posible.\r\n\r\nEl resultado final de este proceso es un producto que cumple y supera las normas de calidad internacionales, incluidas las establecidas por la Organizaci\u00f3n Internacional de Normalizaci\u00f3n (ISO 9001:2015). Trusted Translations aplica este proceso a todos sus proyectos de traducci\u00f3n para garantizar que incluso las traducciones m\u00e1s complejas cumplan con las normas de calidad m\u00e1s exigentes.<\/div>"},"state":{"type":"textfield","raw":""},"city":{"type":"textarea","raw":[]}}},"_links":{"self":[{"href":"https:\/\/www.trustedtranslations.com\/es\/wp-json\/wp\/v2\/pages\/127181","targetHints":{"allow":["GET"]}}],"collection":[{"href":"https:\/\/www.trustedtranslations.com\/es\/wp-json\/wp\/v2\/pages"}],"about":[{"href":"https:\/\/www.trustedtranslations.com\/es\/wp-json\/wp\/v2\/types\/page"}],"author":[{"embeddable":true,"href":"https:\/\/www.trustedtranslations.com\/es\/wp-json\/wp\/v2\/users\/1"}],"replies":[{"embeddable":true,"href":"https:\/\/www.trustedtranslations.com\/es\/wp-json\/wp\/v2\/comments?post=127181"}],"version-history":[{"count":0,"href":"https:\/\/www.trustedtranslations.com\/es\/wp-json\/wp\/v2\/pages\/127181\/revisions"}],"wp:featuredmedia":[{"embeddable":true,"href":"https:\/\/www.trustedtranslations.com\/es\/wp-json\/wp\/v2\/media\/139634"}],"wp:attachment":[{"href":"https:\/\/www.trustedtranslations.com\/es\/wp-json\/wp\/v2\/media?parent=127181"}],"curies":[{"name":"wp","href":"https:\/\/api.w.org\/{rel}","templated":true}]}}