{"id":127688,"date":"2019-03-28T18:33:08","date_gmt":"2019-03-28T18:33:08","guid":{"rendered":"https:\/\/www.trustedtranslations.com\/?page_id=127688"},"modified":"2024-09-02T17:18:48","modified_gmt":"2024-09-02T20:18:48","slug":"formatos-de-archivos","status":"publish","type":"page","link":"https:\/\/www.trustedtranslations.com\/es\/servicios\/formatos-de-archivos","title":{"rendered":"Formatos de Archivo"},"content":{"rendered":"","protected":false},"excerpt":{"rendered":"","protected":false},"author":1,"featured_media":139634,"parent":127151,"menu_order":0,"comment_status":"closed","ping_status":"closed","template":"","meta":{"site-sidebar-layout":"default","site-content-layout":"default","ast-site-content-layout":"default","site-content-style":"default","site-sidebar-style":"default","ast-global-header-display":"","ast-banner-title-visibility":"","ast-main-header-display":"","ast-hfb-above-header-display":"","ast-hfb-below-header-display":"","ast-hfb-mobile-header-display":"","site-post-title":"disabled","ast-breadcrumbs-content":"","ast-featured-img":"","footer-sml-layout":"","ast-disable-related-posts":"","theme-transparent-header-meta":"default","adv-header-id-meta":"","stick-header-meta":"","header-above-stick-meta":"","header-main-stick-meta":"","header-below-stick-meta":"","astra-migrate-meta-layouts":"set","ast-page-background-enabled":"default","ast-page-background-meta":{"desktop":{"background-color":"var(--ast-global-color-4)","background-image":"","background-repeat":"repeat","background-position":"center center","background-size":"auto","background-attachment":"scroll","background-type":"","background-media":"","overlay-type":"","overlay-color":"","overlay-opacity":"","overlay-gradient":""},"tablet":{"background-color":"","background-image":"","background-repeat":"repeat","background-position":"center center","background-size":"auto","background-attachment":"scroll","background-type":"","background-media":"","overlay-type":"","overlay-color":"","overlay-opacity":"","overlay-gradient":""},"mobile":{"background-color":"","background-image":"","background-repeat":"repeat","background-position":"center center","background-size":"auto","background-attachment":"scroll","background-type":"","background-media":"","overlay-type":"","overlay-color":"","overlay-opacity":"","overlay-gradient":""}},"ast-content-background-meta":{"desktop":{"background-color":"var(--ast-global-color-5)","background-image":"","background-repeat":"repeat","background-position":"center center","background-size":"auto","background-attachment":"scroll","background-type":"","background-media":"","overlay-type":"","overlay-color":"","overlay-opacity":"","overlay-gradient":""},"tablet":{"background-color":"var(--ast-global-color-5)","background-image":"","background-repeat":"repeat","background-position":"center center","background-size":"auto","background-attachment":"scroll","background-type":"","background-media":"","overlay-type":"","overlay-color":"","overlay-opacity":"","overlay-gradient":""},"mobile":{"background-color":"var(--ast-global-color-5)","background-image":"","background-repeat":"repeat","background-position":"center center","background-size":"auto","background-attachment":"scroll","background-type":"","background-media":"","overlay-type":"","overlay-color":"","overlay-opacity":"","overlay-gradient":""}},"footnotes":""},"class_list":["post-127688","page","type-page","status-publish","has-post-thumbnail","hentry"],"yoast_head":"<!-- This site is optimized with the Yoast SEO plugin v27.3 - https:\/\/yoast.com\/product\/yoast-seo-wordpress\/ -->\n<title>Formatos de Archivo Manejados por Trusted Translations: Servicios de Traducci\u00f3n<\/title>\n<meta name=\"description\" content=\"En Trusted Translations trabajamos con un equipo de expertos para brindarle los servicios de traducci\u00f3n m\u00e1s precisos en cualquier formato de archivo.\" \/>\n<meta name=\"robots\" content=\"index, follow, max-snippet:-1, max-image-preview:large, max-video-preview:-1\" \/>\n<link rel=\"canonical\" href=\"https:\/\/www.trustedtranslations.com\/es\/servicios\/formatos-de-archivos\" \/>\n<meta property=\"og:locale\" content=\"es_ES\" \/>\n<meta property=\"og:type\" content=\"article\" \/>\n<meta property=\"og:title\" content=\"Formatos de Archivo Manejados por Trusted Translations: Servicios de Traducci\u00f3n\" \/>\n<meta property=\"og:description\" content=\"En Trusted Translations trabajamos con un equipo de expertos para brindarle los servicios de traducci\u00f3n m\u00e1s precisos en cualquier formato de archivo.\" \/>\n<meta property=\"og:url\" content=\"https:\/\/www.trustedtranslations.com\/es\/servicios\/formatos-de-archivos\" \/>\n<meta property=\"og:site_name\" content=\"Trusted Translations\" \/>\n<meta property=\"article:publisher\" content=\"https:\/\/www.facebook.com\/Trusted.Translations\" \/>\n<meta property=\"article:modified_time\" content=\"2024-09-02T20:18:48+00:00\" \/>\n<meta property=\"og:image\" content=\"https:\/\/static.trustedtranslations.com\/wp-content\/uploads\/2022\/03\/TT_NEW_FB-1.png\" \/>\n\t<meta property=\"og:image:width\" content=\"1038\" \/>\n\t<meta property=\"og:image:height\" content=\"1038\" \/>\n\t<meta property=\"og:image:type\" content=\"image\/png\" \/>\n<meta name=\"twitter:card\" content=\"summary_large_image\" \/>\n<meta name=\"twitter:site\" content=\"@TrustedT9ns\" \/>\n<script type=\"application\/ld+json\" class=\"yoast-schema-graph\">{\"@context\":\"https:\\\/\\\/schema.org\",\"@graph\":[{\"@type\":\"WebPage\",\"@id\":\"https:\\\/\\\/www.trustedtranslations.com\\\/es\\\/servicios\\\/formatos-de-archivos\",\"url\":\"https:\\\/\\\/www.trustedtranslations.com\\\/es\\\/servicios\\\/formatos-de-archivos\",\"name\":\"Formatos de Archivo Manejados por Trusted Translations: Servicios de Traducci\u00f3n\",\"isPartOf\":{\"@id\":\"https:\\\/\\\/www.trustedtranslations.com\\\/es\\\/#website\"},\"primaryImageOfPage\":{\"@id\":\"https:\\\/\\\/www.trustedtranslations.com\\\/es\\\/servicios\\\/formatos-de-archivos#primaryimage\"},\"image\":{\"@id\":\"https:\\\/\\\/www.trustedtranslations.com\\\/es\\\/servicios\\\/formatos-de-archivos#primaryimage\"},\"thumbnailUrl\":\"https:\\\/\\\/www.trustedtranslations.com\\\/wp-content\\\/uploads\\\/2022\\\/03\\\/TT_NEW_FB-1.png\",\"description\":\"En Trusted Translations trabajamos con un equipo de expertos para brindarle los servicios de traducci\u00f3n m\u00e1s precisos en cualquier formato de archivo.\",\"breadcrumb\":{\"@id\":\"https:\\\/\\\/www.trustedtranslations.com\\\/es\\\/servicios\\\/formatos-de-archivos#breadcrumb\"},\"inLanguage\":\"es\",\"potentialAction\":[{\"@type\":\"ReadAction\",\"target\":[\"https:\\\/\\\/www.trustedtranslations.com\\\/es\\\/servicios\\\/formatos-de-archivos\"]}]},{\"@type\":\"ImageObject\",\"inLanguage\":\"es\",\"@id\":\"https:\\\/\\\/www.trustedtranslations.com\\\/es\\\/servicios\\\/formatos-de-archivos#primaryimage\",\"url\":\"https:\\\/\\\/www.trustedtranslations.com\\\/wp-content\\\/uploads\\\/2022\\\/03\\\/TT_NEW_FB-1.png\",\"contentUrl\":\"https:\\\/\\\/www.trustedtranslations.com\\\/wp-content\\\/uploads\\\/2022\\\/03\\\/TT_NEW_FB-1.png\",\"width\":1038,\"height\":1038,\"caption\":\"TT NEW FB 1\"},{\"@type\":\"BreadcrumbList\",\"@id\":\"https:\\\/\\\/www.trustedtranslations.com\\\/es\\\/servicios\\\/formatos-de-archivos#breadcrumb\",\"itemListElement\":[{\"@type\":\"ListItem\",\"position\":1,\"name\":\"Home\",\"item\":\"https:\\\/\\\/www.trustedtranslations.com\\\/es\"},{\"@type\":\"ListItem\",\"position\":2,\"name\":\"Servicios\",\"item\":\"https:\\\/\\\/www.trustedtranslations.com\\\/es\\\/servicios\"},{\"@type\":\"ListItem\",\"position\":3,\"name\":\"Formatos de Archivo\"}]},{\"@type\":\"WebSite\",\"@id\":\"https:\\\/\\\/www.trustedtranslations.com\\\/es\\\/#website\",\"url\":\"https:\\\/\\\/www.trustedtranslations.com\\\/es\\\/\",\"name\":\"Trusted Translations, Inc.\",\"description\":\"Leader in translation and interpretation services.\",\"publisher\":{\"@id\":\"https:\\\/\\\/www.trustedtranslations.com\\\/es\\\/#organization\"},\"alternateName\":\"Trusted Translations\",\"potentialAction\":[{\"@type\":\"SearchAction\",\"target\":{\"@type\":\"EntryPoint\",\"urlTemplate\":\"https:\\\/\\\/www.trustedtranslations.com\\\/es\\\/?s={search_term_string}\"},\"query-input\":{\"@type\":\"PropertyValueSpecification\",\"valueRequired\":true,\"valueName\":\"search_term_string\"}}],\"inLanguage\":\"es\"},{\"@type\":\"Organization\",\"@id\":\"https:\\\/\\\/www.trustedtranslations.com\\\/es\\\/#organization\",\"name\":\"Trusted Translations\",\"alternateName\":\"Trusted Translations, Inc.\",\"url\":\"https:\\\/\\\/www.trustedtranslations.com\\\/es\\\/\",\"logo\":{\"@type\":\"ImageObject\",\"inLanguage\":\"es\",\"@id\":\"https:\\\/\\\/www.trustedtranslations.com\\\/es\\\/#\\\/schema\\\/logo\\\/image\\\/\",\"url\":\"https:\\\/\\\/static.trustedtranslations.com\\\/wp-content\\\/uploads\\\/2022\\\/01\\\/TT_logo_WSIColors-2.png\",\"contentUrl\":\"https:\\\/\\\/static.trustedtranslations.com\\\/wp-content\\\/uploads\\\/2022\\\/01\\\/TT_logo_WSIColors-2.png\",\"width\":500,\"height\":196,\"caption\":\"Trusted Translations\"},\"image\":{\"@id\":\"https:\\\/\\\/www.trustedtranslations.com\\\/es\\\/#\\\/schema\\\/logo\\\/image\\\/\"},\"sameAs\":[\"https:\\\/\\\/www.facebook.com\\\/Trusted.Translations\",\"https:\\\/\\\/x.com\\\/TrustedT9ns\",\"https:\\\/\\\/www.linkedin.com\\\/company\\\/trusted-translations\"]}]}<\/script>\n<!-- \/ Yoast SEO plugin. -->","yoast_head_json":{"title":"Formatos de Archivo Manejados por Trusted Translations: Servicios de Traducci\u00f3n","description":"En Trusted Translations trabajamos con un equipo de expertos para brindarle los servicios de traducci\u00f3n m\u00e1s precisos en cualquier formato de archivo.","robots":{"index":"index","follow":"follow","max-snippet":"max-snippet:-1","max-image-preview":"max-image-preview:large","max-video-preview":"max-video-preview:-1"},"canonical":"https:\/\/www.trustedtranslations.com\/es\/servicios\/formatos-de-archivos","og_locale":"es_ES","og_type":"article","og_title":"Formatos de Archivo Manejados por Trusted Translations: Servicios de Traducci\u00f3n","og_description":"En Trusted Translations trabajamos con un equipo de expertos para brindarle los servicios de traducci\u00f3n m\u00e1s precisos en cualquier formato de archivo.","og_url":"https:\/\/www.trustedtranslations.com\/es\/servicios\/formatos-de-archivos","og_site_name":"Trusted Translations","article_publisher":"https:\/\/www.facebook.com\/Trusted.Translations","article_modified_time":"2024-09-02T20:18:48+00:00","og_image":[{"width":1038,"height":1038,"url":"https:\/\/static.trustedtranslations.com\/wp-content\/uploads\/2022\/03\/TT_NEW_FB-1.png","type":"image\/png"}],"twitter_card":"summary_large_image","twitter_site":"@TrustedT9ns","schema":{"@context":"https:\/\/schema.org","@graph":[{"@type":"WebPage","@id":"https:\/\/www.trustedtranslations.com\/es\/servicios\/formatos-de-archivos","url":"https:\/\/www.trustedtranslations.com\/es\/servicios\/formatos-de-archivos","name":"Formatos de Archivo Manejados por Trusted Translations: Servicios de Traducci\u00f3n","isPartOf":{"@id":"https:\/\/www.trustedtranslations.com\/es\/#website"},"primaryImageOfPage":{"@id":"https:\/\/www.trustedtranslations.com\/es\/servicios\/formatos-de-archivos#primaryimage"},"image":{"@id":"https:\/\/www.trustedtranslations.com\/es\/servicios\/formatos-de-archivos#primaryimage"},"thumbnailUrl":"https:\/\/www.trustedtranslations.com\/wp-content\/uploads\/2022\/03\/TT_NEW_FB-1.png","description":"En Trusted Translations trabajamos con un equipo de expertos para brindarle los servicios de traducci\u00f3n m\u00e1s precisos en cualquier formato de archivo.","breadcrumb":{"@id":"https:\/\/www.trustedtranslations.com\/es\/servicios\/formatos-de-archivos#breadcrumb"},"inLanguage":"es","potentialAction":[{"@type":"ReadAction","target":["https:\/\/www.trustedtranslations.com\/es\/servicios\/formatos-de-archivos"]}]},{"@type":"ImageObject","inLanguage":"es","@id":"https:\/\/www.trustedtranslations.com\/es\/servicios\/formatos-de-archivos#primaryimage","url":"https:\/\/www.trustedtranslations.com\/wp-content\/uploads\/2022\/03\/TT_NEW_FB-1.png","contentUrl":"https:\/\/www.trustedtranslations.com\/wp-content\/uploads\/2022\/03\/TT_NEW_FB-1.png","width":1038,"height":1038,"caption":"TT NEW FB 1"},{"@type":"BreadcrumbList","@id":"https:\/\/www.trustedtranslations.com\/es\/servicios\/formatos-de-archivos#breadcrumb","itemListElement":[{"@type":"ListItem","position":1,"name":"Home","item":"https:\/\/www.trustedtranslations.com\/es"},{"@type":"ListItem","position":2,"name":"Servicios","item":"https:\/\/www.trustedtranslations.com\/es\/servicios"},{"@type":"ListItem","position":3,"name":"Formatos de Archivo"}]},{"@type":"WebSite","@id":"https:\/\/www.trustedtranslations.com\/es\/#website","url":"https:\/\/www.trustedtranslations.com\/es\/","name":"Trusted Translations, Inc.","description":"Leader in translation and interpretation services.","publisher":{"@id":"https:\/\/www.trustedtranslations.com\/es\/#organization"},"alternateName":"Trusted Translations","potentialAction":[{"@type":"SearchAction","target":{"@type":"EntryPoint","urlTemplate":"https:\/\/www.trustedtranslations.com\/es\/?s={search_term_string}"},"query-input":{"@type":"PropertyValueSpecification","valueRequired":true,"valueName":"search_term_string"}}],"inLanguage":"es"},{"@type":"Organization","@id":"https:\/\/www.trustedtranslations.com\/es\/#organization","name":"Trusted Translations","alternateName":"Trusted Translations, Inc.","url":"https:\/\/www.trustedtranslations.com\/es\/","logo":{"@type":"ImageObject","inLanguage":"es","@id":"https:\/\/www.trustedtranslations.com\/es\/#\/schema\/logo\/image\/","url":"https:\/\/static.trustedtranslations.com\/wp-content\/uploads\/2022\/01\/TT_logo_WSIColors-2.png","contentUrl":"https:\/\/static.trustedtranslations.com\/wp-content\/uploads\/2022\/01\/TT_logo_WSIColors-2.png","width":500,"height":196,"caption":"Trusted Translations"},"image":{"@id":"https:\/\/www.trustedtranslations.com\/es\/#\/schema\/logo\/image\/"},"sameAs":["https:\/\/www.facebook.com\/Trusted.Translations","https:\/\/x.com\/TrustedT9ns","https:\/\/www.linkedin.com\/company\/trusted-translations"]}]}},"toolset-meta":{"dyk":{"mensaje-1":{"type":"textfield","raw":"Proporcionamos traducciones listas para usar de inmediato en m\u00faltiples formatos de archivo."},"mensaje-2":{"type":"textfield","raw":""},"mensaje-3":{"type":"textfield","raw":"Ofrecemos los servicios especializados de nuestro equipo de inform\u00e1tica para la traducci\u00f3n de cualquier formato de archivo."},"mensaje-4":{"type":"textfield","raw":""},"mensaje-5":{"type":"textfield","raw":""},"mensaje-6":{"type":"textfield","raw":""}},"single-page-template-fields":{"imgs-temp":{"type":"image","raw":["https:\/\/static.trustedtranslations.com\/wp-content\/uploads\/2023\/03\/services-final-7-1.jpg"],"repeatable":[{"raw":"https:\/\/static.trustedtranslations.com\/wp-content\/uploads\/2023\/03\/services-final-7-1.jpg"}]},"imgs-temp-cel":{"type":"image","raw":[""],"repeatable":[{"raw":""}]},"img-temp-one-cel":{"type":"image","raw":"https:\/\/static.trustedtranslations.com\/wp-content\/uploads\/2023\/03\/AdobeStock_291507034_Editorial_Use_Only-2-1.jpg","attachment_id":null},"quotes":{"type":"textarea","raw":"<h1 style=\"margin-bottom: 12px;\">Formatos de Archivo y Software<\/h1>En Trusted Translations trabajamos con un equipo de expertos y profesionales capacitados para brindarle los servicios de traducci\u00f3n m\u00e1s precisos en cualquier formato de archivo o software. Nuestro equipo de expertos en tecnolog\u00eda, traductores y revisores espec\u00edficos para cada industria y dise\u00f1adores gr\u00e1ficos nos permiten producir traducciones de la m\u00e1s alta calidad en la industria, independientemente de la complejidad o del desaf\u00edo que represente la traducci\u00f3n del formato o el software originales.<div style=\"margin-top: 2.5vw;\"><a class=\"tt-btn-main-cta\" href=\"\/es\/presupuesto-sin-cargo\">SOLICITE UN PRESUPUESTO SIN CARGO<\/a><\/div>"},"text-1":{"type":"textarea","raw":"<h2 style=\"margin-top: -10px;\">Traducciones en Cualquier Formato de Archivo y Software<\/h2>En Trusted Translations utilizamos una plataforma eficaz que admite casi cualquier formato de archivo y software. Nuestros servicios de traducci\u00f3n est\u00e1n dise\u00f1ados para simplificar el proceso de traducci\u00f3n para que usted pueda seguir concentr\u00e1ndose en el \u00e1mbito espec\u00edfico de su empresa. Cuando nos env\u00ede un archivo en un formato en particular, le proporcionaremos un producto dise\u00f1ado y traducido de manera profesional en el formato de su archivo original. Nuestro servicio integral incluye todo, desde la extracci\u00f3n del texto hasta la traducci\u00f3n espec\u00edfica para cada industria, y un servicio de dise\u00f1o profesional para darle al texto traducido el formato del documento original. De esta manera, no tendr\u00e1 que perder tiempo contratando empresas independientes para sus necesidades de traducci\u00f3n y dise\u00f1o gr\u00e1fico."},"shortcode-map":{"type":"textfield","raw":""},"dyk-shortcode":{"type":"textfield","raw":"[elementor-template id=\"139368\"]"},"text-2":{"type":"textarea","raw":"<h2>Software y Formatos de Archivo Compatibles<\/h2>\r\nEl equipo profesional de Trusted Translations tiene la experiencia necesaria para trabajar con los siguientes formatos de archivo y software, entre otros:\r\n\r\n<a href=\"https:\/\/www.trustedtranslations.com\/es\/servicios\/formatos-de-archivos\/pdf\">Adobe Acrobat - PDF<\/a>, <a href=\"https:\/\/www.trustedtranslations.com\/es\/servicios\/formatos-de-archivos\/flash\">Adobe Flash<\/a>, <a href=\"https:\/\/www.trustedtranslations.com\/es\/servicios\/formatos-de-archivos\/framemaker\">Adobe FrameMaker<\/a>, <a href=\"https:\/\/www.trustedtranslations.com\/es\/servicios\/formatos-de-archivos\/imagenes\">Adobe Illustrator<\/a>, <a href=\"https:\/\/www.trustedtranslations.com\/es\/servicios\/formatos-de-archivos\/indesign\">Adobe InDesign<\/a>, <a href=\"https:\/\/www.trustedtranslations.com\/es\/servicios\/formatos-de-archivos\/imagenes\">Adobe Photoshop<\/a>, <a href=\"https:\/\/www.trustedtranslations.com\/es\/servicios\/formatos-de-archivos\/premiere\">Adobe Premiere<\/a>, Cadenas de texto de Android, <a href=\"https:\/\/www.trustedtranslations.com\/es\/servicios\/formatos-de-archivos\/autocad\">AutoCAD<\/a>, Archivos biling\u00fces (XLIFF, TTX, SDLXLIFF), <a href=\"https:\/\/www.trustedtranslations.com\/es\/servicios\/formatos-de-archivos\/excel\">CSV<\/a>, CorelDraw, DITA, Drupal, Archivos HTML, Archivos JSON, Joomla, <a href=\"https:\/\/www.trustedtranslations.com\/es\/servicios\/formatos-de-archivos\/lectora\">Lectora<\/a>, <a href=\"https:\/\/www.trustedtranslations.com\/es\/servicios\/formatos-de-archivos\/excel\">Microsoft Excel<\/a>, <a href=\"https:\/\/www.trustedtranslations.com\/es\/servicios\/formatos-de-archivos\/powerpoint\">Microsoft PowerPoint<\/a>, <a href=\"https:\/\/www.trustedtranslations.com\/es\/servicios\/formatos-de-archivos\/project\">Microsoft Project<\/a>, <a href=\"https:\/\/www.trustedtranslations.com\/es\/servicios\/formatos-de-archivos\/publisher\">Microsoft Publisher<\/a>, <a href=\"https:\/\/www.trustedtranslations.com\/es\/servicios\/formatos-de-archivos\/visio\">Microsoft Visio<\/a>, <a href=\"https:\/\/www.trustedtranslations.com\/es\/servicios\/formatos-de-archivos\/word\">Microsoft Word<\/a>, PHP, PO gettext, <a href=\"https:\/\/www.trustedtranslations.com\/es\/servicios\/formatos-de-archivos\/pages-for-mac\">Pages para Mac<\/a>, Properties, <a href=\"https:\/\/www.trustedtranslations.com\/es\/servicios\/formatos-de-archivos\/quarkxpress\">QuarkXPress<\/a>, <a href=\"https:\/\/www.trustedtranslations.com\/es\/servicios\/formatos-de-archivos\/robohelp\">Robohelp<\/a>, TXT, WordPress, XML, YAML, Cadenas de texto de iOS.\r\n\r\nTrusted Translations no solo le ofrece los servicios de un proceso de traducci\u00f3n completo (traducci\u00f3n, edici\u00f3n, correcci\u00f3n), sino que si un formato de archivo requiere los servicios especiales de un dise\u00f1ador gr\u00e1fico o de nuestro equipo de expertos en tecnolog\u00eda, le brindaremos estos servicios como parte del proceso de traducci\u00f3n. Nuestro equipo de profesionales trabaja para brindarle traducciones de la m\u00e1s alta calidad en la industria, independientemente de la longitud o la complejidad del formato del archivo original. Adem\u00e1s, nuestros traductores espec\u00edficos para cada industria no solo traducir\u00e1n con precisi\u00f3n sus proyectos para que pueda llegar a un p\u00fablico global m\u00e1s amplio, sino que tambi\u00e9n los localizar\u00e1n para que pueda llegar a su p\u00fablico objetivo con la mayor precisi\u00f3n posible. Trusted Translations es la soluci\u00f3n integral para todas las necesidades de su proyecto de traducci\u00f3n: proporcionamos todos los recursos necesarios para un proceso de traducci\u00f3n completo y garantizamos un producto final listo para su uso inmediato."},"state":{"type":"textfield","raw":""},"city":{"type":"textarea","raw":[]}}},"_links":{"self":[{"href":"https:\/\/www.trustedtranslations.com\/es\/wp-json\/wp\/v2\/pages\/127688","targetHints":{"allow":["GET"]}}],"collection":[{"href":"https:\/\/www.trustedtranslations.com\/es\/wp-json\/wp\/v2\/pages"}],"about":[{"href":"https:\/\/www.trustedtranslations.com\/es\/wp-json\/wp\/v2\/types\/page"}],"author":[{"embeddable":true,"href":"https:\/\/www.trustedtranslations.com\/es\/wp-json\/wp\/v2\/users\/1"}],"replies":[{"embeddable":true,"href":"https:\/\/www.trustedtranslations.com\/es\/wp-json\/wp\/v2\/comments?post=127688"}],"version-history":[{"count":0,"href":"https:\/\/www.trustedtranslations.com\/es\/wp-json\/wp\/v2\/pages\/127688\/revisions"}],"up":[{"embeddable":true,"href":"https:\/\/www.trustedtranslations.com\/es\/wp-json\/wp\/v2\/pages\/127151"}],"wp:featuredmedia":[{"embeddable":true,"href":"https:\/\/www.trustedtranslations.com\/es\/wp-json\/wp\/v2\/media\/139634"}],"wp:attachment":[{"href":"https:\/\/www.trustedtranslations.com\/es\/wp-json\/wp\/v2\/media?parent=127688"}],"curies":[{"name":"wp","href":"https:\/\/api.w.org\/{rel}","templated":true}]}}