{"id":127690,"date":"2019-03-29T13:16:53","date_gmt":"2019-03-29T13:16:53","guid":{"rendered":"https:\/\/www.trustedtranslations.com\/?page_id=127690"},"modified":"2024-09-02T18:31:44","modified_gmt":"2024-09-02T21:31:44","slug":"premiere","status":"publish","type":"page","link":"https:\/\/www.trustedtranslations.com\/es\/servicios\/formatos-de-archivos\/premiere","title":{"rendered":"Adobe Premiere"},"content":{"rendered":"","protected":false},"excerpt":{"rendered":"","protected":false},"author":1,"featured_media":238012,"parent":127688,"menu_order":3,"comment_status":"closed","ping_status":"closed","template":"","meta":{"site-sidebar-layout":"default","site-content-layout":"default","ast-site-content-layout":"default","site-content-style":"default","site-sidebar-style":"default","ast-global-header-display":"","ast-banner-title-visibility":"","ast-main-header-display":"","ast-hfb-above-header-display":"","ast-hfb-below-header-display":"","ast-hfb-mobile-header-display":"","site-post-title":"disabled","ast-breadcrumbs-content":"","ast-featured-img":"","footer-sml-layout":"","ast-disable-related-posts":"","theme-transparent-header-meta":"default","adv-header-id-meta":"","stick-header-meta":"","header-above-stick-meta":"","header-main-stick-meta":"","header-below-stick-meta":"","astra-migrate-meta-layouts":"set","ast-page-background-enabled":"default","ast-page-background-meta":{"desktop":{"background-color":"var(--ast-global-color-4)","background-image":"","background-repeat":"repeat","background-position":"center center","background-size":"auto","background-attachment":"scroll","background-type":"","background-media":"","overlay-type":"","overlay-color":"","overlay-opacity":"","overlay-gradient":""},"tablet":{"background-color":"","background-image":"","background-repeat":"repeat","background-position":"center center","background-size":"auto","background-attachment":"scroll","background-type":"","background-media":"","overlay-type":"","overlay-color":"","overlay-opacity":"","overlay-gradient":""},"mobile":{"background-color":"","background-image":"","background-repeat":"repeat","background-position":"center center","background-size":"auto","background-attachment":"scroll","background-type":"","background-media":"","overlay-type":"","overlay-color":"","overlay-opacity":"","overlay-gradient":""}},"ast-content-background-meta":{"desktop":{"background-color":"var(--ast-global-color-5)","background-image":"","background-repeat":"repeat","background-position":"center center","background-size":"auto","background-attachment":"scroll","background-type":"","background-media":"","overlay-type":"","overlay-color":"","overlay-opacity":"","overlay-gradient":""},"tablet":{"background-color":"var(--ast-global-color-5)","background-image":"","background-repeat":"repeat","background-position":"center center","background-size":"auto","background-attachment":"scroll","background-type":"","background-media":"","overlay-type":"","overlay-color":"","overlay-opacity":"","overlay-gradient":""},"mobile":{"background-color":"var(--ast-global-color-5)","background-image":"","background-repeat":"repeat","background-position":"center center","background-size":"auto","background-attachment":"scroll","background-type":"","background-media":"","overlay-type":"","overlay-color":"","overlay-opacity":"","overlay-gradient":""}},"footnotes":""},"class_list":["post-127690","page","type-page","status-publish","has-post-thumbnail","hentry"],"yoast_head":"<!-- This site is optimized with the Yoast SEO plugin v27.5 - https:\/\/yoast.com\/product\/yoast-seo-wordpress\/ -->\n<title>Servicios de Traducci\u00f3n de Adobe Premiere: Trusted Translations, Inc.<\/title>\n<meta name=\"description\" content=\"Trusted Translations es la soluci\u00f3n integral para todas sus necesidades de transcripci\u00f3n, subtitulado, doblaje y traducci\u00f3n de archivos en Adobe Premiere.\" \/>\n<meta name=\"robots\" content=\"index, follow, max-snippet:-1, max-image-preview:large, max-video-preview:-1\" \/>\n<link rel=\"canonical\" href=\"https:\/\/www.trustedtranslations.com\/es\/servicios\/formatos-de-archivos\/premiere\" \/>\n<meta property=\"og:locale\" content=\"es_ES\" \/>\n<meta property=\"og:type\" content=\"article\" \/>\n<meta property=\"og:title\" content=\"Servicios de Traducci\u00f3n de Adobe Premiere: Trusted Translations, Inc.\" \/>\n<meta property=\"og:description\" content=\"Trusted Translations es la soluci\u00f3n integral para todas sus necesidades de transcripci\u00f3n, subtitulado, doblaje y traducci\u00f3n de archivos en Adobe Premiere.\" \/>\n<meta property=\"og:url\" content=\"https:\/\/www.trustedtranslations.com\/es\/servicios\/formatos-de-archivos\/premiere\" \/>\n<meta property=\"og:site_name\" content=\"Trusted Translations\" \/>\n<meta property=\"article:publisher\" content=\"https:\/\/www.facebook.com\/Trusted.Translations\" \/>\n<meta property=\"article:modified_time\" content=\"2024-09-02T21:31:44+00:00\" \/>\n<meta property=\"og:image\" content=\"https:\/\/static.trustedtranslations.com\/wp-content\/uploads\/2024\/02\/tt-icon_Adobe-Premiere-Translati.webp\" \/>\n\t<meta property=\"og:image:width\" content=\"151\" \/>\n\t<meta property=\"og:image:height\" content=\"151\" \/>\n\t<meta property=\"og:image:type\" content=\"image\/webp\" \/>\n<meta name=\"twitter:card\" content=\"summary_large_image\" \/>\n<meta name=\"twitter:site\" content=\"@TrustedT9ns\" \/>\n<script type=\"application\/ld+json\" class=\"yoast-schema-graph\">{\"@context\":\"https:\\\/\\\/schema.org\",\"@graph\":[{\"@type\":\"WebPage\",\"@id\":\"https:\\\/\\\/www.trustedtranslations.com\\\/es\\\/servicios\\\/formatos-de-archivos\\\/premiere\",\"url\":\"https:\\\/\\\/www.trustedtranslations.com\\\/es\\\/servicios\\\/formatos-de-archivos\\\/premiere\",\"name\":\"Servicios de Traducci\u00f3n de Adobe Premiere: Trusted Translations, Inc.\",\"isPartOf\":{\"@id\":\"https:\\\/\\\/www.trustedtranslations.com\\\/es\\\/#website\"},\"primaryImageOfPage\":{\"@id\":\"https:\\\/\\\/www.trustedtranslations.com\\\/es\\\/servicios\\\/formatos-de-archivos\\\/premiere#primaryimage\"},\"image\":{\"@id\":\"https:\\\/\\\/www.trustedtranslations.com\\\/es\\\/servicios\\\/formatos-de-archivos\\\/premiere#primaryimage\"},\"thumbnailUrl\":\"https:\\\/\\\/www.trustedtranslations.com\\\/wp-content\\\/uploads\\\/2024\\\/02\\\/tt-icon_Adobe-Premiere-Translati.webp\",\"description\":\"Trusted Translations es la soluci\u00f3n integral para todas sus necesidades de transcripci\u00f3n, subtitulado, doblaje y traducci\u00f3n de archivos en Adobe Premiere.\",\"breadcrumb\":{\"@id\":\"https:\\\/\\\/www.trustedtranslations.com\\\/es\\\/servicios\\\/formatos-de-archivos\\\/premiere#breadcrumb\"},\"inLanguage\":\"es\",\"potentialAction\":[{\"@type\":\"ReadAction\",\"target\":[\"https:\\\/\\\/www.trustedtranslations.com\\\/es\\\/servicios\\\/formatos-de-archivos\\\/premiere\"]}]},{\"@type\":\"ImageObject\",\"inLanguage\":\"es\",\"@id\":\"https:\\\/\\\/www.trustedtranslations.com\\\/es\\\/servicios\\\/formatos-de-archivos\\\/premiere#primaryimage\",\"url\":\"https:\\\/\\\/www.trustedtranslations.com\\\/wp-content\\\/uploads\\\/2024\\\/02\\\/tt-icon_Adobe-Premiere-Translati.webp\",\"contentUrl\":\"https:\\\/\\\/www.trustedtranslations.com\\\/wp-content\\\/uploads\\\/2024\\\/02\\\/tt-icon_Adobe-Premiere-Translati.webp\",\"width\":151,\"height\":151,\"caption\":\"tt icon Adobe Premiere Translati\"},{\"@type\":\"BreadcrumbList\",\"@id\":\"https:\\\/\\\/www.trustedtranslations.com\\\/es\\\/servicios\\\/formatos-de-archivos\\\/premiere#breadcrumb\",\"itemListElement\":[{\"@type\":\"ListItem\",\"position\":1,\"name\":\"Home\",\"item\":\"https:\\\/\\\/www.trustedtranslations.com\\\/es\"},{\"@type\":\"ListItem\",\"position\":2,\"name\":\"Servicios\",\"item\":\"https:\\\/\\\/www.trustedtranslations.com\\\/es\\\/servicios\"},{\"@type\":\"ListItem\",\"position\":3,\"name\":\"Formatos de Archivo\",\"item\":\"https:\\\/\\\/www.trustedtranslations.com\\\/es\\\/servicios\\\/formatos-de-archivos\"},{\"@type\":\"ListItem\",\"position\":4,\"name\":\"Adobe Premiere\"}]},{\"@type\":\"WebSite\",\"@id\":\"https:\\\/\\\/www.trustedtranslations.com\\\/es\\\/#website\",\"url\":\"https:\\\/\\\/www.trustedtranslations.com\\\/es\\\/\",\"name\":\"Trusted Translations, Inc.\",\"description\":\"Leader in translation and interpretation services.\",\"publisher\":{\"@id\":\"https:\\\/\\\/www.trustedtranslations.com\\\/es\\\/#organization\"},\"alternateName\":\"Trusted Translations\",\"potentialAction\":[{\"@type\":\"SearchAction\",\"target\":{\"@type\":\"EntryPoint\",\"urlTemplate\":\"https:\\\/\\\/www.trustedtranslations.com\\\/es\\\/?s={search_term_string}\"},\"query-input\":{\"@type\":\"PropertyValueSpecification\",\"valueRequired\":true,\"valueName\":\"search_term_string\"}}],\"inLanguage\":\"es\"},{\"@type\":\"Organization\",\"@id\":\"https:\\\/\\\/www.trustedtranslations.com\\\/es\\\/#organization\",\"name\":\"Trusted Translations\",\"alternateName\":\"Trusted Translations, Inc.\",\"url\":\"https:\\\/\\\/www.trustedtranslations.com\\\/es\\\/\",\"logo\":{\"@type\":\"ImageObject\",\"inLanguage\":\"es\",\"@id\":\"https:\\\/\\\/www.trustedtranslations.com\\\/es\\\/#\\\/schema\\\/logo\\\/image\\\/\",\"url\":\"https:\\\/\\\/static.trustedtranslations.com\\\/wp-content\\\/uploads\\\/2022\\\/01\\\/TT_logo_WSIColors-2.png\",\"contentUrl\":\"https:\\\/\\\/static.trustedtranslations.com\\\/wp-content\\\/uploads\\\/2022\\\/01\\\/TT_logo_WSIColors-2.png\",\"width\":500,\"height\":196,\"caption\":\"Trusted Translations\"},\"image\":{\"@id\":\"https:\\\/\\\/www.trustedtranslations.com\\\/es\\\/#\\\/schema\\\/logo\\\/image\\\/\"},\"sameAs\":[\"https:\\\/\\\/www.facebook.com\\\/Trusted.Translations\",\"https:\\\/\\\/x.com\\\/TrustedT9ns\",\"https:\\\/\\\/www.linkedin.com\\\/company\\\/trusted-translations\"]}]}<\/script>\n<!-- \/ Yoast SEO plugin. -->","yoast_head_json":{"title":"Servicios de Traducci\u00f3n de Adobe Premiere: Trusted Translations, Inc.","description":"Trusted Translations es la soluci\u00f3n integral para todas sus necesidades de transcripci\u00f3n, subtitulado, doblaje y traducci\u00f3n de archivos en Adobe Premiere.","robots":{"index":"index","follow":"follow","max-snippet":"max-snippet:-1","max-image-preview":"max-image-preview:large","max-video-preview":"max-video-preview:-1"},"canonical":"https:\/\/www.trustedtranslations.com\/es\/servicios\/formatos-de-archivos\/premiere","og_locale":"es_ES","og_type":"article","og_title":"Servicios de Traducci\u00f3n de Adobe Premiere: Trusted Translations, Inc.","og_description":"Trusted Translations es la soluci\u00f3n integral para todas sus necesidades de transcripci\u00f3n, subtitulado, doblaje y traducci\u00f3n de archivos en Adobe Premiere.","og_url":"https:\/\/www.trustedtranslations.com\/es\/servicios\/formatos-de-archivos\/premiere","og_site_name":"Trusted Translations","article_publisher":"https:\/\/www.facebook.com\/Trusted.Translations","article_modified_time":"2024-09-02T21:31:44+00:00","og_image":[{"width":151,"height":151,"url":"https:\/\/static.trustedtranslations.com\/wp-content\/uploads\/2024\/02\/tt-icon_Adobe-Premiere-Translati.webp","type":"image\/webp"}],"twitter_card":"summary_large_image","twitter_site":"@TrustedT9ns","schema":{"@context":"https:\/\/schema.org","@graph":[{"@type":"WebPage","@id":"https:\/\/www.trustedtranslations.com\/es\/servicios\/formatos-de-archivos\/premiere","url":"https:\/\/www.trustedtranslations.com\/es\/servicios\/formatos-de-archivos\/premiere","name":"Servicios de Traducci\u00f3n de Adobe Premiere: Trusted Translations, Inc.","isPartOf":{"@id":"https:\/\/www.trustedtranslations.com\/es\/#website"},"primaryImageOfPage":{"@id":"https:\/\/www.trustedtranslations.com\/es\/servicios\/formatos-de-archivos\/premiere#primaryimage"},"image":{"@id":"https:\/\/www.trustedtranslations.com\/es\/servicios\/formatos-de-archivos\/premiere#primaryimage"},"thumbnailUrl":"https:\/\/www.trustedtranslations.com\/wp-content\/uploads\/2024\/02\/tt-icon_Adobe-Premiere-Translati.webp","description":"Trusted Translations es la soluci\u00f3n integral para todas sus necesidades de transcripci\u00f3n, subtitulado, doblaje y traducci\u00f3n de archivos en Adobe Premiere.","breadcrumb":{"@id":"https:\/\/www.trustedtranslations.com\/es\/servicios\/formatos-de-archivos\/premiere#breadcrumb"},"inLanguage":"es","potentialAction":[{"@type":"ReadAction","target":["https:\/\/www.trustedtranslations.com\/es\/servicios\/formatos-de-archivos\/premiere"]}]},{"@type":"ImageObject","inLanguage":"es","@id":"https:\/\/www.trustedtranslations.com\/es\/servicios\/formatos-de-archivos\/premiere#primaryimage","url":"https:\/\/www.trustedtranslations.com\/wp-content\/uploads\/2024\/02\/tt-icon_Adobe-Premiere-Translati.webp","contentUrl":"https:\/\/www.trustedtranslations.com\/wp-content\/uploads\/2024\/02\/tt-icon_Adobe-Premiere-Translati.webp","width":151,"height":151,"caption":"tt icon Adobe Premiere Translati"},{"@type":"BreadcrumbList","@id":"https:\/\/www.trustedtranslations.com\/es\/servicios\/formatos-de-archivos\/premiere#breadcrumb","itemListElement":[{"@type":"ListItem","position":1,"name":"Home","item":"https:\/\/www.trustedtranslations.com\/es"},{"@type":"ListItem","position":2,"name":"Servicios","item":"https:\/\/www.trustedtranslations.com\/es\/servicios"},{"@type":"ListItem","position":3,"name":"Formatos de Archivo","item":"https:\/\/www.trustedtranslations.com\/es\/servicios\/formatos-de-archivos"},{"@type":"ListItem","position":4,"name":"Adobe Premiere"}]},{"@type":"WebSite","@id":"https:\/\/www.trustedtranslations.com\/es\/#website","url":"https:\/\/www.trustedtranslations.com\/es\/","name":"Trusted Translations, Inc.","description":"Leader in translation and interpretation services.","publisher":{"@id":"https:\/\/www.trustedtranslations.com\/es\/#organization"},"alternateName":"Trusted Translations","potentialAction":[{"@type":"SearchAction","target":{"@type":"EntryPoint","urlTemplate":"https:\/\/www.trustedtranslations.com\/es\/?s={search_term_string}"},"query-input":{"@type":"PropertyValueSpecification","valueRequired":true,"valueName":"search_term_string"}}],"inLanguage":"es"},{"@type":"Organization","@id":"https:\/\/www.trustedtranslations.com\/es\/#organization","name":"Trusted Translations","alternateName":"Trusted Translations, Inc.","url":"https:\/\/www.trustedtranslations.com\/es\/","logo":{"@type":"ImageObject","inLanguage":"es","@id":"https:\/\/www.trustedtranslations.com\/es\/#\/schema\/logo\/image\/","url":"https:\/\/static.trustedtranslations.com\/wp-content\/uploads\/2022\/01\/TT_logo_WSIColors-2.png","contentUrl":"https:\/\/static.trustedtranslations.com\/wp-content\/uploads\/2022\/01\/TT_logo_WSIColors-2.png","width":500,"height":196,"caption":"Trusted Translations"},"image":{"@id":"https:\/\/www.trustedtranslations.com\/es\/#\/schema\/logo\/image\/"},"sameAs":["https:\/\/www.facebook.com\/Trusted.Translations","https:\/\/x.com\/TrustedT9ns","https:\/\/www.linkedin.com\/company\/trusted-translations"]}]}},"toolset-meta":{"dyk":{"mensaje-1":{"type":"textfield","raw":"Trabajamos solo con locutores que son hablantes nativos, no con software de reconocimiento de voz."},"mensaje-2":{"type":"textfield","raw":"Tomamos en cuenta los aspectos no verbales de las traducciones de video."},"mensaje-3":{"type":"textfield","raw":"Nuestros especialistas en subtitulado se aseguran de que los componentes visuales y de audio se alineen a la perfecci\u00f3n."},"mensaje-4":{"type":"textfield","raw":"Nuestros servicios incluyen transcripci\u00f3n, subtitulado, doblaje, traducci\u00f3n y m\u00e1s."},"mensaje-5":{"type":"textfield","raw":""},"mensaje-6":{"type":"textfield","raw":""}},"single-page-template-fields":{"imgs-temp":{"type":"image","raw":["https:\/\/static.trustedtranslations.com\/wp-content\/uploads\/2024\/06\/Group-164.webp"],"repeatable":[{"raw":"https:\/\/static.trustedtranslations.com\/wp-content\/uploads\/2024\/06\/Group-164.webp"}]},"imgs-temp-cel":{"type":"image","raw":[""],"repeatable":[{"raw":""}]},"img-temp-one-cel":{"type":"image","raw":"https:\/\/static.trustedtranslations.com\/wp-content\/uploads\/2024\/06\/AdobeStock_321775803_Editorial_U.webp","attachment_id":null},"quotes":{"type":"textarea","raw":"<h1 style=\"margin-bottom: 12px;\">Servicios de Traducci\u00f3n de Archivos para Adobe Premiere<\/h1>\r\n<em>Trusted Translations<\/em> es la soluci\u00f3n integral para todas sus necesidades de transcripci\u00f3n y traducci\u00f3n de archivos para Adobe Premiere. Nuestro equipo experto de traductores espec\u00edficos para cada industria transcribir\u00e1 y traducir\u00e1 de manera precisa y profesional todo tipo de materiales: presentaciones de video, videos educativos y de congresos y videos institucionales y corporativos.\r\n<div style=\"margin-top: 2.5vw;\"><a class=\"tt-btn-main-cta\" href=\"\/es\/presupuesto-sin-cargo\">SOLICITE UN PRESUPUESTO SIN CARGO<\/a><\/div>"},"text-1":{"type":"textarea","raw":"Nuestros servicios, entre otros, incluyen transcripci\u00f3n, subtitulado, doblaje y traducci\u00f3n. Nuestro equipo experto de traductores y editores transcribe manualmente todos los videos; de este modo, los sutiles matices de la comunicaci\u00f3n vocal y no vocal no se pierden con un software de reconocimiento de voz.\r\n<h2>Aspectos no Verbales de la Traducci\u00f3n<\/h2>\r\nEn <em><em>Trusted Translations<\/em><\/em> entendemos que la transcripci\u00f3n de un video abarca muchos elementos de comunicaci\u00f3n que no est\u00e1n necesariamente orientados al habla: las expresiones faciales, las letras de la m\u00fasica y otros sonidos son matices no verbales importantes que deben tenerse en cuenta durante la transcripci\u00f3n. Es por eso que todas nuestras transcripciones est\u00e1n realizadas por personas capaces de distinguir estos elementos de comunicaci\u00f3n sutiles pero fundamentales. Nuestro equipo de expertos tambi\u00e9n se asegurar\u00e1 de que cada frase se alinee a la perfecci\u00f3n con los componentes auditivos y visuales del video."},"shortcode-map":{"type":"textfield","raw":""},"dyk-shortcode":{"type":"textfield","raw":"[elementor-template id=\"139368\"]"},"text-2":{"type":"textarea","raw":"<h2>Servicios para Videos de Adobe Premiere<\/h2>\r\nEn <em><em>Trusted Translations<\/em><\/em> nos ocuparemos de todos los proyectos de video de Adobe Premiere, sin importar la duraci\u00f3n o la complejidad. Todo \u2014desde los servicios de transcripci\u00f3n, los subt\u00edtulos, el doblaje y la traducci\u00f3n\u2014 se ejecutar\u00e1 con la m\u00e1xima calidad del sector. Nuestro equipo experto en edici\u00f3n de video y traducci\u00f3n trabaja en conjunto para entregar un producto final listo para su uso inmediato. Solo trabajamos con traductores experimentados y espec\u00edficos para cada industria que traducir\u00e1n con precisi\u00f3n todos sus proyectos de video de Adobe Premiere, ya sea que est\u00e9 buscando traducir un video educativo sobre un tema espec\u00edfico, un video corporativo para una empresa perteneciente a una determinada industria o una presentaci\u00f3n de video dirigida a un p\u00fablico espec\u00edfico. Nuestros traductores no solo traducir\u00e1n con precisi\u00f3n los videos para llegar a un p\u00fablico global m\u00e1s amplio, sino que tambi\u00e9n localizar\u00e1n las traducciones para que usted pueda llegar a su p\u00fablico objetivo, ya sean socios comerciales en otra parte del mundo o empleados de subsidiarias en el extranjero que necesitan ver videos de capacitaci\u00f3n de la empresa en su idioma nativo. <em><em>Trusted Translations<\/em><\/em> es la soluci\u00f3n integral para todas las necesidades de su proyecto de Adobe Premiere, porque cuando trabaja con nosotros, no tiene que realizar ning\u00fan paso adicional para lograr el producto final de la m\u00e1s alta calidad en la industria."},"state":{"type":"textfield","raw":""},"city":{"type":"textarea","raw":[]}}},"_links":{"self":[{"href":"https:\/\/www.trustedtranslations.com\/es\/wp-json\/wp\/v2\/pages\/127690","targetHints":{"allow":["GET"]}}],"collection":[{"href":"https:\/\/www.trustedtranslations.com\/es\/wp-json\/wp\/v2\/pages"}],"about":[{"href":"https:\/\/www.trustedtranslations.com\/es\/wp-json\/wp\/v2\/types\/page"}],"author":[{"embeddable":true,"href":"https:\/\/www.trustedtranslations.com\/es\/wp-json\/wp\/v2\/users\/1"}],"replies":[{"embeddable":true,"href":"https:\/\/www.trustedtranslations.com\/es\/wp-json\/wp\/v2\/comments?post=127690"}],"version-history":[{"count":0,"href":"https:\/\/www.trustedtranslations.com\/es\/wp-json\/wp\/v2\/pages\/127690\/revisions"}],"up":[{"embeddable":true,"href":"https:\/\/www.trustedtranslations.com\/es\/wp-json\/wp\/v2\/pages\/127688"}],"wp:featuredmedia":[{"embeddable":true,"href":"https:\/\/www.trustedtranslations.com\/es\/wp-json\/wp\/v2\/media\/238012"}],"wp:attachment":[{"href":"https:\/\/www.trustedtranslations.com\/es\/wp-json\/wp\/v2\/media?parent=127690"}],"curies":[{"name":"wp","href":"https:\/\/api.w.org\/{rel}","templated":true}]}}