{"id":127693,"date":"2019-03-29T12:34:03","date_gmt":"2019-03-29T12:34:03","guid":{"rendered":"https:\/\/www.trustedtranslations.com\/?page_id=127693"},"modified":"2024-09-03T11:30:36","modified_gmt":"2024-09-03T14:30:36","slug":"pages-for-mac","status":"publish","type":"page","link":"https:\/\/www.trustedtranslations.com\/es\/servicios\/formatos-de-archivos\/pages-for-mac","title":{"rendered":"Pages para Mac"},"content":{"rendered":"","protected":false},"excerpt":{"rendered":"","protected":false},"author":1,"featured_media":238216,"parent":127688,"menu_order":10,"comment_status":"closed","ping_status":"closed","template":"","meta":{"site-sidebar-layout":"default","site-content-layout":"default","ast-site-content-layout":"default","site-content-style":"default","site-sidebar-style":"default","ast-global-header-display":"","ast-banner-title-visibility":"","ast-main-header-display":"","ast-hfb-above-header-display":"","ast-hfb-below-header-display":"","ast-hfb-mobile-header-display":"","site-post-title":"disabled","ast-breadcrumbs-content":"","ast-featured-img":"","footer-sml-layout":"","ast-disable-related-posts":"","theme-transparent-header-meta":"default","adv-header-id-meta":"","stick-header-meta":"","header-above-stick-meta":"","header-main-stick-meta":"","header-below-stick-meta":"","astra-migrate-meta-layouts":"set","ast-page-background-enabled":"default","ast-page-background-meta":{"desktop":{"background-color":"var(--ast-global-color-4)","background-image":"","background-repeat":"repeat","background-position":"center center","background-size":"auto","background-attachment":"scroll","background-type":"","background-media":"","overlay-type":"","overlay-color":"","overlay-opacity":"","overlay-gradient":""},"tablet":{"background-color":"","background-image":"","background-repeat":"repeat","background-position":"center center","background-size":"auto","background-attachment":"scroll","background-type":"","background-media":"","overlay-type":"","overlay-color":"","overlay-opacity":"","overlay-gradient":""},"mobile":{"background-color":"","background-image":"","background-repeat":"repeat","background-position":"center center","background-size":"auto","background-attachment":"scroll","background-type":"","background-media":"","overlay-type":"","overlay-color":"","overlay-opacity":"","overlay-gradient":""}},"ast-content-background-meta":{"desktop":{"background-color":"var(--ast-global-color-5)","background-image":"","background-repeat":"repeat","background-position":"center center","background-size":"auto","background-attachment":"scroll","background-type":"","background-media":"","overlay-type":"","overlay-color":"","overlay-opacity":"","overlay-gradient":""},"tablet":{"background-color":"var(--ast-global-color-5)","background-image":"","background-repeat":"repeat","background-position":"center center","background-size":"auto","background-attachment":"scroll","background-type":"","background-media":"","overlay-type":"","overlay-color":"","overlay-opacity":"","overlay-gradient":""},"mobile":{"background-color":"var(--ast-global-color-5)","background-image":"","background-repeat":"repeat","background-position":"center center","background-size":"auto","background-attachment":"scroll","background-type":"","background-media":"","overlay-type":"","overlay-color":"","overlay-opacity":"","overlay-gradient":""}},"footnotes":""},"class_list":["post-127693","page","type-page","status-publish","has-post-thumbnail","hentry"],"yoast_head":"<!-- This site is optimized with the Yoast SEO plugin v27.3 - https:\/\/yoast.com\/product\/yoast-seo-wordpress\/ -->\n<title>Servicios de Traducci\u00f3n de Pages for Mac: Trusted Translations, Inc.<\/title>\n<meta name=\"description\" content=\"Tanto si utiliza Pages para el procesamiento de textos como para el dise\u00f1o de p\u00e1ginas, el equipo de expertos de Trusted Translations le entregar\u00e1 un producto h\u00e1bilmente traducido.\" \/>\n<meta name=\"robots\" content=\"index, follow, max-snippet:-1, max-image-preview:large, max-video-preview:-1\" \/>\n<link rel=\"canonical\" href=\"https:\/\/www.trustedtranslations.com\/es\/servicios\/formatos-de-archivos\/pages-for-mac\" \/>\n<meta property=\"og:locale\" content=\"es_ES\" \/>\n<meta property=\"og:type\" content=\"article\" \/>\n<meta property=\"og:title\" content=\"Servicios de Traducci\u00f3n de Pages for Mac: Trusted Translations, Inc.\" \/>\n<meta property=\"og:description\" content=\"Tanto si utiliza Pages para el procesamiento de textos como para el dise\u00f1o de p\u00e1ginas, el equipo de expertos de Trusted Translations le entregar\u00e1 un producto h\u00e1bilmente traducido.\" \/>\n<meta property=\"og:url\" content=\"https:\/\/www.trustedtranslations.com\/es\/servicios\/formatos-de-archivos\/pages-for-mac\" \/>\n<meta property=\"og:site_name\" content=\"Trusted Translations\" \/>\n<meta property=\"article:publisher\" content=\"https:\/\/www.facebook.com\/Trusted.Translations\" \/>\n<meta property=\"article:modified_time\" content=\"2024-09-03T14:30:36+00:00\" \/>\n<meta property=\"og:image\" content=\"https:\/\/static.trustedtranslations.com\/wp-content\/uploads\/2024\/02\/tt-icon_Pages-Translation-Servic.webp\" \/>\n\t<meta property=\"og:image:width\" content=\"151\" \/>\n\t<meta property=\"og:image:height\" content=\"151\" \/>\n\t<meta property=\"og:image:type\" content=\"image\/webp\" \/>\n<meta name=\"twitter:card\" content=\"summary_large_image\" \/>\n<meta name=\"twitter:site\" content=\"@TrustedT9ns\" \/>\n<script type=\"application\/ld+json\" class=\"yoast-schema-graph\">{\"@context\":\"https:\\\/\\\/schema.org\",\"@graph\":[{\"@type\":\"WebPage\",\"@id\":\"https:\\\/\\\/www.trustedtranslations.com\\\/es\\\/servicios\\\/formatos-de-archivos\\\/pages-for-mac\",\"url\":\"https:\\\/\\\/www.trustedtranslations.com\\\/es\\\/servicios\\\/formatos-de-archivos\\\/pages-for-mac\",\"name\":\"Servicios de Traducci\u00f3n de Pages for Mac: Trusted Translations, Inc.\",\"isPartOf\":{\"@id\":\"https:\\\/\\\/www.trustedtranslations.com\\\/es\\\/#website\"},\"primaryImageOfPage\":{\"@id\":\"https:\\\/\\\/www.trustedtranslations.com\\\/es\\\/servicios\\\/formatos-de-archivos\\\/pages-for-mac#primaryimage\"},\"image\":{\"@id\":\"https:\\\/\\\/www.trustedtranslations.com\\\/es\\\/servicios\\\/formatos-de-archivos\\\/pages-for-mac#primaryimage\"},\"thumbnailUrl\":\"https:\\\/\\\/www.trustedtranslations.com\\\/wp-content\\\/uploads\\\/2024\\\/02\\\/tt-icon_Pages-Translation-Servic.webp\",\"description\":\"Tanto si utiliza Pages para el procesamiento de textos como para el dise\u00f1o de p\u00e1ginas, el equipo de expertos de Trusted Translations le entregar\u00e1 un producto h\u00e1bilmente traducido.\",\"breadcrumb\":{\"@id\":\"https:\\\/\\\/www.trustedtranslations.com\\\/es\\\/servicios\\\/formatos-de-archivos\\\/pages-for-mac#breadcrumb\"},\"inLanguage\":\"es\",\"potentialAction\":[{\"@type\":\"ReadAction\",\"target\":[\"https:\\\/\\\/www.trustedtranslations.com\\\/es\\\/servicios\\\/formatos-de-archivos\\\/pages-for-mac\"]}]},{\"@type\":\"ImageObject\",\"inLanguage\":\"es\",\"@id\":\"https:\\\/\\\/www.trustedtranslations.com\\\/es\\\/servicios\\\/formatos-de-archivos\\\/pages-for-mac#primaryimage\",\"url\":\"https:\\\/\\\/www.trustedtranslations.com\\\/wp-content\\\/uploads\\\/2024\\\/02\\\/tt-icon_Pages-Translation-Servic.webp\",\"contentUrl\":\"https:\\\/\\\/www.trustedtranslations.com\\\/wp-content\\\/uploads\\\/2024\\\/02\\\/tt-icon_Pages-Translation-Servic.webp\",\"width\":151,\"height\":151,\"caption\":\"tt icon Pages Translation Servic\"},{\"@type\":\"BreadcrumbList\",\"@id\":\"https:\\\/\\\/www.trustedtranslations.com\\\/es\\\/servicios\\\/formatos-de-archivos\\\/pages-for-mac#breadcrumb\",\"itemListElement\":[{\"@type\":\"ListItem\",\"position\":1,\"name\":\"Home\",\"item\":\"https:\\\/\\\/www.trustedtranslations.com\\\/es\"},{\"@type\":\"ListItem\",\"position\":2,\"name\":\"Servicios\",\"item\":\"https:\\\/\\\/www.trustedtranslations.com\\\/es\\\/servicios\"},{\"@type\":\"ListItem\",\"position\":3,\"name\":\"Formatos de Archivo\",\"item\":\"https:\\\/\\\/www.trustedtranslations.com\\\/es\\\/servicios\\\/formatos-de-archivos\"},{\"@type\":\"ListItem\",\"position\":4,\"name\":\"Pages para Mac\"}]},{\"@type\":\"WebSite\",\"@id\":\"https:\\\/\\\/www.trustedtranslations.com\\\/es\\\/#website\",\"url\":\"https:\\\/\\\/www.trustedtranslations.com\\\/es\\\/\",\"name\":\"Trusted Translations, Inc.\",\"description\":\"Leader in translation and interpretation services.\",\"publisher\":{\"@id\":\"https:\\\/\\\/www.trustedtranslations.com\\\/es\\\/#organization\"},\"alternateName\":\"Trusted Translations\",\"potentialAction\":[{\"@type\":\"SearchAction\",\"target\":{\"@type\":\"EntryPoint\",\"urlTemplate\":\"https:\\\/\\\/www.trustedtranslations.com\\\/es\\\/?s={search_term_string}\"},\"query-input\":{\"@type\":\"PropertyValueSpecification\",\"valueRequired\":true,\"valueName\":\"search_term_string\"}}],\"inLanguage\":\"es\"},{\"@type\":\"Organization\",\"@id\":\"https:\\\/\\\/www.trustedtranslations.com\\\/es\\\/#organization\",\"name\":\"Trusted Translations\",\"alternateName\":\"Trusted Translations, Inc.\",\"url\":\"https:\\\/\\\/www.trustedtranslations.com\\\/es\\\/\",\"logo\":{\"@type\":\"ImageObject\",\"inLanguage\":\"es\",\"@id\":\"https:\\\/\\\/www.trustedtranslations.com\\\/es\\\/#\\\/schema\\\/logo\\\/image\\\/\",\"url\":\"https:\\\/\\\/static.trustedtranslations.com\\\/wp-content\\\/uploads\\\/2022\\\/01\\\/TT_logo_WSIColors-2.png\",\"contentUrl\":\"https:\\\/\\\/static.trustedtranslations.com\\\/wp-content\\\/uploads\\\/2022\\\/01\\\/TT_logo_WSIColors-2.png\",\"width\":500,\"height\":196,\"caption\":\"Trusted Translations\"},\"image\":{\"@id\":\"https:\\\/\\\/www.trustedtranslations.com\\\/es\\\/#\\\/schema\\\/logo\\\/image\\\/\"},\"sameAs\":[\"https:\\\/\\\/www.facebook.com\\\/Trusted.Translations\",\"https:\\\/\\\/x.com\\\/TrustedT9ns\",\"https:\\\/\\\/www.linkedin.com\\\/company\\\/trusted-translations\"]}]}<\/script>\n<!-- \/ Yoast SEO plugin. -->","yoast_head_json":{"title":"Servicios de Traducci\u00f3n de Pages for Mac: Trusted Translations, Inc.","description":"Tanto si utiliza Pages para el procesamiento de textos como para el dise\u00f1o de p\u00e1ginas, el equipo de expertos de Trusted Translations le entregar\u00e1 un producto h\u00e1bilmente traducido.","robots":{"index":"index","follow":"follow","max-snippet":"max-snippet:-1","max-image-preview":"max-image-preview:large","max-video-preview":"max-video-preview:-1"},"canonical":"https:\/\/www.trustedtranslations.com\/es\/servicios\/formatos-de-archivos\/pages-for-mac","og_locale":"es_ES","og_type":"article","og_title":"Servicios de Traducci\u00f3n de Pages for Mac: Trusted Translations, Inc.","og_description":"Tanto si utiliza Pages para el procesamiento de textos como para el dise\u00f1o de p\u00e1ginas, el equipo de expertos de Trusted Translations le entregar\u00e1 un producto h\u00e1bilmente traducido.","og_url":"https:\/\/www.trustedtranslations.com\/es\/servicios\/formatos-de-archivos\/pages-for-mac","og_site_name":"Trusted Translations","article_publisher":"https:\/\/www.facebook.com\/Trusted.Translations","article_modified_time":"2024-09-03T14:30:36+00:00","og_image":[{"width":151,"height":151,"url":"https:\/\/static.trustedtranslations.com\/wp-content\/uploads\/2024\/02\/tt-icon_Pages-Translation-Servic.webp","type":"image\/webp"}],"twitter_card":"summary_large_image","twitter_site":"@TrustedT9ns","schema":{"@context":"https:\/\/schema.org","@graph":[{"@type":"WebPage","@id":"https:\/\/www.trustedtranslations.com\/es\/servicios\/formatos-de-archivos\/pages-for-mac","url":"https:\/\/www.trustedtranslations.com\/es\/servicios\/formatos-de-archivos\/pages-for-mac","name":"Servicios de Traducci\u00f3n de Pages for Mac: Trusted Translations, Inc.","isPartOf":{"@id":"https:\/\/www.trustedtranslations.com\/es\/#website"},"primaryImageOfPage":{"@id":"https:\/\/www.trustedtranslations.com\/es\/servicios\/formatos-de-archivos\/pages-for-mac#primaryimage"},"image":{"@id":"https:\/\/www.trustedtranslations.com\/es\/servicios\/formatos-de-archivos\/pages-for-mac#primaryimage"},"thumbnailUrl":"https:\/\/www.trustedtranslations.com\/wp-content\/uploads\/2024\/02\/tt-icon_Pages-Translation-Servic.webp","description":"Tanto si utiliza Pages para el procesamiento de textos como para el dise\u00f1o de p\u00e1ginas, el equipo de expertos de Trusted Translations le entregar\u00e1 un producto h\u00e1bilmente traducido.","breadcrumb":{"@id":"https:\/\/www.trustedtranslations.com\/es\/servicios\/formatos-de-archivos\/pages-for-mac#breadcrumb"},"inLanguage":"es","potentialAction":[{"@type":"ReadAction","target":["https:\/\/www.trustedtranslations.com\/es\/servicios\/formatos-de-archivos\/pages-for-mac"]}]},{"@type":"ImageObject","inLanguage":"es","@id":"https:\/\/www.trustedtranslations.com\/es\/servicios\/formatos-de-archivos\/pages-for-mac#primaryimage","url":"https:\/\/www.trustedtranslations.com\/wp-content\/uploads\/2024\/02\/tt-icon_Pages-Translation-Servic.webp","contentUrl":"https:\/\/www.trustedtranslations.com\/wp-content\/uploads\/2024\/02\/tt-icon_Pages-Translation-Servic.webp","width":151,"height":151,"caption":"tt icon Pages Translation Servic"},{"@type":"BreadcrumbList","@id":"https:\/\/www.trustedtranslations.com\/es\/servicios\/formatos-de-archivos\/pages-for-mac#breadcrumb","itemListElement":[{"@type":"ListItem","position":1,"name":"Home","item":"https:\/\/www.trustedtranslations.com\/es"},{"@type":"ListItem","position":2,"name":"Servicios","item":"https:\/\/www.trustedtranslations.com\/es\/servicios"},{"@type":"ListItem","position":3,"name":"Formatos de Archivo","item":"https:\/\/www.trustedtranslations.com\/es\/servicios\/formatos-de-archivos"},{"@type":"ListItem","position":4,"name":"Pages para Mac"}]},{"@type":"WebSite","@id":"https:\/\/www.trustedtranslations.com\/es\/#website","url":"https:\/\/www.trustedtranslations.com\/es\/","name":"Trusted Translations, Inc.","description":"Leader in translation and interpretation services.","publisher":{"@id":"https:\/\/www.trustedtranslations.com\/es\/#organization"},"alternateName":"Trusted Translations","potentialAction":[{"@type":"SearchAction","target":{"@type":"EntryPoint","urlTemplate":"https:\/\/www.trustedtranslations.com\/es\/?s={search_term_string}"},"query-input":{"@type":"PropertyValueSpecification","valueRequired":true,"valueName":"search_term_string"}}],"inLanguage":"es"},{"@type":"Organization","@id":"https:\/\/www.trustedtranslations.com\/es\/#organization","name":"Trusted Translations","alternateName":"Trusted Translations, Inc.","url":"https:\/\/www.trustedtranslations.com\/es\/","logo":{"@type":"ImageObject","inLanguage":"es","@id":"https:\/\/www.trustedtranslations.com\/es\/#\/schema\/logo\/image\/","url":"https:\/\/static.trustedtranslations.com\/wp-content\/uploads\/2022\/01\/TT_logo_WSIColors-2.png","contentUrl":"https:\/\/static.trustedtranslations.com\/wp-content\/uploads\/2022\/01\/TT_logo_WSIColors-2.png","width":500,"height":196,"caption":"Trusted Translations"},"image":{"@id":"https:\/\/www.trustedtranslations.com\/es\/#\/schema\/logo\/image\/"},"sameAs":["https:\/\/www.facebook.com\/Trusted.Translations","https:\/\/x.com\/TrustedT9ns","https:\/\/www.linkedin.com\/company\/trusted-translations"]}]}},"toolset-meta":{"dyk":{"mensaje-1":{"type":"textfield","raw":"Proporcionamos traducciones de Pages que est\u00e1n listas para su uso inmediato en m\u00faltiples formatos de archivo."},"mensaje-2":{"type":"textfield","raw":"Ahorre tiempo confiando en nosotros para sus necesidades de traducci\u00f3n de idiomas y dise\u00f1o gr\u00e1fico."},"mensaje-3":{"type":"textfield","raw":"Nuestro equipo de DTP extraer\u00e1 documentos de MS Word en su Pages para una traducci\u00f3n individual."},"mensaje-4":{"type":"textfield","raw":"Nuestros especialistas conservar\u00e1n todos los elementos gr\u00e1ficos, de dise\u00f1o y multimedia de su Pages."},"mensaje-5":{"type":"textfield","raw":""},"mensaje-6":{"type":"textfield","raw":""}},"single-page-template-fields":{"imgs-temp":{"type":"image","raw":["https:\/\/static.trustedtranslations.com\/wp-content\/uploads\/2024\/06\/Group-74-2-1.webp"],"repeatable":[{"raw":"https:\/\/static.trustedtranslations.com\/wp-content\/uploads\/2024\/06\/Group-74-2-1.webp"}]},"imgs-temp-cel":{"type":"image","raw":[""],"repeatable":[{"raw":""}]},"img-temp-one-cel":{"type":"image","raw":"https:\/\/static.trustedtranslations.com\/wp-content\/uploads\/2024\/03\/AdobeStock_385542563-2-1.webp","attachment_id":null},"quotes":{"type":"textarea","raw":"<h1 style=\"margin-bottom: 12px;\">Servicios de Traducci\u00f3n de Pages de Mac<\/h1>\r\nEn <em>Trusted Translations<\/em> comprendemos la importancia de utilizar un procesador de texto y una aplicaci\u00f3n de dise\u00f1o de p\u00e1ginas eficaz y f\u00e1cil de usar, como Pages de Apple, con el fin de crear documentos profesionales y proyectos de dise\u00f1o. Para todas sus necesidades de traducci\u00f3n de Pages para Mac e iOS, nuestro equipo de expertos es su soluci\u00f3n integral para obtener un documento final traducido por profesionales y perfectamente formateado.\r\n<div style=\"margin-top: 2.5vw;\"><a class=\"tt-btn-main-cta\" href=\"\/es\/presupuesto-sin-cargo\">SOLICITE UN PRESUPUESTO SIN CARGO<\/a><\/div>"},"text-1":{"type":"textarea","raw":"<h2>Traducci\u00f3n de Alta Calidad y Dise\u00f1o Gr\u00e1fico para sus P\u00e1ginas<\/h2>\r\nGarantizamos traducciones de la m\u00e1s alta calidad en la industria para todos sus carteles, boletines, folletos, certificados, informes, cartas formales y m\u00e1s. Tanto si utiliza Pages para el procesamiento de textos como para el dise\u00f1o de p\u00e1ginas, nuestros traductores especializados en la industria le entregar\u00e1n un producto h\u00e1bilmente traducido y localizado para que usted pueda difundirlo a un p\u00fablico amplio. A la vez, nuestro equipo de dise\u00f1o gr\u00e1fico se asegurar\u00e1 de que est\u00e9 perfectamente formateado para su uso inmediato.\r\n<h2>Pages para dise\u00f1o gr\u00e1fico en Mac e iOS<\/h2>\r\nEn <em><em>Trusted Translations<\/em><\/em> entendemos que un documento de Pages para Mac e iOS puede contener muchos elementos que deben tenerse en cuenta durante el proceso de traducci\u00f3n. Creemos que todos los elementos de un proyecto de traducci\u00f3n deben respetarse, gestionarse y completarse con \u00e9xito: encabezados, pies de p\u00e1gina, fotos, gr\u00e1ficos interactivos, im\u00e1genes, celdas, tablas, gr\u00e1ficos y ecuaciones, y medios tales como videos, sonidos y diagramas, solo por nombrar algunos. Del mismo modo, si su documento de Pages tiene documentos de Microsoft Word incrustados, nuestro equipo de dise\u00f1o gr\u00e1fico extraer\u00e1 esos documentos incrustados para que puedan someterse a un proceso de traducci\u00f3n individual. Lea m\u00e1s acerca de nuestros servicios de traducci\u00f3n de Microsoft Word <a href=\"\/?page_id=251\">aqu\u00ed<\/a>. Nuestro equipo de traductores y dise\u00f1adores gr\u00e1ficos garantiza que el producto final se traducir\u00e1 profesionalmente y que todos los componentes de su documento de Pages se reincorporar\u00e1n a la perfecci\u00f3n, listos para su uso inmediato. Adem\u00e1s, trabajaremos con el equipo de dise\u00f1o de su empresa, si usted lo solicita. Aceptaremos un proyecto de traducci\u00f3n de Pages de cualquier tama\u00f1o, sin importar lo complejo que sea, y le devolveremos un documento de Pages traducido profesionalmente y dise\u00f1ado con habilidad."},"shortcode-map":{"type":"textfield","raw":""},"dyk-shortcode":{"type":"textfield","raw":"[elementor-template id=\"139368\"]"},"text-2":{"type":"textarea","raw":"<h2>Conversi\u00f3n de Apple Pages a Microsoft Word<\/h2>\r\nCuando trabaje en un proyecto de traducci\u00f3n de Apple Pages con <em><em>Trusted Translations<\/em><\/em>, no tendr\u00e1 que realizar ning\u00fan paso adicional antes o despu\u00e9s de la traducci\u00f3n; somos su soluci\u00f3n integral. Si lo solicita, podemos convertir su documento de Pages para Mac en un documento de Microsoft Word en caso de que su destinatario no tenga la capacidad de abrir un documento de Pages en su dispositivo. Esto no solo le ahorrar\u00e1 tiempo y la molestia de convertir el documento usted mismo, sino que har\u00e1 que sus creaciones de Pages est\u00e9n disponibles para un p\u00fablico m\u00e1s amplio. <em><em>Trusted Translations<\/em><\/em> es su proveedor integral para todas sus necesidades de traducci\u00f3n de Pages. Le garantizamos que cada elemento del documento ser\u00e1 de la m\u00e1s alta calidad y estar\u00e1 listo para su uso inmediato."},"state":{"type":"textfield","raw":""},"city":{"type":"textarea","raw":[]}}},"_links":{"self":[{"href":"https:\/\/www.trustedtranslations.com\/es\/wp-json\/wp\/v2\/pages\/127693","targetHints":{"allow":["GET"]}}],"collection":[{"href":"https:\/\/www.trustedtranslations.com\/es\/wp-json\/wp\/v2\/pages"}],"about":[{"href":"https:\/\/www.trustedtranslations.com\/es\/wp-json\/wp\/v2\/types\/page"}],"author":[{"embeddable":true,"href":"https:\/\/www.trustedtranslations.com\/es\/wp-json\/wp\/v2\/users\/1"}],"replies":[{"embeddable":true,"href":"https:\/\/www.trustedtranslations.com\/es\/wp-json\/wp\/v2\/comments?post=127693"}],"version-history":[{"count":0,"href":"https:\/\/www.trustedtranslations.com\/es\/wp-json\/wp\/v2\/pages\/127693\/revisions"}],"up":[{"embeddable":true,"href":"https:\/\/www.trustedtranslations.com\/es\/wp-json\/wp\/v2\/pages\/127688"}],"wp:featuredmedia":[{"embeddable":true,"href":"https:\/\/www.trustedtranslations.com\/es\/wp-json\/wp\/v2\/media\/238216"}],"wp:attachment":[{"href":"https:\/\/www.trustedtranslations.com\/es\/wp-json\/wp\/v2\/media?parent=127693"}],"curies":[{"name":"wp","href":"https:\/\/api.w.org\/{rel}","templated":true}]}}