{"id":128009,"date":"2021-01-25T19:04:49","date_gmt":"2021-01-25T19:04:49","guid":{"rendered":"https:\/\/www.trustedtranslations.com\/?page_id=128009"},"modified":"2024-10-30T15:35:05","modified_gmt":"2024-10-30T18:35:05","slug":"zoom","status":"publish","type":"page","link":"https:\/\/www.trustedtranslations.com\/es\/servicios\/vri\/zoom","title":{"rendered":"Zoom"},"content":{"rendered":"","protected":false},"excerpt":{"rendered":"","protected":false},"author":1,"featured_media":244647,"parent":160044,"menu_order":0,"comment_status":"closed","ping_status":"closed","template":"","meta":{"site-sidebar-layout":"default","site-content-layout":"default","ast-site-content-layout":"default","site-content-style":"default","site-sidebar-style":"default","ast-global-header-display":"","ast-banner-title-visibility":"","ast-main-header-display":"","ast-hfb-above-header-display":"","ast-hfb-below-header-display":"","ast-hfb-mobile-header-display":"","site-post-title":"disabled","ast-breadcrumbs-content":"","ast-featured-img":"","footer-sml-layout":"","ast-disable-related-posts":"","theme-transparent-header-meta":"default","adv-header-id-meta":"","stick-header-meta":"","header-above-stick-meta":"","header-main-stick-meta":"","header-below-stick-meta":"","astra-migrate-meta-layouts":"set","ast-page-background-enabled":"default","ast-page-background-meta":{"desktop":{"background-color":"var(--ast-global-color-4)","background-image":"","background-repeat":"repeat","background-position":"center center","background-size":"auto","background-attachment":"scroll","background-type":"","background-media":"","overlay-type":"","overlay-color":"","overlay-opacity":"","overlay-gradient":""},"tablet":{"background-color":"","background-image":"","background-repeat":"repeat","background-position":"center center","background-size":"auto","background-attachment":"scroll","background-type":"","background-media":"","overlay-type":"","overlay-color":"","overlay-opacity":"","overlay-gradient":""},"mobile":{"background-color":"","background-image":"","background-repeat":"repeat","background-position":"center center","background-size":"auto","background-attachment":"scroll","background-type":"","background-media":"","overlay-type":"","overlay-color":"","overlay-opacity":"","overlay-gradient":""}},"ast-content-background-meta":{"desktop":{"background-color":"var(--ast-global-color-5)","background-image":"","background-repeat":"repeat","background-position":"center center","background-size":"auto","background-attachment":"scroll","background-type":"","background-media":"","overlay-type":"","overlay-color":"","overlay-opacity":"","overlay-gradient":""},"tablet":{"background-color":"var(--ast-global-color-5)","background-image":"","background-repeat":"repeat","background-position":"center center","background-size":"auto","background-attachment":"scroll","background-type":"","background-media":"","overlay-type":"","overlay-color":"","overlay-opacity":"","overlay-gradient":""},"mobile":{"background-color":"var(--ast-global-color-5)","background-image":"","background-repeat":"repeat","background-position":"center center","background-size":"auto","background-attachment":"scroll","background-type":"","background-media":"","overlay-type":"","overlay-color":"","overlay-opacity":"","overlay-gradient":""}},"footnotes":""},"class_list":["post-128009","page","type-page","status-publish","has-post-thumbnail","hentry"],"yoast_head":"<!-- This site is optimized with the Yoast SEO plugin v27.6 - https:\/\/yoast.com\/product\/yoast-seo-wordpress\/ -->\n<title>Interpretaci\u00f3n de Idiomas por Zoom en Trusted Translations<\/title>\n<meta name=\"description\" content=\"Trusted Translations es l\u00edder en servicios de interpretaci\u00f3n de idiomas en llamadas, reuniones y seminarios web mediante Zoom. Ll\u00e1menos para solicitar un presupuesto sin cargo o hacer una consulta.\" \/>\n<meta name=\"robots\" content=\"index, follow, max-snippet:-1, max-image-preview:large, max-video-preview:-1\" \/>\n<link rel=\"canonical\" href=\"https:\/\/www.trustedtranslations.com\/es\/servicios\/vri\/zoom\" \/>\n<meta property=\"og:locale\" content=\"es_ES\" \/>\n<meta property=\"og:type\" content=\"article\" \/>\n<meta property=\"og:title\" content=\"Interpretaci\u00f3n de Idiomas por Zoom en Trusted Translations\" \/>\n<meta property=\"og:description\" content=\"Trusted Translations es l\u00edder en servicios de interpretaci\u00f3n de idiomas en llamadas, reuniones y seminarios web mediante Zoom. Ll\u00e1menos para solicitar un presupuesto sin cargo o hacer una consulta.\" \/>\n<meta property=\"og:url\" content=\"https:\/\/www.trustedtranslations.com\/es\/servicios\/vri\/zoom\" \/>\n<meta property=\"og:site_name\" content=\"Trusted Translations\" \/>\n<meta property=\"article:publisher\" content=\"https:\/\/www.facebook.com\/Trusted.Translations\" \/>\n<meta property=\"article:modified_time\" content=\"2024-10-30T18:35:05+00:00\" \/>\n<meta property=\"og:image\" content=\"https:\/\/static.trustedtranslations.com\/wp-content\/uploads\/2024\/02\/TT-ICON_Remote-Multilingual-Inte-8.webp\" \/>\n\t<meta property=\"og:image:width\" content=\"151\" \/>\n\t<meta property=\"og:image:height\" content=\"151\" \/>\n\t<meta property=\"og:image:type\" content=\"image\/webp\" \/>\n<meta name=\"twitter:card\" content=\"summary_large_image\" \/>\n<meta name=\"twitter:site\" content=\"@TrustedT9ns\" \/>\n<script type=\"application\/ld+json\" class=\"yoast-schema-graph\">{\"@context\":\"https:\\\/\\\/schema.org\",\"@graph\":[{\"@type\":\"WebPage\",\"@id\":\"https:\\\/\\\/www.trustedtranslations.com\\\/es\\\/servicios\\\/vri\\\/zoom\",\"url\":\"https:\\\/\\\/www.trustedtranslations.com\\\/es\\\/servicios\\\/vri\\\/zoom\",\"name\":\"Interpretaci\u00f3n de Idiomas por Zoom en Trusted Translations\",\"isPartOf\":{\"@id\":\"https:\\\/\\\/www.trustedtranslations.com\\\/es\\\/#website\"},\"primaryImageOfPage\":{\"@id\":\"https:\\\/\\\/www.trustedtranslations.com\\\/es\\\/servicios\\\/vri\\\/zoom#primaryimage\"},\"image\":{\"@id\":\"https:\\\/\\\/www.trustedtranslations.com\\\/es\\\/servicios\\\/vri\\\/zoom#primaryimage\"},\"thumbnailUrl\":\"https:\\\/\\\/www.trustedtranslations.com\\\/wp-content\\\/uploads\\\/2024\\\/02\\\/TT-ICON_Remote-Multilingual-Inte-8.webp\",\"description\":\"Trusted Translations es l\u00edder en servicios de interpretaci\u00f3n de idiomas en llamadas, reuniones y seminarios web mediante Zoom. Ll\u00e1menos para solicitar un presupuesto sin cargo o hacer una consulta.\",\"breadcrumb\":{\"@id\":\"https:\\\/\\\/www.trustedtranslations.com\\\/es\\\/servicios\\\/vri\\\/zoom#breadcrumb\"},\"inLanguage\":\"es\",\"potentialAction\":[{\"@type\":\"ReadAction\",\"target\":[\"https:\\\/\\\/www.trustedtranslations.com\\\/es\\\/servicios\\\/vri\\\/zoom\"]}]},{\"@type\":\"ImageObject\",\"inLanguage\":\"es\",\"@id\":\"https:\\\/\\\/www.trustedtranslations.com\\\/es\\\/servicios\\\/vri\\\/zoom#primaryimage\",\"url\":\"https:\\\/\\\/www.trustedtranslations.com\\\/wp-content\\\/uploads\\\/2024\\\/02\\\/TT-ICON_Remote-Multilingual-Inte-8.webp\",\"contentUrl\":\"https:\\\/\\\/www.trustedtranslations.com\\\/wp-content\\\/uploads\\\/2024\\\/02\\\/TT-ICON_Remote-Multilingual-Inte-8.webp\",\"width\":151,\"height\":151,\"caption\":\"TT ICON Remote Multilingual Inte 8\"},{\"@type\":\"BreadcrumbList\",\"@id\":\"https:\\\/\\\/www.trustedtranslations.com\\\/es\\\/servicios\\\/vri\\\/zoom#breadcrumb\",\"itemListElement\":[{\"@type\":\"ListItem\",\"position\":1,\"name\":\"Home\",\"item\":\"https:\\\/\\\/www.trustedtranslations.com\\\/es\"},{\"@type\":\"ListItem\",\"position\":2,\"name\":\"Servicios\",\"item\":\"https:\\\/\\\/www.trustedtranslations.com\\\/es\\\/servicios\"},{\"@type\":\"ListItem\",\"position\":3,\"name\":\"Interpretaci\u00f3n Remota por Video (VRI)\",\"item\":\"https:\\\/\\\/www.trustedtranslations.com\\\/es\\\/servicios\\\/vri\"},{\"@type\":\"ListItem\",\"position\":4,\"name\":\"Zoom\"}]},{\"@type\":\"WebSite\",\"@id\":\"https:\\\/\\\/www.trustedtranslations.com\\\/es\\\/#website\",\"url\":\"https:\\\/\\\/www.trustedtranslations.com\\\/es\\\/\",\"name\":\"Trusted Translations, Inc.\",\"description\":\"Leader in translation and interpretation services.\",\"publisher\":{\"@id\":\"https:\\\/\\\/www.trustedtranslations.com\\\/es\\\/#organization\"},\"alternateName\":\"Trusted Translations\",\"potentialAction\":[{\"@type\":\"SearchAction\",\"target\":{\"@type\":\"EntryPoint\",\"urlTemplate\":\"https:\\\/\\\/www.trustedtranslations.com\\\/es\\\/?s={search_term_string}\"},\"query-input\":{\"@type\":\"PropertyValueSpecification\",\"valueRequired\":true,\"valueName\":\"search_term_string\"}}],\"inLanguage\":\"es\"},{\"@type\":\"Organization\",\"@id\":\"https:\\\/\\\/www.trustedtranslations.com\\\/es\\\/#organization\",\"name\":\"Trusted Translations\",\"alternateName\":\"Trusted Translations, Inc.\",\"url\":\"https:\\\/\\\/www.trustedtranslations.com\\\/es\\\/\",\"logo\":{\"@type\":\"ImageObject\",\"inLanguage\":\"es\",\"@id\":\"https:\\\/\\\/www.trustedtranslations.com\\\/es\\\/#\\\/schema\\\/logo\\\/image\\\/\",\"url\":\"https:\\\/\\\/static.trustedtranslations.com\\\/wp-content\\\/uploads\\\/2022\\\/01\\\/TT_logo_WSIColors-2.png\",\"contentUrl\":\"https:\\\/\\\/static.trustedtranslations.com\\\/wp-content\\\/uploads\\\/2022\\\/01\\\/TT_logo_WSIColors-2.png\",\"width\":500,\"height\":196,\"caption\":\"Trusted Translations\"},\"image\":{\"@id\":\"https:\\\/\\\/www.trustedtranslations.com\\\/es\\\/#\\\/schema\\\/logo\\\/image\\\/\"},\"sameAs\":[\"https:\\\/\\\/www.facebook.com\\\/Trusted.Translations\",\"https:\\\/\\\/x.com\\\/TrustedT9ns\",\"https:\\\/\\\/www.linkedin.com\\\/company\\\/trusted-translations\"]}]}<\/script>\n<!-- \/ Yoast SEO plugin. -->","yoast_head_json":{"title":"Interpretaci\u00f3n de Idiomas por Zoom en Trusted Translations","description":"Trusted Translations es l\u00edder en servicios de interpretaci\u00f3n de idiomas en llamadas, reuniones y seminarios web mediante Zoom. Ll\u00e1menos para solicitar un presupuesto sin cargo o hacer una consulta.","robots":{"index":"index","follow":"follow","max-snippet":"max-snippet:-1","max-image-preview":"max-image-preview:large","max-video-preview":"max-video-preview:-1"},"canonical":"https:\/\/www.trustedtranslations.com\/es\/servicios\/vri\/zoom","og_locale":"es_ES","og_type":"article","og_title":"Interpretaci\u00f3n de Idiomas por Zoom en Trusted Translations","og_description":"Trusted Translations es l\u00edder en servicios de interpretaci\u00f3n de idiomas en llamadas, reuniones y seminarios web mediante Zoom. Ll\u00e1menos para solicitar un presupuesto sin cargo o hacer una consulta.","og_url":"https:\/\/www.trustedtranslations.com\/es\/servicios\/vri\/zoom","og_site_name":"Trusted Translations","article_publisher":"https:\/\/www.facebook.com\/Trusted.Translations","article_modified_time":"2024-10-30T18:35:05+00:00","og_image":[{"width":151,"height":151,"url":"https:\/\/static.trustedtranslations.com\/wp-content\/uploads\/2024\/02\/TT-ICON_Remote-Multilingual-Inte-8.webp","type":"image\/webp"}],"twitter_card":"summary_large_image","twitter_site":"@TrustedT9ns","schema":{"@context":"https:\/\/schema.org","@graph":[{"@type":"WebPage","@id":"https:\/\/www.trustedtranslations.com\/es\/servicios\/vri\/zoom","url":"https:\/\/www.trustedtranslations.com\/es\/servicios\/vri\/zoom","name":"Interpretaci\u00f3n de Idiomas por Zoom en Trusted Translations","isPartOf":{"@id":"https:\/\/www.trustedtranslations.com\/es\/#website"},"primaryImageOfPage":{"@id":"https:\/\/www.trustedtranslations.com\/es\/servicios\/vri\/zoom#primaryimage"},"image":{"@id":"https:\/\/www.trustedtranslations.com\/es\/servicios\/vri\/zoom#primaryimage"},"thumbnailUrl":"https:\/\/www.trustedtranslations.com\/wp-content\/uploads\/2024\/02\/TT-ICON_Remote-Multilingual-Inte-8.webp","description":"Trusted Translations es l\u00edder en servicios de interpretaci\u00f3n de idiomas en llamadas, reuniones y seminarios web mediante Zoom. Ll\u00e1menos para solicitar un presupuesto sin cargo o hacer una consulta.","breadcrumb":{"@id":"https:\/\/www.trustedtranslations.com\/es\/servicios\/vri\/zoom#breadcrumb"},"inLanguage":"es","potentialAction":[{"@type":"ReadAction","target":["https:\/\/www.trustedtranslations.com\/es\/servicios\/vri\/zoom"]}]},{"@type":"ImageObject","inLanguage":"es","@id":"https:\/\/www.trustedtranslations.com\/es\/servicios\/vri\/zoom#primaryimage","url":"https:\/\/www.trustedtranslations.com\/wp-content\/uploads\/2024\/02\/TT-ICON_Remote-Multilingual-Inte-8.webp","contentUrl":"https:\/\/www.trustedtranslations.com\/wp-content\/uploads\/2024\/02\/TT-ICON_Remote-Multilingual-Inte-8.webp","width":151,"height":151,"caption":"TT ICON Remote Multilingual Inte 8"},{"@type":"BreadcrumbList","@id":"https:\/\/www.trustedtranslations.com\/es\/servicios\/vri\/zoom#breadcrumb","itemListElement":[{"@type":"ListItem","position":1,"name":"Home","item":"https:\/\/www.trustedtranslations.com\/es"},{"@type":"ListItem","position":2,"name":"Servicios","item":"https:\/\/www.trustedtranslations.com\/es\/servicios"},{"@type":"ListItem","position":3,"name":"Interpretaci\u00f3n Remota por Video (VRI)","item":"https:\/\/www.trustedtranslations.com\/es\/servicios\/vri"},{"@type":"ListItem","position":4,"name":"Zoom"}]},{"@type":"WebSite","@id":"https:\/\/www.trustedtranslations.com\/es\/#website","url":"https:\/\/www.trustedtranslations.com\/es\/","name":"Trusted Translations, Inc.","description":"Leader in translation and interpretation services.","publisher":{"@id":"https:\/\/www.trustedtranslations.com\/es\/#organization"},"alternateName":"Trusted Translations","potentialAction":[{"@type":"SearchAction","target":{"@type":"EntryPoint","urlTemplate":"https:\/\/www.trustedtranslations.com\/es\/?s={search_term_string}"},"query-input":{"@type":"PropertyValueSpecification","valueRequired":true,"valueName":"search_term_string"}}],"inLanguage":"es"},{"@type":"Organization","@id":"https:\/\/www.trustedtranslations.com\/es\/#organization","name":"Trusted Translations","alternateName":"Trusted Translations, Inc.","url":"https:\/\/www.trustedtranslations.com\/es\/","logo":{"@type":"ImageObject","inLanguage":"es","@id":"https:\/\/www.trustedtranslations.com\/es\/#\/schema\/logo\/image\/","url":"https:\/\/static.trustedtranslations.com\/wp-content\/uploads\/2022\/01\/TT_logo_WSIColors-2.png","contentUrl":"https:\/\/static.trustedtranslations.com\/wp-content\/uploads\/2022\/01\/TT_logo_WSIColors-2.png","width":500,"height":196,"caption":"Trusted Translations"},"image":{"@id":"https:\/\/www.trustedtranslations.com\/es\/#\/schema\/logo\/image\/"},"sameAs":["https:\/\/www.facebook.com\/Trusted.Translations","https:\/\/x.com\/TrustedT9ns","https:\/\/www.linkedin.com\/company\/trusted-translations"]}]}},"toolset-meta":{"dyk":{"mensaje-1":{"type":"textfield","raw":"En Zoom hay un promedio de m\u00e1s de 350 millones de participantes en reuniones diarias."},"mensaje-2":{"type":"textfield","raw":"Zoom es la plataforma preferida de casi el 75 % de los int\u00e9rpretes remotos."},"mensaje-3":{"type":"textfield","raw":"El 86 % de los tribunales de Estados Unidos planean tener algunos procedimientos virtuales en el futuro."},"mensaje-4":{"type":"textfield","raw":"El 34 % de los organizadores de eventos esperan invertir m\u00e1s en eventos h\u00edbridos."},"mensaje-5":{"type":"textfield","raw":""},"mensaje-6":{"type":"textfield","raw":""}},"single-page-template-fields":{"imgs-temp":{"type":"image","raw":["https:\/\/static.trustedtranslations.com\/wp-content\/uploads\/2024\/07\/zoom-final-1.webp","https:\/\/static.trustedtranslations.com\/wp-content\/uploads\/2024\/07\/zoom-final-2-1.webp"],"repeatable":[{"raw":"https:\/\/static.trustedtranslations.com\/wp-content\/uploads\/2024\/07\/zoom-final-1.webp"},{"raw":"https:\/\/static.trustedtranslations.com\/wp-content\/uploads\/2024\/07\/zoom-final-2-1.webp"}]},"imgs-temp-cel":{"type":"image","raw":[""],"repeatable":[{"raw":""}]},"img-temp-one-cel":{"type":"image","raw":"https:\/\/static.trustedtranslations.com\/wp-content\/uploads\/2024\/07\/businessman-speak-talk-video-cal.webp","attachment_id":null},"quotes":{"type":"textarea","raw":"<h1 style=\"margin-bottom: 12px;\">Servicios de Interpretaci\u00f3n Remota Multiling\u00fce por Zoom\r\n<\/h1>\r\nEl trabajo remoto se ha convertido en una realidad diaria para muchas organizaciones y Zoom sigue siendo una de las plataformas m\u00e1s preferidas en todo el mundo. En Trusted Translations, nuestros ling\u00fcistas expertos se especializan en brindar <strong>interpretaci\u00f3n profesional y fluida mediante Zoom<\/strong> para reuniones, seminarios web y conferencias. Ya sea que necesite <strong>servicios de interpretaci\u00f3n comercial por Zoom<\/strong> o <strong>servicios de interpretaci\u00f3n profesional por Zoom<\/strong>, somos su socio ideal para todas sus necesidades de interpretaci\u00f3n remota.\r\n<div style=\"margin-top: 2.5vw;\"><a class=\"tt-btn-main-cta\" href=\"\/quote\">Solicite un presupuesto sin cargo<\/a><\/div>"},"text-1":{"type":"textarea","raw":"<h2>Variaciones en los Servicios de Interpretaci\u00f3n Remota<\/h2>\r\nLa interpretaci\u00f3n remota de idiomas puede realizarse de forma simult\u00e1nea o consecutiva. La interpretaci\u00f3n simult\u00e1nea (RSI) se utiliza por lo general en grandes auditorios, en entornos como conferencias y presentaciones. Por el contrario, en la interpretaci\u00f3n consecutiva el int\u00e9rprete escucha a la persona que habla y el orador hace una pausa para permitir que el int\u00e9rprete transmita el mensaje en el idioma de destino.\r\n\r\nLa interpretaci\u00f3n consecutiva es adecuada para grupos peque\u00f1os; sin embargo, las pausas necesarias para la interpretaci\u00f3n pueden extender la duraci\u00f3n de la interacci\u00f3n. Este m\u00e9todo es una opci\u00f3n viable para sesiones de trabajo en grupos peque\u00f1os donde la funci\u00f3n de interpretaci\u00f3n de idiomas no est\u00e1 disponible. En reuniones multiling\u00fces que requieran mayor interacci\u00f3n grupal, se pueden configurar salas de reuniones donde un int\u00e9rprete pueda unirse para brindar al menos interpretaci\u00f3n consecutiva para una combinaci\u00f3n de idiomas determinada. En Trusted Translations, ofrecemos con orgullo <strong>servicios de interpretaci\u00f3n simult\u00e1nea y consecutiva por Zoom<\/strong> por hora para satisfacer las necesidades de nuestros clientes con precisi\u00f3n y eficiencia.\r\n<h2>Interpretaci\u00f3n Consecutiva y Simult\u00e1nea en Modalidad Remota<\/h2>\r\nUna vez que est\u00e9 familiarizado con los dos tipos de servicios de interpretaci\u00f3n mencionados, es hora de explorar c\u00f3mo una plataforma intuitiva como Zoom puede satisfacer sus necesidades espec\u00edficas. En Trusted Translations, podemos programar los int\u00e9rpretes perfectos para su reuni\u00f3n, mientras que Zoom proporciona la plataforma ideal para respaldar sus asignaciones remotas.\r\n\r\nLos servicios de interpretaci\u00f3n consecutiva est\u00e1n disponibles con todos los planes de Zoom, desde la versi\u00f3n gratuita hasta las de Pro, Business o Enterprise. Puede contratar a un int\u00e9rprete en Zoom de manera similar a como utiliza un puente de conferencia para servicios de interpretaci\u00f3n por tel\u00e9fono, con el beneficio adicional de compartir pantalla, lo que permite interpretar el lenguaje corporal durante toda la sesi\u00f3n.\r\n\r\nLos servicios de interpretaci\u00f3n simult\u00e1nea solo est\u00e1n disponibles en Zoom Webinars. Sin embargo, no se puede utilizar la interpretaci\u00f3n simult\u00e1nea en sesiones paralelas dentro de un seminario web. En estos casos, se puede combinar interpretaci\u00f3n simult\u00e1nea para la sesi\u00f3n principal y consecutiva con los grupos de trabajo. En reuniones multiling\u00fces, se pueden organizar grupos de trabajo por combinaci\u00f3n de idiomas para optimizar la comunicaci\u00f3n, y <strong>los servicios de interpretaci\u00f3n empresarial de Zoom<\/strong> se pueden utilizar con eficacia."},"shortcode-map":{"type":"textfield","raw":""},"dyk-shortcode":{"type":"textfield","raw":"[elementor-template id=\"139368\"]"},"text-2":{"type":"textarea","raw":"<h2>Interpretaci\u00f3n Profesional para Reuniones y Seminarios Web por Zoom<\/h2>\r\nAntes de programar un int\u00e9rprete remoto para su reuni\u00f3n de Zoom, aseg\u00farese de que la funci\u00f3n de interpretaci\u00f3n de idiomas est\u00e9 habilitada en su cuenta. Esta funci\u00f3n est\u00e1 disponible en la actualidad para todos los usuarios con cuentas Pro, Business y Enterprise. Si no est\u00e1 seguro o sabe que la funci\u00f3n no est\u00e1 activada, comun\u00edquese con el soporte de Zoom de inmediato, ya que puede demorar hasta 3 d\u00edas h\u00e1biles configurarla.\r\n\r\nUna vez activada la funci\u00f3n de interpretaci\u00f3n de idioma, estar\u00e1 listo para asignar participantes como int\u00e9rpretes en sus reuniones o seminarios web.\r\n\r\nSi decide que su pr\u00f3xima reuni\u00f3n, conferencia, seminario web o capacitaci\u00f3n en l\u00ednea requiere varios idiomas para comunicarse con eficacia con su auditorio, deber\u00e1 configurar manualmente su encuentro con anticipaci\u00f3n para permitir canales de audio en m\u00faltiples idiomas. Por desgracia, esta funci\u00f3n no se puede activar durante la reuni\u00f3n.\r\n\r\nLa interpretaci\u00f3n de idiomas se puede habilitar a nivel de cuenta, grupo o usuario, por lo que est\u00e1 lista por default. Tambi\u00e9n se puede activar para una reuni\u00f3n o seminario web espec\u00edfico si no est\u00e1 configurado por default, lo que puede ocurrir al usar una cuenta Enterprise.\r\n\r\nAl programar una reuni\u00f3n, el organizador puede asignar los int\u00e9rpretes para uno o varios idiomas con el uso del correo electr\u00f3nico del int\u00e9rprete. Esto garantiza que los int\u00e9rpretes puedan iniciar sesi\u00f3n directamente en sus canales asignados al comienzo de la reuni\u00f3n. Sin embargo, el anfitri\u00f3n tambi\u00e9n puede asignar int\u00e9rpretes a un canal en cualquier momento de la sesi\u00f3n.\r\n\r\nCuando comience la reuni\u00f3n o el seminario web, el anfitri\u00f3n activar\u00e1 la funci\u00f3n de interpretaci\u00f3n. Los int\u00e9rpretes proporcionar\u00e1n una transmisi\u00f3n de audio dedicada en el idioma de destino, y los asistentes pueden seleccionar su canal de audio preferido y elegir silenciar al orador original o escuchar tanto al orador original como al int\u00e9rprete a un volumen m\u00e1s bajo. Tambi\u00e9n ofrecemos <strong>traducci\u00f3n profesional por Zoom<\/strong> para documentos escritos y presentaciones, adem\u00e1s de <strong>servicios de traducci\u00f3n profesional por Zoom<\/strong>.\r\n<h2>Nuestro Personal para sus Necesidades de Interpretaci\u00f3n en Zoom<\/h2>\r\nNuestro equipo de administradores de calendario e int\u00e9rpretes profesionales tiene amplia experiencia en brindar interpretaciones por Zoom. Nuestros ling\u00fcistas certificados aportan la experiencia y la precisi\u00f3n necesarias para brindar servicios de interpretaci\u00f3n precisos y de alta calidad en m\u00e1s de 200 idiomas, incluidas las lenguas de se\u00f1as como ASL. Realizamos un exhaustivo proceso de selecci\u00f3n para garantizar que nuestros int\u00e9rpretes est\u00e9n totalmente calificados, y garantizamos que nuestros clientes reciban servicios profesionales, detallados y confiables. Trusted Translations est\u00e1 equipado para manejar solicitudes de servicios est\u00e1ndar y de \u00faltimo momento, incluidos <strong>servicios de interpretaci\u00f3n por hora de Zoom<\/strong> y <strong>servicios de traducci\u00f3n por hora de Zoom<\/strong>.\r\n<h2>Interpretaci\u00f3n de ASL y otras Lenguas de Se\u00f1as<\/h2>\r\nZoom puede crear un entorno m\u00e1s inclusivo y accesible para conversaciones remotas al incorporar interpretaci\u00f3n de lenguaje de se\u00f1as (como ASL) en sus sesiones. Los anfitriones de reuniones y seminarios web pueden asignar m\u00faltiples int\u00e9rpretes de lenguaje de se\u00f1as a canales dedicados, lo que permite a los participantes seleccionar la interpretaci\u00f3n de lenguaje de se\u00f1as que prefieren ver.\r\n<h2>Un Servicio con Mejoras Constantes<\/h2>\r\nTenga en cuenta que plataformas como Zoom evolucionan en forma continua con nuevas caracter\u00edsticas y funcionalidades como parte de los esfuerzos continuos de investigaci\u00f3n y desarrollo. Para mantenerse actualizado, aseg\u00farese de revisar su sitio web o consultar a su equipo de soporte t\u00e9cnico. Tambi\u00e9n puede comunicarse con nuestros administradores de calendario, quienes con gusto compartir\u00e1n su experiencia para guiarlo por los <strong>servicios de traducci\u00f3n comercial de Zoom<\/strong> o <strong>servicios de traducci\u00f3n profesional de Zoom<\/strong>.\r\n<h2>Beneficios de Reuniones o Seminarios Web Multiling\u00fces en Zoom<\/h2>\r\nAdem\u00e1s de las claras ventajas en materia de seguridad sanitaria que preocupan a los p\u00fablicos globales en esta \"nueva normalidad\", otros beneficios clave incluyen:\r\n<ul>\r\n \t<li>la capacidad de llegar a un p\u00fablico m\u00e1s amplio y comunicarse con eficacia en varios idiomas mediante una plataforma digital;<\/li>\r\n \t<li>accesibilidad mundial, ya que los int\u00e9rpretes pueden trabajar de forma remota desde cualquier lugar;<\/li>\r\n \t<li>ahorro de costos, sin necesidad de gastos de viaje ni alquiler de equipos;<\/li>\r\n \t<li>acceso a m\u00e1s de 200 idiomas, incluido el lenguaje de se\u00f1as;<\/li>\r\n \t<li>flexibilidad para tareas con poca antelaci\u00f3n, incluidos <strong>servicios de interpretaci\u00f3n por hora en Zoom;<\/strong><\/li>\r\n \t<li>proceso de configuraci\u00f3n f\u00e1cil y directo.<\/li>\r\n<\/ul>"},"state":{"type":"textfield","raw":""},"city":{"type":"textarea","raw":[]}}},"_links":{"self":[{"href":"https:\/\/www.trustedtranslations.com\/es\/wp-json\/wp\/v2\/pages\/128009","targetHints":{"allow":["GET"]}}],"collection":[{"href":"https:\/\/www.trustedtranslations.com\/es\/wp-json\/wp\/v2\/pages"}],"about":[{"href":"https:\/\/www.trustedtranslations.com\/es\/wp-json\/wp\/v2\/types\/page"}],"author":[{"embeddable":true,"href":"https:\/\/www.trustedtranslations.com\/es\/wp-json\/wp\/v2\/users\/1"}],"replies":[{"embeddable":true,"href":"https:\/\/www.trustedtranslations.com\/es\/wp-json\/wp\/v2\/comments?post=128009"}],"version-history":[{"count":0,"href":"https:\/\/www.trustedtranslations.com\/es\/wp-json\/wp\/v2\/pages\/128009\/revisions"}],"up":[{"embeddable":true,"href":"https:\/\/www.trustedtranslations.com\/es\/wp-json\/wp\/v2\/pages\/160044"}],"wp:featuredmedia":[{"embeddable":true,"href":"https:\/\/www.trustedtranslations.com\/es\/wp-json\/wp\/v2\/media\/244647"}],"wp:attachment":[{"href":"https:\/\/www.trustedtranslations.com\/es\/wp-json\/wp\/v2\/media?parent=128009"}],"curies":[{"name":"wp","href":"https:\/\/api.w.org\/{rel}","templated":true}]}}