{"id":128011,"date":"2019-09-20T19:01:52","date_gmt":"2019-09-20T19:01:52","guid":{"rendered":"https:\/\/www.trustedtranslations.com\/?page_id=128011"},"modified":"2024-09-02T14:49:13","modified_gmt":"2024-09-02T17:49:13","slug":"arabe","status":"publish","type":"page","link":"https:\/\/www.trustedtranslations.com\/es\/idiomas\/arabe","title":{"rendered":"\u00c1rabe"},"content":{"rendered":"","protected":false},"excerpt":{"rendered":"","protected":false},"author":1,"featured_media":139634,"parent":127181,"menu_order":0,"comment_status":"closed","ping_status":"closed","template":"","meta":{"site-sidebar-layout":"default","site-content-layout":"default","ast-site-content-layout":"default","site-content-style":"default","site-sidebar-style":"default","ast-global-header-display":"","ast-banner-title-visibility":"","ast-main-header-display":"","ast-hfb-above-header-display":"","ast-hfb-below-header-display":"","ast-hfb-mobile-header-display":"","site-post-title":"disabled","ast-breadcrumbs-content":"","ast-featured-img":"","footer-sml-layout":"","ast-disable-related-posts":"","theme-transparent-header-meta":"default","adv-header-id-meta":"","stick-header-meta":"","header-above-stick-meta":"","header-main-stick-meta":"","header-below-stick-meta":"","astra-migrate-meta-layouts":"set","ast-page-background-enabled":"default","ast-page-background-meta":{"desktop":{"background-color":"var(--ast-global-color-4)","background-image":"","background-repeat":"repeat","background-position":"center center","background-size":"auto","background-attachment":"scroll","background-type":"","background-media":"","overlay-type":"","overlay-color":"","overlay-opacity":"","overlay-gradient":""},"tablet":{"background-color":"","background-image":"","background-repeat":"repeat","background-position":"center center","background-size":"auto","background-attachment":"scroll","background-type":"","background-media":"","overlay-type":"","overlay-color":"","overlay-opacity":"","overlay-gradient":""},"mobile":{"background-color":"","background-image":"","background-repeat":"repeat","background-position":"center center","background-size":"auto","background-attachment":"scroll","background-type":"","background-media":"","overlay-type":"","overlay-color":"","overlay-opacity":"","overlay-gradient":""}},"ast-content-background-meta":{"desktop":{"background-color":"var(--ast-global-color-5)","background-image":"","background-repeat":"repeat","background-position":"center center","background-size":"auto","background-attachment":"scroll","background-type":"","background-media":"","overlay-type":"","overlay-color":"","overlay-opacity":"","overlay-gradient":""},"tablet":{"background-color":"var(--ast-global-color-5)","background-image":"","background-repeat":"repeat","background-position":"center center","background-size":"auto","background-attachment":"scroll","background-type":"","background-media":"","overlay-type":"","overlay-color":"","overlay-opacity":"","overlay-gradient":""},"mobile":{"background-color":"var(--ast-global-color-5)","background-image":"","background-repeat":"repeat","background-position":"center center","background-size":"auto","background-attachment":"scroll","background-type":"","background-media":"","overlay-type":"","overlay-color":"","overlay-opacity":"","overlay-gradient":""}},"footnotes":""},"class_list":["post-128011","page","type-page","status-publish","has-post-thumbnail","hentry"],"yoast_head":"<!-- This site is optimized with the Yoast SEO plugin v27.5 - https:\/\/yoast.com\/product\/yoast-seo-wordpress\/ -->\n<title>L\u00edder en Traducci\u00f3n de \u00c1rabe: Trusted Translations<\/title>\n<meta name=\"description\" content=\"Trusted Translations: L\u00edder en servicios de traducci\u00f3n prestados por equipos expertos de traductores de \u00e1rabe. Haga una consulta o solicite una cotizaci\u00f3n sin costo.\" \/>\n<meta name=\"robots\" content=\"index, follow, max-snippet:-1, max-image-preview:large, max-video-preview:-1\" \/>\n<link rel=\"canonical\" href=\"https:\/\/www.trustedtranslations.com\/es\/idiomas\/arabe\" \/>\n<meta property=\"og:locale\" content=\"es_ES\" \/>\n<meta property=\"og:type\" content=\"article\" \/>\n<meta property=\"og:title\" content=\"L\u00edder en Traducci\u00f3n de \u00c1rabe: Trusted Translations\" \/>\n<meta property=\"og:description\" content=\"Trusted Translations: L\u00edder en servicios de traducci\u00f3n prestados por equipos expertos de traductores de \u00e1rabe. Haga una consulta o solicite una cotizaci\u00f3n sin costo.\" \/>\n<meta property=\"og:url\" content=\"https:\/\/www.trustedtranslations.com\/es\/idiomas\/arabe\" \/>\n<meta property=\"og:site_name\" content=\"Trusted Translations\" \/>\n<meta property=\"article:publisher\" content=\"https:\/\/www.facebook.com\/Trusted.Translations\" \/>\n<meta property=\"article:modified_time\" content=\"2024-09-02T17:49:13+00:00\" \/>\n<meta property=\"og:image\" content=\"https:\/\/static.trustedtranslations.com\/wp-content\/uploads\/2022\/03\/TT_NEW_FB-1.png\" \/>\n\t<meta property=\"og:image:width\" content=\"1038\" \/>\n\t<meta property=\"og:image:height\" content=\"1038\" \/>\n\t<meta property=\"og:image:type\" content=\"image\/png\" \/>\n<meta name=\"twitter:card\" content=\"summary_large_image\" \/>\n<meta name=\"twitter:site\" content=\"@TrustedT9ns\" \/>\n<script type=\"application\/ld+json\" class=\"yoast-schema-graph\">{\"@context\":\"https:\\\/\\\/schema.org\",\"@graph\":[{\"@type\":\"WebPage\",\"@id\":\"https:\\\/\\\/www.trustedtranslations.com\\\/es\\\/idiomas\\\/arabe\",\"url\":\"https:\\\/\\\/www.trustedtranslations.com\\\/es\\\/idiomas\\\/arabe\",\"name\":\"L\u00edder en Traducci\u00f3n de \u00c1rabe: Trusted Translations\",\"isPartOf\":{\"@id\":\"https:\\\/\\\/www.trustedtranslations.com\\\/es\\\/#website\"},\"primaryImageOfPage\":{\"@id\":\"https:\\\/\\\/www.trustedtranslations.com\\\/es\\\/idiomas\\\/arabe#primaryimage\"},\"image\":{\"@id\":\"https:\\\/\\\/www.trustedtranslations.com\\\/es\\\/idiomas\\\/arabe#primaryimage\"},\"thumbnailUrl\":\"https:\\\/\\\/www.trustedtranslations.com\\\/wp-content\\\/uploads\\\/2022\\\/03\\\/TT_NEW_FB-1.png\",\"description\":\"Trusted Translations: L\u00edder en servicios de traducci\u00f3n prestados por equipos expertos de traductores de \u00e1rabe. Haga una consulta o solicite una cotizaci\u00f3n sin costo.\",\"breadcrumb\":{\"@id\":\"https:\\\/\\\/www.trustedtranslations.com\\\/es\\\/idiomas\\\/arabe#breadcrumb\"},\"inLanguage\":\"es\",\"potentialAction\":[{\"@type\":\"ReadAction\",\"target\":[\"https:\\\/\\\/www.trustedtranslations.com\\\/es\\\/idiomas\\\/arabe\"]}]},{\"@type\":\"ImageObject\",\"inLanguage\":\"es\",\"@id\":\"https:\\\/\\\/www.trustedtranslations.com\\\/es\\\/idiomas\\\/arabe#primaryimage\",\"url\":\"https:\\\/\\\/www.trustedtranslations.com\\\/wp-content\\\/uploads\\\/2022\\\/03\\\/TT_NEW_FB-1.png\",\"contentUrl\":\"https:\\\/\\\/www.trustedtranslations.com\\\/wp-content\\\/uploads\\\/2022\\\/03\\\/TT_NEW_FB-1.png\",\"width\":1038,\"height\":1038,\"caption\":\"TT NEW FB 1\"},{\"@type\":\"BreadcrumbList\",\"@id\":\"https:\\\/\\\/www.trustedtranslations.com\\\/es\\\/idiomas\\\/arabe#breadcrumb\",\"itemListElement\":[{\"@type\":\"ListItem\",\"position\":1,\"name\":\"Home\",\"item\":\"https:\\\/\\\/www.trustedtranslations.com\\\/es\"},{\"@type\":\"ListItem\",\"position\":2,\"name\":\"Idiomas\",\"item\":\"https:\\\/\\\/www.trustedtranslations.com\\\/es\\\/idiomas\"},{\"@type\":\"ListItem\",\"position\":3,\"name\":\"\u00c1rabe\"}]},{\"@type\":\"WebSite\",\"@id\":\"https:\\\/\\\/www.trustedtranslations.com\\\/es\\\/#website\",\"url\":\"https:\\\/\\\/www.trustedtranslations.com\\\/es\\\/\",\"name\":\"Trusted Translations, Inc.\",\"description\":\"Leader in translation and interpretation services.\",\"publisher\":{\"@id\":\"https:\\\/\\\/www.trustedtranslations.com\\\/es\\\/#organization\"},\"alternateName\":\"Trusted Translations\",\"potentialAction\":[{\"@type\":\"SearchAction\",\"target\":{\"@type\":\"EntryPoint\",\"urlTemplate\":\"https:\\\/\\\/www.trustedtranslations.com\\\/es\\\/?s={search_term_string}\"},\"query-input\":{\"@type\":\"PropertyValueSpecification\",\"valueRequired\":true,\"valueName\":\"search_term_string\"}}],\"inLanguage\":\"es\"},{\"@type\":\"Organization\",\"@id\":\"https:\\\/\\\/www.trustedtranslations.com\\\/es\\\/#organization\",\"name\":\"Trusted Translations\",\"alternateName\":\"Trusted Translations, Inc.\",\"url\":\"https:\\\/\\\/www.trustedtranslations.com\\\/es\\\/\",\"logo\":{\"@type\":\"ImageObject\",\"inLanguage\":\"es\",\"@id\":\"https:\\\/\\\/www.trustedtranslations.com\\\/es\\\/#\\\/schema\\\/logo\\\/image\\\/\",\"url\":\"https:\\\/\\\/static.trustedtranslations.com\\\/wp-content\\\/uploads\\\/2022\\\/01\\\/TT_logo_WSIColors-2.png\",\"contentUrl\":\"https:\\\/\\\/static.trustedtranslations.com\\\/wp-content\\\/uploads\\\/2022\\\/01\\\/TT_logo_WSIColors-2.png\",\"width\":500,\"height\":196,\"caption\":\"Trusted Translations\"},\"image\":{\"@id\":\"https:\\\/\\\/www.trustedtranslations.com\\\/es\\\/#\\\/schema\\\/logo\\\/image\\\/\"},\"sameAs\":[\"https:\\\/\\\/www.facebook.com\\\/Trusted.Translations\",\"https:\\\/\\\/x.com\\\/TrustedT9ns\",\"https:\\\/\\\/www.linkedin.com\\\/company\\\/trusted-translations\"]}]}<\/script>\n<!-- \/ Yoast SEO plugin. -->","yoast_head_json":{"title":"L\u00edder en Traducci\u00f3n de \u00c1rabe: Trusted Translations","description":"Trusted Translations: L\u00edder en servicios de traducci\u00f3n prestados por equipos expertos de traductores de \u00e1rabe. Haga una consulta o solicite una cotizaci\u00f3n sin costo.","robots":{"index":"index","follow":"follow","max-snippet":"max-snippet:-1","max-image-preview":"max-image-preview:large","max-video-preview":"max-video-preview:-1"},"canonical":"https:\/\/www.trustedtranslations.com\/es\/idiomas\/arabe","og_locale":"es_ES","og_type":"article","og_title":"L\u00edder en Traducci\u00f3n de \u00c1rabe: Trusted Translations","og_description":"Trusted Translations: L\u00edder en servicios de traducci\u00f3n prestados por equipos expertos de traductores de \u00e1rabe. Haga una consulta o solicite una cotizaci\u00f3n sin costo.","og_url":"https:\/\/www.trustedtranslations.com\/es\/idiomas\/arabe","og_site_name":"Trusted Translations","article_publisher":"https:\/\/www.facebook.com\/Trusted.Translations","article_modified_time":"2024-09-02T17:49:13+00:00","og_image":[{"width":1038,"height":1038,"url":"https:\/\/static.trustedtranslations.com\/wp-content\/uploads\/2022\/03\/TT_NEW_FB-1.png","type":"image\/png"}],"twitter_card":"summary_large_image","twitter_site":"@TrustedT9ns","schema":{"@context":"https:\/\/schema.org","@graph":[{"@type":"WebPage","@id":"https:\/\/www.trustedtranslations.com\/es\/idiomas\/arabe","url":"https:\/\/www.trustedtranslations.com\/es\/idiomas\/arabe","name":"L\u00edder en Traducci\u00f3n de \u00c1rabe: Trusted Translations","isPartOf":{"@id":"https:\/\/www.trustedtranslations.com\/es\/#website"},"primaryImageOfPage":{"@id":"https:\/\/www.trustedtranslations.com\/es\/idiomas\/arabe#primaryimage"},"image":{"@id":"https:\/\/www.trustedtranslations.com\/es\/idiomas\/arabe#primaryimage"},"thumbnailUrl":"https:\/\/www.trustedtranslations.com\/wp-content\/uploads\/2022\/03\/TT_NEW_FB-1.png","description":"Trusted Translations: L\u00edder en servicios de traducci\u00f3n prestados por equipos expertos de traductores de \u00e1rabe. Haga una consulta o solicite una cotizaci\u00f3n sin costo.","breadcrumb":{"@id":"https:\/\/www.trustedtranslations.com\/es\/idiomas\/arabe#breadcrumb"},"inLanguage":"es","potentialAction":[{"@type":"ReadAction","target":["https:\/\/www.trustedtranslations.com\/es\/idiomas\/arabe"]}]},{"@type":"ImageObject","inLanguage":"es","@id":"https:\/\/www.trustedtranslations.com\/es\/idiomas\/arabe#primaryimage","url":"https:\/\/www.trustedtranslations.com\/wp-content\/uploads\/2022\/03\/TT_NEW_FB-1.png","contentUrl":"https:\/\/www.trustedtranslations.com\/wp-content\/uploads\/2022\/03\/TT_NEW_FB-1.png","width":1038,"height":1038,"caption":"TT NEW FB 1"},{"@type":"BreadcrumbList","@id":"https:\/\/www.trustedtranslations.com\/es\/idiomas\/arabe#breadcrumb","itemListElement":[{"@type":"ListItem","position":1,"name":"Home","item":"https:\/\/www.trustedtranslations.com\/es"},{"@type":"ListItem","position":2,"name":"Idiomas","item":"https:\/\/www.trustedtranslations.com\/es\/idiomas"},{"@type":"ListItem","position":3,"name":"\u00c1rabe"}]},{"@type":"WebSite","@id":"https:\/\/www.trustedtranslations.com\/es\/#website","url":"https:\/\/www.trustedtranslations.com\/es\/","name":"Trusted Translations, Inc.","description":"Leader in translation and interpretation services.","publisher":{"@id":"https:\/\/www.trustedtranslations.com\/es\/#organization"},"alternateName":"Trusted Translations","potentialAction":[{"@type":"SearchAction","target":{"@type":"EntryPoint","urlTemplate":"https:\/\/www.trustedtranslations.com\/es\/?s={search_term_string}"},"query-input":{"@type":"PropertyValueSpecification","valueRequired":true,"valueName":"search_term_string"}}],"inLanguage":"es"},{"@type":"Organization","@id":"https:\/\/www.trustedtranslations.com\/es\/#organization","name":"Trusted Translations","alternateName":"Trusted Translations, Inc.","url":"https:\/\/www.trustedtranslations.com\/es\/","logo":{"@type":"ImageObject","inLanguage":"es","@id":"https:\/\/www.trustedtranslations.com\/es\/#\/schema\/logo\/image\/","url":"https:\/\/static.trustedtranslations.com\/wp-content\/uploads\/2022\/01\/TT_logo_WSIColors-2.png","contentUrl":"https:\/\/static.trustedtranslations.com\/wp-content\/uploads\/2022\/01\/TT_logo_WSIColors-2.png","width":500,"height":196,"caption":"Trusted Translations"},"image":{"@id":"https:\/\/www.trustedtranslations.com\/es\/#\/schema\/logo\/image\/"},"sameAs":["https:\/\/www.facebook.com\/Trusted.Translations","https:\/\/x.com\/TrustedT9ns","https:\/\/www.linkedin.com\/company\/trusted-translations"]}]}},"toolset-meta":{"dyk":{"mensaje-1":{"type":"textfield","raw":"Trusted Translations es un proveedor de servicios de traducci\u00f3n de calidad comprobada para las Naciones Unidas."},"mensaje-2":{"type":"textfield","raw":"Las traducciones \u00e1rabes de calidad le dar\u00e1n acceso a mercados en m\u00e1s de 20 pa\u00edses."},"mensaje-3":{"type":"textfield","raw":"Hay m\u00e1s de 300 millones de hablantes de \u00e1rabe en todo el mundo."},"mensaje-4":{"type":"textfield","raw":"El \u00e1rabe es uno de los cinco idiomas m\u00e1s demandados en el mundo de los negocios."},"mensaje-5":{"type":"textfield","raw":""},"mensaje-6":{"type":"textfield","raw":""}},"single-page-template-fields":{"imgs-temp":{"type":"image","raw":["https:\/\/static.trustedtranslations.com\/wp-content\/uploads\/2024\/06\/arabic-final-1.webp"],"repeatable":[{"raw":"https:\/\/static.trustedtranslations.com\/wp-content\/uploads\/2024\/06\/arabic-final-1.webp"}]},"imgs-temp-cel":{"type":"image","raw":[""],"repeatable":[{"raw":""}]},"img-temp-one-cel":{"type":"image","raw":"https:\/\/static.trustedtranslations.com\/wp-content\/uploads\/2024\/06\/AdobeStock_6241340-1-1.webp","attachment_id":null},"quotes":{"type":"textarea","raw":"<h1 style=\"margin-bottom: 12px;\">Servicios de Traducci\u00f3n de \u00c1rabe<\/h1>Trusted Translations es la soluci\u00f3n para sus necesidades de traducci\u00f3n de \u00e1rabe. El \u00e1rabe es uno de los idiomas m\u00e1s hablados en el mundo y un idioma oficial en m\u00e1s de 20 pa\u00edses concentrados principalmente en Medio Oriente y \u00c1frica del Norte. Con una poblaci\u00f3n hablante estimada en m\u00e1s de 300 millones en todo el mundo, traducir hacia y desde este idioma es claramente una necesidad para varias organizaciones.<div style=\"margin-top: 2.5vw;\"><a class=\"tt-btn-main-cta\" href=\"\/es\/presupuesto-sin-cargo\">SOLICITE UN PRESUPUESTO SIN CARGO<\/a><\/div>"},"text-1":{"type":"textarea","raw":"<h2>Traducciones Expertas del \u00c1rabe Est\u00e1ndar Moderno<\/h2>\r\n<p>La forma escrita oficial del \u00e1rabe se conoce como \u00e1rabe est\u00e1ndar moderno o \u00e1rabe escrito moderno y se usa en la mayor\u00eda de los entornos formales. El \u00e1rabe est\u00e1ndar moderno deriva del \u00e1rabe cl\u00e1sico, que se basa en el idioma del Cor\u00e1n. Normalmente aconsejamos a nuestros clientes que traduzcan su material al \u00e1rabe moderno est\u00e1ndar, dado que es ampliamente aceptado como la forma oficial del idioma. Adem\u00e1s, el \u00e1rabe est\u00e1ndar moderno es uno de los idiomas oficiales de las Naciones Unidas.<\/p>\r\n<p><em>Trusted Translations<\/em> cuenta con un equipo de ling\u00fcistas especializados en servicios de traducci\u00f3n de \u00e1rabe.\u00a0Entendemos que traducir al y del \u00e1rabe presenta desaf\u00edos \u00fanicos. Por este motivo utilizamos solo traductores de \u00e1rabe de calidad comprobada. Cada uno de ellos se somete a rigurosas pruebas y controles para garantizar servicios de traducci\u00f3n coherentes y de alta calidad.<\/p>\r\n<p>Otro aspecto crucial para obtener un resultado de alta calidad es una comprensi\u00f3n profunda del tipo de servicio de traducci\u00f3n de \u00e1rabe que necesita. En <em>Trusted Translations<\/em>, tenemos experiencia en todo el espectro de servicios relacionados con la traducci\u00f3n, incluida la traducci\u00f3n para medios de comunicaci\u00f3n, de sitios web, localizaci\u00f3n de <i>software<\/i> y traducci\u00f3n de documentos generales.<\/p>\r\n<p>Nuestros expertos en traducci\u00f3n de \u00e1rabe est\u00e1n ubicados en casi todas las zonas horarias a fin de garantizar no solo la precisi\u00f3n, sino tambi\u00e9n la puntualidad en las entregas, a\u00fan con los plazos m\u00e1s exigentes.<\/p>\r\n<p>Contamos con traductores especializados en casi todos los campos importantes, incluido el \u00e1mbito jur\u00eddico, m\u00e9dico, t\u00e9cnico, de medios de comunicaci\u00f3n, telecomunicaciones, empresarial, publicitario, financiero y otros. Esto es fundamental para garantizar que cada traducci\u00f3n de \u00e1rabe se adapte al tema para maximizar la precisi\u00f3n.<\/p>\r\n<h2>Traducci\u00f3n Profesional de \u00c1rabe<\/h2>\r\n<p>Al igual que con todos los pares de idiomas, nuestros proyectos de traducci\u00f3n de \u00e1rabe pasan por un proceso de verificaci\u00f3n de calidad de tres pasos: traducci\u00f3n, edici\u00f3n y revisi\u00f3n. Cada fase es esencial para cotejar y verificar la coherencia y precisi\u00f3n de la traducci\u00f3n. A fin de asegurar el m\u00e1ximo nivel de integridad de cada traducci\u00f3n, para este proceso de tres pasos utilizamos tres traductores diferentes.<\/p>"},"shortcode-map":{"type":"textfield","raw":""},"dyk-shortcode":{"type":"textfield","raw":"[elementor-template id=\"139368\"]"},"text-2":{"type":"textarea","raw":"<h2>Equipos de Traductores Expertos de \u00c1rabe<\/h2>\r\nUna de las principales ventajas de tener un proveedor de servicios de traducci\u00f3n con m\u00e1s de 15\u00a0a\u00f1os de experiencia es su acceso a los mejores traductores de la industria. Cada traductor de \u00e1rabe se somete a pruebas y es constantemente evaluado para garantizar resultados consistentes y de alta calidad en cada proyecto.\r\n\r\nSi bien cada uno de los 22 pa\u00edses \u00e1rabes tiene su propio dialecto, en algunos casos, como en el norte de \u00c1frica, es un tipo de criollo, una mezcla de un dialecto \u00e1rabe con franc\u00e9s, espa\u00f1ol y bereber. Los dialectos se hablan principalmente en las calles y no son considerados un idioma oficial. En <em>Trusted Translations<\/em>, normalmente solo traducimos desde o hacia el \u00e1rabe est\u00e1ndar moderno.\r\n\r\nEntendemos los matices de la traducci\u00f3n de \u00e1rabe y seleccionamos a cada traductor en funci\u00f3n del tema espec\u00edfico y del p\u00fablico objetivo.\r\n\r\nNuestro sistema interno de calificaci\u00f3n y nuestra base de datos garantizan el empleo exclusivo de traductores altamente cualificados y fiables para cada proyecto. Tambi\u00e9n evaluamos sus horas de trabajo \u00f3ptimas para poder enviarles proyectos en los momentos de mayor rendimiento de tal manera que se maximice la calidad y se agilicen los tiempos de respuesta.\r\n\r\nCada traductor de \u00e1rabe es evaluado en los diferentes pasos del proceso de traducci\u00f3n. Algunos traductores tienen una habilidad m\u00e1s desarrollada en edici\u00f3n y revisi\u00f3n, mientras que otros sobresalen en el primer paso del proceso de traducci\u00f3n. En todos los casos, clasificamos a cada traductor seg\u00fan su experiencia en el sector para poder contratarlo correctamente en funci\u00f3n del tema del que se trate."},"state":{"type":"textfield","raw":""},"city":{"type":"textarea","raw":[]}}},"_links":{"self":[{"href":"https:\/\/www.trustedtranslations.com\/es\/wp-json\/wp\/v2\/pages\/128011","targetHints":{"allow":["GET"]}}],"collection":[{"href":"https:\/\/www.trustedtranslations.com\/es\/wp-json\/wp\/v2\/pages"}],"about":[{"href":"https:\/\/www.trustedtranslations.com\/es\/wp-json\/wp\/v2\/types\/page"}],"author":[{"embeddable":true,"href":"https:\/\/www.trustedtranslations.com\/es\/wp-json\/wp\/v2\/users\/1"}],"replies":[{"embeddable":true,"href":"https:\/\/www.trustedtranslations.com\/es\/wp-json\/wp\/v2\/comments?post=128011"}],"version-history":[{"count":0,"href":"https:\/\/www.trustedtranslations.com\/es\/wp-json\/wp\/v2\/pages\/128011\/revisions"}],"up":[{"embeddable":true,"href":"https:\/\/www.trustedtranslations.com\/es\/wp-json\/wp\/v2\/pages\/127181"}],"wp:featuredmedia":[{"embeddable":true,"href":"https:\/\/www.trustedtranslations.com\/es\/wp-json\/wp\/v2\/media\/139634"}],"wp:attachment":[{"href":"https:\/\/www.trustedtranslations.com\/es\/wp-json\/wp\/v2\/media?parent=128011"}],"curies":[{"name":"wp","href":"https:\/\/api.w.org\/{rel}","templated":true}]}}