{"id":128017,"date":"2019-09-20T17:42:53","date_gmt":"2019-09-20T17:42:53","guid":{"rendered":"https:\/\/www.trustedtranslations.com\/?page_id=128017"},"modified":"2024-09-05T15:55:25","modified_gmt":"2024-09-05T18:55:25","slug":"transcreacion","status":"publish","type":"page","link":"https:\/\/www.trustedtranslations.com\/es\/servicios\/humano\/transcreacion","title":{"rendered":"Transcreaci\u00f3n"},"content":{"rendered":"","protected":false},"excerpt":{"rendered":"","protected":false},"author":1,"featured_media":235677,"parent":127136,"menu_order":7,"comment_status":"closed","ping_status":"closed","template":"","meta":{"site-sidebar-layout":"default","site-content-layout":"default","ast-site-content-layout":"default","site-content-style":"default","site-sidebar-style":"default","ast-global-header-display":"","ast-banner-title-visibility":"","ast-main-header-display":"","ast-hfb-above-header-display":"","ast-hfb-below-header-display":"","ast-hfb-mobile-header-display":"","site-post-title":"disabled","ast-breadcrumbs-content":"","ast-featured-img":"","footer-sml-layout":"","ast-disable-related-posts":"","theme-transparent-header-meta":"default","adv-header-id-meta":"","stick-header-meta":"","header-above-stick-meta":"","header-main-stick-meta":"","header-below-stick-meta":"","astra-migrate-meta-layouts":"set","ast-page-background-enabled":"default","ast-page-background-meta":{"desktop":{"background-color":"var(--ast-global-color-4)","background-image":"","background-repeat":"repeat","background-position":"center center","background-size":"auto","background-attachment":"scroll","background-type":"","background-media":"","overlay-type":"","overlay-color":"","overlay-opacity":"","overlay-gradient":""},"tablet":{"background-color":"","background-image":"","background-repeat":"repeat","background-position":"center center","background-size":"auto","background-attachment":"scroll","background-type":"","background-media":"","overlay-type":"","overlay-color":"","overlay-opacity":"","overlay-gradient":""},"mobile":{"background-color":"","background-image":"","background-repeat":"repeat","background-position":"center center","background-size":"auto","background-attachment":"scroll","background-type":"","background-media":"","overlay-type":"","overlay-color":"","overlay-opacity":"","overlay-gradient":""}},"ast-content-background-meta":{"desktop":{"background-color":"var(--ast-global-color-5)","background-image":"","background-repeat":"repeat","background-position":"center center","background-size":"auto","background-attachment":"scroll","background-type":"","background-media":"","overlay-type":"","overlay-color":"","overlay-opacity":"","overlay-gradient":""},"tablet":{"background-color":"var(--ast-global-color-5)","background-image":"","background-repeat":"repeat","background-position":"center center","background-size":"auto","background-attachment":"scroll","background-type":"","background-media":"","overlay-type":"","overlay-color":"","overlay-opacity":"","overlay-gradient":""},"mobile":{"background-color":"var(--ast-global-color-5)","background-image":"","background-repeat":"repeat","background-position":"center center","background-size":"auto","background-attachment":"scroll","background-type":"","background-media":"","overlay-type":"","overlay-color":"","overlay-opacity":"","overlay-gradient":""}},"footnotes":""},"class_list":["post-128017","page","type-page","status-publish","has-post-thumbnail","hentry"],"yoast_head":"<!-- This site is optimized with the Yoast SEO plugin v27.3 - https:\/\/yoast.com\/product\/yoast-seo-wordpress\/ -->\n<title>Servicios de Transcreaci\u00f3n: Trusted Translations, Inc.<\/title>\n<meta name=\"description\" content=\"Contrate los servicios de transcreaci\u00f3n de Trusted Translations para todo su contenido de marketing a fin de asegurarse de que su mensaje resuene con fuerza en el p\u00fablico objetivo.\" \/>\n<meta name=\"robots\" content=\"index, follow, max-snippet:-1, max-image-preview:large, max-video-preview:-1\" \/>\n<link rel=\"canonical\" href=\"https:\/\/www.trustedtranslations.com\/es\/servicios\/humano\/transcreacion\" \/>\n<meta property=\"og:locale\" content=\"es_ES\" \/>\n<meta property=\"og:type\" content=\"article\" \/>\n<meta property=\"og:title\" content=\"Servicios de Transcreaci\u00f3n: Trusted Translations, Inc.\" \/>\n<meta property=\"og:description\" content=\"Contrate los servicios de transcreaci\u00f3n de Trusted Translations para todo su contenido de marketing a fin de asegurarse de que su mensaje resuene con fuerza en el p\u00fablico objetivo.\" \/>\n<meta property=\"og:url\" content=\"https:\/\/www.trustedtranslations.com\/es\/servicios\/humano\/transcreacion\" \/>\n<meta property=\"og:site_name\" content=\"Trusted Translations\" \/>\n<meta property=\"article:publisher\" content=\"https:\/\/www.facebook.com\/Trusted.Translations\" \/>\n<meta property=\"article:modified_time\" content=\"2024-09-05T18:55:25+00:00\" \/>\n<meta property=\"og:image\" content=\"https:\/\/static.trustedtranslations.com\/wp-content\/uploads\/2024\/02\/TT-ICON_Transcreation-Services.webp\" \/>\n\t<meta property=\"og:image:width\" content=\"151\" \/>\n\t<meta property=\"og:image:height\" content=\"151\" \/>\n\t<meta property=\"og:image:type\" content=\"image\/webp\" \/>\n<meta name=\"twitter:card\" content=\"summary_large_image\" \/>\n<meta name=\"twitter:site\" content=\"@TrustedT9ns\" \/>\n<script type=\"application\/ld+json\" class=\"yoast-schema-graph\">{\"@context\":\"https:\\\/\\\/schema.org\",\"@graph\":[{\"@type\":\"WebPage\",\"@id\":\"https:\\\/\\\/www.trustedtranslations.com\\\/es\\\/servicios\\\/humano\\\/transcreacion\",\"url\":\"https:\\\/\\\/www.trustedtranslations.com\\\/es\\\/servicios\\\/humano\\\/transcreacion\",\"name\":\"Servicios de Transcreaci\u00f3n: Trusted Translations, Inc.\",\"isPartOf\":{\"@id\":\"https:\\\/\\\/www.trustedtranslations.com\\\/es\\\/#website\"},\"primaryImageOfPage\":{\"@id\":\"https:\\\/\\\/www.trustedtranslations.com\\\/es\\\/servicios\\\/humano\\\/transcreacion#primaryimage\"},\"image\":{\"@id\":\"https:\\\/\\\/www.trustedtranslations.com\\\/es\\\/servicios\\\/humano\\\/transcreacion#primaryimage\"},\"thumbnailUrl\":\"https:\\\/\\\/www.trustedtranslations.com\\\/wp-content\\\/uploads\\\/2024\\\/02\\\/TT-ICON_Transcreation-Services.webp\",\"description\":\"Contrate los servicios de transcreaci\u00f3n de Trusted Translations para todo su contenido de marketing a fin de asegurarse de que su mensaje resuene con fuerza en el p\u00fablico objetivo.\",\"breadcrumb\":{\"@id\":\"https:\\\/\\\/www.trustedtranslations.com\\\/es\\\/servicios\\\/humano\\\/transcreacion#breadcrumb\"},\"inLanguage\":\"es\",\"potentialAction\":[{\"@type\":\"ReadAction\",\"target\":[\"https:\\\/\\\/www.trustedtranslations.com\\\/es\\\/servicios\\\/humano\\\/transcreacion\"]}]},{\"@type\":\"ImageObject\",\"inLanguage\":\"es\",\"@id\":\"https:\\\/\\\/www.trustedtranslations.com\\\/es\\\/servicios\\\/humano\\\/transcreacion#primaryimage\",\"url\":\"https:\\\/\\\/www.trustedtranslations.com\\\/wp-content\\\/uploads\\\/2024\\\/02\\\/TT-ICON_Transcreation-Services.webp\",\"contentUrl\":\"https:\\\/\\\/www.trustedtranslations.com\\\/wp-content\\\/uploads\\\/2024\\\/02\\\/TT-ICON_Transcreation-Services.webp\",\"width\":151,\"height\":151,\"caption\":\"TT ICON Transcreation Services\"},{\"@type\":\"BreadcrumbList\",\"@id\":\"https:\\\/\\\/www.trustedtranslations.com\\\/es\\\/servicios\\\/humano\\\/transcreacion#breadcrumb\",\"itemListElement\":[{\"@type\":\"ListItem\",\"position\":1,\"name\":\"Home\",\"item\":\"https:\\\/\\\/www.trustedtranslations.com\\\/es\"},{\"@type\":\"ListItem\",\"position\":2,\"name\":\"Servicios\",\"item\":\"https:\\\/\\\/www.trustedtranslations.com\\\/es\\\/servicios\"},{\"@type\":\"ListItem\",\"position\":3,\"name\":\"Traducci\u00f3n Humana\",\"item\":\"https:\\\/\\\/www.trustedtranslations.com\\\/es\\\/servicios\\\/humano\"},{\"@type\":\"ListItem\",\"position\":4,\"name\":\"Transcreaci\u00f3n\"}]},{\"@type\":\"WebSite\",\"@id\":\"https:\\\/\\\/www.trustedtranslations.com\\\/es\\\/#website\",\"url\":\"https:\\\/\\\/www.trustedtranslations.com\\\/es\\\/\",\"name\":\"Trusted Translations, Inc.\",\"description\":\"Leader in translation and interpretation services.\",\"publisher\":{\"@id\":\"https:\\\/\\\/www.trustedtranslations.com\\\/es\\\/#organization\"},\"alternateName\":\"Trusted Translations\",\"potentialAction\":[{\"@type\":\"SearchAction\",\"target\":{\"@type\":\"EntryPoint\",\"urlTemplate\":\"https:\\\/\\\/www.trustedtranslations.com\\\/es\\\/?s={search_term_string}\"},\"query-input\":{\"@type\":\"PropertyValueSpecification\",\"valueRequired\":true,\"valueName\":\"search_term_string\"}}],\"inLanguage\":\"es\"},{\"@type\":\"Organization\",\"@id\":\"https:\\\/\\\/www.trustedtranslations.com\\\/es\\\/#organization\",\"name\":\"Trusted Translations\",\"alternateName\":\"Trusted Translations, Inc.\",\"url\":\"https:\\\/\\\/www.trustedtranslations.com\\\/es\\\/\",\"logo\":{\"@type\":\"ImageObject\",\"inLanguage\":\"es\",\"@id\":\"https:\\\/\\\/www.trustedtranslations.com\\\/es\\\/#\\\/schema\\\/logo\\\/image\\\/\",\"url\":\"https:\\\/\\\/static.trustedtranslations.com\\\/wp-content\\\/uploads\\\/2022\\\/01\\\/TT_logo_WSIColors-2.png\",\"contentUrl\":\"https:\\\/\\\/static.trustedtranslations.com\\\/wp-content\\\/uploads\\\/2022\\\/01\\\/TT_logo_WSIColors-2.png\",\"width\":500,\"height\":196,\"caption\":\"Trusted Translations\"},\"image\":{\"@id\":\"https:\\\/\\\/www.trustedtranslations.com\\\/es\\\/#\\\/schema\\\/logo\\\/image\\\/\"},\"sameAs\":[\"https:\\\/\\\/www.facebook.com\\\/Trusted.Translations\",\"https:\\\/\\\/x.com\\\/TrustedT9ns\",\"https:\\\/\\\/www.linkedin.com\\\/company\\\/trusted-translations\"]}]}<\/script>\n<!-- \/ Yoast SEO plugin. -->","yoast_head_json":{"title":"Servicios de Transcreaci\u00f3n: Trusted Translations, Inc.","description":"Contrate los servicios de transcreaci\u00f3n de Trusted Translations para todo su contenido de marketing a fin de asegurarse de que su mensaje resuene con fuerza en el p\u00fablico objetivo.","robots":{"index":"index","follow":"follow","max-snippet":"max-snippet:-1","max-image-preview":"max-image-preview:large","max-video-preview":"max-video-preview:-1"},"canonical":"https:\/\/www.trustedtranslations.com\/es\/servicios\/humano\/transcreacion","og_locale":"es_ES","og_type":"article","og_title":"Servicios de Transcreaci\u00f3n: Trusted Translations, Inc.","og_description":"Contrate los servicios de transcreaci\u00f3n de Trusted Translations para todo su contenido de marketing a fin de asegurarse de que su mensaje resuene con fuerza en el p\u00fablico objetivo.","og_url":"https:\/\/www.trustedtranslations.com\/es\/servicios\/humano\/transcreacion","og_site_name":"Trusted Translations","article_publisher":"https:\/\/www.facebook.com\/Trusted.Translations","article_modified_time":"2024-09-05T18:55:25+00:00","og_image":[{"width":151,"height":151,"url":"https:\/\/static.trustedtranslations.com\/wp-content\/uploads\/2024\/02\/TT-ICON_Transcreation-Services.webp","type":"image\/webp"}],"twitter_card":"summary_large_image","twitter_site":"@TrustedT9ns","schema":{"@context":"https:\/\/schema.org","@graph":[{"@type":"WebPage","@id":"https:\/\/www.trustedtranslations.com\/es\/servicios\/humano\/transcreacion","url":"https:\/\/www.trustedtranslations.com\/es\/servicios\/humano\/transcreacion","name":"Servicios de Transcreaci\u00f3n: Trusted Translations, Inc.","isPartOf":{"@id":"https:\/\/www.trustedtranslations.com\/es\/#website"},"primaryImageOfPage":{"@id":"https:\/\/www.trustedtranslations.com\/es\/servicios\/humano\/transcreacion#primaryimage"},"image":{"@id":"https:\/\/www.trustedtranslations.com\/es\/servicios\/humano\/transcreacion#primaryimage"},"thumbnailUrl":"https:\/\/www.trustedtranslations.com\/wp-content\/uploads\/2024\/02\/TT-ICON_Transcreation-Services.webp","description":"Contrate los servicios de transcreaci\u00f3n de Trusted Translations para todo su contenido de marketing a fin de asegurarse de que su mensaje resuene con fuerza en el p\u00fablico objetivo.","breadcrumb":{"@id":"https:\/\/www.trustedtranslations.com\/es\/servicios\/humano\/transcreacion#breadcrumb"},"inLanguage":"es","potentialAction":[{"@type":"ReadAction","target":["https:\/\/www.trustedtranslations.com\/es\/servicios\/humano\/transcreacion"]}]},{"@type":"ImageObject","inLanguage":"es","@id":"https:\/\/www.trustedtranslations.com\/es\/servicios\/humano\/transcreacion#primaryimage","url":"https:\/\/www.trustedtranslations.com\/wp-content\/uploads\/2024\/02\/TT-ICON_Transcreation-Services.webp","contentUrl":"https:\/\/www.trustedtranslations.com\/wp-content\/uploads\/2024\/02\/TT-ICON_Transcreation-Services.webp","width":151,"height":151,"caption":"TT ICON Transcreation Services"},{"@type":"BreadcrumbList","@id":"https:\/\/www.trustedtranslations.com\/es\/servicios\/humano\/transcreacion#breadcrumb","itemListElement":[{"@type":"ListItem","position":1,"name":"Home","item":"https:\/\/www.trustedtranslations.com\/es"},{"@type":"ListItem","position":2,"name":"Servicios","item":"https:\/\/www.trustedtranslations.com\/es\/servicios"},{"@type":"ListItem","position":3,"name":"Traducci\u00f3n Humana","item":"https:\/\/www.trustedtranslations.com\/es\/servicios\/humano"},{"@type":"ListItem","position":4,"name":"Transcreaci\u00f3n"}]},{"@type":"WebSite","@id":"https:\/\/www.trustedtranslations.com\/es\/#website","url":"https:\/\/www.trustedtranslations.com\/es\/","name":"Trusted Translations, Inc.","description":"Leader in translation and interpretation services.","publisher":{"@id":"https:\/\/www.trustedtranslations.com\/es\/#organization"},"alternateName":"Trusted Translations","potentialAction":[{"@type":"SearchAction","target":{"@type":"EntryPoint","urlTemplate":"https:\/\/www.trustedtranslations.com\/es\/?s={search_term_string}"},"query-input":{"@type":"PropertyValueSpecification","valueRequired":true,"valueName":"search_term_string"}}],"inLanguage":"es"},{"@type":"Organization","@id":"https:\/\/www.trustedtranslations.com\/es\/#organization","name":"Trusted Translations","alternateName":"Trusted Translations, Inc.","url":"https:\/\/www.trustedtranslations.com\/es\/","logo":{"@type":"ImageObject","inLanguage":"es","@id":"https:\/\/www.trustedtranslations.com\/es\/#\/schema\/logo\/image\/","url":"https:\/\/static.trustedtranslations.com\/wp-content\/uploads\/2022\/01\/TT_logo_WSIColors-2.png","contentUrl":"https:\/\/static.trustedtranslations.com\/wp-content\/uploads\/2022\/01\/TT_logo_WSIColors-2.png","width":500,"height":196,"caption":"Trusted Translations"},"image":{"@id":"https:\/\/www.trustedtranslations.com\/es\/#\/schema\/logo\/image\/"},"sameAs":["https:\/\/www.facebook.com\/Trusted.Translations","https:\/\/x.com\/TrustedT9ns","https:\/\/www.linkedin.com\/company\/trusted-translations"]}]}},"toolset-meta":{"dyk":{"mensaje-1":{"type":"textfield","raw":"Lo ayudamos a comunicar las implicaciones emocionales y creativas de su mensaje."},"mensaje-2":{"type":"textfield","raw":"Lo asistimos para que env\u00ede un mensaje de alto impacto a su p\u00fablico."},"mensaje-3":{"type":"textfield","raw":"Llevamos sus campa\u00f1as de marketing m\u00e1s all\u00e1 de la traducci\u00f3n y la localizaci\u00f3n."},"mensaje-4":{"type":"textfield","raw":"Recogemos la perspectiva de residentes locales para entender mejor las sutilezas culturales."},"mensaje-5":{"type":"textfield","raw":""},"mensaje-6":{"type":"textfield","raw":""}},"single-page-template-fields":{"imgs-temp":{"type":"image","raw":["https:\/\/static.trustedtranslations.com\/wp-content\/uploads\/2024\/06\/transcription-final-2-1.webp","https:\/\/static.trustedtranslations.com\/wp-content\/uploads\/2024\/06\/transcription-final-1.webp"],"repeatable":[{"raw":"https:\/\/static.trustedtranslations.com\/wp-content\/uploads\/2024\/06\/transcription-final-2-1.webp"},{"raw":"https:\/\/static.trustedtranslations.com\/wp-content\/uploads\/2024\/06\/transcription-final-1.webp"}]},"imgs-temp-cel":{"type":"image","raw":[""],"repeatable":[{"raw":""}]},"img-temp-one-cel":{"type":"image","raw":"https:\/\/static.trustedtranslations.com\/wp-content\/uploads\/2024\/06\/AdobeStock_120568310-1-1.webp","attachment_id":null},"quotes":{"type":"textarea","raw":"<h1 style=\"margin-bottom: 12px;\">Servicios de Transcreaci\u00f3n<\/h1>\r\nA veces, para llegar a su p\u00fablico objetivo, los servicios de traducci\u00f3n y localizaci\u00f3n no son suficientes. Cuando necesite comunicar las implicancias emocionales y creativas de su mensaje de marketing en otro idioma, <em>Trusted Translations<\/em> puede ayudarlo con lo que en la industria se conoce como <strong>transcreaci\u00f3n<\/strong>: una combinaci\u00f3n de traducci\u00f3n y redacci\u00f3n creativa que adapta su mensaje de una manera que impacta en quien lo recibe.\r\n<div style=\"margin-top: 2.5vw;\"><a class=\"tt-btn-main-cta\" href=\"https:\/\/www.trustedtranslations.com\/es\/presupuesto-sin-cargo\">Solicite un presupuesto sin cargo<\/a><\/div>"},"text-1":{"type":"textarea","raw":"<h2>C\u00f3mo Crear Mensajes de Marketing con Resonancia Cultural en M\u00e1s de 200 Idiomas<\/h2>Cuando se trata de marketing, muchas veces es el esp\u00edritu del mensaje lo que determina la calidad, y no la traducci\u00f3n exacta de cada palabra. Piense en esl\u00f3ganes de marketing famosos y eficaces, como la campa\u00f1a publicitaria \"\u00bfTienes leche?\" o la de \"Me encanta\", de McDonald\u2019s. Con cualquiera de estos esl\u00f3ganes, una interpretaci\u00f3n del idioma fuente al de destino, perfecta en sentido gramatical, no lograr\u00eda capturar las caracter\u00edsticas coloquiales y no gramaticales del original que son esenciales para que resulten pegadizos.\r\n\r\nEn marketing y publicidad, lo que en verdad se busca con frecuencia es <strong>transcreaci\u00f3n,<\/strong> o adaptar la intenci\u00f3n de su mensaje en funci\u00f3n de los matices culturales espec\u00edficos de su mercado objetivo. En lugar de la perfecci\u00f3n ling\u00fc\u00edstica, la meta es hacer sentir al p\u00fablico una poderosa conexi\u00f3n con el material que ofrece. La transcreaci\u00f3n lo ayuda a proteger su marca y a evitar traspi\u00e9s culturales al expandirse a nuevos mercados.\r\n\r\nEn <em>Trusted Translations<\/em> trabajamos con m\u00e1s de 200 idiomas mundiales y somos expertos en marketing global, incluido <a href=\"https:\/\/www.trustedtranslations.com\/es\/servicios\/humano\/marketing-online\" rel=\"noopener\">marketing multiling\u00fce en l\u00ednea<\/a>. Por lo tanto, cuando se trata de transcreaci\u00f3n, nuestro equipo de expertos ling\u00fcistas trabaja con los equipos de marketing y dise\u00f1o para garantizar que todo su contenido se \"transcree\" de manera profesional.\r\n<h2>Servicios de Transcreaci\u00f3n Localizada<\/h2>\r\nComo <a href=\"https:\/\/www.trustedtranslations.com\/es\/servicios\/humano\/localizacion\" target=\"_blank\" rel=\"noopener\">expertos en localizaci\u00f3n<\/a>, al transferir su mensaje desde el idioma de origen a cualquier idioma de destino, en <em>Trusted Translations<\/em> tenemos en cuenta las sutilezas culturales y ling\u00fc\u00edsticas espec\u00edficas del \u00e1rea, de la regi\u00f3n o del grupo demogr\u00e1fico en cuesti\u00f3n.\r\n\r\nEn particular, en la transcreaci\u00f3n muchas veces se requiere un cambio m\u00e1s dr\u00e1stico que el que puede proporcionar una simple traducci\u00f3n. Gracias a nuestra combinaci\u00f3n de dominio ling\u00fc\u00edstico y experiencia en el sector, nuestro equipo se especializa en traducciones de marketing global para cualquier nicho de mercado que desee atraer. Hacemos la investigaci\u00f3n necesaria para adaptar su mensaje a un determinado p\u00fablico: por ejemplo, analizamos sutilezas idiom\u00e1ticas, evaluamos el comportamiento del consumidor con influencias culturales y recogemos perspectivas de los residentes del lugar para entender mejor los matices culturales.\r\n\r\nComo soluci\u00f3n \u00fanica para servicios de traducci\u00f3n y transcreaci\u00f3n, <em>Trusted Translations<\/em> tambi\u00e9n cuenta con la ventaja de su experiencia en redacci\u00f3n creativa y dise\u00f1o gr\u00e1fico. No solo tomaremos en cuenta el texto y el objetivo al que va dirigido, sino que tambi\u00e9n evaluaremos c\u00f3mo afectar\u00e1 al p\u00fablico a nivel emocional cada detalle, como el uso de la imagen, el color, la fuente, la elecci\u00f3n de palabras y m\u00e1s.\r\n\r\nYa sea que busque transcrear un folleto, un anuncio de radio o televisi\u00f3n, p\u00f3steres y volantes, o secciones de su sitio web con dificultades ling\u00fc\u00edsticas, <em>Trusted Translations<\/em> est\u00e1 listo para satisfacer todas sus necesidades de transcreaci\u00f3n."},"shortcode-map":{"type":"textfield","raw":""},"dyk-shortcode":{"type":"textfield","raw":"[elementor-template id=\"139368\"]"},"text-2":{"type":"textarea","raw":"<h2>Transcreaci\u00f3n vs. Traducci\u00f3n vs. Localizaci\u00f3n<\/h2>\r\n\u00bfCu\u00e1l es la diferencia entre transcreaci\u00f3n y traducci\u00f3n? Incluso algunos proveedores de servicios ling\u00fc\u00edsticos no distinguen entre los dos procesos con claridad, y si agregamos \"localizaci\u00f3n\" a la ecuaci\u00f3n, las cosas pueden parecer mucho m\u00e1s confusas. Incluso podr\u00edan verse estos t\u00e9rminos descritos como tres niveles de servicio con l\u00edmites algo borrosos entre ellos. Pero hay algunas distinciones significativas, como se detalla a continuaci\u00f3n.\r\n<h3>Transcreaci\u00f3n, Traducci\u00f3n y Localizaci\u00f3n<\/h3>\r\nSi bien la <strong>traducci\u00f3n<\/strong> es el proceso de convertir el contenido global de un idioma de origen a uno de destino, es posible que necesite m\u00e1s que una transferencia literal. Ah\u00ed es donde entra en juego un servicio de <strong>localizaci\u00f3n<\/strong>, que agrega una adaptaci\u00f3n cultural para afinar una traducci\u00f3n b\u00e1sica.\u00a0Con la <strong>transcreaci\u00f3n<\/strong> vamos un paso m\u00e1s all\u00e1: no solo se convierte el texto, sino que se lo modifica para crear una experiencia emocional en un p\u00fablico objetivo muy espec\u00edfico (como paso final extra, el equipo en su pa\u00eds tambi\u00e9n puede sugerir desarrollar <strong>contenido local<\/strong> en forma directa).\r\n<h3>Utilidad para Marketing y Publicidad<\/h3>\r\nAunque la <strong>traducci\u00f3n<\/strong> se puede aplicar a una mir\u00edada de circunstancias y tipos de contenido, la <strong>transcreaci\u00f3n<\/strong> es \u00fatil en especial para las funciones de marketing y publicidad de su empresa. Entre ellas podr\u00edan contarse construcci\u00f3n y adaptaci\u00f3n de la marca, promoci\u00f3n de la fidelidad del cliente, comunicaci\u00f3n corporativa tanto dentro como fuera de su empresa, etc.\r\n<h3>Trabajar con Expertos en Transcreaci\u00f3n<\/h3>\r\nSi bien todos los especialistas en <strong>traducci\u00f3n<\/strong>, <strong>localizaci\u00f3n<\/strong> y <strong>transcreaci\u00f3n<\/strong> son profesionales biling\u00fces o multiling\u00fces, los expertos en transcreaci\u00f3n tambi\u00e9n se especializan en localizaci\u00f3n de marketing, tienen grandes habilidades para redactar y son creativos en su interpretaci\u00f3n del marketing de marca. Como personas con consciencia y profundo conocimiento de los matices culturales, es casi inevitable que sean hablantes nativos y residentes del pa\u00eds o la regi\u00f3n a los que se intenta llegar.\r\n\r\nLos expertos en <strong>transcreaci\u00f3n<\/strong> tambi\u00e9n exigir\u00e1n un resumen m\u00e1s detallado del proyecto, en lugar de las pautas m\u00e1s o menos simples que proporcionan los gerentes de proyecto para una <strong>traducci\u00f3n<\/strong> o <strong>localizaci\u00f3n<\/strong> normales.\r\n\r\nEn <em>Trusted Translations<\/em>, conocemos muy bien las diferencias entre estos tipos de servicios. Cont\u00e1ctenos hoy para saber c\u00f3mo nuestros especialistas en transcreaci\u00f3n le proporcionar\u00e1n trabajos de la m\u00e1s alta calidad en la industria."},"state":{"type":"textfield","raw":""},"city":{"type":"textarea","raw":[]}}},"_links":{"self":[{"href":"https:\/\/www.trustedtranslations.com\/es\/wp-json\/wp\/v2\/pages\/128017","targetHints":{"allow":["GET"]}}],"collection":[{"href":"https:\/\/www.trustedtranslations.com\/es\/wp-json\/wp\/v2\/pages"}],"about":[{"href":"https:\/\/www.trustedtranslations.com\/es\/wp-json\/wp\/v2\/types\/page"}],"author":[{"embeddable":true,"href":"https:\/\/www.trustedtranslations.com\/es\/wp-json\/wp\/v2\/users\/1"}],"replies":[{"embeddable":true,"href":"https:\/\/www.trustedtranslations.com\/es\/wp-json\/wp\/v2\/comments?post=128017"}],"version-history":[{"count":0,"href":"https:\/\/www.trustedtranslations.com\/es\/wp-json\/wp\/v2\/pages\/128017\/revisions"}],"up":[{"embeddable":true,"href":"https:\/\/www.trustedtranslations.com\/es\/wp-json\/wp\/v2\/pages\/127136"}],"wp:featuredmedia":[{"embeddable":true,"href":"https:\/\/www.trustedtranslations.com\/es\/wp-json\/wp\/v2\/media\/235677"}],"wp:attachment":[{"href":"https:\/\/www.trustedtranslations.com\/es\/wp-json\/wp\/v2\/media?parent=128017"}],"curies":[{"name":"wp","href":"https:\/\/api.w.org\/{rel}","templated":true}]}}