{"id":128018,"date":"2019-09-02T18:48:40","date_gmt":"2019-09-02T18:48:40","guid":{"rendered":"https:\/\/www.trustedtranslations.com\/?page_id=128018"},"modified":"2024-09-06T12:39:56","modified_gmt":"2024-09-06T15:39:56","slug":"wordpress-wpml","status":"publish","type":"page","link":"https:\/\/www.trustedtranslations.com\/es\/servicios\/formatos-de-archivos\/wordpress-wpml","title":{"rendered":"WordPress"},"content":{"rendered":"","protected":false},"excerpt":{"rendered":"","protected":false},"author":4,"featured_media":238307,"parent":127688,"menu_order":18,"comment_status":"closed","ping_status":"closed","template":"","meta":{"site-sidebar-layout":"default","site-content-layout":"default","ast-site-content-layout":"default","site-content-style":"default","site-sidebar-style":"default","ast-global-header-display":"","ast-banner-title-visibility":"","ast-main-header-display":"","ast-hfb-above-header-display":"","ast-hfb-below-header-display":"","ast-hfb-mobile-header-display":"","site-post-title":"disabled","ast-breadcrumbs-content":"","ast-featured-img":"","footer-sml-layout":"","ast-disable-related-posts":"","theme-transparent-header-meta":"default","adv-header-id-meta":"","stick-header-meta":"","header-above-stick-meta":"","header-main-stick-meta":"","header-below-stick-meta":"","astra-migrate-meta-layouts":"set","ast-page-background-enabled":"default","ast-page-background-meta":{"desktop":{"background-color":"var(--ast-global-color-4)","background-image":"","background-repeat":"repeat","background-position":"center center","background-size":"auto","background-attachment":"scroll","background-type":"","background-media":"","overlay-type":"","overlay-color":"","overlay-opacity":"","overlay-gradient":""},"tablet":{"background-color":"","background-image":"","background-repeat":"repeat","background-position":"center center","background-size":"auto","background-attachment":"scroll","background-type":"","background-media":"","overlay-type":"","overlay-color":"","overlay-opacity":"","overlay-gradient":""},"mobile":{"background-color":"","background-image":"","background-repeat":"repeat","background-position":"center center","background-size":"auto","background-attachment":"scroll","background-type":"","background-media":"","overlay-type":"","overlay-color":"","overlay-opacity":"","overlay-gradient":""}},"ast-content-background-meta":{"desktop":{"background-color":"var(--ast-global-color-5)","background-image":"","background-repeat":"repeat","background-position":"center center","background-size":"auto","background-attachment":"scroll","background-type":"","background-media":"","overlay-type":"","overlay-color":"","overlay-opacity":"","overlay-gradient":""},"tablet":{"background-color":"var(--ast-global-color-5)","background-image":"","background-repeat":"repeat","background-position":"center center","background-size":"auto","background-attachment":"scroll","background-type":"","background-media":"","overlay-type":"","overlay-color":"","overlay-opacity":"","overlay-gradient":""},"mobile":{"background-color":"var(--ast-global-color-5)","background-image":"","background-repeat":"repeat","background-position":"center center","background-size":"auto","background-attachment":"scroll","background-type":"","background-media":"","overlay-type":"","overlay-color":"","overlay-opacity":"","overlay-gradient":""}},"footnotes":""},"class_list":["post-128018","page","type-page","status-publish","has-post-thumbnail","hentry"],"yoast_head":"<!-- This site is optimized with the Yoast SEO plugin v27.3 - https:\/\/yoast.com\/product\/yoast-seo-wordpress\/ -->\n<title>Traducciones de WordPress y Sitios Web WPML: Trusted Translations, Inc.<\/title>\n<meta name=\"description\" content=\"Trusted Translations ofrece traducci\u00f3n y localizaci\u00f3n de WordPress de alta calidad en cualquier idioma con el uso de WPML, todo a precios competitivos.\" \/>\n<meta name=\"robots\" content=\"index, follow, max-snippet:-1, max-image-preview:large, max-video-preview:-1\" \/>\n<link rel=\"canonical\" href=\"https:\/\/www.trustedtranslations.com\/es\/servicios\/formatos-de-archivos\/wordpress-wpml\" \/>\n<meta property=\"og:locale\" content=\"es_ES\" \/>\n<meta property=\"og:type\" content=\"article\" \/>\n<meta property=\"og:title\" content=\"Traducciones de WordPress y Sitios Web WPML: Trusted Translations, Inc.\" \/>\n<meta property=\"og:description\" content=\"Trusted Translations ofrece traducci\u00f3n y localizaci\u00f3n de WordPress de alta calidad en cualquier idioma con el uso de WPML, todo a precios competitivos.\" \/>\n<meta property=\"og:url\" content=\"https:\/\/www.trustedtranslations.com\/es\/servicios\/formatos-de-archivos\/wordpress-wpml\" \/>\n<meta property=\"og:site_name\" content=\"Trusted Translations\" \/>\n<meta property=\"article:publisher\" content=\"https:\/\/www.facebook.com\/Trusted.Translations\" \/>\n<meta property=\"article:modified_time\" content=\"2024-09-06T15:39:56+00:00\" \/>\n<meta property=\"og:image\" content=\"https:\/\/static.trustedtranslations.com\/wp-content\/uploads\/2024\/02\/tt-icon_Professional-Translation.webp\" \/>\n\t<meta property=\"og:image:width\" content=\"151\" \/>\n\t<meta property=\"og:image:height\" content=\"151\" \/>\n\t<meta property=\"og:image:type\" content=\"image\/webp\" \/>\n<meta name=\"twitter:card\" content=\"summary_large_image\" \/>\n<meta name=\"twitter:site\" content=\"@TrustedT9ns\" \/>\n<script type=\"application\/ld+json\" class=\"yoast-schema-graph\">{\"@context\":\"https:\\\/\\\/schema.org\",\"@graph\":[{\"@type\":\"WebPage\",\"@id\":\"https:\\\/\\\/www.trustedtranslations.com\\\/es\\\/servicios\\\/formatos-de-archivos\\\/wordpress-wpml\",\"url\":\"https:\\\/\\\/www.trustedtranslations.com\\\/es\\\/servicios\\\/formatos-de-archivos\\\/wordpress-wpml\",\"name\":\"Traducciones de WordPress y Sitios Web WPML: Trusted Translations, Inc.\",\"isPartOf\":{\"@id\":\"https:\\\/\\\/www.trustedtranslations.com\\\/es\\\/#website\"},\"primaryImageOfPage\":{\"@id\":\"https:\\\/\\\/www.trustedtranslations.com\\\/es\\\/servicios\\\/formatos-de-archivos\\\/wordpress-wpml#primaryimage\"},\"image\":{\"@id\":\"https:\\\/\\\/www.trustedtranslations.com\\\/es\\\/servicios\\\/formatos-de-archivos\\\/wordpress-wpml#primaryimage\"},\"thumbnailUrl\":\"https:\\\/\\\/www.trustedtranslations.com\\\/wp-content\\\/uploads\\\/2024\\\/02\\\/tt-icon_Professional-Translation.webp\",\"description\":\"Trusted Translations ofrece traducci\u00f3n y localizaci\u00f3n de WordPress de alta calidad en cualquier idioma con el uso de WPML, todo a precios competitivos.\",\"breadcrumb\":{\"@id\":\"https:\\\/\\\/www.trustedtranslations.com\\\/es\\\/servicios\\\/formatos-de-archivos\\\/wordpress-wpml#breadcrumb\"},\"inLanguage\":\"es\",\"potentialAction\":[{\"@type\":\"ReadAction\",\"target\":[\"https:\\\/\\\/www.trustedtranslations.com\\\/es\\\/servicios\\\/formatos-de-archivos\\\/wordpress-wpml\"]}]},{\"@type\":\"ImageObject\",\"inLanguage\":\"es\",\"@id\":\"https:\\\/\\\/www.trustedtranslations.com\\\/es\\\/servicios\\\/formatos-de-archivos\\\/wordpress-wpml#primaryimage\",\"url\":\"https:\\\/\\\/www.trustedtranslations.com\\\/wp-content\\\/uploads\\\/2024\\\/02\\\/tt-icon_Professional-Translation.webp\",\"contentUrl\":\"https:\\\/\\\/www.trustedtranslations.com\\\/wp-content\\\/uploads\\\/2024\\\/02\\\/tt-icon_Professional-Translation.webp\",\"width\":151,\"height\":151,\"caption\":\"tt icon Professional Translation\"},{\"@type\":\"BreadcrumbList\",\"@id\":\"https:\\\/\\\/www.trustedtranslations.com\\\/es\\\/servicios\\\/formatos-de-archivos\\\/wordpress-wpml#breadcrumb\",\"itemListElement\":[{\"@type\":\"ListItem\",\"position\":1,\"name\":\"Home\",\"item\":\"https:\\\/\\\/www.trustedtranslations.com\\\/es\"},{\"@type\":\"ListItem\",\"position\":2,\"name\":\"Servicios\",\"item\":\"https:\\\/\\\/www.trustedtranslations.com\\\/es\\\/servicios\"},{\"@type\":\"ListItem\",\"position\":3,\"name\":\"Formatos de Archivo\",\"item\":\"https:\\\/\\\/www.trustedtranslations.com\\\/es\\\/servicios\\\/formatos-de-archivos\"},{\"@type\":\"ListItem\",\"position\":4,\"name\":\"WordPress\"}]},{\"@type\":\"WebSite\",\"@id\":\"https:\\\/\\\/www.trustedtranslations.com\\\/es\\\/#website\",\"url\":\"https:\\\/\\\/www.trustedtranslations.com\\\/es\\\/\",\"name\":\"Trusted Translations, Inc.\",\"description\":\"Leader in translation and interpretation services.\",\"publisher\":{\"@id\":\"https:\\\/\\\/www.trustedtranslations.com\\\/es\\\/#organization\"},\"alternateName\":\"Trusted Translations\",\"potentialAction\":[{\"@type\":\"SearchAction\",\"target\":{\"@type\":\"EntryPoint\",\"urlTemplate\":\"https:\\\/\\\/www.trustedtranslations.com\\\/es\\\/?s={search_term_string}\"},\"query-input\":{\"@type\":\"PropertyValueSpecification\",\"valueRequired\":true,\"valueName\":\"search_term_string\"}}],\"inLanguage\":\"es\"},{\"@type\":\"Organization\",\"@id\":\"https:\\\/\\\/www.trustedtranslations.com\\\/es\\\/#organization\",\"name\":\"Trusted Translations\",\"alternateName\":\"Trusted Translations, Inc.\",\"url\":\"https:\\\/\\\/www.trustedtranslations.com\\\/es\\\/\",\"logo\":{\"@type\":\"ImageObject\",\"inLanguage\":\"es\",\"@id\":\"https:\\\/\\\/www.trustedtranslations.com\\\/es\\\/#\\\/schema\\\/logo\\\/image\\\/\",\"url\":\"https:\\\/\\\/static.trustedtranslations.com\\\/wp-content\\\/uploads\\\/2022\\\/01\\\/TT_logo_WSIColors-2.png\",\"contentUrl\":\"https:\\\/\\\/static.trustedtranslations.com\\\/wp-content\\\/uploads\\\/2022\\\/01\\\/TT_logo_WSIColors-2.png\",\"width\":500,\"height\":196,\"caption\":\"Trusted Translations\"},\"image\":{\"@id\":\"https:\\\/\\\/www.trustedtranslations.com\\\/es\\\/#\\\/schema\\\/logo\\\/image\\\/\"},\"sameAs\":[\"https:\\\/\\\/www.facebook.com\\\/Trusted.Translations\",\"https:\\\/\\\/x.com\\\/TrustedT9ns\",\"https:\\\/\\\/www.linkedin.com\\\/company\\\/trusted-translations\"]}]}<\/script>\n<!-- \/ Yoast SEO plugin. -->","yoast_head_json":{"title":"Traducciones de WordPress y Sitios Web WPML: Trusted Translations, Inc.","description":"Trusted Translations ofrece traducci\u00f3n y localizaci\u00f3n de WordPress de alta calidad en cualquier idioma con el uso de WPML, todo a precios competitivos.","robots":{"index":"index","follow":"follow","max-snippet":"max-snippet:-1","max-image-preview":"max-image-preview:large","max-video-preview":"max-video-preview:-1"},"canonical":"https:\/\/www.trustedtranslations.com\/es\/servicios\/formatos-de-archivos\/wordpress-wpml","og_locale":"es_ES","og_type":"article","og_title":"Traducciones de WordPress y Sitios Web WPML: Trusted Translations, Inc.","og_description":"Trusted Translations ofrece traducci\u00f3n y localizaci\u00f3n de WordPress de alta calidad en cualquier idioma con el uso de WPML, todo a precios competitivos.","og_url":"https:\/\/www.trustedtranslations.com\/es\/servicios\/formatos-de-archivos\/wordpress-wpml","og_site_name":"Trusted Translations","article_publisher":"https:\/\/www.facebook.com\/Trusted.Translations","article_modified_time":"2024-09-06T15:39:56+00:00","og_image":[{"width":151,"height":151,"url":"https:\/\/static.trustedtranslations.com\/wp-content\/uploads\/2024\/02\/tt-icon_Professional-Translation.webp","type":"image\/webp"}],"twitter_card":"summary_large_image","twitter_site":"@TrustedT9ns","schema":{"@context":"https:\/\/schema.org","@graph":[{"@type":"WebPage","@id":"https:\/\/www.trustedtranslations.com\/es\/servicios\/formatos-de-archivos\/wordpress-wpml","url":"https:\/\/www.trustedtranslations.com\/es\/servicios\/formatos-de-archivos\/wordpress-wpml","name":"Traducciones de WordPress y Sitios Web WPML: Trusted Translations, Inc.","isPartOf":{"@id":"https:\/\/www.trustedtranslations.com\/es\/#website"},"primaryImageOfPage":{"@id":"https:\/\/www.trustedtranslations.com\/es\/servicios\/formatos-de-archivos\/wordpress-wpml#primaryimage"},"image":{"@id":"https:\/\/www.trustedtranslations.com\/es\/servicios\/formatos-de-archivos\/wordpress-wpml#primaryimage"},"thumbnailUrl":"https:\/\/www.trustedtranslations.com\/wp-content\/uploads\/2024\/02\/tt-icon_Professional-Translation.webp","description":"Trusted Translations ofrece traducci\u00f3n y localizaci\u00f3n de WordPress de alta calidad en cualquier idioma con el uso de WPML, todo a precios competitivos.","breadcrumb":{"@id":"https:\/\/www.trustedtranslations.com\/es\/servicios\/formatos-de-archivos\/wordpress-wpml#breadcrumb"},"inLanguage":"es","potentialAction":[{"@type":"ReadAction","target":["https:\/\/www.trustedtranslations.com\/es\/servicios\/formatos-de-archivos\/wordpress-wpml"]}]},{"@type":"ImageObject","inLanguage":"es","@id":"https:\/\/www.trustedtranslations.com\/es\/servicios\/formatos-de-archivos\/wordpress-wpml#primaryimage","url":"https:\/\/www.trustedtranslations.com\/wp-content\/uploads\/2024\/02\/tt-icon_Professional-Translation.webp","contentUrl":"https:\/\/www.trustedtranslations.com\/wp-content\/uploads\/2024\/02\/tt-icon_Professional-Translation.webp","width":151,"height":151,"caption":"tt icon Professional Translation"},{"@type":"BreadcrumbList","@id":"https:\/\/www.trustedtranslations.com\/es\/servicios\/formatos-de-archivos\/wordpress-wpml#breadcrumb","itemListElement":[{"@type":"ListItem","position":1,"name":"Home","item":"https:\/\/www.trustedtranslations.com\/es"},{"@type":"ListItem","position":2,"name":"Servicios","item":"https:\/\/www.trustedtranslations.com\/es\/servicios"},{"@type":"ListItem","position":3,"name":"Formatos de Archivo","item":"https:\/\/www.trustedtranslations.com\/es\/servicios\/formatos-de-archivos"},{"@type":"ListItem","position":4,"name":"WordPress"}]},{"@type":"WebSite","@id":"https:\/\/www.trustedtranslations.com\/es\/#website","url":"https:\/\/www.trustedtranslations.com\/es\/","name":"Trusted Translations, Inc.","description":"Leader in translation and interpretation services.","publisher":{"@id":"https:\/\/www.trustedtranslations.com\/es\/#organization"},"alternateName":"Trusted Translations","potentialAction":[{"@type":"SearchAction","target":{"@type":"EntryPoint","urlTemplate":"https:\/\/www.trustedtranslations.com\/es\/?s={search_term_string}"},"query-input":{"@type":"PropertyValueSpecification","valueRequired":true,"valueName":"search_term_string"}}],"inLanguage":"es"},{"@type":"Organization","@id":"https:\/\/www.trustedtranslations.com\/es\/#organization","name":"Trusted Translations","alternateName":"Trusted Translations, Inc.","url":"https:\/\/www.trustedtranslations.com\/es\/","logo":{"@type":"ImageObject","inLanguage":"es","@id":"https:\/\/www.trustedtranslations.com\/es\/#\/schema\/logo\/image\/","url":"https:\/\/static.trustedtranslations.com\/wp-content\/uploads\/2022\/01\/TT_logo_WSIColors-2.png","contentUrl":"https:\/\/static.trustedtranslations.com\/wp-content\/uploads\/2022\/01\/TT_logo_WSIColors-2.png","width":500,"height":196,"caption":"Trusted Translations"},"image":{"@id":"https:\/\/www.trustedtranslations.com\/es\/#\/schema\/logo\/image\/"},"sameAs":["https:\/\/www.facebook.com\/Trusted.Translations","https:\/\/x.com\/TrustedT9ns","https:\/\/www.linkedin.com\/company\/trusted-translations"]}]}},"toolset-meta":{"dyk":{"mensaje-1":{"type":"textfield","raw":"La traducci\u00f3n de sitios web de WordPress es m\u00e1s f\u00e1cil que nunca con el plugin WPML."},"mensaje-2":{"type":"textfield","raw":"WordPress es utilizado por dos de cada cinco sitios web en internet."},"mensaje-3":{"type":"textfield","raw":"Entregamos traducciones en l\u00ednea, directamente en su sitio web de WordPress."},"mensaje-4":{"type":"textfield","raw":"Mantenemos el estilo y el formato originales de su sitio web de WordPress."},"mensaje-5":{"type":"textfield","raw":""},"mensaje-6":{"type":"textfield","raw":""}},"single-page-template-fields":{"imgs-temp":{"type":"image","raw":["https:\/\/static.trustedtranslations.com\/wp-content\/uploads\/2024\/06\/wordpress-final-1.webp"],"repeatable":[{"raw":"https:\/\/static.trustedtranslations.com\/wp-content\/uploads\/2024\/06\/wordpress-final-1.webp"}]},"imgs-temp-cel":{"type":"image","raw":[""],"repeatable":[{"raw":""}]},"img-temp-one-cel":{"type":"image","raw":"https:\/\/static.trustedtranslations.com\/wp-content\/uploads\/2024\/03\/AdobeStock_385542563-2-1.webp","attachment_id":null},"quotes":{"type":"textarea","raw":"<h1 style=\"margin-bottom: 12px;\">Traducci\u00f3n profesional para sitios web de<em> WordPress<\/em><\/h1>\r\nLo guiaremos a lo largo de todo el proceso de traducci\u00f3n y localizaci\u00f3n de su sitio web de <em>WordPress.<\/em> Ofrecemos <a href=\"\/?page_id=277\">traducciones de sitios web<\/a> profesionales de alta calidad en <em>WordPress<\/em> a las tarifas m\u00e1s competitivas. Plugins como <em>WPML<\/em>\u00a0 o <em>Multilingual Press <\/em> pueden proveer la soluci\u00f3n ideal si desea traducir su sitio web de <em>WordPress<\/em>. Y <em><em>Trusted Translations<\/em><\/em> es el mejor socio para localizar su contenido mediante uno de estos plugins de <em>WordPress.<\/em>\r\n<div style=\"margin-top: 2.5vw;\"><a class=\"tt-btn-main-cta\" href=\"\/es\/presupuesto-sin-cargo\">SOLICITE UN PRESUPUESTO SIN CARGOe<\/a><\/div>"},"text-1":{"type":"textarea","raw":"<h2>SEO\u00a0multiling\u00fce<em>WordPress<\/em>\u00a0Localizaci\u00f3n con<em>WPML<\/em><\/h2>\r\nComo se ha explicado en la documentaci\u00f3n de <em>WPML <\/em>para desarrolladores:\u00a0<em>\u201cUno de los principales beneficios de contar con un sitio multiling\u00fce es aparecer dentro de los primeros lugares en los resultados de b\u00fasquedas de Google para diferentes idiomas. El proceso de promocionar su sitio hasta la m\u00e1xima expresi\u00f3n se denomina \u2018SEO\u2019 y cuando esto se desarrolla en un sitio multiling\u00fce, lo denominamos \u2018SEO multiling\u00fce\u2019\u201d.<\/em>\r\n\r\nCuando usa <em>WordPress<\/em> para armar su sitio, ya est\u00e1 aprovechando mucho trabajo de SEO. WordPress genera HTML simple, que Google entiende f\u00e1cilmente.\u00a0Los expertos en <a href=\"\/?page_id=304\">traducci\u00f3n de marketing online<\/a> de <em><em>Trusted Translations<\/em><\/em> localizar\u00e1n su sitio de <em>WordPress<\/em> con <em>WPML <\/em>para contribuir a que su contenido se ubique en una clasificaci\u00f3n elevada en cualquier idioma.\r\n<h2>Traducci\u00f3n de contenido de <em>WordPress<\/em> con <em>WPML<\/em><\/h2>\r\n<div class=\"pull-right tt-thumbnail hidden-xs\" style=\"height: 80px;\"><img style=\"max-width: 100px !important; width: 100px !important; position: relative !important; top: 25% !important;\" src=\"\/wp-content\/uploads\/2019\/07\/wpml-logo.png\" alt=\"WPML\" \/><\/div>\r\nSi su sitio web se cre\u00f3 con\u00a0<em>WordPress<\/em>\u00a0(actualmente, el sistema de administraci\u00f3n de contenido o CMS m\u00e1s popular del mundo) y necesita que su sitio web est\u00e9 disponible en diferentes idiomas, ahora puede lograrlo de forma r\u00e1pida y sencilla con el apoyo de expertos en localizaci\u00f3n como\u00a0<em><em>Trusted Translations<\/em><\/em> y la ayuda de <em>WPML<\/em>, el plugin multiling\u00fce de <em>WordPress.<\/em> Por parte de <em><em>Trusted Translations<\/em><\/em>, <em>Memsource<\/em> es el Sistema de Gesti\u00f3n de Traducci\u00f3n (TMS) que se utiliza para localizar su contenido en tantos idiomas como desee. La soluci\u00f3n que ofrecemos utiliza el Conector de <em>Memsource <\/em>para completar la <strong>integraci\u00f3n<\/strong> entre su CMS y nuestro TMS. Para una mayor <strong>automatizaci\u00f3n<\/strong>, y en caso de que su contenido sea m\u00e1s din\u00e1mico, tambi\u00e9n podemos ofrecerle el widget de automatizaci\u00f3n de <em>Memsource.<\/em>"},"shortcode-map":{"type":"textfield","raw":""},"dyk-shortcode":{"type":"textfield","raw":"[elementor-template id=\"139368\"]"},"text-2":{"type":"textarea","raw":"<h2>Configuraci\u00f3n sin cargo por <em>Trusted Translations<\/em><\/h2>\r\nAdem\u00e1s de las ventajas de <em>WPML <\/em>como su plugin, <em>Trusted Translations<\/em> tambi\u00e9n tiene un equipo de TI de especialistas en <em>WordPress<\/em> y <em>WPML<\/em>, que lo ayudar\u00e1n a resolver cualquier problema que surja durante la configuraci\u00f3n de <em>WPML<\/em>.\r\n<h2>Nuestro equipo exclusivo de asistencia t\u00e9cnica<\/h2>\r\nEl equipo de <em>Trusted Translations<\/em> le brindar\u00e1 asistencia t\u00e9cnica exclusiva desde el primer momento en que se comunique con nosotros hasta que se haya traducido la totalidad del contenido de su sitio web. Tambi\u00e9n contar\u00e1 con asistencia t\u00e9cnica disponible para cualquier pregunta que pueda tener durante el proceso de actualizaci\u00f3n de contenido, a pesar de que confiamos en que el plugin brindar\u00e1 el cauce invisible de traducciones que est\u00e1 buscando.\r\n<h2>El mejor precio de traducci\u00f3n por palabra, m\u00e1s descuentos por repeticiones<\/h2>\r\nEl servicio se cobra por palabra, pero no es necesario preocuparse por los costos, ya que el plugin puede cargar contenido actualizado a una plataforma que reutiliza contenido similar a un costo mucho menor que si se tradujeran todas las actualizaciones sin considerar el texto similar ya traducido. Consulte con nuestros representantes de ventas sobre c\u00f3mo aprovechar sus proyectos de traducci\u00f3n considerando las repeticiones y las coincidencias parciales y totales.\r\n<h2>\u00bfQuiere saber el n\u00famero de palabras que tiene su sitio?<\/h2>\r\nUse el <a href=\"https:\/\/wpml.org\/documentation\/translating-your-contents\/getting-a-word-count-of-your-wordpress-site\/?tsid=a967159995deeeb503da9761406a542e\">conteo de palabras<\/a> del sitio web de <em>WPML<\/em> para conocerlo. Cuando conozca el n\u00famero,\u00a0<a href=\"\/?page_id=105235\">p\u00f3ngase en contacto con nosotros<\/a>\u00a0y le ofreceremos un presupuesto exacto.\r\n\r\nNo dude en comunicarnos cualquier inquietud o preocupaci\u00f3n acerca de la localizaci\u00f3n y traducci\u00f3n de su sitio web de <em>WordPress<\/em>."},"state":{"type":"textfield","raw":""},"city":{"type":"textarea","raw":[]}}},"_links":{"self":[{"href":"https:\/\/www.trustedtranslations.com\/es\/wp-json\/wp\/v2\/pages\/128018","targetHints":{"allow":["GET"]}}],"collection":[{"href":"https:\/\/www.trustedtranslations.com\/es\/wp-json\/wp\/v2\/pages"}],"about":[{"href":"https:\/\/www.trustedtranslations.com\/es\/wp-json\/wp\/v2\/types\/page"}],"author":[{"embeddable":true,"href":"https:\/\/www.trustedtranslations.com\/es\/wp-json\/wp\/v2\/users\/4"}],"replies":[{"embeddable":true,"href":"https:\/\/www.trustedtranslations.com\/es\/wp-json\/wp\/v2\/comments?post=128018"}],"version-history":[{"count":0,"href":"https:\/\/www.trustedtranslations.com\/es\/wp-json\/wp\/v2\/pages\/128018\/revisions"}],"up":[{"embeddable":true,"href":"https:\/\/www.trustedtranslations.com\/es\/wp-json\/wp\/v2\/pages\/127688"}],"wp:featuredmedia":[{"embeddable":true,"href":"https:\/\/www.trustedtranslations.com\/es\/wp-json\/wp\/v2\/media\/238307"}],"wp:attachment":[{"href":"https:\/\/www.trustedtranslations.com\/es\/wp-json\/wp\/v2\/media?parent=128018"}],"curies":[{"name":"wp","href":"https:\/\/api.w.org\/{rel}","templated":true}]}}