{"id":128025,"date":"2019-05-13T16:24:24","date_gmt":"2019-05-13T16:24:24","guid":{"rendered":"https:\/\/www.trustedtranslations.com\/?page_id=128025"},"modified":"2024-09-02T18:32:51","modified_gmt":"2024-09-02T21:32:51","slug":"coreldraw","status":"publish","type":"page","link":"https:\/\/www.trustedtranslations.com\/es\/servicios\/formatos-de-archivos\/coreldraw","title":{"rendered":"Coreldraw"},"content":{"rendered":"","protected":false},"excerpt":{"rendered":"","protected":false},"author":1,"featured_media":238281,"parent":127688,"menu_order":16,"comment_status":"closed","ping_status":"closed","template":"","meta":{"site-sidebar-layout":"default","site-content-layout":"default","ast-site-content-layout":"default","site-content-style":"default","site-sidebar-style":"default","ast-global-header-display":"","ast-banner-title-visibility":"","ast-main-header-display":"","ast-hfb-above-header-display":"","ast-hfb-below-header-display":"","ast-hfb-mobile-header-display":"","site-post-title":"disabled","ast-breadcrumbs-content":"","ast-featured-img":"","footer-sml-layout":"","ast-disable-related-posts":"","theme-transparent-header-meta":"default","adv-header-id-meta":"","stick-header-meta":"","header-above-stick-meta":"","header-main-stick-meta":"","header-below-stick-meta":"","astra-migrate-meta-layouts":"set","ast-page-background-enabled":"default","ast-page-background-meta":{"desktop":{"background-color":"var(--ast-global-color-4)","background-image":"","background-repeat":"repeat","background-position":"center center","background-size":"auto","background-attachment":"scroll","background-type":"","background-media":"","overlay-type":"","overlay-color":"","overlay-opacity":"","overlay-gradient":""},"tablet":{"background-color":"","background-image":"","background-repeat":"repeat","background-position":"center center","background-size":"auto","background-attachment":"scroll","background-type":"","background-media":"","overlay-type":"","overlay-color":"","overlay-opacity":"","overlay-gradient":""},"mobile":{"background-color":"","background-image":"","background-repeat":"repeat","background-position":"center center","background-size":"auto","background-attachment":"scroll","background-type":"","background-media":"","overlay-type":"","overlay-color":"","overlay-opacity":"","overlay-gradient":""}},"ast-content-background-meta":{"desktop":{"background-color":"var(--ast-global-color-5)","background-image":"","background-repeat":"repeat","background-position":"center center","background-size":"auto","background-attachment":"scroll","background-type":"","background-media":"","overlay-type":"","overlay-color":"","overlay-opacity":"","overlay-gradient":""},"tablet":{"background-color":"var(--ast-global-color-5)","background-image":"","background-repeat":"repeat","background-position":"center center","background-size":"auto","background-attachment":"scroll","background-type":"","background-media":"","overlay-type":"","overlay-color":"","overlay-opacity":"","overlay-gradient":""},"mobile":{"background-color":"var(--ast-global-color-5)","background-image":"","background-repeat":"repeat","background-position":"center center","background-size":"auto","background-attachment":"scroll","background-type":"","background-media":"","overlay-type":"","overlay-color":"","overlay-opacity":"","overlay-gradient":""}},"footnotes":""},"class_list":["post-128025","page","type-page","status-publish","has-post-thumbnail","hentry"],"yoast_head":"<!-- This site is optimized with the Yoast SEO plugin v27.5 - https:\/\/yoast.com\/product\/yoast-seo-wordpress\/ -->\n<title>Servicios de Traducci\u00f3n de CorelDRAW: Trusted Translations, Inc.<\/title>\n<meta name=\"description\" content=\"El equipo de expertos de Trusted Translations traducir\u00e1 y formatear\u00e1 folletos, logotipos, gr\u00e1ficos web de CorelDRAW y m\u00e1s, para que pueda llegar a un p\u00fablico global.\" \/>\n<meta name=\"robots\" content=\"index, follow, max-snippet:-1, max-image-preview:large, max-video-preview:-1\" \/>\n<link rel=\"canonical\" href=\"https:\/\/www.trustedtranslations.com\/es\/servicios\/formatos-de-archivos\/coreldraw\" \/>\n<meta property=\"og:locale\" content=\"es_ES\" \/>\n<meta property=\"og:type\" content=\"article\" \/>\n<meta property=\"og:title\" content=\"Servicios de Traducci\u00f3n de CorelDRAW: Trusted Translations, Inc.\" \/>\n<meta property=\"og:description\" content=\"El equipo de expertos de Trusted Translations traducir\u00e1 y formatear\u00e1 folletos, logotipos, gr\u00e1ficos web de CorelDRAW y m\u00e1s, para que pueda llegar a un p\u00fablico global.\" \/>\n<meta property=\"og:url\" content=\"https:\/\/www.trustedtranslations.com\/es\/servicios\/formatos-de-archivos\/coreldraw\" \/>\n<meta property=\"og:site_name\" content=\"Trusted Translations\" \/>\n<meta property=\"article:publisher\" content=\"https:\/\/www.facebook.com\/Trusted.Translations\" \/>\n<meta property=\"article:modified_time\" content=\"2024-09-02T21:32:51+00:00\" \/>\n<meta property=\"og:image\" content=\"https:\/\/static.trustedtranslations.com\/wp-content\/uploads\/2024\/02\/tt-icon_CorelDRAW-Translation-Se.webp\" \/>\n\t<meta property=\"og:image:width\" content=\"151\" \/>\n\t<meta property=\"og:image:height\" content=\"151\" \/>\n\t<meta property=\"og:image:type\" content=\"image\/webp\" \/>\n<meta name=\"twitter:card\" content=\"summary_large_image\" \/>\n<meta name=\"twitter:site\" content=\"@TrustedT9ns\" \/>\n<script type=\"application\/ld+json\" class=\"yoast-schema-graph\">{\"@context\":\"https:\\\/\\\/schema.org\",\"@graph\":[{\"@type\":\"WebPage\",\"@id\":\"https:\\\/\\\/www.trustedtranslations.com\\\/es\\\/servicios\\\/formatos-de-archivos\\\/coreldraw\",\"url\":\"https:\\\/\\\/www.trustedtranslations.com\\\/es\\\/servicios\\\/formatos-de-archivos\\\/coreldraw\",\"name\":\"Servicios de Traducci\u00f3n de CorelDRAW: Trusted Translations, Inc.\",\"isPartOf\":{\"@id\":\"https:\\\/\\\/www.trustedtranslations.com\\\/es\\\/#website\"},\"primaryImageOfPage\":{\"@id\":\"https:\\\/\\\/www.trustedtranslations.com\\\/es\\\/servicios\\\/formatos-de-archivos\\\/coreldraw#primaryimage\"},\"image\":{\"@id\":\"https:\\\/\\\/www.trustedtranslations.com\\\/es\\\/servicios\\\/formatos-de-archivos\\\/coreldraw#primaryimage\"},\"thumbnailUrl\":\"https:\\\/\\\/www.trustedtranslations.com\\\/wp-content\\\/uploads\\\/2024\\\/02\\\/tt-icon_CorelDRAW-Translation-Se.webp\",\"description\":\"El equipo de expertos de Trusted Translations traducir\u00e1 y formatear\u00e1 folletos, logotipos, gr\u00e1ficos web de CorelDRAW y m\u00e1s, para que pueda llegar a un p\u00fablico global.\",\"breadcrumb\":{\"@id\":\"https:\\\/\\\/www.trustedtranslations.com\\\/es\\\/servicios\\\/formatos-de-archivos\\\/coreldraw#breadcrumb\"},\"inLanguage\":\"es\",\"potentialAction\":[{\"@type\":\"ReadAction\",\"target\":[\"https:\\\/\\\/www.trustedtranslations.com\\\/es\\\/servicios\\\/formatos-de-archivos\\\/coreldraw\"]}]},{\"@type\":\"ImageObject\",\"inLanguage\":\"es\",\"@id\":\"https:\\\/\\\/www.trustedtranslations.com\\\/es\\\/servicios\\\/formatos-de-archivos\\\/coreldraw#primaryimage\",\"url\":\"https:\\\/\\\/www.trustedtranslations.com\\\/wp-content\\\/uploads\\\/2024\\\/02\\\/tt-icon_CorelDRAW-Translation-Se.webp\",\"contentUrl\":\"https:\\\/\\\/www.trustedtranslations.com\\\/wp-content\\\/uploads\\\/2024\\\/02\\\/tt-icon_CorelDRAW-Translation-Se.webp\",\"width\":151,\"height\":151,\"caption\":\"tt icon CorelDRAW Translation Se\"},{\"@type\":\"BreadcrumbList\",\"@id\":\"https:\\\/\\\/www.trustedtranslations.com\\\/es\\\/servicios\\\/formatos-de-archivos\\\/coreldraw#breadcrumb\",\"itemListElement\":[{\"@type\":\"ListItem\",\"position\":1,\"name\":\"Home\",\"item\":\"https:\\\/\\\/www.trustedtranslations.com\\\/es\"},{\"@type\":\"ListItem\",\"position\":2,\"name\":\"Servicios\",\"item\":\"https:\\\/\\\/www.trustedtranslations.com\\\/es\\\/servicios\"},{\"@type\":\"ListItem\",\"position\":3,\"name\":\"Formatos de Archivo\",\"item\":\"https:\\\/\\\/www.trustedtranslations.com\\\/es\\\/servicios\\\/formatos-de-archivos\"},{\"@type\":\"ListItem\",\"position\":4,\"name\":\"Coreldraw\"}]},{\"@type\":\"WebSite\",\"@id\":\"https:\\\/\\\/www.trustedtranslations.com\\\/es\\\/#website\",\"url\":\"https:\\\/\\\/www.trustedtranslations.com\\\/es\\\/\",\"name\":\"Trusted Translations, Inc.\",\"description\":\"Leader in translation and interpretation services.\",\"publisher\":{\"@id\":\"https:\\\/\\\/www.trustedtranslations.com\\\/es\\\/#organization\"},\"alternateName\":\"Trusted Translations\",\"potentialAction\":[{\"@type\":\"SearchAction\",\"target\":{\"@type\":\"EntryPoint\",\"urlTemplate\":\"https:\\\/\\\/www.trustedtranslations.com\\\/es\\\/?s={search_term_string}\"},\"query-input\":{\"@type\":\"PropertyValueSpecification\",\"valueRequired\":true,\"valueName\":\"search_term_string\"}}],\"inLanguage\":\"es\"},{\"@type\":\"Organization\",\"@id\":\"https:\\\/\\\/www.trustedtranslations.com\\\/es\\\/#organization\",\"name\":\"Trusted Translations\",\"alternateName\":\"Trusted Translations, Inc.\",\"url\":\"https:\\\/\\\/www.trustedtranslations.com\\\/es\\\/\",\"logo\":{\"@type\":\"ImageObject\",\"inLanguage\":\"es\",\"@id\":\"https:\\\/\\\/www.trustedtranslations.com\\\/es\\\/#\\\/schema\\\/logo\\\/image\\\/\",\"url\":\"https:\\\/\\\/static.trustedtranslations.com\\\/wp-content\\\/uploads\\\/2022\\\/01\\\/TT_logo_WSIColors-2.png\",\"contentUrl\":\"https:\\\/\\\/static.trustedtranslations.com\\\/wp-content\\\/uploads\\\/2022\\\/01\\\/TT_logo_WSIColors-2.png\",\"width\":500,\"height\":196,\"caption\":\"Trusted Translations\"},\"image\":{\"@id\":\"https:\\\/\\\/www.trustedtranslations.com\\\/es\\\/#\\\/schema\\\/logo\\\/image\\\/\"},\"sameAs\":[\"https:\\\/\\\/www.facebook.com\\\/Trusted.Translations\",\"https:\\\/\\\/x.com\\\/TrustedT9ns\",\"https:\\\/\\\/www.linkedin.com\\\/company\\\/trusted-translations\"]}]}<\/script>\n<!-- \/ Yoast SEO plugin. -->","yoast_head_json":{"title":"Servicios de Traducci\u00f3n de CorelDRAW: Trusted Translations, Inc.","description":"El equipo de expertos de Trusted Translations traducir\u00e1 y formatear\u00e1 folletos, logotipos, gr\u00e1ficos web de CorelDRAW y m\u00e1s, para que pueda llegar a un p\u00fablico global.","robots":{"index":"index","follow":"follow","max-snippet":"max-snippet:-1","max-image-preview":"max-image-preview:large","max-video-preview":"max-video-preview:-1"},"canonical":"https:\/\/www.trustedtranslations.com\/es\/servicios\/formatos-de-archivos\/coreldraw","og_locale":"es_ES","og_type":"article","og_title":"Servicios de Traducci\u00f3n de CorelDRAW: Trusted Translations, Inc.","og_description":"El equipo de expertos de Trusted Translations traducir\u00e1 y formatear\u00e1 folletos, logotipos, gr\u00e1ficos web de CorelDRAW y m\u00e1s, para que pueda llegar a un p\u00fablico global.","og_url":"https:\/\/www.trustedtranslations.com\/es\/servicios\/formatos-de-archivos\/coreldraw","og_site_name":"Trusted Translations","article_publisher":"https:\/\/www.facebook.com\/Trusted.Translations","article_modified_time":"2024-09-02T21:32:51+00:00","og_image":[{"width":151,"height":151,"url":"https:\/\/static.trustedtranslations.com\/wp-content\/uploads\/2024\/02\/tt-icon_CorelDRAW-Translation-Se.webp","type":"image\/webp"}],"twitter_card":"summary_large_image","twitter_site":"@TrustedT9ns","schema":{"@context":"https:\/\/schema.org","@graph":[{"@type":"WebPage","@id":"https:\/\/www.trustedtranslations.com\/es\/servicios\/formatos-de-archivos\/coreldraw","url":"https:\/\/www.trustedtranslations.com\/es\/servicios\/formatos-de-archivos\/coreldraw","name":"Servicios de Traducci\u00f3n de CorelDRAW: Trusted Translations, Inc.","isPartOf":{"@id":"https:\/\/www.trustedtranslations.com\/es\/#website"},"primaryImageOfPage":{"@id":"https:\/\/www.trustedtranslations.com\/es\/servicios\/formatos-de-archivos\/coreldraw#primaryimage"},"image":{"@id":"https:\/\/www.trustedtranslations.com\/es\/servicios\/formatos-de-archivos\/coreldraw#primaryimage"},"thumbnailUrl":"https:\/\/www.trustedtranslations.com\/wp-content\/uploads\/2024\/02\/tt-icon_CorelDRAW-Translation-Se.webp","description":"El equipo de expertos de Trusted Translations traducir\u00e1 y formatear\u00e1 folletos, logotipos, gr\u00e1ficos web de CorelDRAW y m\u00e1s, para que pueda llegar a un p\u00fablico global.","breadcrumb":{"@id":"https:\/\/www.trustedtranslations.com\/es\/servicios\/formatos-de-archivos\/coreldraw#breadcrumb"},"inLanguage":"es","potentialAction":[{"@type":"ReadAction","target":["https:\/\/www.trustedtranslations.com\/es\/servicios\/formatos-de-archivos\/coreldraw"]}]},{"@type":"ImageObject","inLanguage":"es","@id":"https:\/\/www.trustedtranslations.com\/es\/servicios\/formatos-de-archivos\/coreldraw#primaryimage","url":"https:\/\/www.trustedtranslations.com\/wp-content\/uploads\/2024\/02\/tt-icon_CorelDRAW-Translation-Se.webp","contentUrl":"https:\/\/www.trustedtranslations.com\/wp-content\/uploads\/2024\/02\/tt-icon_CorelDRAW-Translation-Se.webp","width":151,"height":151,"caption":"tt icon CorelDRAW Translation Se"},{"@type":"BreadcrumbList","@id":"https:\/\/www.trustedtranslations.com\/es\/servicios\/formatos-de-archivos\/coreldraw#breadcrumb","itemListElement":[{"@type":"ListItem","position":1,"name":"Home","item":"https:\/\/www.trustedtranslations.com\/es"},{"@type":"ListItem","position":2,"name":"Servicios","item":"https:\/\/www.trustedtranslations.com\/es\/servicios"},{"@type":"ListItem","position":3,"name":"Formatos de Archivo","item":"https:\/\/www.trustedtranslations.com\/es\/servicios\/formatos-de-archivos"},{"@type":"ListItem","position":4,"name":"Coreldraw"}]},{"@type":"WebSite","@id":"https:\/\/www.trustedtranslations.com\/es\/#website","url":"https:\/\/www.trustedtranslations.com\/es\/","name":"Trusted Translations, Inc.","description":"Leader in translation and interpretation services.","publisher":{"@id":"https:\/\/www.trustedtranslations.com\/es\/#organization"},"alternateName":"Trusted Translations","potentialAction":[{"@type":"SearchAction","target":{"@type":"EntryPoint","urlTemplate":"https:\/\/www.trustedtranslations.com\/es\/?s={search_term_string}"},"query-input":{"@type":"PropertyValueSpecification","valueRequired":true,"valueName":"search_term_string"}}],"inLanguage":"es"},{"@type":"Organization","@id":"https:\/\/www.trustedtranslations.com\/es\/#organization","name":"Trusted Translations","alternateName":"Trusted Translations, Inc.","url":"https:\/\/www.trustedtranslations.com\/es\/","logo":{"@type":"ImageObject","inLanguage":"es","@id":"https:\/\/www.trustedtranslations.com\/es\/#\/schema\/logo\/image\/","url":"https:\/\/static.trustedtranslations.com\/wp-content\/uploads\/2022\/01\/TT_logo_WSIColors-2.png","contentUrl":"https:\/\/static.trustedtranslations.com\/wp-content\/uploads\/2022\/01\/TT_logo_WSIColors-2.png","width":500,"height":196,"caption":"Trusted Translations"},"image":{"@id":"https:\/\/www.trustedtranslations.com\/es\/#\/schema\/logo\/image\/"},"sameAs":["https:\/\/www.facebook.com\/Trusted.Translations","https:\/\/x.com\/TrustedT9ns","https:\/\/www.linkedin.com\/company\/trusted-translations"]}]}},"toolset-meta":{"dyk":{"mensaje-1":{"type":"textfield","raw":"Los logotipos y otros materiales impresos sin errores son esenciales para el marketing multiling\u00fce."},"mensaje-2":{"type":"textfield","raw":"Nuestros dise\u00f1adores gr\u00e1ficos son especialistas en la gesti\u00f3n de gr\u00e1ficos CorelDRAW."},"mensaje-3":{"type":"textfield","raw":"Nuestros especialistas pueden navegar por m\u00e1s de 20 versiones diferentes de CorelDRAW."},"mensaje-4":{"type":"textfield","raw":"Hemos trabajado en proyectos de publicidad impresa y digital para las principales empresas de marketing."},"mensaje-5":{"type":"textfield","raw":""},"mensaje-6":{"type":"textfield","raw":""}},"single-page-template-fields":{"imgs-temp":{"type":"image","raw":["https:\/\/static.trustedtranslations.com\/wp-content\/uploads\/2024\/06\/coreldraw-final-1-1.webp"],"repeatable":[{"raw":"https:\/\/static.trustedtranslations.com\/wp-content\/uploads\/2024\/06\/coreldraw-final-1-1.webp"}]},"imgs-temp-cel":{"type":"image","raw":[""],"repeatable":[{"raw":""}]},"img-temp-one-cel":{"type":"image","raw":"https:\/\/static.trustedtranslations.com\/wp-content\/uploads\/2024\/06\/AdobeStock_385542563-2-1.webp","attachment_id":null},"quotes":{"type":"textarea","raw":"<h1 style=\"margin-bottom: 12px;\">Servicios de Traducci\u00f3n de Archivos de CorelDRAW<\/h1><p><em>Trusted Translations<\/em> es una soluci\u00f3n integral para todos sus proyectos de traducci\u00f3n de archivos de CorelDRAW. Ya sea que est\u00e9 buscando traducir el logotipo de una empresa, un folleto, un gr\u00e1fico web o anuncios en redes sociales, no solo traducimos y localizamos profesionalmente creaciones originales, sino que tambi\u00e9n modificamos su formato y las dise\u00f1amos. Nuestra soluci\u00f3n integral ayuda a eliminar la molestia de encontrar y contratar una empresa de dise\u00f1o independiente para modificar el dise\u00f1o de im\u00e1genes, y le permite utilizar las im\u00e1genes traducidas de inmediato.<\/p><div style=\"margin-top: 2.5vw;\"><a class=\"tt-btn-main-cta\" href=\"\/es\/presupuesto-sin-cargo\">SOLICITE UN PRESUPUESTO SIN CARGO<\/a><\/div>"},"text-1":{"type":"textarea","raw":"<h2>M\u00e9todo de Traducci\u00f3n de Archivos de CorelDRAW<\/h2>\r\nCuando trabajamos en un proyecto de traducci\u00f3n de CorelDRAW, seguimos una serie de pasos para asegurarnos de que el resultado sea de la m\u00e1s alta calidad. Adem\u00e1s, trabajamos con varios formatos, entre ellos .cdr, .cdx, .cdt y .cmx. El primer paso que damos al recibir una creaci\u00f3n de CorelDRAW es entreg\u00e1rsela a nuestro equipo de expertos en dise\u00f1o gr\u00e1fico para que extraigan todo el texto traducible. Esto permite a nuestros traductores trabajar con herramientas de traducci\u00f3n asistida por computadora (herramientas TAC), que a su vez producir\u00e1n la traducci\u00f3n m\u00e1s precisa y eficiente posible. Nuestros traductores espec\u00edficos para cada industria se asegurar\u00e1n de que usted reciba una traducci\u00f3n especializada y localizada para todas las creaciones de CorelDRAW, para que pueda llegar a su p\u00fablico objetivo con la mayor precisi\u00f3n posible. Posteriormente, el documento se somete a una etapa final de dise\u00f1o gr\u00e1fico para reajustar el formato y el dise\u00f1o con el texto reci\u00e9n traducido. Nuestros traductores expertos no solo traducir\u00e1n, sino que localizar\u00e1n todo, desde logotipos, folletos, gr\u00e1ficos de sitios web, anuncios en redes sociales, entre otros materiales, para que usted pueda llegar a su p\u00fablico objetivo y al mismo tiempo llegar a un p\u00fablico m\u00e1s amplio. Ofrecemos traducciones de la m\u00e1s alta calidad, incluso cuando el proyecto de traducci\u00f3n involucra gr\u00e1ficos pesados o un dise\u00f1o complejo. Cada traducci\u00f3n se le entregar\u00e1 dise\u00f1ada y lista para su uso inmediato.\r\n<h2>Trabajar con Diferentes Versiones de CorelDRAW<\/h2>\r\nEl historial de versiones de CorelDRAW es tan extenso como el de cualquier otro programa de software establecido. Esto significa que hay bastantes versiones \u2014en concreto, 19\u2014 con las que podemos encontrarnos al satisfacer las necesidades de traducci\u00f3n de nuestros clientes. En <em><em>Trusted Translations<\/em><\/em> contamos con las herramientas y la experiencia necesarias para trabajar con cualquier versi\u00f3n de CorelDRAW que usted nos proporcione. Nuestro equipo de dise\u00f1o gr\u00e1fico asumir\u00e1 los desaf\u00edos de las creaciones de CorelDRAW y har\u00e1 que se vean lo m\u00e1s parecidas posible al original, en la misma versi\u00f3n de CorelDRAW que el documento de origen."},"shortcode-map":{"type":"textfield","raw":""},"dyk-shortcode":{"type":"textfield","raw":"[elementor-template id=\"139368\"]"},"text-2":{"type":"textarea","raw":"<h2>Dise\u00f1o Gr\u00e1fico (DTP) para Traducciones de Archivos de CorelDRAW<\/h2>\r\nEs bien sabido que un documento de CorelDRAW se utiliza principalmente para la fabricaci\u00f3n de creaciones visuales como logotipos, carteles, folletos, gr\u00e1ficos web, etc. En <em><em>Trusted Translations<\/em><\/em> somos conscientes de que, en el mundo del marketing, la imagen juega un papel crucial en la comunicaci\u00f3n precisa de su mensaje a su p\u00fablico objetivo. Por ello, nuestro equipo interno de dise\u00f1o gr\u00e1fico se especializa en brindar servicios de dise\u00f1o relacionados con la traducci\u00f3n de la m\u00e1s alta calidad.\r\n\r\nSiempre se necesita una etapa de dise\u00f1o gr\u00e1fico cuando se trata de proyectos de traducci\u00f3n de archivos de CorelDRAW. En muchos casos, la traducci\u00f3n debe pasar por una etapa de dise\u00f1o gr\u00e1fico no una, sino dos veces durante el proceso de traducci\u00f3n: una vez antes de la traducci\u00f3n para extraer el texto y otra vez despu\u00e9s de la traducci\u00f3n para reintegrar el texto a las im\u00e1genes y modificar el formato del dise\u00f1o. Traducir un archivo de CorelDRAW es notoriamente complejo en la industria de la traducci\u00f3n. Los archivos de CorelDRAW no son compatibles con las herramientas de traducci\u00f3n asistida por computadora (herramientas TAC) y, por lo tanto, el equipo de dise\u00f1o gr\u00e1fico (DTP) debe editar el archivo manualmente y extraer el texto para que pueda traducirse. A la vez, el texto traducido debe reincorporarse al formato original para que parezca que nunca ha sido traducido. Una simple traducci\u00f3n puede resultar bastante complicada si utiliza recursos independientes para sus necesidades de traducci\u00f3n y de dise\u00f1o gr\u00e1fico. Si este es el caso, <em><em>Trusted Translations<\/em><\/em> es la soluci\u00f3n integral. No solo trabajamos con los traductores m\u00e1s profesionales y experimentados de la industria, sino que tambi\u00e9n contamos con un equipo interno de expertos en dise\u00f1o gr\u00e1fico que se especializan en dise\u00f1o relacionado con la traducci\u00f3n. Adem\u00e1s, trabajaremos con el equipo de dise\u00f1o de su empresa cuando lo solicite."},"state":{"type":"textfield","raw":""},"city":{"type":"textarea","raw":[]}}},"_links":{"self":[{"href":"https:\/\/www.trustedtranslations.com\/es\/wp-json\/wp\/v2\/pages\/128025","targetHints":{"allow":["GET"]}}],"collection":[{"href":"https:\/\/www.trustedtranslations.com\/es\/wp-json\/wp\/v2\/pages"}],"about":[{"href":"https:\/\/www.trustedtranslations.com\/es\/wp-json\/wp\/v2\/types\/page"}],"author":[{"embeddable":true,"href":"https:\/\/www.trustedtranslations.com\/es\/wp-json\/wp\/v2\/users\/1"}],"replies":[{"embeddable":true,"href":"https:\/\/www.trustedtranslations.com\/es\/wp-json\/wp\/v2\/comments?post=128025"}],"version-history":[{"count":0,"href":"https:\/\/www.trustedtranslations.com\/es\/wp-json\/wp\/v2\/pages\/128025\/revisions"}],"up":[{"embeddable":true,"href":"https:\/\/www.trustedtranslations.com\/es\/wp-json\/wp\/v2\/pages\/127688"}],"wp:featuredmedia":[{"embeddable":true,"href":"https:\/\/www.trustedtranslations.com\/es\/wp-json\/wp\/v2\/media\/238281"}],"wp:attachment":[{"href":"https:\/\/www.trustedtranslations.com\/es\/wp-json\/wp\/v2\/media?parent=128025"}],"curies":[{"name":"wp","href":"https:\/\/api.w.org\/{rel}","templated":true}]}}