{"id":128033,"date":"2019-03-29T12:12:36","date_gmt":"2019-03-29T12:12:36","guid":{"rendered":"https:\/\/www.trustedtranslations.com\/?page_id=128033"},"modified":"2024-09-02T18:32:17","modified_gmt":"2024-09-02T21:32:17","slug":"autocad","status":"publish","type":"page","link":"https:\/\/www.trustedtranslations.com\/es\/servicios\/formatos-de-archivos\/autocad","title":{"rendered":"AutoCAD"},"content":{"rendered":"","protected":false},"excerpt":{"rendered":"","protected":false},"author":1,"featured_media":238242,"parent":127688,"menu_order":12,"comment_status":"closed","ping_status":"closed","template":"","meta":{"site-sidebar-layout":"default","site-content-layout":"default","ast-site-content-layout":"default","site-content-style":"default","site-sidebar-style":"default","ast-global-header-display":"","ast-banner-title-visibility":"","ast-main-header-display":"","ast-hfb-above-header-display":"","ast-hfb-below-header-display":"","ast-hfb-mobile-header-display":"","site-post-title":"disabled","ast-breadcrumbs-content":"","ast-featured-img":"","footer-sml-layout":"","ast-disable-related-posts":"","theme-transparent-header-meta":"default","adv-header-id-meta":"","stick-header-meta":"","header-above-stick-meta":"","header-main-stick-meta":"","header-below-stick-meta":"","astra-migrate-meta-layouts":"set","ast-page-background-enabled":"default","ast-page-background-meta":{"desktop":{"background-color":"var(--ast-global-color-4)","background-image":"","background-repeat":"repeat","background-position":"center center","background-size":"auto","background-attachment":"scroll","background-type":"","background-media":"","overlay-type":"","overlay-color":"","overlay-opacity":"","overlay-gradient":""},"tablet":{"background-color":"","background-image":"","background-repeat":"repeat","background-position":"center center","background-size":"auto","background-attachment":"scroll","background-type":"","background-media":"","overlay-type":"","overlay-color":"","overlay-opacity":"","overlay-gradient":""},"mobile":{"background-color":"","background-image":"","background-repeat":"repeat","background-position":"center center","background-size":"auto","background-attachment":"scroll","background-type":"","background-media":"","overlay-type":"","overlay-color":"","overlay-opacity":"","overlay-gradient":""}},"ast-content-background-meta":{"desktop":{"background-color":"var(--ast-global-color-5)","background-image":"","background-repeat":"repeat","background-position":"center center","background-size":"auto","background-attachment":"scroll","background-type":"","background-media":"","overlay-type":"","overlay-color":"","overlay-opacity":"","overlay-gradient":""},"tablet":{"background-color":"var(--ast-global-color-5)","background-image":"","background-repeat":"repeat","background-position":"center center","background-size":"auto","background-attachment":"scroll","background-type":"","background-media":"","overlay-type":"","overlay-color":"","overlay-opacity":"","overlay-gradient":""},"mobile":{"background-color":"var(--ast-global-color-5)","background-image":"","background-repeat":"repeat","background-position":"center center","background-size":"auto","background-attachment":"scroll","background-type":"","background-media":"","overlay-type":"","overlay-color":"","overlay-opacity":"","overlay-gradient":""}},"footnotes":""},"class_list":["post-128033","page","type-page","status-publish","has-post-thumbnail","hentry"],"yoast_head":"<!-- This site is optimized with the Yoast SEO plugin v27.5 - https:\/\/yoast.com\/product\/yoast-seo-wordpress\/ -->\n<title>Servicios de Traducci\u00f3n de AutoCAD: Trusted Translations, Inc.<\/title>\n<meta name=\"description\" content=\"Trusted Translations es la soluci\u00f3n integral para traducir con precisi\u00f3n archivos de construcci\u00f3n, arquitectura o ingenier\u00eda de AutoCAD.\" \/>\n<meta name=\"robots\" content=\"index, follow, max-snippet:-1, max-image-preview:large, max-video-preview:-1\" \/>\n<link rel=\"canonical\" href=\"https:\/\/www.trustedtranslations.com\/es\/servicios\/formatos-de-archivos\/autocad\" \/>\n<meta property=\"og:locale\" content=\"es_ES\" \/>\n<meta property=\"og:type\" content=\"article\" \/>\n<meta property=\"og:title\" content=\"Servicios de Traducci\u00f3n de AutoCAD: Trusted Translations, Inc.\" \/>\n<meta property=\"og:description\" content=\"Trusted Translations es la soluci\u00f3n integral para traducir con precisi\u00f3n archivos de construcci\u00f3n, arquitectura o ingenier\u00eda de AutoCAD.\" \/>\n<meta property=\"og:url\" content=\"https:\/\/www.trustedtranslations.com\/es\/servicios\/formatos-de-archivos\/autocad\" \/>\n<meta property=\"og:site_name\" content=\"Trusted Translations\" \/>\n<meta property=\"article:publisher\" content=\"https:\/\/www.facebook.com\/Trusted.Translations\" \/>\n<meta property=\"article:modified_time\" content=\"2024-09-02T21:32:17+00:00\" \/>\n<meta property=\"og:image\" content=\"https:\/\/static.trustedtranslations.com\/wp-content\/uploads\/2024\/02\/tt-icon_Translation-Services-for.webp\" \/>\n\t<meta property=\"og:image:width\" content=\"151\" \/>\n\t<meta property=\"og:image:height\" content=\"151\" \/>\n\t<meta property=\"og:image:type\" content=\"image\/webp\" \/>\n<meta name=\"twitter:card\" content=\"summary_large_image\" \/>\n<meta name=\"twitter:site\" content=\"@TrustedT9ns\" \/>\n<script type=\"application\/ld+json\" class=\"yoast-schema-graph\">{\"@context\":\"https:\\\/\\\/schema.org\",\"@graph\":[{\"@type\":\"WebPage\",\"@id\":\"https:\\\/\\\/www.trustedtranslations.com\\\/es\\\/servicios\\\/formatos-de-archivos\\\/autocad\",\"url\":\"https:\\\/\\\/www.trustedtranslations.com\\\/es\\\/servicios\\\/formatos-de-archivos\\\/autocad\",\"name\":\"Servicios de Traducci\u00f3n de AutoCAD: Trusted Translations, Inc.\",\"isPartOf\":{\"@id\":\"https:\\\/\\\/www.trustedtranslations.com\\\/es\\\/#website\"},\"primaryImageOfPage\":{\"@id\":\"https:\\\/\\\/www.trustedtranslations.com\\\/es\\\/servicios\\\/formatos-de-archivos\\\/autocad#primaryimage\"},\"image\":{\"@id\":\"https:\\\/\\\/www.trustedtranslations.com\\\/es\\\/servicios\\\/formatos-de-archivos\\\/autocad#primaryimage\"},\"thumbnailUrl\":\"https:\\\/\\\/www.trustedtranslations.com\\\/wp-content\\\/uploads\\\/2024\\\/02\\\/tt-icon_Translation-Services-for.webp\",\"description\":\"Trusted Translations es la soluci\u00f3n integral para traducir con precisi\u00f3n archivos de construcci\u00f3n, arquitectura o ingenier\u00eda de AutoCAD.\",\"breadcrumb\":{\"@id\":\"https:\\\/\\\/www.trustedtranslations.com\\\/es\\\/servicios\\\/formatos-de-archivos\\\/autocad#breadcrumb\"},\"inLanguage\":\"es\",\"potentialAction\":[{\"@type\":\"ReadAction\",\"target\":[\"https:\\\/\\\/www.trustedtranslations.com\\\/es\\\/servicios\\\/formatos-de-archivos\\\/autocad\"]}]},{\"@type\":\"ImageObject\",\"inLanguage\":\"es\",\"@id\":\"https:\\\/\\\/www.trustedtranslations.com\\\/es\\\/servicios\\\/formatos-de-archivos\\\/autocad#primaryimage\",\"url\":\"https:\\\/\\\/www.trustedtranslations.com\\\/wp-content\\\/uploads\\\/2024\\\/02\\\/tt-icon_Translation-Services-for.webp\",\"contentUrl\":\"https:\\\/\\\/www.trustedtranslations.com\\\/wp-content\\\/uploads\\\/2024\\\/02\\\/tt-icon_Translation-Services-for.webp\",\"width\":151,\"height\":151,\"caption\":\"tt icon Translation Services for\"},{\"@type\":\"BreadcrumbList\",\"@id\":\"https:\\\/\\\/www.trustedtranslations.com\\\/es\\\/servicios\\\/formatos-de-archivos\\\/autocad#breadcrumb\",\"itemListElement\":[{\"@type\":\"ListItem\",\"position\":1,\"name\":\"Home\",\"item\":\"https:\\\/\\\/www.trustedtranslations.com\\\/es\"},{\"@type\":\"ListItem\",\"position\":2,\"name\":\"Servicios\",\"item\":\"https:\\\/\\\/www.trustedtranslations.com\\\/es\\\/servicios\"},{\"@type\":\"ListItem\",\"position\":3,\"name\":\"Formatos de Archivo\",\"item\":\"https:\\\/\\\/www.trustedtranslations.com\\\/es\\\/servicios\\\/formatos-de-archivos\"},{\"@type\":\"ListItem\",\"position\":4,\"name\":\"AutoCAD\"}]},{\"@type\":\"WebSite\",\"@id\":\"https:\\\/\\\/www.trustedtranslations.com\\\/es\\\/#website\",\"url\":\"https:\\\/\\\/www.trustedtranslations.com\\\/es\\\/\",\"name\":\"Trusted Translations, Inc.\",\"description\":\"Leader in translation and interpretation services.\",\"publisher\":{\"@id\":\"https:\\\/\\\/www.trustedtranslations.com\\\/es\\\/#organization\"},\"alternateName\":\"Trusted Translations\",\"potentialAction\":[{\"@type\":\"SearchAction\",\"target\":{\"@type\":\"EntryPoint\",\"urlTemplate\":\"https:\\\/\\\/www.trustedtranslations.com\\\/es\\\/?s={search_term_string}\"},\"query-input\":{\"@type\":\"PropertyValueSpecification\",\"valueRequired\":true,\"valueName\":\"search_term_string\"}}],\"inLanguage\":\"es\"},{\"@type\":\"Organization\",\"@id\":\"https:\\\/\\\/www.trustedtranslations.com\\\/es\\\/#organization\",\"name\":\"Trusted Translations\",\"alternateName\":\"Trusted Translations, Inc.\",\"url\":\"https:\\\/\\\/www.trustedtranslations.com\\\/es\\\/\",\"logo\":{\"@type\":\"ImageObject\",\"inLanguage\":\"es\",\"@id\":\"https:\\\/\\\/www.trustedtranslations.com\\\/es\\\/#\\\/schema\\\/logo\\\/image\\\/\",\"url\":\"https:\\\/\\\/static.trustedtranslations.com\\\/wp-content\\\/uploads\\\/2022\\\/01\\\/TT_logo_WSIColors-2.png\",\"contentUrl\":\"https:\\\/\\\/static.trustedtranslations.com\\\/wp-content\\\/uploads\\\/2022\\\/01\\\/TT_logo_WSIColors-2.png\",\"width\":500,\"height\":196,\"caption\":\"Trusted Translations\"},\"image\":{\"@id\":\"https:\\\/\\\/www.trustedtranslations.com\\\/es\\\/#\\\/schema\\\/logo\\\/image\\\/\"},\"sameAs\":[\"https:\\\/\\\/www.facebook.com\\\/Trusted.Translations\",\"https:\\\/\\\/x.com\\\/TrustedT9ns\",\"https:\\\/\\\/www.linkedin.com\\\/company\\\/trusted-translations\"]}]}<\/script>\n<!-- \/ Yoast SEO plugin. -->","yoast_head_json":{"title":"Servicios de Traducci\u00f3n de AutoCAD: Trusted Translations, Inc.","description":"Trusted Translations es la soluci\u00f3n integral para traducir con precisi\u00f3n archivos de construcci\u00f3n, arquitectura o ingenier\u00eda de AutoCAD.","robots":{"index":"index","follow":"follow","max-snippet":"max-snippet:-1","max-image-preview":"max-image-preview:large","max-video-preview":"max-video-preview:-1"},"canonical":"https:\/\/www.trustedtranslations.com\/es\/servicios\/formatos-de-archivos\/autocad","og_locale":"es_ES","og_type":"article","og_title":"Servicios de Traducci\u00f3n de AutoCAD: Trusted Translations, Inc.","og_description":"Trusted Translations es la soluci\u00f3n integral para traducir con precisi\u00f3n archivos de construcci\u00f3n, arquitectura o ingenier\u00eda de AutoCAD.","og_url":"https:\/\/www.trustedtranslations.com\/es\/servicios\/formatos-de-archivos\/autocad","og_site_name":"Trusted Translations","article_publisher":"https:\/\/www.facebook.com\/Trusted.Translations","article_modified_time":"2024-09-02T21:32:17+00:00","og_image":[{"width":151,"height":151,"url":"https:\/\/static.trustedtranslations.com\/wp-content\/uploads\/2024\/02\/tt-icon_Translation-Services-for.webp","type":"image\/webp"}],"twitter_card":"summary_large_image","twitter_site":"@TrustedT9ns","schema":{"@context":"https:\/\/schema.org","@graph":[{"@type":"WebPage","@id":"https:\/\/www.trustedtranslations.com\/es\/servicios\/formatos-de-archivos\/autocad","url":"https:\/\/www.trustedtranslations.com\/es\/servicios\/formatos-de-archivos\/autocad","name":"Servicios de Traducci\u00f3n de AutoCAD: Trusted Translations, Inc.","isPartOf":{"@id":"https:\/\/www.trustedtranslations.com\/es\/#website"},"primaryImageOfPage":{"@id":"https:\/\/www.trustedtranslations.com\/es\/servicios\/formatos-de-archivos\/autocad#primaryimage"},"image":{"@id":"https:\/\/www.trustedtranslations.com\/es\/servicios\/formatos-de-archivos\/autocad#primaryimage"},"thumbnailUrl":"https:\/\/www.trustedtranslations.com\/wp-content\/uploads\/2024\/02\/tt-icon_Translation-Services-for.webp","description":"Trusted Translations es la soluci\u00f3n integral para traducir con precisi\u00f3n archivos de construcci\u00f3n, arquitectura o ingenier\u00eda de AutoCAD.","breadcrumb":{"@id":"https:\/\/www.trustedtranslations.com\/es\/servicios\/formatos-de-archivos\/autocad#breadcrumb"},"inLanguage":"es","potentialAction":[{"@type":"ReadAction","target":["https:\/\/www.trustedtranslations.com\/es\/servicios\/formatos-de-archivos\/autocad"]}]},{"@type":"ImageObject","inLanguage":"es","@id":"https:\/\/www.trustedtranslations.com\/es\/servicios\/formatos-de-archivos\/autocad#primaryimage","url":"https:\/\/www.trustedtranslations.com\/wp-content\/uploads\/2024\/02\/tt-icon_Translation-Services-for.webp","contentUrl":"https:\/\/www.trustedtranslations.com\/wp-content\/uploads\/2024\/02\/tt-icon_Translation-Services-for.webp","width":151,"height":151,"caption":"tt icon Translation Services for"},{"@type":"BreadcrumbList","@id":"https:\/\/www.trustedtranslations.com\/es\/servicios\/formatos-de-archivos\/autocad#breadcrumb","itemListElement":[{"@type":"ListItem","position":1,"name":"Home","item":"https:\/\/www.trustedtranslations.com\/es"},{"@type":"ListItem","position":2,"name":"Servicios","item":"https:\/\/www.trustedtranslations.com\/es\/servicios"},{"@type":"ListItem","position":3,"name":"Formatos de Archivo","item":"https:\/\/www.trustedtranslations.com\/es\/servicios\/formatos-de-archivos"},{"@type":"ListItem","position":4,"name":"AutoCAD"}]},{"@type":"WebSite","@id":"https:\/\/www.trustedtranslations.com\/es\/#website","url":"https:\/\/www.trustedtranslations.com\/es\/","name":"Trusted Translations, Inc.","description":"Leader in translation and interpretation services.","publisher":{"@id":"https:\/\/www.trustedtranslations.com\/es\/#organization"},"alternateName":"Trusted Translations","potentialAction":[{"@type":"SearchAction","target":{"@type":"EntryPoint","urlTemplate":"https:\/\/www.trustedtranslations.com\/es\/?s={search_term_string}"},"query-input":{"@type":"PropertyValueSpecification","valueRequired":true,"valueName":"search_term_string"}}],"inLanguage":"es"},{"@type":"Organization","@id":"https:\/\/www.trustedtranslations.com\/es\/#organization","name":"Trusted Translations","alternateName":"Trusted Translations, Inc.","url":"https:\/\/www.trustedtranslations.com\/es\/","logo":{"@type":"ImageObject","inLanguage":"es","@id":"https:\/\/www.trustedtranslations.com\/es\/#\/schema\/logo\/image\/","url":"https:\/\/static.trustedtranslations.com\/wp-content\/uploads\/2022\/01\/TT_logo_WSIColors-2.png","contentUrl":"https:\/\/static.trustedtranslations.com\/wp-content\/uploads\/2022\/01\/TT_logo_WSIColors-2.png","width":500,"height":196,"caption":"Trusted Translations"},"image":{"@id":"https:\/\/www.trustedtranslations.com\/es\/#\/schema\/logo\/image\/"},"sameAs":["https:\/\/www.facebook.com\/Trusted.Translations","https:\/\/x.com\/TrustedT9ns","https:\/\/www.linkedin.com\/company\/trusted-translations"]}]}},"toolset-meta":{"dyk":{"mensaje-1":{"type":"textfield","raw":"Mantenemos el formato original de todos sus proyectos de traducci\u00f3n de AutoCAD."},"mensaje-2":{"type":"textfield","raw":"Traducimos proyectos de arquitectura, ingenier\u00eda y dise\u00f1o gr\u00e1fico."},"mensaje-3":{"type":"textfield","raw":"Eliminamos las barreras idiom\u00e1ticas para que pueda compartir su proyecto de AutoCAD en forma global."},"mensaje-4":{"type":"textfield","raw":"Le devolveremos sus proyectos de traducci\u00f3n de AutoCAD listos para uso inmediato."},"mensaje-5":{"type":"textfield","raw":""},"mensaje-6":{"type":"textfield","raw":""}},"single-page-template-fields":{"imgs-temp":{"type":"image","raw":["https:\/\/static.trustedtranslations.com\/wp-content\/uploads\/2024\/06\/autocad-final-1.webp","https:\/\/static.trustedtranslations.com\/wp-content\/uploads\/2024\/06\/autocad-final-3-1-1.webp"],"repeatable":[{"raw":"https:\/\/static.trustedtranslations.com\/wp-content\/uploads\/2024\/06\/autocad-final-1.webp"},{"raw":"https:\/\/static.trustedtranslations.com\/wp-content\/uploads\/2024\/06\/autocad-final-3-1-1.webp"}]},"imgs-temp-cel":{"type":"image","raw":[""],"repeatable":[{"raw":""}]},"img-temp-one-cel":{"type":"image","raw":"https:\/\/static.trustedtranslations.com\/wp-content\/uploads\/2024\/03\/document-final-5-1.webp","attachment_id":null},"quotes":{"type":"textarea","raw":"<h1 style=\"margin-bottom: 12px;\">Servicios de Traducci\u00f3n\r\nde Archivos de AutoCAD<\/h1>\r\nLos documentos de AutoCAD se encuentran entre los formatos de archivo m\u00e1s complejos para traducir, y el equipo profesional de <em>Trusted Translations<\/em> tiene el conocimiento y la experiencia necesarios para brindar una experiencia perfecta para todas sus necesidades de traducci\u00f3n de archivos de AutoCAD. Cuando trabaja con nosotros, le garantizamos un producto traducido con precisi\u00f3n y dise\u00f1ado a la perfecci\u00f3n para que usted pueda concentrarse en la actividad principal de su empresa, ya sea ingenier\u00eda, arquitectura o dise\u00f1o gr\u00e1fico.\r\n<div style=\"margin-top: 2.5vw;\"><a class=\"tt-btn-main-cta\" href=\"\/es\/presupuesto-sin-cargo\">SOLICITE UN PRESUPUESTO SIN CARGO<\/a><\/div>"},"text-1":{"type":"textarea","raw":"<h2>Servicios Integrales de Traducci\u00f3n de AutoCAD<\/h2>\r\n<em><em>Trusted Translations<\/em><\/em> es la soluci\u00f3n integral para todas sus necesidades de traducci\u00f3n de archivos de AutoCAD. Nuestro equipo de expertos, que incluye desde traductores espec\u00edficos para cada industria hasta dise\u00f1adores gr\u00e1ficos profesionales, eliminar\u00e1 las barreras idiom\u00e1ticas para que pueda compartir sus proyectos de AutoCAD en cualquier idioma.\r\n<h2>Traducciones para Ingenieros, Arquitectos y Dise\u00f1adores Gr\u00e1ficos<\/h2>\r\nEn <em><em>Trusted Translations<\/em><\/em> entendemos la importancia de la exactitud y la precisi\u00f3n en las industrias de la ingenier\u00eda, la arquitectura y el dise\u00f1o gr\u00e1fico. Por ello, solo trabajamos con los m\u00e1s experimentados traductores espec\u00edficos para cada industria, que ayudan a eliminar las barreras de comunicaci\u00f3n para que usted pueda compartir su proyecto de AutoCAD con cualquier persona en el mundo. Entregamos las traducciones m\u00e1s precisas para proyectos de arquitectura, ingenier\u00eda y dise\u00f1o gr\u00e1fico, para que usted pueda estar tranquilo y saber que cada detalle de su proyecto se comunica con precisi\u00f3n. No solo proporcionamos traducciones de proyectos de AutoCAD de la m\u00e1s alta calidad en la industria, tambi\u00e9n ofrecemos los servicios de nuestro equipo interno de dise\u00f1o gr\u00e1fico para entregar a nuestros clientes un proyecto de AutoCAD completamente traducido, formateado y dise\u00f1ado, listo para su uso inmediato. Adem\u00e1s, trabajaremos con usted y su equipo de dise\u00f1o cuando lo solicite."},"shortcode-map":{"type":"textfield","raw":""},"dyk-shortcode":{"type":"textfield","raw":"[elementor-template id=\"139368\"]"},"text-2":{"type":"textarea","raw":"<h2>Proceso de Traducci\u00f3n de Archivos de AutoCAD<\/h2>\r\nAl recibir un proyecto de traducci\u00f3n de archivos de AutoCAD, nuestro equipo de dise\u00f1o gr\u00e1fico primero extrae todo el texto traducible del documento. Esto permite que nuestros traductores profesionales realicen una traducci\u00f3n m\u00e1s precisa, ya que pueden utilizar herramientas de traducci\u00f3n asistida por computadora (herramientas TAC). Finalmente, nuestro equipo de dise\u00f1o gr\u00e1fico reincorpora el texto traducido al documento original para reajustar el formato y el dise\u00f1o, y que parezca que nunca ha sido traducido. Nuestros traductores espec\u00edficos para cada industria traducir\u00e1n de manera precisa y profesional todos los documentos de AutoCAD, mientras que nuestro equipo de dise\u00f1o gr\u00e1fico se asegurar\u00e1 de que se conserve el formato y el dise\u00f1o originales del documento.\r\n<h2>Traducciones Espec\u00edficas para cada Industria de Archivos de AutoCAD<\/h2>\r\nEn <em><em>Trusted Translations<\/em><\/em> comprendemos la importancia de las traducciones precisas y espec\u00edficas para cada industria. Esa es la raz\u00f3n por la que asignamos cada proyecto de traducci\u00f3n a expertos espec\u00edficos para cada industria que brindar\u00e1n la traducci\u00f3n m\u00e1s precisa y profesional del mercado. Solo asignamos proyectos de AutoCAD a traductores que tienen experiencia con traducciones t\u00e9cnicas y un conocimiento profundo de AutoCAD, para que usted pueda transmitir su mensaje con la mayor precisi\u00f3n posible en el idioma de destino. El equipo profesional de traductores de <em><em>Trusted Translations<\/em><\/em> no deja ning\u00fan detalle al azar. Nuestro equipo comprende que en las industrias de la ingenier\u00eda y la arquitectura la precisi\u00f3n de cada unidad y medida es de suma importancia. Por ello, nuestros traductores se aseguran de que las unidades y las medidas dentro de su proyecto de AutoCAD se conviertan con la mayor precisi\u00f3n posible. Esto nos permite ofrecer a nuestros clientes una traducci\u00f3n de archivos de AutoCAD completa y precisa, lista para su uso inmediato."},"state":{"type":"textfield","raw":""},"city":{"type":"textarea","raw":[]}}},"_links":{"self":[{"href":"https:\/\/www.trustedtranslations.com\/es\/wp-json\/wp\/v2\/pages\/128033","targetHints":{"allow":["GET"]}}],"collection":[{"href":"https:\/\/www.trustedtranslations.com\/es\/wp-json\/wp\/v2\/pages"}],"about":[{"href":"https:\/\/www.trustedtranslations.com\/es\/wp-json\/wp\/v2\/types\/page"}],"author":[{"embeddable":true,"href":"https:\/\/www.trustedtranslations.com\/es\/wp-json\/wp\/v2\/users\/1"}],"replies":[{"embeddable":true,"href":"https:\/\/www.trustedtranslations.com\/es\/wp-json\/wp\/v2\/comments?post=128033"}],"version-history":[{"count":0,"href":"https:\/\/www.trustedtranslations.com\/es\/wp-json\/wp\/v2\/pages\/128033\/revisions"}],"up":[{"embeddable":true,"href":"https:\/\/www.trustedtranslations.com\/es\/wp-json\/wp\/v2\/pages\/127688"}],"wp:featuredmedia":[{"embeddable":true,"href":"https:\/\/www.trustedtranslations.com\/es\/wp-json\/wp\/v2\/media\/238242"}],"wp:attachment":[{"href":"https:\/\/www.trustedtranslations.com\/es\/wp-json\/wp\/v2\/media?parent=128033"}],"curies":[{"name":"wp","href":"https:\/\/api.w.org\/{rel}","templated":true}]}}