{"id":128041,"date":"2019-03-28T18:52:55","date_gmt":"2019-03-28T18:52:55","guid":{"rendered":"https:\/\/www.trustedtranslations.com\/?page_id=128041"},"modified":"2024-09-02T18:36:42","modified_gmt":"2024-09-02T21:36:42","slug":"word","status":"publish","type":"page","link":"https:\/\/www.trustedtranslations.com\/es\/servicios\/formatos-de-archivos\/word","title":{"rendered":"Microsoft Word"},"content":{"rendered":"","protected":false},"excerpt":{"rendered":"","protected":false},"author":1,"featured_media":238088,"parent":127688,"menu_order":4,"comment_status":"closed","ping_status":"closed","template":"","meta":{"site-sidebar-layout":"default","site-content-layout":"default","ast-site-content-layout":"default","site-content-style":"default","site-sidebar-style":"default","ast-global-header-display":"","ast-banner-title-visibility":"","ast-main-header-display":"","ast-hfb-above-header-display":"","ast-hfb-below-header-display":"","ast-hfb-mobile-header-display":"","site-post-title":"disabled","ast-breadcrumbs-content":"","ast-featured-img":"","footer-sml-layout":"","ast-disable-related-posts":"","theme-transparent-header-meta":"default","adv-header-id-meta":"","stick-header-meta":"","header-above-stick-meta":"","header-main-stick-meta":"","header-below-stick-meta":"","astra-migrate-meta-layouts":"set","ast-page-background-enabled":"default","ast-page-background-meta":{"desktop":{"background-color":"var(--ast-global-color-4)","background-image":"","background-repeat":"repeat","background-position":"center center","background-size":"auto","background-attachment":"scroll","background-type":"","background-media":"","overlay-type":"","overlay-color":"","overlay-opacity":"","overlay-gradient":""},"tablet":{"background-color":"","background-image":"","background-repeat":"repeat","background-position":"center center","background-size":"auto","background-attachment":"scroll","background-type":"","background-media":"","overlay-type":"","overlay-color":"","overlay-opacity":"","overlay-gradient":""},"mobile":{"background-color":"","background-image":"","background-repeat":"repeat","background-position":"center center","background-size":"auto","background-attachment":"scroll","background-type":"","background-media":"","overlay-type":"","overlay-color":"","overlay-opacity":"","overlay-gradient":""}},"ast-content-background-meta":{"desktop":{"background-color":"var(--ast-global-color-5)","background-image":"","background-repeat":"repeat","background-position":"center center","background-size":"auto","background-attachment":"scroll","background-type":"","background-media":"","overlay-type":"","overlay-color":"","overlay-opacity":"","overlay-gradient":""},"tablet":{"background-color":"var(--ast-global-color-5)","background-image":"","background-repeat":"repeat","background-position":"center center","background-size":"auto","background-attachment":"scroll","background-type":"","background-media":"","overlay-type":"","overlay-color":"","overlay-opacity":"","overlay-gradient":""},"mobile":{"background-color":"var(--ast-global-color-5)","background-image":"","background-repeat":"repeat","background-position":"center center","background-size":"auto","background-attachment":"scroll","background-type":"","background-media":"","overlay-type":"","overlay-color":"","overlay-opacity":"","overlay-gradient":""}},"footnotes":""},"class_list":["post-128041","page","type-page","status-publish","has-post-thumbnail","hentry"],"yoast_head":"<!-- This site is optimized with the Yoast SEO plugin v27.5 - https:\/\/yoast.com\/product\/yoast-seo-wordpress\/ -->\n<title>Servicios de Traducci\u00f3n de Archivos de Microsoft Word<\/title>\n<meta name=\"description\" content=\"Trusted Translations se encargar\u00e1 de cualquier proyecto de traducci\u00f3n de archivos de Microsoft Word, independientemente de su complejidad.\" \/>\n<meta name=\"robots\" content=\"index, follow, max-snippet:-1, max-image-preview:large, max-video-preview:-1\" \/>\n<link rel=\"canonical\" href=\"https:\/\/www.trustedtranslations.com\/es\/servicios\/formatos-de-archivos\/word\" \/>\n<meta property=\"og:locale\" content=\"es_ES\" \/>\n<meta property=\"og:type\" content=\"article\" \/>\n<meta property=\"og:title\" content=\"Servicios de Traducci\u00f3n de Archivos de Microsoft Word\" \/>\n<meta property=\"og:description\" content=\"Trusted Translations se encargar\u00e1 de cualquier proyecto de traducci\u00f3n de archivos de Microsoft Word, independientemente de su complejidad.\" \/>\n<meta property=\"og:url\" content=\"https:\/\/www.trustedtranslations.com\/es\/servicios\/formatos-de-archivos\/word\" \/>\n<meta property=\"og:site_name\" content=\"Trusted Translations\" \/>\n<meta property=\"article:publisher\" content=\"https:\/\/www.facebook.com\/Trusted.Translations\" \/>\n<meta property=\"article:modified_time\" content=\"2024-09-02T21:36:42+00:00\" \/>\n<meta property=\"og:image\" content=\"https:\/\/static.trustedtranslations.com\/wp-content\/uploads\/2024\/02\/tt-icon_Microsoft-Word-Translati.webp\" \/>\n\t<meta property=\"og:image:width\" content=\"151\" \/>\n\t<meta property=\"og:image:height\" content=\"151\" \/>\n\t<meta property=\"og:image:type\" content=\"image\/webp\" \/>\n<meta name=\"twitter:card\" content=\"summary_large_image\" \/>\n<meta name=\"twitter:site\" content=\"@TrustedT9ns\" \/>\n<script type=\"application\/ld+json\" class=\"yoast-schema-graph\">{\"@context\":\"https:\\\/\\\/schema.org\",\"@graph\":[{\"@type\":\"WebPage\",\"@id\":\"https:\\\/\\\/www.trustedtranslations.com\\\/es\\\/servicios\\\/formatos-de-archivos\\\/word\",\"url\":\"https:\\\/\\\/www.trustedtranslations.com\\\/es\\\/servicios\\\/formatos-de-archivos\\\/word\",\"name\":\"Servicios de Traducci\u00f3n de Archivos de Microsoft Word\",\"isPartOf\":{\"@id\":\"https:\\\/\\\/www.trustedtranslations.com\\\/es\\\/#website\"},\"primaryImageOfPage\":{\"@id\":\"https:\\\/\\\/www.trustedtranslations.com\\\/es\\\/servicios\\\/formatos-de-archivos\\\/word#primaryimage\"},\"image\":{\"@id\":\"https:\\\/\\\/www.trustedtranslations.com\\\/es\\\/servicios\\\/formatos-de-archivos\\\/word#primaryimage\"},\"thumbnailUrl\":\"https:\\\/\\\/www.trustedtranslations.com\\\/wp-content\\\/uploads\\\/2024\\\/02\\\/tt-icon_Microsoft-Word-Translati.webp\",\"description\":\"Trusted Translations se encargar\u00e1 de cualquier proyecto de traducci\u00f3n de archivos de Microsoft Word, independientemente de su complejidad.\",\"breadcrumb\":{\"@id\":\"https:\\\/\\\/www.trustedtranslations.com\\\/es\\\/servicios\\\/formatos-de-archivos\\\/word#breadcrumb\"},\"inLanguage\":\"es\",\"potentialAction\":[{\"@type\":\"ReadAction\",\"target\":[\"https:\\\/\\\/www.trustedtranslations.com\\\/es\\\/servicios\\\/formatos-de-archivos\\\/word\"]}]},{\"@type\":\"ImageObject\",\"inLanguage\":\"es\",\"@id\":\"https:\\\/\\\/www.trustedtranslations.com\\\/es\\\/servicios\\\/formatos-de-archivos\\\/word#primaryimage\",\"url\":\"https:\\\/\\\/www.trustedtranslations.com\\\/wp-content\\\/uploads\\\/2024\\\/02\\\/tt-icon_Microsoft-Word-Translati.webp\",\"contentUrl\":\"https:\\\/\\\/www.trustedtranslations.com\\\/wp-content\\\/uploads\\\/2024\\\/02\\\/tt-icon_Microsoft-Word-Translati.webp\",\"width\":151,\"height\":151,\"caption\":\"tt icon Microsoft Word Translati\"},{\"@type\":\"BreadcrumbList\",\"@id\":\"https:\\\/\\\/www.trustedtranslations.com\\\/es\\\/servicios\\\/formatos-de-archivos\\\/word#breadcrumb\",\"itemListElement\":[{\"@type\":\"ListItem\",\"position\":1,\"name\":\"Home\",\"item\":\"https:\\\/\\\/www.trustedtranslations.com\\\/es\"},{\"@type\":\"ListItem\",\"position\":2,\"name\":\"Servicios\",\"item\":\"https:\\\/\\\/www.trustedtranslations.com\\\/es\\\/servicios\"},{\"@type\":\"ListItem\",\"position\":3,\"name\":\"Formatos de Archivo\",\"item\":\"https:\\\/\\\/www.trustedtranslations.com\\\/es\\\/servicios\\\/formatos-de-archivos\"},{\"@type\":\"ListItem\",\"position\":4,\"name\":\"Microsoft Word\"}]},{\"@type\":\"WebSite\",\"@id\":\"https:\\\/\\\/www.trustedtranslations.com\\\/es\\\/#website\",\"url\":\"https:\\\/\\\/www.trustedtranslations.com\\\/es\\\/\",\"name\":\"Trusted Translations, Inc.\",\"description\":\"Leader in translation and interpretation services.\",\"publisher\":{\"@id\":\"https:\\\/\\\/www.trustedtranslations.com\\\/es\\\/#organization\"},\"alternateName\":\"Trusted Translations\",\"potentialAction\":[{\"@type\":\"SearchAction\",\"target\":{\"@type\":\"EntryPoint\",\"urlTemplate\":\"https:\\\/\\\/www.trustedtranslations.com\\\/es\\\/?s={search_term_string}\"},\"query-input\":{\"@type\":\"PropertyValueSpecification\",\"valueRequired\":true,\"valueName\":\"search_term_string\"}}],\"inLanguage\":\"es\"},{\"@type\":\"Organization\",\"@id\":\"https:\\\/\\\/www.trustedtranslations.com\\\/es\\\/#organization\",\"name\":\"Trusted Translations\",\"alternateName\":\"Trusted Translations, Inc.\",\"url\":\"https:\\\/\\\/www.trustedtranslations.com\\\/es\\\/\",\"logo\":{\"@type\":\"ImageObject\",\"inLanguage\":\"es\",\"@id\":\"https:\\\/\\\/www.trustedtranslations.com\\\/es\\\/#\\\/schema\\\/logo\\\/image\\\/\",\"url\":\"https:\\\/\\\/static.trustedtranslations.com\\\/wp-content\\\/uploads\\\/2022\\\/01\\\/TT_logo_WSIColors-2.png\",\"contentUrl\":\"https:\\\/\\\/static.trustedtranslations.com\\\/wp-content\\\/uploads\\\/2022\\\/01\\\/TT_logo_WSIColors-2.png\",\"width\":500,\"height\":196,\"caption\":\"Trusted Translations\"},\"image\":{\"@id\":\"https:\\\/\\\/www.trustedtranslations.com\\\/es\\\/#\\\/schema\\\/logo\\\/image\\\/\"},\"sameAs\":[\"https:\\\/\\\/www.facebook.com\\\/Trusted.Translations\",\"https:\\\/\\\/x.com\\\/TrustedT9ns\",\"https:\\\/\\\/www.linkedin.com\\\/company\\\/trusted-translations\"]}]}<\/script>\n<!-- \/ Yoast SEO plugin. -->","yoast_head_json":{"title":"Servicios de Traducci\u00f3n de Archivos de Microsoft Word","description":"Trusted Translations se encargar\u00e1 de cualquier proyecto de traducci\u00f3n de archivos de Microsoft Word, independientemente de su complejidad.","robots":{"index":"index","follow":"follow","max-snippet":"max-snippet:-1","max-image-preview":"max-image-preview:large","max-video-preview":"max-video-preview:-1"},"canonical":"https:\/\/www.trustedtranslations.com\/es\/servicios\/formatos-de-archivos\/word","og_locale":"es_ES","og_type":"article","og_title":"Servicios de Traducci\u00f3n de Archivos de Microsoft Word","og_description":"Trusted Translations se encargar\u00e1 de cualquier proyecto de traducci\u00f3n de archivos de Microsoft Word, independientemente de su complejidad.","og_url":"https:\/\/www.trustedtranslations.com\/es\/servicios\/formatos-de-archivos\/word","og_site_name":"Trusted Translations","article_publisher":"https:\/\/www.facebook.com\/Trusted.Translations","article_modified_time":"2024-09-02T21:36:42+00:00","og_image":[{"width":151,"height":151,"url":"https:\/\/static.trustedtranslations.com\/wp-content\/uploads\/2024\/02\/tt-icon_Microsoft-Word-Translati.webp","type":"image\/webp"}],"twitter_card":"summary_large_image","twitter_site":"@TrustedT9ns","schema":{"@context":"https:\/\/schema.org","@graph":[{"@type":"WebPage","@id":"https:\/\/www.trustedtranslations.com\/es\/servicios\/formatos-de-archivos\/word","url":"https:\/\/www.trustedtranslations.com\/es\/servicios\/formatos-de-archivos\/word","name":"Servicios de Traducci\u00f3n de Archivos de Microsoft Word","isPartOf":{"@id":"https:\/\/www.trustedtranslations.com\/es\/#website"},"primaryImageOfPage":{"@id":"https:\/\/www.trustedtranslations.com\/es\/servicios\/formatos-de-archivos\/word#primaryimage"},"image":{"@id":"https:\/\/www.trustedtranslations.com\/es\/servicios\/formatos-de-archivos\/word#primaryimage"},"thumbnailUrl":"https:\/\/www.trustedtranslations.com\/wp-content\/uploads\/2024\/02\/tt-icon_Microsoft-Word-Translati.webp","description":"Trusted Translations se encargar\u00e1 de cualquier proyecto de traducci\u00f3n de archivos de Microsoft Word, independientemente de su complejidad.","breadcrumb":{"@id":"https:\/\/www.trustedtranslations.com\/es\/servicios\/formatos-de-archivos\/word#breadcrumb"},"inLanguage":"es","potentialAction":[{"@type":"ReadAction","target":["https:\/\/www.trustedtranslations.com\/es\/servicios\/formatos-de-archivos\/word"]}]},{"@type":"ImageObject","inLanguage":"es","@id":"https:\/\/www.trustedtranslations.com\/es\/servicios\/formatos-de-archivos\/word#primaryimage","url":"https:\/\/www.trustedtranslations.com\/wp-content\/uploads\/2024\/02\/tt-icon_Microsoft-Word-Translati.webp","contentUrl":"https:\/\/www.trustedtranslations.com\/wp-content\/uploads\/2024\/02\/tt-icon_Microsoft-Word-Translati.webp","width":151,"height":151,"caption":"tt icon Microsoft Word Translati"},{"@type":"BreadcrumbList","@id":"https:\/\/www.trustedtranslations.com\/es\/servicios\/formatos-de-archivos\/word#breadcrumb","itemListElement":[{"@type":"ListItem","position":1,"name":"Home","item":"https:\/\/www.trustedtranslations.com\/es"},{"@type":"ListItem","position":2,"name":"Servicios","item":"https:\/\/www.trustedtranslations.com\/es\/servicios"},{"@type":"ListItem","position":3,"name":"Formatos de Archivo","item":"https:\/\/www.trustedtranslations.com\/es\/servicios\/formatos-de-archivos"},{"@type":"ListItem","position":4,"name":"Microsoft Word"}]},{"@type":"WebSite","@id":"https:\/\/www.trustedtranslations.com\/es\/#website","url":"https:\/\/www.trustedtranslations.com\/es\/","name":"Trusted Translations, Inc.","description":"Leader in translation and interpretation services.","publisher":{"@id":"https:\/\/www.trustedtranslations.com\/es\/#organization"},"alternateName":"Trusted Translations","potentialAction":[{"@type":"SearchAction","target":{"@type":"EntryPoint","urlTemplate":"https:\/\/www.trustedtranslations.com\/es\/?s={search_term_string}"},"query-input":{"@type":"PropertyValueSpecification","valueRequired":true,"valueName":"search_term_string"}}],"inLanguage":"es"},{"@type":"Organization","@id":"https:\/\/www.trustedtranslations.com\/es\/#organization","name":"Trusted Translations","alternateName":"Trusted Translations, Inc.","url":"https:\/\/www.trustedtranslations.com\/es\/","logo":{"@type":"ImageObject","inLanguage":"es","@id":"https:\/\/www.trustedtranslations.com\/es\/#\/schema\/logo\/image\/","url":"https:\/\/static.trustedtranslations.com\/wp-content\/uploads\/2022\/01\/TT_logo_WSIColors-2.png","contentUrl":"https:\/\/static.trustedtranslations.com\/wp-content\/uploads\/2022\/01\/TT_logo_WSIColors-2.png","width":500,"height":196,"caption":"Trusted Translations"},"image":{"@id":"https:\/\/www.trustedtranslations.com\/es\/#\/schema\/logo\/image\/"},"sameAs":["https:\/\/www.facebook.com\/Trusted.Translations","https:\/\/x.com\/TrustedT9ns","https:\/\/www.linkedin.com\/company\/trusted-translations"]}]}},"toolset-meta":{"dyk":{"mensaje-1":{"type":"textfield","raw":"Cada componente de sus documentos MS Word se volver\u00e1 a incorporar sin dificultad."},"mensaje-2":{"type":"textfield","raw":""},"mensaje-3":{"type":"textfield","raw":"Proporcionamos traducciones que se ven exactamente igual al dise\u00f1o original del documento MS Word."},"mensaje-4":{"type":"textfield","raw":"Traduciremos cualquier documento o imagen incrustados en el texto."},"mensaje-5":{"type":"textfield","raw":""},"mensaje-6":{"type":"textfield","raw":""}},"single-page-template-fields":{"imgs-temp":{"type":"image","raw":["https:\/\/static.trustedtranslations.com\/wp-content\/uploads\/2024\/06\/word-final-3-1.webp"],"repeatable":[{"raw":"https:\/\/static.trustedtranslations.com\/wp-content\/uploads\/2024\/06\/word-final-3-1.webp"}]},"imgs-temp-cel":{"type":"image","raw":[""],"repeatable":[{"raw":""}]},"img-temp-one-cel":{"type":"image","raw":"https:\/\/static.trustedtranslations.com\/wp-content\/uploads\/2024\/03\/AdobeStock_385542563-2-1.webp","attachment_id":null},"quotes":{"type":"textarea","raw":"<h1 style=\"margin-bottom: 12px;\">Servicios de Traducci\u00f3n de Archivos de Microsoft Word<\/h1><p>Para sus necesidades de traducci\u00f3n de documentos de Microsoft Word, <em><em>Trusted Translations<\/em><\/em> es la mejor opci\u00f3n para traducciones r\u00e1pidas, confiables, precisas y profesionales. Podemos proporcionar traducciones que se ven tal como el documento original, desde el formato, hasta los hiperv\u00ednculos, los \u00edndices, los gr\u00e1ficos o las im\u00e1genes incrustados en el texto original, para que pueda transmitir su mensaje con la mayor precisi\u00f3n posible en el idioma de destino.<\/p><div style=\"margin-top: 2.5vw;\"><a class=\"tt-btn-main-cta\" href=\"\/es\/presupuesto-sin-cargo\">SOLICITE UN PRESUPUESTO SIN CARGO<\/a><\/div>"},"text-1":{"type":"textarea","raw":"<h2>Servicios Integrales de Traducci\u00f3n de Microsoft Word y Dise\u00f1o Gr\u00e1fico<\/h2>\r\nTodas las traducciones de los documentos de Microsoft Word se someter\u00e1n a un meticuloso proceso de traducci\u00f3n, edici\u00f3n y revisi\u00f3n y, si es necesario, se incluir\u00e1 una etapa de dise\u00f1o gr\u00e1fico como parte de nuestros servicios completos de traducci\u00f3n. En el caso de que sea necesario una etapa de dise\u00f1o gr\u00e1fico, se llevar\u00e1 a cabo tambi\u00e9n una revisi\u00f3n posterior para asegurar que el producto final sea de la m\u00e1s alta calidad y est\u00e9 listo para su uso inmediato.\r\n<h2>Servicios de Traducci\u00f3n de Archivos de Microsoft Word<\/h2>\r\nEl equipo de profesionales de <em><em>Trusted Translations<\/em><\/em> no solo proporciona la traducci\u00f3n m\u00e1s profesional y precisa del sector, sino que tambi\u00e9n tiene en cuenta todos los detalles de sus proyectos de traducci\u00f3n de archivos de Microsoft Word. Microsoft Word es el programa de procesamiento de texto m\u00e1s utilizado en todo el mundo y, aunque a primera vista puede parecer un formato f\u00e1cil de utilizar para un proyecto de traducci\u00f3n, a menudo puede ser bastante complejo. Su naturaleza f\u00e1cil de usar lo convierte en una plataforma popular para incorporar muchos elementos como hiperv\u00ednculos, gr\u00e1ficos, im\u00e1genes, hojas de c\u00e1lculo, tablas din\u00e1micas, \u00edndices, as\u00ed como otros formatos de archivo incrustados, por nombrar algunos. Cuando llevamos a cabo un proyecto de traducci\u00f3n en <em><em>Trusted Translations<\/em><\/em>, tenemos en cuenta todos estos elementos a lo largo de nuestro proceso de traducci\u00f3n.\r\n<h2>\u00bfC\u00f3mo Traducimos un Documento de Word?<\/h2>\r\nNuestro equipo de traductores y dise\u00f1adores gr\u00e1ficos garantiza que el producto final se traducir\u00e1 profesionalmente y que todos los componentes del documento de MS Word se reincorporar\u00e1n a la perfecci\u00f3n, listos para su uso inmediato. Aceptaremos un proyecto de traducci\u00f3n de Microsoft Word de cualquier tama\u00f1o, independientemente de su complejidad, y le devolveremos un documento de Word traducido de manera profesional y dise\u00f1ado con habilidad.\r\n\r\nCuando le entregue a <em><em>Trusted Translations<\/em><\/em> un proyecto de traducci\u00f3n de documentos de MS Word, recibir\u00e1 un documento en el idioma de destino igual al original: todo, desde el formato hasta cualquier otro elemento incrustado, se ver\u00e1 como si no hubiera sido traducido."},"shortcode-map":{"type":"textfield","raw":""},"dyk-shortcode":{"type":"textfield","raw":"[elementor-template id=\"139368\"]"},"text-2":{"type":"textarea","raw":"<h2>Dise\u00f1o Gr\u00e1fico para Documentos de Word<\/h2>\r\nEn el caso de que el documento de MS Word contenga elementos incrustados como gr\u00e1ficos, hojas de c\u00e1lculo, tablas din\u00e1micas, im\u00e1genes, hiperv\u00ednculos, \u00edndices, etc., el equipo de expertos de <em>Trusted Translations<\/em> se asegurar\u00e1 de que cada componente se administre y ejecute individualmente. Nuestros dise\u00f1adores gr\u00e1ficos extraer\u00e1n todos los elementos incrustados del documento para trabajarlos por separado. Nuestros traductores espec\u00edficos para cada industria traducir\u00e1n con precisi\u00f3n todo el texto incrustado, y nuestro equipo de dise\u00f1o gr\u00e1fico se encargar\u00e1 de las f\u00f3rmulas, la conversi\u00f3n de unidades, las tablas din\u00e1micas y dem\u00e1s. Si el documento incluye un \u00edndice, nuestro equipo de dise\u00f1o gr\u00e1fico se asegurar\u00e1 de que cada enlace redirija autom\u00e1ticamente al lector a su secci\u00f3n correspondiente dentro del documento de MS Word. Si tiene tablas din\u00e1micas incrustadas, los dise\u00f1adores comprobar\u00e1n la conversi\u00f3n precisa de las unidades de medici\u00f3n y sus f\u00f3rmulas correspondientes, si usted lo solicita. Si hay otros formatos de archivo incrustados en el documento de Microsoft Word, como una hoja de c\u00e1lculo de Excel o un diagrama de flujo de Visio, que le gustar\u00eda incluir como parte de la traducci\u00f3n, nuestro equipo de dise\u00f1adores gr\u00e1ficos extraer\u00e1 cada formato de archivo para someterlo a un proceso de traducci\u00f3n individual. Por \u00faltimo, nuestros dise\u00f1adores reincorporar\u00e1n cada componente en el documento traducido de MS Word para que se ajuste perfectamente y est\u00e9 listos para su uso inmediato."},"state":{"type":"textfield","raw":""},"city":{"type":"textarea","raw":[]}}},"_links":{"self":[{"href":"https:\/\/www.trustedtranslations.com\/es\/wp-json\/wp\/v2\/pages\/128041","targetHints":{"allow":["GET"]}}],"collection":[{"href":"https:\/\/www.trustedtranslations.com\/es\/wp-json\/wp\/v2\/pages"}],"about":[{"href":"https:\/\/www.trustedtranslations.com\/es\/wp-json\/wp\/v2\/types\/page"}],"author":[{"embeddable":true,"href":"https:\/\/www.trustedtranslations.com\/es\/wp-json\/wp\/v2\/users\/1"}],"replies":[{"embeddable":true,"href":"https:\/\/www.trustedtranslations.com\/es\/wp-json\/wp\/v2\/comments?post=128041"}],"version-history":[{"count":0,"href":"https:\/\/www.trustedtranslations.com\/es\/wp-json\/wp\/v2\/pages\/128041\/revisions"}],"up":[{"embeddable":true,"href":"https:\/\/www.trustedtranslations.com\/es\/wp-json\/wp\/v2\/pages\/127688"}],"wp:featuredmedia":[{"embeddable":true,"href":"https:\/\/www.trustedtranslations.com\/es\/wp-json\/wp\/v2\/media\/238088"}],"wp:attachment":[{"href":"https:\/\/www.trustedtranslations.com\/es\/wp-json\/wp\/v2\/media?parent=128041"}],"curies":[{"name":"wp","href":"https:\/\/api.w.org\/{rel}","templated":true}]}}