{"id":128166,"date":"2018-06-26T20:05:55","date_gmt":"2018-06-26T20:05:55","guid":{"rendered":"https:\/\/www.trustedtranslations.com\/?page_id=128166"},"modified":"2024-09-04T18:19:53","modified_gmt":"2024-09-04T21:19:53","slug":"multimedia","status":"publish","type":"page","link":"https:\/\/www.trustedtranslations.com\/es\/servicios\/humano\/multimedia","title":{"rendered":"Multimedia"},"content":{"rendered":"","protected":false},"excerpt":{"rendered":"","protected":false},"author":1,"featured_media":235745,"parent":127136,"menu_order":14,"comment_status":"closed","ping_status":"closed","template":"","meta":{"site-sidebar-layout":"default","site-content-layout":"default","ast-site-content-layout":"default","site-content-style":"default","site-sidebar-style":"default","ast-global-header-display":"","ast-banner-title-visibility":"","ast-main-header-display":"","ast-hfb-above-header-display":"","ast-hfb-below-header-display":"","ast-hfb-mobile-header-display":"","site-post-title":"disabled","ast-breadcrumbs-content":"","ast-featured-img":"","footer-sml-layout":"","ast-disable-related-posts":"","theme-transparent-header-meta":"default","adv-header-id-meta":"","stick-header-meta":"","header-above-stick-meta":"","header-main-stick-meta":"","header-below-stick-meta":"","astra-migrate-meta-layouts":"set","ast-page-background-enabled":"default","ast-page-background-meta":{"desktop":{"background-color":"var(--ast-global-color-4)","background-image":"","background-repeat":"repeat","background-position":"center center","background-size":"auto","background-attachment":"scroll","background-type":"","background-media":"","overlay-type":"","overlay-color":"","overlay-opacity":"","overlay-gradient":""},"tablet":{"background-color":"","background-image":"","background-repeat":"repeat","background-position":"center center","background-size":"auto","background-attachment":"scroll","background-type":"","background-media":"","overlay-type":"","overlay-color":"","overlay-opacity":"","overlay-gradient":""},"mobile":{"background-color":"","background-image":"","background-repeat":"repeat","background-position":"center center","background-size":"auto","background-attachment":"scroll","background-type":"","background-media":"","overlay-type":"","overlay-color":"","overlay-opacity":"","overlay-gradient":""}},"ast-content-background-meta":{"desktop":{"background-color":"var(--ast-global-color-5)","background-image":"","background-repeat":"repeat","background-position":"center center","background-size":"auto","background-attachment":"scroll","background-type":"","background-media":"","overlay-type":"","overlay-color":"","overlay-opacity":"","overlay-gradient":""},"tablet":{"background-color":"var(--ast-global-color-5)","background-image":"","background-repeat":"repeat","background-position":"center center","background-size":"auto","background-attachment":"scroll","background-type":"","background-media":"","overlay-type":"","overlay-color":"","overlay-opacity":"","overlay-gradient":""},"mobile":{"background-color":"var(--ast-global-color-5)","background-image":"","background-repeat":"repeat","background-position":"center center","background-size":"auto","background-attachment":"scroll","background-type":"","background-media":"","overlay-type":"","overlay-color":"","overlay-opacity":"","overlay-gradient":""}},"footnotes":""},"class_list":["post-128166","page","type-page","status-publish","has-post-thumbnail","hentry"],"yoast_head":"<!-- This site is optimized with the Yoast SEO plugin v27.5 - https:\/\/yoast.com\/product\/yoast-seo-wordpress\/ -->\n<title>Servicios de Traducci\u00f3n de Multimedios: Trusted Translations, Inc.<\/title>\n<meta name=\"description\" content=\"Trusted Translations es l\u00edder en servicios multimedia: subtitulado, doblaje o sincronizaci\u00f3n labial y voz en off. Llame para solicitar un presupuesto sin cargo.\" \/>\n<meta name=\"robots\" content=\"index, follow, max-snippet:-1, max-image-preview:large, max-video-preview:-1\" \/>\n<link rel=\"canonical\" href=\"https:\/\/www.trustedtranslations.com\/es\/servicios\/humano\/multimedia\" \/>\n<meta property=\"og:locale\" content=\"es_ES\" \/>\n<meta property=\"og:type\" content=\"article\" \/>\n<meta property=\"og:title\" content=\"Servicios de Traducci\u00f3n de Multimedios: Trusted Translations, Inc.\" \/>\n<meta property=\"og:description\" content=\"Trusted Translations es l\u00edder en servicios multimedia: subtitulado, doblaje o sincronizaci\u00f3n labial y voz en off. Llame para solicitar un presupuesto sin cargo.\" \/>\n<meta property=\"og:url\" content=\"https:\/\/www.trustedtranslations.com\/es\/servicios\/humano\/multimedia\" \/>\n<meta property=\"og:site_name\" content=\"Trusted Translations\" \/>\n<meta property=\"article:publisher\" content=\"https:\/\/www.facebook.com\/Trusted.Translations\" \/>\n<meta property=\"article:modified_time\" content=\"2024-09-04T21:19:53+00:00\" \/>\n<meta property=\"og:image\" content=\"https:\/\/static.trustedtranslations.com\/wp-content\/uploads\/2024\/02\/TT-ICON_Multimedia-Translation.webp\" \/>\n\t<meta property=\"og:image:width\" content=\"151\" \/>\n\t<meta property=\"og:image:height\" content=\"151\" \/>\n\t<meta property=\"og:image:type\" content=\"image\/webp\" \/>\n<meta name=\"twitter:card\" content=\"summary_large_image\" \/>\n<meta name=\"twitter:site\" content=\"@TrustedT9ns\" \/>\n<script type=\"application\/ld+json\" class=\"yoast-schema-graph\">{\"@context\":\"https:\\\/\\\/schema.org\",\"@graph\":[{\"@type\":\"WebPage\",\"@id\":\"https:\\\/\\\/www.trustedtranslations.com\\\/es\\\/servicios\\\/humano\\\/multimedia\",\"url\":\"https:\\\/\\\/www.trustedtranslations.com\\\/es\\\/servicios\\\/humano\\\/multimedia\",\"name\":\"Servicios de Traducci\u00f3n de Multimedios: Trusted Translations, Inc.\",\"isPartOf\":{\"@id\":\"https:\\\/\\\/www.trustedtranslations.com\\\/es\\\/#website\"},\"primaryImageOfPage\":{\"@id\":\"https:\\\/\\\/www.trustedtranslations.com\\\/es\\\/servicios\\\/humano\\\/multimedia#primaryimage\"},\"image\":{\"@id\":\"https:\\\/\\\/www.trustedtranslations.com\\\/es\\\/servicios\\\/humano\\\/multimedia#primaryimage\"},\"thumbnailUrl\":\"https:\\\/\\\/www.trustedtranslations.com\\\/wp-content\\\/uploads\\\/2024\\\/02\\\/TT-ICON_Multimedia-Translation.webp\",\"description\":\"Trusted Translations es l\u00edder en servicios multimedia: subtitulado, doblaje o sincronizaci\u00f3n labial y voz en off. Llame para solicitar un presupuesto sin cargo.\",\"breadcrumb\":{\"@id\":\"https:\\\/\\\/www.trustedtranslations.com\\\/es\\\/servicios\\\/humano\\\/multimedia#breadcrumb\"},\"inLanguage\":\"es\",\"potentialAction\":[{\"@type\":\"ReadAction\",\"target\":[\"https:\\\/\\\/www.trustedtranslations.com\\\/es\\\/servicios\\\/humano\\\/multimedia\"]}]},{\"@type\":\"ImageObject\",\"inLanguage\":\"es\",\"@id\":\"https:\\\/\\\/www.trustedtranslations.com\\\/es\\\/servicios\\\/humano\\\/multimedia#primaryimage\",\"url\":\"https:\\\/\\\/www.trustedtranslations.com\\\/wp-content\\\/uploads\\\/2024\\\/02\\\/TT-ICON_Multimedia-Translation.webp\",\"contentUrl\":\"https:\\\/\\\/www.trustedtranslations.com\\\/wp-content\\\/uploads\\\/2024\\\/02\\\/TT-ICON_Multimedia-Translation.webp\",\"width\":151,\"height\":151,\"caption\":\"TT ICON Multimedia Translation\"},{\"@type\":\"BreadcrumbList\",\"@id\":\"https:\\\/\\\/www.trustedtranslations.com\\\/es\\\/servicios\\\/humano\\\/multimedia#breadcrumb\",\"itemListElement\":[{\"@type\":\"ListItem\",\"position\":1,\"name\":\"Home\",\"item\":\"https:\\\/\\\/www.trustedtranslations.com\\\/es\"},{\"@type\":\"ListItem\",\"position\":2,\"name\":\"Servicios\",\"item\":\"https:\\\/\\\/www.trustedtranslations.com\\\/es\\\/servicios\"},{\"@type\":\"ListItem\",\"position\":3,\"name\":\"Traducci\u00f3n Humana\",\"item\":\"https:\\\/\\\/www.trustedtranslations.com\\\/es\\\/servicios\\\/humano\"},{\"@type\":\"ListItem\",\"position\":4,\"name\":\"Multimedia\"}]},{\"@type\":\"WebSite\",\"@id\":\"https:\\\/\\\/www.trustedtranslations.com\\\/es\\\/#website\",\"url\":\"https:\\\/\\\/www.trustedtranslations.com\\\/es\\\/\",\"name\":\"Trusted Translations, Inc.\",\"description\":\"Leader in translation and interpretation services.\",\"publisher\":{\"@id\":\"https:\\\/\\\/www.trustedtranslations.com\\\/es\\\/#organization\"},\"alternateName\":\"Trusted Translations\",\"potentialAction\":[{\"@type\":\"SearchAction\",\"target\":{\"@type\":\"EntryPoint\",\"urlTemplate\":\"https:\\\/\\\/www.trustedtranslations.com\\\/es\\\/?s={search_term_string}\"},\"query-input\":{\"@type\":\"PropertyValueSpecification\",\"valueRequired\":true,\"valueName\":\"search_term_string\"}}],\"inLanguage\":\"es\"},{\"@type\":\"Organization\",\"@id\":\"https:\\\/\\\/www.trustedtranslations.com\\\/es\\\/#organization\",\"name\":\"Trusted Translations\",\"alternateName\":\"Trusted Translations, Inc.\",\"url\":\"https:\\\/\\\/www.trustedtranslations.com\\\/es\\\/\",\"logo\":{\"@type\":\"ImageObject\",\"inLanguage\":\"es\",\"@id\":\"https:\\\/\\\/www.trustedtranslations.com\\\/es\\\/#\\\/schema\\\/logo\\\/image\\\/\",\"url\":\"https:\\\/\\\/static.trustedtranslations.com\\\/wp-content\\\/uploads\\\/2022\\\/01\\\/TT_logo_WSIColors-2.png\",\"contentUrl\":\"https:\\\/\\\/static.trustedtranslations.com\\\/wp-content\\\/uploads\\\/2022\\\/01\\\/TT_logo_WSIColors-2.png\",\"width\":500,\"height\":196,\"caption\":\"Trusted Translations\"},\"image\":{\"@id\":\"https:\\\/\\\/www.trustedtranslations.com\\\/es\\\/#\\\/schema\\\/logo\\\/image\\\/\"},\"sameAs\":[\"https:\\\/\\\/www.facebook.com\\\/Trusted.Translations\",\"https:\\\/\\\/x.com\\\/TrustedT9ns\",\"https:\\\/\\\/www.linkedin.com\\\/company\\\/trusted-translations\"]}]}<\/script>\n<!-- \/ Yoast SEO plugin. -->","yoast_head_json":{"title":"Servicios de Traducci\u00f3n de Multimedios: Trusted Translations, Inc.","description":"Trusted Translations es l\u00edder en servicios multimedia: subtitulado, doblaje o sincronizaci\u00f3n labial y voz en off. Llame para solicitar un presupuesto sin cargo.","robots":{"index":"index","follow":"follow","max-snippet":"max-snippet:-1","max-image-preview":"max-image-preview:large","max-video-preview":"max-video-preview:-1"},"canonical":"https:\/\/www.trustedtranslations.com\/es\/servicios\/humano\/multimedia","og_locale":"es_ES","og_type":"article","og_title":"Servicios de Traducci\u00f3n de Multimedios: Trusted Translations, Inc.","og_description":"Trusted Translations es l\u00edder en servicios multimedia: subtitulado, doblaje o sincronizaci\u00f3n labial y voz en off. Llame para solicitar un presupuesto sin cargo.","og_url":"https:\/\/www.trustedtranslations.com\/es\/servicios\/humano\/multimedia","og_site_name":"Trusted Translations","article_publisher":"https:\/\/www.facebook.com\/Trusted.Translations","article_modified_time":"2024-09-04T21:19:53+00:00","og_image":[{"width":151,"height":151,"url":"https:\/\/static.trustedtranslations.com\/wp-content\/uploads\/2024\/02\/TT-ICON_Multimedia-Translation.webp","type":"image\/webp"}],"twitter_card":"summary_large_image","twitter_site":"@TrustedT9ns","schema":{"@context":"https:\/\/schema.org","@graph":[{"@type":"WebPage","@id":"https:\/\/www.trustedtranslations.com\/es\/servicios\/humano\/multimedia","url":"https:\/\/www.trustedtranslations.com\/es\/servicios\/humano\/multimedia","name":"Servicios de Traducci\u00f3n de Multimedios: Trusted Translations, Inc.","isPartOf":{"@id":"https:\/\/www.trustedtranslations.com\/es\/#website"},"primaryImageOfPage":{"@id":"https:\/\/www.trustedtranslations.com\/es\/servicios\/humano\/multimedia#primaryimage"},"image":{"@id":"https:\/\/www.trustedtranslations.com\/es\/servicios\/humano\/multimedia#primaryimage"},"thumbnailUrl":"https:\/\/www.trustedtranslations.com\/wp-content\/uploads\/2024\/02\/TT-ICON_Multimedia-Translation.webp","description":"Trusted Translations es l\u00edder en servicios multimedia: subtitulado, doblaje o sincronizaci\u00f3n labial y voz en off. Llame para solicitar un presupuesto sin cargo.","breadcrumb":{"@id":"https:\/\/www.trustedtranslations.com\/es\/servicios\/humano\/multimedia#breadcrumb"},"inLanguage":"es","potentialAction":[{"@type":"ReadAction","target":["https:\/\/www.trustedtranslations.com\/es\/servicios\/humano\/multimedia"]}]},{"@type":"ImageObject","inLanguage":"es","@id":"https:\/\/www.trustedtranslations.com\/es\/servicios\/humano\/multimedia#primaryimage","url":"https:\/\/www.trustedtranslations.com\/wp-content\/uploads\/2024\/02\/TT-ICON_Multimedia-Translation.webp","contentUrl":"https:\/\/www.trustedtranslations.com\/wp-content\/uploads\/2024\/02\/TT-ICON_Multimedia-Translation.webp","width":151,"height":151,"caption":"TT ICON Multimedia Translation"},{"@type":"BreadcrumbList","@id":"https:\/\/www.trustedtranslations.com\/es\/servicios\/humano\/multimedia#breadcrumb","itemListElement":[{"@type":"ListItem","position":1,"name":"Home","item":"https:\/\/www.trustedtranslations.com\/es"},{"@type":"ListItem","position":2,"name":"Servicios","item":"https:\/\/www.trustedtranslations.com\/es\/servicios"},{"@type":"ListItem","position":3,"name":"Traducci\u00f3n Humana","item":"https:\/\/www.trustedtranslations.com\/es\/servicios\/humano"},{"@type":"ListItem","position":4,"name":"Multimedia"}]},{"@type":"WebSite","@id":"https:\/\/www.trustedtranslations.com\/es\/#website","url":"https:\/\/www.trustedtranslations.com\/es\/","name":"Trusted Translations, Inc.","description":"Leader in translation and interpretation services.","publisher":{"@id":"https:\/\/www.trustedtranslations.com\/es\/#organization"},"alternateName":"Trusted Translations","potentialAction":[{"@type":"SearchAction","target":{"@type":"EntryPoint","urlTemplate":"https:\/\/www.trustedtranslations.com\/es\/?s={search_term_string}"},"query-input":{"@type":"PropertyValueSpecification","valueRequired":true,"valueName":"search_term_string"}}],"inLanguage":"es"},{"@type":"Organization","@id":"https:\/\/www.trustedtranslations.com\/es\/#organization","name":"Trusted Translations","alternateName":"Trusted Translations, Inc.","url":"https:\/\/www.trustedtranslations.com\/es\/","logo":{"@type":"ImageObject","inLanguage":"es","@id":"https:\/\/www.trustedtranslations.com\/es\/#\/schema\/logo\/image\/","url":"https:\/\/static.trustedtranslations.com\/wp-content\/uploads\/2022\/01\/TT_logo_WSIColors-2.png","contentUrl":"https:\/\/static.trustedtranslations.com\/wp-content\/uploads\/2022\/01\/TT_logo_WSIColors-2.png","width":500,"height":196,"caption":"Trusted Translations"},"image":{"@id":"https:\/\/www.trustedtranslations.com\/es\/#\/schema\/logo\/image\/"},"sameAs":["https:\/\/www.facebook.com\/Trusted.Translations","https:\/\/x.com\/TrustedT9ns","https:\/\/www.linkedin.com\/company\/trusted-translations"]}]}},"toolset-meta":{"dyk":{"mensaje-1":{"type":"textfield","raw":"La audiencia de Netflix que no habla ingl\u00e9s ha aumentado en un 71% desde 2019."},"mensaje-2":{"type":"textfield","raw":""},"mensaje-3":{"type":"textfield","raw":"La mitad de los espectadores estadounidenses utilizan subt\u00edtulos la mayor parte del tiempo."},"mensaje-4":{"type":"textfield","raw":"El video ayuda a aumentar la memoria y retenci\u00f3n de contenidos en la mayor\u00eda de los eLearners."},"mensaje-5":{"type":"textfield","raw":""},"mensaje-6":{"type":"textfield","raw":""}},"single-page-template-fields":{"imgs-temp":{"type":"image","raw":["https:\/\/static.trustedtranslations.com\/wp-content\/uploads\/2024\/06\/multimedia-final-1.webp","https:\/\/static.trustedtranslations.com\/wp-content\/uploads\/2024\/06\/multimedia-final-2-1.webp"],"repeatable":[{"raw":"https:\/\/static.trustedtranslations.com\/wp-content\/uploads\/2024\/06\/multimedia-final-1.webp"},{"raw":"https:\/\/static.trustedtranslations.com\/wp-content\/uploads\/2024\/06\/multimedia-final-2-1.webp"}]},"imgs-temp-cel":{"type":"image","raw":[""],"repeatable":[{"raw":""}]},"img-temp-one-cel":{"type":"image","raw":"https:\/\/static.trustedtranslations.com\/wp-content\/uploads\/2024\/06\/AdobeStock_317226118-2-1.webp","attachment_id":null},"quotes":{"type":"textarea","raw":"<h1 style=\"margin-bottom: 12px;\">Servicios de Traducci\u00f3n Multimedia<\/h1>\r\nSon imprescindibles traducciones multimedia de alta calidad en la industria del entretenimiento y los medios. Al haber trabajado con empresas l\u00edderes en estos dos segmentos relacionados del sector, <em>Trusted Translations<\/em> ha desarrollado una experiencia \u00fanica en varios tipos de traducciones multimedia especializadas, incluidos subtitulado, doblaje, voz en off y sincronizaci\u00f3n labial.\r\n<div style=\"margin-top: 2.5vw;\"><a class=\"tt-btn-main-cta\" href=\"https:\/\/www.trustedtranslations.com\/es\/presupuesto-sin-cargo\">Solicite un presupuesto sin cargo<\/a><\/div>"},"text-1":{"type":"textarea","raw":"<h2>Por qu\u00e9 el Video y el Audio Est\u00e1n Revolucionando la Comunicaci\u00f3n<\/h2>El video y el audio se han convertido en los nuevos pilares de la comunicaci\u00f3n: si una imagen vale m\u00e1s que mil palabras, un video vale un mill\u00f3n. A medida que las personas de todo el mundo se sienten m\u00e1s c\u00f3modas al usar video y audio y tienen m\u00e1s acceso a herramientas multimedia, hay corporaciones multinacionales y organizaciones gubernamentales que conf\u00edan cada vez m\u00e1s en las plataformas multimedia para capacitar y educar a su p\u00fablico objetivo.\r\n\r\nEn <em>Trusted Translations<\/em> se ha desarrollado una divisi\u00f3n especializada dedicada a manejar todo tipo de servicios de traducci\u00f3n multimedia.\r\n<h2>Subtitulado<\/h2>\r\nCasi todas las formas de video requieren subt\u00edtulos en varios idiomas para tener un alcance m\u00e1s amplio. Los mercados internacionales son de especial importancia para el \u00e9xito de contenido de video educativo y de entretenimiento. La popularidad de servicios de transmisi\u00f3n como Netflix y Hulu ha generado una mayor demanda de subtitulado en todo el mundo. La investigaci\u00f3n ha demostrado incluso que los espectadores de entre 18 y 25 a\u00f1os prefieren <a href=\"https:\/\/www.trustedtranslations.com\/es\/blog\/las-ultimas-tendencias-en-subtitulos\" rel=\"noopener\">ver contenido multimedia con subt\u00edtulos<\/a>.\r\n\r\nEl subtitulado implica mucho m\u00e1s que una simple traducci\u00f3n; requiere un proceso altamente t\u00e9cnico y preciso para asegurar que el p\u00fablico pueda entender cada escena con contenido hablado o escrito. Este proceso tambi\u00e9n presenta desaf\u00edos \u00fanicos, como trabajar con restricciones de cantidad de caracteres para asegurarse de que no tome m\u00e1s tiempo leer los subt\u00edtulos que lo que dura la escena misma.\r\n\r\nEn <em>Trusted Translations<\/em>, nuestros equipos especializados en traducci\u00f3n multimedia han trabajado con las principales empresas educativas y de entretenimiento para encargarse de todas sus necesidades de subtitulado.\r\n<h2>Doblaje<\/h2>\r\nEl doblaje es el proceso de agregar nuevo contenido de audio hablado para reemplazar la banda sonora existente en una producci\u00f3n de video. Se utiliza ampliamente en mercados en los que el subtitulado no cumple los objetivos de los productores, y es un m\u00e9todo m\u00e1s universal para convertir producciones de video para mercados internacionales. Como no se requiere lectura, es ideal para ni\u00f1os y para mercados con niveles m\u00e1s bajos de educaci\u00f3n general. Muchas empresas tambi\u00e9n prefieren el doblaje porque refleja con mayor detalle la experiencia de ver y escuchar de la producci\u00f3n original.\r\n\r\nPara que el contenido del video tenga el doblaje correcto, un equipo de expertos debe traducir el di\u00e1logo para producir un texto que, cuando se hable, coincida con el movimiento original de los labios del actor. En <em>Trusted Translations<\/em> hemos doblado miles de horas de contenido en video para casi todos los mercados y estamos listos para satisfacer todas sus necesidades de doblaje."},"shortcode-map":{"type":"textfield","raw":""},"dyk-shortcode":{"type":"textfield","raw":"[elementor-template id=\"139229\"]"},"text-2":{"type":"textarea","raw":"<h2>Sincronizaci\u00f3n Labial<\/h2>\r\nLa sincronizaci\u00f3n labial es un proceso en el que se inserta audio de manera que coincida con los movimientos originales de los labios de los actores. Es clave en muchos largometrajes, ya que ayuda al p\u00fablico a entender mejor el contenido y crea la ilusi\u00f3n de que se film\u00f3 originalmente en el idioma doblado.\r\n\r\nLa sincronizaci\u00f3n labial y el doblaje van de la mano, ya que es esencial hacer coincidir el audio regrabado con el movimiento de los labios de los actores en vivo o los personajes animados para ofrecer la calidad de producci\u00f3n que espera el p\u00fablico. Con frecuencia tambi\u00e9n es necesario modificar la traducci\u00f3n original para acortar el tiempo que lleva decir las l\u00edneas. Eso puede plantear un problema al doblar a un idioma que utiliza m\u00e1s palabras que el otro para transmitir el mismo significado, como es el caso de pasar del ingl\u00e9s al espa\u00f1ol.\r\n\r\nEn <em>Trusted Translations<\/em>, nuestra experiencia en idiomas, en especial en servicios de traducci\u00f3n al espa\u00f1ol, equipa a los traductores multimedia para enfrentar estos desaf\u00edos con facilidad.\r\n<h2>Voz en Off<\/h2>\r\nEs com\u00fan que se utilicen servicios de voz en off traducida en producciones de video para reemplazar el contenido de audio que no dice un actor en una escena en particular. En los documentales, por ejemplo, suele utilizarse este m\u00e9todo, ya que por lo general hay un narrador en el fondo que describe una escena.\r\n\r\nEn los servicios de voz en off no se requiere el mismo nivel de precisi\u00f3n que para doblaje o subtitulado; sin embargo, debe prestarse igual una cuidadosa atenci\u00f3n a la longitud del texto traducido y c\u00f3mo coincide con el video original. Por lo tanto, para proporcionar voz en off traducida eficaz se necesita el equipamiento apropiado adem\u00e1s de una gran pericia.\r\n\r\nEn <em>Trusted Translations<\/em>, llevamos a\u00f1os de experiencia en brindar servicios de voz en off y trabajaremos con su organizaci\u00f3n para asegurarnos de obtener el resultado de la m\u00e1s alta calidad. Para saber m\u00e1s sobre nuestros servicios de traducci\u00f3n multimedia, comun\u00edquese con nosotros hoy mismo."},"state":{"type":"textfield","raw":""},"city":{"type":"textarea","raw":[]}}},"_links":{"self":[{"href":"https:\/\/www.trustedtranslations.com\/es\/wp-json\/wp\/v2\/pages\/128166","targetHints":{"allow":["GET"]}}],"collection":[{"href":"https:\/\/www.trustedtranslations.com\/es\/wp-json\/wp\/v2\/pages"}],"about":[{"href":"https:\/\/www.trustedtranslations.com\/es\/wp-json\/wp\/v2\/types\/page"}],"author":[{"embeddable":true,"href":"https:\/\/www.trustedtranslations.com\/es\/wp-json\/wp\/v2\/users\/1"}],"replies":[{"embeddable":true,"href":"https:\/\/www.trustedtranslations.com\/es\/wp-json\/wp\/v2\/comments?post=128166"}],"version-history":[{"count":0,"href":"https:\/\/www.trustedtranslations.com\/es\/wp-json\/wp\/v2\/pages\/128166\/revisions"}],"up":[{"embeddable":true,"href":"https:\/\/www.trustedtranslations.com\/es\/wp-json\/wp\/v2\/pages\/127136"}],"wp:featuredmedia":[{"embeddable":true,"href":"https:\/\/www.trustedtranslations.com\/es\/wp-json\/wp\/v2\/media\/235745"}],"wp:attachment":[{"href":"https:\/\/www.trustedtranslations.com\/es\/wp-json\/wp\/v2\/media?parent=128166"}],"curies":[{"name":"wp","href":"https:\/\/api.w.org\/{rel}","templated":true}]}}