{"id":144395,"date":"2018-07-06T18:13:58","date_gmt":"2018-07-06T18:13:58","guid":{"rendered":"https:\/\/www.trustedtranslations.com\/?page_id=144395"},"modified":"2024-09-18T15:33:04","modified_gmt":"2024-09-18T18:33:04","slug":"espanol-de-estados-unidos","status":"publish","type":"page","link":"https:\/\/www.trustedtranslations.com\/es\/idiomas\/espanol\/caracteristicas\/espanol-de-estados-unidos","title":{"rendered":"Espa\u00f1ol de Estados Unidos"},"content":{"rendered":"","protected":false},"excerpt":{"rendered":"","protected":false},"author":1,"featured_media":160117,"parent":181362,"menu_order":0,"comment_status":"closed","ping_status":"closed","template":"","meta":{"site-sidebar-layout":"default","site-content-layout":"default","ast-site-content-layout":"default","site-content-style":"default","site-sidebar-style":"default","ast-global-header-display":"","ast-banner-title-visibility":"","ast-main-header-display":"","ast-hfb-above-header-display":"","ast-hfb-below-header-display":"","ast-hfb-mobile-header-display":"","site-post-title":"disabled","ast-breadcrumbs-content":"","ast-featured-img":"","footer-sml-layout":"","ast-disable-related-posts":"","theme-transparent-header-meta":"default","adv-header-id-meta":"","stick-header-meta":"","header-above-stick-meta":"","header-main-stick-meta":"","header-below-stick-meta":"","astra-migrate-meta-layouts":"set","ast-page-background-enabled":"default","ast-page-background-meta":{"desktop":{"background-color":"var(--ast-global-color-4)","background-image":"","background-repeat":"repeat","background-position":"center center","background-size":"auto","background-attachment":"scroll","background-type":"","background-media":"","overlay-type":"","overlay-color":"","overlay-opacity":"","overlay-gradient":""},"tablet":{"background-color":"","background-image":"","background-repeat":"repeat","background-position":"center center","background-size":"auto","background-attachment":"scroll","background-type":"","background-media":"","overlay-type":"","overlay-color":"","overlay-opacity":"","overlay-gradient":""},"mobile":{"background-color":"","background-image":"","background-repeat":"repeat","background-position":"center center","background-size":"auto","background-attachment":"scroll","background-type":"","background-media":"","overlay-type":"","overlay-color":"","overlay-opacity":"","overlay-gradient":""}},"ast-content-background-meta":{"desktop":{"background-color":"var(--ast-global-color-5)","background-image":"","background-repeat":"repeat","background-position":"center center","background-size":"auto","background-attachment":"scroll","background-type":"","background-media":"","overlay-type":"","overlay-color":"","overlay-opacity":"","overlay-gradient":""},"tablet":{"background-color":"var(--ast-global-color-5)","background-image":"","background-repeat":"repeat","background-position":"center center","background-size":"auto","background-attachment":"scroll","background-type":"","background-media":"","overlay-type":"","overlay-color":"","overlay-opacity":"","overlay-gradient":""},"mobile":{"background-color":"var(--ast-global-color-5)","background-image":"","background-repeat":"repeat","background-position":"center center","background-size":"auto","background-attachment":"scroll","background-type":"","background-media":"","overlay-type":"","overlay-color":"","overlay-opacity":"","overlay-gradient":""}},"footnotes":""},"class_list":["post-144395","page","type-page","status-publish","has-post-thumbnail","hentry"],"yoast_head":"<!-- This site is optimized with the Yoast SEO plugin v27.5 - https:\/\/yoast.com\/product\/yoast-seo-wordpress\/ -->\n<title>Traducciones al Espa\u00f1ol de EE. UU: Trusted Translations, Inc.<\/title>\n<meta name=\"description\" content=\"Conozca las caracter\u00edsticas \u00fanicas del espa\u00f1ol de EE. UU. con Trusted Translations. Descubra los matices ling\u00fc\u00edsticos y las influencias culturales. Solicite un presupuesto sin cargo.\" \/>\n<meta name=\"robots\" content=\"index, follow, max-snippet:-1, max-image-preview:large, max-video-preview:-1\" \/>\n<link rel=\"canonical\" href=\"https:\/\/www.trustedtranslations.com\/es\/idiomas\/espanol\/caracteristicas\/espanol-de-estados-unidos\" \/>\n<meta property=\"og:locale\" content=\"es_ES\" \/>\n<meta property=\"og:type\" content=\"article\" \/>\n<meta property=\"og:title\" content=\"Traducciones al Espa\u00f1ol de EE. UU: Trusted Translations, Inc.\" \/>\n<meta property=\"og:description\" content=\"Conozca las caracter\u00edsticas \u00fanicas del espa\u00f1ol de EE. UU. con Trusted Translations. Descubra los matices ling\u00fc\u00edsticos y las influencias culturales. Solicite un presupuesto sin cargo.\" \/>\n<meta property=\"og:url\" content=\"https:\/\/www.trustedtranslations.com\/es\/idiomas\/espanol\/caracteristicas\/espanol-de-estados-unidos\" \/>\n<meta property=\"og:site_name\" content=\"Trusted Translations\" \/>\n<meta property=\"article:publisher\" content=\"https:\/\/www.facebook.com\/Trusted.Translations\" \/>\n<meta property=\"article:modified_time\" content=\"2024-09-18T18:33:04+00:00\" \/>\n<meta property=\"og:image\" content=\"https:\/\/static.trustedtranslations.com\/wp-content\/uploads\/2022\/08\/TT_NEW_FB-1.png\" \/>\n\t<meta property=\"og:image:width\" content=\"1\" \/>\n\t<meta property=\"og:image:height\" content=\"1\" \/>\n\t<meta property=\"og:image:type\" content=\"image\/jpeg\" \/>\n<meta name=\"twitter:card\" content=\"summary_large_image\" \/>\n<meta name=\"twitter:site\" content=\"@TrustedT9ns\" \/>\n<script type=\"application\/ld+json\" class=\"yoast-schema-graph\">{\"@context\":\"https:\\\/\\\/schema.org\",\"@graph\":[{\"@type\":\"WebPage\",\"@id\":\"https:\\\/\\\/www.trustedtranslations.com\\\/es\\\/idiomas\\\/espanol\\\/caracteristicas\\\/espanol-de-estados-unidos\",\"url\":\"https:\\\/\\\/www.trustedtranslations.com\\\/es\\\/idiomas\\\/espanol\\\/caracteristicas\\\/espanol-de-estados-unidos\",\"name\":\"Traducciones al Espa\u00f1ol de EE. UU: Trusted Translations, Inc.\",\"isPartOf\":{\"@id\":\"https:\\\/\\\/www.trustedtranslations.com\\\/es\\\/#website\"},\"primaryImageOfPage\":{\"@id\":\"https:\\\/\\\/www.trustedtranslations.com\\\/es\\\/idiomas\\\/espanol\\\/caracteristicas\\\/espanol-de-estados-unidos#primaryimage\"},\"image\":{\"@id\":\"https:\\\/\\\/www.trustedtranslations.com\\\/es\\\/idiomas\\\/espanol\\\/caracteristicas\\\/espanol-de-estados-unidos#primaryimage\"},\"thumbnailUrl\":\"https:\\\/\\\/www.trustedtranslations.com\\\/wp-content\\\/uploads\\\/2022\\\/08\\\/TT_NEW_FB-1.png\",\"description\":\"Conozca las caracter\u00edsticas \u00fanicas del espa\u00f1ol de EE. UU. con Trusted Translations. Descubra los matices ling\u00fc\u00edsticos y las influencias culturales. Solicite un presupuesto sin cargo.\",\"breadcrumb\":{\"@id\":\"https:\\\/\\\/www.trustedtranslations.com\\\/es\\\/idiomas\\\/espanol\\\/caracteristicas\\\/espanol-de-estados-unidos#breadcrumb\"},\"inLanguage\":\"es\",\"potentialAction\":[{\"@type\":\"ReadAction\",\"target\":[\"https:\\\/\\\/www.trustedtranslations.com\\\/es\\\/idiomas\\\/espanol\\\/caracteristicas\\\/espanol-de-estados-unidos\"]}]},{\"@type\":\"ImageObject\",\"inLanguage\":\"es\",\"@id\":\"https:\\\/\\\/www.trustedtranslations.com\\\/es\\\/idiomas\\\/espanol\\\/caracteristicas\\\/espanol-de-estados-unidos#primaryimage\",\"url\":\"https:\\\/\\\/www.trustedtranslations.com\\\/wp-content\\\/uploads\\\/2022\\\/08\\\/TT_NEW_FB-1.png\",\"contentUrl\":\"https:\\\/\\\/www.trustedtranslations.com\\\/wp-content\\\/uploads\\\/2022\\\/08\\\/TT_NEW_FB-1.png\",\"caption\":\"TT NEW FB 1\"},{\"@type\":\"BreadcrumbList\",\"@id\":\"https:\\\/\\\/www.trustedtranslations.com\\\/es\\\/idiomas\\\/espanol\\\/caracteristicas\\\/espanol-de-estados-unidos#breadcrumb\",\"itemListElement\":[{\"@type\":\"ListItem\",\"position\":1,\"name\":\"Home\",\"item\":\"https:\\\/\\\/www.trustedtranslations.com\\\/es\"},{\"@type\":\"ListItem\",\"position\":2,\"name\":\"Idiomas\",\"item\":\"https:\\\/\\\/www.trustedtranslations.com\\\/es\\\/idiomas\"},{\"@type\":\"ListItem\",\"position\":3,\"name\":\"Espa\u00f1ol\",\"item\":\"https:\\\/\\\/www.trustedtranslations.com\\\/es\\\/idiomas\\\/espanol\"},{\"@type\":\"ListItem\",\"position\":4,\"name\":\"Caracter\u00edsticas del Espa\u00f1ol\",\"item\":\"https:\\\/\\\/www.trustedtranslations.com\\\/es\\\/idiomas\\\/espanol\\\/caracteristicas\"},{\"@type\":\"ListItem\",\"position\":5,\"name\":\"Espa\u00f1ol de Estados Unidos\"}]},{\"@type\":\"WebSite\",\"@id\":\"https:\\\/\\\/www.trustedtranslations.com\\\/es\\\/#website\",\"url\":\"https:\\\/\\\/www.trustedtranslations.com\\\/es\\\/\",\"name\":\"Trusted Translations, Inc.\",\"description\":\"Leader in translation and interpretation services.\",\"publisher\":{\"@id\":\"https:\\\/\\\/www.trustedtranslations.com\\\/es\\\/#organization\"},\"alternateName\":\"Trusted Translations\",\"potentialAction\":[{\"@type\":\"SearchAction\",\"target\":{\"@type\":\"EntryPoint\",\"urlTemplate\":\"https:\\\/\\\/www.trustedtranslations.com\\\/es\\\/?s={search_term_string}\"},\"query-input\":{\"@type\":\"PropertyValueSpecification\",\"valueRequired\":true,\"valueName\":\"search_term_string\"}}],\"inLanguage\":\"es\"},{\"@type\":\"Organization\",\"@id\":\"https:\\\/\\\/www.trustedtranslations.com\\\/es\\\/#organization\",\"name\":\"Trusted Translations\",\"alternateName\":\"Trusted Translations, Inc.\",\"url\":\"https:\\\/\\\/www.trustedtranslations.com\\\/es\\\/\",\"logo\":{\"@type\":\"ImageObject\",\"inLanguage\":\"es\",\"@id\":\"https:\\\/\\\/www.trustedtranslations.com\\\/es\\\/#\\\/schema\\\/logo\\\/image\\\/\",\"url\":\"https:\\\/\\\/static.trustedtranslations.com\\\/wp-content\\\/uploads\\\/2022\\\/01\\\/TT_logo_WSIColors-2.png\",\"contentUrl\":\"https:\\\/\\\/static.trustedtranslations.com\\\/wp-content\\\/uploads\\\/2022\\\/01\\\/TT_logo_WSIColors-2.png\",\"width\":500,\"height\":196,\"caption\":\"Trusted Translations\"},\"image\":{\"@id\":\"https:\\\/\\\/www.trustedtranslations.com\\\/es\\\/#\\\/schema\\\/logo\\\/image\\\/\"},\"sameAs\":[\"https:\\\/\\\/www.facebook.com\\\/Trusted.Translations\",\"https:\\\/\\\/x.com\\\/TrustedT9ns\",\"https:\\\/\\\/www.linkedin.com\\\/company\\\/trusted-translations\"]}]}<\/script>\n<!-- \/ Yoast SEO plugin. -->","yoast_head_json":{"title":"Traducciones al Espa\u00f1ol de EE. UU: Trusted Translations, Inc.","description":"Conozca las caracter\u00edsticas \u00fanicas del espa\u00f1ol de EE. UU. con Trusted Translations. Descubra los matices ling\u00fc\u00edsticos y las influencias culturales. Solicite un presupuesto sin cargo.","robots":{"index":"index","follow":"follow","max-snippet":"max-snippet:-1","max-image-preview":"max-image-preview:large","max-video-preview":"max-video-preview:-1"},"canonical":"https:\/\/www.trustedtranslations.com\/es\/idiomas\/espanol\/caracteristicas\/espanol-de-estados-unidos","og_locale":"es_ES","og_type":"article","og_title":"Traducciones al Espa\u00f1ol de EE. UU: Trusted Translations, Inc.","og_description":"Conozca las caracter\u00edsticas \u00fanicas del espa\u00f1ol de EE. UU. con Trusted Translations. Descubra los matices ling\u00fc\u00edsticos y las influencias culturales. Solicite un presupuesto sin cargo.","og_url":"https:\/\/www.trustedtranslations.com\/es\/idiomas\/espanol\/caracteristicas\/espanol-de-estados-unidos","og_site_name":"Trusted Translations","article_publisher":"https:\/\/www.facebook.com\/Trusted.Translations","article_modified_time":"2024-09-18T18:33:04+00:00","og_image":[{"url":"https:\/\/static.trustedtranslations.com\/wp-content\/uploads\/2022\/08\/TT_NEW_FB-1.png","width":1,"height":1,"type":"image\/jpeg"}],"twitter_card":"summary_large_image","twitter_site":"@TrustedT9ns","schema":{"@context":"https:\/\/schema.org","@graph":[{"@type":"WebPage","@id":"https:\/\/www.trustedtranslations.com\/es\/idiomas\/espanol\/caracteristicas\/espanol-de-estados-unidos","url":"https:\/\/www.trustedtranslations.com\/es\/idiomas\/espanol\/caracteristicas\/espanol-de-estados-unidos","name":"Traducciones al Espa\u00f1ol de EE. UU: Trusted Translations, Inc.","isPartOf":{"@id":"https:\/\/www.trustedtranslations.com\/es\/#website"},"primaryImageOfPage":{"@id":"https:\/\/www.trustedtranslations.com\/es\/idiomas\/espanol\/caracteristicas\/espanol-de-estados-unidos#primaryimage"},"image":{"@id":"https:\/\/www.trustedtranslations.com\/es\/idiomas\/espanol\/caracteristicas\/espanol-de-estados-unidos#primaryimage"},"thumbnailUrl":"https:\/\/www.trustedtranslations.com\/wp-content\/uploads\/2022\/08\/TT_NEW_FB-1.png","description":"Conozca las caracter\u00edsticas \u00fanicas del espa\u00f1ol de EE. UU. con Trusted Translations. Descubra los matices ling\u00fc\u00edsticos y las influencias culturales. Solicite un presupuesto sin cargo.","breadcrumb":{"@id":"https:\/\/www.trustedtranslations.com\/es\/idiomas\/espanol\/caracteristicas\/espanol-de-estados-unidos#breadcrumb"},"inLanguage":"es","potentialAction":[{"@type":"ReadAction","target":["https:\/\/www.trustedtranslations.com\/es\/idiomas\/espanol\/caracteristicas\/espanol-de-estados-unidos"]}]},{"@type":"ImageObject","inLanguage":"es","@id":"https:\/\/www.trustedtranslations.com\/es\/idiomas\/espanol\/caracteristicas\/espanol-de-estados-unidos#primaryimage","url":"https:\/\/www.trustedtranslations.com\/wp-content\/uploads\/2022\/08\/TT_NEW_FB-1.png","contentUrl":"https:\/\/www.trustedtranslations.com\/wp-content\/uploads\/2022\/08\/TT_NEW_FB-1.png","caption":"TT NEW FB 1"},{"@type":"BreadcrumbList","@id":"https:\/\/www.trustedtranslations.com\/es\/idiomas\/espanol\/caracteristicas\/espanol-de-estados-unidos#breadcrumb","itemListElement":[{"@type":"ListItem","position":1,"name":"Home","item":"https:\/\/www.trustedtranslations.com\/es"},{"@type":"ListItem","position":2,"name":"Idiomas","item":"https:\/\/www.trustedtranslations.com\/es\/idiomas"},{"@type":"ListItem","position":3,"name":"Espa\u00f1ol","item":"https:\/\/www.trustedtranslations.com\/es\/idiomas\/espanol"},{"@type":"ListItem","position":4,"name":"Caracter\u00edsticas del Espa\u00f1ol","item":"https:\/\/www.trustedtranslations.com\/es\/idiomas\/espanol\/caracteristicas"},{"@type":"ListItem","position":5,"name":"Espa\u00f1ol de Estados Unidos"}]},{"@type":"WebSite","@id":"https:\/\/www.trustedtranslations.com\/es\/#website","url":"https:\/\/www.trustedtranslations.com\/es\/","name":"Trusted Translations, Inc.","description":"Leader in translation and interpretation services.","publisher":{"@id":"https:\/\/www.trustedtranslations.com\/es\/#organization"},"alternateName":"Trusted Translations","potentialAction":[{"@type":"SearchAction","target":{"@type":"EntryPoint","urlTemplate":"https:\/\/www.trustedtranslations.com\/es\/?s={search_term_string}"},"query-input":{"@type":"PropertyValueSpecification","valueRequired":true,"valueName":"search_term_string"}}],"inLanguage":"es"},{"@type":"Organization","@id":"https:\/\/www.trustedtranslations.com\/es\/#organization","name":"Trusted Translations","alternateName":"Trusted Translations, Inc.","url":"https:\/\/www.trustedtranslations.com\/es\/","logo":{"@type":"ImageObject","inLanguage":"es","@id":"https:\/\/www.trustedtranslations.com\/es\/#\/schema\/logo\/image\/","url":"https:\/\/static.trustedtranslations.com\/wp-content\/uploads\/2022\/01\/TT_logo_WSIColors-2.png","contentUrl":"https:\/\/static.trustedtranslations.com\/wp-content\/uploads\/2022\/01\/TT_logo_WSIColors-2.png","width":500,"height":196,"caption":"Trusted Translations"},"image":{"@id":"https:\/\/www.trustedtranslations.com\/es\/#\/schema\/logo\/image\/"},"sameAs":["https:\/\/www.facebook.com\/Trusted.Translations","https:\/\/x.com\/TrustedT9ns","https:\/\/www.linkedin.com\/company\/trusted-translations"]}]}},"toolset-meta":{"dyk":{"mensaje-1":{"type":"textfield","raw":"El 88% de los hispanos de Estados Unidos aprecian los negocios que les hablan en espa\u00f1ol."},"mensaje-2":{"type":"textfield","raw":"Seg\u00fan algunas predicciones, para 2050, 1 de cada 3 personas en Estados Unidos hablar\u00e1 espa\u00f1ol."},"mensaje-3":{"type":"textfield","raw":""},"mensaje-4":{"type":"textfield","raw":"El mercado de habla hispana tiene diez veces m\u00e1s probabilidades de responder a un sitio bien traducido."},"mensaje-5":{"type":"textfield","raw":""},"mensaje-6":{"type":"textfield","raw":""}},"single-page-template-fields":{"imgs-temp":{"type":"image","raw":["https:\/\/static.trustedtranslations.com\/wp-content\/uploads\/2023\/01\/us-spanish-1.jpg"],"repeatable":[{"raw":"https:\/\/static.trustedtranslations.com\/wp-content\/uploads\/2023\/01\/us-spanish-1.jpg"}]},"imgs-temp-cel":{"type":"image","raw":[""],"repeatable":[{"raw":""}]},"img-temp-one-cel":{"type":"image","raw":"https:\/\/static.trustedtranslations.com\/wp-content\/uploads\/2023\/01\/us-spanish-2-1.jpg","attachment_id":null},"quotes":{"type":"textarea","raw":"<h1 style=\"margin-bottom: 12px;\">Servicios de Traducci\u00f3n al Espa\u00f1ol de EE. UU. <\/h1>\r\nDado su tama\u00f1o y enorme poder adquisitivo, el mercado hispano estadounidense presenta una oportunidad que no se puede ignorar. Para lograr el \u00e9xito en este mercado, se requiere entender los pormenores del idioma espa\u00f1ol en Estados Unidos.\r\n<div style=\"margin-top: 2.5vw;\"><a class=\"tt-btn-main-cta\" href=\"https:\/\/www.trustedtranslations.com\/es\/presupuesto-sin-cargo\">Solicite un presupuesto sin cargo<\/a><\/div>"},"text-1":{"type":"textarea","raw":"<h2>Llegar al Mercado Hispano en Estados Unidos:  La Necesidad de Traducciones al Espa\u00f1ol Culturalmente Competentes<\/h2>Ninguna empresa usar\u00eda contenido culturalmente espec\u00edfico de Inglaterra, Canad\u00e1 o Australia si tiene a los estadounidenses como objetivo. \u00bfPor qu\u00e9 el espa\u00f1ol para el mercado hispano de Estados Unidos deber\u00eda ser diferente, en especial dado el tama\u00f1o y la importancia de ese mercado en t\u00e9rminos de poder adquisitivo?\r\n\r\nSeg\u00fan <a href=\"https:\/\/www.adweek.com\/sponsored\/the-power-of-the-u-s-hispanic-consumer\/\" target=\"_blank\" rel=\"noopener\">estudios recientes<\/a>, el 88% de los hispanos de Estados Unidos dice que aprecian las empresas que les hablan en espa\u00f1ol, y el 87% considera que las que hacen un esfuerzo sincero por invertir en sus comunidades merecen su lealtad. Para estar entre estos negocios y tener \u00e9xito en el mercado hispano de Estados Unidos, usted necesita traducciones que puedan hablarle directamente a ese p\u00fablico.\r\n<h2>Espa\u00f1ol Hispano<\/h2>\r\n\u00bfQu\u00e9 significa \u201chispano\u201d desde una perspectiva hist\u00f3rica y ling\u00fc\u00edstica? El t\u00e9rmino se populariz\u00f3 en 1980 con el censo de Estados Unidos, que lo us\u00f3 en un intento de clasificar a los latinoamericanos que viven en el pa\u00eds. M\u00e1s espec\u00edficamente, el censo <a href=\"https:\/\/www.pewresearch.org\/fact-tank\/2021\/09\/23\/who-is-hispanic\/\" target=\"_blank\" rel=\"noopener\">buscaba clasificar<\/a> a los \u201cestadounidenses que se consideran hispanohablantes e identifican su origen o ascendencia en M\u00e9xico, Puerto Rico, Cuba, Am\u00e9rica Central y del Sur y otros pa\u00edses de habla hispana\u201d.\r\n\r\nDebido a que el espa\u00f1ol latinoamericano es muy diferente al que se habla en Espa\u00f1a, este grupo demogr\u00e1fico ya hablaba una forma de espa\u00f1ol con sus propias caracter\u00edsticas \u00fanicas. Desde entonces, \u201chispano\u201d se ha convertido en un nombre general para una mezcla de dialectos de espa\u00f1ol y culturas de m\u00e1s de 20 pa\u00edses de Am\u00e9rica Latina.\r\n<h2>\u00bfHispano o Latino?<\/h2>\r\nEs posible que tambi\u00e9n haya o\u00eddo que los estadounidenses de habla hispana usan el adjetivo \u201clatino o latina\u201d para describirse. Mientras que algunos usan \u201chispano\u201d y \u201clatino\u201d en forma indistinta, el primero <a href=\"https:\/\/www.cbsnews.com\/news\/hispanic-heritage-month-latino-latinx-terms\/\" target=\"_blank\" rel=\"noopener\">define en general<\/a> a personas que provienen de pa\u00edses de habla hispana, mientras que se definen como \u201clatinos\u201d a quienes provienen de pa\u00edses de Am\u00e9rica Latina pero no de Espa\u00f1a (y no necesariamente de habla hispana). Incluso si usted se concentra en el mercado hispano de Estados Unidos, es fundamental estar al tanto de c\u00f3mo evolucionan y cambian estas denominaciones."},"shortcode-map":{"type":"textfield","raw":""},"dyk-shortcode":{"type":"textfield","raw":"[elementor-template id=\"139229\"]"},"text-2":{"type":"textarea","raw":"<h2>Idioma Espa\u00f1ol en Estados Unidos<\/h2>\r\nLa poblaci\u00f3n de hispanohablantes de Estados Unidos ha crecido mucho m\u00e1s all\u00e1 de los inmigrantes de primera generaci\u00f3n de toda Am\u00e9rica Latina. Seg\u00fan una encuesta de 2020 realizada por la Oficina del Censo de Estados Unidos, m\u00e1s <a href=\"https:\/\/www.census.gov\/acs\/www\/about\/why-we-ask-each-question\/language\/\" target=\"_blank\" rel=\"noopener\">del 13.2% de las personas<\/a> de ese pa\u00eds, es decir, m\u00e1s de 41.8 millones de personas de cinco a\u00f1os o m\u00e1s, hablan espa\u00f1ol en casa. Para 2050, se pronostica que una de cada tres personas en Estados Unidos hablar\u00e1 espa\u00f1ol. Desde un punto de vista cultural, este idioma contin\u00faa siendo una forma esencial de comunicaci\u00f3n con Estados Unidos, incluso para los no hispanos y para quienes hayan vivido en Estados Unidos toda su vida.\r\n\r\nEl espa\u00f1ol hispano de Estados Unidos, al igual que la variante latinoamericana, se diferencia del espa\u00f1ol europeo (hablado en Espa\u00f1a) en varios aspectos. Por ejemplo, los hispanohablantes de Estados Unidos no usan la segunda persona del plural <em>vosotros<\/em>, prefieren el pasado simple al pret\u00e9rito perfecto, y el idioma tiene una fuerte influencia del ingl\u00e9s.\r\n\r\nSin embargo, el espa\u00f1ol de Estados Unidos tambi\u00e9n est\u00e1 muy influenciado por los medios, no solo por los tradicionales en ingl\u00e9s, sino tambi\u00e9n por las principales empresas de medios en espa\u00f1ol, como Univision y Telemundo. El espa\u00f1ol de Estados Unidos tambi\u00e9n muestra un alto nivel de mezcla y variaci\u00f3n de dialectos, en especial en las principales ciudades con mucho contacto entre diferentes grupos de inmigrantes de habla hispana.\r\n\r\nTodas estas consideraciones deben tenerse en cuenta al traducir para el mercado hispano. En pocas palabras, ser\u00eda un grave error de marketing tratar de aplicar contenido del mercado espa\u00f1ol (es decir, de Espa\u00f1a) a los consumidores hispanos en lugar de adaptar su material a las necesidades espec\u00edficas de este mercado.\r\n<h2>Llegar al Mercado Hispano en Estados Unidos<\/h2>\r\nA veces, es necesario localizar su contenido a\u00fan m\u00e1s para dirigirse a una regi\u00f3n particular de la poblaci\u00f3n de habla hispana de Estados Unidos.\r\n\r\nEl movimiento y la concentraci\u00f3n de personas de origen latinoamericano en Estados Unidos han sido complejos y diversos, y han rechazado un enfoque \u00fanico para todos. Por ejemplo, los hispanohablantes que viven en Los \u00c1ngeles tienen una influencia mexicana m\u00e1s fuerte, mientras que muchos hispanohablantes de la Ciudad de Nueva York tienen sus ra\u00edces en Puerto Rico. De manera similar, un enfoque publicitario en ciudades importantes, como Miami (el 90% de los hispanos habla espa\u00f1ol en casa), debe ser diferente al de ciudades m\u00e1s peque\u00f1as, \u00e1reas rurales o suburbanas.\r\n\r\nAdem\u00e1s, para sus proyectos de traducci\u00f3n, lo mejor es trabajar con un equipo que se mantenga al tanto de las tendencias espec\u00edficas de los hispanos de Estados Unidos. Por ejemplo, los consumidores hispanos est\u00e1n a la <a href=\"https:\/\/www.nielsen.com\/insights\/2014\/digital-es-universal-how-us-hispanics-are-driving-growth-in-digital\/\">vanguardia del crecimiento digital<\/a> y es un mercado que prioriza los dispositivos m\u00f3viles, por lo que superan a otros grupos demogr\u00e1ficos en posesi\u00f3n de tel\u00e9fonos inteligentes y uso de redes sociales. Tambi\u00e9n son m\u00e1s propensos que los no hispanos a que la familia influya en sus decisiones de compra.\r\n<h2>Necesidad de Traducciones de Calidad al Espa\u00f1ol<\/h2>\r\nLa traducci\u00f3n al espa\u00f1ol ya no es algo que \u201cser\u00eda bueno tener\u201d, sino que es imprescindible. Despu\u00e9s de todo, para los millones de hispanohablantes de Estados Unidos, las traducciones precisas al espa\u00f1ol juegan un papel esencial no solo en su vida diaria, sino tambi\u00e9n en las comunicaciones relacionadas con seguridad, salud, servicio p\u00fablico y gobierno. De hecho, en algunos casos, como en una sala de emergencias, una traducci\u00f3n correcta puede significar la diferencia entre la vida y la muerte.\r\n\r\nEn <em>Trusted Translations<\/em>, nuestros traductores especializados en espa\u00f1ol est\u00e1n listos para ayudarlo a entender las tendencias y sutilezas ling\u00fc\u00edsticas necesarias para triunfar en el mercado hispano de Estados Unidos. Cont\u00e1ctenos para saber m\u00e1s sobre nuestros servicios de traducci\u00f3n al espa\u00f1ol."},"state":{"type":"textfield","raw":""},"city":{"type":"textarea","raw":[]}}},"_links":{"self":[{"href":"https:\/\/www.trustedtranslations.com\/es\/wp-json\/wp\/v2\/pages\/144395","targetHints":{"allow":["GET"]}}],"collection":[{"href":"https:\/\/www.trustedtranslations.com\/es\/wp-json\/wp\/v2\/pages"}],"about":[{"href":"https:\/\/www.trustedtranslations.com\/es\/wp-json\/wp\/v2\/types\/page"}],"author":[{"embeddable":true,"href":"https:\/\/www.trustedtranslations.com\/es\/wp-json\/wp\/v2\/users\/1"}],"replies":[{"embeddable":true,"href":"https:\/\/www.trustedtranslations.com\/es\/wp-json\/wp\/v2\/comments?post=144395"}],"version-history":[{"count":0,"href":"https:\/\/www.trustedtranslations.com\/es\/wp-json\/wp\/v2\/pages\/144395\/revisions"}],"up":[{"embeddable":true,"href":"https:\/\/www.trustedtranslations.com\/es\/wp-json\/wp\/v2\/pages\/181362"}],"wp:featuredmedia":[{"embeddable":true,"href":"https:\/\/www.trustedtranslations.com\/es\/wp-json\/wp\/v2\/media\/160117"}],"wp:attachment":[{"href":"https:\/\/www.trustedtranslations.com\/es\/wp-json\/wp\/v2\/media?parent=144395"}],"curies":[{"name":"wp","href":"https:\/\/api.w.org\/{rel}","templated":true}]}}