{"id":144397,"date":"2018-07-06T18:13:55","date_gmt":"2018-07-06T18:13:55","guid":{"rendered":"https:\/\/www.trustedtranslations.com\/?page_id=144397"},"modified":"2024-09-18T17:23:10","modified_gmt":"2024-09-18T20:23:10","slug":"castellano","status":"publish","type":"page","link":"https:\/\/www.trustedtranslations.com\/es\/idiomas\/espanol\/caracteristicas\/castellano","title":{"rendered":"Castellano"},"content":{"rendered":"","protected":false},"excerpt":{"rendered":"","protected":false},"author":1,"featured_media":160117,"parent":181362,"menu_order":0,"comment_status":"closed","ping_status":"closed","template":"","meta":{"site-sidebar-layout":"default","site-content-layout":"default","ast-site-content-layout":"default","site-content-style":"default","site-sidebar-style":"default","ast-global-header-display":"","ast-banner-title-visibility":"","ast-main-header-display":"","ast-hfb-above-header-display":"","ast-hfb-below-header-display":"","ast-hfb-mobile-header-display":"","site-post-title":"disabled","ast-breadcrumbs-content":"","ast-featured-img":"","footer-sml-layout":"","ast-disable-related-posts":"","theme-transparent-header-meta":"default","adv-header-id-meta":"","stick-header-meta":"","header-above-stick-meta":"","header-main-stick-meta":"","header-below-stick-meta":"","astra-migrate-meta-layouts":"set","ast-page-background-enabled":"default","ast-page-background-meta":{"desktop":{"background-color":"var(--ast-global-color-4)","background-image":"","background-repeat":"repeat","background-position":"center center","background-size":"auto","background-attachment":"scroll","background-type":"","background-media":"","overlay-type":"","overlay-color":"","overlay-opacity":"","overlay-gradient":""},"tablet":{"background-color":"","background-image":"","background-repeat":"repeat","background-position":"center center","background-size":"auto","background-attachment":"scroll","background-type":"","background-media":"","overlay-type":"","overlay-color":"","overlay-opacity":"","overlay-gradient":""},"mobile":{"background-color":"","background-image":"","background-repeat":"repeat","background-position":"center center","background-size":"auto","background-attachment":"scroll","background-type":"","background-media":"","overlay-type":"","overlay-color":"","overlay-opacity":"","overlay-gradient":""}},"ast-content-background-meta":{"desktop":{"background-color":"var(--ast-global-color-5)","background-image":"","background-repeat":"repeat","background-position":"center center","background-size":"auto","background-attachment":"scroll","background-type":"","background-media":"","overlay-type":"","overlay-color":"","overlay-opacity":"","overlay-gradient":""},"tablet":{"background-color":"var(--ast-global-color-5)","background-image":"","background-repeat":"repeat","background-position":"center center","background-size":"auto","background-attachment":"scroll","background-type":"","background-media":"","overlay-type":"","overlay-color":"","overlay-opacity":"","overlay-gradient":""},"mobile":{"background-color":"var(--ast-global-color-5)","background-image":"","background-repeat":"repeat","background-position":"center center","background-size":"auto","background-attachment":"scroll","background-type":"","background-media":"","overlay-type":"","overlay-color":"","overlay-opacity":"","overlay-gradient":""}},"footnotes":""},"class_list":["post-144397","page","type-page","status-publish","has-post-thumbnail","hentry"],"yoast_head":"<!-- This site is optimized with the Yoast SEO plugin v27.3 - https:\/\/yoast.com\/product\/yoast-seo-wordpress\/ -->\n<title>Idioma Castellano: Traducci\u00f3n al Espa\u00f1ol Europeo<\/title>\n<meta name=\"description\" content=\"Trusted Translations ofrece servicios de traducci\u00f3n al espa\u00f1ol europeo adaptada a sus necesidades. Solicite un presupuesto sin cargo hoy mismo.\" \/>\n<meta name=\"robots\" content=\"index, follow, max-snippet:-1, max-image-preview:large, max-video-preview:-1\" \/>\n<link rel=\"canonical\" href=\"https:\/\/www.trustedtranslations.com\/es\/idiomas\/espanol\/caracteristicas\/castellano\" \/>\n<meta property=\"og:locale\" content=\"es_ES\" \/>\n<meta property=\"og:type\" content=\"article\" \/>\n<meta property=\"og:title\" content=\"Idioma Castellano: Traducci\u00f3n al Espa\u00f1ol Europeo\" \/>\n<meta property=\"og:description\" content=\"Trusted Translations ofrece servicios de traducci\u00f3n al espa\u00f1ol europeo adaptada a sus necesidades. Solicite un presupuesto sin cargo hoy mismo.\" \/>\n<meta property=\"og:url\" content=\"https:\/\/www.trustedtranslations.com\/es\/idiomas\/espanol\/caracteristicas\/castellano\" \/>\n<meta property=\"og:site_name\" content=\"Trusted Translations\" \/>\n<meta property=\"article:publisher\" content=\"https:\/\/www.facebook.com\/Trusted.Translations\" \/>\n<meta property=\"article:modified_time\" content=\"2024-09-18T20:23:10+00:00\" \/>\n<meta property=\"og:image\" content=\"https:\/\/static.trustedtranslations.com\/wp-content\/uploads\/2022\/08\/TT_NEW_FB-1.png\" \/>\n\t<meta property=\"og:image:width\" content=\"1\" \/>\n\t<meta property=\"og:image:height\" content=\"1\" \/>\n\t<meta property=\"og:image:type\" content=\"image\/jpeg\" \/>\n<meta name=\"twitter:card\" content=\"summary_large_image\" \/>\n<meta name=\"twitter:site\" content=\"@TrustedT9ns\" \/>\n<script type=\"application\/ld+json\" class=\"yoast-schema-graph\">{\"@context\":\"https:\\\/\\\/schema.org\",\"@graph\":[{\"@type\":\"WebPage\",\"@id\":\"https:\\\/\\\/www.trustedtranslations.com\\\/es\\\/idiomas\\\/espanol\\\/caracteristicas\\\/castellano\",\"url\":\"https:\\\/\\\/www.trustedtranslations.com\\\/es\\\/idiomas\\\/espanol\\\/caracteristicas\\\/castellano\",\"name\":\"Idioma Castellano: Traducci\u00f3n al Espa\u00f1ol Europeo\",\"isPartOf\":{\"@id\":\"https:\\\/\\\/www.trustedtranslations.com\\\/es\\\/#website\"},\"primaryImageOfPage\":{\"@id\":\"https:\\\/\\\/www.trustedtranslations.com\\\/es\\\/idiomas\\\/espanol\\\/caracteristicas\\\/castellano#primaryimage\"},\"image\":{\"@id\":\"https:\\\/\\\/www.trustedtranslations.com\\\/es\\\/idiomas\\\/espanol\\\/caracteristicas\\\/castellano#primaryimage\"},\"thumbnailUrl\":\"https:\\\/\\\/www.trustedtranslations.com\\\/wp-content\\\/uploads\\\/2022\\\/08\\\/TT_NEW_FB-1.png\",\"description\":\"Trusted Translations ofrece servicios de traducci\u00f3n al espa\u00f1ol europeo adaptada a sus necesidades. Solicite un presupuesto sin cargo hoy mismo.\",\"breadcrumb\":{\"@id\":\"https:\\\/\\\/www.trustedtranslations.com\\\/es\\\/idiomas\\\/espanol\\\/caracteristicas\\\/castellano#breadcrumb\"},\"inLanguage\":\"es\",\"potentialAction\":[{\"@type\":\"ReadAction\",\"target\":[\"https:\\\/\\\/www.trustedtranslations.com\\\/es\\\/idiomas\\\/espanol\\\/caracteristicas\\\/castellano\"]}]},{\"@type\":\"ImageObject\",\"inLanguage\":\"es\",\"@id\":\"https:\\\/\\\/www.trustedtranslations.com\\\/es\\\/idiomas\\\/espanol\\\/caracteristicas\\\/castellano#primaryimage\",\"url\":\"https:\\\/\\\/www.trustedtranslations.com\\\/wp-content\\\/uploads\\\/2022\\\/08\\\/TT_NEW_FB-1.png\",\"contentUrl\":\"https:\\\/\\\/www.trustedtranslations.com\\\/wp-content\\\/uploads\\\/2022\\\/08\\\/TT_NEW_FB-1.png\",\"caption\":\"TT NEW FB 1\"},{\"@type\":\"BreadcrumbList\",\"@id\":\"https:\\\/\\\/www.trustedtranslations.com\\\/es\\\/idiomas\\\/espanol\\\/caracteristicas\\\/castellano#breadcrumb\",\"itemListElement\":[{\"@type\":\"ListItem\",\"position\":1,\"name\":\"Home\",\"item\":\"https:\\\/\\\/www.trustedtranslations.com\\\/es\"},{\"@type\":\"ListItem\",\"position\":2,\"name\":\"Idiomas\",\"item\":\"https:\\\/\\\/www.trustedtranslations.com\\\/es\\\/idiomas\"},{\"@type\":\"ListItem\",\"position\":3,\"name\":\"Espa\u00f1ol\",\"item\":\"https:\\\/\\\/www.trustedtranslations.com\\\/es\\\/idiomas\\\/espanol\"},{\"@type\":\"ListItem\",\"position\":4,\"name\":\"Caracter\u00edsticas del Espa\u00f1ol\",\"item\":\"https:\\\/\\\/www.trustedtranslations.com\\\/es\\\/idiomas\\\/espanol\\\/caracteristicas\"},{\"@type\":\"ListItem\",\"position\":5,\"name\":\"Castellano\"}]},{\"@type\":\"WebSite\",\"@id\":\"https:\\\/\\\/www.trustedtranslations.com\\\/es\\\/#website\",\"url\":\"https:\\\/\\\/www.trustedtranslations.com\\\/es\\\/\",\"name\":\"Trusted Translations, Inc.\",\"description\":\"Leader in translation and interpretation services.\",\"publisher\":{\"@id\":\"https:\\\/\\\/www.trustedtranslations.com\\\/es\\\/#organization\"},\"alternateName\":\"Trusted Translations\",\"potentialAction\":[{\"@type\":\"SearchAction\",\"target\":{\"@type\":\"EntryPoint\",\"urlTemplate\":\"https:\\\/\\\/www.trustedtranslations.com\\\/es\\\/?s={search_term_string}\"},\"query-input\":{\"@type\":\"PropertyValueSpecification\",\"valueRequired\":true,\"valueName\":\"search_term_string\"}}],\"inLanguage\":\"es\"},{\"@type\":\"Organization\",\"@id\":\"https:\\\/\\\/www.trustedtranslations.com\\\/es\\\/#organization\",\"name\":\"Trusted Translations\",\"alternateName\":\"Trusted Translations, Inc.\",\"url\":\"https:\\\/\\\/www.trustedtranslations.com\\\/es\\\/\",\"logo\":{\"@type\":\"ImageObject\",\"inLanguage\":\"es\",\"@id\":\"https:\\\/\\\/www.trustedtranslations.com\\\/es\\\/#\\\/schema\\\/logo\\\/image\\\/\",\"url\":\"https:\\\/\\\/static.trustedtranslations.com\\\/wp-content\\\/uploads\\\/2022\\\/01\\\/TT_logo_WSIColors-2.png\",\"contentUrl\":\"https:\\\/\\\/static.trustedtranslations.com\\\/wp-content\\\/uploads\\\/2022\\\/01\\\/TT_logo_WSIColors-2.png\",\"width\":500,\"height\":196,\"caption\":\"Trusted Translations\"},\"image\":{\"@id\":\"https:\\\/\\\/www.trustedtranslations.com\\\/es\\\/#\\\/schema\\\/logo\\\/image\\\/\"},\"sameAs\":[\"https:\\\/\\\/www.facebook.com\\\/Trusted.Translations\",\"https:\\\/\\\/x.com\\\/TrustedT9ns\",\"https:\\\/\\\/www.linkedin.com\\\/company\\\/trusted-translations\"]}]}<\/script>\n<!-- \/ Yoast SEO plugin. -->","yoast_head_json":{"title":"Idioma Castellano: Traducci\u00f3n al Espa\u00f1ol Europeo","description":"Trusted Translations ofrece servicios de traducci\u00f3n al espa\u00f1ol europeo adaptada a sus necesidades. Solicite un presupuesto sin cargo hoy mismo.","robots":{"index":"index","follow":"follow","max-snippet":"max-snippet:-1","max-image-preview":"max-image-preview:large","max-video-preview":"max-video-preview:-1"},"canonical":"https:\/\/www.trustedtranslations.com\/es\/idiomas\/espanol\/caracteristicas\/castellano","og_locale":"es_ES","og_type":"article","og_title":"Idioma Castellano: Traducci\u00f3n al Espa\u00f1ol Europeo","og_description":"Trusted Translations ofrece servicios de traducci\u00f3n al espa\u00f1ol europeo adaptada a sus necesidades. Solicite un presupuesto sin cargo hoy mismo.","og_url":"https:\/\/www.trustedtranslations.com\/es\/idiomas\/espanol\/caracteristicas\/castellano","og_site_name":"Trusted Translations","article_publisher":"https:\/\/www.facebook.com\/Trusted.Translations","article_modified_time":"2024-09-18T20:23:10+00:00","og_image":[{"url":"https:\/\/static.trustedtranslations.com\/wp-content\/uploads\/2022\/08\/TT_NEW_FB-1.png","width":1,"height":1,"type":"image\/jpeg"}],"twitter_card":"summary_large_image","twitter_site":"@TrustedT9ns","schema":{"@context":"https:\/\/schema.org","@graph":[{"@type":"WebPage","@id":"https:\/\/www.trustedtranslations.com\/es\/idiomas\/espanol\/caracteristicas\/castellano","url":"https:\/\/www.trustedtranslations.com\/es\/idiomas\/espanol\/caracteristicas\/castellano","name":"Idioma Castellano: Traducci\u00f3n al Espa\u00f1ol Europeo","isPartOf":{"@id":"https:\/\/www.trustedtranslations.com\/es\/#website"},"primaryImageOfPage":{"@id":"https:\/\/www.trustedtranslations.com\/es\/idiomas\/espanol\/caracteristicas\/castellano#primaryimage"},"image":{"@id":"https:\/\/www.trustedtranslations.com\/es\/idiomas\/espanol\/caracteristicas\/castellano#primaryimage"},"thumbnailUrl":"https:\/\/www.trustedtranslations.com\/wp-content\/uploads\/2022\/08\/TT_NEW_FB-1.png","description":"Trusted Translations ofrece servicios de traducci\u00f3n al espa\u00f1ol europeo adaptada a sus necesidades. Solicite un presupuesto sin cargo hoy mismo.","breadcrumb":{"@id":"https:\/\/www.trustedtranslations.com\/es\/idiomas\/espanol\/caracteristicas\/castellano#breadcrumb"},"inLanguage":"es","potentialAction":[{"@type":"ReadAction","target":["https:\/\/www.trustedtranslations.com\/es\/idiomas\/espanol\/caracteristicas\/castellano"]}]},{"@type":"ImageObject","inLanguage":"es","@id":"https:\/\/www.trustedtranslations.com\/es\/idiomas\/espanol\/caracteristicas\/castellano#primaryimage","url":"https:\/\/www.trustedtranslations.com\/wp-content\/uploads\/2022\/08\/TT_NEW_FB-1.png","contentUrl":"https:\/\/www.trustedtranslations.com\/wp-content\/uploads\/2022\/08\/TT_NEW_FB-1.png","caption":"TT NEW FB 1"},{"@type":"BreadcrumbList","@id":"https:\/\/www.trustedtranslations.com\/es\/idiomas\/espanol\/caracteristicas\/castellano#breadcrumb","itemListElement":[{"@type":"ListItem","position":1,"name":"Home","item":"https:\/\/www.trustedtranslations.com\/es"},{"@type":"ListItem","position":2,"name":"Idiomas","item":"https:\/\/www.trustedtranslations.com\/es\/idiomas"},{"@type":"ListItem","position":3,"name":"Espa\u00f1ol","item":"https:\/\/www.trustedtranslations.com\/es\/idiomas\/espanol"},{"@type":"ListItem","position":4,"name":"Caracter\u00edsticas del Espa\u00f1ol","item":"https:\/\/www.trustedtranslations.com\/es\/idiomas\/espanol\/caracteristicas"},{"@type":"ListItem","position":5,"name":"Castellano"}]},{"@type":"WebSite","@id":"https:\/\/www.trustedtranslations.com\/es\/#website","url":"https:\/\/www.trustedtranslations.com\/es\/","name":"Trusted Translations, Inc.","description":"Leader in translation and interpretation services.","publisher":{"@id":"https:\/\/www.trustedtranslations.com\/es\/#organization"},"alternateName":"Trusted Translations","potentialAction":[{"@type":"SearchAction","target":{"@type":"EntryPoint","urlTemplate":"https:\/\/www.trustedtranslations.com\/es\/?s={search_term_string}"},"query-input":{"@type":"PropertyValueSpecification","valueRequired":true,"valueName":"search_term_string"}}],"inLanguage":"es"},{"@type":"Organization","@id":"https:\/\/www.trustedtranslations.com\/es\/#organization","name":"Trusted Translations","alternateName":"Trusted Translations, Inc.","url":"https:\/\/www.trustedtranslations.com\/es\/","logo":{"@type":"ImageObject","inLanguage":"es","@id":"https:\/\/www.trustedtranslations.com\/es\/#\/schema\/logo\/image\/","url":"https:\/\/static.trustedtranslations.com\/wp-content\/uploads\/2022\/01\/TT_logo_WSIColors-2.png","contentUrl":"https:\/\/static.trustedtranslations.com\/wp-content\/uploads\/2022\/01\/TT_logo_WSIColors-2.png","width":500,"height":196,"caption":"Trusted Translations"},"image":{"@id":"https:\/\/www.trustedtranslations.com\/es\/#\/schema\/logo\/image\/"},"sameAs":["https:\/\/www.facebook.com\/Trusted.Translations","https:\/\/x.com\/TrustedT9ns","https:\/\/www.linkedin.com\/company\/trusted-translations"]}]}},"toolset-meta":{"dyk":{"mensaje-1":{"type":"textfield","raw":""},"mensaje-2":{"type":"textfield","raw":"El castellano es la lengua oficial m\u00e1s hablada en Espa\u00f1a."},"mensaje-3":{"type":"textfield","raw":"La Real Academia Espa\u00f1ola se fund\u00f3 en 1713 para ayudar a preservar el castellano."},"mensaje-4":{"type":"textfield","raw":"Esta variedad del idioma espa\u00f1ol evolucion\u00f3 de un dialecto del lat\u00edn vulgar, que se hablaba en la Espa\u00f1a del siglo XIII."},"mensaje-5":{"type":"textfield","raw":""},"mensaje-6":{"type":"textfield","raw":""}},"single-page-template-fields":{"imgs-temp":{"type":"image","raw":["https:\/\/static.trustedtranslations.com\/wp-content\/uploads\/2024\/06\/castilian-1.webp"],"repeatable":[{"raw":"https:\/\/static.trustedtranslations.com\/wp-content\/uploads\/2024\/06\/castilian-1.webp"}]},"imgs-temp-cel":{"type":"image","raw":[""],"repeatable":[{"raw":""}]},"img-temp-one-cel":{"type":"image","raw":"https:\/\/static.trustedtranslations.com\/wp-content\/uploads\/2024\/06\/AdobeStock_504054687-2-1.webp","attachment_id":null},"quotes":{"type":"textarea","raw":"<h1 style=\"margin-bottom: 12px;\">Traducci\u00f3n al Castellano<\/h1>\r\nSi planea expandirse a los mercados de Espa\u00f1a, es esencial entender lo que implica el castellano o el espa\u00f1ol para Espa\u00f1a.\r\n<div style=\"margin-top: 2.5vw;\"><a class=\"tt-btn-main-cta\" href=\"https:\/\/www.trustedtranslations.com\/es\/presupuesto-sin-cargo\">Solicite un presupuesto sin cargo<\/a><\/div>"},"text-1":{"type":"textarea","raw":"<h2>Entendemos las Variantes de Espa\u00f1ol: Conocimientos Clave de Castellano para Obtener Traducciones Precisas<\/h2>Antes de comenzar cualquier proyecto de traducci\u00f3n de espa\u00f1ol, es sumamente importante entender que el espa\u00f1ol tiene variantes que se usan en diferentes partes del mundo.\r\n\r\nDe hecho, incluso el significado de ciertos t\u00e9rminos en el campo de la traducci\u00f3n y los idiomas del mundo puede variar seg\u00fan el contexto.\r\nAqu\u00ed detallamos algunas de las caracter\u00edsticas clave del castellano para que pueda tomar una decisi\u00f3n informada sobre sus necesidades de traducci\u00f3n.\r\n<h2>\u00bfQu\u00e9 es el Castellano?<\/h2>\r\nPor lo general, se denomina \u201ccastellano\u201d a la variante del espa\u00f1ol que se habla en Espa\u00f1a, y tambi\u00e9n se lo conoce como \u201cespa\u00f1ol europeo\u201d o \u201cespa\u00f1ol para Espa\u00f1a\u201d. El nombre hace referencia a la hist\u00f3rica provincia de Castilla, en el centro del pa\u00eds, donde se dice que se origin\u00f3 el espa\u00f1ol, y donde pronto se lo design\u00f3 como el idioma est\u00e1ndar o el espa\u00f1ol hablado por el rey.\r\n\r\nEn algunos pa\u00edses, se utilizan los t\u00e9rminos <em>castellano<\/em> y <em>espa\u00f1ol<\/em> en forma indistinta. En particular, el \u201ccastellano\u201d describe de manera m\u00e1s espec\u00edfica el dialecto que se habla en el centro y norte de Espa\u00f1a (a veces conocido como \u201cespa\u00f1ol peninsular\u201d).\r\n\r\nDesde otro punto de vista, algunas organizaciones e individuos pueden usar el t\u00e9rmino \u201ccastellano\u201d para referirse al espa\u00f1ol \u201cpuro\u201d o a la lengua espa\u00f1ola en general, en una forma que se entienda en todos los pa\u00edses de habla hispana.\r\n\r\nSi esta multitud de nombres parece confusa, aqu\u00ed hay una descripci\u00f3n general de los tipos de espa\u00f1ol denominados con frecuencia como \u201ccastellano\u201d:\r\n<ul>\r\n \t<li>est\u00e1ndar del espa\u00f1ol hablado en el centro y norte de Espa\u00f1a, por oposici\u00f3n al que se habla en otras regiones, como el sur (andaluz);<\/li>\r\n \t<li>lengua com\u00fan del Estado espa\u00f1ol en relaci\u00f3n con las otras lenguas tambi\u00e9n oficiales de los distintos territorios aut\u00f3nomos (catal\u00e1n, gallego, vasco), de acuerdo con la <a href=\"https:\/\/www.rae.es\/dpd\/espa%C3%B1ol\" target=\"_blank\" rel=\"noopener\">Real Academia Espa\u00f1ola<\/a> (RAE);<\/li>\r\n \t<li>tipo de espa\u00f1ol neutro muchas veces denominado \u201cpuro\u201d y mantenido por la Real Academia Espa\u00f1ola;<\/li>\r\n \t<li>el espa\u00f1ol hablado en Espa\u00f1a, por oposici\u00f3n al que se habla en Am\u00e9rica Central y del Sur.<\/li>\r\n<\/ul>\r\nComo se puede deducir de esta lista, es bastante com\u00fan que los hablantes se refieran a este tipo de espa\u00f1ol de maneras muy diferentes. Sin embargo, puede ser m\u00e1s eficaz pensar en el castellano o espa\u00f1ol europeo como el \u201cespa\u00f1ol para Espa\u00f1a\u201d, en especial si su objetivo es llegar a clientes potenciales dentro de esa naci\u00f3n."},"shortcode-map":{"type":"textfield","raw":""},"dyk-shortcode":{"type":"textfield","raw":"[elementor-template id=\"139368\"]"},"text-2":{"type":"textarea","raw":"<h2>Opciones de Traducci\u00f3n al Espa\u00f1ol<\/h2>\r\n\u00bfC\u00f3mo afecta esto sus proyectos de traducci\u00f3n? En <em>Trusted Translations<\/em>, por lo general recomendamos que sus proyectos se traduzcan a un espa\u00f1ol neutro que se entienda con amplitud en todos los mercados hispanohablantes. Luego, seg\u00fan las necesidades de cada cliente, tambi\u00e9n ofrecemos traducciones para el mercado de Espa\u00f1a, adem\u00e1s de para Am\u00e9rica Latina, Estados Unidos o cualquier dialecto local de espa\u00f1ol latinoamericano.\r\n\r\nEn resumen, podemos ayudarlo a revisar las sutilezas regionales y ling\u00fc\u00edsticas antes descritas para identificar el o los tipos de espa\u00f1ol que se adapten a sus metas a la perfecci\u00f3n.\r\n<h2>Localizaci\u00f3n al Castellano<\/h2>\r\nSi el objetivo principal de su organizaci\u00f3n es llegar a la poblaci\u00f3n hispanohablante de Espa\u00f1a, es fundamental que considere localizar su contenido al castellano.\r\n\r\nComo esa variante no es igual al espa\u00f1ol hablado en otros lugares, la localizaci\u00f3n es importante incluso para el contenido que ya se encuentra en espa\u00f1ol.\u00a0Como ejemplo, presentamos solo algunas de las caracter\u00edsticas clave que aparecen en el castellano, pero no en todos los dem\u00e1s tipos del espa\u00f1ol:\r\n<ul>\r\n \t<li>En castellano, hay dos opciones para el pronombre de segunda persona del plural, <em>vosotros<\/em> y <em>ustedes<\/em>.<\/li>\r\n \t<li>En castellano, se prefiere el uso del <em>pret\u00e9rito perfecto<\/em> para referirse a un evento reciente, mientras que los latinoamericanos se inclinan por el pasado simple.<\/li>\r\n \t<li>Los hablantes de castellano tienden a pronunciar las letras <em>z<\/em> y <em>c<\/em> (antes de una <em>e<\/em> o <em>i<\/em>) casi como el sonido \u201cth\u201d suave, lo que no ocurre en otras variantes. Esto crea el sonido distintivo, a veces estereotipado como \u201cceceo\u201d, aunque el t\u00e9rmino se considera una forma inapropiada de caracterizar lo que es una variante ling\u00fc\u00edstica \u00fanica.<\/li>\r\n \t<li>El espa\u00f1ol hablado en otros pa\u00edses tiene un vocabulario con marcadas diferencias respecto del espa\u00f1ol hablado en Espa\u00f1a. Sin la localizaci\u00f3n correcta, es muy f\u00e1cil generar malentendidos no intencionales o, lo que es peor, provocar una grave ofensa.<\/li>\r\n<\/ul>\r\nTambi\u00e9n es importante tener en cuenta que algunos espa\u00f1oles consideran que el espa\u00f1ol hablado y escrito fuera de Espa\u00f1a es una versi\u00f3n menos \u201cpura\u201d o menos est\u00e1ndar del idioma. Trabajar con traductores especializados elimina el riesgo de mala prensa o de producir lo que podr\u00eda considerarse una traducci\u00f3n deficiente.\r\n\r\nLos hablantes nativos del espa\u00f1ol de Espa\u00f1a de <em>Trusted Translations<\/em> pueden editar su contenido en espa\u00f1ol de manera que aborde a la perfecci\u00f3n las tendencias y peculiaridades de los mercados locales en Espa\u00f1a en este momento. Con nuestra ayuda, una peque\u00f1a inversi\u00f3n en una traducci\u00f3n al castellano puede marcar la diferencia para ayudar a su organizaci\u00f3n a tener \u00e9xito en el mercado del espa\u00f1ol europeo."},"state":{"type":"textfield","raw":""},"city":{"type":"textarea","raw":[]}}},"_links":{"self":[{"href":"https:\/\/www.trustedtranslations.com\/es\/wp-json\/wp\/v2\/pages\/144397","targetHints":{"allow":["GET"]}}],"collection":[{"href":"https:\/\/www.trustedtranslations.com\/es\/wp-json\/wp\/v2\/pages"}],"about":[{"href":"https:\/\/www.trustedtranslations.com\/es\/wp-json\/wp\/v2\/types\/page"}],"author":[{"embeddable":true,"href":"https:\/\/www.trustedtranslations.com\/es\/wp-json\/wp\/v2\/users\/1"}],"replies":[{"embeddable":true,"href":"https:\/\/www.trustedtranslations.com\/es\/wp-json\/wp\/v2\/comments?post=144397"}],"version-history":[{"count":0,"href":"https:\/\/www.trustedtranslations.com\/es\/wp-json\/wp\/v2\/pages\/144397\/revisions"}],"up":[{"embeddable":true,"href":"https:\/\/www.trustedtranslations.com\/es\/wp-json\/wp\/v2\/pages\/181362"}],"wp:featuredmedia":[{"embeddable":true,"href":"https:\/\/www.trustedtranslations.com\/es\/wp-json\/wp\/v2\/media\/160117"}],"wp:attachment":[{"href":"https:\/\/www.trustedtranslations.com\/es\/wp-json\/wp\/v2\/media?parent=144397"}],"curies":[{"name":"wp","href":"https:\/\/api.w.org\/{rel}","templated":true}]}}