{"id":153840,"date":"2022-06-22T15:16:47","date_gmt":"2022-06-22T15:16:47","guid":{"rendered":"https:\/\/www.trustedtranslations.com\/servicios\/interpretacion\/interpretation"},"modified":"2025-12-09T18:03:14","modified_gmt":"2025-12-09T21:03:14","slug":"interpretacion-consecutiva","status":"publish","type":"page","link":"https:\/\/www.trustedtranslations.com\/es\/servicios\/interpretacion-presencial\/interpretacion-consecutiva","title":{"rendered":"Interpretaci\u00f3n Consecutiva"},"content":{"rendered":"","protected":false},"excerpt":{"rendered":"","protected":false},"author":1,"featured_media":218295,"parent":127135,"menu_order":0,"comment_status":"closed","ping_status":"closed","template":"","meta":{"site-sidebar-layout":"default","site-content-layout":"default","ast-site-content-layout":"default","site-content-style":"default","site-sidebar-style":"default","ast-global-header-display":"","ast-banner-title-visibility":"","ast-main-header-display":"","ast-hfb-above-header-display":"","ast-hfb-below-header-display":"","ast-hfb-mobile-header-display":"","site-post-title":"disabled","ast-breadcrumbs-content":"","ast-featured-img":"","footer-sml-layout":"","ast-disable-related-posts":"","theme-transparent-header-meta":"default","adv-header-id-meta":"","stick-header-meta":"","header-above-stick-meta":"","header-main-stick-meta":"","header-below-stick-meta":"","astra-migrate-meta-layouts":"set","ast-page-background-enabled":"default","ast-page-background-meta":{"desktop":{"background-color":"var(--ast-global-color-4)","background-image":"","background-repeat":"repeat","background-position":"center center","background-size":"auto","background-attachment":"scroll","background-type":"","background-media":"","overlay-type":"","overlay-color":"","overlay-opacity":"","overlay-gradient":""},"tablet":{"background-color":"","background-image":"","background-repeat":"repeat","background-position":"center center","background-size":"auto","background-attachment":"scroll","background-type":"","background-media":"","overlay-type":"","overlay-color":"","overlay-opacity":"","overlay-gradient":""},"mobile":{"background-color":"","background-image":"","background-repeat":"repeat","background-position":"center center","background-size":"auto","background-attachment":"scroll","background-type":"","background-media":"","overlay-type":"","overlay-color":"","overlay-opacity":"","overlay-gradient":""}},"ast-content-background-meta":{"desktop":{"background-color":"var(--ast-global-color-5)","background-image":"","background-repeat":"repeat","background-position":"center center","background-size":"auto","background-attachment":"scroll","background-type":"","background-media":"","overlay-type":"","overlay-color":"","overlay-opacity":"","overlay-gradient":""},"tablet":{"background-color":"var(--ast-global-color-5)","background-image":"","background-repeat":"repeat","background-position":"center center","background-size":"auto","background-attachment":"scroll","background-type":"","background-media":"","overlay-type":"","overlay-color":"","overlay-opacity":"","overlay-gradient":""},"mobile":{"background-color":"var(--ast-global-color-5)","background-image":"","background-repeat":"repeat","background-position":"center center","background-size":"auto","background-attachment":"scroll","background-type":"","background-media":"","overlay-type":"","overlay-color":"","overlay-opacity":"","overlay-gradient":""}},"footnotes":""},"class_list":["post-153840","page","type-page","status-publish","has-post-thumbnail","hentry"],"yoast_head":"<!-- This site is optimized with the Yoast SEO plugin v27.5 - https:\/\/yoast.com\/product\/yoast-seo-wordpress\/ -->\n<title>Servicios de Interpretaci\u00f3n Consecutiva: Trusted Translations, Inc.<\/title>\n<meta name=\"description\" content=\"Trusted Translations ofrece servicios de interpretaci\u00f3n consecutiva presencial para reuniones, capacitaciones y eventos. Int\u00e9rpretes profesionales que garantizan comunicaci\u00f3n clara y precisa.\" \/>\n<meta name=\"robots\" content=\"index, follow, max-snippet:-1, max-image-preview:large, max-video-preview:-1\" \/>\n<link rel=\"canonical\" href=\"https:\/\/www.trustedtranslations.com\/es\/servicios\/interpretacion-presencial\/interpretacion-consecutiva\" \/>\n<meta property=\"og:locale\" content=\"es_ES\" \/>\n<meta property=\"og:type\" content=\"article\" \/>\n<meta property=\"og:title\" content=\"Servicios de Interpretaci\u00f3n Consecutiva: Trusted Translations, Inc.\" \/>\n<meta property=\"og:description\" content=\"Trusted Translations ofrece servicios de interpretaci\u00f3n consecutiva presencial para reuniones, capacitaciones y eventos. Int\u00e9rpretes profesionales que garantizan comunicaci\u00f3n clara y precisa.\" \/>\n<meta property=\"og:url\" content=\"https:\/\/www.trustedtranslations.com\/es\/servicios\/interpretacion-presencial\/interpretacion-consecutiva\" \/>\n<meta property=\"og:site_name\" content=\"Trusted Translations\" \/>\n<meta property=\"article:publisher\" content=\"https:\/\/www.facebook.com\/Trusted.Translations\" \/>\n<meta property=\"article:modified_time\" content=\"2025-12-09T21:03:14+00:00\" \/>\n<meta property=\"og:image\" content=\"https:\/\/www.trustedtranslations.com\/wp-content\/uploads\/2022\/06\/tt-logo-2-1.webp\" \/>\n\t<meta property=\"og:image:width\" content=\"216\" \/>\n\t<meta property=\"og:image:height\" content=\"94\" \/>\n\t<meta property=\"og:image:type\" content=\"image\/webp\" \/>\n<meta name=\"twitter:card\" content=\"summary_large_image\" \/>\n<meta name=\"twitter:site\" content=\"@TrustedT9ns\" \/>\n<script type=\"application\/ld+json\" class=\"yoast-schema-graph\">{\"@context\":\"https:\\\/\\\/schema.org\",\"@graph\":[{\"@type\":\"WebPage\",\"@id\":\"https:\\\/\\\/www.trustedtranslations.com\\\/es\\\/servicios\\\/interpretacion-presencial\\\/interpretacion-consecutiva\",\"url\":\"https:\\\/\\\/www.trustedtranslations.com\\\/es\\\/servicios\\\/interpretacion-presencial\\\/interpretacion-consecutiva\",\"name\":\"Servicios de Interpretaci\u00f3n Consecutiva: Trusted Translations, Inc.\",\"isPartOf\":{\"@id\":\"https:\\\/\\\/www.trustedtranslations.com\\\/es\\\/#website\"},\"primaryImageOfPage\":{\"@id\":\"https:\\\/\\\/www.trustedtranslations.com\\\/es\\\/servicios\\\/interpretacion-presencial\\\/interpretacion-consecutiva#primaryimage\"},\"image\":{\"@id\":\"https:\\\/\\\/www.trustedtranslations.com\\\/es\\\/servicios\\\/interpretacion-presencial\\\/interpretacion-consecutiva#primaryimage\"},\"thumbnailUrl\":\"\",\"description\":\"Trusted Translations ofrece servicios de interpretaci\u00f3n consecutiva presencial para reuniones, capacitaciones y eventos. Int\u00e9rpretes profesionales que garantizan comunicaci\u00f3n clara y precisa.\",\"breadcrumb\":{\"@id\":\"https:\\\/\\\/www.trustedtranslations.com\\\/es\\\/servicios\\\/interpretacion-presencial\\\/interpretacion-consecutiva#breadcrumb\"},\"inLanguage\":\"es\",\"potentialAction\":[{\"@type\":\"ReadAction\",\"target\":[\"https:\\\/\\\/www.trustedtranslations.com\\\/es\\\/servicios\\\/interpretacion-presencial\\\/interpretacion-consecutiva\"]}]},{\"@type\":\"ImageObject\",\"inLanguage\":\"es\",\"@id\":\"https:\\\/\\\/www.trustedtranslations.com\\\/es\\\/servicios\\\/interpretacion-presencial\\\/interpretacion-consecutiva#primaryimage\",\"url\":\"\",\"contentUrl\":\"\"},{\"@type\":\"BreadcrumbList\",\"@id\":\"https:\\\/\\\/www.trustedtranslations.com\\\/es\\\/servicios\\\/interpretacion-presencial\\\/interpretacion-consecutiva#breadcrumb\",\"itemListElement\":[{\"@type\":\"ListItem\",\"position\":1,\"name\":\"Home\",\"item\":\"https:\\\/\\\/www.trustedtranslations.com\\\/es\"},{\"@type\":\"ListItem\",\"position\":2,\"name\":\"Servicios\",\"item\":\"https:\\\/\\\/www.trustedtranslations.com\\\/es\\\/servicios\"},{\"@type\":\"ListItem\",\"position\":3,\"name\":\"Interpretaci\u00f3n presencial\",\"item\":\"https:\\\/\\\/www.trustedtranslations.com\\\/es\\\/servicios\\\/interpretacion-presencial\"},{\"@type\":\"ListItem\",\"position\":4,\"name\":\"Interpretaci\u00f3n Consecutiva\"}]},{\"@type\":\"WebSite\",\"@id\":\"https:\\\/\\\/www.trustedtranslations.com\\\/es\\\/#website\",\"url\":\"https:\\\/\\\/www.trustedtranslations.com\\\/es\\\/\",\"name\":\"Trusted Translations, Inc.\",\"description\":\"Leader in translation and interpretation services.\",\"publisher\":{\"@id\":\"https:\\\/\\\/www.trustedtranslations.com\\\/es\\\/#organization\"},\"alternateName\":\"Trusted Translations\",\"potentialAction\":[{\"@type\":\"SearchAction\",\"target\":{\"@type\":\"EntryPoint\",\"urlTemplate\":\"https:\\\/\\\/www.trustedtranslations.com\\\/es\\\/?s={search_term_string}\"},\"query-input\":{\"@type\":\"PropertyValueSpecification\",\"valueRequired\":true,\"valueName\":\"search_term_string\"}}],\"inLanguage\":\"es\"},{\"@type\":\"Organization\",\"@id\":\"https:\\\/\\\/www.trustedtranslations.com\\\/es\\\/#organization\",\"name\":\"Trusted Translations\",\"alternateName\":\"Trusted Translations, Inc.\",\"url\":\"https:\\\/\\\/www.trustedtranslations.com\\\/es\\\/\",\"logo\":{\"@type\":\"ImageObject\",\"inLanguage\":\"es\",\"@id\":\"https:\\\/\\\/www.trustedtranslations.com\\\/es\\\/#\\\/schema\\\/logo\\\/image\\\/\",\"url\":\"https:\\\/\\\/static.trustedtranslations.com\\\/wp-content\\\/uploads\\\/2022\\\/01\\\/TT_logo_WSIColors-2.png\",\"contentUrl\":\"https:\\\/\\\/static.trustedtranslations.com\\\/wp-content\\\/uploads\\\/2022\\\/01\\\/TT_logo_WSIColors-2.png\",\"width\":500,\"height\":196,\"caption\":\"Trusted Translations\"},\"image\":{\"@id\":\"https:\\\/\\\/www.trustedtranslations.com\\\/es\\\/#\\\/schema\\\/logo\\\/image\\\/\"},\"sameAs\":[\"https:\\\/\\\/www.facebook.com\\\/Trusted.Translations\",\"https:\\\/\\\/x.com\\\/TrustedT9ns\",\"https:\\\/\\\/www.linkedin.com\\\/company\\\/trusted-translations\"]}]}<\/script>\n<!-- \/ Yoast SEO plugin. -->","yoast_head_json":{"title":"Servicios de Interpretaci\u00f3n Consecutiva: Trusted Translations, Inc.","description":"Trusted Translations ofrece servicios de interpretaci\u00f3n consecutiva presencial para reuniones, capacitaciones y eventos. Int\u00e9rpretes profesionales que garantizan comunicaci\u00f3n clara y precisa.","robots":{"index":"index","follow":"follow","max-snippet":"max-snippet:-1","max-image-preview":"max-image-preview:large","max-video-preview":"max-video-preview:-1"},"canonical":"https:\/\/www.trustedtranslations.com\/es\/servicios\/interpretacion-presencial\/interpretacion-consecutiva","og_locale":"es_ES","og_type":"article","og_title":"Servicios de Interpretaci\u00f3n Consecutiva: Trusted Translations, Inc.","og_description":"Trusted Translations ofrece servicios de interpretaci\u00f3n consecutiva presencial para reuniones, capacitaciones y eventos. Int\u00e9rpretes profesionales que garantizan comunicaci\u00f3n clara y precisa.","og_url":"https:\/\/www.trustedtranslations.com\/es\/servicios\/interpretacion-presencial\/interpretacion-consecutiva","og_site_name":"Trusted Translations","article_publisher":"https:\/\/www.facebook.com\/Trusted.Translations","article_modified_time":"2025-12-09T21:03:14+00:00","og_image":[{"width":216,"height":94,"url":"https:\/\/www.trustedtranslations.com\/wp-content\/uploads\/2022\/06\/tt-logo-2-1.webp","type":"image\/webp"}],"twitter_card":"summary_large_image","twitter_site":"@TrustedT9ns","schema":{"@context":"https:\/\/schema.org","@graph":[{"@type":"WebPage","@id":"https:\/\/www.trustedtranslations.com\/es\/servicios\/interpretacion-presencial\/interpretacion-consecutiva","url":"https:\/\/www.trustedtranslations.com\/es\/servicios\/interpretacion-presencial\/interpretacion-consecutiva","name":"Servicios de Interpretaci\u00f3n Consecutiva: Trusted Translations, Inc.","isPartOf":{"@id":"https:\/\/www.trustedtranslations.com\/es\/#website"},"primaryImageOfPage":{"@id":"https:\/\/www.trustedtranslations.com\/es\/servicios\/interpretacion-presencial\/interpretacion-consecutiva#primaryimage"},"image":{"@id":"https:\/\/www.trustedtranslations.com\/es\/servicios\/interpretacion-presencial\/interpretacion-consecutiva#primaryimage"},"thumbnailUrl":"","description":"Trusted Translations ofrece servicios de interpretaci\u00f3n consecutiva presencial para reuniones, capacitaciones y eventos. Int\u00e9rpretes profesionales que garantizan comunicaci\u00f3n clara y precisa.","breadcrumb":{"@id":"https:\/\/www.trustedtranslations.com\/es\/servicios\/interpretacion-presencial\/interpretacion-consecutiva#breadcrumb"},"inLanguage":"es","potentialAction":[{"@type":"ReadAction","target":["https:\/\/www.trustedtranslations.com\/es\/servicios\/interpretacion-presencial\/interpretacion-consecutiva"]}]},{"@type":"ImageObject","inLanguage":"es","@id":"https:\/\/www.trustedtranslations.com\/es\/servicios\/interpretacion-presencial\/interpretacion-consecutiva#primaryimage","url":"","contentUrl":""},{"@type":"BreadcrumbList","@id":"https:\/\/www.trustedtranslations.com\/es\/servicios\/interpretacion-presencial\/interpretacion-consecutiva#breadcrumb","itemListElement":[{"@type":"ListItem","position":1,"name":"Home","item":"https:\/\/www.trustedtranslations.com\/es"},{"@type":"ListItem","position":2,"name":"Servicios","item":"https:\/\/www.trustedtranslations.com\/es\/servicios"},{"@type":"ListItem","position":3,"name":"Interpretaci\u00f3n presencial","item":"https:\/\/www.trustedtranslations.com\/es\/servicios\/interpretacion-presencial"},{"@type":"ListItem","position":4,"name":"Interpretaci\u00f3n Consecutiva"}]},{"@type":"WebSite","@id":"https:\/\/www.trustedtranslations.com\/es\/#website","url":"https:\/\/www.trustedtranslations.com\/es\/","name":"Trusted Translations, Inc.","description":"Leader in translation and interpretation services.","publisher":{"@id":"https:\/\/www.trustedtranslations.com\/es\/#organization"},"alternateName":"Trusted Translations","potentialAction":[{"@type":"SearchAction","target":{"@type":"EntryPoint","urlTemplate":"https:\/\/www.trustedtranslations.com\/es\/?s={search_term_string}"},"query-input":{"@type":"PropertyValueSpecification","valueRequired":true,"valueName":"search_term_string"}}],"inLanguage":"es"},{"@type":"Organization","@id":"https:\/\/www.trustedtranslations.com\/es\/#organization","name":"Trusted Translations","alternateName":"Trusted Translations, Inc.","url":"https:\/\/www.trustedtranslations.com\/es\/","logo":{"@type":"ImageObject","inLanguage":"es","@id":"https:\/\/www.trustedtranslations.com\/es\/#\/schema\/logo\/image\/","url":"https:\/\/static.trustedtranslations.com\/wp-content\/uploads\/2022\/01\/TT_logo_WSIColors-2.png","contentUrl":"https:\/\/static.trustedtranslations.com\/wp-content\/uploads\/2022\/01\/TT_logo_WSIColors-2.png","width":500,"height":196,"caption":"Trusted Translations"},"image":{"@id":"https:\/\/www.trustedtranslations.com\/es\/#\/schema\/logo\/image\/"},"sameAs":["https:\/\/www.facebook.com\/Trusted.Translations","https:\/\/x.com\/TrustedT9ns","https:\/\/www.linkedin.com\/company\/trusted-translations"]}]}},"toolset-meta":{"dyk":{"mensaje-1":{"type":"textfield","raw":"A fin de garantizar la precisi\u00f3n, los int\u00e9rpretes consecutivos utilizan t\u00e9cnicas especiales para tomar notas."},"mensaje-2":{"type":"textfield","raw":"El espa\u00f1ol es el idioma m\u00e1s solicitado para las interpretaciones en Estados Unidos."},"mensaje-3":{"type":"textfield","raw":"Estados Unidos es el mercado m\u00e1s grande del mundo en servicios de interpretaci\u00f3n."},"mensaje-4":{"type":"textfield","raw":"Con un equipamiento m\u00ednimo, la interpretaci\u00f3n consecutiva es una opci\u00f3n rentable."},"mensaje-5":{"type":"textfield","raw":""},"mensaje-6":{"type":"textfield","raw":""}},"single-page-template-fields":{"imgs-temp":{"type":"image","raw":["https:\/\/static.trustedtranslations.com\/wp-content\/uploads\/2024\/07\/onsite-4-1.webp"],"repeatable":[{"raw":"https:\/\/static.trustedtranslations.com\/wp-content\/uploads\/2024\/07\/onsite-4-1.webp"}]},"imgs-temp-cel":{"type":"image","raw":[""],"repeatable":[{"raw":""}]},"img-temp-one-cel":{"type":"image","raw":"https:\/\/static.trustedtranslations.com\/wp-content\/uploads\/2024\/07\/AdobeStock_194895625-2-1.webp","attachment_id":null},"quotes":{"type":"textarea","raw":"<h1 style=\"margin-bottom: 12px;\">Servicios de Interpretaci\u00f3n Presencial Consecutiva<\/h1><p><em>Trusted Translations<\/em> ofrece interpretaci\u00f3n consecutiva l\u00edder en la industria. Durante la interpretaci\u00f3n presencial consecutiva, uno o m\u00e1s de nuestros mejores int\u00e9rpretes en el lugar del evento escuchar\u00e1n una breve porci\u00f3n del discurso, esperar\u00e1n a que el orador termine su idea u oraci\u00f3n y luego interpretar\u00e1n para la audiencia mientras el orador espera que el int\u00e9rprete comunique el mensaje.<\/p><div style=\"margin-top: 2.5vw;\"><a class=\"tt-btn-main-cta\" href=\"https:\/\/www.trustedtranslations.com\/es\/presupuesto-sin-cargo\">Solicite un presupuesto sin cargo<\/a><\/div>"},"text-1":{"type":"textarea","raw":"<h2>Interpretaci\u00f3n Consecutiva: Adecuada para Situaciones Individuales y Entornos de Grupos Peque\u00f1os<\/h2>En otras palabras, en la interpretaci\u00f3n consecutiva, normalmente solo hay una persona hablando por vez, en contraste con la naturaleza r\u00e1pida y en \u201ctiempo real\u201d de la interpretaci\u00f3n simult\u00e1nea. Este formato de \u201cida y vuelta\u201d a menudo es ideal para grupos peque\u00f1os o entornos individuales, como consultas m\u00e9dicas, negociaciones entre abogados y clientes, entrevistas, reuniones de padres y maestros, y eventos similares.\r\n<h2>Interpretaci\u00f3n del Lenguaje por Tramos<\/h2>\r\nLa interpretaci\u00f3n consecutiva ayuda a garantizar que ninguno de los involucrados interrumpa al otro. Adem\u00e1s, debido a que los int\u00e9rpretes consecutivos interpretan frases, ideas o bloques de discurso al idioma de destino \u2014por ejemplo, traduciendo cada pocas oraciones y no palabra por palabra\u2014 tienen m\u00e1s tiempo para confirmar que est\u00e1n expresando claramente el mensaje del orador en el contexto previsto. Aunque este proceso puede llevar un poco m\u00e1s de tiempo, tiende a dar sus frutos en t\u00e9rminos de claridad y precisi\u00f3n.\r\n\r\nA pesar del ritmo m\u00e1s lento, los int\u00e9rpretes presenciales deben estar muy bien capacitados en los idiomas de origen y destino, y deben tener varias habilidades especiales relacionadas con la interpretaci\u00f3n consecutiva. Por ejemplo, deben tener experiencia filtrando cualquier ruido de fondo o distracciones, tener capacidad para tomar notas r\u00e1pidamente, habilidades para escuchar y memorizar, y una comprensi\u00f3n experta de temas complejos, como terminolog\u00eda jur\u00eddica o jerga m\u00e9dica. Al mismo tiempo, la conciencia cultural del int\u00e9rprete y su capacidad para analizar el contexto son igualmente importantes para evitar errores de comunicaci\u00f3n."},"shortcode-map":{"type":"textfield","raw":""},"dyk-shortcode":{"type":"textfield","raw":"[elementor-template id=\"139368\"]"},"text-2":{"type":"textarea","raw":"<h2>\u00bfPor Qu\u00e9 Elegir la Interpretaci\u00f3n Consecutiva?<\/h2>\r\nComo se mencion\u00f3 anteriormente, la interpretaci\u00f3n consecutiva es ideal para entornos con una audiencia m\u00e1s reducida. Por ello, las empresas tienden a preferir la interpretaci\u00f3n consecutiva cuando el uso de interpretaciones simult\u00e1neas ser\u00eda demasiado costoso e ineficiente debido al uso de equipos especializados, como auriculares, sistemas de transmisi\u00f3n y voluminosas cabinas de sonido.\r\n\r\nAdem\u00e1s, la naturaleza compleja de la interpretaci\u00f3n simult\u00e1nea a menudo requiere que los int\u00e9rpretes trabajen en parejas, lo que puede elevar significativamente el presupuesto. Dado que los int\u00e9rpretes consecutivos generalmente trabajan solos, tal vez con un bloc de notas y un instrumento de escritura como \u00fanico equipo, pueden representar un significativo ahorro de costos.\r\n\r\nAdem\u00e1s de la rentabilidad, la interpretaci\u00f3n presencial consecutiva tambi\u00e9n tiene la ventaja de una mayor proximidad entre el int\u00e9rprete y el orador. En lugar de situarse en una cabina insonorizada en la parte trasera de una sala de conferencias, la cual depende de la tecnolog\u00eda audiovisual, un int\u00e9rprete consecutivo a menudo se ubica m\u00e1s cerca del orador, en un entorno mucho m\u00e1s peque\u00f1o. Esto no solo elimina el problema de las interferencias de audio, sino que tambi\u00e9n permite al int\u00e9rprete observar de cerca los matices y expresiones emocionales del orador, que luego pueden tener en cuenta en su interpretaci\u00f3n.\r\n\r\nNuestros int\u00e9rpretes est\u00e1n espec\u00edficamente capacitados en tareas de interpretaci\u00f3n consecutiva, con credenciales confiables y experiencia en organizaciones est\u00e1ndar l\u00edderes en la industria. Ya sea que su empresa se desarrolle en el campo m\u00e9dico, legal, sin fines de lucro u otro, nuestros int\u00e9rpretes se asegurar\u00e1n de que los elementos clave de la comunicaci\u00f3n nunca se pierdan en la traducci\u00f3n. Para analizar sus necesidades de interpretaci\u00f3n presencial consecutiva, p\u00f3ngase en contacto con <em>Trusted Translations<\/em> hoy mismo."},"state":{"type":"textfield","raw":""},"city":{"type":"textarea","raw":[""]}}},"_links":{"self":[{"href":"https:\/\/www.trustedtranslations.com\/es\/wp-json\/wp\/v2\/pages\/153840","targetHints":{"allow":["GET"]}}],"collection":[{"href":"https:\/\/www.trustedtranslations.com\/es\/wp-json\/wp\/v2\/pages"}],"about":[{"href":"https:\/\/www.trustedtranslations.com\/es\/wp-json\/wp\/v2\/types\/page"}],"author":[{"embeddable":true,"href":"https:\/\/www.trustedtranslations.com\/es\/wp-json\/wp\/v2\/users\/1"}],"replies":[{"embeddable":true,"href":"https:\/\/www.trustedtranslations.com\/es\/wp-json\/wp\/v2\/comments?post=153840"}],"version-history":[{"count":0,"href":"https:\/\/www.trustedtranslations.com\/es\/wp-json\/wp\/v2\/pages\/153840\/revisions"}],"up":[{"embeddable":true,"href":"https:\/\/www.trustedtranslations.com\/es\/wp-json\/wp\/v2\/pages\/127135"}],"wp:featuredmedia":[{"embeddable":true,"href":"https:\/\/www.trustedtranslations.com\/es\/wp-json\/"}],"wp:attachment":[{"href":"https:\/\/www.trustedtranslations.com\/es\/wp-json\/wp\/v2\/media?parent=153840"}],"curies":[{"name":"wp","href":"https:\/\/api.w.org\/{rel}","templated":true}]}}