{"id":153897,"date":"2022-06-22T15:32:56","date_gmt":"2022-06-22T15:32:56","guid":{"rendered":"https:\/\/www.trustedtranslations.com\/servicios\/interpretacion\/interpretation-2"},"modified":"2025-12-09T18:07:15","modified_gmt":"2025-12-09T21:07:15","slug":"interpretacion-simultanea","status":"publish","type":"page","link":"https:\/\/www.trustedtranslations.com\/es\/servicios\/interpretacion-presencial\/interpretacion-simultanea","title":{"rendered":"Interpretaci\u00f3n Simult\u00e1nea"},"content":{"rendered":"","protected":false},"excerpt":{"rendered":"","protected":false},"author":1,"featured_media":188038,"parent":127135,"menu_order":0,"comment_status":"closed","ping_status":"closed","template":"","meta":{"site-sidebar-layout":"default","site-content-layout":"default","ast-site-content-layout":"default","site-content-style":"default","site-sidebar-style":"default","ast-global-header-display":"","ast-banner-title-visibility":"","ast-main-header-display":"","ast-hfb-above-header-display":"","ast-hfb-below-header-display":"","ast-hfb-mobile-header-display":"","site-post-title":"disabled","ast-breadcrumbs-content":"","ast-featured-img":"","footer-sml-layout":"","ast-disable-related-posts":"","theme-transparent-header-meta":"default","adv-header-id-meta":"","stick-header-meta":"","header-above-stick-meta":"","header-main-stick-meta":"","header-below-stick-meta":"","astra-migrate-meta-layouts":"set","ast-page-background-enabled":"default","ast-page-background-meta":{"desktop":{"background-color":"var(--ast-global-color-4)","background-image":"","background-repeat":"repeat","background-position":"center center","background-size":"auto","background-attachment":"scroll","background-type":"","background-media":"","overlay-type":"","overlay-color":"","overlay-opacity":"","overlay-gradient":""},"tablet":{"background-color":"","background-image":"","background-repeat":"repeat","background-position":"center center","background-size":"auto","background-attachment":"scroll","background-type":"","background-media":"","overlay-type":"","overlay-color":"","overlay-opacity":"","overlay-gradient":""},"mobile":{"background-color":"","background-image":"","background-repeat":"repeat","background-position":"center center","background-size":"auto","background-attachment":"scroll","background-type":"","background-media":"","overlay-type":"","overlay-color":"","overlay-opacity":"","overlay-gradient":""}},"ast-content-background-meta":{"desktop":{"background-color":"var(--ast-global-color-5)","background-image":"","background-repeat":"repeat","background-position":"center center","background-size":"auto","background-attachment":"scroll","background-type":"","background-media":"","overlay-type":"","overlay-color":"","overlay-opacity":"","overlay-gradient":""},"tablet":{"background-color":"var(--ast-global-color-5)","background-image":"","background-repeat":"repeat","background-position":"center center","background-size":"auto","background-attachment":"scroll","background-type":"","background-media":"","overlay-type":"","overlay-color":"","overlay-opacity":"","overlay-gradient":""},"mobile":{"background-color":"var(--ast-global-color-5)","background-image":"","background-repeat":"repeat","background-position":"center center","background-size":"auto","background-attachment":"scroll","background-type":"","background-media":"","overlay-type":"","overlay-color":"","overlay-opacity":"","overlay-gradient":""}},"footnotes":""},"class_list":["post-153897","page","type-page","status-publish","has-post-thumbnail","hentry"],"yoast_head":"<!-- This site is optimized with the Yoast SEO plugin v27.3 - https:\/\/yoast.com\/product\/yoast-seo-wordpress\/ -->\n<title>Servicios de Interpretaci\u00f3n Simult\u00e1nea: Trusted Translations, Inc.<\/title>\n<meta name=\"description\" content=\"Trusted Translations brinda interpretaci\u00f3n simult\u00e1nea presencial para conferencias y eventos. Int\u00e9rpretes especializados que garantizan comunicaci\u00f3n fluida y en tiempo real.\" \/>\n<meta name=\"robots\" content=\"index, follow, max-snippet:-1, max-image-preview:large, max-video-preview:-1\" \/>\n<link rel=\"canonical\" href=\"https:\/\/www.trustedtranslations.com\/es\/servicios\/interpretacion-presencial\/interpretacion-simultanea\" \/>\n<meta property=\"og:locale\" content=\"es_ES\" \/>\n<meta property=\"og:type\" content=\"article\" \/>\n<meta property=\"og:title\" content=\"Servicios de Interpretaci\u00f3n Simult\u00e1nea: Trusted Translations, Inc.\" \/>\n<meta property=\"og:description\" content=\"Trusted Translations brinda interpretaci\u00f3n simult\u00e1nea presencial para conferencias y eventos. Int\u00e9rpretes especializados que garantizan comunicaci\u00f3n fluida y en tiempo real.\" \/>\n<meta property=\"og:url\" content=\"https:\/\/www.trustedtranslations.com\/es\/servicios\/interpretacion-presencial\/interpretacion-simultanea\" \/>\n<meta property=\"og:site_name\" content=\"Trusted Translations\" \/>\n<meta property=\"article:publisher\" content=\"https:\/\/www.facebook.com\/Trusted.Translations\" \/>\n<meta property=\"article:modified_time\" content=\"2025-12-09T21:07:15+00:00\" \/>\n<meta property=\"og:image\" content=\"https:\/\/www.trustedtranslations.com\/wp-content\/uploads\/2022\/06\/tt-logo-2-1.webp\" \/>\n\t<meta property=\"og:image:width\" content=\"216\" \/>\n\t<meta property=\"og:image:height\" content=\"94\" \/>\n\t<meta property=\"og:image:type\" content=\"image\/webp\" \/>\n<meta name=\"twitter:card\" content=\"summary_large_image\" \/>\n<meta name=\"twitter:site\" content=\"@TrustedT9ns\" \/>\n<script type=\"application\/ld+json\" class=\"yoast-schema-graph\">{\"@context\":\"https:\\\/\\\/schema.org\",\"@graph\":[{\"@type\":\"WebPage\",\"@id\":\"https:\\\/\\\/www.trustedtranslations.com\\\/es\\\/servicios\\\/interpretacion-presencial\\\/interpretacion-simultanea\",\"url\":\"https:\\\/\\\/www.trustedtranslations.com\\\/es\\\/servicios\\\/interpretacion-presencial\\\/interpretacion-simultanea\",\"name\":\"Servicios de Interpretaci\u00f3n Simult\u00e1nea: Trusted Translations, Inc.\",\"isPartOf\":{\"@id\":\"https:\\\/\\\/www.trustedtranslations.com\\\/es\\\/#website\"},\"primaryImageOfPage\":{\"@id\":\"https:\\\/\\\/www.trustedtranslations.com\\\/es\\\/servicios\\\/interpretacion-presencial\\\/interpretacion-simultanea#primaryimage\"},\"image\":{\"@id\":\"https:\\\/\\\/www.trustedtranslations.com\\\/es\\\/servicios\\\/interpretacion-presencial\\\/interpretacion-simultanea#primaryimage\"},\"thumbnailUrl\":\"\",\"description\":\"Trusted Translations brinda interpretaci\u00f3n simult\u00e1nea presencial para conferencias y eventos. Int\u00e9rpretes especializados que garantizan comunicaci\u00f3n fluida y en tiempo real.\",\"breadcrumb\":{\"@id\":\"https:\\\/\\\/www.trustedtranslations.com\\\/es\\\/servicios\\\/interpretacion-presencial\\\/interpretacion-simultanea#breadcrumb\"},\"inLanguage\":\"es\",\"potentialAction\":[{\"@type\":\"ReadAction\",\"target\":[\"https:\\\/\\\/www.trustedtranslations.com\\\/es\\\/servicios\\\/interpretacion-presencial\\\/interpretacion-simultanea\"]}]},{\"@type\":\"ImageObject\",\"inLanguage\":\"es\",\"@id\":\"https:\\\/\\\/www.trustedtranslations.com\\\/es\\\/servicios\\\/interpretacion-presencial\\\/interpretacion-simultanea#primaryimage\",\"url\":\"\",\"contentUrl\":\"\"},{\"@type\":\"BreadcrumbList\",\"@id\":\"https:\\\/\\\/www.trustedtranslations.com\\\/es\\\/servicios\\\/interpretacion-presencial\\\/interpretacion-simultanea#breadcrumb\",\"itemListElement\":[{\"@type\":\"ListItem\",\"position\":1,\"name\":\"Home\",\"item\":\"https:\\\/\\\/www.trustedtranslations.com\\\/es\"},{\"@type\":\"ListItem\",\"position\":2,\"name\":\"Servicios\",\"item\":\"https:\\\/\\\/www.trustedtranslations.com\\\/es\\\/servicios\"},{\"@type\":\"ListItem\",\"position\":3,\"name\":\"Interpretaci\u00f3n presencial\",\"item\":\"https:\\\/\\\/www.trustedtranslations.com\\\/es\\\/servicios\\\/interpretacion-presencial\"},{\"@type\":\"ListItem\",\"position\":4,\"name\":\"Interpretaci\u00f3n Simult\u00e1nea\"}]},{\"@type\":\"WebSite\",\"@id\":\"https:\\\/\\\/www.trustedtranslations.com\\\/es\\\/#website\",\"url\":\"https:\\\/\\\/www.trustedtranslations.com\\\/es\\\/\",\"name\":\"Trusted Translations, Inc.\",\"description\":\"Leader in translation and interpretation services.\",\"publisher\":{\"@id\":\"https:\\\/\\\/www.trustedtranslations.com\\\/es\\\/#organization\"},\"alternateName\":\"Trusted Translations\",\"potentialAction\":[{\"@type\":\"SearchAction\",\"target\":{\"@type\":\"EntryPoint\",\"urlTemplate\":\"https:\\\/\\\/www.trustedtranslations.com\\\/es\\\/?s={search_term_string}\"},\"query-input\":{\"@type\":\"PropertyValueSpecification\",\"valueRequired\":true,\"valueName\":\"search_term_string\"}}],\"inLanguage\":\"es\"},{\"@type\":\"Organization\",\"@id\":\"https:\\\/\\\/www.trustedtranslations.com\\\/es\\\/#organization\",\"name\":\"Trusted Translations\",\"alternateName\":\"Trusted Translations, Inc.\",\"url\":\"https:\\\/\\\/www.trustedtranslations.com\\\/es\\\/\",\"logo\":{\"@type\":\"ImageObject\",\"inLanguage\":\"es\",\"@id\":\"https:\\\/\\\/www.trustedtranslations.com\\\/es\\\/#\\\/schema\\\/logo\\\/image\\\/\",\"url\":\"https:\\\/\\\/static.trustedtranslations.com\\\/wp-content\\\/uploads\\\/2022\\\/01\\\/TT_logo_WSIColors-2.png\",\"contentUrl\":\"https:\\\/\\\/static.trustedtranslations.com\\\/wp-content\\\/uploads\\\/2022\\\/01\\\/TT_logo_WSIColors-2.png\",\"width\":500,\"height\":196,\"caption\":\"Trusted Translations\"},\"image\":{\"@id\":\"https:\\\/\\\/www.trustedtranslations.com\\\/es\\\/#\\\/schema\\\/logo\\\/image\\\/\"},\"sameAs\":[\"https:\\\/\\\/www.facebook.com\\\/Trusted.Translations\",\"https:\\\/\\\/x.com\\\/TrustedT9ns\",\"https:\\\/\\\/www.linkedin.com\\\/company\\\/trusted-translations\"]}]}<\/script>\n<!-- \/ Yoast SEO plugin. -->","yoast_head_json":{"title":"Servicios de Interpretaci\u00f3n Simult\u00e1nea: Trusted Translations, Inc.","description":"Trusted Translations brinda interpretaci\u00f3n simult\u00e1nea presencial para conferencias y eventos. Int\u00e9rpretes especializados que garantizan comunicaci\u00f3n fluida y en tiempo real.","robots":{"index":"index","follow":"follow","max-snippet":"max-snippet:-1","max-image-preview":"max-image-preview:large","max-video-preview":"max-video-preview:-1"},"canonical":"https:\/\/www.trustedtranslations.com\/es\/servicios\/interpretacion-presencial\/interpretacion-simultanea","og_locale":"es_ES","og_type":"article","og_title":"Servicios de Interpretaci\u00f3n Simult\u00e1nea: Trusted Translations, Inc.","og_description":"Trusted Translations brinda interpretaci\u00f3n simult\u00e1nea presencial para conferencias y eventos. Int\u00e9rpretes especializados que garantizan comunicaci\u00f3n fluida y en tiempo real.","og_url":"https:\/\/www.trustedtranslations.com\/es\/servicios\/interpretacion-presencial\/interpretacion-simultanea","og_site_name":"Trusted Translations","article_publisher":"https:\/\/www.facebook.com\/Trusted.Translations","article_modified_time":"2025-12-09T21:07:15+00:00","og_image":[{"width":216,"height":94,"url":"https:\/\/www.trustedtranslations.com\/wp-content\/uploads\/2022\/06\/tt-logo-2-1.webp","type":"image\/webp"}],"twitter_card":"summary_large_image","twitter_site":"@TrustedT9ns","schema":{"@context":"https:\/\/schema.org","@graph":[{"@type":"WebPage","@id":"https:\/\/www.trustedtranslations.com\/es\/servicios\/interpretacion-presencial\/interpretacion-simultanea","url":"https:\/\/www.trustedtranslations.com\/es\/servicios\/interpretacion-presencial\/interpretacion-simultanea","name":"Servicios de Interpretaci\u00f3n Simult\u00e1nea: Trusted Translations, Inc.","isPartOf":{"@id":"https:\/\/www.trustedtranslations.com\/es\/#website"},"primaryImageOfPage":{"@id":"https:\/\/www.trustedtranslations.com\/es\/servicios\/interpretacion-presencial\/interpretacion-simultanea#primaryimage"},"image":{"@id":"https:\/\/www.trustedtranslations.com\/es\/servicios\/interpretacion-presencial\/interpretacion-simultanea#primaryimage"},"thumbnailUrl":"","description":"Trusted Translations brinda interpretaci\u00f3n simult\u00e1nea presencial para conferencias y eventos. Int\u00e9rpretes especializados que garantizan comunicaci\u00f3n fluida y en tiempo real.","breadcrumb":{"@id":"https:\/\/www.trustedtranslations.com\/es\/servicios\/interpretacion-presencial\/interpretacion-simultanea#breadcrumb"},"inLanguage":"es","potentialAction":[{"@type":"ReadAction","target":["https:\/\/www.trustedtranslations.com\/es\/servicios\/interpretacion-presencial\/interpretacion-simultanea"]}]},{"@type":"ImageObject","inLanguage":"es","@id":"https:\/\/www.trustedtranslations.com\/es\/servicios\/interpretacion-presencial\/interpretacion-simultanea#primaryimage","url":"","contentUrl":""},{"@type":"BreadcrumbList","@id":"https:\/\/www.trustedtranslations.com\/es\/servicios\/interpretacion-presencial\/interpretacion-simultanea#breadcrumb","itemListElement":[{"@type":"ListItem","position":1,"name":"Home","item":"https:\/\/www.trustedtranslations.com\/es"},{"@type":"ListItem","position":2,"name":"Servicios","item":"https:\/\/www.trustedtranslations.com\/es\/servicios"},{"@type":"ListItem","position":3,"name":"Interpretaci\u00f3n presencial","item":"https:\/\/www.trustedtranslations.com\/es\/servicios\/interpretacion-presencial"},{"@type":"ListItem","position":4,"name":"Interpretaci\u00f3n Simult\u00e1nea"}]},{"@type":"WebSite","@id":"https:\/\/www.trustedtranslations.com\/es\/#website","url":"https:\/\/www.trustedtranslations.com\/es\/","name":"Trusted Translations, Inc.","description":"Leader in translation and interpretation services.","publisher":{"@id":"https:\/\/www.trustedtranslations.com\/es\/#organization"},"alternateName":"Trusted Translations","potentialAction":[{"@type":"SearchAction","target":{"@type":"EntryPoint","urlTemplate":"https:\/\/www.trustedtranslations.com\/es\/?s={search_term_string}"},"query-input":{"@type":"PropertyValueSpecification","valueRequired":true,"valueName":"search_term_string"}}],"inLanguage":"es"},{"@type":"Organization","@id":"https:\/\/www.trustedtranslations.com\/es\/#organization","name":"Trusted Translations","alternateName":"Trusted Translations, Inc.","url":"https:\/\/www.trustedtranslations.com\/es\/","logo":{"@type":"ImageObject","inLanguage":"es","@id":"https:\/\/www.trustedtranslations.com\/es\/#\/schema\/logo\/image\/","url":"https:\/\/static.trustedtranslations.com\/wp-content\/uploads\/2022\/01\/TT_logo_WSIColors-2.png","contentUrl":"https:\/\/static.trustedtranslations.com\/wp-content\/uploads\/2022\/01\/TT_logo_WSIColors-2.png","width":500,"height":196,"caption":"Trusted Translations"},"image":{"@id":"https:\/\/www.trustedtranslations.com\/es\/#\/schema\/logo\/image\/"},"sameAs":["https:\/\/www.facebook.com\/Trusted.Translations","https:\/\/x.com\/TrustedT9ns","https:\/\/www.linkedin.com\/company\/trusted-translations"]}]}},"toolset-meta":{"dyk":{"mensaje-1":{"type":"textfield","raw":"La ley federal de Estados Unidos requiere int\u00e9rpretes, tanto en los tribunales penales como en los civiles."},"mensaje-2":{"type":"textfield","raw":"Los int\u00e9rpretes profesionales suelen trabajar en parejas, ya que el trabajo es muy exigente mentalmente."},"mensaje-3":{"type":"textfield","raw":"Los int\u00e9rpretes capacitados pueden reducir los errores en las comunicaciones m\u00e9dicas hasta en un 75%."},"mensaje-4":{"type":"textfield","raw":"La ley estadounidense requiere que los hospitales proporcionen a los pacientes int\u00e9rpretes calificados."},"mensaje-5":{"type":"textfield","raw":""},"mensaje-6":{"type":"textfield","raw":""}},"single-page-template-fields":{"imgs-temp":{"type":"image","raw":["https:\/\/static.trustedtranslations.com\/wp-content\/uploads\/2024\/07\/onsite-1-1.webp"],"repeatable":[{"raw":"https:\/\/static.trustedtranslations.com\/wp-content\/uploads\/2024\/07\/onsite-1-1.webp"}]},"imgs-temp-cel":{"type":"image","raw":[""],"repeatable":[{"raw":""}]},"img-temp-one-cel":{"type":"image","raw":"https:\/\/static.trustedtranslations.com\/wp-content\/uploads\/2024\/07\/speaker-business-conference-2-1.webp","attachment_id":null},"quotes":{"type":"textarea","raw":"<h1 style=\"margin-bottom: 12px;\">Servicios de Interpretaci\u00f3n Presencial Simult\u00e1nea<\/h1>\r\nUna de las formas m\u00e1s conocidas de interpretaci\u00f3n presencial es la interpretaci\u00f3n simult\u00e1nea o en tiempo real. Desde convenciones de negocios internacionales hasta tribunales, <em>Trusted Translations<\/em> ofrece los mejores int\u00e9rpretes simult\u00e1neos del mundo, brindando la interpretaci\u00f3n m\u00e1s confiable para comunicaciones cr\u00edticas.\r\n<div style=\"margin-top: 2.5vw;\"><a class=\"tt-btn-main-cta\" href=\"https:\/\/www.trustedtranslations.com\/es\/presupuesto-sin-cargo\">Solicite un presupuesto sin cargo<\/a><\/div>"},"text-1":{"type":"textarea","raw":"<h2>Interpretaci\u00f3n para Audiencias m\u00e1s Numerosas<\/h2>\r\nDurante la interpretaci\u00f3n simult\u00e1nea, el int\u00e9rprete (a menudo, un equipo de dos o m\u00e1s int\u00e9rpretes) interpretar\u00e1 desde un lugar cercano o en una cabina cerrada mientras el orador habla para crear una experiencia de comunicaci\u00f3n pr\u00e1cticamente en tiempo real. Ideal para eventos multiling\u00fces a gran escala, como conferencias, este es el tipo de interpretaci\u00f3n en vivo con el que puede estar familiarizado en las sesiones de Naciones Unidas, discursos presidenciales que se transmiten a todo el mundo o eventos deportivos internacionales, como los Juegos Ol\u00edmpicos.\r\n<h2>Interpretaci\u00f3n de Idiomas en Tiempo Real<\/h2>\r\nLas tareas de interpretaci\u00f3n simult\u00e1nea son m\u00e1s complejas que las de traducci\u00f3n consecutiva. Los int\u00e9rpretes deben moverse a la velocidad del rayo para asimilar e interpretar el idioma de origen antes de ofrecer, sin problemas, una traducci\u00f3n oral en el idioma de destino. Dado que los int\u00e9rpretes simult\u00e1neos deben interpretar lo que escuchan en contexto, en lugar de una aproximaci\u00f3n b\u00e1sica palabra por palabra, no existe ninguna tecnolog\u00eda o <i>software<\/i> que pueda siquiera aproximarse a la mitad de la confiabilidad de un int\u00e9rprete presencial real.\r\n\r\nLa velocidad y fluidez de la interpretaci\u00f3n simult\u00e1nea exige que los int\u00e9rpretes tengan una amplia experiencia y credenciales impecables. En Trusted Translations, nuestro equipo incluye int\u00e9rpretes simult\u00e1neos que han trabajado con las organizaciones de mejor reputaci\u00f3n de la comunidad internacional, incluida la ONU. Como tales, ya est\u00e1n familiarizados con los estrictos est\u00e1ndares de calidad de la interpretaci\u00f3n, as\u00ed como con temas de alto riesgo.\r\n\r\nLa interpretaci\u00f3n presencial simult\u00e1nea tambi\u00e9n se basa en cierto equipamiento especializado, lo que brinda tanto al int\u00e9rprete como a la audiencia, un audio claro y de calidad. Por ejemplo, los int\u00e9rpretes simult\u00e1neos suelen utilizar cabinas insonorizadas especialmente dise\u00f1adas, auriculares inal\u00e1mbricos, monitores de televisi\u00f3n y micr\u00f3fonos de primera l\u00ednea. Para obtener los mejores resultados, es importante trabajar con un equipo que pueda conectarlo con el equipamiento adecuado de fabricantes acreditados."},"shortcode-map":{"type":"textfield","raw":""},"dyk-shortcode":{"type":"textfield","raw":"[elementor-template id=\"139368\"]"},"text-2":{"type":"textarea","raw":"<h2>Por Qu\u00e9 Elegir la Interpretaci\u00f3n Simult\u00e1nea<\/h2>\r\nDebido a que la interpretaci\u00f3n simult\u00e1nea se desarrolla en tiempo real, tambi\u00e9n ahorra tiempo, lo que la convierte en la opci\u00f3n ideal para grandes conferencias y reuniones o exposiciones que involucran cantidades significativas de informaci\u00f3n. Para eventos con un gran n\u00famero de asistentes y varios idiomas en juego, la interpretaci\u00f3n simult\u00e1nea es la opci\u00f3n m\u00e1s eficiente: no es necesario esperar a que el discurso de cada orador se traduzca despu\u00e9s a decenas o cientos de idiomas diferentes.\r\n\r\nEn cuanto a las reuniones multiling\u00fces de car\u00e1cter m\u00e1s sensible, como las jur\u00eddicas, diplom\u00e1ticas o empresariales, la interpretaci\u00f3n simult\u00e1nea juega un papel clave, facilitando la comunicaci\u00f3n precisa, a menudo delicada y con matices, entre todos los interlocutores. Adem\u00e1s, a medida que el aumento de eventos virtuales o h\u00edbridos durante la pandemia ampli\u00f3 las audiencias a nuevos idiomas y lugares, adquirir una interpretaci\u00f3n precisa para futuros eventos resulta m\u00e1s importante que nunca.\r\n\r\n<em>Trusted Translations<\/em> cuenta con la tecnolog\u00eda especializada y los mejores int\u00e9rpretes para satisfacer sus necesidades de interpretaci\u00f3n simult\u00e1nea. Nuestros int\u00e9rpretes est\u00e1n altamente calificados y formados espec\u00edficamente en interpretaci\u00f3n simult\u00e1nea. Comun\u00edquese con nosotros para obtener m\u00e1s informaci\u00f3n sobre c\u00f3mo podemos ofrecer soluciones rentables para sus interpretaciones presenciales simult\u00e1neas."},"state":{"type":"textfield","raw":""},"city":{"type":"textarea","raw":[""]}}},"_links":{"self":[{"href":"https:\/\/www.trustedtranslations.com\/es\/wp-json\/wp\/v2\/pages\/153897","targetHints":{"allow":["GET"]}}],"collection":[{"href":"https:\/\/www.trustedtranslations.com\/es\/wp-json\/wp\/v2\/pages"}],"about":[{"href":"https:\/\/www.trustedtranslations.com\/es\/wp-json\/wp\/v2\/types\/page"}],"author":[{"embeddable":true,"href":"https:\/\/www.trustedtranslations.com\/es\/wp-json\/wp\/v2\/users\/1"}],"replies":[{"embeddable":true,"href":"https:\/\/www.trustedtranslations.com\/es\/wp-json\/wp\/v2\/comments?post=153897"}],"version-history":[{"count":0,"href":"https:\/\/www.trustedtranslations.com\/es\/wp-json\/wp\/v2\/pages\/153897\/revisions"}],"up":[{"embeddable":true,"href":"https:\/\/www.trustedtranslations.com\/es\/wp-json\/wp\/v2\/pages\/127135"}],"wp:featuredmedia":[{"embeddable":true,"href":"https:\/\/www.trustedtranslations.com\/es\/wp-json\/"}],"wp:attachment":[{"href":"https:\/\/www.trustedtranslations.com\/es\/wp-json\/wp\/v2\/media?parent=153897"}],"curies":[{"name":"wp","href":"https:\/\/api.w.org\/{rel}","templated":true}]}}