{"id":160957,"date":"2022-07-15T16:30:03","date_gmt":"2022-07-15T16:30:03","guid":{"rendered":"https:\/\/www.trustedtranslations.com\/servicios\/localizacion-de-aplicaciones\/android"},"modified":"2024-09-09T12:42:01","modified_gmt":"2024-09-09T15:42:01","slug":"android","status":"publish","type":"page","link":"https:\/\/www.trustedtranslations.com\/es\/servicios\/localizacion-de-aplicaciones\/android","title":{"rendered":"Android"},"content":{"rendered":"","protected":false},"excerpt":{"rendered":"","protected":false},"author":1,"featured_media":218295,"parent":127150,"menu_order":0,"comment_status":"closed","ping_status":"closed","template":"","meta":{"site-sidebar-layout":"default","site-content-layout":"default","ast-site-content-layout":"default","site-content-style":"default","site-sidebar-style":"default","ast-global-header-display":"","ast-banner-title-visibility":"","ast-main-header-display":"","ast-hfb-above-header-display":"","ast-hfb-below-header-display":"","ast-hfb-mobile-header-display":"","site-post-title":"disabled","ast-breadcrumbs-content":"","ast-featured-img":"","footer-sml-layout":"","ast-disable-related-posts":"","theme-transparent-header-meta":"default","adv-header-id-meta":"","stick-header-meta":"","header-above-stick-meta":"","header-main-stick-meta":"","header-below-stick-meta":"","astra-migrate-meta-layouts":"set","ast-page-background-enabled":"default","ast-page-background-meta":{"desktop":{"background-color":"var(--ast-global-color-4)","background-image":"","background-repeat":"repeat","background-position":"center center","background-size":"auto","background-attachment":"scroll","background-type":"","background-media":"","overlay-type":"","overlay-color":"","overlay-opacity":"","overlay-gradient":""},"tablet":{"background-color":"","background-image":"","background-repeat":"repeat","background-position":"center center","background-size":"auto","background-attachment":"scroll","background-type":"","background-media":"","overlay-type":"","overlay-color":"","overlay-opacity":"","overlay-gradient":""},"mobile":{"background-color":"","background-image":"","background-repeat":"repeat","background-position":"center center","background-size":"auto","background-attachment":"scroll","background-type":"","background-media":"","overlay-type":"","overlay-color":"","overlay-opacity":"","overlay-gradient":""}},"ast-content-background-meta":{"desktop":{"background-color":"var(--ast-global-color-5)","background-image":"","background-repeat":"repeat","background-position":"center center","background-size":"auto","background-attachment":"scroll","background-type":"","background-media":"","overlay-type":"","overlay-color":"","overlay-opacity":"","overlay-gradient":""},"tablet":{"background-color":"var(--ast-global-color-5)","background-image":"","background-repeat":"repeat","background-position":"center center","background-size":"auto","background-attachment":"scroll","background-type":"","background-media":"","overlay-type":"","overlay-color":"","overlay-opacity":"","overlay-gradient":""},"mobile":{"background-color":"var(--ast-global-color-5)","background-image":"","background-repeat":"repeat","background-position":"center center","background-size":"auto","background-attachment":"scroll","background-type":"","background-media":"","overlay-type":"","overlay-color":"","overlay-opacity":"","overlay-gradient":""}},"footnotes":""},"class_list":["post-160957","page","type-page","status-publish","has-post-thumbnail","hentry"],"yoast_head":"<!-- This site is optimized with the Yoast SEO plugin v27.5 - https:\/\/yoast.com\/product\/yoast-seo-wordpress\/ -->\n<title>Localizaci\u00f3n de Aplicaciones de Android: Trusted Translations, Inc.<\/title>\n<meta name=\"description\" content=\"Trusted Translations es un proveedor l\u00edder de servicios de localizaci\u00f3n de aplicaciones de Android. Traducimos y localizamos cualquier aplicaci\u00f3n m\u00f3vil para pr\u00e1cticamente cualquier mercado y dispositivo.\" \/>\n<meta name=\"robots\" content=\"index, follow, max-snippet:-1, max-image-preview:large, max-video-preview:-1\" \/>\n<link rel=\"canonical\" href=\"https:\/\/www.trustedtranslations.com\/es\/servicios\/localizacion-de-aplicaciones\/android\" \/>\n<meta property=\"og:locale\" content=\"es_ES\" \/>\n<meta property=\"og:type\" content=\"article\" \/>\n<meta property=\"og:title\" content=\"Localizaci\u00f3n de Aplicaciones de Android: Trusted Translations, Inc.\" \/>\n<meta property=\"og:description\" content=\"Trusted Translations es un proveedor l\u00edder de servicios de localizaci\u00f3n de aplicaciones de Android. Traducimos y localizamos cualquier aplicaci\u00f3n m\u00f3vil para pr\u00e1cticamente cualquier mercado y dispositivo.\" \/>\n<meta property=\"og:url\" content=\"https:\/\/www.trustedtranslations.com\/es\/servicios\/localizacion-de-aplicaciones\/android\" \/>\n<meta property=\"og:site_name\" content=\"Trusted Translations\" \/>\n<meta property=\"article:publisher\" content=\"https:\/\/www.facebook.com\/Trusted.Translations\" \/>\n<meta property=\"article:modified_time\" content=\"2024-09-09T15:42:01+00:00\" \/>\n<meta property=\"og:image\" content=\"https:\/\/www.trustedtranslations.com\/wp-content\/uploads\/2022\/06\/tt-logo-2-1.webp\" \/>\n\t<meta property=\"og:image:width\" content=\"216\" \/>\n\t<meta property=\"og:image:height\" content=\"94\" \/>\n\t<meta property=\"og:image:type\" content=\"image\/webp\" \/>\n<meta name=\"twitter:card\" content=\"summary_large_image\" \/>\n<meta name=\"twitter:site\" content=\"@TrustedT9ns\" \/>\n<script type=\"application\/ld+json\" class=\"yoast-schema-graph\">{\"@context\":\"https:\\\/\\\/schema.org\",\"@graph\":[{\"@type\":\"WebPage\",\"@id\":\"https:\\\/\\\/www.trustedtranslations.com\\\/es\\\/servicios\\\/localizacion-de-aplicaciones\\\/android\",\"url\":\"https:\\\/\\\/www.trustedtranslations.com\\\/es\\\/servicios\\\/localizacion-de-aplicaciones\\\/android\",\"name\":\"Localizaci\u00f3n de Aplicaciones de Android: Trusted Translations, Inc.\",\"isPartOf\":{\"@id\":\"https:\\\/\\\/www.trustedtranslations.com\\\/es\\\/#website\"},\"primaryImageOfPage\":{\"@id\":\"https:\\\/\\\/www.trustedtranslations.com\\\/es\\\/servicios\\\/localizacion-de-aplicaciones\\\/android#primaryimage\"},\"image\":{\"@id\":\"https:\\\/\\\/www.trustedtranslations.com\\\/es\\\/servicios\\\/localizacion-de-aplicaciones\\\/android#primaryimage\"},\"thumbnailUrl\":\"\",\"description\":\"Trusted Translations es un proveedor l\u00edder de servicios de localizaci\u00f3n de aplicaciones de Android. Traducimos y localizamos cualquier aplicaci\u00f3n m\u00f3vil para pr\u00e1cticamente cualquier mercado y dispositivo.\",\"breadcrumb\":{\"@id\":\"https:\\\/\\\/www.trustedtranslations.com\\\/es\\\/servicios\\\/localizacion-de-aplicaciones\\\/android#breadcrumb\"},\"inLanguage\":\"es\",\"potentialAction\":[{\"@type\":\"ReadAction\",\"target\":[\"https:\\\/\\\/www.trustedtranslations.com\\\/es\\\/servicios\\\/localizacion-de-aplicaciones\\\/android\"]}]},{\"@type\":\"ImageObject\",\"inLanguage\":\"es\",\"@id\":\"https:\\\/\\\/www.trustedtranslations.com\\\/es\\\/servicios\\\/localizacion-de-aplicaciones\\\/android#primaryimage\",\"url\":\"\",\"contentUrl\":\"\"},{\"@type\":\"BreadcrumbList\",\"@id\":\"https:\\\/\\\/www.trustedtranslations.com\\\/es\\\/servicios\\\/localizacion-de-aplicaciones\\\/android#breadcrumb\",\"itemListElement\":[{\"@type\":\"ListItem\",\"position\":1,\"name\":\"Home\",\"item\":\"https:\\\/\\\/www.trustedtranslations.com\\\/es\"},{\"@type\":\"ListItem\",\"position\":2,\"name\":\"Servicios\",\"item\":\"https:\\\/\\\/www.trustedtranslations.com\\\/es\\\/servicios\"},{\"@type\":\"ListItem\",\"position\":3,\"name\":\"Localizaci\u00f3n de Aplicaciones\",\"item\":\"https:\\\/\\\/www.trustedtranslations.com\\\/es\\\/servicios\\\/localizacion-de-aplicaciones\"},{\"@type\":\"ListItem\",\"position\":4,\"name\":\"Android\"}]},{\"@type\":\"WebSite\",\"@id\":\"https:\\\/\\\/www.trustedtranslations.com\\\/es\\\/#website\",\"url\":\"https:\\\/\\\/www.trustedtranslations.com\\\/es\\\/\",\"name\":\"Trusted Translations, Inc.\",\"description\":\"Leader in translation and interpretation services.\",\"publisher\":{\"@id\":\"https:\\\/\\\/www.trustedtranslations.com\\\/es\\\/#organization\"},\"alternateName\":\"Trusted Translations\",\"potentialAction\":[{\"@type\":\"SearchAction\",\"target\":{\"@type\":\"EntryPoint\",\"urlTemplate\":\"https:\\\/\\\/www.trustedtranslations.com\\\/es\\\/?s={search_term_string}\"},\"query-input\":{\"@type\":\"PropertyValueSpecification\",\"valueRequired\":true,\"valueName\":\"search_term_string\"}}],\"inLanguage\":\"es\"},{\"@type\":\"Organization\",\"@id\":\"https:\\\/\\\/www.trustedtranslations.com\\\/es\\\/#organization\",\"name\":\"Trusted Translations\",\"alternateName\":\"Trusted Translations, Inc.\",\"url\":\"https:\\\/\\\/www.trustedtranslations.com\\\/es\\\/\",\"logo\":{\"@type\":\"ImageObject\",\"inLanguage\":\"es\",\"@id\":\"https:\\\/\\\/www.trustedtranslations.com\\\/es\\\/#\\\/schema\\\/logo\\\/image\\\/\",\"url\":\"https:\\\/\\\/static.trustedtranslations.com\\\/wp-content\\\/uploads\\\/2022\\\/01\\\/TT_logo_WSIColors-2.png\",\"contentUrl\":\"https:\\\/\\\/static.trustedtranslations.com\\\/wp-content\\\/uploads\\\/2022\\\/01\\\/TT_logo_WSIColors-2.png\",\"width\":500,\"height\":196,\"caption\":\"Trusted Translations\"},\"image\":{\"@id\":\"https:\\\/\\\/www.trustedtranslations.com\\\/es\\\/#\\\/schema\\\/logo\\\/image\\\/\"},\"sameAs\":[\"https:\\\/\\\/www.facebook.com\\\/Trusted.Translations\",\"https:\\\/\\\/x.com\\\/TrustedT9ns\",\"https:\\\/\\\/www.linkedin.com\\\/company\\\/trusted-translations\"]}]}<\/script>\n<!-- \/ Yoast SEO plugin. -->","yoast_head_json":{"title":"Localizaci\u00f3n de Aplicaciones de Android: Trusted Translations, Inc.","description":"Trusted Translations es un proveedor l\u00edder de servicios de localizaci\u00f3n de aplicaciones de Android. Traducimos y localizamos cualquier aplicaci\u00f3n m\u00f3vil para pr\u00e1cticamente cualquier mercado y dispositivo.","robots":{"index":"index","follow":"follow","max-snippet":"max-snippet:-1","max-image-preview":"max-image-preview:large","max-video-preview":"max-video-preview:-1"},"canonical":"https:\/\/www.trustedtranslations.com\/es\/servicios\/localizacion-de-aplicaciones\/android","og_locale":"es_ES","og_type":"article","og_title":"Localizaci\u00f3n de Aplicaciones de Android: Trusted Translations, Inc.","og_description":"Trusted Translations es un proveedor l\u00edder de servicios de localizaci\u00f3n de aplicaciones de Android. Traducimos y localizamos cualquier aplicaci\u00f3n m\u00f3vil para pr\u00e1cticamente cualquier mercado y dispositivo.","og_url":"https:\/\/www.trustedtranslations.com\/es\/servicios\/localizacion-de-aplicaciones\/android","og_site_name":"Trusted Translations","article_publisher":"https:\/\/www.facebook.com\/Trusted.Translations","article_modified_time":"2024-09-09T15:42:01+00:00","og_image":[{"width":216,"height":94,"url":"https:\/\/www.trustedtranslations.com\/wp-content\/uploads\/2022\/06\/tt-logo-2-1.webp","type":"image\/webp"}],"twitter_card":"summary_large_image","twitter_site":"@TrustedT9ns","schema":{"@context":"https:\/\/schema.org","@graph":[{"@type":"WebPage","@id":"https:\/\/www.trustedtranslations.com\/es\/servicios\/localizacion-de-aplicaciones\/android","url":"https:\/\/www.trustedtranslations.com\/es\/servicios\/localizacion-de-aplicaciones\/android","name":"Localizaci\u00f3n de Aplicaciones de Android: Trusted Translations, Inc.","isPartOf":{"@id":"https:\/\/www.trustedtranslations.com\/es\/#website"},"primaryImageOfPage":{"@id":"https:\/\/www.trustedtranslations.com\/es\/servicios\/localizacion-de-aplicaciones\/android#primaryimage"},"image":{"@id":"https:\/\/www.trustedtranslations.com\/es\/servicios\/localizacion-de-aplicaciones\/android#primaryimage"},"thumbnailUrl":"","description":"Trusted Translations es un proveedor l\u00edder de servicios de localizaci\u00f3n de aplicaciones de Android. Traducimos y localizamos cualquier aplicaci\u00f3n m\u00f3vil para pr\u00e1cticamente cualquier mercado y dispositivo.","breadcrumb":{"@id":"https:\/\/www.trustedtranslations.com\/es\/servicios\/localizacion-de-aplicaciones\/android#breadcrumb"},"inLanguage":"es","potentialAction":[{"@type":"ReadAction","target":["https:\/\/www.trustedtranslations.com\/es\/servicios\/localizacion-de-aplicaciones\/android"]}]},{"@type":"ImageObject","inLanguage":"es","@id":"https:\/\/www.trustedtranslations.com\/es\/servicios\/localizacion-de-aplicaciones\/android#primaryimage","url":"","contentUrl":""},{"@type":"BreadcrumbList","@id":"https:\/\/www.trustedtranslations.com\/es\/servicios\/localizacion-de-aplicaciones\/android#breadcrumb","itemListElement":[{"@type":"ListItem","position":1,"name":"Home","item":"https:\/\/www.trustedtranslations.com\/es"},{"@type":"ListItem","position":2,"name":"Servicios","item":"https:\/\/www.trustedtranslations.com\/es\/servicios"},{"@type":"ListItem","position":3,"name":"Localizaci\u00f3n de Aplicaciones","item":"https:\/\/www.trustedtranslations.com\/es\/servicios\/localizacion-de-aplicaciones"},{"@type":"ListItem","position":4,"name":"Android"}]},{"@type":"WebSite","@id":"https:\/\/www.trustedtranslations.com\/es\/#website","url":"https:\/\/www.trustedtranslations.com\/es\/","name":"Trusted Translations, Inc.","description":"Leader in translation and interpretation services.","publisher":{"@id":"https:\/\/www.trustedtranslations.com\/es\/#organization"},"alternateName":"Trusted Translations","potentialAction":[{"@type":"SearchAction","target":{"@type":"EntryPoint","urlTemplate":"https:\/\/www.trustedtranslations.com\/es\/?s={search_term_string}"},"query-input":{"@type":"PropertyValueSpecification","valueRequired":true,"valueName":"search_term_string"}}],"inLanguage":"es"},{"@type":"Organization","@id":"https:\/\/www.trustedtranslations.com\/es\/#organization","name":"Trusted Translations","alternateName":"Trusted Translations, Inc.","url":"https:\/\/www.trustedtranslations.com\/es\/","logo":{"@type":"ImageObject","inLanguage":"es","@id":"https:\/\/www.trustedtranslations.com\/es\/#\/schema\/logo\/image\/","url":"https:\/\/static.trustedtranslations.com\/wp-content\/uploads\/2022\/01\/TT_logo_WSIColors-2.png","contentUrl":"https:\/\/static.trustedtranslations.com\/wp-content\/uploads\/2022\/01\/TT_logo_WSIColors-2.png","width":500,"height":196,"caption":"Trusted Translations"},"image":{"@id":"https:\/\/www.trustedtranslations.com\/es\/#\/schema\/logo\/image\/"},"sameAs":["https:\/\/www.facebook.com\/Trusted.Translations","https:\/\/x.com\/TrustedT9ns","https:\/\/www.linkedin.com\/company\/trusted-translations"]}]}},"toolset-meta":{"dyk":{"mensaje-1":{"type":"textfield","raw":"El mercado latinoamericano est\u00e1 dominado por los juegos para dispositivos m\u00f3viles."},"mensaje-2":{"type":"textfield","raw":"Android es el sistema de tel\u00e9fonos inteligentes m\u00e1s popular del mundo."},"mensaje-3":{"type":"textfield","raw":"En m\u00e1s de una docena de mercados internacionales, los consumidores pasan de 4 a 5 horas al d\u00eda con aplicaciones m\u00f3viles."},"mensaje-4":{"type":"textfield","raw":"Para 2023, se espera que los usuarios gasten 60,000 millones de d\u00f3lares en Google Play Store."},"mensaje-5":{"type":"textfield","raw":""},"mensaje-6":{"type":"textfield","raw":""}},"single-page-template-fields":{"imgs-temp":{"type":"image","raw":["https:\/\/static.trustedtranslations.com\/wp-content\/uploads\/2024\/05\/android-apps-3-1.webp","https:\/\/static.trustedtranslations.com\/wp-content\/uploads\/2024\/07\/ios-localizatioon-2-1.webp"],"repeatable":[{"raw":"https:\/\/static.trustedtranslations.com\/wp-content\/uploads\/2024\/05\/android-apps-3-1.webp"},{"raw":"https:\/\/static.trustedtranslations.com\/wp-content\/uploads\/2024\/07\/ios-localizatioon-2-1.webp"}]},"imgs-temp-cel":{"type":"image","raw":[""],"repeatable":[{"raw":""}]},"img-temp-one-cel":{"type":"image","raw":"https:\/\/static.trustedtranslations.com\/wp-content\/uploads\/2024\/05\/shutterstock_1391584058-2-1.webp","attachment_id":null},"quotes":{"type":"textarea","raw":"<h1 style=\"margin-bottom: 12px;\">Localizaci\u00f3n de Aplicaciones de Android<\/h1>\r\n\u00bfEst\u00e1 listo para llevar su aplicaci\u00f3n de Android al siguiente nivel? <em>Trusted Translations<\/em> se complacer\u00e1 en ayudarlo a localizar su aplicaci\u00f3n para llegar a audiencias de usuarios m\u00e1s amplias y variadas en todo el mundo.\r\n<div style=\"margin-top: 2.5vw;\"><a class=\"tt-btn-main-cta\" href=\"https:\/\/www.trustedtranslations.com\/es\/presupuesto-sin-cargo\">Solicite un presupuesto sin cargo<\/a><\/div>"},"text-1":{"type":"textarea","raw":"<h2>Trusted Translations: Uno de los tres Proveedores de Servicios de Localizaci\u00f3n para Traducci\u00f3n Experta de Aplicaciones mediante Google Play Console<\/h2><em>Trusted Translations<\/em> es uno de los tres \u00fanicos proveedores de servicios de localizaci\u00f3n (LSP, por sus siglas en ingl\u00e9s) que ofrece traducci\u00f3n especializada en aplicaciones a trav\u00e9s de Google Play Developer Console. Ya sea que la idea de la localizaci\u00f3n de aplicaciones de Android le resulte completamente nueva o que sea un experto que busca nuevas ideas, tenemos lo que necesita.\r\n<h2>Por Qu\u00e9 Es Importante la Localizaci\u00f3n de Aplicaciones de Android<\/h2>\r\nOlv\u00eddese de una porci\u00f3n de \u201c<a href=\"https:\/\/www.trustedtranslations.com\/es\/servicios\/localizacion-de-aplicaciones\/ios\" rel=\"noopener\">Apple<\/a>\u201d: Android posee casi todo el pastel. Con un sistema operativo m\u00f3vil de c\u00f3digo abierto que se ejecuta en varios dispositivos y en numerosas regiones, Android es el sistema operativo de tel\u00e9fonos inteligentes m\u00e1s popular del mundo, con una participaci\u00f3n de mercado de m\u00e1s del 70%. Tambi\u00e9n cuenta con el respaldo de la tienda de aplicaciones m\u00e1s grande del mundo, Google Play Store, que ofrece m\u00e1s de 3.4 millones de aplicaciones.\r\n\r\n\u00bfC\u00f3mo puede una empresa distinguir sus aplicaciones de las de la competencia en un sector tan amplio? La respuesta es: mediante la <a href=\"https:\/\/www.trustedtranslations.com\/es\/servicios\/localizacion-de-aplicaciones\" rel=\"noopener\">localizaci\u00f3n de aplicaciones<\/a>.\r\n\r\nPara aprovechar la creciente popularidad global de Android, sus aplicaciones deben estar localizadas para regiones espec\u00edficas. Por ejemplo, Am\u00e9rica Latina es un mercado en el que predominan los juegos para dispositivos m\u00f3viles, con ingresos de 3,500 millones de d\u00f3lares, en el que la mayor\u00eda de los usuarios acceden a los juegos a trav\u00e9s de sus tel\u00e9fonos.\r\n\r\nDe hecho, las investigaciones han demostrado que la mayor\u00eda de los consumidores prefieren comprar en su propio idioma, especialmente cuando las empresas se esfuerzan por agregar funciones localizadas, como la divisa y soporte espec\u00edfico del pa\u00eds. Mercados como estos presentan una oportunidad incre\u00edble para aplicaciones localizadas diligentemente.\r\n<h2>C\u00f3mo Funciona la Localizaci\u00f3n de Aplicaciones<\/h2>\r\n\u00bfEn qu\u00e9 se diferencia la localizaci\u00f3n de la traducci\u00f3n normal? Es el paso que le da esa milla de ventaja (o kil\u00f3metro, seg\u00fan su pa\u00eds).\r\n\r\nLa localizaci\u00f3n es el proceso de adaptar su aplicaci\u00f3n para que se ajuste al idioma, la cultura y los matices de usabilidad de una regi\u00f3n espec\u00edfica. Es crucial para prevenir errores en la experiencia del usuario y obtener una base de clientes leales. Por ejemplo, si est\u00e1 acostumbrado a las fechas escritas en formato \u201cmes-d\u00eda\u201d, no es probable que compre la aplicaci\u00f3n de una aerol\u00ednea que solo use \u201cd\u00eda-mes\u201d.\r\n\r\n<img class=\"alignleft wp-image-157687\" src=\"https:\/\/static.trustedtranslations.com\/wp-content\/uploads\/2022\/08\/android-operating-system-logo-with-3d-smartphone-1-1-1.jpg\" alt=\"\" width=\"550\" height=\"430\" \/>Android ofrece una lista de verificaci\u00f3n de localizaci\u00f3n para ayudarlo a maximizar el potencial de distribuci\u00f3n de su aplicaci\u00f3n. Como puede ver, la localizaci\u00f3n comprende contenido de texto, archivos de audio y video, sistemas de medici\u00f3n, formatos de fecha y hora, divisas, gr\u00e1ficos, recursos de aplicaciones predeterminados, cadenas de texto y m\u00e1s. El objetivo es hacer que cada funci\u00f3n de su aplicaci\u00f3n, desde el contenido hasta la interfaz y la asistencia al usuario, sea perfecta para el nuevo mercado en cuesti\u00f3n.\r\n\r\nLa localizaci\u00f3n tambi\u00e9n es una tarea de varias etapas, desde la investigaci\u00f3n de los idiomas de destino y las configuraciones regionales hasta el dise\u00f1o y la gesti\u00f3n de cadenas de interfaz de usuario, pasando por la traducci\u00f3n, las pruebas y el lanzamiento. Es especialmente importante elaborar una estrategia ling\u00fc\u00edstica que se base en la estrategia de mercado. <em>Trusted Translations<\/em> puede evaluar qu\u00e9 idiomas son clave para su regi\u00f3n de destino y c\u00f3mo las tendencias del mercado deber\u00edan informar su proceso de localizaci\u00f3n.\r\n\r\nDada la complejidad de la localizaci\u00f3n, debe ser continua, es decir, debe estar presente durante todo el ciclo de dise\u00f1o, desarrollo, entrega y prueba. Con <em>Trusted Translations<\/em>, no tiene que ser un desarrollador web o un ling\u00fcista de primer nivel para producir aplicaciones estelares. Nuestros expertos est\u00e1n listos para guiarlo en cada etapa de este proceso de m\u00faltiples capas."},"shortcode-map":{"type":"textfield","raw":""},"dyk-shortcode":{"type":"textfield","raw":"[elementor-template id=\"139368\"]"},"text-2":{"type":"textarea","raw":"<h2>Traducci\u00f3n Humana y Localizaci\u00f3n de Aplicaciones<\/h2>\r\nSi bien las herramientas de traducci\u00f3n autom\u00e1tica, como Google Translate, funcionan bien con algunos tipos de documentos, el texto de la interfaz de usuario (UI) depende en gran medida del contexto. Sin un interlocutor humano real que hable con fluidez el idioma y conozca la cultura de destino, es dif\u00edcil lograr la precisi\u00f3n; sin precisi\u00f3n, su aplicaci\u00f3n no ofrecer\u00e1 usabilidad.\r\n\r\nLa localizaci\u00f3n a\u00f1ade el toque humano que resulta clave para el \u00e9xito. Cuando una palabra en alem\u00e1n se convierta en cinco palabras al ser traducida al ingl\u00e9s, \u00bfse quedar\u00e1 sin espacio en la pantalla? \u00bfUn chiste contado en Espa\u00f1a ofender\u00e1 sin querer a alguien en M\u00e9xico? Es necesario un equipo humano que combine la fluidez ling\u00fc\u00edstica con el conocimiento de la cultura y la industria, especialmente para regiones con una gran variedad de dialectos, como Am\u00e9rica Latina.\r\n<h2>Servicios de Localizaci\u00f3n de <em>Trusted Translations<\/em><\/h2>\r\n<em><a href=\"https:\/\/trustedtranslations.com\/es\" rel=\"noopener\">Trusted Translations<\/a><\/em> puede ayudarlo en cada paso del camino, desde cadenas hasta Listados de Tiendas y productos de compra en la aplicaci\u00f3n. No importa el tama\u00f1o de su empresa, tenemos los conocimientos t\u00e9cnicos y ling\u00fc\u00edsticos comprobados para localizar su aplicaci\u00f3n a cientos de idiomas.\r\n\r\n<em>Trusted Translations<\/em> se distingue por los servicios especializados que ofrecemos m\u00e1s all\u00e1 de la simple localizaci\u00f3n, desde el principio hasta el final del lanzamiento exitoso de una aplicaci\u00f3n.\r\n\r\nPor ejemplo, mientras desarrolla su producto y estrategia de localizaci\u00f3n, compartiremos desde el comienzo nuestros amplios conocimientos en desarrollo de aplicaciones e investigaci\u00f3n de mercado. Luego lo prepararemos para el \u00e9xito mediante la realizaci\u00f3n de pruebas de usabilidad en su pa\u00eds de destino, as\u00ed como la validaci\u00f3n de la aplicaci\u00f3n. Probar su aplicaci\u00f3n localizada para diferentes mercados le permite solucionar cualquier problema antes de su lanzamiento oficial para que ahorre tiempo y dinero.\r\n\r\n<img class=\"wp-image-157702 alignright\" src=\"https:\/\/static.trustedtranslations.com\/wp-content\/uploads\/2022\/08\/business-hand-with-mobile-phone-1-1-300x200.jpg\" alt=\"\" width=\"500\" height=\"334\" \/>Tambi\u00e9n pretendemos proporcionar un proceso de localizaci\u00f3n continuo que no termine el d\u00eda del lanzamiento. Como parte de esto, podemos proporcionar seguimiento de errores y soporte para lanzamientos de env\u00edo simult\u00e1neos (<i>simship<\/i>). Con este tipo de lanzamiento, introducir\u00e1 su producto en todos los mercados de destino a la vez, tanto en su propio pa\u00eds como en el mundo, en los idiomas correspondientes. <em>Trusted Translations<\/em> puede asegurarse de que sus lanzamientos sean consistentes en todos los mercados y plataformas, lo que generar\u00e1 m\u00e1s ingresos globales.\r\n\r\nFinalmente, podemos ayudarlo a localizar el contenido que no sea adecuado para Google Console, como documentos adicionales o piezas de comunicaci\u00f3n de <i>marketing<\/i>. Independientemente de lo que implique su proyecto, en<em>Trusted Translations<\/em> estamos listos para aprovechar nuestros conocimientos en numerosas \u00e1reas, como contenido web, subtitulado, doblaje y otros servicios multimedia.\r\n\r\nNuestro vers\u00e1til equipo de servicio integral crear\u00e1 soluciones de alta calidad para todas sus necesidades <a href=\"https:\/\/www.trustedtranslations.com\/es\/servicios\/localizacion-de-aplicaciones\" rel=\"noopener\">de localizaci\u00f3n de aplicaciones<\/a> de Android. P\u00f3ngase en contacto con <em>Trusted Translations<\/em> hoy mismo para obtener m\u00e1s informaci\u00f3n."},"state":{"type":"textfield","raw":""},"city":{"type":"textarea","raw":[]}}},"_links":{"self":[{"href":"https:\/\/www.trustedtranslations.com\/es\/wp-json\/wp\/v2\/pages\/160957","targetHints":{"allow":["GET"]}}],"collection":[{"href":"https:\/\/www.trustedtranslations.com\/es\/wp-json\/wp\/v2\/pages"}],"about":[{"href":"https:\/\/www.trustedtranslations.com\/es\/wp-json\/wp\/v2\/types\/page"}],"author":[{"embeddable":true,"href":"https:\/\/www.trustedtranslations.com\/es\/wp-json\/wp\/v2\/users\/1"}],"replies":[{"embeddable":true,"href":"https:\/\/www.trustedtranslations.com\/es\/wp-json\/wp\/v2\/comments?post=160957"}],"version-history":[{"count":0,"href":"https:\/\/www.trustedtranslations.com\/es\/wp-json\/wp\/v2\/pages\/160957\/revisions"}],"up":[{"embeddable":true,"href":"https:\/\/www.trustedtranslations.com\/es\/wp-json\/wp\/v2\/pages\/127150"}],"wp:featuredmedia":[{"embeddable":true,"href":"https:\/\/www.trustedtranslations.com\/es\/wp-json\/"}],"wp:attachment":[{"href":"https:\/\/www.trustedtranslations.com\/es\/wp-json\/wp\/v2\/media?parent=160957"}],"curies":[{"name":"wp","href":"https:\/\/api.w.org\/{rel}","templated":true}]}}