{"id":161705,"date":"2022-10-18T00:11:12","date_gmt":"2022-10-18T00:11:12","guid":{"rendered":"https:\/\/www.trustedtranslations.com\/?page_id=161705"},"modified":"2024-09-09T14:52:15","modified_gmt":"2024-09-09T17:52:15","slug":"redaccion-creativa","status":"publish","type":"page","link":"https:\/\/www.trustedtranslations.com\/es\/servicios\/contenido-multilingue\/redaccion-creativa","title":{"rendered":"Redacci\u00f3n Creativa"},"content":{"rendered":"","protected":false},"excerpt":{"rendered":"","protected":false},"author":1,"featured_media":218295,"parent":161701,"menu_order":0,"comment_status":"closed","ping_status":"closed","template":"","meta":{"site-sidebar-layout":"default","site-content-layout":"default","ast-site-content-layout":"default","site-content-style":"default","site-sidebar-style":"default","ast-global-header-display":"","ast-banner-title-visibility":"","ast-main-header-display":"","ast-hfb-above-header-display":"","ast-hfb-below-header-display":"","ast-hfb-mobile-header-display":"","site-post-title":"disabled","ast-breadcrumbs-content":"","ast-featured-img":"","footer-sml-layout":"","ast-disable-related-posts":"","theme-transparent-header-meta":"default","adv-header-id-meta":"","stick-header-meta":"","header-above-stick-meta":"","header-main-stick-meta":"","header-below-stick-meta":"","astra-migrate-meta-layouts":"set","ast-page-background-enabled":"default","ast-page-background-meta":{"desktop":{"background-color":"var(--ast-global-color-4)","background-image":"","background-repeat":"repeat","background-position":"center center","background-size":"auto","background-attachment":"scroll","background-type":"","background-media":"","overlay-type":"","overlay-color":"","overlay-opacity":"","overlay-gradient":""},"tablet":{"background-color":"","background-image":"","background-repeat":"repeat","background-position":"center center","background-size":"auto","background-attachment":"scroll","background-type":"","background-media":"","overlay-type":"","overlay-color":"","overlay-opacity":"","overlay-gradient":""},"mobile":{"background-color":"","background-image":"","background-repeat":"repeat","background-position":"center center","background-size":"auto","background-attachment":"scroll","background-type":"","background-media":"","overlay-type":"","overlay-color":"","overlay-opacity":"","overlay-gradient":""}},"ast-content-background-meta":{"desktop":{"background-color":"var(--ast-global-color-5)","background-image":"","background-repeat":"repeat","background-position":"center center","background-size":"auto","background-attachment":"scroll","background-type":"","background-media":"","overlay-type":"","overlay-color":"","overlay-opacity":"","overlay-gradient":""},"tablet":{"background-color":"var(--ast-global-color-5)","background-image":"","background-repeat":"repeat","background-position":"center center","background-size":"auto","background-attachment":"scroll","background-type":"","background-media":"","overlay-type":"","overlay-color":"","overlay-opacity":"","overlay-gradient":""},"mobile":{"background-color":"var(--ast-global-color-5)","background-image":"","background-repeat":"repeat","background-position":"center center","background-size":"auto","background-attachment":"scroll","background-type":"","background-media":"","overlay-type":"","overlay-color":"","overlay-opacity":"","overlay-gradient":""}},"footnotes":""},"class_list":["post-161705","page","type-page","status-publish","has-post-thumbnail","hentry"],"yoast_head":"<!-- This site is optimized with the Yoast SEO plugin v27.5 - https:\/\/yoast.com\/product\/yoast-seo-wordpress\/ -->\n<title>Redacci\u00f3n Creativa Multiling\u00fce: Trusted Translations, Inc.<\/title>\n<meta name=\"description\" content=\"En Trusted Translations, nuestros redactores expertos brindan redacci\u00f3n creativa en m\u00faltiples g\u00e9neros e idiomas.\" \/>\n<meta name=\"robots\" content=\"index, follow, max-snippet:-1, max-image-preview:large, max-video-preview:-1\" \/>\n<link rel=\"canonical\" href=\"https:\/\/www.trustedtranslations.com\/es\/servicios\/contenido-multilingue\/redaccion-creativa\" \/>\n<meta property=\"og:locale\" content=\"es_ES\" \/>\n<meta property=\"og:type\" content=\"article\" \/>\n<meta property=\"og:title\" content=\"Redacci\u00f3n Creativa Multiling\u00fce: Trusted Translations, Inc.\" \/>\n<meta property=\"og:description\" content=\"En Trusted Translations, nuestros redactores expertos brindan redacci\u00f3n creativa en m\u00faltiples g\u00e9neros e idiomas.\" \/>\n<meta property=\"og:url\" content=\"https:\/\/www.trustedtranslations.com\/es\/servicios\/contenido-multilingue\/redaccion-creativa\" \/>\n<meta property=\"og:site_name\" content=\"Trusted Translations\" \/>\n<meta property=\"article:publisher\" content=\"https:\/\/www.facebook.com\/Trusted.Translations\" \/>\n<meta property=\"article:modified_time\" content=\"2024-09-09T17:52:15+00:00\" \/>\n<meta property=\"og:image\" content=\"https:\/\/www.trustedtranslations.com\/wp-content\/uploads\/2022\/06\/tt-logo-2-1.webp\" \/>\n\t<meta property=\"og:image:width\" content=\"216\" \/>\n\t<meta property=\"og:image:height\" content=\"94\" \/>\n\t<meta property=\"og:image:type\" content=\"image\/webp\" \/>\n<meta name=\"twitter:card\" content=\"summary_large_image\" \/>\n<meta name=\"twitter:site\" content=\"@TrustedT9ns\" \/>\n<script type=\"application\/ld+json\" class=\"yoast-schema-graph\">{\"@context\":\"https:\\\/\\\/schema.org\",\"@graph\":[{\"@type\":\"WebPage\",\"@id\":\"https:\\\/\\\/www.trustedtranslations.com\\\/es\\\/servicios\\\/contenido-multilingue\\\/redaccion-creativa\",\"url\":\"https:\\\/\\\/www.trustedtranslations.com\\\/es\\\/servicios\\\/contenido-multilingue\\\/redaccion-creativa\",\"name\":\"Redacci\u00f3n Creativa Multiling\u00fce: Trusted Translations, Inc.\",\"isPartOf\":{\"@id\":\"https:\\\/\\\/www.trustedtranslations.com\\\/es\\\/#website\"},\"primaryImageOfPage\":{\"@id\":\"https:\\\/\\\/www.trustedtranslations.com\\\/es\\\/servicios\\\/contenido-multilingue\\\/redaccion-creativa#primaryimage\"},\"image\":{\"@id\":\"https:\\\/\\\/www.trustedtranslations.com\\\/es\\\/servicios\\\/contenido-multilingue\\\/redaccion-creativa#primaryimage\"},\"thumbnailUrl\":\"\",\"description\":\"En Trusted Translations, nuestros redactores expertos brindan redacci\u00f3n creativa en m\u00faltiples g\u00e9neros e idiomas.\",\"breadcrumb\":{\"@id\":\"https:\\\/\\\/www.trustedtranslations.com\\\/es\\\/servicios\\\/contenido-multilingue\\\/redaccion-creativa#breadcrumb\"},\"inLanguage\":\"es\",\"potentialAction\":[{\"@type\":\"ReadAction\",\"target\":[\"https:\\\/\\\/www.trustedtranslations.com\\\/es\\\/servicios\\\/contenido-multilingue\\\/redaccion-creativa\"]}]},{\"@type\":\"ImageObject\",\"inLanguage\":\"es\",\"@id\":\"https:\\\/\\\/www.trustedtranslations.com\\\/es\\\/servicios\\\/contenido-multilingue\\\/redaccion-creativa#primaryimage\",\"url\":\"\",\"contentUrl\":\"\"},{\"@type\":\"BreadcrumbList\",\"@id\":\"https:\\\/\\\/www.trustedtranslations.com\\\/es\\\/servicios\\\/contenido-multilingue\\\/redaccion-creativa#breadcrumb\",\"itemListElement\":[{\"@type\":\"ListItem\",\"position\":1,\"name\":\"Home\",\"item\":\"https:\\\/\\\/www.trustedtranslations.com\\\/es\"},{\"@type\":\"ListItem\",\"position\":2,\"name\":\"Servicios\",\"item\":\"https:\\\/\\\/www.trustedtranslations.com\\\/es\\\/servicios\"},{\"@type\":\"ListItem\",\"position\":3,\"name\":\"Contenido Multiling\u00fce\",\"item\":\"https:\\\/\\\/www.trustedtranslations.com\\\/es\\\/servicios\\\/contenido-multilingue\"},{\"@type\":\"ListItem\",\"position\":4,\"name\":\"Redacci\u00f3n Creativa\"}]},{\"@type\":\"WebSite\",\"@id\":\"https:\\\/\\\/www.trustedtranslations.com\\\/es\\\/#website\",\"url\":\"https:\\\/\\\/www.trustedtranslations.com\\\/es\\\/\",\"name\":\"Trusted Translations, Inc.\",\"description\":\"Leader in translation and interpretation services.\",\"publisher\":{\"@id\":\"https:\\\/\\\/www.trustedtranslations.com\\\/es\\\/#organization\"},\"alternateName\":\"Trusted Translations\",\"potentialAction\":[{\"@type\":\"SearchAction\",\"target\":{\"@type\":\"EntryPoint\",\"urlTemplate\":\"https:\\\/\\\/www.trustedtranslations.com\\\/es\\\/?s={search_term_string}\"},\"query-input\":{\"@type\":\"PropertyValueSpecification\",\"valueRequired\":true,\"valueName\":\"search_term_string\"}}],\"inLanguage\":\"es\"},{\"@type\":\"Organization\",\"@id\":\"https:\\\/\\\/www.trustedtranslations.com\\\/es\\\/#organization\",\"name\":\"Trusted Translations\",\"alternateName\":\"Trusted Translations, Inc.\",\"url\":\"https:\\\/\\\/www.trustedtranslations.com\\\/es\\\/\",\"logo\":{\"@type\":\"ImageObject\",\"inLanguage\":\"es\",\"@id\":\"https:\\\/\\\/www.trustedtranslations.com\\\/es\\\/#\\\/schema\\\/logo\\\/image\\\/\",\"url\":\"https:\\\/\\\/static.trustedtranslations.com\\\/wp-content\\\/uploads\\\/2022\\\/01\\\/TT_logo_WSIColors-2.png\",\"contentUrl\":\"https:\\\/\\\/static.trustedtranslations.com\\\/wp-content\\\/uploads\\\/2022\\\/01\\\/TT_logo_WSIColors-2.png\",\"width\":500,\"height\":196,\"caption\":\"Trusted Translations\"},\"image\":{\"@id\":\"https:\\\/\\\/www.trustedtranslations.com\\\/es\\\/#\\\/schema\\\/logo\\\/image\\\/\"},\"sameAs\":[\"https:\\\/\\\/www.facebook.com\\\/Trusted.Translations\",\"https:\\\/\\\/x.com\\\/TrustedT9ns\",\"https:\\\/\\\/www.linkedin.com\\\/company\\\/trusted-translations\"]}]}<\/script>\n<!-- \/ Yoast SEO plugin. -->","yoast_head_json":{"title":"Redacci\u00f3n Creativa Multiling\u00fce: Trusted Translations, Inc.","description":"En Trusted Translations, nuestros redactores expertos brindan redacci\u00f3n creativa en m\u00faltiples g\u00e9neros e idiomas.","robots":{"index":"index","follow":"follow","max-snippet":"max-snippet:-1","max-image-preview":"max-image-preview:large","max-video-preview":"max-video-preview:-1"},"canonical":"https:\/\/www.trustedtranslations.com\/es\/servicios\/contenido-multilingue\/redaccion-creativa","og_locale":"es_ES","og_type":"article","og_title":"Redacci\u00f3n Creativa Multiling\u00fce: Trusted Translations, Inc.","og_description":"En Trusted Translations, nuestros redactores expertos brindan redacci\u00f3n creativa en m\u00faltiples g\u00e9neros e idiomas.","og_url":"https:\/\/www.trustedtranslations.com\/es\/servicios\/contenido-multilingue\/redaccion-creativa","og_site_name":"Trusted Translations","article_publisher":"https:\/\/www.facebook.com\/Trusted.Translations","article_modified_time":"2024-09-09T17:52:15+00:00","og_image":[{"width":216,"height":94,"url":"https:\/\/www.trustedtranslations.com\/wp-content\/uploads\/2022\/06\/tt-logo-2-1.webp","type":"image\/webp"}],"twitter_card":"summary_large_image","twitter_site":"@TrustedT9ns","schema":{"@context":"https:\/\/schema.org","@graph":[{"@type":"WebPage","@id":"https:\/\/www.trustedtranslations.com\/es\/servicios\/contenido-multilingue\/redaccion-creativa","url":"https:\/\/www.trustedtranslations.com\/es\/servicios\/contenido-multilingue\/redaccion-creativa","name":"Redacci\u00f3n Creativa Multiling\u00fce: Trusted Translations, Inc.","isPartOf":{"@id":"https:\/\/www.trustedtranslations.com\/es\/#website"},"primaryImageOfPage":{"@id":"https:\/\/www.trustedtranslations.com\/es\/servicios\/contenido-multilingue\/redaccion-creativa#primaryimage"},"image":{"@id":"https:\/\/www.trustedtranslations.com\/es\/servicios\/contenido-multilingue\/redaccion-creativa#primaryimage"},"thumbnailUrl":"","description":"En Trusted Translations, nuestros redactores expertos brindan redacci\u00f3n creativa en m\u00faltiples g\u00e9neros e idiomas.","breadcrumb":{"@id":"https:\/\/www.trustedtranslations.com\/es\/servicios\/contenido-multilingue\/redaccion-creativa#breadcrumb"},"inLanguage":"es","potentialAction":[{"@type":"ReadAction","target":["https:\/\/www.trustedtranslations.com\/es\/servicios\/contenido-multilingue\/redaccion-creativa"]}]},{"@type":"ImageObject","inLanguage":"es","@id":"https:\/\/www.trustedtranslations.com\/es\/servicios\/contenido-multilingue\/redaccion-creativa#primaryimage","url":"","contentUrl":""},{"@type":"BreadcrumbList","@id":"https:\/\/www.trustedtranslations.com\/es\/servicios\/contenido-multilingue\/redaccion-creativa#breadcrumb","itemListElement":[{"@type":"ListItem","position":1,"name":"Home","item":"https:\/\/www.trustedtranslations.com\/es"},{"@type":"ListItem","position":2,"name":"Servicios","item":"https:\/\/www.trustedtranslations.com\/es\/servicios"},{"@type":"ListItem","position":3,"name":"Contenido Multiling\u00fce","item":"https:\/\/www.trustedtranslations.com\/es\/servicios\/contenido-multilingue"},{"@type":"ListItem","position":4,"name":"Redacci\u00f3n Creativa"}]},{"@type":"WebSite","@id":"https:\/\/www.trustedtranslations.com\/es\/#website","url":"https:\/\/www.trustedtranslations.com\/es\/","name":"Trusted Translations, Inc.","description":"Leader in translation and interpretation services.","publisher":{"@id":"https:\/\/www.trustedtranslations.com\/es\/#organization"},"alternateName":"Trusted Translations","potentialAction":[{"@type":"SearchAction","target":{"@type":"EntryPoint","urlTemplate":"https:\/\/www.trustedtranslations.com\/es\/?s={search_term_string}"},"query-input":{"@type":"PropertyValueSpecification","valueRequired":true,"valueName":"search_term_string"}}],"inLanguage":"es"},{"@type":"Organization","@id":"https:\/\/www.trustedtranslations.com\/es\/#organization","name":"Trusted Translations","alternateName":"Trusted Translations, Inc.","url":"https:\/\/www.trustedtranslations.com\/es\/","logo":{"@type":"ImageObject","inLanguage":"es","@id":"https:\/\/www.trustedtranslations.com\/es\/#\/schema\/logo\/image\/","url":"https:\/\/static.trustedtranslations.com\/wp-content\/uploads\/2022\/01\/TT_logo_WSIColors-2.png","contentUrl":"https:\/\/static.trustedtranslations.com\/wp-content\/uploads\/2022\/01\/TT_logo_WSIColors-2.png","width":500,"height":196,"caption":"Trusted Translations"},"image":{"@id":"https:\/\/www.trustedtranslations.com\/es\/#\/schema\/logo\/image\/"},"sameAs":["https:\/\/www.facebook.com\/Trusted.Translations","https:\/\/x.com\/TrustedT9ns","https:\/\/www.linkedin.com\/company\/trusted-translations"]}]}},"toolset-meta":{"dyk":{"mensaje-1":{"type":"textfield","raw":"Las habilidades de escritura de guiones son clave para el marketing de video exitoso."},"mensaje-2":{"type":"textfield","raw":"Es m\u00e1s probable que m\u00e1s de la mitad de los clientes compren productos con una narraci\u00f3n s\u00f3lida."},"mensaje-3":{"type":"textfield","raw":"Una buena historia de marca puede aumentar las tasas de conversi\u00f3n de clientes en un 30%."},"mensaje-4":{"type":"textfield","raw":"Las personas tienen 22 veces m\u00e1s probabilidades de recordar hechos basados en historias."},"mensaje-5":{"type":"textfield","raw":""},"mensaje-6":{"type":"textfield","raw":""}},"single-page-template-fields":{"imgs-temp":{"type":"image","raw":["https:\/\/static.trustedtranslations.com\/wp-content\/uploads\/2024\/07\/creative-writing-1.webp"],"repeatable":[{"raw":"https:\/\/static.trustedtranslations.com\/wp-content\/uploads\/2024\/07\/creative-writing-1.webp"}]},"imgs-temp-cel":{"type":"image","raw":[""],"repeatable":[{"raw":""}]},"img-temp-one-cel":{"type":"image","raw":"https:\/\/static.trustedtranslations.com\/wp-content\/uploads\/2024\/07\/contemplating-businesswoman-sitt.webp","attachment_id":null},"quotes":{"type":"textarea","raw":"<h1 style=\"margin-bottom: 12px;\">Redacci\u00f3n Creativa Multiling\u00fce<\/h1><p>A menudo, la redacci\u00f3n creativa se considera el pin\u00e1culo de la escritura, tanto en su complejidad como en su poder para cautivar al p\u00fablico. En <em>Trusted Translations<\/em>, nuestros redactores expertos brindan redacci\u00f3n creativa en m\u00faltiples g\u00e9neros e idiomas.<\/p><div style=\"margin-top: 2.5vw;\"><a class=\"tt-btn-main-cta\" href=\"https:\/\/www.trustedtranslations.com\/es\/presupuesto-sin-cargo\">Solicite un presupuesto sin cargo<\/a><\/div>"},"text-1":{"type":"textarea","raw":"<h2>Redacci\u00f3n que Inspira y Transporta<\/h2>\r\nNovelas, ensayos persuasivos, obras de teatro, letras de canciones: casi no hay l\u00edmite para las formas en que aparece la redacci\u00f3n creativa en todo el mundo. Aunque los trabajos creativos, en general, no buscan vender un producto directamente, s\u00ed entretienen y atraen a los lectores con su voz \u00fanica, personajes inolvidables y perspectivas fascinantes.\r\n<h2>\u00bfC\u00f3mo es Valiosa la Redacci\u00f3n Creativa para un Negocio?<\/h2>\r\nFicci\u00f3n, no ficci\u00f3n, poes\u00eda y dramaturgia tienden a ser los g\u00e9neros m\u00e1s inmediatos que vienen a la mente con respecto a las obras creativas. En este contexto, es f\u00e1cil suponer que existe una distinci\u00f3n entre este tipo de redacci\u00f3n creativa y el mundo de la redacci\u00f3n profesional, donde g\u00e9neros como el contenido y la redacci\u00f3n publicitaria son m\u00e1s familiares.\r\n\r\nSin embargo, la redacci\u00f3n creativa tambi\u00e9n abarca guiones de cine y televisi\u00f3n, radio y podcast, periodismo, libros de cocina, gu\u00edas de viaje y mucho m\u00e1s. Seg\u00fan los servicios y objetivos de su organizaci\u00f3n, es posible que encuentre la necesidad de redacci\u00f3n creativa en lugares inesperados.\u00a0Al mismo tiempo, el uso de redactores creativos como parte de su estrategia de contenido puede ayudarlo a diferenciarse de otras empresas.\r\n\r\nTambi\u00e9n es importante no pasar por alto la variedad de formas en que la redacci\u00f3n creativa y todos los dem\u00e1s \u00e1mbitos del mundo profesional interact\u00faan con frecuencia. Desde organizaciones gubernamentales y sin fines de lucro hasta peri\u00f3dicos y medios de comunicaci\u00f3n de renombre mundial, o incluso una campa\u00f1a de correo electr\u00f3nico \u00fanica centrada en poemas semanales, los redactores creativos interact\u00faan y dan forma regularmente a todo tipo de industrias, discursos y mercados en todo el mundo."},"shortcode-map":{"type":"textfield","raw":""},"dyk-shortcode":{"type":"textfield","raw":"[elementor-template id=\"139368\"]"},"text-2":{"type":"textarea","raw":"<h2>\u00bfPor Qu\u00e9 Invertir en Redacci\u00f3n Creativa Multiling\u00fce?<\/h2>\r\nLa redacci\u00f3n creativa es una forma de arte que combina giros l\u00edricos de expresi\u00f3n, im\u00e1genes v\u00edvidas, narraciones encantadoras y temas que invitan a la reflexi\u00f3n. Ya sea que se concentren en producir literatura, cine, audio u otro g\u00e9nero, los redactores creativos deben estar completamente inmersos en los matices de los campos elegidos. Para abordar la complejidad del trabajo creativo, muchos redactores han perfeccionado sus habilidades especializadas en maestr\u00edas (MFA), residencias art\u00edsticas, talleres profesionales continuos y numerosas publicaciones, adem\u00e1s de trabajar en una variedad de industrias creativas.\r\n\r\nCuando se trata de una estrategia de contenido multiling\u00fce, la facilidad necesaria de los redactores creativos con el idioma, el contexto y la cultura los convierte en colaboradores naturales para trabajar tambi\u00e9n en varios idiomas. A menudo, se puede encontrar a los mejores traductores del mundo contribuyendo con los productos de alta calidad de las principales empresas mediante el mismo conjunto de habilidades que aportan a la interpretaci\u00f3n de obras literarias ganadoras del Premio Nobel. Si su objetivo es dirigirse a nuevos mercados internacionales de una manera que se sienta natural e inolvidable, mientras es sensible a los matices y el contexto, la redacci\u00f3n creativa ofrece una excelente v\u00eda para captar la atenci\u00f3n de los nuevos lectores.\r\n\r\nDado que la redacci\u00f3n creativa requiere un nivel tan alto de habilidad de escritura, originalidad y familiaridad con el g\u00e9nero, buscar redactores expertos es el \u00fanico camino a seguir, especialmente si tiene la intenci\u00f3n de expandirse a varios idiomas. P\u00f3ngase en contacto con <em>Trusted Translations<\/em> hoy mismo para analizar c\u00f3mo nuestro equipo puede ayudarlo con sus necesidades de redacci\u00f3n creativa."},"state":{"type":"textfield","raw":""},"city":{"type":"textarea","raw":[]}}},"_links":{"self":[{"href":"https:\/\/www.trustedtranslations.com\/es\/wp-json\/wp\/v2\/pages\/161705","targetHints":{"allow":["GET"]}}],"collection":[{"href":"https:\/\/www.trustedtranslations.com\/es\/wp-json\/wp\/v2\/pages"}],"about":[{"href":"https:\/\/www.trustedtranslations.com\/es\/wp-json\/wp\/v2\/types\/page"}],"author":[{"embeddable":true,"href":"https:\/\/www.trustedtranslations.com\/es\/wp-json\/wp\/v2\/users\/1"}],"replies":[{"embeddable":true,"href":"https:\/\/www.trustedtranslations.com\/es\/wp-json\/wp\/v2\/comments?post=161705"}],"version-history":[{"count":0,"href":"https:\/\/www.trustedtranslations.com\/es\/wp-json\/wp\/v2\/pages\/161705\/revisions"}],"up":[{"embeddable":true,"href":"https:\/\/www.trustedtranslations.com\/es\/wp-json\/wp\/v2\/pages\/161701"}],"wp:featuredmedia":[{"embeddable":true,"href":"https:\/\/www.trustedtranslations.com\/es\/wp-json\/"}],"wp:attachment":[{"href":"https:\/\/www.trustedtranslations.com\/es\/wp-json\/wp\/v2\/media?parent=161705"}],"curies":[{"name":"wp","href":"https:\/\/api.w.org\/{rel}","templated":true}]}}