{"id":161707,"date":"2022-10-18T00:11:35","date_gmt":"2022-10-18T00:11:35","guid":{"rendered":"https:\/\/www.trustedtranslations.com\/?page_id=161707"},"modified":"2024-09-09T15:33:50","modified_gmt":"2024-09-09T18:33:50","slug":"redaccion-de-contenido","status":"publish","type":"page","link":"https:\/\/www.trustedtranslations.com\/es\/servicios\/contenido-multilingue\/redaccion-de-contenido","title":{"rendered":"Redacci\u00f3n de Contenido"},"content":{"rendered":"","protected":false},"excerpt":{"rendered":"","protected":false},"author":1,"featured_media":218295,"parent":161701,"menu_order":0,"comment_status":"closed","ping_status":"closed","template":"","meta":{"site-sidebar-layout":"default","site-content-layout":"default","ast-site-content-layout":"default","site-content-style":"default","site-sidebar-style":"default","ast-global-header-display":"","ast-banner-title-visibility":"","ast-main-header-display":"","ast-hfb-above-header-display":"","ast-hfb-below-header-display":"","ast-hfb-mobile-header-display":"","site-post-title":"disabled","ast-breadcrumbs-content":"","ast-featured-img":"","footer-sml-layout":"","ast-disable-related-posts":"","theme-transparent-header-meta":"default","adv-header-id-meta":"","stick-header-meta":"","header-above-stick-meta":"","header-main-stick-meta":"","header-below-stick-meta":"","astra-migrate-meta-layouts":"set","ast-page-background-enabled":"default","ast-page-background-meta":{"desktop":{"background-color":"var(--ast-global-color-4)","background-image":"","background-repeat":"repeat","background-position":"center center","background-size":"auto","background-attachment":"scroll","background-type":"","background-media":"","overlay-type":"","overlay-color":"","overlay-opacity":"","overlay-gradient":""},"tablet":{"background-color":"","background-image":"","background-repeat":"repeat","background-position":"center center","background-size":"auto","background-attachment":"scroll","background-type":"","background-media":"","overlay-type":"","overlay-color":"","overlay-opacity":"","overlay-gradient":""},"mobile":{"background-color":"","background-image":"","background-repeat":"repeat","background-position":"center center","background-size":"auto","background-attachment":"scroll","background-type":"","background-media":"","overlay-type":"","overlay-color":"","overlay-opacity":"","overlay-gradient":""}},"ast-content-background-meta":{"desktop":{"background-color":"var(--ast-global-color-5)","background-image":"","background-repeat":"repeat","background-position":"center center","background-size":"auto","background-attachment":"scroll","background-type":"","background-media":"","overlay-type":"","overlay-color":"","overlay-opacity":"","overlay-gradient":""},"tablet":{"background-color":"var(--ast-global-color-5)","background-image":"","background-repeat":"repeat","background-position":"center center","background-size":"auto","background-attachment":"scroll","background-type":"","background-media":"","overlay-type":"","overlay-color":"","overlay-opacity":"","overlay-gradient":""},"mobile":{"background-color":"var(--ast-global-color-5)","background-image":"","background-repeat":"repeat","background-position":"center center","background-size":"auto","background-attachment":"scroll","background-type":"","background-media":"","overlay-type":"","overlay-color":"","overlay-opacity":"","overlay-gradient":""}},"footnotes":""},"class_list":["post-161707","page","type-page","status-publish","has-post-thumbnail","hentry"],"yoast_head":"<!-- This site is optimized with the Yoast SEO plugin v27.5 - https:\/\/yoast.com\/product\/yoast-seo-wordpress\/ -->\n<title>Redacci\u00f3n de Contenido Multiling\u00fce: Trusted Translations, Inc.<\/title>\n<meta name=\"description\" content=\"\u00a0Ellos producir\u00e1n contenido de marketing que impulsar\u00e1 el perfil de su empresa y lo ayudar\u00e1 a construir una base de clientes duradera.\" \/>\n<meta name=\"robots\" content=\"index, follow, max-snippet:-1, max-image-preview:large, max-video-preview:-1\" \/>\n<link rel=\"canonical\" href=\"https:\/\/www.trustedtranslations.com\/es\/servicios\/contenido-multilingue\/redaccion-de-contenido\" \/>\n<meta property=\"og:locale\" content=\"es_ES\" \/>\n<meta property=\"og:type\" content=\"article\" \/>\n<meta property=\"og:title\" content=\"Redacci\u00f3n de Contenido Multiling\u00fce: Trusted Translations, Inc.\" \/>\n<meta property=\"og:description\" content=\"\u00a0Ellos producir\u00e1n contenido de marketing que impulsar\u00e1 el perfil de su empresa y lo ayudar\u00e1 a construir una base de clientes duradera.\" \/>\n<meta property=\"og:url\" content=\"https:\/\/www.trustedtranslations.com\/es\/servicios\/contenido-multilingue\/redaccion-de-contenido\" \/>\n<meta property=\"og:site_name\" content=\"Trusted Translations\" \/>\n<meta property=\"article:publisher\" content=\"https:\/\/www.facebook.com\/Trusted.Translations\" \/>\n<meta property=\"article:modified_time\" content=\"2024-09-09T18:33:50+00:00\" \/>\n<meta property=\"og:image\" content=\"https:\/\/www.trustedtranslations.com\/wp-content\/uploads\/2022\/06\/tt-logo-2-1.webp\" \/>\n\t<meta property=\"og:image:width\" content=\"216\" \/>\n\t<meta property=\"og:image:height\" content=\"94\" \/>\n\t<meta property=\"og:image:type\" content=\"image\/webp\" \/>\n<meta name=\"twitter:card\" content=\"summary_large_image\" \/>\n<meta name=\"twitter:site\" content=\"@TrustedT9ns\" \/>\n<script type=\"application\/ld+json\" class=\"yoast-schema-graph\">{\"@context\":\"https:\\\/\\\/schema.org\",\"@graph\":[{\"@type\":\"WebPage\",\"@id\":\"https:\\\/\\\/www.trustedtranslations.com\\\/es\\\/servicios\\\/contenido-multilingue\\\/redaccion-de-contenido\",\"url\":\"https:\\\/\\\/www.trustedtranslations.com\\\/es\\\/servicios\\\/contenido-multilingue\\\/redaccion-de-contenido\",\"name\":\"Redacci\u00f3n de Contenido Multiling\u00fce: Trusted Translations, Inc.\",\"isPartOf\":{\"@id\":\"https:\\\/\\\/www.trustedtranslations.com\\\/es\\\/#website\"},\"primaryImageOfPage\":{\"@id\":\"https:\\\/\\\/www.trustedtranslations.com\\\/es\\\/servicios\\\/contenido-multilingue\\\/redaccion-de-contenido#primaryimage\"},\"image\":{\"@id\":\"https:\\\/\\\/www.trustedtranslations.com\\\/es\\\/servicios\\\/contenido-multilingue\\\/redaccion-de-contenido#primaryimage\"},\"thumbnailUrl\":\"\",\"description\":\"\u00a0Ellos producir\u00e1n contenido de marketing que impulsar\u00e1 el perfil de su empresa y lo ayudar\u00e1 a construir una base de clientes duradera.\",\"breadcrumb\":{\"@id\":\"https:\\\/\\\/www.trustedtranslations.com\\\/es\\\/servicios\\\/contenido-multilingue\\\/redaccion-de-contenido#breadcrumb\"},\"inLanguage\":\"es\",\"potentialAction\":[{\"@type\":\"ReadAction\",\"target\":[\"https:\\\/\\\/www.trustedtranslations.com\\\/es\\\/servicios\\\/contenido-multilingue\\\/redaccion-de-contenido\"]}]},{\"@type\":\"ImageObject\",\"inLanguage\":\"es\",\"@id\":\"https:\\\/\\\/www.trustedtranslations.com\\\/es\\\/servicios\\\/contenido-multilingue\\\/redaccion-de-contenido#primaryimage\",\"url\":\"\",\"contentUrl\":\"\"},{\"@type\":\"BreadcrumbList\",\"@id\":\"https:\\\/\\\/www.trustedtranslations.com\\\/es\\\/servicios\\\/contenido-multilingue\\\/redaccion-de-contenido#breadcrumb\",\"itemListElement\":[{\"@type\":\"ListItem\",\"position\":1,\"name\":\"Home\",\"item\":\"https:\\\/\\\/www.trustedtranslations.com\\\/es\"},{\"@type\":\"ListItem\",\"position\":2,\"name\":\"Servicios\",\"item\":\"https:\\\/\\\/www.trustedtranslations.com\\\/es\\\/servicios\"},{\"@type\":\"ListItem\",\"position\":3,\"name\":\"Contenido Multiling\u00fce\",\"item\":\"https:\\\/\\\/www.trustedtranslations.com\\\/es\\\/servicios\\\/contenido-multilingue\"},{\"@type\":\"ListItem\",\"position\":4,\"name\":\"Redacci\u00f3n de Contenido\"}]},{\"@type\":\"WebSite\",\"@id\":\"https:\\\/\\\/www.trustedtranslations.com\\\/es\\\/#website\",\"url\":\"https:\\\/\\\/www.trustedtranslations.com\\\/es\\\/\",\"name\":\"Trusted Translations, Inc.\",\"description\":\"Leader in translation and interpretation services.\",\"publisher\":{\"@id\":\"https:\\\/\\\/www.trustedtranslations.com\\\/es\\\/#organization\"},\"alternateName\":\"Trusted Translations\",\"potentialAction\":[{\"@type\":\"SearchAction\",\"target\":{\"@type\":\"EntryPoint\",\"urlTemplate\":\"https:\\\/\\\/www.trustedtranslations.com\\\/es\\\/?s={search_term_string}\"},\"query-input\":{\"@type\":\"PropertyValueSpecification\",\"valueRequired\":true,\"valueName\":\"search_term_string\"}}],\"inLanguage\":\"es\"},{\"@type\":\"Organization\",\"@id\":\"https:\\\/\\\/www.trustedtranslations.com\\\/es\\\/#organization\",\"name\":\"Trusted Translations\",\"alternateName\":\"Trusted Translations, Inc.\",\"url\":\"https:\\\/\\\/www.trustedtranslations.com\\\/es\\\/\",\"logo\":{\"@type\":\"ImageObject\",\"inLanguage\":\"es\",\"@id\":\"https:\\\/\\\/www.trustedtranslations.com\\\/es\\\/#\\\/schema\\\/logo\\\/image\\\/\",\"url\":\"https:\\\/\\\/static.trustedtranslations.com\\\/wp-content\\\/uploads\\\/2022\\\/01\\\/TT_logo_WSIColors-2.png\",\"contentUrl\":\"https:\\\/\\\/static.trustedtranslations.com\\\/wp-content\\\/uploads\\\/2022\\\/01\\\/TT_logo_WSIColors-2.png\",\"width\":500,\"height\":196,\"caption\":\"Trusted Translations\"},\"image\":{\"@id\":\"https:\\\/\\\/www.trustedtranslations.com\\\/es\\\/#\\\/schema\\\/logo\\\/image\\\/\"},\"sameAs\":[\"https:\\\/\\\/www.facebook.com\\\/Trusted.Translations\",\"https:\\\/\\\/x.com\\\/TrustedT9ns\",\"https:\\\/\\\/www.linkedin.com\\\/company\\\/trusted-translations\"]}]}<\/script>\n<!-- \/ Yoast SEO plugin. -->","yoast_head_json":{"title":"Redacci\u00f3n de Contenido Multiling\u00fce: Trusted Translations, Inc.","description":"\u00a0Ellos producir\u00e1n contenido de marketing que impulsar\u00e1 el perfil de su empresa y lo ayudar\u00e1 a construir una base de clientes duradera.","robots":{"index":"index","follow":"follow","max-snippet":"max-snippet:-1","max-image-preview":"max-image-preview:large","max-video-preview":"max-video-preview:-1"},"canonical":"https:\/\/www.trustedtranslations.com\/es\/servicios\/contenido-multilingue\/redaccion-de-contenido","og_locale":"es_ES","og_type":"article","og_title":"Redacci\u00f3n de Contenido Multiling\u00fce: Trusted Translations, Inc.","og_description":"\u00a0Ellos producir\u00e1n contenido de marketing que impulsar\u00e1 el perfil de su empresa y lo ayudar\u00e1 a construir una base de clientes duradera.","og_url":"https:\/\/www.trustedtranslations.com\/es\/servicios\/contenido-multilingue\/redaccion-de-contenido","og_site_name":"Trusted Translations","article_publisher":"https:\/\/www.facebook.com\/Trusted.Translations","article_modified_time":"2024-09-09T18:33:50+00:00","og_image":[{"width":216,"height":94,"url":"https:\/\/www.trustedtranslations.com\/wp-content\/uploads\/2022\/06\/tt-logo-2-1.webp","type":"image\/webp"}],"twitter_card":"summary_large_image","twitter_site":"@TrustedT9ns","schema":{"@context":"https:\/\/schema.org","@graph":[{"@type":"WebPage","@id":"https:\/\/www.trustedtranslations.com\/es\/servicios\/contenido-multilingue\/redaccion-de-contenido","url":"https:\/\/www.trustedtranslations.com\/es\/servicios\/contenido-multilingue\/redaccion-de-contenido","name":"Redacci\u00f3n de Contenido Multiling\u00fce: Trusted Translations, Inc.","isPartOf":{"@id":"https:\/\/www.trustedtranslations.com\/es\/#website"},"primaryImageOfPage":{"@id":"https:\/\/www.trustedtranslations.com\/es\/servicios\/contenido-multilingue\/redaccion-de-contenido#primaryimage"},"image":{"@id":"https:\/\/www.trustedtranslations.com\/es\/servicios\/contenido-multilingue\/redaccion-de-contenido#primaryimage"},"thumbnailUrl":"","description":"\u00a0Ellos producir\u00e1n contenido de marketing que impulsar\u00e1 el perfil de su empresa y lo ayudar\u00e1 a construir una base de clientes duradera.","breadcrumb":{"@id":"https:\/\/www.trustedtranslations.com\/es\/servicios\/contenido-multilingue\/redaccion-de-contenido#breadcrumb"},"inLanguage":"es","potentialAction":[{"@type":"ReadAction","target":["https:\/\/www.trustedtranslations.com\/es\/servicios\/contenido-multilingue\/redaccion-de-contenido"]}]},{"@type":"ImageObject","inLanguage":"es","@id":"https:\/\/www.trustedtranslations.com\/es\/servicios\/contenido-multilingue\/redaccion-de-contenido#primaryimage","url":"","contentUrl":""},{"@type":"BreadcrumbList","@id":"https:\/\/www.trustedtranslations.com\/es\/servicios\/contenido-multilingue\/redaccion-de-contenido#breadcrumb","itemListElement":[{"@type":"ListItem","position":1,"name":"Home","item":"https:\/\/www.trustedtranslations.com\/es"},{"@type":"ListItem","position":2,"name":"Servicios","item":"https:\/\/www.trustedtranslations.com\/es\/servicios"},{"@type":"ListItem","position":3,"name":"Contenido Multiling\u00fce","item":"https:\/\/www.trustedtranslations.com\/es\/servicios\/contenido-multilingue"},{"@type":"ListItem","position":4,"name":"Redacci\u00f3n de Contenido"}]},{"@type":"WebSite","@id":"https:\/\/www.trustedtranslations.com\/es\/#website","url":"https:\/\/www.trustedtranslations.com\/es\/","name":"Trusted Translations, Inc.","description":"Leader in translation and interpretation services.","publisher":{"@id":"https:\/\/www.trustedtranslations.com\/es\/#organization"},"alternateName":"Trusted Translations","potentialAction":[{"@type":"SearchAction","target":{"@type":"EntryPoint","urlTemplate":"https:\/\/www.trustedtranslations.com\/es\/?s={search_term_string}"},"query-input":{"@type":"PropertyValueSpecification","valueRequired":true,"valueName":"search_term_string"}}],"inLanguage":"es"},{"@type":"Organization","@id":"https:\/\/www.trustedtranslations.com\/es\/#organization","name":"Trusted Translations","alternateName":"Trusted Translations, Inc.","url":"https:\/\/www.trustedtranslations.com\/es\/","logo":{"@type":"ImageObject","inLanguage":"es","@id":"https:\/\/www.trustedtranslations.com\/es\/#\/schema\/logo\/image\/","url":"https:\/\/static.trustedtranslations.com\/wp-content\/uploads\/2022\/01\/TT_logo_WSIColors-2.png","contentUrl":"https:\/\/static.trustedtranslations.com\/wp-content\/uploads\/2022\/01\/TT_logo_WSIColors-2.png","width":500,"height":196,"caption":"Trusted Translations"},"image":{"@id":"https:\/\/www.trustedtranslations.com\/es\/#\/schema\/logo\/image\/"},"sameAs":["https:\/\/www.facebook.com\/Trusted.Translations","https:\/\/x.com\/TrustedT9ns","https:\/\/www.linkedin.com\/company\/trusted-translations"]}]}},"toolset-meta":{"dyk":{"mensaje-1":{"type":"textfield","raw":"Los especialistas en marketing que dan prioridad a los blogs tienen m\u00e1s probabilidades de ver un ROI positivo."},"mensaje-2":{"type":"textfield","raw":"La redacci\u00f3n de contenido de calidad es un factor importante en la construcci\u00f3n de la credibilidad de la marca."},"mensaje-3":{"type":"textfield","raw":"El 72% de los especialistas en marketing cree que la creaci\u00f3n de contenido aumenta la participaci\u00f3n del cliente."},"mensaje-4":{"type":"textfield","raw":"M\u00e1s del 75% de los internautas leen regularmente contenido de blogs."},"mensaje-5":{"type":"textfield","raw":""},"mensaje-6":{"type":"textfield","raw":""}},"single-page-template-fields":{"imgs-temp":{"type":"image","raw":["https:\/\/static.trustedtranslations.com\/wp-content\/uploads\/2024\/07\/content-writing-1.webp"],"repeatable":[{"raw":"https:\/\/static.trustedtranslations.com\/wp-content\/uploads\/2024\/07\/content-writing-1.webp"}]},"imgs-temp-cel":{"type":"image","raw":[""],"repeatable":[{"raw":""}]},"img-temp-one-cel":{"type":"image","raw":"https:\/\/static.trustedtranslations.com\/wp-content\/uploads\/2024\/07\/medium-shot-woman-with-laptop-wr.webp","attachment_id":null},"quotes":{"type":"textarea","raw":"<h1 style=\"margin-bottom: 12px;\">Redacci\u00f3n de Contenido Multiling\u00fce<\/h1>\r\nUna estrategia de contenido multiling\u00fce requiere un contenido excelente. Desde blogs y art\u00edculos hasta documentos t\u00e9cnicos y libros electr\u00f3nicos, los redactores de <em>Trusted Translations<\/em> producir\u00e1n contenido de <i>marketing<\/i> que impulsar\u00e1 el perfil de su empresa y lo ayudar\u00e1 a construir una base de clientes duradera.\r\n<div style=\"margin-top: 2.5vw;\"><a class=\"tt-btn-main-cta\" href=\"https:\/\/www.trustedtranslations.com\/es\/presupuesto-sin-cargo\">Solicite un presupuesto sin cargo<\/a><\/div>"},"text-1":{"type":"textarea","raw":"<h2>Contenido que Informa y Atrae<\/h2>\r\nLa redacci\u00f3n de contenido es la piedra angular de cualquier estrategia de <i>marketing<\/i> a largo plazo. Dise\u00f1ada para informar, entretener e involucrar a los lectores, la redacci\u00f3n de contenido ayuda a generar clientes potenciales org\u00e1nicos, aumentar el compromiso y la lealtad a la marca, y establecer la autoridad de su empresa en un tema espec\u00edfico o en una industria determinada.\r\n\r\nSi bien las publicaciones de blog son una de las formas m\u00e1s conocidas de redacci\u00f3n de contenido, el contenido cubre una amplia gama de formatos, incluidos art\u00edculos, informes t\u00e9cnicos, libros electr\u00f3nicos, publicaciones largas en redes sociales, boletines, estudios de casos y m\u00e1s. Una cartera diversa de tipos de contenido ofrece formas \u00fanicas de conectarse con clientes potenciales a trav\u00e9s de cada escrito.\r\n<h2>\u00bfC\u00f3mo Puede la Redacci\u00f3n de Contenido Multiling\u00fce Ayudar a su Negocio?<\/h2>\r\nDocumento tras documento, la redacci\u00f3n de contenido crea una conexi\u00f3n duradera, genera la lealtad del cliente y ayuda a crear la voz original de su organizaci\u00f3n. Por lo tanto, la redacci\u00f3n de contenidos es el enfoque perfecto para conquistar a los clientes que prefieren conocer de cerca a una empresa antes de invertir tiempo y dinero. Los art\u00edculos con buena informaci\u00f3n, las historias agradables y las publicaciones de blog autorizadas pueden parecer m\u00e1s genuinos que una venta r\u00e1pida impersonal. Este tipo de contenido atrae el deseo de los lectores de hacer su propia investigaci\u00f3n y sopesar sus opciones antes de realizar una compra.\r\n\r\nLa redacci\u00f3n de contenido tambi\u00e9n ofrece un tesoro de informaci\u00f3n para su negocio, que luego se puede utilizar en una variedad de formas creativas a lo largo de su comercializaci\u00f3n. Por ejemplo, muchas organizaciones ofrecen contenido gratuito en sus sitios web, como un informe t\u00e9cnico, un libro electr\u00f3nico o un estudio de caso, al que los visitantes pueden acceder registr\u00e1ndose en una lista de correo. Otras empresas pueden reutilizar citas y extractos de sus publicaciones de blog para campa\u00f1as en las redes sociales. Mientras tanto, los equipos de dise\u00f1o gr\u00e1fico pueden convertir su contenido en un video, infograf\u00eda u otra imagen llamativa. En otras palabras, un solo documento de redacci\u00f3n de contenido puede producir un valor significativo mucho despu\u00e9s de su primera publicaci\u00f3n."},"shortcode-map":{"type":"textfield","raw":""},"dyk-shortcode":{"type":"textfield","raw":"[elementor-template id=\"139368\"]"},"text-2":{"type":"textarea","raw":"<h2>Contenido Potenciador de SEO<\/h2>\r\nEl contenido elaborado por expertos tambi\u00e9n utilizar\u00e1 la Optimizaci\u00f3n de Motores de B\u00fasqueda (SEO) para mejorar el posicionamiento de su organizaci\u00f3n en los motores de b\u00fasqueda en l\u00ednea. Por lo tanto, la redacci\u00f3n de contenido es una forma rentable de crear conversaciones sobre sus productos o servicios. \u00a0Cuanto m\u00e1s se vea y comparta un contenido, m\u00e1s\u00a0marketing\u00a0org\u00e1nico y gratuito obtendr\u00e1 del boca a boca digital. Su contenido podr\u00eda incluso volverse viral.\u00a0 Dado el inmenso alcance y la popularidad generalizada de las redes sociales en todo el mundo, esta es una forma fundamental de destacarse entre la multitud.\r\n<h2>Estrategia Multiling\u00fce<\/h2>\r\nCuando se busca ingresar a nuevos mercados en nuevos idiomas, es a\u00fan m\u00e1s importante tener contenido que se dirija con precisi\u00f3n y originalidad a estas nuevas audiencias.\u00a0Dado que la competitividad del mercado global solo aumenta a\u00f1o tras a\u00f1o, una s\u00f3lida estrategia de contenido multiling\u00fce es la clave para el \u00e9xito sostenible.\r\n\r\nEl equipo de <em>Trusted Translations<\/em> ofrece redacci\u00f3n de contenido de alta calidad en todo el espectro de tipos de contenido, combinado con conocimientos espec\u00edficos de la industria y habilidades ling\u00fc\u00edsticas excepcionales. Cont\u00e1ctenos para obtener m\u00e1s informaci\u00f3n sobre nuestras soluciones a sus necesidades de contenido multiling\u00fce."},"state":{"type":"textfield","raw":""},"city":{"type":"textarea","raw":[]}}},"_links":{"self":[{"href":"https:\/\/www.trustedtranslations.com\/es\/wp-json\/wp\/v2\/pages\/161707","targetHints":{"allow":["GET"]}}],"collection":[{"href":"https:\/\/www.trustedtranslations.com\/es\/wp-json\/wp\/v2\/pages"}],"about":[{"href":"https:\/\/www.trustedtranslations.com\/es\/wp-json\/wp\/v2\/types\/page"}],"author":[{"embeddable":true,"href":"https:\/\/www.trustedtranslations.com\/es\/wp-json\/wp\/v2\/users\/1"}],"replies":[{"embeddable":true,"href":"https:\/\/www.trustedtranslations.com\/es\/wp-json\/wp\/v2\/comments?post=161707"}],"version-history":[{"count":0,"href":"https:\/\/www.trustedtranslations.com\/es\/wp-json\/wp\/v2\/pages\/161707\/revisions"}],"up":[{"embeddable":true,"href":"https:\/\/www.trustedtranslations.com\/es\/wp-json\/wp\/v2\/pages\/161701"}],"wp:featuredmedia":[{"embeddable":true,"href":"https:\/\/www.trustedtranslations.com\/es\/wp-json\/"}],"wp:attachment":[{"href":"https:\/\/www.trustedtranslations.com\/es\/wp-json\/wp\/v2\/media?parent=161707"}],"curies":[{"name":"wp","href":"https:\/\/api.w.org\/{rel}","templated":true}]}}